{"id":81539,"date":"2023-01-09T08:47:40","date_gmt":"2023-01-09T07:47:40","guid":{"rendered":"https:\/\/univet.hu\/hu\/allasborze-2023\/kiallitok\/name\/"},"modified":"2025-01-10T13:55:04","modified_gmt":"2025-01-10T12:55:04","slug":"the-vet-service","status":"publish","type":"page","link":"https:\/\/univet.hu\/allasborze\/allasborze-2023\/kiallitok\/the-vet-service\/","title":{"rendered":"The Vet Service"},"content":{"rendered":"<p><a href=\"https:\/\/univet.hu\/en\/allasborze-2023\/kiallitok\/the-vet-service\/the-vet-service-logo-horizontal-locum-worldwide\/\" rel=\"attachment wp-att-82314\"><img loading=\"lazy\" decoding=\"async\" class=\"aligncenter size-medium wp-image-82314\" src=\"https:\/\/univet.hu\/allasborze\/wp-content\/uploads\/sites\/2\/2023\/01\/The-Vet-Service-Logo-horizontal-locum-worldwide-320x213.png\" alt=\"\" width=\"320\" height=\"213\" srcset=\"https:\/\/univet.hu\/allasborze\/wp-content\/uploads\/sites\/2\/2023\/01\/The-Vet-Service-Logo-horizontal-locum-worldwide-320x213.png 320w, https:\/\/univet.hu\/allasborze\/wp-content\/uploads\/sites\/2\/2023\/01\/The-Vet-Service-Logo-horizontal-locum-worldwide-768x512.png 768w, https:\/\/univet.hu\/allasborze\/wp-content\/uploads\/sites\/2\/2023\/01\/The-Vet-Service-Logo-horizontal-locum-worldwide-1024x683.png 1024w, https:\/\/univet.hu\/allasborze\/wp-content\/uploads\/sites\/2\/2023\/01\/The-Vet-Service-Logo-horizontal-locum-worldwide-1536x1024.png 1536w, https:\/\/univet.hu\/allasborze\/wp-content\/uploads\/sites\/2\/2023\/01\/The-Vet-Service-Logo-horizontal-locum-worldwide-2048x1365.png 2048w, https:\/\/univet.hu\/allasborze\/wp-content\/uploads\/sites\/2\/2023\/01\/The-Vet-Service-Logo-horizontal-locum-worldwide-300x200.png 300w\" sizes=\"auto, (max-width: 320px) 100vw, 320px\" \/><\/a><\/p> <p><b><span data-contrast=\"none\">TheVetService.com<\/span><\/b><span data-contrast=\"none\">\u202fis an industry-leading global digital veterinary\u202fjob\u202fand professional development platform providing new graduate, locum and permanent\u202froles\u202fworldwide but most notably in\u202f<\/span><b><span data-contrast=\"none\">,<\/span><\/b><span data-contrast=\"none\">\u202f<\/span><b><span data-contrast=\"none\">the<\/span><\/b><span data-contrast=\"none\">\u202f<\/span><b><span data-contrast=\"none\">UK, Ireland, New Zealand, Australia, USA,\u202fCanada\u202fand Hong Kong<\/span><\/b><span data-contrast=\"none\">\u202falong with an expert continuing education webinar service. Our purpose is our people.<\/span><span data-ccp-props=\"{&quot;201341983&quot;:0,&quot;335559739&quot;:0,&quot;335559740&quot;:240}\">\u00a0<\/span><\/p> <p><span data-contrast=\"auto\">\u202f<\/span><span data-ccp-props=\"{&quot;201341983&quot;:0,&quot;335559739&quot;:0,&quot;335559740&quot;:240}\">\u00a0<\/span><\/p>","protected":false},"excerpt":{"rendered":"<p>TheVetService.com\u202fis an industry-leading global digital veterinary\u202fjob\u202fand professional development platform providing new graduate, locum and permanent\u202froles\u202fworldwide but most notably in\u202f,\u202fthe\u202fUK, Ireland, New Zealand, Australia, USA,\u202fCanada\u202fand Hong Kong\u202falong with an expert continuing education webinar service. Our purpose is our people.\u00a0 \u202f\u00a0<\/p>\n","protected":false},"author":2518,"featured_media":0,"parent":80830,"menu_order":0,"comment_status":"open","ping_status":"open","template":"","meta":{"_acf_changed":false,"footnotes":""},"categories":[],"tags":[],"class_list":["post-81539","page","type-page","status-publish","hentry"],"acf":[],"yoast_head":"<!-- This site is optimized with the Yoast SEO plugin v27.2 - https:\/\/yoast.com\/product\/yoast-seo-wordpress\/ -->\n<title>The Vet Service - \u00c1ll\u00e1sb\u00f6rze<\/title>\n<meta name=\"robots\" content=\"index, follow, max-snippet:-1, max-image-preview:large, max-video-preview:-1\" \/>\n<link rel=\"canonical\" href=\"https:\/\/univet.hu\/allasborze\/allasborze-2023\/kiallitok\/the-vet-service\/\" \/>\n<meta property=\"og:locale\" content=\"hu_HU\" \/>\n<meta property=\"og:type\" content=\"article\" \/>\n<meta property=\"og:title\" content=\"The Vet Service - \u00c1ll\u00e1sb\u00f6rze\" \/>\n<meta property=\"og:description\" content=\"TheVetService.com\u202fis an industry-leading global digital veterinary\u202fjob\u202fand professional development platform providing new graduate, locum and permanent\u202froles\u202fworldwide but most notably in\u202f,\u202fthe\u202fUK, Ireland, New Zealand, Australia, USA,\u202fCanada\u202fand Hong Kong\u202falong with an expert continuing education webinar service. Our purpose is our people.\u00a0 \u202f\u00a0\" \/>\n<meta property=\"og:url\" content=\"https:\/\/univet.hu\/allasborze\/allasborze-2023\/kiallitok\/the-vet-service\/\" \/>\n<meta property=\"og:site_name\" content=\"\u00c1ll\u00e1sb\u00f6rze\" \/>\n<meta property=\"article:modified_time\" content=\"2025-01-10T12:55:04+00:00\" \/>\n<meta property=\"og:image\" content=\"https:\/\/univet.hu\/allasborze\/wp-content\/uploads\/sites\/2\/2023\/01\/The-Vet-Service-Logo-horizontal-locum-worldwide-320x213.png\" \/>\n<meta name=\"twitter:card\" content=\"summary_large_image\" \/>\n<script type=\"application\/ld+json\" class=\"yoast-schema-graph\">{\"@context\":\"https:\/\/schema.org\",\"@graph\":[{\"@type\":\"WebPage\",\"@id\":\"https:\/\/univet.hu\/allasborze\/allasborze-2023\/kiallitok\/the-vet-service\/\",\"url\":\"https:\/\/univet.hu\/allasborze\/allasborze-2023\/kiallitok\/the-vet-service\/\",\"name\":\"The Vet Service - \u00c1ll\u00e1sb\u00f6rze\",\"isPartOf\":{\"@id\":\"https:\/\/univet.hu\/allasborze\/#website\"},\"primaryImageOfPage\":{\"@id\":\"https:\/\/univet.hu\/allasborze\/allasborze-2023\/kiallitok\/the-vet-service\/#primaryimage\"},\"image\":{\"@id\":\"https:\/\/univet.hu\/allasborze\/allasborze-2023\/kiallitok\/the-vet-service\/#primaryimage\"},\"thumbnailUrl\":\"https:\/\/univet.hu\/allasborze\/wp-content\/uploads\/sites\/2\/2023\/01\/The-Vet-Service-Logo-horizontal-locum-worldwide-320x213.png\",\"datePublished\":\"2023-01-09T07:47:40+00:00\",\"dateModified\":\"2025-01-10T12:55:04+00:00\",\"breadcrumb\":{\"@id\":\"https:\/\/univet.hu\/allasborze\/allasborze-2023\/kiallitok\/the-vet-service\/#breadcrumb\"},\"inLanguage\":\"hu\",\"potentialAction\":[{\"@type\":\"ReadAction\",\"target\":[\"https:\/\/univet.hu\/allasborze\/allasborze-2023\/kiallitok\/the-vet-service\/\"]}]},{\"@type\":\"ImageObject\",\"inLanguage\":\"hu\",\"@id\":\"https:\/\/univet.hu\/allasborze\/allasborze-2023\/kiallitok\/the-vet-service\/#primaryimage\",\"url\":\"https:\/\/univet.hu\/allasborze\/wp-content\/uploads\/sites\/2\/2023\/01\/The-Vet-Service-Logo-horizontal-locum-worldwide.png\",\"contentUrl\":\"https:\/\/univet.hu\/allasborze\/wp-content\/uploads\/sites\/2\/2023\/01\/The-Vet-Service-Logo-horizontal-locum-worldwide.png\",\"width\":3000,\"height\":2000},{\"@type\":\"BreadcrumbList\",\"@id\":\"https:\/\/univet.hu\/allasborze\/allasborze-2023\/kiallitok\/the-vet-service\/#breadcrumb\",\"itemListElement\":[{\"@type\":\"ListItem\",\"position\":1,\"name\":\"Kezd\u0151lap\",\"item\":\"https:\/\/univet.hu\/allasborze\/\"},{\"@type\":\"ListItem\",\"position\":2,\"name\":\"\u00c1ll\u00e1sb\u00f6rze 2023\",\"item\":\"https:\/\/univet.hu\/allasborze\/allasborze-2023\/\"},{\"@type\":\"ListItem\",\"position\":3,\"name\":\"Ki\u00e1ll\u00edt\u00f3k\",\"item\":\"https:\/\/univet.hu\/allasborze\/allasborze-2023\/kiallitok\/\"},{\"@type\":\"ListItem\",\"position\":4,\"name\":\"The Vet Service\"}]},{\"@type\":\"WebSite\",\"@id\":\"https:\/\/univet.hu\/allasborze\/#website\",\"url\":\"https:\/\/univet.hu\/allasborze\/\",\"name\":\"\u00c1ll\u00e1sb\u00f6rze\",\"description\":\"\",\"potentialAction\":[{\"@type\":\"SearchAction\",\"target\":{\"@type\":\"EntryPoint\",\"urlTemplate\":\"https:\/\/univet.hu\/allasborze\/?s={search_term_string}\"},\"query-input\":{\"@type\":\"PropertyValueSpecification\",\"valueRequired\":true,\"valueName\":\"search_term_string\"}}],\"inLanguage\":\"hu\"}]}<\/script>\n<!-- \/ Yoast SEO plugin. -->","yoast_head_json":{"title":"The Vet Service - \u00c1ll\u00e1sb\u00f6rze","robots":{"index":"index","follow":"follow","max-snippet":"max-snippet:-1","max-image-preview":"max-image-preview:large","max-video-preview":"max-video-preview:-1"},"canonical":"https:\/\/univet.hu\/allasborze\/allasborze-2023\/kiallitok\/the-vet-service\/","og_locale":"hu_HU","og_type":"article","og_title":"The Vet Service - \u00c1ll\u00e1sb\u00f6rze","og_description":"TheVetService.com\u202fis an industry-leading global digital veterinary\u202fjob\u202fand professional development platform providing new graduate, locum and permanent\u202froles\u202fworldwide but most notably in\u202f,\u202fthe\u202fUK, Ireland, New Zealand, Australia, USA,\u202fCanada\u202fand Hong Kong\u202falong with an expert continuing education webinar service. Our purpose is our people.\u00a0 \u202f\u00a0","og_url":"https:\/\/univet.hu\/allasborze\/allasborze-2023\/kiallitok\/the-vet-service\/","og_site_name":"\u00c1ll\u00e1sb\u00f6rze","article_modified_time":"2025-01-10T12:55:04+00:00","og_image":[{"url":"https:\/\/univet.hu\/allasborze\/wp-content\/uploads\/sites\/2\/2023\/01\/The-Vet-Service-Logo-horizontal-locum-worldwide-320x213.png","type":"","width":"","height":""}],"twitter_card":"summary_large_image","schema":{"@context":"https:\/\/schema.org","@graph":[{"@type":"WebPage","@id":"https:\/\/univet.hu\/allasborze\/allasborze-2023\/kiallitok\/the-vet-service\/","url":"https:\/\/univet.hu\/allasborze\/allasborze-2023\/kiallitok\/the-vet-service\/","name":"The Vet Service - \u00c1ll\u00e1sb\u00f6rze","isPartOf":{"@id":"https:\/\/univet.hu\/allasborze\/#website"},"primaryImageOfPage":{"@id":"https:\/\/univet.hu\/allasborze\/allasborze-2023\/kiallitok\/the-vet-service\/#primaryimage"},"image":{"@id":"https:\/\/univet.hu\/allasborze\/allasborze-2023\/kiallitok\/the-vet-service\/#primaryimage"},"thumbnailUrl":"https:\/\/univet.hu\/allasborze\/wp-content\/uploads\/sites\/2\/2023\/01\/The-Vet-Service-Logo-horizontal-locum-worldwide-320x213.png","datePublished":"2023-01-09T07:47:40+00:00","dateModified":"2025-01-10T12:55:04+00:00","breadcrumb":{"@id":"https:\/\/univet.hu\/allasborze\/allasborze-2023\/kiallitok\/the-vet-service\/#breadcrumb"},"inLanguage":"hu","potentialAction":[{"@type":"ReadAction","target":["https:\/\/univet.hu\/allasborze\/allasborze-2023\/kiallitok\/the-vet-service\/"]}]},{"@type":"ImageObject","inLanguage":"hu","@id":"https:\/\/univet.hu\/allasborze\/allasborze-2023\/kiallitok\/the-vet-service\/#primaryimage","url":"https:\/\/univet.hu\/allasborze\/wp-content\/uploads\/sites\/2\/2023\/01\/The-Vet-Service-Logo-horizontal-locum-worldwide.png","contentUrl":"https:\/\/univet.hu\/allasborze\/wp-content\/uploads\/sites\/2\/2023\/01\/The-Vet-Service-Logo-horizontal-locum-worldwide.png","width":3000,"height":2000},{"@type":"BreadcrumbList","@id":"https:\/\/univet.hu\/allasborze\/allasborze-2023\/kiallitok\/the-vet-service\/#breadcrumb","itemListElement":[{"@type":"ListItem","position":1,"name":"Kezd\u0151lap","item":"https:\/\/univet.hu\/allasborze\/"},{"@type":"ListItem","position":2,"name":"\u00c1ll\u00e1sb\u00f6rze 2023","item":"https:\/\/univet.hu\/allasborze\/allasborze-2023\/"},{"@type":"ListItem","position":3,"name":"Ki\u00e1ll\u00edt\u00f3k","item":"https:\/\/univet.hu\/allasborze\/allasborze-2023\/kiallitok\/"},{"@type":"ListItem","position":4,"name":"The Vet Service"}]},{"@type":"WebSite","@id":"https:\/\/univet.hu\/allasborze\/#website","url":"https:\/\/univet.hu\/allasborze\/","name":"\u00c1ll\u00e1sb\u00f6rze","description":"","potentialAction":[{"@type":"SearchAction","target":{"@type":"EntryPoint","urlTemplate":"https:\/\/univet.hu\/allasborze\/?s={search_term_string}"},"query-input":{"@type":"PropertyValueSpecification","valueRequired":true,"valueName":"search_term_string"}}],"inLanguage":"hu"}]}},"_links":{"self":[{"href":"https:\/\/univet.hu\/allasborze\/wp-json\/wp\/v2\/pages\/81539","targetHints":{"allow":["GET"]}}],"collection":[{"href":"https:\/\/univet.hu\/allasborze\/wp-json\/wp\/v2\/pages"}],"about":[{"href":"https:\/\/univet.hu\/allasborze\/wp-json\/wp\/v2\/types\/page"}],"author":[{"embeddable":true,"href":"https:\/\/univet.hu\/allasborze\/wp-json\/wp\/v2\/users\/2518"}],"replies":[{"embeddable":true,"href":"https:\/\/univet.hu\/allasborze\/wp-json\/wp\/v2\/comments?post=81539"}],"version-history":[{"count":1,"href":"https:\/\/univet.hu\/allasborze\/wp-json\/wp\/v2\/pages\/81539\/revisions"}],"predecessor-version":[{"id":172686,"href":"https:\/\/univet.hu\/allasborze\/wp-json\/wp\/v2\/pages\/81539\/revisions\/172686"}],"up":[{"embeddable":true,"href":"https:\/\/univet.hu\/allasborze\/wp-json\/wp\/v2\/pages\/80830"}],"wp:attachment":[{"href":"https:\/\/univet.hu\/allasborze\/wp-json\/wp\/v2\/media?parent=81539"}],"wp:term":[{"taxonomy":"category","embeddable":true,"href":"https:\/\/univet.hu\/allasborze\/wp-json\/wp\/v2\/categories?post=81539"},{"taxonomy":"post_tag","embeddable":true,"href":"https:\/\/univet.hu\/allasborze\/wp-json\/wp\/v2\/tags?post=81539"}],"curies":[{"name":"wp","href":"https:\/\/api.w.org\/{rel}","templated":true}]}}