{"id":81661,"date":"2023-01-11T15:05:43","date_gmt":"2023-01-11T14:05:43","guid":{"rendered":"https:\/\/univet.hu\/hu\/allasborze-2023\/kiallitok\/name\/"},"modified":"2025-01-10T13:55:02","modified_gmt":"2025-01-10T12:55:02","slug":"elanco-hungary","status":"publish","type":"page","link":"https:\/\/univet.hu\/allasborze\/allasborze-2023\/kiallitok\/elanco-hungary\/","title":{"rendered":"Elanco Hungary"},"content":{"rendered":"<p><a href=\"https:\/\/univet.hu\/en\/allasborze-2023\/kiallitok\/elanco-hungary\/elanco_logo_blue_cmyk_300dpi\/\" rel=\"attachment wp-att-82317\"><img loading=\"lazy\" decoding=\"async\" class=\"aligncenter size-medium wp-image-82317\" src=\"https:\/\/univet.hu\/allasborze\/wp-content\/uploads\/sites\/2\/2023\/01\/Elanco_Logo_Blue_CMYK_300dpi-320x320.jpg\" alt=\"\" width=\"320\" height=\"320\" srcset=\"https:\/\/univet.hu\/allasborze\/wp-content\/uploads\/sites\/2\/2023\/01\/Elanco_Logo_Blue_CMYK_300dpi-320x320.jpg 320w, https:\/\/univet.hu\/allasborze\/wp-content\/uploads\/sites\/2\/2023\/01\/Elanco_Logo_Blue_CMYK_300dpi-150x150.jpg 150w, https:\/\/univet.hu\/allasborze\/wp-content\/uploads\/sites\/2\/2023\/01\/Elanco_Logo_Blue_CMYK_300dpi-768x768.jpg 768w, https:\/\/univet.hu\/allasborze\/wp-content\/uploads\/sites\/2\/2023\/01\/Elanco_Logo_Blue_CMYK_300dpi-1024x1024.jpg 1024w, https:\/\/univet.hu\/allasborze\/wp-content\/uploads\/sites\/2\/2023\/01\/Elanco_Logo_Blue_CMYK_300dpi-640x640.jpg 640w, https:\/\/univet.hu\/allasborze\/wp-content\/uploads\/sites\/2\/2023\/01\/Elanco_Logo_Blue_CMYK_300dpi-300x300.jpg 300w, https:\/\/univet.hu\/allasborze\/wp-content\/uploads\/sites\/2\/2023\/01\/Elanco_Logo_Blue_CMYK_300dpi.jpg 1200w\" sizes=\"auto, (max-width: 320px) 100vw, 320px\" \/><\/a><\/p> <p><span data-contrast=\"auto\">Az Elanco Hungary Kft. az Elanco Animal Health Incorporated (NYSE: ELAN) hazai le\u00e1nyv\u00e1llalata. Az Elanco Animal Health Inc. glob\u00e1lis vezet\u0151 szerepet t\u00f6lt be az \u00e1llateg\u00e9szs\u00e9g\u00fcgy, az innov\u00e1ci\u00f3, a haszon\u00e1llatok \u00e9s\u00a0 t\u00e1rs\u00e1llatok betegs\u00e9geinek megel\u0151z\u00e9s\u00e9re \u00e9s kezel\u00e9s\u00e9re szolg\u00e1l\u00f3 term\u00e9kek \u00e9s szolg\u00e1ltat\u00e1sok ter\u00fclet\u00e9n, \u00e9rt\u00e9ket teremtve a mez\u0151gazdas\u00e1gi termel\u0151k, a t\u00e1rs\u00e1llatok tulajdonosai, az \u00e1llatorvosok \u00e9s egy\u00e9b szakemberek sz\u00e1m\u00e1ra. K\u00f6zel 70 \u00e9ves \u00e1llatorvosi \u00f6r\u00f6ks\u00e9g\u00fcnkkel elk\u00f6telezettek vagyunk amellett, hogy seg\u00edts\u00fcnk \u00fcgyfeleinknek az \u00e1ltaluk gondozott \u00e1llatok eg\u00e9szs\u00e9g\u00e9nek fejleszt\u00e9s\u00e9ben.<\/span><span data-ccp-props=\"{&quot;201341983&quot;:0,&quot;335551550&quot;:6,&quot;335551620&quot;:6,&quot;335559739&quot;:160,&quot;335559740&quot;:259}\">\u00a0<\/span><\/p> <p><span data-contrast=\"auto\"><strong>Tov\u00e1bbi inform\u00e1ci\u00f3k:<\/strong>\u00a0<\/span><a href=\"http:\/\/www.elanco.com\/\"><span data-contrast=\"none\">www.elanco.com<\/span><\/a><span data-contrast=\"auto\">\u00a0<\/span><span data-ccp-props=\"{&quot;201341983&quot;:0,&quot;335551550&quot;:6,&quot;335551620&quot;:6,&quot;335559739&quot;:160,&quot;335559740&quot;:259}\">\u00a0<\/span><\/p> <p><a href=\"https:\/\/univet.hu\/en\/allasborze-2023\/kiallitok\/elanco-hungary\/elanco-pr-article-hu-1\/\" rel=\"attachment wp-att-82320\"><img loading=\"lazy\" decoding=\"async\" class=\"aligncenter size-full wp-image-82320\" src=\"https:\/\/univet.hu\/allasborze\/wp-content\/uploads\/sites\/2\/2023\/01\/Elanco-PR-article-HU-1.jpg\" alt=\"\" width=\"1654\" height=\"2339\" srcset=\"https:\/\/univet.hu\/allasborze\/wp-content\/uploads\/sites\/2\/2023\/01\/Elanco-PR-article-HU-1.jpg 1654w, https:\/\/univet.hu\/allasborze\/wp-content\/uploads\/sites\/2\/2023\/01\/Elanco-PR-article-HU-1-226x320.jpg 226w, https:\/\/univet.hu\/allasborze\/wp-content\/uploads\/sites\/2\/2023\/01\/Elanco-PR-article-HU-1-768x1086.jpg 768w, https:\/\/univet.hu\/allasborze\/wp-content\/uploads\/sites\/2\/2023\/01\/Elanco-PR-article-HU-1-724x1024.jpg 724w, https:\/\/univet.hu\/allasborze\/wp-content\/uploads\/sites\/2\/2023\/01\/Elanco-PR-article-HU-1-1086x1536.jpg 1086w, https:\/\/univet.hu\/allasborze\/wp-content\/uploads\/sites\/2\/2023\/01\/Elanco-PR-article-HU-1-1448x2048.jpg 1448w, https:\/\/univet.hu\/allasborze\/wp-content\/uploads\/sites\/2\/2023\/01\/Elanco-PR-article-HU-1-212x300.jpg 212w\" sizes=\"auto, (max-width: 1654px) 100vw, 1654px\" \/><\/a><\/p>","protected":false},"excerpt":{"rendered":"<p>Az Elanco Hungary Kft. az Elanco Animal Health Incorporated (NYSE: ELAN) hazai le\u00e1nyv\u00e1llalata. Az Elanco Animal Health Inc. glob\u00e1lis vezet\u0151 szerepet t\u00f6lt be az \u00e1llateg\u00e9szs\u00e9g\u00fcgy, az innov\u00e1ci\u00f3, a haszon\u00e1llatok \u00e9s\u00a0 t\u00e1rs\u00e1llatok betegs\u00e9geinek megel\u0151z\u00e9s\u00e9re \u00e9s kezel\u00e9s\u00e9re szolg\u00e1l\u00f3 term\u00e9kek \u00e9s szolg\u00e1ltat\u00e1sok ter\u00fclet\u00e9n, \u00e9rt\u00e9ket teremtve a mez\u0151gazdas\u00e1gi termel\u0151k, a t\u00e1rs\u00e1llatok tulajdonosai, az \u00e1llatorvosok \u00e9s egy\u00e9b szakemberek sz\u00e1m\u00e1ra. K\u00f6zel<\/p>\n","protected":false},"author":2518,"featured_media":0,"parent":80830,"menu_order":0,"comment_status":"open","ping_status":"open","template":"","meta":{"_acf_changed":false,"footnotes":""},"categories":[],"tags":[],"class_list":["post-81661","page","type-page","status-publish","hentry"],"acf":[],"yoast_head":"<!-- This site is optimized with the Yoast SEO plugin v27.2 - https:\/\/yoast.com\/product\/yoast-seo-wordpress\/ -->\n<title>Elanco Hungary - \u00c1ll\u00e1sb\u00f6rze<\/title>\n<meta name=\"robots\" content=\"index, follow, max-snippet:-1, max-image-preview:large, max-video-preview:-1\" \/>\n<link rel=\"canonical\" href=\"https:\/\/univet.hu\/allasborze\/allasborze-2023\/kiallitok\/elanco-hungary\/\" \/>\n<meta property=\"og:locale\" content=\"hu_HU\" \/>\n<meta property=\"og:type\" content=\"article\" \/>\n<meta property=\"og:title\" content=\"Elanco Hungary - \u00c1ll\u00e1sb\u00f6rze\" \/>\n<meta property=\"og:description\" content=\"Az Elanco Hungary Kft. az Elanco Animal Health Incorporated (NYSE: ELAN) hazai le\u00e1nyv\u00e1llalata. Az Elanco Animal Health Inc. glob\u00e1lis vezet\u0151 szerepet t\u00f6lt be az \u00e1llateg\u00e9szs\u00e9g\u00fcgy, az innov\u00e1ci\u00f3, a haszon\u00e1llatok \u00e9s\u00a0 t\u00e1rs\u00e1llatok betegs\u00e9geinek megel\u0151z\u00e9s\u00e9re \u00e9s kezel\u00e9s\u00e9re szolg\u00e1l\u00f3 term\u00e9kek \u00e9s szolg\u00e1ltat\u00e1sok ter\u00fclet\u00e9n, \u00e9rt\u00e9ket teremtve a mez\u0151gazdas\u00e1gi termel\u0151k, a t\u00e1rs\u00e1llatok tulajdonosai, az \u00e1llatorvosok \u00e9s egy\u00e9b szakemberek sz\u00e1m\u00e1ra. K\u00f6zel\" \/>\n<meta property=\"og:url\" content=\"https:\/\/univet.hu\/allasborze\/allasborze-2023\/kiallitok\/elanco-hungary\/\" \/>\n<meta property=\"og:site_name\" content=\"\u00c1ll\u00e1sb\u00f6rze\" \/>\n<meta property=\"article:modified_time\" content=\"2025-01-10T12:55:02+00:00\" \/>\n<meta property=\"og:image\" content=\"https:\/\/univet.hu\/allasborze\/wp-content\/uploads\/sites\/2\/2023\/01\/Elanco_Logo_Blue_CMYK_300dpi-320x320.jpg\" \/>\n<meta name=\"twitter:card\" content=\"summary_large_image\" \/>\n<meta name=\"twitter:label1\" content=\"Becs\u00fclt olvas\u00e1si id\u0151\" \/>\n\t<meta name=\"twitter:data1\" content=\"1 perc\" \/>\n<script type=\"application\/ld+json\" class=\"yoast-schema-graph\">{\"@context\":\"https:\/\/schema.org\",\"@graph\":[{\"@type\":\"WebPage\",\"@id\":\"https:\/\/univet.hu\/allasborze\/allasborze-2023\/kiallitok\/elanco-hungary\/\",\"url\":\"https:\/\/univet.hu\/allasborze\/allasborze-2023\/kiallitok\/elanco-hungary\/\",\"name\":\"Elanco Hungary - \u00c1ll\u00e1sb\u00f6rze\",\"isPartOf\":{\"@id\":\"https:\/\/univet.hu\/allasborze\/#website\"},\"primaryImageOfPage\":{\"@id\":\"https:\/\/univet.hu\/allasborze\/allasborze-2023\/kiallitok\/elanco-hungary\/#primaryimage\"},\"image\":{\"@id\":\"https:\/\/univet.hu\/allasborze\/allasborze-2023\/kiallitok\/elanco-hungary\/#primaryimage\"},\"thumbnailUrl\":\"https:\/\/univet.hu\/allasborze\/wp-content\/uploads\/sites\/2\/2023\/01\/Elanco_Logo_Blue_CMYK_300dpi-320x320.jpg\",\"datePublished\":\"2023-01-11T14:05:43+00:00\",\"dateModified\":\"2025-01-10T12:55:02+00:00\",\"breadcrumb\":{\"@id\":\"https:\/\/univet.hu\/allasborze\/allasborze-2023\/kiallitok\/elanco-hungary\/#breadcrumb\"},\"inLanguage\":\"hu\",\"potentialAction\":[{\"@type\":\"ReadAction\",\"target\":[\"https:\/\/univet.hu\/allasborze\/allasborze-2023\/kiallitok\/elanco-hungary\/\"]}]},{\"@type\":\"ImageObject\",\"inLanguage\":\"hu\",\"@id\":\"https:\/\/univet.hu\/allasborze\/allasborze-2023\/kiallitok\/elanco-hungary\/#primaryimage\",\"url\":\"https:\/\/univet.hu\/allasborze\/wp-content\/uploads\/sites\/2\/2023\/01\/Elanco_Logo_Blue_CMYK_300dpi.jpg\",\"contentUrl\":\"https:\/\/univet.hu\/allasborze\/wp-content\/uploads\/sites\/2\/2023\/01\/Elanco_Logo_Blue_CMYK_300dpi.jpg\",\"width\":1200,\"height\":1200},{\"@type\":\"BreadcrumbList\",\"@id\":\"https:\/\/univet.hu\/allasborze\/allasborze-2023\/kiallitok\/elanco-hungary\/#breadcrumb\",\"itemListElement\":[{\"@type\":\"ListItem\",\"position\":1,\"name\":\"Kezd\u0151lap\",\"item\":\"https:\/\/univet.hu\/allasborze\/\"},{\"@type\":\"ListItem\",\"position\":2,\"name\":\"\u00c1ll\u00e1sb\u00f6rze 2023\",\"item\":\"https:\/\/univet.hu\/allasborze\/allasborze-2023\/\"},{\"@type\":\"ListItem\",\"position\":3,\"name\":\"Ki\u00e1ll\u00edt\u00f3k\",\"item\":\"https:\/\/univet.hu\/allasborze\/allasborze-2023\/kiallitok\/\"},{\"@type\":\"ListItem\",\"position\":4,\"name\":\"Elanco Hungary\"}]},{\"@type\":\"WebSite\",\"@id\":\"https:\/\/univet.hu\/allasborze\/#website\",\"url\":\"https:\/\/univet.hu\/allasborze\/\",\"name\":\"\u00c1ll\u00e1sb\u00f6rze\",\"description\":\"\",\"potentialAction\":[{\"@type\":\"SearchAction\",\"target\":{\"@type\":\"EntryPoint\",\"urlTemplate\":\"https:\/\/univet.hu\/allasborze\/?s={search_term_string}\"},\"query-input\":{\"@type\":\"PropertyValueSpecification\",\"valueRequired\":true,\"valueName\":\"search_term_string\"}}],\"inLanguage\":\"hu\"}]}<\/script>\n<!-- \/ Yoast SEO plugin. -->","yoast_head_json":{"title":"Elanco Hungary - \u00c1ll\u00e1sb\u00f6rze","robots":{"index":"index","follow":"follow","max-snippet":"max-snippet:-1","max-image-preview":"max-image-preview:large","max-video-preview":"max-video-preview:-1"},"canonical":"https:\/\/univet.hu\/allasborze\/allasborze-2023\/kiallitok\/elanco-hungary\/","og_locale":"hu_HU","og_type":"article","og_title":"Elanco Hungary - \u00c1ll\u00e1sb\u00f6rze","og_description":"Az Elanco Hungary Kft. az Elanco Animal Health Incorporated (NYSE: ELAN) hazai le\u00e1nyv\u00e1llalata. Az Elanco Animal Health Inc. glob\u00e1lis vezet\u0151 szerepet t\u00f6lt be az \u00e1llateg\u00e9szs\u00e9g\u00fcgy, az innov\u00e1ci\u00f3, a haszon\u00e1llatok \u00e9s\u00a0 t\u00e1rs\u00e1llatok betegs\u00e9geinek megel\u0151z\u00e9s\u00e9re \u00e9s kezel\u00e9s\u00e9re szolg\u00e1l\u00f3 term\u00e9kek \u00e9s szolg\u00e1ltat\u00e1sok ter\u00fclet\u00e9n, \u00e9rt\u00e9ket teremtve a mez\u0151gazdas\u00e1gi termel\u0151k, a t\u00e1rs\u00e1llatok tulajdonosai, az \u00e1llatorvosok \u00e9s egy\u00e9b szakemberek sz\u00e1m\u00e1ra. K\u00f6zel","og_url":"https:\/\/univet.hu\/allasborze\/allasborze-2023\/kiallitok\/elanco-hungary\/","og_site_name":"\u00c1ll\u00e1sb\u00f6rze","article_modified_time":"2025-01-10T12:55:02+00:00","og_image":[{"url":"https:\/\/univet.hu\/allasborze\/wp-content\/uploads\/sites\/2\/2023\/01\/Elanco_Logo_Blue_CMYK_300dpi-320x320.jpg","type":"","width":"","height":""}],"twitter_card":"summary_large_image","twitter_misc":{"Becs\u00fclt olvas\u00e1si id\u0151":"1 perc"},"schema":{"@context":"https:\/\/schema.org","@graph":[{"@type":"WebPage","@id":"https:\/\/univet.hu\/allasborze\/allasborze-2023\/kiallitok\/elanco-hungary\/","url":"https:\/\/univet.hu\/allasborze\/allasborze-2023\/kiallitok\/elanco-hungary\/","name":"Elanco Hungary - \u00c1ll\u00e1sb\u00f6rze","isPartOf":{"@id":"https:\/\/univet.hu\/allasborze\/#website"},"primaryImageOfPage":{"@id":"https:\/\/univet.hu\/allasborze\/allasborze-2023\/kiallitok\/elanco-hungary\/#primaryimage"},"image":{"@id":"https:\/\/univet.hu\/allasborze\/allasborze-2023\/kiallitok\/elanco-hungary\/#primaryimage"},"thumbnailUrl":"https:\/\/univet.hu\/allasborze\/wp-content\/uploads\/sites\/2\/2023\/01\/Elanco_Logo_Blue_CMYK_300dpi-320x320.jpg","datePublished":"2023-01-11T14:05:43+00:00","dateModified":"2025-01-10T12:55:02+00:00","breadcrumb":{"@id":"https:\/\/univet.hu\/allasborze\/allasborze-2023\/kiallitok\/elanco-hungary\/#breadcrumb"},"inLanguage":"hu","potentialAction":[{"@type":"ReadAction","target":["https:\/\/univet.hu\/allasborze\/allasborze-2023\/kiallitok\/elanco-hungary\/"]}]},{"@type":"ImageObject","inLanguage":"hu","@id":"https:\/\/univet.hu\/allasborze\/allasborze-2023\/kiallitok\/elanco-hungary\/#primaryimage","url":"https:\/\/univet.hu\/allasborze\/wp-content\/uploads\/sites\/2\/2023\/01\/Elanco_Logo_Blue_CMYK_300dpi.jpg","contentUrl":"https:\/\/univet.hu\/allasborze\/wp-content\/uploads\/sites\/2\/2023\/01\/Elanco_Logo_Blue_CMYK_300dpi.jpg","width":1200,"height":1200},{"@type":"BreadcrumbList","@id":"https:\/\/univet.hu\/allasborze\/allasborze-2023\/kiallitok\/elanco-hungary\/#breadcrumb","itemListElement":[{"@type":"ListItem","position":1,"name":"Kezd\u0151lap","item":"https:\/\/univet.hu\/allasborze\/"},{"@type":"ListItem","position":2,"name":"\u00c1ll\u00e1sb\u00f6rze 2023","item":"https:\/\/univet.hu\/allasborze\/allasborze-2023\/"},{"@type":"ListItem","position":3,"name":"Ki\u00e1ll\u00edt\u00f3k","item":"https:\/\/univet.hu\/allasborze\/allasborze-2023\/kiallitok\/"},{"@type":"ListItem","position":4,"name":"Elanco Hungary"}]},{"@type":"WebSite","@id":"https:\/\/univet.hu\/allasborze\/#website","url":"https:\/\/univet.hu\/allasborze\/","name":"\u00c1ll\u00e1sb\u00f6rze","description":"","potentialAction":[{"@type":"SearchAction","target":{"@type":"EntryPoint","urlTemplate":"https:\/\/univet.hu\/allasborze\/?s={search_term_string}"},"query-input":{"@type":"PropertyValueSpecification","valueRequired":true,"valueName":"search_term_string"}}],"inLanguage":"hu"}]}},"_links":{"self":[{"href":"https:\/\/univet.hu\/allasborze\/wp-json\/wp\/v2\/pages\/81661","targetHints":{"allow":["GET"]}}],"collection":[{"href":"https:\/\/univet.hu\/allasborze\/wp-json\/wp\/v2\/pages"}],"about":[{"href":"https:\/\/univet.hu\/allasborze\/wp-json\/wp\/v2\/types\/page"}],"author":[{"embeddable":true,"href":"https:\/\/univet.hu\/allasborze\/wp-json\/wp\/v2\/users\/2518"}],"replies":[{"embeddable":true,"href":"https:\/\/univet.hu\/allasborze\/wp-json\/wp\/v2\/comments?post=81661"}],"version-history":[{"count":1,"href":"https:\/\/univet.hu\/allasborze\/wp-json\/wp\/v2\/pages\/81661\/revisions"}],"predecessor-version":[{"id":172673,"href":"https:\/\/univet.hu\/allasborze\/wp-json\/wp\/v2\/pages\/81661\/revisions\/172673"}],"up":[{"embeddable":true,"href":"https:\/\/univet.hu\/allasborze\/wp-json\/wp\/v2\/pages\/80830"}],"wp:attachment":[{"href":"https:\/\/univet.hu\/allasborze\/wp-json\/wp\/v2\/media?parent=81661"}],"wp:term":[{"taxonomy":"category","embeddable":true,"href":"https:\/\/univet.hu\/allasborze\/wp-json\/wp\/v2\/categories?post=81661"},{"taxonomy":"post_tag","embeddable":true,"href":"https:\/\/univet.hu\/allasborze\/wp-json\/wp\/v2\/tags?post=81661"}],"curies":[{"name":"wp","href":"https:\/\/api.w.org\/{rel}","templated":true}]}}