{"id":81667,"date":"2023-01-12T09:52:22","date_gmt":"2023-01-12T08:52:22","guid":{"rendered":"https:\/\/univet.hu\/hu\/allasborze-2023\/kiallitok\/name\/"},"modified":"2025-01-10T13:55:02","modified_gmt":"2025-01-10T12:55:02","slug":"eville-jones","status":"publish","type":"page","link":"https:\/\/univet.hu\/allasborze\/allasborze-2023\/kiallitok\/eville-jones\/","title":{"rendered":"Eville &amp; Jones"},"content":{"rendered":"<p><a href=\"https:\/\/univet.hu\/en\/allasborze-2023\/kiallitok\/eville-jones\/ej-brand-refresh-chosen\/\" rel=\"attachment wp-att-82308\"><img loading=\"lazy\" decoding=\"async\" class=\"aligncenter size-medium wp-image-82308\" src=\"https:\/\/univet.hu\/allasborze\/wp-content\/uploads\/sites\/2\/2023\/01\/EJ-LOGO-WHITE-BKGROUND-320x250.jpg\" alt=\"\" width=\"320\" height=\"250\" srcset=\"https:\/\/univet.hu\/allasborze\/wp-content\/uploads\/sites\/2\/2023\/01\/EJ-LOGO-WHITE-BKGROUND-320x250.jpg 320w, https:\/\/univet.hu\/allasborze\/wp-content\/uploads\/sites\/2\/2023\/01\/EJ-LOGO-WHITE-BKGROUND-768x601.jpg 768w, https:\/\/univet.hu\/allasborze\/wp-content\/uploads\/sites\/2\/2023\/01\/EJ-LOGO-WHITE-BKGROUND-1024x801.jpg 1024w, https:\/\/univet.hu\/allasborze\/wp-content\/uploads\/sites\/2\/2023\/01\/EJ-LOGO-WHITE-BKGROUND-300x235.jpg 300w, https:\/\/univet.hu\/allasborze\/wp-content\/uploads\/sites\/2\/2023\/01\/EJ-LOGO-WHITE-BKGROUND.jpg 1340w\" sizes=\"auto, (max-width: 320px) 100vw, 320px\" \/><\/a><\/p> <p><b><span data-contrast=\"none\">About Eville &amp; Jones\u202f<\/span><\/b><span data-ccp-props=\"{&quot;201341983&quot;:0,&quot;335551550&quot;:6,&quot;335551620&quot;:6,&quot;335559739&quot;:0,&quot;335559740&quot;:240}\">\u00a0<\/span><\/p> <p><span data-contrast=\"none\">Eville &amp; Jones was established in 1993 and since then has grown to become the largest provider of Official Veterinary Controls in Europe, with over\u202f1200\u202fpublic health veterinarians and meat inspectors throughout England, Wales, Northern Ireland, and Scotland. \u202f\u202f<\/span><span data-ccp-props=\"{&quot;201341983&quot;:0,&quot;335551550&quot;:6,&quot;335551620&quot;:6,&quot;335559739&quot;:0,&quot;335559740&quot;:240}\">\u00a0<\/span><\/p> <p><span data-contrast=\"none\">Eville &amp; Jones is the sole provider of Official Controls to the Food Standards Agency but also supplies an ever-growing array of services to both the public and private sectors. These include Export Certification, portal inspection, training, and consultancy services as well as work within small animal clinics. Our dedicated and highly trained team delivers audit, verification, and enforcement services in the fields of animal health, public health, and animal welfare.\u202f\u202f<\/span><span data-ccp-props=\"{&quot;201341983&quot;:0,&quot;335551550&quot;:6,&quot;335551620&quot;:6,&quot;335559739&quot;:0,&quot;335559740&quot;:240}\">\u00a0<\/span><\/p> <p><span data-contrast=\"none\">We believe that diversity is important in business and are proud to employ veterinary professionals from all over the globe. At present, there are over 50 different nationalities represented within our teams, with employees hailing from Europe, Asia, Africa, and even South America! \u202f<\/span><span data-ccp-props=\"{&quot;201341983&quot;:0,&quot;335551550&quot;:6,&quot;335551620&quot;:6,&quot;335559739&quot;:0,&quot;335559740&quot;:240}\">\u00a0<\/span><\/p> <p><span data-contrast=\"none\">\u202f<\/span><b><span data-contrast=\"none\">Whether you are a recent graduate or an experienced public health professional, we offer genuine long-term career prospects, excellent salaries, and an unrivaled benefit and support package.<\/span><\/b><span data-ccp-props=\"{&quot;201341983&quot;:0,&quot;335551550&quot;:6,&quot;335551620&quot;:6,&quot;335559739&quot;:0,&quot;335559740&quot;:240}\">\u00a0<\/span><\/p> <ul> <li data-leveltext=\"\uf0b7\" data-font=\"Symbol\" data-listid=\"1\" data-list-defn-props=\"{&quot;335552541&quot;:1,&quot;335559684&quot;:-2,&quot;335559685&quot;:720,&quot;335559991&quot;:360,&quot;469769226&quot;:&quot;Symbol&quot;,&quot;469769242&quot;:[8226],&quot;469777803&quot;:&quot;left&quot;,&quot;469777804&quot;:&quot;\uf0b7&quot;,&quot;469777815&quot;:&quot;multilevel&quot;}\" data-aria-posinset=\"1\" data-aria-level=\"1\">Starting salary \u00a335,000\/annum<\/li> <li data-leveltext=\"\uf0b7\" data-font=\"Symbol\" data-listid=\"1\" data-list-defn-props=\"{&quot;335552541&quot;:1,&quot;335559684&quot;:-2,&quot;335559685&quot;:720,&quot;335559991&quot;:360,&quot;469769226&quot;:&quot;Symbol&quot;,&quot;469769242&quot;:[8226],&quot;469777803&quot;:&quot;left&quot;,&quot;469777804&quot;:&quot;\uf0b7&quot;,&quot;469777815&quot;:&quot;multilevel&quot;}\" data-aria-posinset=\"2\" data-aria-level=\"1\">Company car<\/li> <li data-leveltext=\"\uf0b7\" data-font=\"Symbol\" data-listid=\"1\" data-list-defn-props=\"{&quot;335552541&quot;:1,&quot;335559684&quot;:-2,&quot;335559685&quot;:720,&quot;335559991&quot;:360,&quot;469769226&quot;:&quot;Symbol&quot;,&quot;469769242&quot;:[8226],&quot;469777803&quot;:&quot;left&quot;,&quot;469777804&quot;:&quot;\uf0b7&quot;,&quot;469777815&quot;:&quot;multilevel&quot;}\" data-aria-posinset=\"2\" data-aria-level=\"1\">Skilled worker visa<\/li> <li data-leveltext=\"\uf0b7\" data-font=\"Symbol\" data-listid=\"1\" data-list-defn-props=\"{&quot;335552541&quot;:1,&quot;335559684&quot;:-2,&quot;335559685&quot;:720,&quot;335559991&quot;:360,&quot;469769226&quot;:&quot;Symbol&quot;,&quot;469769242&quot;:[8226],&quot;469777803&quot;:&quot;left&quot;,&quot;469777804&quot;:&quot;\uf0b7&quot;,&quot;469777815&quot;:&quot;multilevel&quot;}\" data-aria-posinset=\"2\" data-aria-level=\"1\">Training<\/li> <li data-leveltext=\"\uf0b7\" data-font=\"Symbol\" data-listid=\"1\" data-list-defn-props=\"{&quot;335552541&quot;:1,&quot;335559684&quot;:-2,&quot;335559685&quot;:720,&quot;335559991&quot;:360,&quot;469769226&quot;:&quot;Symbol&quot;,&quot;469769242&quot;:[8226],&quot;469777803&quot;:&quot;left&quot;,&quot;469777804&quot;:&quot;\uf0b7&quot;,&quot;469777815&quot;:&quot;multilevel&quot;}\" data-aria-posinset=\"2\" data-aria-level=\"1\">Accommodation<\/li> <li data-leveltext=\"\uf0b7\" data-font=\"Symbol\" data-listid=\"1\" data-list-defn-props=\"{&quot;335552541&quot;:1,&quot;335559684&quot;:-2,&quot;335559685&quot;:720,&quot;335559991&quot;:360,&quot;469769226&quot;:&quot;Symbol&quot;,&quot;469769242&quot;:[8226],&quot;469777803&quot;:&quot;left&quot;,&quot;469777804&quot;:&quot;\uf0b7&quot;,&quot;469777815&quot;:&quot;multilevel&quot;}\" data-aria-posinset=\"2\" data-aria-level=\"1\">RCVS fees<\/li> <li data-leveltext=\"\uf0b7\" data-font=\"Symbol\" data-listid=\"1\" data-list-defn-props=\"{&quot;335552541&quot;:1,&quot;335559684&quot;:-2,&quot;335559685&quot;:720,&quot;335559991&quot;:360,&quot;469769226&quot;:&quot;Symbol&quot;,&quot;469769242&quot;:[8226],&quot;469777803&quot;:&quot;left&quot;,&quot;469777804&quot;:&quot;\uf0b7&quot;,&quot;469777815&quot;:&quot;multilevel&quot;}\" data-aria-posinset=\"2\" data-aria-level=\"1\">Accident Insurance<\/li> <\/ul> <p>&nbsp;<\/p> <p><strong>More information:\u00a0<\/strong><a href=\"http:\/\/www.eandj.co.uk\/\"><span data-contrast=\"none\">www.eandj.co.uk<\/span><\/a><span data-ccp-props=\"{&quot;201341983&quot;:0,&quot;335559739&quot;:0,&quot;335559740&quot;:240}\">\u00a0<\/span><\/p> <p>&nbsp;<\/p> <p><span data-contrast=\"none\">Eville &amp; Jones provides veterinary, compliance and public health solutions to the food industry. Our team of over 1,000 professionals work with government to safeguard animal welfare and ensure that meat is safe to enter the food chain. We are also the largest provider of EHC services to the private sector, enabling the export of Products of Animal Origin.<\/span><span data-ccp-props=\"{&quot;134233117&quot;:true,&quot;134233118&quot;:true,&quot;201341983&quot;:0,&quot;335559740&quot;:240}\">\u00a0<\/span><\/p> <p><span data-contrast=\"none\">The Eville &amp; Jones story is a remarkable tale of achievement. In less than 30 years we\u2019ve grown from a handful of vets working on a regional contract to being the largest independent provider of veterinary controls in Europe. Underpinning our success has been a long-term commitment to diversity and inclusion, a shared passion for animal welfare, and the drive, determination, and resilience of our people.<\/span><span data-ccp-props=\"{&quot;134233117&quot;:true,&quot;134233118&quot;:true,&quot;201341983&quot;:0,&quot;335559740&quot;:240}\">\u00a0<\/span><\/p> <p><span data-contrast=\"none\">Since 2017, we have been the sole Service Delivery Partner to the Food Standards Agency for all Official Controls within approved meat establishments throughout England &amp; Wales.\u202f Our dedicated and highly trained team deliver audit, verification and enforcement services in the fields of animal health, public health and animal welfare.\u00a0<\/span><span data-ccp-props=\"{&quot;134233117&quot;:true,&quot;134233118&quot;:true,&quot;201341983&quot;:0,&quot;335559740&quot;:240}\">\u00a0<\/span><\/p> <p><span data-contrast=\"none\">At Eville &amp; Jones, we recruit the very best talent from across the globe and the success of our people really matters to us.\u202f We invest in their development, and we pride ourselves on being able to offer interesting and rewarding careers. We have launched thousands of successful veterinary careers in the UK and worldwide, driven by supporting new graduates to build their futures and develop rewarding pathways.<\/span><span data-ccp-props=\"{&quot;134233117&quot;:true,&quot;134233118&quot;:true,&quot;201341983&quot;:0,&quot;335559740&quot;:240}\">\u00a0<\/span><\/p> <p><span data-ccp-props=\"{&quot;134233117&quot;:true,&quot;134233118&quot;:true,&quot;201341983&quot;:0,&quot;335559740&quot;:240}\">\u00a0<\/span><\/p> <p><span data-ccp-props=\"{&quot;134233117&quot;:true,&quot;134233118&quot;:true,&quot;201341983&quot;:0,&quot;335559740&quot;:240}\">\u00a0<\/span><\/p> <p><span data-ccp-props=\"{&quot;201341983&quot;:0,&quot;335559739&quot;:160,&quot;335559740&quot;:259}\">\u00a0<\/span><\/p> <p><span data-ccp-props=\"{&quot;201341983&quot;:0,&quot;335559739&quot;:0,&quot;335559740&quot;:240}\">\u00a0<\/span><\/p>","protected":false},"excerpt":{"rendered":"<p>About Eville &amp; Jones\u202f\u00a0 Eville &amp; Jones was established in 1993 and since then has grown to become the largest provider of Official Veterinary Controls in Europe, with over\u202f1200\u202fpublic health veterinarians and meat inspectors throughout England, Wales, Northern Ireland, and Scotland. \u202f\u202f\u00a0 Eville &amp; Jones is the sole provider of Official Controls to the Food<\/p>\n","protected":false},"author":2518,"featured_media":0,"parent":80830,"menu_order":0,"comment_status":"open","ping_status":"open","template":"","meta":{"_acf_changed":false,"footnotes":""},"categories":[],"tags":[],"class_list":["post-81667","page","type-page","status-publish","hentry"],"acf":[],"yoast_head":"<!-- This site is optimized with the Yoast SEO plugin v27.2 - https:\/\/yoast.com\/product\/yoast-seo-wordpress\/ -->\n<title>Eville &amp; Jones - \u00c1ll\u00e1sb\u00f6rze<\/title>\n<meta name=\"robots\" content=\"index, follow, max-snippet:-1, max-image-preview:large, max-video-preview:-1\" \/>\n<link rel=\"canonical\" href=\"https:\/\/univet.hu\/allasborze\/allasborze-2023\/kiallitok\/eville-jones\/\" \/>\n<meta property=\"og:locale\" content=\"hu_HU\" \/>\n<meta property=\"og:type\" content=\"article\" \/>\n<meta property=\"og:title\" content=\"Eville &amp; Jones - \u00c1ll\u00e1sb\u00f6rze\" \/>\n<meta property=\"og:description\" content=\"About Eville &amp; Jones\u202f\u00a0 Eville &amp; Jones was established in 1993 and since then has grown to become the largest provider of Official Veterinary Controls in Europe, with over\u202f1200\u202fpublic health veterinarians and meat inspectors throughout England, Wales, Northern Ireland, and Scotland. \u202f\u202f\u00a0 Eville &amp; Jones is the sole provider of Official Controls to the Food\" \/>\n<meta property=\"og:url\" content=\"https:\/\/univet.hu\/allasborze\/allasborze-2023\/kiallitok\/eville-jones\/\" \/>\n<meta property=\"og:site_name\" content=\"\u00c1ll\u00e1sb\u00f6rze\" \/>\n<meta property=\"article:modified_time\" content=\"2025-01-10T12:55:02+00:00\" \/>\n<meta property=\"og:image\" content=\"https:\/\/univet.hu\/allasborze\/wp-content\/uploads\/sites\/2\/2023\/01\/EJ-LOGO-WHITE-BKGROUND-320x250.jpg\" \/>\n<meta name=\"twitter:card\" content=\"summary_large_image\" \/>\n<meta name=\"twitter:label1\" content=\"Becs\u00fclt olvas\u00e1si id\u0151\" \/>\n\t<meta name=\"twitter:data1\" content=\"2 perc\" \/>\n<script type=\"application\/ld+json\" class=\"yoast-schema-graph\">{\"@context\":\"https:\/\/schema.org\",\"@graph\":[{\"@type\":\"WebPage\",\"@id\":\"https:\/\/univet.hu\/allasborze\/allasborze-2023\/kiallitok\/eville-jones\/\",\"url\":\"https:\/\/univet.hu\/allasborze\/allasborze-2023\/kiallitok\/eville-jones\/\",\"name\":\"Eville &amp; Jones - \u00c1ll\u00e1sb\u00f6rze\",\"isPartOf\":{\"@id\":\"https:\/\/univet.hu\/allasborze\/#website\"},\"primaryImageOfPage\":{\"@id\":\"https:\/\/univet.hu\/allasborze\/allasborze-2023\/kiallitok\/eville-jones\/#primaryimage\"},\"image\":{\"@id\":\"https:\/\/univet.hu\/allasborze\/allasborze-2023\/kiallitok\/eville-jones\/#primaryimage\"},\"thumbnailUrl\":\"https:\/\/univet.hu\/allasborze\/wp-content\/uploads\/sites\/2\/2023\/01\/EJ-LOGO-WHITE-BKGROUND-320x250.jpg\",\"datePublished\":\"2023-01-12T08:52:22+00:00\",\"dateModified\":\"2025-01-10T12:55:02+00:00\",\"breadcrumb\":{\"@id\":\"https:\/\/univet.hu\/allasborze\/allasborze-2023\/kiallitok\/eville-jones\/#breadcrumb\"},\"inLanguage\":\"hu\",\"potentialAction\":[{\"@type\":\"ReadAction\",\"target\":[\"https:\/\/univet.hu\/allasborze\/allasborze-2023\/kiallitok\/eville-jones\/\"]}]},{\"@type\":\"ImageObject\",\"inLanguage\":\"hu\",\"@id\":\"https:\/\/univet.hu\/allasborze\/allasborze-2023\/kiallitok\/eville-jones\/#primaryimage\",\"url\":\"https:\/\/univet.hu\/allasborze\/wp-content\/uploads\/sites\/2\/2023\/01\/EJ-LOGO-WHITE-BKGROUND.jpg\",\"contentUrl\":\"https:\/\/univet.hu\/allasborze\/wp-content\/uploads\/sites\/2\/2023\/01\/EJ-LOGO-WHITE-BKGROUND.jpg\",\"width\":1340,\"height\":1048},{\"@type\":\"BreadcrumbList\",\"@id\":\"https:\/\/univet.hu\/allasborze\/allasborze-2023\/kiallitok\/eville-jones\/#breadcrumb\",\"itemListElement\":[{\"@type\":\"ListItem\",\"position\":1,\"name\":\"Kezd\u0151lap\",\"item\":\"https:\/\/univet.hu\/allasborze\/\"},{\"@type\":\"ListItem\",\"position\":2,\"name\":\"\u00c1ll\u00e1sb\u00f6rze 2023\",\"item\":\"https:\/\/univet.hu\/allasborze\/allasborze-2023\/\"},{\"@type\":\"ListItem\",\"position\":3,\"name\":\"Ki\u00e1ll\u00edt\u00f3k\",\"item\":\"https:\/\/univet.hu\/allasborze\/allasborze-2023\/kiallitok\/\"},{\"@type\":\"ListItem\",\"position\":4,\"name\":\"Eville &amp; Jones\"}]},{\"@type\":\"WebSite\",\"@id\":\"https:\/\/univet.hu\/allasborze\/#website\",\"url\":\"https:\/\/univet.hu\/allasborze\/\",\"name\":\"\u00c1ll\u00e1sb\u00f6rze\",\"description\":\"\",\"potentialAction\":[{\"@type\":\"SearchAction\",\"target\":{\"@type\":\"EntryPoint\",\"urlTemplate\":\"https:\/\/univet.hu\/allasborze\/?s={search_term_string}\"},\"query-input\":{\"@type\":\"PropertyValueSpecification\",\"valueRequired\":true,\"valueName\":\"search_term_string\"}}],\"inLanguage\":\"hu\"}]}<\/script>\n<!-- \/ Yoast SEO plugin. -->","yoast_head_json":{"title":"Eville &amp; Jones - \u00c1ll\u00e1sb\u00f6rze","robots":{"index":"index","follow":"follow","max-snippet":"max-snippet:-1","max-image-preview":"max-image-preview:large","max-video-preview":"max-video-preview:-1"},"canonical":"https:\/\/univet.hu\/allasborze\/allasborze-2023\/kiallitok\/eville-jones\/","og_locale":"hu_HU","og_type":"article","og_title":"Eville &amp; Jones - \u00c1ll\u00e1sb\u00f6rze","og_description":"About Eville &amp; Jones\u202f\u00a0 Eville &amp; Jones was established in 1993 and since then has grown to become the largest provider of Official Veterinary Controls in Europe, with over\u202f1200\u202fpublic health veterinarians and meat inspectors throughout England, Wales, Northern Ireland, and Scotland. \u202f\u202f\u00a0 Eville &amp; Jones is the sole provider of Official Controls to the Food","og_url":"https:\/\/univet.hu\/allasborze\/allasborze-2023\/kiallitok\/eville-jones\/","og_site_name":"\u00c1ll\u00e1sb\u00f6rze","article_modified_time":"2025-01-10T12:55:02+00:00","og_image":[{"url":"https:\/\/univet.hu\/allasborze\/wp-content\/uploads\/sites\/2\/2023\/01\/EJ-LOGO-WHITE-BKGROUND-320x250.jpg","type":"","width":"","height":""}],"twitter_card":"summary_large_image","twitter_misc":{"Becs\u00fclt olvas\u00e1si id\u0151":"2 perc"},"schema":{"@context":"https:\/\/schema.org","@graph":[{"@type":"WebPage","@id":"https:\/\/univet.hu\/allasborze\/allasborze-2023\/kiallitok\/eville-jones\/","url":"https:\/\/univet.hu\/allasborze\/allasborze-2023\/kiallitok\/eville-jones\/","name":"Eville &amp; Jones - \u00c1ll\u00e1sb\u00f6rze","isPartOf":{"@id":"https:\/\/univet.hu\/allasborze\/#website"},"primaryImageOfPage":{"@id":"https:\/\/univet.hu\/allasborze\/allasborze-2023\/kiallitok\/eville-jones\/#primaryimage"},"image":{"@id":"https:\/\/univet.hu\/allasborze\/allasborze-2023\/kiallitok\/eville-jones\/#primaryimage"},"thumbnailUrl":"https:\/\/univet.hu\/allasborze\/wp-content\/uploads\/sites\/2\/2023\/01\/EJ-LOGO-WHITE-BKGROUND-320x250.jpg","datePublished":"2023-01-12T08:52:22+00:00","dateModified":"2025-01-10T12:55:02+00:00","breadcrumb":{"@id":"https:\/\/univet.hu\/allasborze\/allasborze-2023\/kiallitok\/eville-jones\/#breadcrumb"},"inLanguage":"hu","potentialAction":[{"@type":"ReadAction","target":["https:\/\/univet.hu\/allasborze\/allasborze-2023\/kiallitok\/eville-jones\/"]}]},{"@type":"ImageObject","inLanguage":"hu","@id":"https:\/\/univet.hu\/allasborze\/allasborze-2023\/kiallitok\/eville-jones\/#primaryimage","url":"https:\/\/univet.hu\/allasborze\/wp-content\/uploads\/sites\/2\/2023\/01\/EJ-LOGO-WHITE-BKGROUND.jpg","contentUrl":"https:\/\/univet.hu\/allasborze\/wp-content\/uploads\/sites\/2\/2023\/01\/EJ-LOGO-WHITE-BKGROUND.jpg","width":1340,"height":1048},{"@type":"BreadcrumbList","@id":"https:\/\/univet.hu\/allasborze\/allasborze-2023\/kiallitok\/eville-jones\/#breadcrumb","itemListElement":[{"@type":"ListItem","position":1,"name":"Kezd\u0151lap","item":"https:\/\/univet.hu\/allasborze\/"},{"@type":"ListItem","position":2,"name":"\u00c1ll\u00e1sb\u00f6rze 2023","item":"https:\/\/univet.hu\/allasborze\/allasborze-2023\/"},{"@type":"ListItem","position":3,"name":"Ki\u00e1ll\u00edt\u00f3k","item":"https:\/\/univet.hu\/allasborze\/allasborze-2023\/kiallitok\/"},{"@type":"ListItem","position":4,"name":"Eville &amp; Jones"}]},{"@type":"WebSite","@id":"https:\/\/univet.hu\/allasborze\/#website","url":"https:\/\/univet.hu\/allasborze\/","name":"\u00c1ll\u00e1sb\u00f6rze","description":"","potentialAction":[{"@type":"SearchAction","target":{"@type":"EntryPoint","urlTemplate":"https:\/\/univet.hu\/allasborze\/?s={search_term_string}"},"query-input":{"@type":"PropertyValueSpecification","valueRequired":true,"valueName":"search_term_string"}}],"inLanguage":"hu"}]}},"_links":{"self":[{"href":"https:\/\/univet.hu\/allasborze\/wp-json\/wp\/v2\/pages\/81667","targetHints":{"allow":["GET"]}}],"collection":[{"href":"https:\/\/univet.hu\/allasborze\/wp-json\/wp\/v2\/pages"}],"about":[{"href":"https:\/\/univet.hu\/allasborze\/wp-json\/wp\/v2\/types\/page"}],"author":[{"embeddable":true,"href":"https:\/\/univet.hu\/allasborze\/wp-json\/wp\/v2\/users\/2518"}],"replies":[{"embeddable":true,"href":"https:\/\/univet.hu\/allasborze\/wp-json\/wp\/v2\/comments?post=81667"}],"version-history":[{"count":1,"href":"https:\/\/univet.hu\/allasborze\/wp-json\/wp\/v2\/pages\/81667\/revisions"}],"predecessor-version":[{"id":172674,"href":"https:\/\/univet.hu\/allasborze\/wp-json\/wp\/v2\/pages\/81667\/revisions\/172674"}],"up":[{"embeddable":true,"href":"https:\/\/univet.hu\/allasborze\/wp-json\/wp\/v2\/pages\/80830"}],"wp:attachment":[{"href":"https:\/\/univet.hu\/allasborze\/wp-json\/wp\/v2\/media?parent=81667"}],"wp:term":[{"taxonomy":"category","embeddable":true,"href":"https:\/\/univet.hu\/allasborze\/wp-json\/wp\/v2\/categories?post=81667"},{"taxonomy":"post_tag","embeddable":true,"href":"https:\/\/univet.hu\/allasborze\/wp-json\/wp\/v2\/tags?post=81667"}],"curies":[{"name":"wp","href":"https:\/\/api.w.org\/{rel}","templated":true}]}}