{"id":82207,"date":"2023-01-23T10:49:05","date_gmt":"2023-01-23T09:49:05","guid":{"rendered":"https:\/\/univet.hu\/hu\/allasborze-2023\/kiallitok\/name\/"},"modified":"2025-01-10T13:55:04","modified_gmt":"2025-01-10T12:55:04","slug":"vetjobs24-com","status":"publish","type":"page","link":"https:\/\/univet.hu\/allasborze\/allasborze-2023\/kiallitok\/vetjobs24-com\/","title":{"rendered":"vetjobs24.com"},"content":{"rendered":"<p><a href=\"https:\/\/univet.hu\/en\/allasborze-2023\/kiallitok\/vetjobs24-com\/logo_vetjobs24_cmyk\/\" rel=\"attachment wp-att-82312\"><img loading=\"lazy\" decoding=\"async\" class=\"aligncenter size-medium wp-image-82312\" src=\"https:\/\/univet.hu\/allasborze\/wp-content\/uploads\/sites\/2\/2023\/01\/Logo_vetjobs24_CMYK-320x133.jpg\" alt=\"\" width=\"320\" height=\"133\" srcset=\"https:\/\/univet.hu\/allasborze\/wp-content\/uploads\/sites\/2\/2023\/01\/Logo_vetjobs24_CMYK-320x133.jpg 320w, https:\/\/univet.hu\/allasborze\/wp-content\/uploads\/sites\/2\/2023\/01\/Logo_vetjobs24_CMYK-768x318.jpg 768w, https:\/\/univet.hu\/allasborze\/wp-content\/uploads\/sites\/2\/2023\/01\/Logo_vetjobs24_CMYK-1024x424.jpg 1024w, https:\/\/univet.hu\/allasborze\/wp-content\/uploads\/sites\/2\/2023\/01\/Logo_vetjobs24_CMYK-1536x636.jpg 1536w, https:\/\/univet.hu\/allasborze\/wp-content\/uploads\/sites\/2\/2023\/01\/Logo_vetjobs24_CMYK-300x124.jpg 300w, https:\/\/univet.hu\/allasborze\/wp-content\/uploads\/sites\/2\/2023\/01\/Logo_vetjobs24_CMYK.jpg 1714w\" sizes=\"auto, (max-width: 320px) 100vw, 320px\" \/><\/a><\/p> <p><b><span data-contrast=\"auto\">Vetjobs24 &#8211; the international job portal for veterinarians!<\/span><\/b><span data-ccp-props=\"{&quot;201341983&quot;:0,&quot;335559739&quot;:160,&quot;335559740&quot;:259}\">\u00a0<\/span><\/p> <p><span data-contrast=\"auto\">Vetjobs24.com is an international, neutral career platform where only veterinarians meet. The focus on veterinary medicine makes it possible to identify professional development opportunities for every veterinary colleague. Whether generalist, young professional,\u00a0 expert or senior top manager. We are specialized and focused on the one hand &#8211; and limitlessly broad on the other. As an employee, you will find a wide range of opportunities here when looking for a suitable position &#8211; wherever veterinarians are employed. Discover the variety of career opportunities you have as a veterinarian. Design your individual applicant profile, apply actively or let us speak to you! The use of the job portal is free of charge for employees.<\/span><span data-ccp-props=\"{&quot;201341983&quot;:0,&quot;335551550&quot;:6,&quot;335551620&quot;:6,&quot;335559739&quot;:160,&quot;335559740&quot;:259}\">\u00a0<\/span><\/p> <p><span data-contrast=\"auto\">Vetjobs24 is an initiative of Hardenberg Consulting GmbH. The veterinary team at Hardenberg Consulting fills positions for veterinarians in practices and clinics, in the animal health industry and in the public veterinary sector across Europe. Veterinarians as employers and employees across Europe have the opportunity to meet on our international job platform vetjobs24.com. From vets only for vets! This is all about jobs, nothing else. No product advertising, no sales of other services, no dependencies. Find your dream job as a vet with vetjobs24!<\/span><span data-ccp-props=\"{&quot;201341983&quot;:0,&quot;335551550&quot;:6,&quot;335551620&quot;:6,&quot;335559739&quot;:160,&quot;335559740&quot;:259}\">\u00a0<\/span><\/p> <p><strong>\u00a0<\/strong><\/p> <p><strong>More information:<\/strong> <a href=\"https:\/\/www.vetjobs24.com\/en\"><span data-contrast=\"none\">https:\/\/www.vetjobs24.com\/en<\/span><\/a><span data-ccp-props=\"{&quot;201341983&quot;:0,&quot;335559739&quot;:160,&quot;335559740&quot;:259}\">\u00a0<\/span><\/p> <p><span data-ccp-props=\"{&quot;201341983&quot;:0,&quot;335559739&quot;:160,&quot;335559740&quot;:259}\">\u00a0<\/span><\/p> <p><span data-contrast=\"auto\">Hardenberg Consulting GmbH<\/span><span data-ccp-props=\"{&quot;201341983&quot;:0,&quot;335559739&quot;:0,&quot;335559740&quot;:259}\">\u00a0<\/span><\/p> <p><span data-contrast=\"auto\">Steinberg 12<\/span><span data-ccp-props=\"{&quot;201341983&quot;:0,&quot;335559739&quot;:0,&quot;335559740&quot;:259}\">\u00a0<\/span><\/p> <p><span data-contrast=\"auto\">82069 Hohensch\u00e4ftlarn<\/span><span data-ccp-props=\"{&quot;201341983&quot;:0,&quot;335559739&quot;:0,&quot;335559740&quot;:259}\">\u00a0<\/span><\/p> <p><span data-contrast=\"auto\">Germany<\/span><span data-ccp-props=\"{&quot;201341983&quot;:0,&quot;335559739&quot;:0,&quot;335559740&quot;:259}\">\u00a0<\/span><\/p> <p><span data-contrast=\"auto\">E-mail: <a class=\"decrypt\" rel=\"jogpAwfukpct35\/dpn\" href=\"javascript:void(0);\">[Kattintson az emailc\u00edmhez]<\/a><\/span><span data-ccp-props=\"{&quot;201341983&quot;:0,&quot;335559739&quot;:0,&quot;335559740&quot;:259}\">\u00a0<\/span><\/p> <p><span data-contrast=\"auto\">Tel.: +49 (0)8178-99991-09<\/span><span data-ccp-props=\"{&quot;201341983&quot;:0,&quot;335559739&quot;:0,&quot;335559740&quot;:259}\">\u00a0<\/span><\/p>","protected":false},"excerpt":{"rendered":"<p>Vetjobs24 &#8211; the international job portal for veterinarians!\u00a0 Vetjobs24.com is an international, neutral career platform where only veterinarians meet. The focus on veterinary medicine makes it possible to identify professional development opportunities for every veterinary colleague. Whether generalist, young professional,\u00a0 expert or senior top manager. We are specialized and focused on the one hand &#8211;<\/p>\n","protected":false},"author":2518,"featured_media":0,"parent":80830,"menu_order":0,"comment_status":"open","ping_status":"open","template":"","meta":{"_acf_changed":false,"footnotes":""},"categories":[],"tags":[],"class_list":["post-82207","page","type-page","status-publish","hentry"],"acf":[],"yoast_head":"<!-- This site is optimized with the Yoast SEO plugin v27.2 - https:\/\/yoast.com\/product\/yoast-seo-wordpress\/ -->\n<title>vetjobs24.com - \u00c1ll\u00e1sb\u00f6rze<\/title>\n<meta name=\"robots\" content=\"index, follow, max-snippet:-1, max-image-preview:large, max-video-preview:-1\" \/>\n<link rel=\"canonical\" href=\"https:\/\/univet.hu\/allasborze\/allasborze-2023\/kiallitok\/vetjobs24-com\/\" \/>\n<meta property=\"og:locale\" content=\"hu_HU\" \/>\n<meta property=\"og:type\" content=\"article\" \/>\n<meta property=\"og:title\" content=\"vetjobs24.com - \u00c1ll\u00e1sb\u00f6rze\" \/>\n<meta property=\"og:description\" content=\"Vetjobs24 &#8211; the international job portal for veterinarians!\u00a0 Vetjobs24.com is an international, neutral career platform where only veterinarians meet. The focus on veterinary medicine makes it possible to identify professional development opportunities for every veterinary colleague. Whether generalist, young professional,\u00a0 expert or senior top manager. We are specialized and focused on the one hand &#8211;\" \/>\n<meta property=\"og:url\" content=\"https:\/\/univet.hu\/allasborze\/allasborze-2023\/kiallitok\/vetjobs24-com\/\" \/>\n<meta property=\"og:site_name\" content=\"\u00c1ll\u00e1sb\u00f6rze\" \/>\n<meta property=\"article:modified_time\" content=\"2025-01-10T12:55:04+00:00\" \/>\n<meta property=\"og:image\" content=\"https:\/\/univet.hu\/allasborze\/wp-content\/uploads\/sites\/2\/2023\/01\/Logo_vetjobs24_CMYK-320x133.jpg\" \/>\n<meta name=\"twitter:card\" content=\"summary_large_image\" \/>\n<meta name=\"twitter:label1\" content=\"Becs\u00fclt olvas\u00e1si id\u0151\" \/>\n\t<meta name=\"twitter:data1\" content=\"1 perc\" \/>\n<script type=\"application\/ld+json\" class=\"yoast-schema-graph\">{\"@context\":\"https:\/\/schema.org\",\"@graph\":[{\"@type\":\"WebPage\",\"@id\":\"https:\/\/univet.hu\/allasborze\/allasborze-2023\/kiallitok\/vetjobs24-com\/\",\"url\":\"https:\/\/univet.hu\/allasborze\/allasborze-2023\/kiallitok\/vetjobs24-com\/\",\"name\":\"vetjobs24.com - \u00c1ll\u00e1sb\u00f6rze\",\"isPartOf\":{\"@id\":\"https:\/\/univet.hu\/allasborze\/#website\"},\"primaryImageOfPage\":{\"@id\":\"https:\/\/univet.hu\/allasborze\/allasborze-2023\/kiallitok\/vetjobs24-com\/#primaryimage\"},\"image\":{\"@id\":\"https:\/\/univet.hu\/allasborze\/allasborze-2023\/kiallitok\/vetjobs24-com\/#primaryimage\"},\"thumbnailUrl\":\"https:\/\/univet.hu\/allasborze\/wp-content\/uploads\/sites\/2\/2023\/01\/Logo_vetjobs24_CMYK-320x133.jpg\",\"datePublished\":\"2023-01-23T09:49:05+00:00\",\"dateModified\":\"2025-01-10T12:55:04+00:00\",\"breadcrumb\":{\"@id\":\"https:\/\/univet.hu\/allasborze\/allasborze-2023\/kiallitok\/vetjobs24-com\/#breadcrumb\"},\"inLanguage\":\"hu\",\"potentialAction\":[{\"@type\":\"ReadAction\",\"target\":[\"https:\/\/univet.hu\/allasborze\/allasborze-2023\/kiallitok\/vetjobs24-com\/\"]}]},{\"@type\":\"ImageObject\",\"inLanguage\":\"hu\",\"@id\":\"https:\/\/univet.hu\/allasborze\/allasborze-2023\/kiallitok\/vetjobs24-com\/#primaryimage\",\"url\":\"https:\/\/univet.hu\/allasborze\/wp-content\/uploads\/sites\/2\/2023\/01\/Logo_vetjobs24_CMYK.jpg\",\"contentUrl\":\"https:\/\/univet.hu\/allasborze\/wp-content\/uploads\/sites\/2\/2023\/01\/Logo_vetjobs24_CMYK.jpg\",\"width\":1714,\"height\":710},{\"@type\":\"BreadcrumbList\",\"@id\":\"https:\/\/univet.hu\/allasborze\/allasborze-2023\/kiallitok\/vetjobs24-com\/#breadcrumb\",\"itemListElement\":[{\"@type\":\"ListItem\",\"position\":1,\"name\":\"Kezd\u0151lap\",\"item\":\"https:\/\/univet.hu\/allasborze\/\"},{\"@type\":\"ListItem\",\"position\":2,\"name\":\"\u00c1ll\u00e1sb\u00f6rze 2023\",\"item\":\"https:\/\/univet.hu\/allasborze\/allasborze-2023\/\"},{\"@type\":\"ListItem\",\"position\":3,\"name\":\"Ki\u00e1ll\u00edt\u00f3k\",\"item\":\"https:\/\/univet.hu\/allasborze\/allasborze-2023\/kiallitok\/\"},{\"@type\":\"ListItem\",\"position\":4,\"name\":\"vetjobs24.com\"}]},{\"@type\":\"WebSite\",\"@id\":\"https:\/\/univet.hu\/allasborze\/#website\",\"url\":\"https:\/\/univet.hu\/allasborze\/\",\"name\":\"\u00c1ll\u00e1sb\u00f6rze\",\"description\":\"\",\"potentialAction\":[{\"@type\":\"SearchAction\",\"target\":{\"@type\":\"EntryPoint\",\"urlTemplate\":\"https:\/\/univet.hu\/allasborze\/?s={search_term_string}\"},\"query-input\":{\"@type\":\"PropertyValueSpecification\",\"valueRequired\":true,\"valueName\":\"search_term_string\"}}],\"inLanguage\":\"hu\"}]}<\/script>\n<!-- \/ Yoast SEO plugin. -->","yoast_head_json":{"title":"vetjobs24.com - \u00c1ll\u00e1sb\u00f6rze","robots":{"index":"index","follow":"follow","max-snippet":"max-snippet:-1","max-image-preview":"max-image-preview:large","max-video-preview":"max-video-preview:-1"},"canonical":"https:\/\/univet.hu\/allasborze\/allasborze-2023\/kiallitok\/vetjobs24-com\/","og_locale":"hu_HU","og_type":"article","og_title":"vetjobs24.com - \u00c1ll\u00e1sb\u00f6rze","og_description":"Vetjobs24 &#8211; the international job portal for veterinarians!\u00a0 Vetjobs24.com is an international, neutral career platform where only veterinarians meet. The focus on veterinary medicine makes it possible to identify professional development opportunities for every veterinary colleague. Whether generalist, young professional,\u00a0 expert or senior top manager. We are specialized and focused on the one hand &#8211;","og_url":"https:\/\/univet.hu\/allasborze\/allasborze-2023\/kiallitok\/vetjobs24-com\/","og_site_name":"\u00c1ll\u00e1sb\u00f6rze","article_modified_time":"2025-01-10T12:55:04+00:00","og_image":[{"url":"https:\/\/univet.hu\/allasborze\/wp-content\/uploads\/sites\/2\/2023\/01\/Logo_vetjobs24_CMYK-320x133.jpg","type":"","width":"","height":""}],"twitter_card":"summary_large_image","twitter_misc":{"Becs\u00fclt olvas\u00e1si id\u0151":"1 perc"},"schema":{"@context":"https:\/\/schema.org","@graph":[{"@type":"WebPage","@id":"https:\/\/univet.hu\/allasborze\/allasborze-2023\/kiallitok\/vetjobs24-com\/","url":"https:\/\/univet.hu\/allasborze\/allasborze-2023\/kiallitok\/vetjobs24-com\/","name":"vetjobs24.com - \u00c1ll\u00e1sb\u00f6rze","isPartOf":{"@id":"https:\/\/univet.hu\/allasborze\/#website"},"primaryImageOfPage":{"@id":"https:\/\/univet.hu\/allasborze\/allasborze-2023\/kiallitok\/vetjobs24-com\/#primaryimage"},"image":{"@id":"https:\/\/univet.hu\/allasborze\/allasborze-2023\/kiallitok\/vetjobs24-com\/#primaryimage"},"thumbnailUrl":"https:\/\/univet.hu\/allasborze\/wp-content\/uploads\/sites\/2\/2023\/01\/Logo_vetjobs24_CMYK-320x133.jpg","datePublished":"2023-01-23T09:49:05+00:00","dateModified":"2025-01-10T12:55:04+00:00","breadcrumb":{"@id":"https:\/\/univet.hu\/allasborze\/allasborze-2023\/kiallitok\/vetjobs24-com\/#breadcrumb"},"inLanguage":"hu","potentialAction":[{"@type":"ReadAction","target":["https:\/\/univet.hu\/allasborze\/allasborze-2023\/kiallitok\/vetjobs24-com\/"]}]},{"@type":"ImageObject","inLanguage":"hu","@id":"https:\/\/univet.hu\/allasborze\/allasborze-2023\/kiallitok\/vetjobs24-com\/#primaryimage","url":"https:\/\/univet.hu\/allasborze\/wp-content\/uploads\/sites\/2\/2023\/01\/Logo_vetjobs24_CMYK.jpg","contentUrl":"https:\/\/univet.hu\/allasborze\/wp-content\/uploads\/sites\/2\/2023\/01\/Logo_vetjobs24_CMYK.jpg","width":1714,"height":710},{"@type":"BreadcrumbList","@id":"https:\/\/univet.hu\/allasborze\/allasborze-2023\/kiallitok\/vetjobs24-com\/#breadcrumb","itemListElement":[{"@type":"ListItem","position":1,"name":"Kezd\u0151lap","item":"https:\/\/univet.hu\/allasborze\/"},{"@type":"ListItem","position":2,"name":"\u00c1ll\u00e1sb\u00f6rze 2023","item":"https:\/\/univet.hu\/allasborze\/allasborze-2023\/"},{"@type":"ListItem","position":3,"name":"Ki\u00e1ll\u00edt\u00f3k","item":"https:\/\/univet.hu\/allasborze\/allasborze-2023\/kiallitok\/"},{"@type":"ListItem","position":4,"name":"vetjobs24.com"}]},{"@type":"WebSite","@id":"https:\/\/univet.hu\/allasborze\/#website","url":"https:\/\/univet.hu\/allasborze\/","name":"\u00c1ll\u00e1sb\u00f6rze","description":"","potentialAction":[{"@type":"SearchAction","target":{"@type":"EntryPoint","urlTemplate":"https:\/\/univet.hu\/allasborze\/?s={search_term_string}"},"query-input":{"@type":"PropertyValueSpecification","valueRequired":true,"valueName":"search_term_string"}}],"inLanguage":"hu"}]}},"_links":{"self":[{"href":"https:\/\/univet.hu\/allasborze\/wp-json\/wp\/v2\/pages\/82207","targetHints":{"allow":["GET"]}}],"collection":[{"href":"https:\/\/univet.hu\/allasborze\/wp-json\/wp\/v2\/pages"}],"about":[{"href":"https:\/\/univet.hu\/allasborze\/wp-json\/wp\/v2\/types\/page"}],"author":[{"embeddable":true,"href":"https:\/\/univet.hu\/allasborze\/wp-json\/wp\/v2\/users\/2518"}],"replies":[{"embeddable":true,"href":"https:\/\/univet.hu\/allasborze\/wp-json\/wp\/v2\/comments?post=82207"}],"version-history":[{"count":1,"href":"https:\/\/univet.hu\/allasborze\/wp-json\/wp\/v2\/pages\/82207\/revisions"}],"predecessor-version":[{"id":172689,"href":"https:\/\/univet.hu\/allasborze\/wp-json\/wp\/v2\/pages\/82207\/revisions\/172689"}],"up":[{"embeddable":true,"href":"https:\/\/univet.hu\/allasborze\/wp-json\/wp\/v2\/pages\/80830"}],"wp:attachment":[{"href":"https:\/\/univet.hu\/allasborze\/wp-json\/wp\/v2\/media?parent=82207"}],"wp:term":[{"taxonomy":"category","embeddable":true,"href":"https:\/\/univet.hu\/allasborze\/wp-json\/wp\/v2\/categories?post=82207"},{"taxonomy":"post_tag","embeddable":true,"href":"https:\/\/univet.hu\/allasborze\/wp-json\/wp\/v2\/tags?post=82207"}],"curies":[{"name":"wp","href":"https:\/\/api.w.org\/{rel}","templated":true}]}}