{"id":82227,"date":"2023-01-23T11:34:43","date_gmt":"2023-01-23T10:34:43","guid":{"rendered":"https:\/\/univet.hu\/hu\/allasborze-2023\/kiallitok\/name\/"},"modified":"2025-01-10T13:55:04","modified_gmt":"2025-01-10T12:55:04","slug":"turi-szolgaltato-kft","status":"publish","type":"page","link":"https:\/\/univet.hu\/allasborze\/allasborze-2023\/kiallitok\/turi-szolgaltato-kft\/","title":{"rendered":"T\u00fari Szolg\u00e1ltat\u00f3 Kft."},"content":{"rendered":"<p>&nbsp;<\/p> <p><a href=\"https:\/\/univet.hu\/en\/allasborze-2023\/kiallitok\/turi-szolgaltato-kft\/turi\/\" rel=\"attachment wp-att-82684\"><img loading=\"lazy\" decoding=\"async\" class=\"aligncenter size-medium wp-image-82684\" src=\"https:\/\/univet.hu\/allasborze\/wp-content\/uploads\/sites\/2\/2023\/01\/turi-320x52.png\" alt=\"\" width=\"320\" height=\"52\" srcset=\"https:\/\/univet.hu\/allasborze\/wp-content\/uploads\/sites\/2\/2023\/01\/turi-320x52.png 320w, https:\/\/univet.hu\/allasborze\/wp-content\/uploads\/sites\/2\/2023\/01\/turi-300x49.png 300w, https:\/\/univet.hu\/allasborze\/wp-content\/uploads\/sites\/2\/2023\/01\/turi.png 464w\" sizes=\"auto, (max-width: 320px) 100vw, 320px\" \/><\/a><\/p> <p>&nbsp;<\/p> <p>A T\u00fari \u00c1llatk\u00f3rh\u00e1z Dunaf\u00f6ldv\u00e1ron, nagyj\u00e1b\u00f3l az orsz\u00e1g k\u00f6zep\u00e9n tal\u00e1lhat\u00f3. Aut\u00f3p\u00e1ly\u00e1n Budapest, P\u00e9cs, s\u0151t a Balaton is mind\u00f6ssze egy \u00f3ra t\u00e1vols\u00e1gra van. Szatelit rendel\u0151ket m\u0171k\u00f6dtet\u00fcnk. A laparoszk\u00f3pos ivartalan\u00edt\u00e1s \u00e9s a lovak has\u00fcregi seb\u00e9szete r\u00e9v\u00e9n orsz\u00e1gos az ismerts\u00e9g\u00fcnk.<br \/> Haszon\u00e1llatos \u00e9s lovas mentor\u00e1l\u00e1si programunkkal egyedi versenyel\u0151nyt \u00e9s biztos piacot garant\u00e1lunk a telepell\u00e1t\u00e1st saj\u00e1t haszn\u00e1ra v\u00e1llal\u00f3, ak\u00e1r p\u00e1lyakezd\u0151 \u00e1llatorvos sz\u00e1m\u00e1ra is. Megval\u00f3s\u00edtjuk a v\u00e1gyott pihen\u0151 id\u0151, az \u00e1llatk\u00f3rh\u00e1zi munka, az \u00f6n\u00e1ll\u00f3 v\u00e1llalkoz\u00e1s, \u00e9s a leg\u00e1lis, eur\u00f3pai sz\u00ednvonal\u00fa j\u00f6vedelemszerez\u00e9s egyens\u00faly\u00e1t.<\/p> <p><strong>\u00daj praxis filoz\u00f3fi\u00e1nk:<\/strong> hisz\u00fcnk a k\u00f6lcs\u00f6n\u00f6s el\u0151ny\u00f6k\u00f6n alapul\u00f3, szatelit rendszer\u0171 szervezeti fejl\u0151d\u00e9sben, az \u00f6sszefog\u00e1sban, a korrekt elsz\u00e1mol\u00e1son alapul\u00f3 egy\u00fcttm\u0171k\u00f6d\u00e9sben.<\/p> <p><strong>Tov\u00e1bbi inform\u00e1ci\u00f3k:<\/strong>\u00a0<a href=\"https:\/\/turiallatkorhaz.hu\/\">https:\/\/turiallatkorhaz.hu\/<\/a><\/p>","protected":false},"excerpt":{"rendered":"<p>&nbsp; &nbsp; A T\u00fari \u00c1llatk\u00f3rh\u00e1z Dunaf\u00f6ldv\u00e1ron, nagyj\u00e1b\u00f3l az orsz\u00e1g k\u00f6zep\u00e9n tal\u00e1lhat\u00f3. Aut\u00f3p\u00e1ly\u00e1n Budapest, P\u00e9cs, s\u0151t a Balaton is mind\u00f6ssze egy \u00f3ra t\u00e1vols\u00e1gra van. Szatelit rendel\u0151ket m\u0171k\u00f6dtet\u00fcnk. A laparoszk\u00f3pos ivartalan\u00edt\u00e1s \u00e9s a lovak has\u00fcregi seb\u00e9szete r\u00e9v\u00e9n orsz\u00e1gos az ismerts\u00e9g\u00fcnk. Haszon\u00e1llatos \u00e9s lovas mentor\u00e1l\u00e1si programunkkal egyedi versenyel\u0151nyt \u00e9s biztos piacot garant\u00e1lunk a telepell\u00e1t\u00e1st saj\u00e1t haszn\u00e1ra v\u00e1llal\u00f3, ak\u00e1r<\/p>\n","protected":false},"author":2518,"featured_media":0,"parent":80830,"menu_order":0,"comment_status":"open","ping_status":"open","template":"","meta":{"_acf_changed":false,"footnotes":""},"categories":[],"tags":[],"class_list":["post-82227","page","type-page","status-publish","hentry"],"acf":[],"yoast_head":"<!-- This site is optimized with the Yoast SEO plugin v27.2 - https:\/\/yoast.com\/product\/yoast-seo-wordpress\/ -->\n<title>T\u00fari Szolg\u00e1ltat\u00f3 Kft. - \u00c1ll\u00e1sb\u00f6rze<\/title>\n<meta name=\"robots\" content=\"index, follow, max-snippet:-1, max-image-preview:large, max-video-preview:-1\" \/>\n<link rel=\"canonical\" href=\"https:\/\/univet.hu\/allasborze\/allasborze-2023\/kiallitok\/turi-szolgaltato-kft\/\" \/>\n<meta property=\"og:locale\" content=\"hu_HU\" \/>\n<meta property=\"og:type\" content=\"article\" \/>\n<meta property=\"og:title\" content=\"T\u00fari Szolg\u00e1ltat\u00f3 Kft. - \u00c1ll\u00e1sb\u00f6rze\" \/>\n<meta property=\"og:description\" content=\"&nbsp; &nbsp; A T\u00fari \u00c1llatk\u00f3rh\u00e1z Dunaf\u00f6ldv\u00e1ron, nagyj\u00e1b\u00f3l az orsz\u00e1g k\u00f6zep\u00e9n tal\u00e1lhat\u00f3. Aut\u00f3p\u00e1ly\u00e1n Budapest, P\u00e9cs, s\u0151t a Balaton is mind\u00f6ssze egy \u00f3ra t\u00e1vols\u00e1gra van. Szatelit rendel\u0151ket m\u0171k\u00f6dtet\u00fcnk. A laparoszk\u00f3pos ivartalan\u00edt\u00e1s \u00e9s a lovak has\u00fcregi seb\u00e9szete r\u00e9v\u00e9n orsz\u00e1gos az ismerts\u00e9g\u00fcnk. Haszon\u00e1llatos \u00e9s lovas mentor\u00e1l\u00e1si programunkkal egyedi versenyel\u0151nyt \u00e9s biztos piacot garant\u00e1lunk a telepell\u00e1t\u00e1st saj\u00e1t haszn\u00e1ra v\u00e1llal\u00f3, ak\u00e1r\" \/>\n<meta property=\"og:url\" content=\"https:\/\/univet.hu\/allasborze\/allasborze-2023\/kiallitok\/turi-szolgaltato-kft\/\" \/>\n<meta property=\"og:site_name\" content=\"\u00c1ll\u00e1sb\u00f6rze\" \/>\n<meta property=\"article:modified_time\" content=\"2025-01-10T12:55:04+00:00\" \/>\n<meta property=\"og:image\" content=\"https:\/\/univet.hu\/allasborze\/wp-content\/uploads\/sites\/2\/2023\/01\/turi-320x52.png\" \/>\n<meta name=\"twitter:card\" content=\"summary_large_image\" \/>\n<meta name=\"twitter:label1\" content=\"Becs\u00fclt olvas\u00e1si id\u0151\" \/>\n\t<meta name=\"twitter:data1\" content=\"1 perc\" \/>\n<script type=\"application\/ld+json\" class=\"yoast-schema-graph\">{\"@context\":\"https:\/\/schema.org\",\"@graph\":[{\"@type\":\"WebPage\",\"@id\":\"https:\/\/univet.hu\/allasborze\/allasborze-2023\/kiallitok\/turi-szolgaltato-kft\/\",\"url\":\"https:\/\/univet.hu\/allasborze\/allasborze-2023\/kiallitok\/turi-szolgaltato-kft\/\",\"name\":\"T\u00fari Szolg\u00e1ltat\u00f3 Kft. - \u00c1ll\u00e1sb\u00f6rze\",\"isPartOf\":{\"@id\":\"https:\/\/univet.hu\/allasborze\/#website\"},\"primaryImageOfPage\":{\"@id\":\"https:\/\/univet.hu\/allasborze\/allasborze-2023\/kiallitok\/turi-szolgaltato-kft\/#primaryimage\"},\"image\":{\"@id\":\"https:\/\/univet.hu\/allasborze\/allasborze-2023\/kiallitok\/turi-szolgaltato-kft\/#primaryimage\"},\"thumbnailUrl\":\"https:\/\/univet.hu\/allasborze\/wp-content\/uploads\/sites\/2\/2023\/01\/turi-320x52.png\",\"datePublished\":\"2023-01-23T10:34:43+00:00\",\"dateModified\":\"2025-01-10T12:55:04+00:00\",\"breadcrumb\":{\"@id\":\"https:\/\/univet.hu\/allasborze\/allasborze-2023\/kiallitok\/turi-szolgaltato-kft\/#breadcrumb\"},\"inLanguage\":\"hu\",\"potentialAction\":[{\"@type\":\"ReadAction\",\"target\":[\"https:\/\/univet.hu\/allasborze\/allasborze-2023\/kiallitok\/turi-szolgaltato-kft\/\"]}]},{\"@type\":\"ImageObject\",\"inLanguage\":\"hu\",\"@id\":\"https:\/\/univet.hu\/allasborze\/allasborze-2023\/kiallitok\/turi-szolgaltato-kft\/#primaryimage\",\"url\":\"https:\/\/univet.hu\/allasborze\/wp-content\/uploads\/sites\/2\/2023\/01\/turi.png\",\"contentUrl\":\"https:\/\/univet.hu\/allasborze\/wp-content\/uploads\/sites\/2\/2023\/01\/turi.png\",\"width\":464,\"height\":76},{\"@type\":\"BreadcrumbList\",\"@id\":\"https:\/\/univet.hu\/allasborze\/allasborze-2023\/kiallitok\/turi-szolgaltato-kft\/#breadcrumb\",\"itemListElement\":[{\"@type\":\"ListItem\",\"position\":1,\"name\":\"Kezd\u0151lap\",\"item\":\"https:\/\/univet.hu\/allasborze\/\"},{\"@type\":\"ListItem\",\"position\":2,\"name\":\"\u00c1ll\u00e1sb\u00f6rze 2023\",\"item\":\"https:\/\/univet.hu\/allasborze\/allasborze-2023\/\"},{\"@type\":\"ListItem\",\"position\":3,\"name\":\"Ki\u00e1ll\u00edt\u00f3k\",\"item\":\"https:\/\/univet.hu\/allasborze\/allasborze-2023\/kiallitok\/\"},{\"@type\":\"ListItem\",\"position\":4,\"name\":\"T\u00fari Szolg\u00e1ltat\u00f3 Kft.\"}]},{\"@type\":\"WebSite\",\"@id\":\"https:\/\/univet.hu\/allasborze\/#website\",\"url\":\"https:\/\/univet.hu\/allasborze\/\",\"name\":\"\u00c1ll\u00e1sb\u00f6rze\",\"description\":\"\",\"potentialAction\":[{\"@type\":\"SearchAction\",\"target\":{\"@type\":\"EntryPoint\",\"urlTemplate\":\"https:\/\/univet.hu\/allasborze\/?s={search_term_string}\"},\"query-input\":{\"@type\":\"PropertyValueSpecification\",\"valueRequired\":true,\"valueName\":\"search_term_string\"}}],\"inLanguage\":\"hu\"}]}<\/script>\n<!-- \/ Yoast SEO plugin. -->","yoast_head_json":{"title":"T\u00fari Szolg\u00e1ltat\u00f3 Kft. - \u00c1ll\u00e1sb\u00f6rze","robots":{"index":"index","follow":"follow","max-snippet":"max-snippet:-1","max-image-preview":"max-image-preview:large","max-video-preview":"max-video-preview:-1"},"canonical":"https:\/\/univet.hu\/allasborze\/allasborze-2023\/kiallitok\/turi-szolgaltato-kft\/","og_locale":"hu_HU","og_type":"article","og_title":"T\u00fari Szolg\u00e1ltat\u00f3 Kft. - \u00c1ll\u00e1sb\u00f6rze","og_description":"&nbsp; &nbsp; A T\u00fari \u00c1llatk\u00f3rh\u00e1z Dunaf\u00f6ldv\u00e1ron, nagyj\u00e1b\u00f3l az orsz\u00e1g k\u00f6zep\u00e9n tal\u00e1lhat\u00f3. Aut\u00f3p\u00e1ly\u00e1n Budapest, P\u00e9cs, s\u0151t a Balaton is mind\u00f6ssze egy \u00f3ra t\u00e1vols\u00e1gra van. Szatelit rendel\u0151ket m\u0171k\u00f6dtet\u00fcnk. A laparoszk\u00f3pos ivartalan\u00edt\u00e1s \u00e9s a lovak has\u00fcregi seb\u00e9szete r\u00e9v\u00e9n orsz\u00e1gos az ismerts\u00e9g\u00fcnk. Haszon\u00e1llatos \u00e9s lovas mentor\u00e1l\u00e1si programunkkal egyedi versenyel\u0151nyt \u00e9s biztos piacot garant\u00e1lunk a telepell\u00e1t\u00e1st saj\u00e1t haszn\u00e1ra v\u00e1llal\u00f3, ak\u00e1r","og_url":"https:\/\/univet.hu\/allasborze\/allasborze-2023\/kiallitok\/turi-szolgaltato-kft\/","og_site_name":"\u00c1ll\u00e1sb\u00f6rze","article_modified_time":"2025-01-10T12:55:04+00:00","og_image":[{"url":"https:\/\/univet.hu\/allasborze\/wp-content\/uploads\/sites\/2\/2023\/01\/turi-320x52.png","type":"","width":"","height":""}],"twitter_card":"summary_large_image","twitter_misc":{"Becs\u00fclt olvas\u00e1si id\u0151":"1 perc"},"schema":{"@context":"https:\/\/schema.org","@graph":[{"@type":"WebPage","@id":"https:\/\/univet.hu\/allasborze\/allasborze-2023\/kiallitok\/turi-szolgaltato-kft\/","url":"https:\/\/univet.hu\/allasborze\/allasborze-2023\/kiallitok\/turi-szolgaltato-kft\/","name":"T\u00fari Szolg\u00e1ltat\u00f3 Kft. - \u00c1ll\u00e1sb\u00f6rze","isPartOf":{"@id":"https:\/\/univet.hu\/allasborze\/#website"},"primaryImageOfPage":{"@id":"https:\/\/univet.hu\/allasborze\/allasborze-2023\/kiallitok\/turi-szolgaltato-kft\/#primaryimage"},"image":{"@id":"https:\/\/univet.hu\/allasborze\/allasborze-2023\/kiallitok\/turi-szolgaltato-kft\/#primaryimage"},"thumbnailUrl":"https:\/\/univet.hu\/allasborze\/wp-content\/uploads\/sites\/2\/2023\/01\/turi-320x52.png","datePublished":"2023-01-23T10:34:43+00:00","dateModified":"2025-01-10T12:55:04+00:00","breadcrumb":{"@id":"https:\/\/univet.hu\/allasborze\/allasborze-2023\/kiallitok\/turi-szolgaltato-kft\/#breadcrumb"},"inLanguage":"hu","potentialAction":[{"@type":"ReadAction","target":["https:\/\/univet.hu\/allasborze\/allasborze-2023\/kiallitok\/turi-szolgaltato-kft\/"]}]},{"@type":"ImageObject","inLanguage":"hu","@id":"https:\/\/univet.hu\/allasborze\/allasborze-2023\/kiallitok\/turi-szolgaltato-kft\/#primaryimage","url":"https:\/\/univet.hu\/allasborze\/wp-content\/uploads\/sites\/2\/2023\/01\/turi.png","contentUrl":"https:\/\/univet.hu\/allasborze\/wp-content\/uploads\/sites\/2\/2023\/01\/turi.png","width":464,"height":76},{"@type":"BreadcrumbList","@id":"https:\/\/univet.hu\/allasborze\/allasborze-2023\/kiallitok\/turi-szolgaltato-kft\/#breadcrumb","itemListElement":[{"@type":"ListItem","position":1,"name":"Kezd\u0151lap","item":"https:\/\/univet.hu\/allasborze\/"},{"@type":"ListItem","position":2,"name":"\u00c1ll\u00e1sb\u00f6rze 2023","item":"https:\/\/univet.hu\/allasborze\/allasborze-2023\/"},{"@type":"ListItem","position":3,"name":"Ki\u00e1ll\u00edt\u00f3k","item":"https:\/\/univet.hu\/allasborze\/allasborze-2023\/kiallitok\/"},{"@type":"ListItem","position":4,"name":"T\u00fari Szolg\u00e1ltat\u00f3 Kft."}]},{"@type":"WebSite","@id":"https:\/\/univet.hu\/allasborze\/#website","url":"https:\/\/univet.hu\/allasborze\/","name":"\u00c1ll\u00e1sb\u00f6rze","description":"","potentialAction":[{"@type":"SearchAction","target":{"@type":"EntryPoint","urlTemplate":"https:\/\/univet.hu\/allasborze\/?s={search_term_string}"},"query-input":{"@type":"PropertyValueSpecification","valueRequired":true,"valueName":"search_term_string"}}],"inLanguage":"hu"}]}},"_links":{"self":[{"href":"https:\/\/univet.hu\/allasborze\/wp-json\/wp\/v2\/pages\/82227","targetHints":{"allow":["GET"]}}],"collection":[{"href":"https:\/\/univet.hu\/allasborze\/wp-json\/wp\/v2\/pages"}],"about":[{"href":"https:\/\/univet.hu\/allasborze\/wp-json\/wp\/v2\/types\/page"}],"author":[{"embeddable":true,"href":"https:\/\/univet.hu\/allasborze\/wp-json\/wp\/v2\/users\/2518"}],"replies":[{"embeddable":true,"href":"https:\/\/univet.hu\/allasborze\/wp-json\/wp\/v2\/comments?post=82227"}],"version-history":[{"count":1,"href":"https:\/\/univet.hu\/allasborze\/wp-json\/wp\/v2\/pages\/82227\/revisions"}],"predecessor-version":[{"id":172688,"href":"https:\/\/univet.hu\/allasborze\/wp-json\/wp\/v2\/pages\/82227\/revisions\/172688"}],"up":[{"embeddable":true,"href":"https:\/\/univet.hu\/allasborze\/wp-json\/wp\/v2\/pages\/80830"}],"wp:attachment":[{"href":"https:\/\/univet.hu\/allasborze\/wp-json\/wp\/v2\/media?parent=82227"}],"wp:term":[{"taxonomy":"category","embeddable":true,"href":"https:\/\/univet.hu\/allasborze\/wp-json\/wp\/v2\/categories?post=82227"},{"taxonomy":"post_tag","embeddable":true,"href":"https:\/\/univet.hu\/allasborze\/wp-json\/wp\/v2\/tags?post=82227"}],"curies":[{"name":"wp","href":"https:\/\/api.w.org\/{rel}","templated":true}]}}