{"id":82232,"date":"2023-01-23T11:37:54","date_gmt":"2023-01-23T10:37:54","guid":{"rendered":"https:\/\/univet.hu\/hu\/allasborze-2023\/kiallitok\/name\/"},"modified":"2025-01-10T13:55:03","modified_gmt":"2025-01-10T12:55:03","slug":"master-good-cegcsoport","status":"publish","type":"page","link":"https:\/\/univet.hu\/allasborze\/allasborze-2023\/kiallitok\/master-good-cegcsoport\/","title":{"rendered":"Master Good C\u00e9gcsoport"},"content":{"rendered":"<p><a href=\"https:\/\/univet.hu\/en\/allasborze-2023\/kiallitok\/master-good-cegcsoport\/uj-master_good_logo_png-2\/\" rel=\"attachment wp-att-82249\"><img loading=\"lazy\" decoding=\"async\" class=\"aligncenter wp-image-82249 size-medium\" src=\"https:\/\/univet.hu\/allasborze\/wp-content\/uploads\/sites\/2\/2023\/01\/UJ-master_good_logo_png-2-320x226.png\" alt=\"\" width=\"320\" height=\"226\" srcset=\"https:\/\/univet.hu\/allasborze\/wp-content\/uploads\/sites\/2\/2023\/01\/UJ-master_good_logo_png-2-320x226.png 320w, https:\/\/univet.hu\/allasborze\/wp-content\/uploads\/sites\/2\/2023\/01\/UJ-master_good_logo_png-2-768x541.png 768w, https:\/\/univet.hu\/allasborze\/wp-content\/uploads\/sites\/2\/2023\/01\/UJ-master_good_logo_png-2-1024x722.png 1024w, https:\/\/univet.hu\/allasborze\/wp-content\/uploads\/sites\/2\/2023\/01\/UJ-master_good_logo_png-2-1536x1083.png 1536w, https:\/\/univet.hu\/allasborze\/wp-content\/uploads\/sites\/2\/2023\/01\/UJ-master_good_logo_png-2-2048x1444.png 2048w, https:\/\/univet.hu\/allasborze\/wp-content\/uploads\/sites\/2\/2023\/01\/UJ-master_good_logo_png-2-300x211.png 300w\" sizes=\"auto, (max-width: 320px) 100vw, 320px\" \/><\/a><\/p> <h4><strong>A Master Good C\u00e9gcsoport\u00a0<\/strong><strong>bemutat\u00e1sa<\/strong><\/h4> <p>&nbsp;<\/p> <p>A Master Good c\u00e9gcsoport \u00c9szakkelet Magyarorsz\u00e1g ter\u00fclet\u00e9n m\u0171k\u00f6dik, integr\u00e1lt takarm\u00e1ny-termeltet\u00e9ssel, baromfiteny\u00e9szt\u00e9ssel, keltet\u00e9ssel, brojlerh\u00edzlal\u00e1ssal \u00e9s feldolgoz\u00e1ssal foglalkozik. A c\u00e9gcsoport 100 %-ban a B\u00e1r\u00e1ny csal\u00e1d tulajdon\u00e1ban van.<\/p> <p>A B\u00e1r\u00e1ny csal\u00e1d 115 \u00e9ve, n\u00e9gy gener\u00e1ci\u00f3ra kiterjed\u0151en foglalkozik baromfiteny\u00e9szt\u00e9ssel, ez\u00e1ltal Magyarorsz\u00e1g legr\u00e9gibb baromfiteny\u00e9szt\u0151 dinaszti\u00e1ja. A trad\u00edci\u00f3t elind\u00edt\u00f3 els\u0151 gener\u00e1ci\u00f3 a Sz\u00e9chenyi gr\u00f3fok uradalmi baromfiteny\u00e9szt\u0151je volt. Az \u00e1ltala k\u00e9pviselt szakma ir\u00e1nti elk\u00f6telezetts\u00e9g, gener\u00e1ci\u00f3r\u00f3l gener\u00e1ci\u00f3ra sz\u00e1llt. A c\u00e9gcsoport jelenlegi sikereinek a kulcsa is ebb\u0151l az \u00f6r\u00f6ks\u00e9gb\u0151l ered.<\/p> <p>A v\u00e1llalkoz\u00e1s kezdetben 5 f\u0151vel indult (1994-ben), majd 1998-ban egy intenz\u00edv fejl\u0151d\u00e9s kezd\u0151d\u00f6tt: jelent\u0151s l\u00e9pt\u00e9k\u0171 \u00e9s \u00f6sszeg\u0171 beruh\u00e1z\u00e1sokkal, \u00e9s foglalkoztat\u00e1si l\u00e9tsz\u00e1mb\u0151v\u00fcl\u00e9ssel. Ebben az id\u0151ben l\u00e9tes\u00fclt t\u00f6bb baromfi teny\u00e9sz- \u00e9s brojlertelep, tov\u00e1bbi takarm\u00e1nykever\u0151 \u00fczem \u00e9s indult a mez\u0151gazdas\u00e1gi n\u00f6v\u00e9nytermeszt\u00e9si integr\u00e1ci\u00f3 is.<\/p> <p>A Master Good C\u00e9gcsoport \u2013 amely tev\u00e9kenys\u00e9g\u00e9nek meghat\u00e1roz\u00f3 r\u00e9sz\u00e9t Szabolcs \u2013 Szatm\u00e1r Bereg megy\u00e9ben v\u00e9gzi \u2013 Magyarorsz\u00e1g egyetlen 100 %-ban integr\u00e1lt baromfi profil\u00fa v\u00e1llalkoz\u00e1sa.<\/p> <p>A takarm\u00e1nyn\u00f6v\u00e9nyek integr\u00e1ci\u00f3j\u00e1t, baromfiteny\u00e9szt\u00e9st, keltet\u00e9st, ipari brojler h\u00edzlal\u00e1st, valamint a Tanyasi csirke szabadtart\u00e1s\u00fa csirk\u00e9k nevel\u00e9s\u00e9t, \u00e9s a mez\u0151gazdas\u00e1gi alaptev\u00e9kenys\u00e9get a Baromfi- Coop Kft. v\u00e9gzi.<\/p> <p>Az \u00e9l\u0151baromfi els\u0151dleges feldolgoz\u00e1s\u00e1t (v\u00e1g\u00e1s, darabol\u00e1s), az el\u0151k\u00e9sz\u00edtett \u00e9s tov\u00e1bb feldolgozott term\u00e9kek el\u0151\u00e1ll\u00edt\u00e1s\u00e1t, valamint az \u00e9rt\u00e9kes\u00edt\u00e9st a Master Good Kft. szervezi \u00e9s ir\u00e1ny\u00edtja.<\/p> <p>A term\u00e9kek kisz\u00e1ll\u00edt\u00e1s\u00e1t saj\u00e1t aut\u00f3parkkal v\u00e9gezz\u00fck, biztos\u00edtva ezzel a term\u00e9k min\u0151s\u00e9g\u00e9nek meg\u0151rz\u00e9s\u00e9t \u00e9s a sz\u00e1ll\u00edt\u00e1s pontoss\u00e1g\u00e1t. A Master Good c\u00e9gcsoport f\u0151 piacai a hazai \u00e9s a k\u00fclf\u00f6ldi tulajdon\u00fa \u00e1ruh\u00e1zak. C\u00e9g\u00fcnk b\u00fcszke arra, hogy az Eur\u00f3pai McDonald\u2019s egyik legnagyobb alapanyag besz\u00e1ll\u00edt\u00f3ja. Az elm\u00falt \u00e9vek sikeres beruh\u00e1z\u00e1sai, valamint a kedvez\u0151 piaci k\u00f6rnyezet lehet\u0151v\u00e9 tette, hogy a c\u00e9gcsoport fejleszt\u00e9si tervei a n\u00f6veked\u00e9sr\u0151l sz\u00f3ljanak.<\/p> <p>C\u00e9gcsoportunk vil\u00e1gos j\u00f6v\u0151k\u00e9ppel rendelkeznek, amelyek a fejleszt\u00e9s \u00e9s a n\u00f6veked\u00e9s \u00e9rdekeit szolg\u00e1lj\u00e1k.<\/p> <p><strong>Tov\u00e1bbi inform\u00e1ci\u00f3k:<\/strong>\u00a0<a href=\"https:\/\/mastergood.hu\/\">https:\/\/mastergood.hu\/<\/a><\/p> <p>&nbsp;<\/p>","protected":false},"excerpt":{"rendered":"<p>A Master Good C\u00e9gcsoport\u00a0bemutat\u00e1sa &nbsp; A Master Good c\u00e9gcsoport \u00c9szakkelet Magyarorsz\u00e1g ter\u00fclet\u00e9n m\u0171k\u00f6dik, integr\u00e1lt takarm\u00e1ny-termeltet\u00e9ssel, baromfiteny\u00e9szt\u00e9ssel, keltet\u00e9ssel, brojlerh\u00edzlal\u00e1ssal \u00e9s feldolgoz\u00e1ssal foglalkozik. A c\u00e9gcsoport 100 %-ban a B\u00e1r\u00e1ny csal\u00e1d tulajdon\u00e1ban van. A B\u00e1r\u00e1ny csal\u00e1d 115 \u00e9ve, n\u00e9gy gener\u00e1ci\u00f3ra kiterjed\u0151en foglalkozik baromfiteny\u00e9szt\u00e9ssel, ez\u00e1ltal Magyarorsz\u00e1g legr\u00e9gibb baromfiteny\u00e9szt\u0151 dinaszti\u00e1ja. A trad\u00edci\u00f3t elind\u00edt\u00f3 els\u0151 gener\u00e1ci\u00f3 a Sz\u00e9chenyi gr\u00f3fok uradalmi baromfiteny\u00e9szt\u0151je<\/p>\n","protected":false},"author":2518,"featured_media":0,"parent":80830,"menu_order":0,"comment_status":"open","ping_status":"open","template":"","meta":{"_acf_changed":false,"footnotes":""},"categories":[],"tags":[],"class_list":["post-82232","page","type-page","status-publish","hentry"],"acf":[],"yoast_head":"<!-- This site is optimized with the Yoast SEO plugin v27.2 - https:\/\/yoast.com\/product\/yoast-seo-wordpress\/ -->\n<title>Master Good C\u00e9gcsoport - \u00c1ll\u00e1sb\u00f6rze<\/title>\n<meta name=\"robots\" content=\"index, follow, max-snippet:-1, max-image-preview:large, max-video-preview:-1\" \/>\n<link rel=\"canonical\" href=\"https:\/\/univet.hu\/allasborze\/allasborze-2023\/kiallitok\/master-good-cegcsoport\/\" \/>\n<meta property=\"og:locale\" content=\"hu_HU\" \/>\n<meta property=\"og:type\" content=\"article\" \/>\n<meta property=\"og:title\" content=\"Master Good C\u00e9gcsoport - \u00c1ll\u00e1sb\u00f6rze\" \/>\n<meta property=\"og:description\" content=\"A Master Good C\u00e9gcsoport\u00a0bemutat\u00e1sa &nbsp; A Master Good c\u00e9gcsoport \u00c9szakkelet Magyarorsz\u00e1g ter\u00fclet\u00e9n m\u0171k\u00f6dik, integr\u00e1lt takarm\u00e1ny-termeltet\u00e9ssel, baromfiteny\u00e9szt\u00e9ssel, keltet\u00e9ssel, brojlerh\u00edzlal\u00e1ssal \u00e9s feldolgoz\u00e1ssal foglalkozik. A c\u00e9gcsoport 100 %-ban a B\u00e1r\u00e1ny csal\u00e1d tulajdon\u00e1ban van. A B\u00e1r\u00e1ny csal\u00e1d 115 \u00e9ve, n\u00e9gy gener\u00e1ci\u00f3ra kiterjed\u0151en foglalkozik baromfiteny\u00e9szt\u00e9ssel, ez\u00e1ltal Magyarorsz\u00e1g legr\u00e9gibb baromfiteny\u00e9szt\u0151 dinaszti\u00e1ja. A trad\u00edci\u00f3t elind\u00edt\u00f3 els\u0151 gener\u00e1ci\u00f3 a Sz\u00e9chenyi gr\u00f3fok uradalmi baromfiteny\u00e9szt\u0151je\" \/>\n<meta property=\"og:url\" content=\"https:\/\/univet.hu\/allasborze\/allasborze-2023\/kiallitok\/master-good-cegcsoport\/\" \/>\n<meta property=\"og:site_name\" content=\"\u00c1ll\u00e1sb\u00f6rze\" \/>\n<meta property=\"article:modified_time\" content=\"2025-01-10T12:55:03+00:00\" \/>\n<meta property=\"og:image\" content=\"https:\/\/univet.hu\/allasborze\/wp-content\/uploads\/sites\/2\/2023\/01\/UJ-master_good_logo_png-2-320x226.png\" \/>\n<meta name=\"twitter:card\" content=\"summary_large_image\" \/>\n<meta name=\"twitter:label1\" content=\"Becs\u00fclt olvas\u00e1si id\u0151\" \/>\n\t<meta name=\"twitter:data1\" content=\"2 perc\" \/>\n<script type=\"application\/ld+json\" class=\"yoast-schema-graph\">{\"@context\":\"https:\/\/schema.org\",\"@graph\":[{\"@type\":\"WebPage\",\"@id\":\"https:\/\/univet.hu\/allasborze\/allasborze-2023\/kiallitok\/master-good-cegcsoport\/\",\"url\":\"https:\/\/univet.hu\/allasborze\/allasborze-2023\/kiallitok\/master-good-cegcsoport\/\",\"name\":\"Master Good C\u00e9gcsoport - \u00c1ll\u00e1sb\u00f6rze\",\"isPartOf\":{\"@id\":\"https:\/\/univet.hu\/allasborze\/#website\"},\"primaryImageOfPage\":{\"@id\":\"https:\/\/univet.hu\/allasborze\/allasborze-2023\/kiallitok\/master-good-cegcsoport\/#primaryimage\"},\"image\":{\"@id\":\"https:\/\/univet.hu\/allasborze\/allasborze-2023\/kiallitok\/master-good-cegcsoport\/#primaryimage\"},\"thumbnailUrl\":\"https:\/\/univet.hu\/allasborze\/wp-content\/uploads\/sites\/2\/2023\/01\/UJ-master_good_logo_png-2-320x226.png\",\"datePublished\":\"2023-01-23T10:37:54+00:00\",\"dateModified\":\"2025-01-10T12:55:03+00:00\",\"breadcrumb\":{\"@id\":\"https:\/\/univet.hu\/allasborze\/allasborze-2023\/kiallitok\/master-good-cegcsoport\/#breadcrumb\"},\"inLanguage\":\"hu\",\"potentialAction\":[{\"@type\":\"ReadAction\",\"target\":[\"https:\/\/univet.hu\/allasborze\/allasborze-2023\/kiallitok\/master-good-cegcsoport\/\"]}]},{\"@type\":\"ImageObject\",\"inLanguage\":\"hu\",\"@id\":\"https:\/\/univet.hu\/allasborze\/allasborze-2023\/kiallitok\/master-good-cegcsoport\/#primaryimage\",\"url\":\"https:\/\/univet.hu\/allasborze\/wp-content\/uploads\/sites\/2\/2023\/01\/UJ-master_good_logo_png-2.png\",\"contentUrl\":\"https:\/\/univet.hu\/allasborze\/wp-content\/uploads\/sites\/2\/2023\/01\/UJ-master_good_logo_png-2.png\",\"width\":4960,\"height\":3496},{\"@type\":\"BreadcrumbList\",\"@id\":\"https:\/\/univet.hu\/allasborze\/allasborze-2023\/kiallitok\/master-good-cegcsoport\/#breadcrumb\",\"itemListElement\":[{\"@type\":\"ListItem\",\"position\":1,\"name\":\"Kezd\u0151lap\",\"item\":\"https:\/\/univet.hu\/allasborze\/\"},{\"@type\":\"ListItem\",\"position\":2,\"name\":\"\u00c1ll\u00e1sb\u00f6rze 2023\",\"item\":\"https:\/\/univet.hu\/allasborze\/allasborze-2023\/\"},{\"@type\":\"ListItem\",\"position\":3,\"name\":\"Ki\u00e1ll\u00edt\u00f3k\",\"item\":\"https:\/\/univet.hu\/allasborze\/allasborze-2023\/kiallitok\/\"},{\"@type\":\"ListItem\",\"position\":4,\"name\":\"Master Good C\u00e9gcsoport\"}]},{\"@type\":\"WebSite\",\"@id\":\"https:\/\/univet.hu\/allasborze\/#website\",\"url\":\"https:\/\/univet.hu\/allasborze\/\",\"name\":\"\u00c1ll\u00e1sb\u00f6rze\",\"description\":\"\",\"potentialAction\":[{\"@type\":\"SearchAction\",\"target\":{\"@type\":\"EntryPoint\",\"urlTemplate\":\"https:\/\/univet.hu\/allasborze\/?s={search_term_string}\"},\"query-input\":{\"@type\":\"PropertyValueSpecification\",\"valueRequired\":true,\"valueName\":\"search_term_string\"}}],\"inLanguage\":\"hu\"}]}<\/script>\n<!-- \/ Yoast SEO plugin. -->","yoast_head_json":{"title":"Master Good C\u00e9gcsoport - \u00c1ll\u00e1sb\u00f6rze","robots":{"index":"index","follow":"follow","max-snippet":"max-snippet:-1","max-image-preview":"max-image-preview:large","max-video-preview":"max-video-preview:-1"},"canonical":"https:\/\/univet.hu\/allasborze\/allasborze-2023\/kiallitok\/master-good-cegcsoport\/","og_locale":"hu_HU","og_type":"article","og_title":"Master Good C\u00e9gcsoport - \u00c1ll\u00e1sb\u00f6rze","og_description":"A Master Good C\u00e9gcsoport\u00a0bemutat\u00e1sa &nbsp; A Master Good c\u00e9gcsoport \u00c9szakkelet Magyarorsz\u00e1g ter\u00fclet\u00e9n m\u0171k\u00f6dik, integr\u00e1lt takarm\u00e1ny-termeltet\u00e9ssel, baromfiteny\u00e9szt\u00e9ssel, keltet\u00e9ssel, brojlerh\u00edzlal\u00e1ssal \u00e9s feldolgoz\u00e1ssal foglalkozik. A c\u00e9gcsoport 100 %-ban a B\u00e1r\u00e1ny csal\u00e1d tulajdon\u00e1ban van. A B\u00e1r\u00e1ny csal\u00e1d 115 \u00e9ve, n\u00e9gy gener\u00e1ci\u00f3ra kiterjed\u0151en foglalkozik baromfiteny\u00e9szt\u00e9ssel, ez\u00e1ltal Magyarorsz\u00e1g legr\u00e9gibb baromfiteny\u00e9szt\u0151 dinaszti\u00e1ja. A trad\u00edci\u00f3t elind\u00edt\u00f3 els\u0151 gener\u00e1ci\u00f3 a Sz\u00e9chenyi gr\u00f3fok uradalmi baromfiteny\u00e9szt\u0151je","og_url":"https:\/\/univet.hu\/allasborze\/allasborze-2023\/kiallitok\/master-good-cegcsoport\/","og_site_name":"\u00c1ll\u00e1sb\u00f6rze","article_modified_time":"2025-01-10T12:55:03+00:00","og_image":[{"url":"https:\/\/univet.hu\/allasborze\/wp-content\/uploads\/sites\/2\/2023\/01\/UJ-master_good_logo_png-2-320x226.png","type":"","width":"","height":""}],"twitter_card":"summary_large_image","twitter_misc":{"Becs\u00fclt olvas\u00e1si id\u0151":"2 perc"},"schema":{"@context":"https:\/\/schema.org","@graph":[{"@type":"WebPage","@id":"https:\/\/univet.hu\/allasborze\/allasborze-2023\/kiallitok\/master-good-cegcsoport\/","url":"https:\/\/univet.hu\/allasborze\/allasborze-2023\/kiallitok\/master-good-cegcsoport\/","name":"Master Good C\u00e9gcsoport - \u00c1ll\u00e1sb\u00f6rze","isPartOf":{"@id":"https:\/\/univet.hu\/allasborze\/#website"},"primaryImageOfPage":{"@id":"https:\/\/univet.hu\/allasborze\/allasborze-2023\/kiallitok\/master-good-cegcsoport\/#primaryimage"},"image":{"@id":"https:\/\/univet.hu\/allasborze\/allasborze-2023\/kiallitok\/master-good-cegcsoport\/#primaryimage"},"thumbnailUrl":"https:\/\/univet.hu\/allasborze\/wp-content\/uploads\/sites\/2\/2023\/01\/UJ-master_good_logo_png-2-320x226.png","datePublished":"2023-01-23T10:37:54+00:00","dateModified":"2025-01-10T12:55:03+00:00","breadcrumb":{"@id":"https:\/\/univet.hu\/allasborze\/allasborze-2023\/kiallitok\/master-good-cegcsoport\/#breadcrumb"},"inLanguage":"hu","potentialAction":[{"@type":"ReadAction","target":["https:\/\/univet.hu\/allasborze\/allasborze-2023\/kiallitok\/master-good-cegcsoport\/"]}]},{"@type":"ImageObject","inLanguage":"hu","@id":"https:\/\/univet.hu\/allasborze\/allasborze-2023\/kiallitok\/master-good-cegcsoport\/#primaryimage","url":"https:\/\/univet.hu\/allasborze\/wp-content\/uploads\/sites\/2\/2023\/01\/UJ-master_good_logo_png-2.png","contentUrl":"https:\/\/univet.hu\/allasborze\/wp-content\/uploads\/sites\/2\/2023\/01\/UJ-master_good_logo_png-2.png","width":4960,"height":3496},{"@type":"BreadcrumbList","@id":"https:\/\/univet.hu\/allasborze\/allasborze-2023\/kiallitok\/master-good-cegcsoport\/#breadcrumb","itemListElement":[{"@type":"ListItem","position":1,"name":"Kezd\u0151lap","item":"https:\/\/univet.hu\/allasborze\/"},{"@type":"ListItem","position":2,"name":"\u00c1ll\u00e1sb\u00f6rze 2023","item":"https:\/\/univet.hu\/allasborze\/allasborze-2023\/"},{"@type":"ListItem","position":3,"name":"Ki\u00e1ll\u00edt\u00f3k","item":"https:\/\/univet.hu\/allasborze\/allasborze-2023\/kiallitok\/"},{"@type":"ListItem","position":4,"name":"Master Good C\u00e9gcsoport"}]},{"@type":"WebSite","@id":"https:\/\/univet.hu\/allasborze\/#website","url":"https:\/\/univet.hu\/allasborze\/","name":"\u00c1ll\u00e1sb\u00f6rze","description":"","potentialAction":[{"@type":"SearchAction","target":{"@type":"EntryPoint","urlTemplate":"https:\/\/univet.hu\/allasborze\/?s={search_term_string}"},"query-input":{"@type":"PropertyValueSpecification","valueRequired":true,"valueName":"search_term_string"}}],"inLanguage":"hu"}]}},"_links":{"self":[{"href":"https:\/\/univet.hu\/allasborze\/wp-json\/wp\/v2\/pages\/82232","targetHints":{"allow":["GET"]}}],"collection":[{"href":"https:\/\/univet.hu\/allasborze\/wp-json\/wp\/v2\/pages"}],"about":[{"href":"https:\/\/univet.hu\/allasborze\/wp-json\/wp\/v2\/types\/page"}],"author":[{"embeddable":true,"href":"https:\/\/univet.hu\/allasborze\/wp-json\/wp\/v2\/users\/2518"}],"replies":[{"embeddable":true,"href":"https:\/\/univet.hu\/allasborze\/wp-json\/wp\/v2\/comments?post=82232"}],"version-history":[{"count":1,"href":"https:\/\/univet.hu\/allasborze\/wp-json\/wp\/v2\/pages\/82232\/revisions"}],"predecessor-version":[{"id":172679,"href":"https:\/\/univet.hu\/allasborze\/wp-json\/wp\/v2\/pages\/82232\/revisions\/172679"}],"up":[{"embeddable":true,"href":"https:\/\/univet.hu\/allasborze\/wp-json\/wp\/v2\/pages\/80830"}],"wp:attachment":[{"href":"https:\/\/univet.hu\/allasborze\/wp-json\/wp\/v2\/media?parent=82232"}],"wp:term":[{"taxonomy":"category","embeddable":true,"href":"https:\/\/univet.hu\/allasborze\/wp-json\/wp\/v2\/categories?post=82232"},{"taxonomy":"post_tag","embeddable":true,"href":"https:\/\/univet.hu\/allasborze\/wp-json\/wp\/v2\/tags?post=82232"}],"curies":[{"name":"wp","href":"https:\/\/api.w.org\/{rel}","templated":true}]}}