{"id":96056,"date":"2023-10-12T11:14:48","date_gmt":"2023-10-12T09:14:48","guid":{"rendered":"https:\/\/univet.hu\/?page_id=96056"},"modified":"2025-01-10T13:55:05","modified_gmt":"2025-01-10T12:55:05","slug":"allasborze-2024","status":"publish","type":"page","link":"https:\/\/univet.hu\/allasborze\/allasborze-2024\/","title":{"rendered":"\u00c1ll\u00e1sb\u00f6rze 2024"},"content":{"rendered":"<p>Rem\u00e9lj\u00fck, hogy hamarosan \u00d6nt is r\u00e9sztvev\u0151ink k\u00f6z\u00f6tt k\u00f6sz\u00f6nthetj\u00fck az \u00c1llatorvostudom\u00e1nyi Egyetem \u00e9vente megrendez\u00e9sre ker\u00fcl\u0151 \u00c1ll\u00e1sb\u00f6rz\u00e9j\u00e9n!<\/p> <p><strong>D\u00e1tum: 2024. febru\u00e1r 8. (cs\u00fct\u00f6rt\u00f6k) 10:00-t\u00f3l 16:00-ig.<\/strong><\/p> <p><strong>Helysz\u00edn:<\/strong> \u00c1llatorvostudom\u00e1nyi Egyetem &#8211; Aula (1078-Bp, Istv\u00e1n utca 2.)<\/p> <p><span class=\"emphasis\">A Ki\u00e1ll\u00edt\u00f3k regisztr\u00e1ci\u00f3ja befejez\u0151d\u00f6tt.\u00a0<\/span><\/p> <p><a href=\"https:\/\/issuu.com\/univet0\/docs\/_ll_sb_rze_-_2024.02.08._-_online_kiadv_ny\">A kiadv\u00e1ny itt el\u00e9rhet\u0151<\/a><\/p> <p><strong>Kapcsolat:<\/strong><br \/> \u00c1llatorvostudom\u00e1nyi Egyetem<br \/> Kommunik\u00e1ci\u00f3s Oszt\u00e1ly \u2013 Scheuring Krisztina<br \/> 1078 Budapest, Istv\u00e1n u. 2.<br \/> E-mail: <a class=\"decrypt\" rel=\"tdifvsjoh\/lsjt{ujobAvojwfu\/iv\" href=\"javascript:void(0);\">[Kattintson az emailc\u00edmhez]<\/a><br \/> Telefon: +36 1 478 4100 \/ 8362<\/p> <p>&nbsp;<\/p>","protected":false},"excerpt":{"rendered":"<p>Rem\u00e9lj\u00fck, hogy hamarosan \u00d6nt is r\u00e9sztvev\u0151ink k\u00f6z\u00f6tt k\u00f6sz\u00f6nthetj\u00fck az \u00c1llatorvostudom\u00e1nyi Egyetem \u00e9vente megrendez\u00e9sre ker\u00fcl\u0151 \u00c1ll\u00e1sb\u00f6rz\u00e9j\u00e9n! D\u00e1tum: 2024. febru\u00e1r 8. (cs\u00fct\u00f6rt\u00f6k) 10:00-t\u00f3l 16:00-ig. Helysz\u00edn: \u00c1llatorvostudom\u00e1nyi Egyetem &#8211; Aula (1078-Bp, Istv\u00e1n utca 2.) A Ki\u00e1ll\u00edt\u00f3k regisztr\u00e1ci\u00f3ja befejez\u0151d\u00f6tt.\u00a0 A kiadv\u00e1ny itt el\u00e9rhet\u0151 Kapcsolat: \u00c1llatorvostudom\u00e1nyi Egyetem Kommunik\u00e1ci\u00f3s Oszt\u00e1ly \u2013 Scheuring Krisztina 1078 Budapest, Istv\u00e1n u. 2. E-mail: [Kattintson az<\/p>\n","protected":false},"author":2518,"featured_media":0,"parent":0,"menu_order":0,"comment_status":"closed","ping_status":"closed","template":"","meta":{"_acf_changed":false,"footnotes":""},"categories":[],"tags":[],"class_list":["post-96056","page","type-page","status-publish","hentry"],"acf":[],"yoast_head":"<!-- This site is optimized with the Yoast SEO plugin v27.2 - https:\/\/yoast.com\/product\/yoast-seo-wordpress\/ -->\n<title>\u00c1ll\u00e1sb\u00f6rze 2024 - \u00c1ll\u00e1sb\u00f6rze<\/title>\n<meta name=\"robots\" content=\"index, follow, max-snippet:-1, max-image-preview:large, max-video-preview:-1\" \/>\n<link rel=\"canonical\" href=\"https:\/\/univet.hu\/allasborze\/allasborze-2024\/\" \/>\n<meta property=\"og:locale\" content=\"hu_HU\" \/>\n<meta property=\"og:type\" content=\"article\" \/>\n<meta property=\"og:title\" content=\"\u00c1ll\u00e1sb\u00f6rze 2024 - \u00c1ll\u00e1sb\u00f6rze\" \/>\n<meta property=\"og:description\" content=\"Rem\u00e9lj\u00fck, hogy hamarosan \u00d6nt is r\u00e9sztvev\u0151ink k\u00f6z\u00f6tt k\u00f6sz\u00f6nthetj\u00fck az \u00c1llatorvostudom\u00e1nyi Egyetem \u00e9vente megrendez\u00e9sre ker\u00fcl\u0151 \u00c1ll\u00e1sb\u00f6rz\u00e9j\u00e9n! D\u00e1tum: 2024. febru\u00e1r 8. (cs\u00fct\u00f6rt\u00f6k) 10:00-t\u00f3l 16:00-ig. Helysz\u00edn: \u00c1llatorvostudom\u00e1nyi Egyetem &#8211; Aula (1078-Bp, Istv\u00e1n utca 2.) A Ki\u00e1ll\u00edt\u00f3k regisztr\u00e1ci\u00f3ja befejez\u0151d\u00f6tt.\u00a0 A kiadv\u00e1ny itt el\u00e9rhet\u0151 Kapcsolat: \u00c1llatorvostudom\u00e1nyi Egyetem Kommunik\u00e1ci\u00f3s Oszt\u00e1ly \u2013 Scheuring Krisztina 1078 Budapest, Istv\u00e1n u. 2. E-mail: [Kattintson az\" \/>\n<meta property=\"og:url\" content=\"https:\/\/univet.hu\/allasborze\/allasborze-2024\/\" \/>\n<meta property=\"og:site_name\" content=\"\u00c1ll\u00e1sb\u00f6rze\" \/>\n<meta property=\"article:modified_time\" content=\"2025-01-10T12:55:05+00:00\" \/>\n<meta name=\"twitter:card\" content=\"summary_large_image\" \/>\n<script type=\"application\/ld+json\" class=\"yoast-schema-graph\">{\"@context\":\"https:\/\/schema.org\",\"@graph\":[{\"@type\":\"WebPage\",\"@id\":\"https:\/\/univet.hu\/allasborze\/allasborze-2024\/\",\"url\":\"https:\/\/univet.hu\/allasborze\/allasborze-2024\/\",\"name\":\"\u00c1ll\u00e1sb\u00f6rze 2024 - \u00c1ll\u00e1sb\u00f6rze\",\"isPartOf\":{\"@id\":\"https:\/\/univet.hu\/allasborze\/#website\"},\"datePublished\":\"2023-10-12T09:14:48+00:00\",\"dateModified\":\"2025-01-10T12:55:05+00:00\",\"breadcrumb\":{\"@id\":\"https:\/\/univet.hu\/allasborze\/allasborze-2024\/#breadcrumb\"},\"inLanguage\":\"hu\",\"potentialAction\":[{\"@type\":\"ReadAction\",\"target\":[\"https:\/\/univet.hu\/allasborze\/allasborze-2024\/\"]}]},{\"@type\":\"BreadcrumbList\",\"@id\":\"https:\/\/univet.hu\/allasborze\/allasborze-2024\/#breadcrumb\",\"itemListElement\":[{\"@type\":\"ListItem\",\"position\":1,\"name\":\"Kezd\u0151lap\",\"item\":\"https:\/\/univet.hu\/allasborze\/\"},{\"@type\":\"ListItem\",\"position\":2,\"name\":\"\u00c1ll\u00e1sb\u00f6rze 2024\"}]},{\"@type\":\"WebSite\",\"@id\":\"https:\/\/univet.hu\/allasborze\/#website\",\"url\":\"https:\/\/univet.hu\/allasborze\/\",\"name\":\"\u00c1ll\u00e1sb\u00f6rze\",\"description\":\"\",\"potentialAction\":[{\"@type\":\"SearchAction\",\"target\":{\"@type\":\"EntryPoint\",\"urlTemplate\":\"https:\/\/univet.hu\/allasborze\/?s={search_term_string}\"},\"query-input\":{\"@type\":\"PropertyValueSpecification\",\"valueRequired\":true,\"valueName\":\"search_term_string\"}}],\"inLanguage\":\"hu\"}]}<\/script>\n<!-- \/ Yoast SEO plugin. -->","yoast_head_json":{"title":"\u00c1ll\u00e1sb\u00f6rze 2024 - \u00c1ll\u00e1sb\u00f6rze","robots":{"index":"index","follow":"follow","max-snippet":"max-snippet:-1","max-image-preview":"max-image-preview:large","max-video-preview":"max-video-preview:-1"},"canonical":"https:\/\/univet.hu\/allasborze\/allasborze-2024\/","og_locale":"hu_HU","og_type":"article","og_title":"\u00c1ll\u00e1sb\u00f6rze 2024 - \u00c1ll\u00e1sb\u00f6rze","og_description":"Rem\u00e9lj\u00fck, hogy hamarosan \u00d6nt is r\u00e9sztvev\u0151ink k\u00f6z\u00f6tt k\u00f6sz\u00f6nthetj\u00fck az \u00c1llatorvostudom\u00e1nyi Egyetem \u00e9vente megrendez\u00e9sre ker\u00fcl\u0151 \u00c1ll\u00e1sb\u00f6rz\u00e9j\u00e9n! D\u00e1tum: 2024. febru\u00e1r 8. (cs\u00fct\u00f6rt\u00f6k) 10:00-t\u00f3l 16:00-ig. Helysz\u00edn: \u00c1llatorvostudom\u00e1nyi Egyetem &#8211; Aula (1078-Bp, Istv\u00e1n utca 2.) A Ki\u00e1ll\u00edt\u00f3k regisztr\u00e1ci\u00f3ja befejez\u0151d\u00f6tt.\u00a0 A kiadv\u00e1ny itt el\u00e9rhet\u0151 Kapcsolat: \u00c1llatorvostudom\u00e1nyi Egyetem Kommunik\u00e1ci\u00f3s Oszt\u00e1ly \u2013 Scheuring Krisztina 1078 Budapest, Istv\u00e1n u. 2. E-mail: [Kattintson az","og_url":"https:\/\/univet.hu\/allasborze\/allasborze-2024\/","og_site_name":"\u00c1ll\u00e1sb\u00f6rze","article_modified_time":"2025-01-10T12:55:05+00:00","twitter_card":"summary_large_image","schema":{"@context":"https:\/\/schema.org","@graph":[{"@type":"WebPage","@id":"https:\/\/univet.hu\/allasborze\/allasborze-2024\/","url":"https:\/\/univet.hu\/allasborze\/allasborze-2024\/","name":"\u00c1ll\u00e1sb\u00f6rze 2024 - \u00c1ll\u00e1sb\u00f6rze","isPartOf":{"@id":"https:\/\/univet.hu\/allasborze\/#website"},"datePublished":"2023-10-12T09:14:48+00:00","dateModified":"2025-01-10T12:55:05+00:00","breadcrumb":{"@id":"https:\/\/univet.hu\/allasborze\/allasborze-2024\/#breadcrumb"},"inLanguage":"hu","potentialAction":[{"@type":"ReadAction","target":["https:\/\/univet.hu\/allasborze\/allasborze-2024\/"]}]},{"@type":"BreadcrumbList","@id":"https:\/\/univet.hu\/allasborze\/allasborze-2024\/#breadcrumb","itemListElement":[{"@type":"ListItem","position":1,"name":"Kezd\u0151lap","item":"https:\/\/univet.hu\/allasborze\/"},{"@type":"ListItem","position":2,"name":"\u00c1ll\u00e1sb\u00f6rze 2024"}]},{"@type":"WebSite","@id":"https:\/\/univet.hu\/allasborze\/#website","url":"https:\/\/univet.hu\/allasborze\/","name":"\u00c1ll\u00e1sb\u00f6rze","description":"","potentialAction":[{"@type":"SearchAction","target":{"@type":"EntryPoint","urlTemplate":"https:\/\/univet.hu\/allasborze\/?s={search_term_string}"},"query-input":{"@type":"PropertyValueSpecification","valueRequired":true,"valueName":"search_term_string"}}],"inLanguage":"hu"}]}},"_links":{"self":[{"href":"https:\/\/univet.hu\/allasborze\/wp-json\/wp\/v2\/pages\/96056","targetHints":{"allow":["GET"]}}],"collection":[{"href":"https:\/\/univet.hu\/allasborze\/wp-json\/wp\/v2\/pages"}],"about":[{"href":"https:\/\/univet.hu\/allasborze\/wp-json\/wp\/v2\/types\/page"}],"author":[{"embeddable":true,"href":"https:\/\/univet.hu\/allasborze\/wp-json\/wp\/v2\/users\/2518"}],"replies":[{"embeddable":true,"href":"https:\/\/univet.hu\/allasborze\/wp-json\/wp\/v2\/comments?post=96056"}],"version-history":[{"count":1,"href":"https:\/\/univet.hu\/allasborze\/wp-json\/wp\/v2\/pages\/96056\/revisions"}],"predecessor-version":[{"id":172694,"href":"https:\/\/univet.hu\/allasborze\/wp-json\/wp\/v2\/pages\/96056\/revisions\/172694"}],"wp:attachment":[{"href":"https:\/\/univet.hu\/allasborze\/wp-json\/wp\/v2\/media?parent=96056"}],"wp:term":[{"taxonomy":"category","embeddable":true,"href":"https:\/\/univet.hu\/allasborze\/wp-json\/wp\/v2\/categories?post=96056"},{"taxonomy":"post_tag","embeddable":true,"href":"https:\/\/univet.hu\/allasborze\/wp-json\/wp\/v2\/tags?post=96056"}],"curies":[{"name":"wp","href":"https:\/\/api.w.org\/{rel}","templated":true}]}}