{"id":96237,"date":"2023-10-24T09:23:48","date_gmt":"2023-10-24T07:23:48","guid":{"rendered":"https:\/\/univet.hu\/hu\/allasborze-2024\/name\/"},"modified":"2025-01-10T13:55:05","modified_gmt":"2025-01-10T12:55:05","slug":"allasajanlatok","status":"publish","type":"page","link":"https:\/\/univet.hu\/allasborze\/allasborze-2024\/allasajanlatok\/","title":{"rendered":"\u00c1ll\u00e1saj\u00e1nlatok"},"content":{"rendered":"<p><em>Oldalunkat folyamatosan friss\u00edtj\u00fck.<\/em><\/p> <p><span class=\"emphasis\">Magyarorsz\u00e1g<\/span><\/p> <p><a href=\"https:\/\/univet.hu\/allasborze\/wp-content\/uploads\/sites\/2\/2024\/12\/A\u0301lla\u0301spa\u0301lya\u0301zat_dokumentum_petpoint.pdf\" target=\"_blank\" rel=\"noopener\">Klinikus \u00e1llatorvos &#8211; Petpoint &#8211; Gy\u0151r<\/a><\/p> <p><a href=\"https:\/\/univet.hu\/allasborze\/wp-content\/uploads\/sites\/2\/2024\/11\/Allaspalyazat_ATE_patikavezeto.pdf\" target=\"_blank\" rel=\"noopener\">Patikavezet\u0151 &#8211; Prophyl &#8211; Moh\u00e1cs<\/a><\/p> <p><a href=\"https:\/\/univet.hu\/allasborze\/wp-content\/uploads\/sites\/2\/2024\/10\/pbs-international.pdf\" target=\"_blank\" rel=\"noopener\">\u00c1llatorvosl\u00e1togat\u00f3\/\u00e9rt\u00e9kes\u00edt\u0151 &#8211; Pbs International<\/a><\/p> <p><a href=\"https:\/\/univet.hu\/allasborze\/wp-content\/uploads\/sites\/2\/2024\/09\/ALLASHIRDETES-2024_.pdf\" target=\"_blank\" rel=\"noopener\">\u00c1llatorvos &#8211; vegyes praxis &#8211; Baja k\u00f6rny\u00e9ke<\/a><\/p> <p><a href=\"https:\/\/www.espell.com\/career\/en-hu-en-fordito-elettudomanyi-szovegekhez\" target=\"_blank\" rel=\"noopener\">Szabad\u00fasz\u00f3 ford\u00edt\u00f3 \u00e9lettudom\u00e1nyi-\u00e1llatorvosi sz\u00f6vegekhez &#8211; espell ford\u00edt\u00e1s \u00e9s lokaliz\u00e1ci\u00f3 zrt.<\/a><\/p> <p><a href=\"https:\/\/univet.hu\/allasborze\/wp-content\/uploads\/sites\/2\/2024\/05\/Del-pesti-allas.pdf\" target=\"_blank\" rel=\"noopener\">\u00c1llatorvos &#8211; D\u00e9lpesti \u00c1llatgy\u00f3gy\u00e1szati K\u00f6zpont<\/a><\/p> <p><a href=\"https:\/\/univet.hu\/allasborze\/wp-content\/uploads\/sites\/2\/2024\/04\/Hatosagi-allatorvos_EBAF_vegleges.pdf\" target=\"_blank\" rel=\"noopener\">Hat\u00f3s\u00e1gi \u00e1llatorvos &#8211; B\u00e9k\u00e9s V\u00e1rmegyei Korm\u00e1nyhivatal<\/a><\/p> <p><a href=\"https:\/\/univet.hu\/allasborze\/wp-content\/uploads\/sites\/2\/2024\/03\/Osztondijplakat_LINK_2024_v3.pdf\">Bonafarm &#8211; \u00f6szt\u00f6nd\u00edjprogram<\/a> <a href=\"https:\/\/univet.hu\/allasborze\/wp-content\/uploads\/sites\/2\/2024\/03\/Osztondijplakat_QR_2024_v3.pdf\">Bonafarm &#8211; \u00f6szt\u00f6nd\u00edjprogram<\/a><\/p> <p><a href=\"https:\/\/bit.ly\/3S0rnvq\" target=\"_blank\" rel=\"noopener\">\u00c1llatorvos &#8211; Bonafarm, Domb\u00f3v\u00e1r<\/a><\/p> <p><a href=\"https:\/\/bit.ly\/3KuOkCl\" target=\"_blank\" rel=\"noopener\">\u00c1llatorvos &#8211; Bonafarm, Dalmand<\/a><\/p> <p><a href=\"https:\/\/univet.hu\/allasborze\/wp-content\/uploads\/sites\/2\/2024\/01\/chiru.pdf\" target=\"_blank\" rel=\"noopener\">\u00c1llatorvos &#8211; Chiru-Vet Kft, Budapest<\/a><\/p> <p><a href=\"https:\/\/univet.hu\/allasborze\/wp-content\/uploads\/sites\/2\/2024\/01\/Allatorvos_Hunland_Bugyi.pdf\">\u00c1llatorvos (szarvasmarha \u00e1gazat) &#8211; Hunland, Bugyi<\/a><\/p> <p><a href=\"https:\/\/univet.hu\/allasborze\/wp-content\/uploads\/sites\/2\/2024\/01\/hirdetes.pdf\" target=\"_blank\" rel=\"noopener\">Kereskedelmi, szaktan\u00e1csad\u00f3i ter\u00fclet &#8211; Baromfi \u00e1gazat &#8211; B\u00e1bolna TETRA Kft.<\/a><\/p> <p><a href=\"https:\/\/univet.hu\/allasborze\/wp-content\/uploads\/sites\/2\/2024\/01\/advimivet_bemutatkozas.pdf\" target=\"_blank\" rel=\"noopener\">\u00c1llatorvos &#8211; Advimi-vet Kft., Beretty\u00f3\u00fajfalu<\/a><\/p> <p><a href=\"https:\/\/nebih.karrierportal.hu\/allasok\" target=\"_blank\" rel=\"noopener\">N\u00e9bih aktu\u00e1lis \u00e1ll\u00e1saj\u00e1nlatai<\/a><\/p> <p><a href=\"https:\/\/univet.hu\/allasborze\/wp-content\/uploads\/sites\/2\/2024\/01\/allashirdetes_drSagiKrisztina.pdf\" target=\"_blank\" rel=\"noopener\">Vegyes praxis &#8211; dr. S\u00e1gi Krisztina, Dabronc &#8211; Veszpr\u00e9m V\u00e1rmegye<\/a><\/p> <p><a href=\"https:\/\/univet.hu\/allasborze\/wp-content\/uploads\/sites\/2\/2024\/01\/Allashirdetes_Master-Good-Cegcsoport.pdf\">\u00c1llatorvos &#8211; Master Good C\u00e9gcsoport, Szabolcs-Szatm\u00e1r-Bereg \u00e9s Hajd\u00fa-Bihar v\u00e1rmegye<\/a><\/p> <p><a href=\"https:\/\/karrier.alphavet.hu\/jobs\/Ertekesitesi-kepvisel-Tarsallat-allatorvos-latogato\">\u00c9rt\u00e9kes\u00edt\u00e9si k\u00e9pvisel\u0151 &#8211; T\u00e1rs\u00e1llat \u00e1llatorvos l\u00e1togat\u00f3 | Alpha-Vet Kft. (alphavet.hu)<\/a><\/p> <p><a href=\"https:\/\/univet.hu\/allasborze\/wp-content\/uploads\/sites\/2\/2024\/01\/A\u0301llatorvos-Kolle\u0301ga\u0301t-keresu\u0308nk-serte\u0301stelepre_.pdf\">A\u0301llatorvos (serte\u0301stelep) &#8211; Hod\u00e1sz, Magyarorsz\u00e1g<\/a><\/p> <p><a href=\"https:\/\/univet.hu\/allasborze\/wp-content\/uploads\/sites\/2\/2024\/01\/Ellato-allatorvos_Tranzit-Ker-Zrt.pdf\">Ell\u00e1t\u00f3 \u00e1llatorvos- Tranzit-Ker Zrt., Szabolcs-Szatm\u00e1r-Bereg v\u00e1rmegye, Hajd\u00fa-Bihar v\u00e1rmegye<\/a><\/p> <p><a href=\"https:\/\/univet.hu\/allasborze\/wp-content\/uploads\/sites\/2\/2023\/12\/palyazati-felhivas-ELFF-allategeszsegugyi-referens.pdf\" target=\"_blank\" rel=\"noopener\">\u00c1llateg\u00e9szs\u00e9g\u00fcgyi referens &#8211; Agr\u00e1rminiszt\u00e9rium<\/a><\/p> <p><a href=\"https:\/\/univet.hu\/allasborze\/wp-content\/uploads\/sites\/2\/2024\/02\/Homecare-Vet-Allashirdetes.pdf\">Homecare Vet \u00c1ll\u00e1shirdet\u00e9s<\/a><\/p> <p><span class=\"emphasis\">K\u00fclf\u00f6ld<\/span><\/p> <p><a href=\"https:\/\/univet.hu\/allasborze\/wp-content\/uploads\/sites\/2\/2024\/10\/Stellenanzeige-KT-2024-new_TFA_mit_ErfahrungVZ_TZ.pdf\" target=\"_blank\" rel=\"noopener\">Stellenausschreibung \u201eTFA\/TierarzthelferIn mit Erfahrung &#8211; PFI DR. VET &#8211; Die Tier\u00e4rzte OG &#8211; Austria<\/a><\/p> <p><a href=\"https:\/\/univet.hu\/allasborze\/wp-content\/uploads\/sites\/2\/2024\/10\/Stellenanzeige-KT-2024-TA-new.pdf\" target=\"_blank\" rel=\"noopener\"> Stellenausschreibung \u201eKleintiermedizinerIn\u201c &#8211; PFI DR. VET &#8211; Die Tier\u00e4rzte OG &#8211; Austria <\/a><\/p> <p><a href=\"https:\/\/univet.hu\/allasborze\/wp-content\/uploads\/sites\/2\/2024\/09\/Stellenausschreibung-TA_Rind_Kl_Wk_Nwk_08_2024.pdf\" target=\"_blank\" rel=\"noopener\">RINDERTIERARZT\/-\u00c4RZTIN (m\/w\/d) f\u00fcr 40 Wochenstunden &#8211; DR. VET &#8211; Austria<\/a><\/p> <p><a href=\"https:\/\/univet.hu\/allasborze\/wp-content\/uploads\/sites\/2\/2024\/05\/Job-offer-brief_VET-3.pdf\" target=\"_blank\" rel=\"noopener\">Trainee (Veterinary Pharmacovigilance) &#8211; European Medicines Agency &#8211; Amsterdam, Netherlands<\/a>,<\/p> <p><a href=\"https:\/\/careers.ema.europa.eu\/job\/Amsterdam-Trainee-%28Veterinary-Pharmacovigilance%29\/1050620901\/\" target=\"_blank\" rel=\"noopener\">LINK<\/a><\/p> <p><a href=\"https:\/\/univet.hu\/allasborze\/wp-content\/uploads\/sites\/2\/2024\/05\/Job-offer-brief_VET-2.pdf\" target=\"_blank\" rel=\"noopener\">Trainee (Innovative veterinary medicinal products) &#8211; European Medicines Agency &#8211; Amsterdam, Netherlands<\/a><\/p> <p><a href=\"https:\/\/careers.ema.europa.eu\/job\/Amsterdam-Trainee-%28Innovative-veterinary-medicinal-products%29\/1050620701\/\" target=\"_blank\" rel=\"noopener\">LINK<\/a><\/p> <p><a href=\"https:\/\/univet.hu\/allasborze\/wp-content\/uploads\/sites\/2\/2024\/05\/Job-offer-brief_VET-1.pdf\" target=\"_blank\" rel=\"noopener\">Trainee (Metadata analysis of data sources in the Vet domain) &#8211; European Medicines Agency &#8211; Amsterdam, Netherlands<\/a><\/p> <p><a href=\"https:\/\/careers.ema.europa.eu\/job\/Amsterdam-Trainee-%28Metadata-analysis-of-data-sources-in-the-Veterinary-domain%29\/1050620801\/\" target=\"_blank\" rel=\"noopener\">LINK<\/a><\/p> <p><a href=\"https:\/\/univet.hu\/allasborze\/wp-content\/uploads\/sites\/2\/2024\/02\/Job-Offer-Brief_parkland.pdf\" target=\"_blank\" rel=\"noopener\">Veterinarian (farm animal) &#8211; Parklands Veterinary Group, Ireland<\/a><\/p> <p><a href=\"https:\/\/univet.hu\/hu\/allasborze-2024\/kiallitok\/eville-and-jones\/\">Eville&amp;Jones career opportunities<\/a><\/p> <p><a href=\"https:\/\/univet.hu\/allasborze\/wp-content\/uploads\/sites\/2\/2024\/01\/Hiring-vet-2024-Jan.pdf\">Sea turtle vet &#8211; Atoll Marine Centre, Maldives<\/a><\/p> <p><a href=\"https:\/\/univet.hu\/allasborze\/wp-content\/uploads\/sites\/2\/2024\/01\/Vet-Student-Program-2024.pdf\">Vet Student Program &#8211; Atoll Marine Centre, Maldives<\/a><\/p> <p><a href=\"https:\/\/univet.hu\/allasborze\/wp-content\/uploads\/sites\/2\/2024\/01\/Job-Ad-Fair-HU-Febr-2024.pdf\" target=\"_blank\" rel=\"noopener\">Job offers &#8211; Biochem, Germany<\/a><\/p> <p><a href=\"https:\/\/univet.hu\/allasborze\/wp-content\/uploads\/sites\/2\/2024\/01\/Tierarzt-Evidensiamwd.pdf\">Tierarzt &#8211; IVC Evidensia<\/a><\/p> <p><a href=\"https:\/\/univet.hu\/allasborze\/wp-content\/uploads\/sites\/2\/2024\/01\/Tiermedizinische-Fachangestellte-Evidensia-mwd.pdf\">Tiermedizinische Fachangestellte &#8211; IVC Evidensia<\/a><\/p> <p><a href=\"https:\/\/univet.hu\/allasborze\/wp-content\/uploads\/sites\/2\/2023\/12\/Budapest.pdf\" target=\"_blank\" rel=\"noopener\">Mixed veterinary surgeon &#8211; Parklands Veterinary Group, Ireland<\/a><\/p> <p><a href=\"https:\/\/univet.hu\/allasborze\/wp-content\/uploads\/sites\/2\/2023\/12\/Univet-2023_vetjobs24.pdf\" target=\"_blank\" rel=\"noopener\">Vetjobs24 &#8211; the international job portal for veterinarians! &#8211; Germany<\/a><\/p> <p><a href=\"https:\/\/univet.hu\/allasborze\/wp-content\/uploads\/sites\/2\/2023\/11\/Job-offer-brief_UVMB2022-abivet.pdf\">Veterinarian &#8211; ABIVET, Rome, Italy<\/a>,\u00a0<a href=\"https:\/\/univet.hu\/allasborze\/wp-content\/uploads\/sites\/2\/2023\/11\/Loc_VETROMANIA.pdf\" target=\"_blank\" rel=\"noopener\">Advertisement<\/a><\/p> <p><a href=\"https:\/\/univet.hu\/allasborze\/wp-content\/uploads\/sites\/2\/2023\/11\/Job-offer-brief_UVMB_rutlandvets.pdf\" target=\"_blank\" rel=\"noopener\">Graduate Small Animal Vet &#8211; Rutland Veterinary Centre, Uppingham, UK<\/a><\/p> <p><a href=\"https:\/\/univet.hu\/allasborze\/wp-content\/uploads\/sites\/2\/2023\/11\/Stellenausschreibung-TA_Rind-11_2023.pdf\" target=\"_blank\" rel=\"noopener\">Rindertierarzt\/-\u00e4rztin &#8211; PFI DR. VET &#8211; Die Tierarzte OG, Austria<\/a><\/p> <p><a href=\"https:\/\/univet.hu\/allasborze\/wp-content\/uploads\/sites\/2\/2023\/10\/Stellenanzeige-KT-2023-new.pdf\">KleintiermedizinerIn &#8211; PFI DR. VET &#8211; Die Tierarzte OG, Austria<\/a><\/p> <p><a href=\"https:\/\/univet.hu\/allasborze\/wp-content\/uploads\/sites\/2\/2023\/11\/Stellenanzeige-KT-2023-new1121.pdf\">Schweinetierarztin &#8211; PFI DR. VET &#8211; Die Tierarzte OG, Austria<\/a><\/p> <p><a href=\"https:\/\/univet.hu\/allasborze\/wp-content\/uploads\/sites\/2\/2024\/02\/Tierarzte-Team-Tiefenbach.pdf\">Tier\u00e4rzte Team Tiefenbach<\/a><\/p>","protected":false},"excerpt":{"rendered":"<p>Oldalunkat folyamatosan friss\u00edtj\u00fck. Magyarorsz\u00e1g Klinikus \u00e1llatorvos &#8211; Petpoint &#8211; Gy\u0151r Patikavezet\u0151 &#8211; Prophyl &#8211; Moh\u00e1cs \u00c1llatorvosl\u00e1togat\u00f3\/\u00e9rt\u00e9kes\u00edt\u0151 &#8211; Pbs International \u00c1llatorvos &#8211; vegyes praxis &#8211; Baja k\u00f6rny\u00e9ke Szabad\u00fasz\u00f3 ford\u00edt\u00f3 \u00e9lettudom\u00e1nyi-\u00e1llatorvosi sz\u00f6vegekhez &#8211; espell ford\u00edt\u00e1s \u00e9s lokaliz\u00e1ci\u00f3 zrt. \u00c1llatorvos &#8211; D\u00e9lpesti \u00c1llatgy\u00f3gy\u00e1szati K\u00f6zpont Hat\u00f3s\u00e1gi \u00e1llatorvos &#8211; B\u00e9k\u00e9s V\u00e1rmegyei Korm\u00e1nyhivatal Bonafarm &#8211; \u00f6szt\u00f6nd\u00edjprogram Bonafarm &#8211; \u00f6szt\u00f6nd\u00edjprogram \u00c1llatorvos &#8211;<\/p>\n","protected":false},"author":2518,"featured_media":0,"parent":96056,"menu_order":0,"comment_status":"open","ping_status":"open","template":"","meta":{"_acf_changed":false,"footnotes":""},"categories":[],"tags":[],"class_list":["post-96237","page","type-page","status-publish","hentry"],"acf":[],"yoast_head":"<!-- This site is optimized with the Yoast SEO plugin v27.2 - https:\/\/yoast.com\/product\/yoast-seo-wordpress\/ -->\n<title>\u00c1ll\u00e1saj\u00e1nlatok - \u00c1ll\u00e1sb\u00f6rze<\/title>\n<meta name=\"robots\" content=\"index, follow, max-snippet:-1, max-image-preview:large, max-video-preview:-1\" \/>\n<link rel=\"canonical\" href=\"https:\/\/univet.hu\/allasborze\/allasborze-2024\/allasajanlatok\/\" \/>\n<meta property=\"og:locale\" content=\"hu_HU\" \/>\n<meta property=\"og:type\" content=\"article\" \/>\n<meta property=\"og:title\" content=\"\u00c1ll\u00e1saj\u00e1nlatok - \u00c1ll\u00e1sb\u00f6rze\" \/>\n<meta property=\"og:description\" content=\"Oldalunkat folyamatosan friss\u00edtj\u00fck. Magyarorsz\u00e1g Klinikus \u00e1llatorvos &#8211; Petpoint &#8211; Gy\u0151r Patikavezet\u0151 &#8211; Prophyl &#8211; Moh\u00e1cs \u00c1llatorvosl\u00e1togat\u00f3\/\u00e9rt\u00e9kes\u00edt\u0151 &#8211; Pbs International \u00c1llatorvos &#8211; vegyes praxis &#8211; Baja k\u00f6rny\u00e9ke Szabad\u00fasz\u00f3 ford\u00edt\u00f3 \u00e9lettudom\u00e1nyi-\u00e1llatorvosi sz\u00f6vegekhez &#8211; espell ford\u00edt\u00e1s \u00e9s lokaliz\u00e1ci\u00f3 zrt. \u00c1llatorvos &#8211; D\u00e9lpesti \u00c1llatgy\u00f3gy\u00e1szati K\u00f6zpont Hat\u00f3s\u00e1gi \u00e1llatorvos &#8211; B\u00e9k\u00e9s V\u00e1rmegyei Korm\u00e1nyhivatal Bonafarm &#8211; \u00f6szt\u00f6nd\u00edjprogram Bonafarm &#8211; \u00f6szt\u00f6nd\u00edjprogram \u00c1llatorvos &#8211;\" \/>\n<meta property=\"og:url\" content=\"https:\/\/univet.hu\/allasborze\/allasborze-2024\/allasajanlatok\/\" \/>\n<meta property=\"og:site_name\" content=\"\u00c1ll\u00e1sb\u00f6rze\" \/>\n<meta property=\"article:modified_time\" content=\"2025-01-10T12:55:05+00:00\" \/>\n<meta name=\"twitter:card\" content=\"summary_large_image\" \/>\n<meta name=\"twitter:label1\" content=\"Becs\u00fclt olvas\u00e1si id\u0151\" \/>\n\t<meta name=\"twitter:data1\" content=\"2 perc\" \/>\n<script type=\"application\/ld+json\" class=\"yoast-schema-graph\">{\"@context\":\"https:\/\/schema.org\",\"@graph\":[{\"@type\":\"WebPage\",\"@id\":\"https:\/\/univet.hu\/allasborze\/allasborze-2024\/allasajanlatok\/\",\"url\":\"https:\/\/univet.hu\/allasborze\/allasborze-2024\/allasajanlatok\/\",\"name\":\"\u00c1ll\u00e1saj\u00e1nlatok - \u00c1ll\u00e1sb\u00f6rze\",\"isPartOf\":{\"@id\":\"https:\/\/univet.hu\/allasborze\/#website\"},\"datePublished\":\"2023-10-24T07:23:48+00:00\",\"dateModified\":\"2025-01-10T12:55:05+00:00\",\"breadcrumb\":{\"@id\":\"https:\/\/univet.hu\/allasborze\/allasborze-2024\/allasajanlatok\/#breadcrumb\"},\"inLanguage\":\"hu\",\"potentialAction\":[{\"@type\":\"ReadAction\",\"target\":[\"https:\/\/univet.hu\/allasborze\/allasborze-2024\/allasajanlatok\/\"]}]},{\"@type\":\"BreadcrumbList\",\"@id\":\"https:\/\/univet.hu\/allasborze\/allasborze-2024\/allasajanlatok\/#breadcrumb\",\"itemListElement\":[{\"@type\":\"ListItem\",\"position\":1,\"name\":\"Kezd\u0151lap\",\"item\":\"https:\/\/univet.hu\/allasborze\/\"},{\"@type\":\"ListItem\",\"position\":2,\"name\":\"\u00c1ll\u00e1sb\u00f6rze 2024\",\"item\":\"https:\/\/univet.hu\/allasborze\/allasborze-2024\/\"},{\"@type\":\"ListItem\",\"position\":3,\"name\":\"\u00c1ll\u00e1saj\u00e1nlatok\"}]},{\"@type\":\"WebSite\",\"@id\":\"https:\/\/univet.hu\/allasborze\/#website\",\"url\":\"https:\/\/univet.hu\/allasborze\/\",\"name\":\"\u00c1ll\u00e1sb\u00f6rze\",\"description\":\"\",\"potentialAction\":[{\"@type\":\"SearchAction\",\"target\":{\"@type\":\"EntryPoint\",\"urlTemplate\":\"https:\/\/univet.hu\/allasborze\/?s={search_term_string}\"},\"query-input\":{\"@type\":\"PropertyValueSpecification\",\"valueRequired\":true,\"valueName\":\"search_term_string\"}}],\"inLanguage\":\"hu\"}]}<\/script>\n<!-- \/ Yoast SEO plugin. -->","yoast_head_json":{"title":"\u00c1ll\u00e1saj\u00e1nlatok - \u00c1ll\u00e1sb\u00f6rze","robots":{"index":"index","follow":"follow","max-snippet":"max-snippet:-1","max-image-preview":"max-image-preview:large","max-video-preview":"max-video-preview:-1"},"canonical":"https:\/\/univet.hu\/allasborze\/allasborze-2024\/allasajanlatok\/","og_locale":"hu_HU","og_type":"article","og_title":"\u00c1ll\u00e1saj\u00e1nlatok - \u00c1ll\u00e1sb\u00f6rze","og_description":"Oldalunkat folyamatosan friss\u00edtj\u00fck. Magyarorsz\u00e1g Klinikus \u00e1llatorvos &#8211; Petpoint &#8211; Gy\u0151r Patikavezet\u0151 &#8211; Prophyl &#8211; Moh\u00e1cs \u00c1llatorvosl\u00e1togat\u00f3\/\u00e9rt\u00e9kes\u00edt\u0151 &#8211; Pbs International \u00c1llatorvos &#8211; vegyes praxis &#8211; Baja k\u00f6rny\u00e9ke Szabad\u00fasz\u00f3 ford\u00edt\u00f3 \u00e9lettudom\u00e1nyi-\u00e1llatorvosi sz\u00f6vegekhez &#8211; espell ford\u00edt\u00e1s \u00e9s lokaliz\u00e1ci\u00f3 zrt. \u00c1llatorvos &#8211; D\u00e9lpesti \u00c1llatgy\u00f3gy\u00e1szati K\u00f6zpont Hat\u00f3s\u00e1gi \u00e1llatorvos &#8211; B\u00e9k\u00e9s V\u00e1rmegyei Korm\u00e1nyhivatal Bonafarm &#8211; \u00f6szt\u00f6nd\u00edjprogram Bonafarm &#8211; \u00f6szt\u00f6nd\u00edjprogram \u00c1llatorvos &#8211;","og_url":"https:\/\/univet.hu\/allasborze\/allasborze-2024\/allasajanlatok\/","og_site_name":"\u00c1ll\u00e1sb\u00f6rze","article_modified_time":"2025-01-10T12:55:05+00:00","twitter_card":"summary_large_image","twitter_misc":{"Becs\u00fclt olvas\u00e1si id\u0151":"2 perc"},"schema":{"@context":"https:\/\/schema.org","@graph":[{"@type":"WebPage","@id":"https:\/\/univet.hu\/allasborze\/allasborze-2024\/allasajanlatok\/","url":"https:\/\/univet.hu\/allasborze\/allasborze-2024\/allasajanlatok\/","name":"\u00c1ll\u00e1saj\u00e1nlatok - \u00c1ll\u00e1sb\u00f6rze","isPartOf":{"@id":"https:\/\/univet.hu\/allasborze\/#website"},"datePublished":"2023-10-24T07:23:48+00:00","dateModified":"2025-01-10T12:55:05+00:00","breadcrumb":{"@id":"https:\/\/univet.hu\/allasborze\/allasborze-2024\/allasajanlatok\/#breadcrumb"},"inLanguage":"hu","potentialAction":[{"@type":"ReadAction","target":["https:\/\/univet.hu\/allasborze\/allasborze-2024\/allasajanlatok\/"]}]},{"@type":"BreadcrumbList","@id":"https:\/\/univet.hu\/allasborze\/allasborze-2024\/allasajanlatok\/#breadcrumb","itemListElement":[{"@type":"ListItem","position":1,"name":"Kezd\u0151lap","item":"https:\/\/univet.hu\/allasborze\/"},{"@type":"ListItem","position":2,"name":"\u00c1ll\u00e1sb\u00f6rze 2024","item":"https:\/\/univet.hu\/allasborze\/allasborze-2024\/"},{"@type":"ListItem","position":3,"name":"\u00c1ll\u00e1saj\u00e1nlatok"}]},{"@type":"WebSite","@id":"https:\/\/univet.hu\/allasborze\/#website","url":"https:\/\/univet.hu\/allasborze\/","name":"\u00c1ll\u00e1sb\u00f6rze","description":"","potentialAction":[{"@type":"SearchAction","target":{"@type":"EntryPoint","urlTemplate":"https:\/\/univet.hu\/allasborze\/?s={search_term_string}"},"query-input":{"@type":"PropertyValueSpecification","valueRequired":true,"valueName":"search_term_string"}}],"inLanguage":"hu"}]}},"_links":{"self":[{"href":"https:\/\/univet.hu\/allasborze\/wp-json\/wp\/v2\/pages\/96237","targetHints":{"allow":["GET"]}}],"collection":[{"href":"https:\/\/univet.hu\/allasborze\/wp-json\/wp\/v2\/pages"}],"about":[{"href":"https:\/\/univet.hu\/allasborze\/wp-json\/wp\/v2\/types\/page"}],"author":[{"embeddable":true,"href":"https:\/\/univet.hu\/allasborze\/wp-json\/wp\/v2\/users\/2518"}],"replies":[{"embeddable":true,"href":"https:\/\/univet.hu\/allasborze\/wp-json\/wp\/v2\/comments?post=96237"}],"version-history":[{"count":1,"href":"https:\/\/univet.hu\/allasborze\/wp-json\/wp\/v2\/pages\/96237\/revisions"}],"predecessor-version":[{"id":172695,"href":"https:\/\/univet.hu\/allasborze\/wp-json\/wp\/v2\/pages\/96237\/revisions\/172695"}],"up":[{"embeddable":true,"href":"https:\/\/univet.hu\/allasborze\/wp-json\/wp\/v2\/pages\/96056"}],"wp:attachment":[{"href":"https:\/\/univet.hu\/allasborze\/wp-json\/wp\/v2\/media?parent=96237"}],"wp:term":[{"taxonomy":"category","embeddable":true,"href":"https:\/\/univet.hu\/allasborze\/wp-json\/wp\/v2\/categories?post=96237"},{"taxonomy":"post_tag","embeddable":true,"href":"https:\/\/univet.hu\/allasborze\/wp-json\/wp\/v2\/tags?post=96237"}],"curies":[{"name":"wp","href":"https:\/\/api.w.org\/{rel}","templated":true}]}}