{"id":97150,"date":"2023-12-12T11:20:28","date_gmt":"2023-12-12T10:20:28","guid":{"rendered":"https:\/\/univet.hu\/hu\/allasborze-2024\/kiallitok\/name\/"},"modified":"2025-01-10T13:55:06","modified_gmt":"2025-01-10T12:55:06","slug":"bonafarm-csoport","status":"publish","type":"page","link":"https:\/\/univet.hu\/allasborze\/allasborze-2024\/kiallitok\/bonafarm-csoport\/","title":{"rendered":"Bonafarm Csoport"},"content":{"rendered":"<p><a href=\"https:\/\/univet.hu\/allasborze\/wp-content\/uploads\/sites\/2\/2024\/01\/BF_logosor_2023_Gray.png\"><img loading=\"lazy\" decoding=\"async\" class=\"aligncenter size-full wp-image-98038\" src=\"https:\/\/univet.hu\/allasborze\/wp-content\/uploads\/sites\/2\/2024\/01\/BF_logosor_2023_Gray.png\" alt=\"\" width=\"3504\" height=\"236\" srcset=\"https:\/\/univet.hu\/allasborze\/wp-content\/uploads\/sites\/2\/2024\/01\/BF_logosor_2023_Gray.png 3504w, https:\/\/univet.hu\/allasborze\/wp-content\/uploads\/sites\/2\/2024\/01\/BF_logosor_2023_Gray-320x22.png 320w, https:\/\/univet.hu\/allasborze\/wp-content\/uploads\/sites\/2\/2024\/01\/BF_logosor_2023_Gray-768x52.png 768w, https:\/\/univet.hu\/allasborze\/wp-content\/uploads\/sites\/2\/2024\/01\/BF_logosor_2023_Gray-1024x69.png 1024w, https:\/\/univet.hu\/allasborze\/wp-content\/uploads\/sites\/2\/2024\/01\/BF_logosor_2023_Gray-1536x103.png 1536w, https:\/\/univet.hu\/allasborze\/wp-content\/uploads\/sites\/2\/2024\/01\/BF_logosor_2023_Gray-2048x138.png 2048w, https:\/\/univet.hu\/allasborze\/wp-content\/uploads\/sites\/2\/2024\/01\/BF_logosor_2023_Gray-300x20.png 300w\" sizes=\"auto, (max-width: 3504px) 100vw, 3504px\" \/><\/a><\/p> <p><b><span data-contrast=\"auto\">Bonafarm Csoport<\/span><\/b><span data-ccp-props=\"{&quot;201341983&quot;:0,&quot;335551550&quot;:6,&quot;335551620&quot;:6,&quot;335559739&quot;:0,&quot;335559740&quot;:360}\">\u00a0<\/span><\/p> <p><b><span data-contrast=\"auto\">K\u00fcldet\u00e9s\u00fcnk, hogy p\u00e1ratlan \u00edzvil\u00e1g\u00fa, kifog\u00e1stalan min\u0151s\u00e9g\u0171 term\u00e9keket \u00e1ll\u00edtsunk el\u0151 er\u0151forr\u00e1saink hat\u00e9kony felhaszn\u00e1l\u00e1s\u00e1val.<\/span><\/b><span data-ccp-props=\"{&quot;201341983&quot;:0,&quot;335551550&quot;:6,&quot;335551620&quot;:6,&quot;335559739&quot;:0,&quot;335559740&quot;:360}\">\u00a0<\/span><\/p> <p><span data-contrast=\"auto\">A Bonafarm Csoport haz\u00e1nk egyik meghat\u00e1roz\u00f3 \u00e9lelmiszergazdas\u00e1gi v\u00e1llalatcsoportja, amely t\u00f6bb mint 8.000 munkav\u00e1llal\u00f3t foglalkoztat. <\/span><b><span data-contrast=\"auto\">Finom term\u00e9keink magas min\u0151s\u00e9g\u00e9t t\u00f6bbek k\u00f6zt integr\u00e1lt m\u0171k\u00f6d\u00e9s\u00fcnk biztos\u00edtja, ahol a term\u00e9k-el\u0151\u00e1ll\u00edt\u00e1s valamennyi folyamat\u00e1t mi magunk ir\u00e1ny\u00edtjuk \u00e9s fel\u00fcgyelj\u00fck a mez\u0151gazdas\u00e1gi alapanyagok megtermel\u00e9s\u00e9t\u0151l a k\u00e9szterm\u00e9kek gy\u00e1rt\u00e1s\u00e1ig<\/span><\/b><span data-contrast=\"auto\">. Portf\u00f3li\u00f3nkban szerepel a n\u00f6v\u00e9nytermeszt\u00e9s, a takarm\u00e1nygy\u00e1rt\u00e1s, az \u00e1llatteny\u00e9szt\u00e9s, a h\u00fasfeldolgoz\u00e1s \u00e9s h\u00fask\u00e9sz\u00edtm\u00e9ny-el\u0151\u00e1ll\u00edt\u00e1s, a tejterm\u00e9k-el\u0151\u00e1ll\u00edt\u00e1s, valamint a bor\u00e1szat.<\/span><span data-ccp-props=\"{&quot;201341983&quot;:0,&quot;335551550&quot;:6,&quot;335551620&quot;:6,&quot;335559739&quot;:0,&quot;335559740&quot;:360}\">\u00a0<\/span><\/p> <p><b><span data-contrast=\"auto\">Tev\u00e9kenys\u00e9g\u00fcnk alapj\u00e1t a Bonafarm Mez\u0151gazdas\u00e1g adja.<\/span><\/b><span data-contrast=\"auto\"> A sz\u00e1nt\u00f3f\u00f6ldjeinken megtermelt term\u00e9nyekb\u0151l t\u00e1pl\u00e1l\u00f3, megfelel\u0151 \u00f6sszet\u00e9tel\u0171 takarm\u00e1nyokat k\u00e9sz\u00edt\u00fcnk, amelyek saj\u00e1t \u00e9s partnereink \u00e1llat\u00e1llom\u00e1nyainak optim\u00e1lis ell\u00e1t\u00e1s\u00e1t biztos\u00edtj\u00e1k azok kor\u00e1hoz \u00e9s fejletts\u00e9gi szintj\u00e9hez igazodva. \u00c1llatteny\u00e9szt\u00e9si \u00e1gazatunk sert\u00e9steny\u00e9szt\u00e9ssel, tejel\u0151szarvasmarha-teny\u00e9szt\u00e9ssel, valamint baromfiteny\u00e9szt\u00e9ssel foglalkozik. <\/span><b><span data-contrast=\"auto\">Kelet-K\u00f6z\u00e9p-Eur\u00f3p\u00e1ban mi\u00e9nk az egyik legnagyobb h\u00edz\u00f3\u00e1llom\u00e1ny<\/span><\/b><span data-contrast=\"auto\"> (k\u00f6zel 650.000 sert\u00e9s\/\u00e9v) <\/span><b><span data-contrast=\"auto\">\u00e9s tejel\u0151szarvasmarha-\u00e1llom\u00e1ny<\/span><\/b><span data-contrast=\"auto\"> (t\u00f6bb mint 6.200 tejel\u0151 szarvasmarha). Telepeinken a leg\u00fajabb tart\u00e1stechnol\u00f3gi\u00e1kat alkalmazzuk, amelyek szak\u00e9rt\u0151 koll\u00e9g\u00e1ink tud\u00e1s\u00e1val \u00e9s gondoskod\u00e1s\u00e1val p\u00e1rosulnak. Ezek teszik lehet\u0151v\u00e9, hogy \u00e1llataink sz\u00e1mukra ide\u00e1lis, az \u00e1llatj\u00f3l\u00e9ti ir\u00e1nyelveknek megfelel\u0151 k\u00f6rnyezetben nevelkedjenek, valamint hogy nemzetk\u00f6zi szinten is kiemelked\u0151 eredm\u00e9nyekkel kiv\u00e1l\u00f3 min\u0151s\u00e9g\u0171 tej- \u00e9s h\u00fasalapanyagot termelj\u00fcnk \u00e9lelmiszeripari v\u00e1llalataink sz\u00e1m\u00e1ra.\u00a0<\/span><span data-ccp-props=\"{&quot;201341983&quot;:0,&quot;335551550&quot;:6,&quot;335551620&quot;:6,&quot;335559739&quot;:0,&quot;335559740&quot;:360}\">\u00a0<\/span><\/p> <p><span data-contrast=\"auto\">Mez\u0151gazdas\u00e1gi szakir\u00e1nyon tanul\u00f3 <\/span><b><span data-contrast=\"auto\">egyetemista \u00e9s f\u0151iskolai hallgat\u00f3kat fogadunk du\u00e1lis, illetve hagyom\u00e1nyos gyakorlati k\u00e9pz\u00e9s keret\u00e9ben<\/span><\/b><span data-contrast=\"auto\">. <\/span><b><span data-contrast=\"auto\">C\u00e9lunk<\/span><\/b><span data-contrast=\"auto\">, hogy a hallgat\u00f3k gyakorlati idej\u00fck alatt szakmai ismereteik b\u0151v\u00edt\u00e9se mellett, csapatunk <\/span><b><span data-contrast=\"auto\">fontos, \u00e9rt\u00e9kes tagj\u00e1nak \u00e9rezz\u00e9k magukat<\/span><\/b><span data-contrast=\"auto\">, \u00e9s potenci\u00e1lis munkahelyk\u00e9nt megismerjenek minket, mert <\/span><b><span data-contrast=\"auto\">p\u00e1lyakezd\u0151k\u00e9nt sz\u00edvesen alkalmazzuk majd \u0151ket<\/span><\/b><span data-contrast=\"auto\">.<\/span><span data-ccp-props=\"{&quot;201341983&quot;:0,&quot;335551550&quot;:6,&quot;335551620&quot;:6,&quot;335559739&quot;:0,&quot;335559740&quot;:360}\">\u00a0<\/span><\/p> <p><span data-contrast=\"auto\">Ha egy inspir\u00e1l\u00f3 \u00e9s t\u00e1mogat\u00f3 munkak\u00f6rnyezetben, szak\u00e9rt\u0151 \u00e9s tapasztalt koll\u00e9g\u00e1k k\u00f6r\u00e9ben szeretn\u00e9d \u00fatj\u00e1ra ind\u00edtani karriered, akkor jelentkezz a Bonafarmhoz! N\u00e1lunk t\u00f6bb \u00e1gazatban is kipr\u00f3b\u00e1lhatod magad, folyamatosan fejl\u0151dhetsz \u00e9s izgalmas, v\u00e1ltozatos szakmai kih\u00edv\u00e1sok megold\u00e1s\u00e1n dolgozhatsz!<\/span><span data-ccp-props=\"{&quot;201341983&quot;:0,&quot;335551550&quot;:6,&quot;335551620&quot;:6,&quot;335559739&quot;:0,&quot;335559740&quot;:360}\">\u00a0<\/span><\/p> <p><strong>Tov\u00e1bbi inform\u00e1ci\u00f3k:<\/strong><\/p> <p><a href=\"http:\/\/www.bonafarmcsoport.hu\/\"><span data-contrast=\"none\">www.bonafarmcsoport.hu<\/span><\/a><span data-ccp-props=\"{&quot;201341983&quot;:0,&quot;335551550&quot;:6,&quot;335551620&quot;:6,&quot;335559739&quot;:0,&quot;335559740&quot;:360}\">\u00a0<\/span><\/p> <p><a href=\"http:\/\/www.karrier.bonafarmcsoport.hu\/\"><span data-contrast=\"none\">www.karrier.bonafarmcsoport.hu<\/span><\/a><span data-contrast=\"auto\">\u00a0<\/span><span data-ccp-props=\"{&quot;201341983&quot;:0,&quot;335551550&quot;:6,&quot;335551620&quot;:6,&quot;335559739&quot;:0,&quot;335559740&quot;:360}\">\u00a0<\/span><\/p>","protected":false},"excerpt":{"rendered":"<p>Bonafarm Csoport\u00a0 K\u00fcldet\u00e9s\u00fcnk, hogy p\u00e1ratlan \u00edzvil\u00e1g\u00fa, kifog\u00e1stalan min\u0151s\u00e9g\u0171 term\u00e9keket \u00e1ll\u00edtsunk el\u0151 er\u0151forr\u00e1saink hat\u00e9kony felhaszn\u00e1l\u00e1s\u00e1val.\u00a0 A Bonafarm Csoport haz\u00e1nk egyik meghat\u00e1roz\u00f3 \u00e9lelmiszergazdas\u00e1gi v\u00e1llalatcsoportja, amely t\u00f6bb mint 8.000 munkav\u00e1llal\u00f3t foglalkoztat. Finom term\u00e9keink magas min\u0151s\u00e9g\u00e9t t\u00f6bbek k\u00f6zt integr\u00e1lt m\u0171k\u00f6d\u00e9s\u00fcnk biztos\u00edtja, ahol a term\u00e9k-el\u0151\u00e1ll\u00edt\u00e1s valamennyi folyamat\u00e1t mi magunk ir\u00e1ny\u00edtjuk \u00e9s fel\u00fcgyelj\u00fck a mez\u0151gazdas\u00e1gi alapanyagok megtermel\u00e9s\u00e9t\u0151l a k\u00e9szterm\u00e9kek gy\u00e1rt\u00e1s\u00e1ig. Portf\u00f3li\u00f3nkban<\/p>\n","protected":false},"author":2518,"featured_media":0,"parent":96306,"menu_order":0,"comment_status":"open","ping_status":"open","template":"","meta":{"_acf_changed":false,"footnotes":""},"categories":[],"tags":[],"class_list":["post-97150","page","type-page","status-publish","hentry"],"acf":[],"yoast_head":"<!-- This site is optimized with the Yoast SEO plugin v27.2 - https:\/\/yoast.com\/product\/yoast-seo-wordpress\/ -->\n<title>Bonafarm Csoport - \u00c1ll\u00e1sb\u00f6rze<\/title>\n<meta name=\"robots\" content=\"index, follow, max-snippet:-1, max-image-preview:large, max-video-preview:-1\" \/>\n<link rel=\"canonical\" href=\"https:\/\/univet.hu\/allasborze\/allasborze-2024\/kiallitok\/bonafarm-csoport\/\" \/>\n<meta property=\"og:locale\" content=\"hu_HU\" \/>\n<meta property=\"og:type\" content=\"article\" \/>\n<meta property=\"og:title\" content=\"Bonafarm Csoport - \u00c1ll\u00e1sb\u00f6rze\" \/>\n<meta property=\"og:description\" content=\"Bonafarm Csoport\u00a0 K\u00fcldet\u00e9s\u00fcnk, hogy p\u00e1ratlan \u00edzvil\u00e1g\u00fa, kifog\u00e1stalan min\u0151s\u00e9g\u0171 term\u00e9keket \u00e1ll\u00edtsunk el\u0151 er\u0151forr\u00e1saink hat\u00e9kony felhaszn\u00e1l\u00e1s\u00e1val.\u00a0 A Bonafarm Csoport haz\u00e1nk egyik meghat\u00e1roz\u00f3 \u00e9lelmiszergazdas\u00e1gi v\u00e1llalatcsoportja, amely t\u00f6bb mint 8.000 munkav\u00e1llal\u00f3t foglalkoztat. Finom term\u00e9keink magas min\u0151s\u00e9g\u00e9t t\u00f6bbek k\u00f6zt integr\u00e1lt m\u0171k\u00f6d\u00e9s\u00fcnk biztos\u00edtja, ahol a term\u00e9k-el\u0151\u00e1ll\u00edt\u00e1s valamennyi folyamat\u00e1t mi magunk ir\u00e1ny\u00edtjuk \u00e9s fel\u00fcgyelj\u00fck a mez\u0151gazdas\u00e1gi alapanyagok megtermel\u00e9s\u00e9t\u0151l a k\u00e9szterm\u00e9kek gy\u00e1rt\u00e1s\u00e1ig. Portf\u00f3li\u00f3nkban\" \/>\n<meta property=\"og:url\" content=\"https:\/\/univet.hu\/allasborze\/allasborze-2024\/kiallitok\/bonafarm-csoport\/\" \/>\n<meta property=\"og:site_name\" content=\"\u00c1ll\u00e1sb\u00f6rze\" \/>\n<meta property=\"article:modified_time\" content=\"2025-01-10T12:55:06+00:00\" \/>\n<meta property=\"og:image\" content=\"https:\/\/univet.hu\/allasborze\/wp-content\/uploads\/sites\/2\/2024\/01\/BF_logosor_2023_Gray.png\" \/>\n<meta name=\"twitter:card\" content=\"summary_large_image\" \/>\n<meta name=\"twitter:label1\" content=\"Becs\u00fclt olvas\u00e1si id\u0151\" \/>\n\t<meta name=\"twitter:data1\" content=\"2 perc\" \/>\n<script type=\"application\/ld+json\" class=\"yoast-schema-graph\">{\"@context\":\"https:\/\/schema.org\",\"@graph\":[{\"@type\":\"WebPage\",\"@id\":\"https:\/\/univet.hu\/allasborze\/allasborze-2024\/kiallitok\/bonafarm-csoport\/\",\"url\":\"https:\/\/univet.hu\/allasborze\/allasborze-2024\/kiallitok\/bonafarm-csoport\/\",\"name\":\"Bonafarm Csoport - \u00c1ll\u00e1sb\u00f6rze\",\"isPartOf\":{\"@id\":\"https:\/\/univet.hu\/allasborze\/#website\"},\"primaryImageOfPage\":{\"@id\":\"https:\/\/univet.hu\/allasborze\/allasborze-2024\/kiallitok\/bonafarm-csoport\/#primaryimage\"},\"image\":{\"@id\":\"https:\/\/univet.hu\/allasborze\/allasborze-2024\/kiallitok\/bonafarm-csoport\/#primaryimage\"},\"thumbnailUrl\":\"https:\/\/univet.hu\/allasborze\/wp-content\/uploads\/sites\/2\/2024\/01\/BF_logosor_2023_Gray.png\",\"datePublished\":\"2023-12-12T10:20:28+00:00\",\"dateModified\":\"2025-01-10T12:55:06+00:00\",\"breadcrumb\":{\"@id\":\"https:\/\/univet.hu\/allasborze\/allasborze-2024\/kiallitok\/bonafarm-csoport\/#breadcrumb\"},\"inLanguage\":\"hu\",\"potentialAction\":[{\"@type\":\"ReadAction\",\"target\":[\"https:\/\/univet.hu\/allasborze\/allasborze-2024\/kiallitok\/bonafarm-csoport\/\"]}]},{\"@type\":\"ImageObject\",\"inLanguage\":\"hu\",\"@id\":\"https:\/\/univet.hu\/allasborze\/allasborze-2024\/kiallitok\/bonafarm-csoport\/#primaryimage\",\"url\":\"https:\/\/univet.hu\/allasborze\/wp-content\/uploads\/sites\/2\/2024\/01\/BF_logosor_2023_Gray.png\",\"contentUrl\":\"https:\/\/univet.hu\/allasborze\/wp-content\/uploads\/sites\/2\/2024\/01\/BF_logosor_2023_Gray.png\"},{\"@type\":\"BreadcrumbList\",\"@id\":\"https:\/\/univet.hu\/allasborze\/allasborze-2024\/kiallitok\/bonafarm-csoport\/#breadcrumb\",\"itemListElement\":[{\"@type\":\"ListItem\",\"position\":1,\"name\":\"Kezd\u0151lap\",\"item\":\"https:\/\/univet.hu\/allasborze\/\"},{\"@type\":\"ListItem\",\"position\":2,\"name\":\"\u00c1ll\u00e1sb\u00f6rze 2024\",\"item\":\"https:\/\/univet.hu\/allasborze\/allasborze-2024\/\"},{\"@type\":\"ListItem\",\"position\":3,\"name\":\"Ki\u00e1ll\u00edt\u00f3k\",\"item\":\"https:\/\/univet.hu\/allasborze\/allasborze-2024\/kiallitok\/\"},{\"@type\":\"ListItem\",\"position\":4,\"name\":\"Bonafarm Csoport\"}]},{\"@type\":\"WebSite\",\"@id\":\"https:\/\/univet.hu\/allasborze\/#website\",\"url\":\"https:\/\/univet.hu\/allasborze\/\",\"name\":\"\u00c1ll\u00e1sb\u00f6rze\",\"description\":\"\",\"potentialAction\":[{\"@type\":\"SearchAction\",\"target\":{\"@type\":\"EntryPoint\",\"urlTemplate\":\"https:\/\/univet.hu\/allasborze\/?s={search_term_string}\"},\"query-input\":{\"@type\":\"PropertyValueSpecification\",\"valueRequired\":true,\"valueName\":\"search_term_string\"}}],\"inLanguage\":\"hu\"}]}<\/script>\n<!-- \/ Yoast SEO plugin. -->","yoast_head_json":{"title":"Bonafarm Csoport - \u00c1ll\u00e1sb\u00f6rze","robots":{"index":"index","follow":"follow","max-snippet":"max-snippet:-1","max-image-preview":"max-image-preview:large","max-video-preview":"max-video-preview:-1"},"canonical":"https:\/\/univet.hu\/allasborze\/allasborze-2024\/kiallitok\/bonafarm-csoport\/","og_locale":"hu_HU","og_type":"article","og_title":"Bonafarm Csoport - \u00c1ll\u00e1sb\u00f6rze","og_description":"Bonafarm Csoport\u00a0 K\u00fcldet\u00e9s\u00fcnk, hogy p\u00e1ratlan \u00edzvil\u00e1g\u00fa, kifog\u00e1stalan min\u0151s\u00e9g\u0171 term\u00e9keket \u00e1ll\u00edtsunk el\u0151 er\u0151forr\u00e1saink hat\u00e9kony felhaszn\u00e1l\u00e1s\u00e1val.\u00a0 A Bonafarm Csoport haz\u00e1nk egyik meghat\u00e1roz\u00f3 \u00e9lelmiszergazdas\u00e1gi v\u00e1llalatcsoportja, amely t\u00f6bb mint 8.000 munkav\u00e1llal\u00f3t foglalkoztat. Finom term\u00e9keink magas min\u0151s\u00e9g\u00e9t t\u00f6bbek k\u00f6zt integr\u00e1lt m\u0171k\u00f6d\u00e9s\u00fcnk biztos\u00edtja, ahol a term\u00e9k-el\u0151\u00e1ll\u00edt\u00e1s valamennyi folyamat\u00e1t mi magunk ir\u00e1ny\u00edtjuk \u00e9s fel\u00fcgyelj\u00fck a mez\u0151gazdas\u00e1gi alapanyagok megtermel\u00e9s\u00e9t\u0151l a k\u00e9szterm\u00e9kek gy\u00e1rt\u00e1s\u00e1ig. Portf\u00f3li\u00f3nkban","og_url":"https:\/\/univet.hu\/allasborze\/allasborze-2024\/kiallitok\/bonafarm-csoport\/","og_site_name":"\u00c1ll\u00e1sb\u00f6rze","article_modified_time":"2025-01-10T12:55:06+00:00","og_image":[{"url":"https:\/\/univet.hu\/allasborze\/wp-content\/uploads\/sites\/2\/2024\/01\/BF_logosor_2023_Gray.png","type":"","width":"","height":""}],"twitter_card":"summary_large_image","twitter_misc":{"Becs\u00fclt olvas\u00e1si id\u0151":"2 perc"},"schema":{"@context":"https:\/\/schema.org","@graph":[{"@type":"WebPage","@id":"https:\/\/univet.hu\/allasborze\/allasborze-2024\/kiallitok\/bonafarm-csoport\/","url":"https:\/\/univet.hu\/allasborze\/allasborze-2024\/kiallitok\/bonafarm-csoport\/","name":"Bonafarm Csoport - \u00c1ll\u00e1sb\u00f6rze","isPartOf":{"@id":"https:\/\/univet.hu\/allasborze\/#website"},"primaryImageOfPage":{"@id":"https:\/\/univet.hu\/allasborze\/allasborze-2024\/kiallitok\/bonafarm-csoport\/#primaryimage"},"image":{"@id":"https:\/\/univet.hu\/allasborze\/allasborze-2024\/kiallitok\/bonafarm-csoport\/#primaryimage"},"thumbnailUrl":"https:\/\/univet.hu\/allasborze\/wp-content\/uploads\/sites\/2\/2024\/01\/BF_logosor_2023_Gray.png","datePublished":"2023-12-12T10:20:28+00:00","dateModified":"2025-01-10T12:55:06+00:00","breadcrumb":{"@id":"https:\/\/univet.hu\/allasborze\/allasborze-2024\/kiallitok\/bonafarm-csoport\/#breadcrumb"},"inLanguage":"hu","potentialAction":[{"@type":"ReadAction","target":["https:\/\/univet.hu\/allasborze\/allasborze-2024\/kiallitok\/bonafarm-csoport\/"]}]},{"@type":"ImageObject","inLanguage":"hu","@id":"https:\/\/univet.hu\/allasborze\/allasborze-2024\/kiallitok\/bonafarm-csoport\/#primaryimage","url":"https:\/\/univet.hu\/allasborze\/wp-content\/uploads\/sites\/2\/2024\/01\/BF_logosor_2023_Gray.png","contentUrl":"https:\/\/univet.hu\/allasborze\/wp-content\/uploads\/sites\/2\/2024\/01\/BF_logosor_2023_Gray.png"},{"@type":"BreadcrumbList","@id":"https:\/\/univet.hu\/allasborze\/allasborze-2024\/kiallitok\/bonafarm-csoport\/#breadcrumb","itemListElement":[{"@type":"ListItem","position":1,"name":"Kezd\u0151lap","item":"https:\/\/univet.hu\/allasborze\/"},{"@type":"ListItem","position":2,"name":"\u00c1ll\u00e1sb\u00f6rze 2024","item":"https:\/\/univet.hu\/allasborze\/allasborze-2024\/"},{"@type":"ListItem","position":3,"name":"Ki\u00e1ll\u00edt\u00f3k","item":"https:\/\/univet.hu\/allasborze\/allasborze-2024\/kiallitok\/"},{"@type":"ListItem","position":4,"name":"Bonafarm Csoport"}]},{"@type":"WebSite","@id":"https:\/\/univet.hu\/allasborze\/#website","url":"https:\/\/univet.hu\/allasborze\/","name":"\u00c1ll\u00e1sb\u00f6rze","description":"","potentialAction":[{"@type":"SearchAction","target":{"@type":"EntryPoint","urlTemplate":"https:\/\/univet.hu\/allasborze\/?s={search_term_string}"},"query-input":{"@type":"PropertyValueSpecification","valueRequired":true,"valueName":"search_term_string"}}],"inLanguage":"hu"}]}},"_links":{"self":[{"href":"https:\/\/univet.hu\/allasborze\/wp-json\/wp\/v2\/pages\/97150","targetHints":{"allow":["GET"]}}],"collection":[{"href":"https:\/\/univet.hu\/allasborze\/wp-json\/wp\/v2\/pages"}],"about":[{"href":"https:\/\/univet.hu\/allasborze\/wp-json\/wp\/v2\/types\/page"}],"author":[{"embeddable":true,"href":"https:\/\/univet.hu\/allasborze\/wp-json\/wp\/v2\/users\/2518"}],"replies":[{"embeddable":true,"href":"https:\/\/univet.hu\/allasborze\/wp-json\/wp\/v2\/comments?post=97150"}],"version-history":[{"count":1,"href":"https:\/\/univet.hu\/allasborze\/wp-json\/wp\/v2\/pages\/97150\/revisions"}],"predecessor-version":[{"id":172703,"href":"https:\/\/univet.hu\/allasborze\/wp-json\/wp\/v2\/pages\/97150\/revisions\/172703"}],"up":[{"embeddable":true,"href":"https:\/\/univet.hu\/allasborze\/wp-json\/wp\/v2\/pages\/96306"}],"wp:attachment":[{"href":"https:\/\/univet.hu\/allasborze\/wp-json\/wp\/v2\/media?parent=97150"}],"wp:term":[{"taxonomy":"category","embeddable":true,"href":"https:\/\/univet.hu\/allasborze\/wp-json\/wp\/v2\/categories?post=97150"},{"taxonomy":"post_tag","embeddable":true,"href":"https:\/\/univet.hu\/allasborze\/wp-json\/wp\/v2\/tags?post=97150"}],"curies":[{"name":"wp","href":"https:\/\/api.w.org\/{rel}","templated":true}]}}