{"id":97156,"date":"2023-12-12T11:24:10","date_gmt":"2023-12-12T10:24:10","guid":{"rendered":"https:\/\/univet.hu\/hu\/allasborze-2024\/kiallitok\/name\/"},"modified":"2025-01-10T13:55:07","modified_gmt":"2025-01-10T12:55:07","slug":"lloyd-cowan","status":"publish","type":"page","link":"https:\/\/univet.hu\/allasborze\/allasborze-2024\/kiallitok\/lloyd-cowan\/","title":{"rendered":"Lloyd &amp; Cowan"},"content":{"rendered":"<p><a href=\"https:\/\/univet.hu\/allasborze\/wp-content\/uploads\/sites\/2\/2024\/01\/lloydcowan.jpg\"><img loading=\"lazy\" decoding=\"async\" class=\"aligncenter size-medium wp-image-98052\" src=\"https:\/\/univet.hu\/allasborze\/wp-content\/uploads\/sites\/2\/2024\/01\/lloydcowan-320x197.jpg\" alt=\"\" width=\"320\" height=\"197\" srcset=\"https:\/\/univet.hu\/allasborze\/wp-content\/uploads\/sites\/2\/2024\/01\/lloydcowan-320x197.jpg 320w, https:\/\/univet.hu\/allasborze\/wp-content\/uploads\/sites\/2\/2024\/01\/lloydcowan-768x473.jpg 768w, https:\/\/univet.hu\/allasborze\/wp-content\/uploads\/sites\/2\/2024\/01\/lloydcowan-1024x630.jpg 1024w, https:\/\/univet.hu\/allasborze\/wp-content\/uploads\/sites\/2\/2024\/01\/lloydcowan-300x185.jpg 300w, https:\/\/univet.hu\/allasborze\/wp-content\/uploads\/sites\/2\/2024\/01\/lloydcowan.jpg 1483w\" sizes=\"auto, (max-width: 320px) 100vw, 320px\" \/><\/a><\/p> <p><span class=\"TextRun SCXW114726361 BCX0\" lang=\"EN-GB\" xml:lang=\"EN-GB\" data-contrast=\"none\"><span class=\"NormalTextRun SCXW114726361 BCX0\">Lloyd &amp; Cowan is a specialist Veterinary Recruitment Agency based in the UK. Every year we help lots of graduates find their ideal job in the UK or Ireland.<\/span><\/span><span class=\"LineBreakBlob BlobObject DragDrop SCXW114726361 BCX0\"><span class=\"SCXW114726361 BCX0\">\u00a0<\/span><br class=\"SCXW114726361 BCX0\" \/><\/span><span class=\"TextRun SCXW114726361 BCX0\" lang=\"EN-GB\" xml:lang=\"EN-GB\" data-contrast=\"none\"><span class=\"NormalTextRun SCXW114726361 BCX0\">We partner with an array of clinics both corporate &amp; independent who are looking for Small, Mixed, Large &amp; Equine Vets to join their teams. We have opportunities for Vets in England, Scotland, Wales, N. Ireland, and <\/span><span class=\"NormalTextRun SCXW114726361 BCX0\">the Republic of Ireland<\/span><span class=\"NormalTextRun SCXW114726361 BCX0\">. <\/span><span class=\"NormalTextRun SCXW114726361 BCX0\">To find out more d<\/span><\/span><span class=\"TextRun SCXW114726361 BCX0\" lang=\"EN-GB\" xml:lang=\"EN-GB\" data-contrast=\"auto\"><span class=\"NormalTextRun SCXW114726361 BCX0\">rop by our stand to say Hi to Ciaran <\/span><span class=\"NormalTextRun SCXW114726361 BCX0\">and<\/span><span class=\"NormalTextRun SCXW114726361 BCX0\"> enter our competition.\u00a0<\/span><\/span><span class=\"EOP SCXW114726361 BCX0\" data-ccp-props=\"{&quot;201341983&quot;:0,&quot;335559739&quot;:200,&quot;335559740&quot;:276}\">\u00a0<\/span><\/p> <p><strong>For more information:<\/strong>\u00a0<a href=\"https:\/\/www.lloydandcowan.com\/\">https:\/\/www.lloydandcowan.com\/<\/a><\/p>","protected":false},"excerpt":{"rendered":"<p>Lloyd &amp; Cowan is a specialist Veterinary Recruitment Agency based in the UK. Every year we help lots of graduates find their ideal job in the UK or Ireland.\u00a0We partner with an array of clinics both corporate &amp; independent who are looking for Small, Mixed, Large &amp; Equine Vets to join their teams. We have<\/p>\n","protected":false},"author":2518,"featured_media":0,"parent":96306,"menu_order":0,"comment_status":"open","ping_status":"open","template":"","meta":{"_acf_changed":false,"footnotes":""},"categories":[],"tags":[],"class_list":["post-97156","page","type-page","status-publish","hentry"],"acf":[],"yoast_head":"<!-- This site is optimized with the Yoast SEO plugin v27.2 - https:\/\/yoast.com\/product\/yoast-seo-wordpress\/ -->\n<title>Lloyd &amp; Cowan - \u00c1ll\u00e1sb\u00f6rze<\/title>\n<meta name=\"robots\" content=\"index, follow, max-snippet:-1, max-image-preview:large, max-video-preview:-1\" \/>\n<link rel=\"canonical\" href=\"https:\/\/univet.hu\/allasborze\/allasborze-2024\/kiallitok\/lloyd-cowan\/\" \/>\n<meta property=\"og:locale\" content=\"hu_HU\" \/>\n<meta property=\"og:type\" content=\"article\" \/>\n<meta property=\"og:title\" content=\"Lloyd &amp; Cowan - \u00c1ll\u00e1sb\u00f6rze\" \/>\n<meta property=\"og:description\" content=\"Lloyd &amp; Cowan is a specialist Veterinary Recruitment Agency based in the UK. Every year we help lots of graduates find their ideal job in the UK or Ireland.\u00a0We partner with an array of clinics both corporate &amp; independent who are looking for Small, Mixed, Large &amp; Equine Vets to join their teams. We have\" \/>\n<meta property=\"og:url\" content=\"https:\/\/univet.hu\/allasborze\/allasborze-2024\/kiallitok\/lloyd-cowan\/\" \/>\n<meta property=\"og:site_name\" content=\"\u00c1ll\u00e1sb\u00f6rze\" \/>\n<meta property=\"article:modified_time\" content=\"2025-01-10T12:55:07+00:00\" \/>\n<meta property=\"og:image\" content=\"https:\/\/univet.hu\/allasborze\/wp-content\/uploads\/sites\/2\/2024\/01\/lloydcowan-320x197.jpg\" \/>\n<meta name=\"twitter:card\" content=\"summary_large_image\" \/>\n<script type=\"application\/ld+json\" class=\"yoast-schema-graph\">{\"@context\":\"https:\/\/schema.org\",\"@graph\":[{\"@type\":\"WebPage\",\"@id\":\"https:\/\/univet.hu\/allasborze\/allasborze-2024\/kiallitok\/lloyd-cowan\/\",\"url\":\"https:\/\/univet.hu\/allasborze\/allasborze-2024\/kiallitok\/lloyd-cowan\/\",\"name\":\"Lloyd &amp; Cowan - \u00c1ll\u00e1sb\u00f6rze\",\"isPartOf\":{\"@id\":\"https:\/\/univet.hu\/allasborze\/#website\"},\"primaryImageOfPage\":{\"@id\":\"https:\/\/univet.hu\/allasborze\/allasborze-2024\/kiallitok\/lloyd-cowan\/#primaryimage\"},\"image\":{\"@id\":\"https:\/\/univet.hu\/allasborze\/allasborze-2024\/kiallitok\/lloyd-cowan\/#primaryimage\"},\"thumbnailUrl\":\"https:\/\/univet.hu\/allasborze\/wp-content\/uploads\/sites\/2\/2024\/01\/lloydcowan-320x197.jpg\",\"datePublished\":\"2023-12-12T10:24:10+00:00\",\"dateModified\":\"2025-01-10T12:55:07+00:00\",\"breadcrumb\":{\"@id\":\"https:\/\/univet.hu\/allasborze\/allasborze-2024\/kiallitok\/lloyd-cowan\/#breadcrumb\"},\"inLanguage\":\"hu\",\"potentialAction\":[{\"@type\":\"ReadAction\",\"target\":[\"https:\/\/univet.hu\/allasborze\/allasborze-2024\/kiallitok\/lloyd-cowan\/\"]}]},{\"@type\":\"ImageObject\",\"inLanguage\":\"hu\",\"@id\":\"https:\/\/univet.hu\/allasborze\/allasborze-2024\/kiallitok\/lloyd-cowan\/#primaryimage\",\"url\":\"https:\/\/univet.hu\/allasborze\/wp-content\/uploads\/sites\/2\/2024\/01\/lloydcowan.jpg\",\"contentUrl\":\"https:\/\/univet.hu\/allasborze\/wp-content\/uploads\/sites\/2\/2024\/01\/lloydcowan.jpg\",\"width\":1483,\"height\":913},{\"@type\":\"BreadcrumbList\",\"@id\":\"https:\/\/univet.hu\/allasborze\/allasborze-2024\/kiallitok\/lloyd-cowan\/#breadcrumb\",\"itemListElement\":[{\"@type\":\"ListItem\",\"position\":1,\"name\":\"Kezd\u0151lap\",\"item\":\"https:\/\/univet.hu\/allasborze\/\"},{\"@type\":\"ListItem\",\"position\":2,\"name\":\"\u00c1ll\u00e1sb\u00f6rze 2024\",\"item\":\"https:\/\/univet.hu\/allasborze\/allasborze-2024\/\"},{\"@type\":\"ListItem\",\"position\":3,\"name\":\"Ki\u00e1ll\u00edt\u00f3k\",\"item\":\"https:\/\/univet.hu\/allasborze\/allasborze-2024\/kiallitok\/\"},{\"@type\":\"ListItem\",\"position\":4,\"name\":\"Lloyd &amp; Cowan\"}]},{\"@type\":\"WebSite\",\"@id\":\"https:\/\/univet.hu\/allasborze\/#website\",\"url\":\"https:\/\/univet.hu\/allasborze\/\",\"name\":\"\u00c1ll\u00e1sb\u00f6rze\",\"description\":\"\",\"potentialAction\":[{\"@type\":\"SearchAction\",\"target\":{\"@type\":\"EntryPoint\",\"urlTemplate\":\"https:\/\/univet.hu\/allasborze\/?s={search_term_string}\"},\"query-input\":{\"@type\":\"PropertyValueSpecification\",\"valueRequired\":true,\"valueName\":\"search_term_string\"}}],\"inLanguage\":\"hu\"}]}<\/script>\n<!-- \/ Yoast SEO plugin. -->","yoast_head_json":{"title":"Lloyd &amp; Cowan - \u00c1ll\u00e1sb\u00f6rze","robots":{"index":"index","follow":"follow","max-snippet":"max-snippet:-1","max-image-preview":"max-image-preview:large","max-video-preview":"max-video-preview:-1"},"canonical":"https:\/\/univet.hu\/allasborze\/allasborze-2024\/kiallitok\/lloyd-cowan\/","og_locale":"hu_HU","og_type":"article","og_title":"Lloyd &amp; Cowan - \u00c1ll\u00e1sb\u00f6rze","og_description":"Lloyd &amp; Cowan is a specialist Veterinary Recruitment Agency based in the UK. Every year we help lots of graduates find their ideal job in the UK or Ireland.\u00a0We partner with an array of clinics both corporate &amp; independent who are looking for Small, Mixed, Large &amp; Equine Vets to join their teams. We have","og_url":"https:\/\/univet.hu\/allasborze\/allasborze-2024\/kiallitok\/lloyd-cowan\/","og_site_name":"\u00c1ll\u00e1sb\u00f6rze","article_modified_time":"2025-01-10T12:55:07+00:00","og_image":[{"url":"https:\/\/univet.hu\/allasborze\/wp-content\/uploads\/sites\/2\/2024\/01\/lloydcowan-320x197.jpg","type":"","width":"","height":""}],"twitter_card":"summary_large_image","schema":{"@context":"https:\/\/schema.org","@graph":[{"@type":"WebPage","@id":"https:\/\/univet.hu\/allasborze\/allasborze-2024\/kiallitok\/lloyd-cowan\/","url":"https:\/\/univet.hu\/allasborze\/allasborze-2024\/kiallitok\/lloyd-cowan\/","name":"Lloyd &amp; Cowan - \u00c1ll\u00e1sb\u00f6rze","isPartOf":{"@id":"https:\/\/univet.hu\/allasborze\/#website"},"primaryImageOfPage":{"@id":"https:\/\/univet.hu\/allasborze\/allasborze-2024\/kiallitok\/lloyd-cowan\/#primaryimage"},"image":{"@id":"https:\/\/univet.hu\/allasborze\/allasborze-2024\/kiallitok\/lloyd-cowan\/#primaryimage"},"thumbnailUrl":"https:\/\/univet.hu\/allasborze\/wp-content\/uploads\/sites\/2\/2024\/01\/lloydcowan-320x197.jpg","datePublished":"2023-12-12T10:24:10+00:00","dateModified":"2025-01-10T12:55:07+00:00","breadcrumb":{"@id":"https:\/\/univet.hu\/allasborze\/allasborze-2024\/kiallitok\/lloyd-cowan\/#breadcrumb"},"inLanguage":"hu","potentialAction":[{"@type":"ReadAction","target":["https:\/\/univet.hu\/allasborze\/allasborze-2024\/kiallitok\/lloyd-cowan\/"]}]},{"@type":"ImageObject","inLanguage":"hu","@id":"https:\/\/univet.hu\/allasborze\/allasborze-2024\/kiallitok\/lloyd-cowan\/#primaryimage","url":"https:\/\/univet.hu\/allasborze\/wp-content\/uploads\/sites\/2\/2024\/01\/lloydcowan.jpg","contentUrl":"https:\/\/univet.hu\/allasborze\/wp-content\/uploads\/sites\/2\/2024\/01\/lloydcowan.jpg","width":1483,"height":913},{"@type":"BreadcrumbList","@id":"https:\/\/univet.hu\/allasborze\/allasborze-2024\/kiallitok\/lloyd-cowan\/#breadcrumb","itemListElement":[{"@type":"ListItem","position":1,"name":"Kezd\u0151lap","item":"https:\/\/univet.hu\/allasborze\/"},{"@type":"ListItem","position":2,"name":"\u00c1ll\u00e1sb\u00f6rze 2024","item":"https:\/\/univet.hu\/allasborze\/allasborze-2024\/"},{"@type":"ListItem","position":3,"name":"Ki\u00e1ll\u00edt\u00f3k","item":"https:\/\/univet.hu\/allasborze\/allasborze-2024\/kiallitok\/"},{"@type":"ListItem","position":4,"name":"Lloyd &amp; Cowan"}]},{"@type":"WebSite","@id":"https:\/\/univet.hu\/allasborze\/#website","url":"https:\/\/univet.hu\/allasborze\/","name":"\u00c1ll\u00e1sb\u00f6rze","description":"","potentialAction":[{"@type":"SearchAction","target":{"@type":"EntryPoint","urlTemplate":"https:\/\/univet.hu\/allasborze\/?s={search_term_string}"},"query-input":{"@type":"PropertyValueSpecification","valueRequired":true,"valueName":"search_term_string"}}],"inLanguage":"hu"}]}},"_links":{"self":[{"href":"https:\/\/univet.hu\/allasborze\/wp-json\/wp\/v2\/pages\/97156","targetHints":{"allow":["GET"]}}],"collection":[{"href":"https:\/\/univet.hu\/allasborze\/wp-json\/wp\/v2\/pages"}],"about":[{"href":"https:\/\/univet.hu\/allasborze\/wp-json\/wp\/v2\/types\/page"}],"author":[{"embeddable":true,"href":"https:\/\/univet.hu\/allasborze\/wp-json\/wp\/v2\/users\/2518"}],"replies":[{"embeddable":true,"href":"https:\/\/univet.hu\/allasborze\/wp-json\/wp\/v2\/comments?post=97156"}],"version-history":[{"count":1,"href":"https:\/\/univet.hu\/allasborze\/wp-json\/wp\/v2\/pages\/97156\/revisions"}],"predecessor-version":[{"id":172713,"href":"https:\/\/univet.hu\/allasborze\/wp-json\/wp\/v2\/pages\/97156\/revisions\/172713"}],"up":[{"embeddable":true,"href":"https:\/\/univet.hu\/allasborze\/wp-json\/wp\/v2\/pages\/96306"}],"wp:attachment":[{"href":"https:\/\/univet.hu\/allasborze\/wp-json\/wp\/v2\/media?parent=97156"}],"wp:term":[{"taxonomy":"category","embeddable":true,"href":"https:\/\/univet.hu\/allasborze\/wp-json\/wp\/v2\/categories?post=97156"},{"taxonomy":"post_tag","embeddable":true,"href":"https:\/\/univet.hu\/allasborze\/wp-json\/wp\/v2\/tags?post=97156"}],"curies":[{"name":"wp","href":"https:\/\/api.w.org\/{rel}","templated":true}]}}