{"id":97158,"date":"2023-12-12T11:25:28","date_gmt":"2023-12-12T10:25:28","guid":{"rendered":"https:\/\/univet.hu\/hu\/allasborze-2024\/kiallitok\/name\/"},"modified":"2025-01-10T13:55:08","modified_gmt":"2025-01-10T12:55:08","slug":"sevetys","status":"publish","type":"page","link":"https:\/\/univet.hu\/allasborze\/allasborze-2024\/kiallitok\/sevetys\/","title":{"rendered":"SEVETYS"},"content":{"rendered":"<p><span data-contrast=\"auto\">Created in 2016, Sevetys is the leading French group of veterinary clinics. Anchored in the heart of the territories, and already adopted by nearly 200 clinics in France, Sevetys brings together more than 1,300 passionate animal health experts who work daily for an attractive and healthy veterinary profession.<\/span><span data-ccp-props=\"{&quot;201341983&quot;:0,&quot;335559739&quot;:160,&quot;335559740&quot;:259}\">\u00a0<\/span><\/p> <p><span data-contrast=\"auto\"><strong>Our ambition?<\/strong> Create an innovative partnership with veterinarians &amp; ASV to improve the animal care offer in a veterinary world that is reinventing itself.<\/span><span data-ccp-props=\"{&quot;201341983&quot;:0,&quot;335559739&quot;:160,&quot;335559740&quot;:259}\">\u00a0<\/span><\/p> <p><span data-contrast=\"auto\"><strong>How?<\/strong> By giving them the necessary means to do what they do best: provide care.<\/span><span data-ccp-props=\"{&quot;201341983&quot;:0,&quot;335559739&quot;:160,&quot;335559740&quot;:259}\">\u00a0<\/span><\/p> <p><span data-contrast=\"auto\"><strong>For what?<\/strong> To modernize the veterinary sector in the service of animal welfare.<\/span><\/p> <p>&nbsp;<\/p> <p><strong>For more information click:<\/strong>\u00a0<a href=\"https:\/\/sevetys.fr\/\">https:\/\/sevetys.fr\/<\/a><\/p> <p><a href=\"https:\/\/univet.hu\/en\/allasborze-2023\/kiallitok\/sevetys\/sevetys-logo\/\" rel=\"attachment wp-att-81566\"><img loading=\"lazy\" decoding=\"async\" class=\"aligncenter size-large wp-image-81566\" src=\"https:\/\/univet.hu\/allasborze\/wp-content\/uploads\/sites\/2\/2023\/01\/sevetys-logo-960x496.png\" alt=\"\" width=\"640\" height=\"331\" \/><\/a><\/p>","protected":false},"excerpt":{"rendered":"<p>Created in 2016, Sevetys is the leading French group of veterinary clinics. Anchored in the heart of the territories, and already adopted by nearly 200 clinics in France, Sevetys brings together more than 1,300 passionate animal health experts who work daily for an attractive and healthy veterinary profession.\u00a0 Our ambition? Create an innovative partnership with<\/p>\n","protected":false},"author":2518,"featured_media":0,"parent":96306,"menu_order":0,"comment_status":"open","ping_status":"open","template":"","meta":{"_acf_changed":false,"footnotes":""},"categories":[],"tags":[],"class_list":["post-97158","page","type-page","status-publish","hentry"],"acf":[],"yoast_head":"<!-- This site is optimized with the Yoast SEO plugin v27.2 - https:\/\/yoast.com\/product\/yoast-seo-wordpress\/ -->\n<title>SEVETYS - \u00c1ll\u00e1sb\u00f6rze<\/title>\n<meta name=\"robots\" content=\"index, follow, max-snippet:-1, max-image-preview:large, max-video-preview:-1\" \/>\n<link rel=\"canonical\" href=\"https:\/\/univet.hu\/allasborze\/allasborze-2024\/kiallitok\/sevetys\/\" \/>\n<meta property=\"og:locale\" content=\"hu_HU\" \/>\n<meta property=\"og:type\" content=\"article\" \/>\n<meta property=\"og:title\" content=\"SEVETYS - \u00c1ll\u00e1sb\u00f6rze\" \/>\n<meta property=\"og:description\" content=\"Created in 2016, Sevetys is the leading French group of veterinary clinics. Anchored in the heart of the territories, and already adopted by nearly 200 clinics in France, Sevetys brings together more than 1,300 passionate animal health experts who work daily for an attractive and healthy veterinary profession.\u00a0 Our ambition? Create an innovative partnership with\" \/>\n<meta property=\"og:url\" content=\"https:\/\/univet.hu\/allasborze\/allasborze-2024\/kiallitok\/sevetys\/\" \/>\n<meta property=\"og:site_name\" content=\"\u00c1ll\u00e1sb\u00f6rze\" \/>\n<meta property=\"article:modified_time\" content=\"2025-01-10T12:55:08+00:00\" \/>\n<meta property=\"og:image\" content=\"https:\/\/univet.hu\/allasborze\/wp-content\/uploads\/sites\/2\/2023\/01\/sevetys-logo-960x496.png\" \/>\n<meta name=\"twitter:card\" content=\"summary_large_image\" \/>\n<meta name=\"twitter:label1\" content=\"Becs\u00fclt olvas\u00e1si id\u0151\" \/>\n\t<meta name=\"twitter:data1\" content=\"1 perc\" \/>\n<script type=\"application\/ld+json\" class=\"yoast-schema-graph\">{\"@context\":\"https:\/\/schema.org\",\"@graph\":[{\"@type\":\"WebPage\",\"@id\":\"https:\/\/univet.hu\/allasborze\/allasborze-2024\/kiallitok\/sevetys\/\",\"url\":\"https:\/\/univet.hu\/allasborze\/allasborze-2024\/kiallitok\/sevetys\/\",\"name\":\"SEVETYS - \u00c1ll\u00e1sb\u00f6rze\",\"isPartOf\":{\"@id\":\"https:\/\/univet.hu\/allasborze\/#website\"},\"primaryImageOfPage\":{\"@id\":\"https:\/\/univet.hu\/allasborze\/allasborze-2024\/kiallitok\/sevetys\/#primaryimage\"},\"image\":{\"@id\":\"https:\/\/univet.hu\/allasborze\/allasborze-2024\/kiallitok\/sevetys\/#primaryimage\"},\"thumbnailUrl\":\"https:\/\/univet.hu\/allasborze\/wp-content\/uploads\/sites\/2\/2023\/01\/sevetys-logo-960x496.png\",\"datePublished\":\"2023-12-12T10:25:28+00:00\",\"dateModified\":\"2025-01-10T12:55:08+00:00\",\"breadcrumb\":{\"@id\":\"https:\/\/univet.hu\/allasborze\/allasborze-2024\/kiallitok\/sevetys\/#breadcrumb\"},\"inLanguage\":\"hu\",\"potentialAction\":[{\"@type\":\"ReadAction\",\"target\":[\"https:\/\/univet.hu\/allasborze\/allasborze-2024\/kiallitok\/sevetys\/\"]}]},{\"@type\":\"ImageObject\",\"inLanguage\":\"hu\",\"@id\":\"https:\/\/univet.hu\/allasborze\/allasborze-2024\/kiallitok\/sevetys\/#primaryimage\",\"url\":\"https:\/\/univet.hu\/allasborze\/wp-content\/uploads\/sites\/2\/2023\/01\/sevetys-logo.png\",\"contentUrl\":\"https:\/\/univet.hu\/allasborze\/wp-content\/uploads\/sites\/2\/2023\/01\/sevetys-logo.png\",\"width\":1024,\"height\":529},{\"@type\":\"BreadcrumbList\",\"@id\":\"https:\/\/univet.hu\/allasborze\/allasborze-2024\/kiallitok\/sevetys\/#breadcrumb\",\"itemListElement\":[{\"@type\":\"ListItem\",\"position\":1,\"name\":\"Kezd\u0151lap\",\"item\":\"https:\/\/univet.hu\/allasborze\/\"},{\"@type\":\"ListItem\",\"position\":2,\"name\":\"\u00c1ll\u00e1sb\u00f6rze 2024\",\"item\":\"https:\/\/univet.hu\/allasborze\/allasborze-2024\/\"},{\"@type\":\"ListItem\",\"position\":3,\"name\":\"Ki\u00e1ll\u00edt\u00f3k\",\"item\":\"https:\/\/univet.hu\/allasborze\/allasborze-2024\/kiallitok\/\"},{\"@type\":\"ListItem\",\"position\":4,\"name\":\"SEVETYS\"}]},{\"@type\":\"WebSite\",\"@id\":\"https:\/\/univet.hu\/allasborze\/#website\",\"url\":\"https:\/\/univet.hu\/allasborze\/\",\"name\":\"\u00c1ll\u00e1sb\u00f6rze\",\"description\":\"\",\"potentialAction\":[{\"@type\":\"SearchAction\",\"target\":{\"@type\":\"EntryPoint\",\"urlTemplate\":\"https:\/\/univet.hu\/allasborze\/?s={search_term_string}\"},\"query-input\":{\"@type\":\"PropertyValueSpecification\",\"valueRequired\":true,\"valueName\":\"search_term_string\"}}],\"inLanguage\":\"hu\"}]}<\/script>\n<!-- \/ Yoast SEO plugin. -->","yoast_head_json":{"title":"SEVETYS - \u00c1ll\u00e1sb\u00f6rze","robots":{"index":"index","follow":"follow","max-snippet":"max-snippet:-1","max-image-preview":"max-image-preview:large","max-video-preview":"max-video-preview:-1"},"canonical":"https:\/\/univet.hu\/allasborze\/allasborze-2024\/kiallitok\/sevetys\/","og_locale":"hu_HU","og_type":"article","og_title":"SEVETYS - \u00c1ll\u00e1sb\u00f6rze","og_description":"Created in 2016, Sevetys is the leading French group of veterinary clinics. Anchored in the heart of the territories, and already adopted by nearly 200 clinics in France, Sevetys brings together more than 1,300 passionate animal health experts who work daily for an attractive and healthy veterinary profession.\u00a0 Our ambition? Create an innovative partnership with","og_url":"https:\/\/univet.hu\/allasborze\/allasborze-2024\/kiallitok\/sevetys\/","og_site_name":"\u00c1ll\u00e1sb\u00f6rze","article_modified_time":"2025-01-10T12:55:08+00:00","og_image":[{"url":"https:\/\/univet.hu\/allasborze\/wp-content\/uploads\/sites\/2\/2023\/01\/sevetys-logo-960x496.png","type":"","width":"","height":""}],"twitter_card":"summary_large_image","twitter_misc":{"Becs\u00fclt olvas\u00e1si id\u0151":"1 perc"},"schema":{"@context":"https:\/\/schema.org","@graph":[{"@type":"WebPage","@id":"https:\/\/univet.hu\/allasborze\/allasborze-2024\/kiallitok\/sevetys\/","url":"https:\/\/univet.hu\/allasborze\/allasborze-2024\/kiallitok\/sevetys\/","name":"SEVETYS - \u00c1ll\u00e1sb\u00f6rze","isPartOf":{"@id":"https:\/\/univet.hu\/allasborze\/#website"},"primaryImageOfPage":{"@id":"https:\/\/univet.hu\/allasborze\/allasborze-2024\/kiallitok\/sevetys\/#primaryimage"},"image":{"@id":"https:\/\/univet.hu\/allasborze\/allasborze-2024\/kiallitok\/sevetys\/#primaryimage"},"thumbnailUrl":"https:\/\/univet.hu\/allasborze\/wp-content\/uploads\/sites\/2\/2023\/01\/sevetys-logo-960x496.png","datePublished":"2023-12-12T10:25:28+00:00","dateModified":"2025-01-10T12:55:08+00:00","breadcrumb":{"@id":"https:\/\/univet.hu\/allasborze\/allasborze-2024\/kiallitok\/sevetys\/#breadcrumb"},"inLanguage":"hu","potentialAction":[{"@type":"ReadAction","target":["https:\/\/univet.hu\/allasborze\/allasborze-2024\/kiallitok\/sevetys\/"]}]},{"@type":"ImageObject","inLanguage":"hu","@id":"https:\/\/univet.hu\/allasborze\/allasborze-2024\/kiallitok\/sevetys\/#primaryimage","url":"https:\/\/univet.hu\/allasborze\/wp-content\/uploads\/sites\/2\/2023\/01\/sevetys-logo.png","contentUrl":"https:\/\/univet.hu\/allasborze\/wp-content\/uploads\/sites\/2\/2023\/01\/sevetys-logo.png","width":1024,"height":529},{"@type":"BreadcrumbList","@id":"https:\/\/univet.hu\/allasborze\/allasborze-2024\/kiallitok\/sevetys\/#breadcrumb","itemListElement":[{"@type":"ListItem","position":1,"name":"Kezd\u0151lap","item":"https:\/\/univet.hu\/allasborze\/"},{"@type":"ListItem","position":2,"name":"\u00c1ll\u00e1sb\u00f6rze 2024","item":"https:\/\/univet.hu\/allasborze\/allasborze-2024\/"},{"@type":"ListItem","position":3,"name":"Ki\u00e1ll\u00edt\u00f3k","item":"https:\/\/univet.hu\/allasborze\/allasborze-2024\/kiallitok\/"},{"@type":"ListItem","position":4,"name":"SEVETYS"}]},{"@type":"WebSite","@id":"https:\/\/univet.hu\/allasborze\/#website","url":"https:\/\/univet.hu\/allasborze\/","name":"\u00c1ll\u00e1sb\u00f6rze","description":"","potentialAction":[{"@type":"SearchAction","target":{"@type":"EntryPoint","urlTemplate":"https:\/\/univet.hu\/allasborze\/?s={search_term_string}"},"query-input":{"@type":"PropertyValueSpecification","valueRequired":true,"valueName":"search_term_string"}}],"inLanguage":"hu"}]}},"_links":{"self":[{"href":"https:\/\/univet.hu\/allasborze\/wp-json\/wp\/v2\/pages\/97158","targetHints":{"allow":["GET"]}}],"collection":[{"href":"https:\/\/univet.hu\/allasborze\/wp-json\/wp\/v2\/pages"}],"about":[{"href":"https:\/\/univet.hu\/allasborze\/wp-json\/wp\/v2\/types\/page"}],"author":[{"embeddable":true,"href":"https:\/\/univet.hu\/allasborze\/wp-json\/wp\/v2\/users\/2518"}],"replies":[{"embeddable":true,"href":"https:\/\/univet.hu\/allasborze\/wp-json\/wp\/v2\/comments?post=97158"}],"version-history":[{"count":1,"href":"https:\/\/univet.hu\/allasborze\/wp-json\/wp\/v2\/pages\/97158\/revisions"}],"predecessor-version":[{"id":172718,"href":"https:\/\/univet.hu\/allasborze\/wp-json\/wp\/v2\/pages\/97158\/revisions\/172718"}],"up":[{"embeddable":true,"href":"https:\/\/univet.hu\/allasborze\/wp-json\/wp\/v2\/pages\/96306"}],"wp:attachment":[{"href":"https:\/\/univet.hu\/allasborze\/wp-json\/wp\/v2\/media?parent=97158"}],"wp:term":[{"taxonomy":"category","embeddable":true,"href":"https:\/\/univet.hu\/allasborze\/wp-json\/wp\/v2\/categories?post=97158"},{"taxonomy":"post_tag","embeddable":true,"href":"https:\/\/univet.hu\/allasborze\/wp-json\/wp\/v2\/tags?post=97158"}],"curies":[{"name":"wp","href":"https:\/\/api.w.org\/{rel}","templated":true}]}}