{"id":97160,"date":"2023-12-12T11:26:56","date_gmt":"2023-12-12T10:26:56","guid":{"rendered":"https:\/\/univet.hu\/hu\/allasborze-2024\/kiallitok\/name\/"},"modified":"2025-01-10T13:55:08","modified_gmt":"2025-01-10T12:55:08","slug":"tierarzte-team-tiefenbach-gmbh","status":"publish","type":"page","link":"https:\/\/univet.hu\/allasborze\/allasborze-2024\/kiallitok\/tierarzte-team-tiefenbach-gmbh\/","title":{"rendered":"Tier\u00e4rzte Team Tiefenbach GmbH"},"content":{"rendered":"<p>&nbsp;<\/p> <p><a href=\"https:\/\/univet.hu\/allasborze\/wp-content\/uploads\/sites\/2\/2024\/01\/2024-01-23_Messe_Praxisvorstellung_RZ.png\"><img loading=\"lazy\" decoding=\"async\" class=\"aligncenter size-full wp-image-98030\" src=\"https:\/\/univet.hu\/allasborze\/wp-content\/uploads\/sites\/2\/2024\/01\/2024-01-23_Messe_Praxisvorstellung_RZ.png\" alt=\"\" width=\"1654\" height=\"2339\" srcset=\"https:\/\/univet.hu\/allasborze\/wp-content\/uploads\/sites\/2\/2024\/01\/2024-01-23_Messe_Praxisvorstellung_RZ.png 1654w, https:\/\/univet.hu\/allasborze\/wp-content\/uploads\/sites\/2\/2024\/01\/2024-01-23_Messe_Praxisvorstellung_RZ-226x320.png 226w, https:\/\/univet.hu\/allasborze\/wp-content\/uploads\/sites\/2\/2024\/01\/2024-01-23_Messe_Praxisvorstellung_RZ-768x1086.png 768w, https:\/\/univet.hu\/allasborze\/wp-content\/uploads\/sites\/2\/2024\/01\/2024-01-23_Messe_Praxisvorstellung_RZ-724x1024.png 724w, https:\/\/univet.hu\/allasborze\/wp-content\/uploads\/sites\/2\/2024\/01\/2024-01-23_Messe_Praxisvorstellung_RZ-1086x1536.png 1086w, https:\/\/univet.hu\/allasborze\/wp-content\/uploads\/sites\/2\/2024\/01\/2024-01-23_Messe_Praxisvorstellung_RZ-1448x2048.png 1448w, https:\/\/univet.hu\/allasborze\/wp-content\/uploads\/sites\/2\/2024\/01\/2024-01-23_Messe_Praxisvorstellung_RZ-212x300.png 212w\" sizes=\"auto, (max-width: 1654px) 100vw, 1654px\" \/><\/a><\/p> <p><b><span data-contrast=\"none\">Das Tier\u00e4rzte Team Tiefenbach <\/span><\/b><span data-contrast=\"none\">ist eine Praxis mit \u00fcber 60 Mitarbeiterinnen und Mitarbeiter<\/span><span data-contrast=\"none\">n<\/span><span data-contrast=\"none\"> in Crailsheim, der zweitgr\u00f6\u00dften Stadt im Landkreis Schw\u00e4bisch Hall im Nord<\/span><span data-contrast=\"none\">en<\/span><span data-contrast=\"none\"> Baden-W\u00fcrttembergs. Das Praxisgebiet erstreckt sich im Norden bis kurz vor W\u00fcrzburg, im Westen bis Ansbach und Gunzenhausen und im S\u00fcden bis einschlie\u00dflich Aaalen und Heidenheim an der Brenz, sowie i<\/span><span data-contrast=\"none\">m<\/span><span data-contrast=\"none\">\u00a0 Osten bis \u00fcber die Landeshauptstadt Stuttgart hinweg <\/span><span data-contrast=\"none\">mit<\/span><span data-contrast=\"none\"> der Metropolregion bis Pforzheim, T\u00fcbingen und Reutlingen. In Waal, im Ostallg\u00e4u, befindet sich au\u00dferdem unsere Tochterpraxis (Rinderpraxis).<\/span><span data-ccp-props=\"{&quot;201341983&quot;:0,&quot;335559738&quot;:0,&quot;335559740&quot;:240}\">\u00a0<\/span><\/p> <p><span data-contrast=\"none\">Das Tier\u00e4rzte Team Tiefenbach ist eine moderne Tierarztpraxis mit Geschichte: Seit 1955 arbeiten hier <\/span><span data-contrast=\"none\">Gro\u00df- und Kleintier\u00e4rzte<\/span><span data-contrast=\"none\">,<\/span><span data-contrast=\"none\"> sowie Tiermedizinische Fachangestellte<\/span><span data-contrast=\"none\">, Besamungstechniker, das Embryotransferteam und der Scannerdienst zusammen.<\/span><br \/> <span data-contrast=\"none\">Sie behandeln und betreuen Tiere aller Art, von Schweinen \u00fcber Rinder<\/span><span data-contrast=\"none\"> und<\/span><span data-contrast=\"none\"> Pferde bis hin zu Kleintieren. Das motivierte Team bietet umfassende Leistungen <\/span><span data-contrast=\"none\">in<\/span><span data-contrast=\"none\"> allen Fachgebieten<\/span><span data-contrast=\"none\"> der Tiermedizin an<\/span><span data-contrast=\"none\">.<\/span><span data-ccp-props=\"{&quot;201341983&quot;:0,&quot;335559738&quot;:0,&quot;335559740&quot;:240}\">\u00a0<\/span><\/p> <p><span data-contrast=\"none\">Eine \u00fcbertarifliche, leistungsgerechte Bezahlung macht das Tier\u00e4rzte Team Tiefenbach zu einem a<\/span><span data-contrast=\"none\">ttraktive<\/span><span data-contrast=\"none\">n<\/span><span data-contrast=\"none\"> Arbeitgeber in der Region<\/span><span data-contrast=\"none\">. Geregelte Arbeitszeiten ohne Nachtdienste<\/span><span data-contrast=\"none\"> (ausgenommen Bereich Rind) bieten<\/span><span data-contrast=\"none\"> ein angenehmes Arbeitsklima und gen\u00fcgend Raum f\u00fcr Freizeit.<\/span> <span data-contrast=\"none\">Schichtdienste und eine digitale Arbeitszeiterfassung sorgen f\u00fcr faire und gut planbare Arbeitszeiten.<\/span><span data-ccp-props=\"{&quot;201341983&quot;:0,&quot;335559738&quot;:0,&quot;335559740&quot;:240}\">\u00a0<\/span><\/p> <p><span data-contrast=\"none\">Eine Reihe von Benefits macht das Onboarding f\u00fcr neue Mitarbeiterinnen und Mitarbeiter besonders leicht: <\/span><span data-contrast=\"none\">Du<\/span><span data-contrast=\"none\"> erh<\/span><span data-contrast=\"none\">\u00e4ltst<\/span><span data-contrast=\"none\"> eine gr\u00fcndliche Einarbeitung \u00fcber mehrere Wochen und bei Bedarf eine vor\u00fcbergehende Mitarbeiterwohnung gestellt, bis etwas Eigenes gefunden worden ist.<\/span> <span data-contrast=\"none\">Zudem wird <\/span><span data-contrast=\"none\">dir<\/span><span data-contrast=\"none\"> bei der Wohnungssuche geholfen. Ein Jobrad sowie Tankgutscheine stellen sicher, dass <\/span><span data-contrast=\"none\">du<\/span><span data-contrast=\"none\"> stets mobil <\/span><span data-contrast=\"none\">bist<\/span><span data-contrast=\"none\">.<\/span><span data-contrast=\"none\"> Ein gut ausgestatteter Arbeitsplatz mit modernster Technik und Programmen ist bei uns selbstverst\u00e4ndlich.<\/span><span data-ccp-props=\"{&quot;201341983&quot;:0,&quot;335559738&quot;:0,&quot;335559740&quot;:240}\">\u00a0<\/span><\/p> <p><span data-ccp-props=\"{&quot;201341983&quot;:0,&quot;335559738&quot;:0,&quot;335559740&quot;:240}\">\u00a0<\/span><\/p> <p><span data-contrast=\"none\">Komm ins Team und gestalte <\/span><span data-contrast=\"none\">Deine<\/span><span data-contrast=\"none\"> Karriere in der Tiermedizin mit uns. Wir freuen uns auf <\/span><span data-contrast=\"none\">Deine<\/span><span data-contrast=\"none\"> Bewerbung unter <\/span><span data-contrast=\"none\">www.tierarzt-crailsheim.de<\/span><span data-ccp-props=\"{&quot;201341983&quot;:0,&quot;335559738&quot;:0,&quot;335559740&quot;:240}\">\u00a0<\/span><\/p> <p><span data-contrast=\"none\">Quelle: <\/span><a href=\"https:\/\/www.tierarzt-crailsheim.de\/\"><span data-contrast=\"none\">https:\/\/www.tierarzt-crailsheim.de\/<\/span><\/a><span data-ccp-props=\"{&quot;201341983&quot;:0,&quot;335559738&quot;:0,&quot;335559740&quot;:240}\">\u00a0<\/span><\/p> <p><span data-ccp-props=\"{&quot;201341983&quot;:0,&quot;335559738&quot;:0,&quot;335559740&quot;:240}\">\u00a0<\/span><\/p> <p><b><span data-contrast=\"none\">F\u00fcr weitere Informationen kontaktieren Sie bitte:<\/span><\/b><span data-ccp-props=\"{&quot;201341983&quot;:0,&quot;335559738&quot;:0,&quot;335559740&quot;:240,&quot;469777462&quot;:[560,1120,1680,2240,2800,3360,3920,4480,5040,5600,6160,6720,6740,6760,6780,6800,6820,6840,6860,6880,6900,6920,6940,6960,6980,7000,7020,7040,7060,7080,7100,7120,7140,7160,7180,7200,7220,7240,7260,7280,7300,7320,7340,7360,7380,7400,7420,7440,7460,7480,7500,7520,7540,7560,7580,7600,7620,7640,7660,7680,7700,7720,7740,7760],&quot;469777927&quot;:[0,0,0,0,0,0,0,0,0,0,0,0,0,0,0,0,0,0,0,0,0,0,0,0,0,0,0,0,0,0,0,0,0,0,0,0,0,0,0,0,0,0,0,0,0,0,0,0,0,0,0,0,0,0,0,0,0,0,0,0,0,0,0,0],&quot;469777928&quot;:[1,1,1,1,1,1,1,1,1,1,1,1,1,1,1,1,1,1,1,1,1,1,1,1,1,1,1,1,1,1,1,1,1,1,1,1,1,1,1,1,1,1,1,1,1,1,1,1,1,1,1,1,1,1,1,1,1,1,1,1,1,1,1,1]}\">\u00a0<\/span><\/p> <p><span data-contrast=\"none\">Tier\u00e4rzte Team Tiefenbach GmbH<\/span><br \/> <span data-contrast=\"none\">Steig\u00e4<\/span><span data-contrast=\"none\">ckerweg 10<\/span><br \/> <span data-contrast=\"none\">74564 Crailsheim &#8211; Tiefenbach<\/span><span data-ccp-props=\"{&quot;201341983&quot;:0,&quot;335559738&quot;:0,&quot;335559740&quot;:240,&quot;469777462&quot;:[560,1120,1680,2240,2800,3360,3920,4480,5040,5600,6160,6720,6740,6760,6780,6800,6820,6840,6860,6880,6900,6920,6940,6960,6980,7000,7020,7040,7060,7080,7100,7120,7140,7160,7180,7200,7220,7240,7260,7280,7300,7320,7340,7360,7380,7400,7420,7440,7460,7480,7500,7520,7540,7560,7580,7600,7620,7640,7660,7680,7700,7720,7740,7760],&quot;469777927&quot;:[0,0,0,0,0,0,0,0,0,0,0,0,0,0,0,0,0,0,0,0,0,0,0,0,0,0,0,0,0,0,0,0,0,0,0,0,0,0,0,0,0,0,0,0,0,0,0,0,0,0,0,0,0,0,0,0,0,0,0,0,0,0,0,0],&quot;469777928&quot;:[1,1,1,1,1,1,1,1,1,1,1,1,1,1,1,1,1,1,1,1,1,1,1,1,1,1,1,1,1,1,1,1,1,1,1,1,1,1,1,1,1,1,1,1,1,1,1,1,1,1,1,1,1,1,1,1,1,1,1,1,1,1,1,1]}\">\u00a0<\/span><\/p> <p><span data-contrast=\"none\">Telefon: 07951\/9797-0<\/span><br \/> <span data-contrast=\"none\">E-Mail: <a class=\"decrypt\" rel=\"jogpAujfsbs{u.dsbjmtifjn\/ef\" href=\"javascript:void(0);\">[Kattintson az emailc\u00edmhez]<\/a><\/span><br \/> <span data-contrast=\"none\">Web: <a href=\"http:\/\/www.tierarzt-crailsheim.de\">www.tierarzt-crailsheim.de<\/a><\/span><span data-ccp-props=\"{&quot;201341983&quot;:0,&quot;335559738&quot;:0,&quot;335559740&quot;:240,&quot;469777462&quot;:[560,1120,1680,2240,2800,3360,3920,4480,5040,5600,6160,6720,6740,6760,6780,6800,6820,6840,6860,6880,6900,6920,6940,6960,6980,7000,7020,7040,7060,7080,7100,7120,7140,7160,7180,7200,7220,7240,7260,7280,7300,7320,7340,7360,7380,7400,7420,7440,7460,7480,7500,7520,7540,7560,7580,7600,7620,7640,7660,7680,7700,7720,7740,7760],&quot;469777927&quot;:[0,0,0,0,0,0,0,0,0,0,0,0,0,0,0,0,0,0,0,0,0,0,0,0,0,0,0,0,0,0,0,0,0,0,0,0,0,0,0,0,0,0,0,0,0,0,0,0,0,0,0,0,0,0,0,0,0,0,0,0,0,0,0,0],&quot;469777928&quot;:[1,1,1,1,1,1,1,1,1,1,1,1,1,1,1,1,1,1,1,1,1,1,1,1,1,1,1,1,1,1,1,1,1,1,1,1,1,1,1,1,1,1,1,1,1,1,1,1,1,1,1,1,1,1,1,1,1,1,1,1,1,1,1,1]}\">\u00a0<\/span><\/p>","protected":false},"excerpt":{"rendered":"<p>&nbsp; Das Tier\u00e4rzte Team Tiefenbach ist eine Praxis mit \u00fcber 60 Mitarbeiterinnen und Mitarbeitern in Crailsheim, der zweitgr\u00f6\u00dften Stadt im Landkreis Schw\u00e4bisch Hall im Norden Baden-W\u00fcrttembergs. Das Praxisgebiet erstreckt sich im Norden bis kurz vor W\u00fcrzburg, im Westen bis Ansbach und Gunzenhausen und im S\u00fcden bis einschlie\u00dflich Aaalen und Heidenheim an der Brenz, sowie im\u00a0<\/p>\n","protected":false},"author":2518,"featured_media":0,"parent":96306,"menu_order":0,"comment_status":"open","ping_status":"open","template":"","meta":{"_acf_changed":false,"footnotes":""},"categories":[],"tags":[],"class_list":["post-97160","page","type-page","status-publish","hentry"],"acf":[],"yoast_head":"<!-- This site is optimized with the Yoast SEO plugin v27.2 - https:\/\/yoast.com\/product\/yoast-seo-wordpress\/ -->\n<title>Tier\u00e4rzte Team Tiefenbach GmbH - \u00c1ll\u00e1sb\u00f6rze<\/title>\n<meta name=\"robots\" content=\"index, follow, max-snippet:-1, max-image-preview:large, max-video-preview:-1\" \/>\n<link rel=\"canonical\" href=\"https:\/\/univet.hu\/allasborze\/allasborze-2024\/kiallitok\/tierarzte-team-tiefenbach-gmbh\/\" \/>\n<meta property=\"og:locale\" content=\"hu_HU\" \/>\n<meta property=\"og:type\" content=\"article\" \/>\n<meta property=\"og:title\" content=\"Tier\u00e4rzte Team Tiefenbach GmbH - \u00c1ll\u00e1sb\u00f6rze\" \/>\n<meta property=\"og:description\" content=\"&nbsp; Das Tier\u00e4rzte Team Tiefenbach ist eine Praxis mit \u00fcber 60 Mitarbeiterinnen und Mitarbeitern in Crailsheim, der zweitgr\u00f6\u00dften Stadt im Landkreis Schw\u00e4bisch Hall im Norden Baden-W\u00fcrttembergs. Das Praxisgebiet erstreckt sich im Norden bis kurz vor W\u00fcrzburg, im Westen bis Ansbach und Gunzenhausen und im S\u00fcden bis einschlie\u00dflich Aaalen und Heidenheim an der Brenz, sowie im\u00a0\" \/>\n<meta property=\"og:url\" content=\"https:\/\/univet.hu\/allasborze\/allasborze-2024\/kiallitok\/tierarzte-team-tiefenbach-gmbh\/\" \/>\n<meta property=\"og:site_name\" content=\"\u00c1ll\u00e1sb\u00f6rze\" \/>\n<meta property=\"article:modified_time\" content=\"2025-01-10T12:55:08+00:00\" \/>\n<meta property=\"og:image\" content=\"https:\/\/univet.hu\/allasborze\/wp-content\/uploads\/sites\/2\/2024\/01\/2024-01-23_Messe_Praxisvorstellung_RZ.png\" \/>\n<meta name=\"twitter:card\" content=\"summary_large_image\" \/>\n<meta name=\"twitter:label1\" content=\"Becs\u00fclt olvas\u00e1si id\u0151\" \/>\n\t<meta name=\"twitter:data1\" content=\"2 perc\" \/>\n<script type=\"application\/ld+json\" class=\"yoast-schema-graph\">{\"@context\":\"https:\/\/schema.org\",\"@graph\":[{\"@type\":\"WebPage\",\"@id\":\"https:\/\/univet.hu\/allasborze\/allasborze-2024\/kiallitok\/tierarzte-team-tiefenbach-gmbh\/\",\"url\":\"https:\/\/univet.hu\/allasborze\/allasborze-2024\/kiallitok\/tierarzte-team-tiefenbach-gmbh\/\",\"name\":\"Tier\u00e4rzte Team Tiefenbach GmbH - \u00c1ll\u00e1sb\u00f6rze\",\"isPartOf\":{\"@id\":\"https:\/\/univet.hu\/allasborze\/#website\"},\"primaryImageOfPage\":{\"@id\":\"https:\/\/univet.hu\/allasborze\/allasborze-2024\/kiallitok\/tierarzte-team-tiefenbach-gmbh\/#primaryimage\"},\"image\":{\"@id\":\"https:\/\/univet.hu\/allasborze\/allasborze-2024\/kiallitok\/tierarzte-team-tiefenbach-gmbh\/#primaryimage\"},\"thumbnailUrl\":\"https:\/\/univet.hu\/allasborze\/wp-content\/uploads\/sites\/2\/2024\/01\/2024-01-23_Messe_Praxisvorstellung_RZ.png\",\"datePublished\":\"2023-12-12T10:26:56+00:00\",\"dateModified\":\"2025-01-10T12:55:08+00:00\",\"breadcrumb\":{\"@id\":\"https:\/\/univet.hu\/allasborze\/allasborze-2024\/kiallitok\/tierarzte-team-tiefenbach-gmbh\/#breadcrumb\"},\"inLanguage\":\"hu\",\"potentialAction\":[{\"@type\":\"ReadAction\",\"target\":[\"https:\/\/univet.hu\/allasborze\/allasborze-2024\/kiallitok\/tierarzte-team-tiefenbach-gmbh\/\"]}]},{\"@type\":\"ImageObject\",\"inLanguage\":\"hu\",\"@id\":\"https:\/\/univet.hu\/allasborze\/allasborze-2024\/kiallitok\/tierarzte-team-tiefenbach-gmbh\/#primaryimage\",\"url\":\"https:\/\/univet.hu\/allasborze\/wp-content\/uploads\/sites\/2\/2024\/01\/2024-01-23_Messe_Praxisvorstellung_RZ.png\",\"contentUrl\":\"https:\/\/univet.hu\/allasborze\/wp-content\/uploads\/sites\/2\/2024\/01\/2024-01-23_Messe_Praxisvorstellung_RZ.png\"},{\"@type\":\"BreadcrumbList\",\"@id\":\"https:\/\/univet.hu\/allasborze\/allasborze-2024\/kiallitok\/tierarzte-team-tiefenbach-gmbh\/#breadcrumb\",\"itemListElement\":[{\"@type\":\"ListItem\",\"position\":1,\"name\":\"Kezd\u0151lap\",\"item\":\"https:\/\/univet.hu\/allasborze\/\"},{\"@type\":\"ListItem\",\"position\":2,\"name\":\"\u00c1ll\u00e1sb\u00f6rze 2024\",\"item\":\"https:\/\/univet.hu\/allasborze\/allasborze-2024\/\"},{\"@type\":\"ListItem\",\"position\":3,\"name\":\"Ki\u00e1ll\u00edt\u00f3k\",\"item\":\"https:\/\/univet.hu\/allasborze\/allasborze-2024\/kiallitok\/\"},{\"@type\":\"ListItem\",\"position\":4,\"name\":\"Tier\u00e4rzte Team Tiefenbach GmbH\"}]},{\"@type\":\"WebSite\",\"@id\":\"https:\/\/univet.hu\/allasborze\/#website\",\"url\":\"https:\/\/univet.hu\/allasborze\/\",\"name\":\"\u00c1ll\u00e1sb\u00f6rze\",\"description\":\"\",\"potentialAction\":[{\"@type\":\"SearchAction\",\"target\":{\"@type\":\"EntryPoint\",\"urlTemplate\":\"https:\/\/univet.hu\/allasborze\/?s={search_term_string}\"},\"query-input\":{\"@type\":\"PropertyValueSpecification\",\"valueRequired\":true,\"valueName\":\"search_term_string\"}}],\"inLanguage\":\"hu\"}]}<\/script>\n<!-- \/ Yoast SEO plugin. -->","yoast_head_json":{"title":"Tier\u00e4rzte Team Tiefenbach GmbH - \u00c1ll\u00e1sb\u00f6rze","robots":{"index":"index","follow":"follow","max-snippet":"max-snippet:-1","max-image-preview":"max-image-preview:large","max-video-preview":"max-video-preview:-1"},"canonical":"https:\/\/univet.hu\/allasborze\/allasborze-2024\/kiallitok\/tierarzte-team-tiefenbach-gmbh\/","og_locale":"hu_HU","og_type":"article","og_title":"Tier\u00e4rzte Team Tiefenbach GmbH - \u00c1ll\u00e1sb\u00f6rze","og_description":"&nbsp; Das Tier\u00e4rzte Team Tiefenbach ist eine Praxis mit \u00fcber 60 Mitarbeiterinnen und Mitarbeitern in Crailsheim, der zweitgr\u00f6\u00dften Stadt im Landkreis Schw\u00e4bisch Hall im Norden Baden-W\u00fcrttembergs. Das Praxisgebiet erstreckt sich im Norden bis kurz vor W\u00fcrzburg, im Westen bis Ansbach und Gunzenhausen und im S\u00fcden bis einschlie\u00dflich Aaalen und Heidenheim an der Brenz, sowie im\u00a0","og_url":"https:\/\/univet.hu\/allasborze\/allasborze-2024\/kiallitok\/tierarzte-team-tiefenbach-gmbh\/","og_site_name":"\u00c1ll\u00e1sb\u00f6rze","article_modified_time":"2025-01-10T12:55:08+00:00","og_image":[{"url":"https:\/\/univet.hu\/allasborze\/wp-content\/uploads\/sites\/2\/2024\/01\/2024-01-23_Messe_Praxisvorstellung_RZ.png","type":"","width":"","height":""}],"twitter_card":"summary_large_image","twitter_misc":{"Becs\u00fclt olvas\u00e1si id\u0151":"2 perc"},"schema":{"@context":"https:\/\/schema.org","@graph":[{"@type":"WebPage","@id":"https:\/\/univet.hu\/allasborze\/allasborze-2024\/kiallitok\/tierarzte-team-tiefenbach-gmbh\/","url":"https:\/\/univet.hu\/allasborze\/allasborze-2024\/kiallitok\/tierarzte-team-tiefenbach-gmbh\/","name":"Tier\u00e4rzte Team Tiefenbach GmbH - \u00c1ll\u00e1sb\u00f6rze","isPartOf":{"@id":"https:\/\/univet.hu\/allasborze\/#website"},"primaryImageOfPage":{"@id":"https:\/\/univet.hu\/allasborze\/allasborze-2024\/kiallitok\/tierarzte-team-tiefenbach-gmbh\/#primaryimage"},"image":{"@id":"https:\/\/univet.hu\/allasborze\/allasborze-2024\/kiallitok\/tierarzte-team-tiefenbach-gmbh\/#primaryimage"},"thumbnailUrl":"https:\/\/univet.hu\/allasborze\/wp-content\/uploads\/sites\/2\/2024\/01\/2024-01-23_Messe_Praxisvorstellung_RZ.png","datePublished":"2023-12-12T10:26:56+00:00","dateModified":"2025-01-10T12:55:08+00:00","breadcrumb":{"@id":"https:\/\/univet.hu\/allasborze\/allasborze-2024\/kiallitok\/tierarzte-team-tiefenbach-gmbh\/#breadcrumb"},"inLanguage":"hu","potentialAction":[{"@type":"ReadAction","target":["https:\/\/univet.hu\/allasborze\/allasborze-2024\/kiallitok\/tierarzte-team-tiefenbach-gmbh\/"]}]},{"@type":"ImageObject","inLanguage":"hu","@id":"https:\/\/univet.hu\/allasborze\/allasborze-2024\/kiallitok\/tierarzte-team-tiefenbach-gmbh\/#primaryimage","url":"https:\/\/univet.hu\/allasborze\/wp-content\/uploads\/sites\/2\/2024\/01\/2024-01-23_Messe_Praxisvorstellung_RZ.png","contentUrl":"https:\/\/univet.hu\/allasborze\/wp-content\/uploads\/sites\/2\/2024\/01\/2024-01-23_Messe_Praxisvorstellung_RZ.png"},{"@type":"BreadcrumbList","@id":"https:\/\/univet.hu\/allasborze\/allasborze-2024\/kiallitok\/tierarzte-team-tiefenbach-gmbh\/#breadcrumb","itemListElement":[{"@type":"ListItem","position":1,"name":"Kezd\u0151lap","item":"https:\/\/univet.hu\/allasborze\/"},{"@type":"ListItem","position":2,"name":"\u00c1ll\u00e1sb\u00f6rze 2024","item":"https:\/\/univet.hu\/allasborze\/allasborze-2024\/"},{"@type":"ListItem","position":3,"name":"Ki\u00e1ll\u00edt\u00f3k","item":"https:\/\/univet.hu\/allasborze\/allasborze-2024\/kiallitok\/"},{"@type":"ListItem","position":4,"name":"Tier\u00e4rzte Team Tiefenbach GmbH"}]},{"@type":"WebSite","@id":"https:\/\/univet.hu\/allasborze\/#website","url":"https:\/\/univet.hu\/allasborze\/","name":"\u00c1ll\u00e1sb\u00f6rze","description":"","potentialAction":[{"@type":"SearchAction","target":{"@type":"EntryPoint","urlTemplate":"https:\/\/univet.hu\/allasborze\/?s={search_term_string}"},"query-input":{"@type":"PropertyValueSpecification","valueRequired":true,"valueName":"search_term_string"}}],"inLanguage":"hu"}]}},"_links":{"self":[{"href":"https:\/\/univet.hu\/allasborze\/wp-json\/wp\/v2\/pages\/97160","targetHints":{"allow":["GET"]}}],"collection":[{"href":"https:\/\/univet.hu\/allasborze\/wp-json\/wp\/v2\/pages"}],"about":[{"href":"https:\/\/univet.hu\/allasborze\/wp-json\/wp\/v2\/types\/page"}],"author":[{"embeddable":true,"href":"https:\/\/univet.hu\/allasborze\/wp-json\/wp\/v2\/users\/2518"}],"replies":[{"embeddable":true,"href":"https:\/\/univet.hu\/allasborze\/wp-json\/wp\/v2\/comments?post=97160"}],"version-history":[{"count":1,"href":"https:\/\/univet.hu\/allasborze\/wp-json\/wp\/v2\/pages\/97160\/revisions"}],"predecessor-version":[{"id":172720,"href":"https:\/\/univet.hu\/allasborze\/wp-json\/wp\/v2\/pages\/97160\/revisions\/172720"}],"up":[{"embeddable":true,"href":"https:\/\/univet.hu\/allasborze\/wp-json\/wp\/v2\/pages\/96306"}],"wp:attachment":[{"href":"https:\/\/univet.hu\/allasborze\/wp-json\/wp\/v2\/media?parent=97160"}],"wp:term":[{"taxonomy":"category","embeddable":true,"href":"https:\/\/univet.hu\/allasborze\/wp-json\/wp\/v2\/categories?post=97160"},{"taxonomy":"post_tag","embeddable":true,"href":"https:\/\/univet.hu\/allasborze\/wp-json\/wp\/v2\/tags?post=97160"}],"curies":[{"name":"wp","href":"https:\/\/api.w.org\/{rel}","templated":true}]}}