{"id":97644,"date":"2024-01-10T14:58:16","date_gmt":"2024-01-10T13:58:16","guid":{"rendered":"https:\/\/univet.hu\/hu\/allasborze-2024\/kiallitok\/name\/"},"modified":"2025-01-10T13:55:08","modified_gmt":"2025-01-10T12:55:08","slug":"prophyl-kft","status":"publish","type":"page","link":"https:\/\/univet.hu\/allasborze\/allasborze-2024\/kiallitok\/prophyl-kft\/","title":{"rendered":"Prophyl Kft."},"content":{"rendered":"<p><b><span data-contrast=\"none\">Prophyl Kft.<\/span><\/b> <b><span data-contrast=\"none\">\u2013 A hum\u00e1n- \u00e9s az \u00e1llateg\u00e9szs\u00e9g\u00fcgy szolg\u00e1lat\u00e1ban<\/span><\/b><span data-ccp-props=\"{&quot;335559739&quot;:60}\">\u00a0<\/span><\/p> <p><a href=\"https:\/\/univet.hu\/allasborze\/wp-content\/uploads\/sites\/2\/2024\/01\/Prophyl-logo-horizontal-jpg-002.jpg\"><img loading=\"lazy\" decoding=\"async\" class=\"aligncenter size-medium wp-image-98059\" src=\"https:\/\/univet.hu\/allasborze\/wp-content\/uploads\/sites\/2\/2024\/01\/Prophyl-logo-horizontal-jpg-002-320x80.jpg\" alt=\"\" width=\"320\" height=\"80\" srcset=\"https:\/\/univet.hu\/allasborze\/wp-content\/uploads\/sites\/2\/2024\/01\/Prophyl-logo-horizontal-jpg-002-320x80.jpg 320w, https:\/\/univet.hu\/allasborze\/wp-content\/uploads\/sites\/2\/2024\/01\/Prophyl-logo-horizontal-jpg-002-768x192.jpg 768w, https:\/\/univet.hu\/allasborze\/wp-content\/uploads\/sites\/2\/2024\/01\/Prophyl-logo-horizontal-jpg-002-1024x256.jpg 1024w, https:\/\/univet.hu\/allasborze\/wp-content\/uploads\/sites\/2\/2024\/01\/Prophyl-logo-horizontal-jpg-002-300x75.jpg 300w, https:\/\/univet.hu\/allasborze\/wp-content\/uploads\/sites\/2\/2024\/01\/Prophyl-logo-horizontal-jpg-002.jpg 1182w\" sizes=\"auto, (max-width: 320px) 100vw, 320px\" \/><\/a><\/p> <p><span data-contrast=\"none\">Moh\u00e1csi sz\u00e9khely\u0171 (<\/span><i><span data-contrast=\"none\">de Barany\u00e1ban t\u00f6bb telephellyel is rendelkez\u0151<\/span><\/i><span data-contrast=\"none\">) c\u00e9g\u00fcnk f\u0151 tev\u00e9kenys\u00e9ge az SPF toj\u00e1sok termel\u00e9se, valamint az \u00e1llatgy\u00f3gy\u00e1szati kutat\u00e1s-fejleszt\u00e9s. Minden ter\u00fclet\u00fcnk szorosan kapcsol\u00f3dik az \u00e1llateg\u00e9szs\u00e9g\u00fcgyh\u00f6z, a hum\u00e1n- \u00e9s \u00e1llatgy\u00f3gy\u00e1szati olt\u00f3anyaggy\u00e1rt\u00e1shoz.<\/span><span data-ccp-props=\"{&quot;335559739&quot;:60}\">\u00a0<\/span><\/p> <p><strong>Mi\u00e9rt a Prophyl?<\/strong><\/p> <ul> <li>100%-ban magyar tulajdon\u00fa, szakmai vezet\u00e9sen alapul\u00f3 v\u00e1llalat<\/li> <li>Biztos munkahely<\/li> <li>Szakmai fejl\u0151d\u00e9si lehet\u0151s\u00e9g<\/li> <li>Versenyk\u00e9pes fizet\u00e9s<\/li> <li>\u00c9v v\u00e9gi jutalom<\/li> <li>Cafeteria<\/li> <\/ul> <p><b><span data-contrast=\"none\">\u00c1LLATVIZSG\u00c1LATOK, DIAGNOSZTIKAI \u00c9S LABORAT\u00d3RIUMI SZOLG\u00c1LTAT\u00c1SOK<\/span><\/b><span data-ccp-props=\"{&quot;335559739&quot;:60}\">\u00a0<\/span><\/p> <p><span data-contrast=\"none\">B\u00e1ri telephely\u00fcnk\u00f6n <\/span><b><span data-contrast=\"none\">az \u00e1llatgy\u00f3gy\u00e1szati k\u00e9sz\u00edtm\u00e9nyek fejleszt\u00e9s\u00e9hez \u00e9s regisztr\u00e1ci\u00f3j\u00e1hoz sz\u00fcks\u00e9ges vizsg\u00e1latokat v\u00e9gezz\u00fck:<\/span><\/b><span data-ccp-props=\"{&quot;335559739&quot;:60}\">\u00a0<\/span><\/p> <ul> <li data-leveltext=\"\uf023\" data-font=\"Symbol\" data-listid=\"11\" data-list-defn-props=\"{&quot;335552541&quot;:1,&quot;335559684&quot;:-2,&quot;335559685&quot;:720,&quot;335559991&quot;:360,&quot;469769226&quot;:&quot;Symbol&quot;,&quot;469769242&quot;:[8226],&quot;469777803&quot;:&quot;left&quot;,&quot;469777804&quot;:&quot;\uf023&quot;,&quot;469777815&quot;:&quot;hybridMultilevel&quot;}\" data-aria-posinset=\"1\" data-aria-level=\"1\"><span data-contrast=\"none\">\u00c1LLATVIZSG\u00c1LATOK<\/span><span data-ccp-props=\"{&quot;335559739&quot;:60}\">\u00a0<\/span><\/li> <li data-leveltext=\"\uf023\" data-font=\"Symbol\" data-listid=\"11\" data-list-defn-props=\"{&quot;335552541&quot;:1,&quot;335559684&quot;:-2,&quot;335559685&quot;:720,&quot;335559991&quot;:360,&quot;469769226&quot;:&quot;Symbol&quot;,&quot;469769242&quot;:[8226],&quot;469777803&quot;:&quot;left&quot;,&quot;469777804&quot;:&quot;\uf023&quot;,&quot;469777815&quot;:&quot;hybridMultilevel&quot;}\" data-aria-posinset=\"2\" data-aria-level=\"1\"><span data-contrast=\"none\">LABORVIZSG\u00c1LATOK<\/span><span data-ccp-props=\"{&quot;335559739&quot;:60}\">\u00a0<\/span><\/li> <li data-leveltext=\"\uf023\" data-font=\"Symbol\" data-listid=\"11\" data-list-defn-props=\"{&quot;335552541&quot;:1,&quot;335559684&quot;:-2,&quot;335559685&quot;:720,&quot;335559991&quot;:360,&quot;469769226&quot;:&quot;Symbol&quot;,&quot;469769242&quot;:[8226],&quot;469777803&quot;:&quot;left&quot;,&quot;469777804&quot;:&quot;\uf023&quot;,&quot;469777815&quot;:&quot;hybridMultilevel&quot;}\" data-aria-posinset=\"3\" data-aria-level=\"1\"><span data-contrast=\"none\">KOMPLEX VIZSG\u00c1LATI DOKUMENT\u00c1CI\u00d3<\/span><span data-ccp-props=\"{&quot;335559739&quot;:60}\">\u00a0<\/span><\/li> <li data-leveltext=\"\uf023\" data-font=\"Symbol\" data-listid=\"11\" data-list-defn-props=\"{&quot;335552541&quot;:1,&quot;335559684&quot;:-2,&quot;335559685&quot;:720,&quot;335559991&quot;:360,&quot;469769226&quot;:&quot;Symbol&quot;,&quot;469769242&quot;:[8226],&quot;469777803&quot;:&quot;left&quot;,&quot;469777804&quot;:&quot;\uf023&quot;,&quot;469777815&quot;:&quot;hybridMultilevel&quot;}\" data-aria-posinset=\"4\" data-aria-level=\"1\"><span data-contrast=\"none\">BIOL\u00d3GIAI ANYAGOK TERMEL\u00c9SE (SEJT, ELLENANYAG, ANTIG\u00c9N, HAT\u00d3ANYAG)<\/span><span data-ccp-props=\"{&quot;335559739&quot;:60}\">\u00a0<\/span><\/li> <li data-leveltext=\"\uf023\" data-font=\"Symbol\" data-listid=\"11\" data-list-defn-props=\"{&quot;335552541&quot;:1,&quot;335559684&quot;:-2,&quot;335559685&quot;:720,&quot;335559991&quot;:360,&quot;469769226&quot;:&quot;Symbol&quot;,&quot;469769242&quot;:[8226],&quot;469777803&quot;:&quot;left&quot;,&quot;469777804&quot;:&quot;\uf023&quot;,&quot;469777815&quot;:&quot;hybridMultilevel&quot;}\" data-aria-posinset=\"5\" data-aria-level=\"1\"><span data-contrast=\"none\">GY\u00c1RT\u00c1S ELLEN\u0150RZ\u0150 VIZSG\u00c1LATOK<\/span><span data-ccp-props=\"{&quot;335559739&quot;:60}\">\u00a0<\/span><\/li> <\/ul> <p><span data-contrast=\"none\">Sz\u00e1mos k\u00fcl\u00f6nb\u00f6z\u0151 adotts\u00e1g\u00fa \u00e1llattart\u00f3 egys\u00e9ggel rendelkez\u00fcnk, a <\/span><b><span data-contrast=\"none\">konvencion\u00e1lis \u00e9s 2-es biol\u00f3giai biztons\u00e1gi szint\u0171<\/span><\/b><span data-contrast=\"none\"> tart\u00f3helyeken t\u00fal, van <\/span><b><span data-contrast=\"none\">SPF st\u00e1tusz\u00fa vizsg\u00e1latok<\/span><\/b><span data-contrast=\"none\"> elhelyez\u00e9s\u00e9re alkalmas \u00e1llath\u00e1zunk \u00e9s izol\u00e1toraink is. A Magyarorsz\u00e1gon egyed\u00fcl\u00e1ll\u00f3 <\/span><b><span data-contrast=\"none\">3-as biol\u00f3giai biztons\u00e1gi szint\u0171 \u00e1llath\u00e1zaink<\/span><\/b><span data-contrast=\"none\">ban olyan <\/span><b><span data-contrast=\"none\">nagy k\u00f3rokoz\u00f3 k\u00e9pess\u00e9g\u0171 pathog\u00e9nek<\/span><\/b><span data-contrast=\"none\">kel is tudunk dolgozni, mint a mad\u00e1rinfluenza, baromfipestis vagy \u00e9ppen az afrikai sert\u00e9spestis v\u00edrusa.<\/span><span data-ccp-props=\"{&quot;335559739&quot;:60}\">\u00a0<\/span><\/p> <p><b><span data-contrast=\"none\">\u00c1LLATEG\u00c9SZS\u00c9G\u00dcGYI LABORAT\u00d3RIUM<\/span><\/b><span data-ccp-props=\"{&quot;335559739&quot;:60}\">\u00a0<\/span><\/p> <p><span data-contrast=\"none\">A moh\u00e1csi <\/span><b><span data-contrast=\"none\">Dr. Marek J\u00f3zsef \u00c1llateg\u00e9szs\u00e9g\u00fcgyi Laborat\u00f3rium<\/span><\/b><span data-contrast=\"none\">ban az alapdiagnosztikai \u00e9s szerol\u00f3giai vizsg\u00e1latok mellett a legmodernebb molekul\u00e1ris biol\u00f3giai m\u00f3dszerek is rendelkez\u00e9sre \u00e1llnak a kedvtel\u00e9sb\u0151l tartott \u00e9s haszon\u00e1llatfajok eset\u00e9n egyar\u00e1nt. <\/span><b><span data-contrast=\"none\">F\u0151 tev\u00e9kenys\u00e9g\u00fcnk a gazdas\u00e1gi \u00e1llat\u00e1llom\u00e1nyok \u00e1llateg\u00e9szs\u00e9g\u00fcgyi diagnosztik\u00e1ja.<\/span><\/b><span data-contrast=\"none\"> A baromfi, sert\u00e9s \u00e9s szarvasmarha diagnosztikai szolg\u00e1ltat\u00e1sainak \u00e1tfog\u00f3 \u00e9s folyamatosan n\u00f6vekv\u0151 spektrum\u00e1val foglalkozunk. Hisz\u00fcnk abban, hogy az \u00e1llateg\u00e9szs\u00e9g\u00fcgyi probl\u00e9m\u00e1kat komplex m\u00f3don kell vizsg\u00e1lni ahhoz, hogy tart\u00f3s eredm\u00e9nyeket \u00e9rj\u00fcnk el. Ebben ny\u00fajtunk <\/span><b><span data-contrast=\"none\">komplex szakmai \u00e9s diagnosztikai laborat\u00f3riumi t\u00e1mogat\u00e1st<\/span><\/b><span data-contrast=\"none\"> az \u00e1llattart\u00f3 telepeknek \u00e9s az \u00e1llatorvos koll\u00e9g\u00e1k sz\u00e1m\u00e1ra.\u00a0<\/span><span data-ccp-props=\"{&quot;335559739&quot;:60}\">\u00a0<\/span><\/p> <p><b><span data-contrast=\"none\">KUTAT\u00c1S-FEJLESZT\u00c9S-INNOV\u00c1CI\u00d3<\/span><\/b><span data-ccp-props=\"{&quot;335559739&quot;:60}\">\u00a0<\/span><\/p> <p><b><span data-contrast=\"none\">Miben vehetsz m\u00e9g r\u00e9szt n\u00e1lunk?<\/span><\/b><span data-ccp-props=\"{&quot;335559739&quot;:60}\">\u00a0<\/span><\/p> <ul> <li data-leveltext=\"\uf0b7\" data-font=\"Symbol\" data-listid=\"21\" data-list-defn-props=\"{&quot;335552541&quot;:1,&quot;335559684&quot;:-2,&quot;335559685&quot;:720,&quot;335559991&quot;:360,&quot;469769226&quot;:&quot;Symbol&quot;,&quot;469769242&quot;:[8226],&quot;469777803&quot;:&quot;left&quot;,&quot;469777804&quot;:&quot;\uf0b7&quot;,&quot;469777815&quot;:&quot;hybridMultilevel&quot;}\" data-aria-posinset=\"1\" data-aria-level=\"1\"><span data-contrast=\"none\">A liba v\u00e9rz\u00e9ses polyoma v\u00edrus okozta betegs\u00e9g\u00e9nek alaposabb megismer\u00e9s\u00e9re ir\u00e1nyul\u00f3 vizsg\u00e1latokban \u00e9s a betegs\u00e9g megel\u0151z\u00e9s\u00e9re szolg\u00e1l\u00f3 vakcina fejleszt\u00e9s\u00e9ben.<\/span><span data-ccp-props=\"{&quot;335559739&quot;:60}\">\u00a0<\/span><\/li> <li data-leveltext=\"\uf0b7\" data-font=\"Symbol\" data-listid=\"21\" data-list-defn-props=\"{&quot;335552541&quot;:1,&quot;335559684&quot;:-2,&quot;335559685&quot;:720,&quot;335559991&quot;:360,&quot;469769226&quot;:&quot;Symbol&quot;,&quot;469769242&quot;:[8226],&quot;469777803&quot;:&quot;left&quot;,&quot;469777804&quot;:&quot;\uf0b7&quot;,&quot;469777815&quot;:&quot;hybridMultilevel&quot;}\" data-aria-posinset=\"2\" data-aria-level=\"1\"><span data-contrast=\"none\">Keltet\u0151i aerosol vakcin\u00e1z\u00e1s m\u00f3dszer\u00e9nek kidolgoz\u00e1s\u00e1ban, hat\u00e9konys\u00e1g\u00e1nak \u00e9s gyakorlati alkalmazhat\u00f3s\u00e1g\u00e1nak vizsg\u00e1lat\u00e1ban.<\/span><span data-ccp-props=\"{&quot;335559739&quot;:60}\">\u00a0<\/span><\/li> <li data-leveltext=\"\uf0b7\" data-font=\"Symbol\" data-listid=\"21\" data-list-defn-props=\"{&quot;335552541&quot;:1,&quot;335559684&quot;:-2,&quot;335559685&quot;:720,&quot;335559991&quot;:360,&quot;469769226&quot;:&quot;Symbol&quot;,&quot;469769242&quot;:[8226],&quot;469777803&quot;:&quot;left&quot;,&quot;469777804&quot;:&quot;\uf0b7&quot;,&quot;469777815&quot;:&quot;hybridMultilevel&quot;}\" data-aria-posinset=\"3\" data-aria-level=\"1\"><span data-contrast=\"none\">Toj\u00e1ss\u00e1rg\u00e1j\u00e1b\u00f3l kivont specifikus IgY antitestek el\u0151\u00e1ll\u00edt\u00e1s\u00e1nak \u00e9s felhaszn\u00e1l\u00e1s\u00e1nak vizsg\u00e1lat\u00e1ban bizonyos betegs\u00e9gek megel\u0151z\u00e9s\u00e9ben \u00e9s kezel\u00e9s\u00e9ben.<\/span><span data-ccp-props=\"{&quot;335559739&quot;:60}\">\u00a0<\/span><\/li> <\/ul> <p><b><span data-contrast=\"none\">GYAKORLATI LEHET\u0150S\u00c9G HALLGAT\u00d3KNAK<\/span><\/b><span data-ccp-props=\"{&quot;335559739&quot;:60}\">\u00a0<\/span><\/p> <p><span data-contrast=\"none\">\u00c1llatvizsg\u00e1lati r\u00e9szleg\u00fcnk\u00f6n, \u00e1llateg\u00e9szs\u00e9g\u00fcgyi laborat\u00f3riumunkban \u00e9s biol\u00f3giai anyagokat termel\u0151 \u00fczem\u00fcnkben egyar\u00e1nt v\u00e1rjuk az \u00c1TE hallgat\u00f3it a k\u00f6telez\u0151 egyetemi gyakorlatok idej\u00e9re Moh\u00e1cson \u00e9s B\u00e1rban.<\/span><span data-ccp-props=\"{&quot;335559739&quot;:60}\">\u00a0<\/span><\/p> <p><b><span data-contrast=\"none\">V\u00e1rjuk \u00e1llatorvos koll\u00e9g\u00e1k jelentkez\u00e9s\u00e9t is \u00e1llatvizsg\u00e1lati telepeinkre \u00e9s diagnosztikai ter\u00fcletre is!<\/span><\/b><span data-ccp-props=\"{&quot;335559739&quot;:60}\">\u00a0<\/span><\/p> <p><span data-contrast=\"none\">Kapcsolat: <\/span><a class=\"decrypt\" rel=\"lbssjfsAqspqizm\/iv\" href=\"javascript:void(0);\">[Kattintson az emailc\u00edmhez]<\/a><br \/> <span data-ccp-props=\"{&quot;335559739&quot;:60}\">\u00a0<\/span><\/p> <table data-tablestyle=\"MsoTableGrid\" data-tablelook=\"1184\"> <tbody> <tr> <td data-celllook=\"4369\"> <p><b><span data-contrast=\"none\">K\u00f6z\u00f6ss\u00e9gi oldalak, el\u00e9rhet\u0151s\u00e9gek:<\/span><\/b><span data-ccp-props=\"{&quot;335559739&quot;:60}\">\u00a0<\/span><\/p> <p><span data-ccp-props=\"{&quot;335559739&quot;:60}\">\u00a0<\/span><\/td> <td data-celllook=\"4369\"> <p><span data-contrast=\"none\">Facebook: <\/span><a href=\"https:\/\/www.facebook.com\/prophylkft\"><span data-contrast=\"none\">https:\/\/www.facebook.com\/prophylkft<\/span><\/a><span data-contrast=\"none\">\u00a0<\/span><span data-ccp-props=\"{&quot;335559739&quot;:60}\">\u00a0<\/span><\/p> <p><span data-contrast=\"none\">LinkedIn: <\/span><a href=\"https:\/\/www.linkedin.com\/company\/prophyl-ltd\"><span data-contrast=\"none\">https:\/\/www.linkedin.com\/company\/prophyl-ltd<\/span><\/a><span data-contrast=\"none\">\u00a0<\/span><span data-ccp-props=\"{&quot;335559739&quot;:60}\">\u00a0<\/span><\/p> <p><span data-contrast=\"none\">Karrier oldal: <\/span><a href=\"https:\/\/www.prophyl.hu\/karrier\"><span data-contrast=\"none\">https:\/\/www.prophyl.hu\/karrier<\/span><\/a><span data-contrast=\"none\">\u00a0\u00a0<\/span><span data-ccp-props=\"{&quot;335559739&quot;:60}\">\u00a0<\/span><\/p> <p><span data-ccp-props=\"{&quot;335559739&quot;:60}\">\u00a0<\/span><\/td> <\/tr> <\/tbody> <\/table> <p><\/p>","protected":false},"excerpt":{"rendered":"<p>Prophyl Kft. \u2013 A hum\u00e1n- \u00e9s az \u00e1llateg\u00e9szs\u00e9g\u00fcgy szolg\u00e1lat\u00e1ban\u00a0 Moh\u00e1csi sz\u00e9khely\u0171 (de Barany\u00e1ban t\u00f6bb telephellyel is rendelkez\u0151) c\u00e9g\u00fcnk f\u0151 tev\u00e9kenys\u00e9ge az SPF toj\u00e1sok termel\u00e9se, valamint az \u00e1llatgy\u00f3gy\u00e1szati kutat\u00e1s-fejleszt\u00e9s. Minden ter\u00fclet\u00fcnk szorosan kapcsol\u00f3dik az \u00e1llateg\u00e9szs\u00e9g\u00fcgyh\u00f6z, a hum\u00e1n- \u00e9s \u00e1llatgy\u00f3gy\u00e1szati olt\u00f3anyaggy\u00e1rt\u00e1shoz.\u00a0 Mi\u00e9rt a Prophyl? 100%-ban magyar tulajdon\u00fa, szakmai vezet\u00e9sen alapul\u00f3 v\u00e1llalat Biztos munkahely Szakmai fejl\u0151d\u00e9si lehet\u0151s\u00e9g Versenyk\u00e9pes<\/p>\n","protected":false},"author":2518,"featured_media":0,"parent":96306,"menu_order":0,"comment_status":"open","ping_status":"open","template":"","meta":{"_acf_changed":false,"footnotes":""},"categories":[],"tags":[],"class_list":["post-97644","page","type-page","status-publish","hentry"],"acf":[],"yoast_head":"<!-- This site is optimized with the Yoast SEO plugin v27.2 - https:\/\/yoast.com\/product\/yoast-seo-wordpress\/ -->\n<title>Prophyl Kft. - \u00c1ll\u00e1sb\u00f6rze<\/title>\n<meta name=\"robots\" content=\"index, follow, max-snippet:-1, max-image-preview:large, max-video-preview:-1\" \/>\n<link rel=\"canonical\" href=\"https:\/\/univet.hu\/allasborze\/allasborze-2024\/kiallitok\/prophyl-kft\/\" \/>\n<meta property=\"og:locale\" content=\"hu_HU\" \/>\n<meta property=\"og:type\" content=\"article\" \/>\n<meta property=\"og:title\" content=\"Prophyl Kft. - \u00c1ll\u00e1sb\u00f6rze\" \/>\n<meta property=\"og:description\" content=\"Prophyl Kft. \u2013 A hum\u00e1n- \u00e9s az \u00e1llateg\u00e9szs\u00e9g\u00fcgy szolg\u00e1lat\u00e1ban\u00a0 Moh\u00e1csi sz\u00e9khely\u0171 (de Barany\u00e1ban t\u00f6bb telephellyel is rendelkez\u0151) c\u00e9g\u00fcnk f\u0151 tev\u00e9kenys\u00e9ge az SPF toj\u00e1sok termel\u00e9se, valamint az \u00e1llatgy\u00f3gy\u00e1szati kutat\u00e1s-fejleszt\u00e9s. Minden ter\u00fclet\u00fcnk szorosan kapcsol\u00f3dik az \u00e1llateg\u00e9szs\u00e9g\u00fcgyh\u00f6z, a hum\u00e1n- \u00e9s \u00e1llatgy\u00f3gy\u00e1szati olt\u00f3anyaggy\u00e1rt\u00e1shoz.\u00a0 Mi\u00e9rt a Prophyl? 100%-ban magyar tulajdon\u00fa, szakmai vezet\u00e9sen alapul\u00f3 v\u00e1llalat Biztos munkahely Szakmai fejl\u0151d\u00e9si lehet\u0151s\u00e9g Versenyk\u00e9pes\" \/>\n<meta property=\"og:url\" content=\"https:\/\/univet.hu\/allasborze\/allasborze-2024\/kiallitok\/prophyl-kft\/\" \/>\n<meta property=\"og:site_name\" content=\"\u00c1ll\u00e1sb\u00f6rze\" \/>\n<meta property=\"article:modified_time\" content=\"2025-01-10T12:55:08+00:00\" \/>\n<meta property=\"og:image\" content=\"https:\/\/univet.hu\/allasborze\/wp-content\/uploads\/sites\/2\/2024\/01\/Prophyl-logo-horizontal-jpg-002-320x80.jpg\" \/>\n<meta name=\"twitter:card\" content=\"summary_large_image\" \/>\n<meta name=\"twitter:label1\" content=\"Becs\u00fclt olvas\u00e1si id\u0151\" \/>\n\t<meta name=\"twitter:data1\" content=\"3 perc\" \/>\n<script type=\"application\/ld+json\" class=\"yoast-schema-graph\">{\"@context\":\"https:\/\/schema.org\",\"@graph\":[{\"@type\":\"WebPage\",\"@id\":\"https:\/\/univet.hu\/allasborze\/allasborze-2024\/kiallitok\/prophyl-kft\/\",\"url\":\"https:\/\/univet.hu\/allasborze\/allasborze-2024\/kiallitok\/prophyl-kft\/\",\"name\":\"Prophyl Kft. - \u00c1ll\u00e1sb\u00f6rze\",\"isPartOf\":{\"@id\":\"https:\/\/univet.hu\/allasborze\/#website\"},\"primaryImageOfPage\":{\"@id\":\"https:\/\/univet.hu\/allasborze\/allasborze-2024\/kiallitok\/prophyl-kft\/#primaryimage\"},\"image\":{\"@id\":\"https:\/\/univet.hu\/allasborze\/allasborze-2024\/kiallitok\/prophyl-kft\/#primaryimage\"},\"thumbnailUrl\":\"https:\/\/univet.hu\/allasborze\/wp-content\/uploads\/sites\/2\/2024\/01\/Prophyl-logo-horizontal-jpg-002-320x80.jpg\",\"datePublished\":\"2024-01-10T13:58:16+00:00\",\"dateModified\":\"2025-01-10T12:55:08+00:00\",\"breadcrumb\":{\"@id\":\"https:\/\/univet.hu\/allasborze\/allasborze-2024\/kiallitok\/prophyl-kft\/#breadcrumb\"},\"inLanguage\":\"hu\",\"potentialAction\":[{\"@type\":\"ReadAction\",\"target\":[\"https:\/\/univet.hu\/allasborze\/allasborze-2024\/kiallitok\/prophyl-kft\/\"]}]},{\"@type\":\"ImageObject\",\"inLanguage\":\"hu\",\"@id\":\"https:\/\/univet.hu\/allasborze\/allasborze-2024\/kiallitok\/prophyl-kft\/#primaryimage\",\"url\":\"https:\/\/univet.hu\/allasborze\/wp-content\/uploads\/sites\/2\/2024\/01\/Prophyl-logo-horizontal-jpg-002.jpg\",\"contentUrl\":\"https:\/\/univet.hu\/allasborze\/wp-content\/uploads\/sites\/2\/2024\/01\/Prophyl-logo-horizontal-jpg-002.jpg\",\"width\":1182,\"height\":296},{\"@type\":\"BreadcrumbList\",\"@id\":\"https:\/\/univet.hu\/allasborze\/allasborze-2024\/kiallitok\/prophyl-kft\/#breadcrumb\",\"itemListElement\":[{\"@type\":\"ListItem\",\"position\":1,\"name\":\"Kezd\u0151lap\",\"item\":\"https:\/\/univet.hu\/allasborze\/\"},{\"@type\":\"ListItem\",\"position\":2,\"name\":\"\u00c1ll\u00e1sb\u00f6rze 2024\",\"item\":\"https:\/\/univet.hu\/allasborze\/allasborze-2024\/\"},{\"@type\":\"ListItem\",\"position\":3,\"name\":\"Ki\u00e1ll\u00edt\u00f3k\",\"item\":\"https:\/\/univet.hu\/allasborze\/allasborze-2024\/kiallitok\/\"},{\"@type\":\"ListItem\",\"position\":4,\"name\":\"Prophyl Kft.\"}]},{\"@type\":\"WebSite\",\"@id\":\"https:\/\/univet.hu\/allasborze\/#website\",\"url\":\"https:\/\/univet.hu\/allasborze\/\",\"name\":\"\u00c1ll\u00e1sb\u00f6rze\",\"description\":\"\",\"potentialAction\":[{\"@type\":\"SearchAction\",\"target\":{\"@type\":\"EntryPoint\",\"urlTemplate\":\"https:\/\/univet.hu\/allasborze\/?s={search_term_string}\"},\"query-input\":{\"@type\":\"PropertyValueSpecification\",\"valueRequired\":true,\"valueName\":\"search_term_string\"}}],\"inLanguage\":\"hu\"}]}<\/script>\n<!-- \/ Yoast SEO plugin. -->","yoast_head_json":{"title":"Prophyl Kft. - \u00c1ll\u00e1sb\u00f6rze","robots":{"index":"index","follow":"follow","max-snippet":"max-snippet:-1","max-image-preview":"max-image-preview:large","max-video-preview":"max-video-preview:-1"},"canonical":"https:\/\/univet.hu\/allasborze\/allasborze-2024\/kiallitok\/prophyl-kft\/","og_locale":"hu_HU","og_type":"article","og_title":"Prophyl Kft. - \u00c1ll\u00e1sb\u00f6rze","og_description":"Prophyl Kft. \u2013 A hum\u00e1n- \u00e9s az \u00e1llateg\u00e9szs\u00e9g\u00fcgy szolg\u00e1lat\u00e1ban\u00a0 Moh\u00e1csi sz\u00e9khely\u0171 (de Barany\u00e1ban t\u00f6bb telephellyel is rendelkez\u0151) c\u00e9g\u00fcnk f\u0151 tev\u00e9kenys\u00e9ge az SPF toj\u00e1sok termel\u00e9se, valamint az \u00e1llatgy\u00f3gy\u00e1szati kutat\u00e1s-fejleszt\u00e9s. Minden ter\u00fclet\u00fcnk szorosan kapcsol\u00f3dik az \u00e1llateg\u00e9szs\u00e9g\u00fcgyh\u00f6z, a hum\u00e1n- \u00e9s \u00e1llatgy\u00f3gy\u00e1szati olt\u00f3anyaggy\u00e1rt\u00e1shoz.\u00a0 Mi\u00e9rt a Prophyl? 100%-ban magyar tulajdon\u00fa, szakmai vezet\u00e9sen alapul\u00f3 v\u00e1llalat Biztos munkahely Szakmai fejl\u0151d\u00e9si lehet\u0151s\u00e9g Versenyk\u00e9pes","og_url":"https:\/\/univet.hu\/allasborze\/allasborze-2024\/kiallitok\/prophyl-kft\/","og_site_name":"\u00c1ll\u00e1sb\u00f6rze","article_modified_time":"2025-01-10T12:55:08+00:00","og_image":[{"url":"https:\/\/univet.hu\/allasborze\/wp-content\/uploads\/sites\/2\/2024\/01\/Prophyl-logo-horizontal-jpg-002-320x80.jpg","type":"","width":"","height":""}],"twitter_card":"summary_large_image","twitter_misc":{"Becs\u00fclt olvas\u00e1si id\u0151":"3 perc"},"schema":{"@context":"https:\/\/schema.org","@graph":[{"@type":"WebPage","@id":"https:\/\/univet.hu\/allasborze\/allasborze-2024\/kiallitok\/prophyl-kft\/","url":"https:\/\/univet.hu\/allasborze\/allasborze-2024\/kiallitok\/prophyl-kft\/","name":"Prophyl Kft. - \u00c1ll\u00e1sb\u00f6rze","isPartOf":{"@id":"https:\/\/univet.hu\/allasborze\/#website"},"primaryImageOfPage":{"@id":"https:\/\/univet.hu\/allasborze\/allasborze-2024\/kiallitok\/prophyl-kft\/#primaryimage"},"image":{"@id":"https:\/\/univet.hu\/allasborze\/allasborze-2024\/kiallitok\/prophyl-kft\/#primaryimage"},"thumbnailUrl":"https:\/\/univet.hu\/allasborze\/wp-content\/uploads\/sites\/2\/2024\/01\/Prophyl-logo-horizontal-jpg-002-320x80.jpg","datePublished":"2024-01-10T13:58:16+00:00","dateModified":"2025-01-10T12:55:08+00:00","breadcrumb":{"@id":"https:\/\/univet.hu\/allasborze\/allasborze-2024\/kiallitok\/prophyl-kft\/#breadcrumb"},"inLanguage":"hu","potentialAction":[{"@type":"ReadAction","target":["https:\/\/univet.hu\/allasborze\/allasborze-2024\/kiallitok\/prophyl-kft\/"]}]},{"@type":"ImageObject","inLanguage":"hu","@id":"https:\/\/univet.hu\/allasborze\/allasborze-2024\/kiallitok\/prophyl-kft\/#primaryimage","url":"https:\/\/univet.hu\/allasborze\/wp-content\/uploads\/sites\/2\/2024\/01\/Prophyl-logo-horizontal-jpg-002.jpg","contentUrl":"https:\/\/univet.hu\/allasborze\/wp-content\/uploads\/sites\/2\/2024\/01\/Prophyl-logo-horizontal-jpg-002.jpg","width":1182,"height":296},{"@type":"BreadcrumbList","@id":"https:\/\/univet.hu\/allasborze\/allasborze-2024\/kiallitok\/prophyl-kft\/#breadcrumb","itemListElement":[{"@type":"ListItem","position":1,"name":"Kezd\u0151lap","item":"https:\/\/univet.hu\/allasborze\/"},{"@type":"ListItem","position":2,"name":"\u00c1ll\u00e1sb\u00f6rze 2024","item":"https:\/\/univet.hu\/allasborze\/allasborze-2024\/"},{"@type":"ListItem","position":3,"name":"Ki\u00e1ll\u00edt\u00f3k","item":"https:\/\/univet.hu\/allasborze\/allasborze-2024\/kiallitok\/"},{"@type":"ListItem","position":4,"name":"Prophyl Kft."}]},{"@type":"WebSite","@id":"https:\/\/univet.hu\/allasborze\/#website","url":"https:\/\/univet.hu\/allasborze\/","name":"\u00c1ll\u00e1sb\u00f6rze","description":"","potentialAction":[{"@type":"SearchAction","target":{"@type":"EntryPoint","urlTemplate":"https:\/\/univet.hu\/allasborze\/?s={search_term_string}"},"query-input":{"@type":"PropertyValueSpecification","valueRequired":true,"valueName":"search_term_string"}}],"inLanguage":"hu"}]}},"_links":{"self":[{"href":"https:\/\/univet.hu\/allasborze\/wp-json\/wp\/v2\/pages\/97644","targetHints":{"allow":["GET"]}}],"collection":[{"href":"https:\/\/univet.hu\/allasborze\/wp-json\/wp\/v2\/pages"}],"about":[{"href":"https:\/\/univet.hu\/allasborze\/wp-json\/wp\/v2\/types\/page"}],"author":[{"embeddable":true,"href":"https:\/\/univet.hu\/allasborze\/wp-json\/wp\/v2\/users\/2518"}],"replies":[{"embeddable":true,"href":"https:\/\/univet.hu\/allasborze\/wp-json\/wp\/v2\/comments?post=97644"}],"version-history":[{"count":1,"href":"https:\/\/univet.hu\/allasborze\/wp-json\/wp\/v2\/pages\/97644\/revisions"}],"predecessor-version":[{"id":172717,"href":"https:\/\/univet.hu\/allasborze\/wp-json\/wp\/v2\/pages\/97644\/revisions\/172717"}],"up":[{"embeddable":true,"href":"https:\/\/univet.hu\/allasborze\/wp-json\/wp\/v2\/pages\/96306"}],"wp:attachment":[{"href":"https:\/\/univet.hu\/allasborze\/wp-json\/wp\/v2\/media?parent=97644"}],"wp:term":[{"taxonomy":"category","embeddable":true,"href":"https:\/\/univet.hu\/allasborze\/wp-json\/wp\/v2\/categories?post=97644"},{"taxonomy":"post_tag","embeddable":true,"href":"https:\/\/univet.hu\/allasborze\/wp-json\/wp\/v2\/tags?post=97644"}],"curies":[{"name":"wp","href":"https:\/\/api.w.org\/{rel}","templated":true}]}}