{"id":97647,"date":"2024-01-10T15:03:26","date_gmt":"2024-01-10T14:03:26","guid":{"rendered":"https:\/\/univet.hu\/hu\/allasborze-2024\/kiallitok\/name\/"},"modified":"2025-01-10T13:55:08","modified_gmt":"2025-01-10T12:55:08","slug":"master-good-cegcsoport","status":"publish","type":"page","link":"https:\/\/univet.hu\/allasborze\/allasborze-2024\/kiallitok\/master-good-cegcsoport\/","title":{"rendered":"Master Good c\u00e9gcsoport"},"content":{"rendered":"<p><a href=\"https:\/\/univet.hu\/en\/allasborze-2023\/kiallitok\/master-good-cegcsoport\/uj-master_good_logo_png-2\/\" rel=\"attachment wp-att-82249\"><img loading=\"lazy\" decoding=\"async\" class=\"aligncenter wp-image-82249 size-medium\" src=\"https:\/\/univet.hu\/allasborze\/wp-content\/uploads\/sites\/2\/2023\/01\/UJ-master_good_logo_png-2-320x226.png\" alt=\"\" width=\"320\" height=\"226\" srcset=\"https:\/\/univet.hu\/allasborze\/wp-content\/uploads\/sites\/2\/2023\/01\/UJ-master_good_logo_png-2-320x226.png 320w, https:\/\/univet.hu\/allasborze\/wp-content\/uploads\/sites\/2\/2023\/01\/UJ-master_good_logo_png-2-768x541.png 768w, https:\/\/univet.hu\/allasborze\/wp-content\/uploads\/sites\/2\/2023\/01\/UJ-master_good_logo_png-2-1024x722.png 1024w, https:\/\/univet.hu\/allasborze\/wp-content\/uploads\/sites\/2\/2023\/01\/UJ-master_good_logo_png-2-1536x1083.png 1536w, https:\/\/univet.hu\/allasborze\/wp-content\/uploads\/sites\/2\/2023\/01\/UJ-master_good_logo_png-2-2048x1444.png 2048w, https:\/\/univet.hu\/allasborze\/wp-content\/uploads\/sites\/2\/2023\/01\/UJ-master_good_logo_png-2-300x211.png 300w\" sizes=\"auto, (max-width: 320px) 100vw, 320px\" \/><\/a><\/p> <p><b><span data-contrast=\"none\">A Master Good C\u00e9gcsoport<\/span><\/b><span data-ccp-props=\"{&quot;201341983&quot;:0,&quot;335551550&quot;:2,&quot;335551620&quot;:2,&quot;335559739&quot;:0,&quot;335559740&quot;:240}\">\u00a0<\/span><b><span data-contrast=\"none\">bemutat\u00e1sa<\/span><\/b><br \/> <span data-ccp-props=\"{&quot;201341983&quot;:0,&quot;335551550&quot;:2,&quot;335551620&quot;:2,&quot;335559739&quot;:0,&quot;335559740&quot;:240}\">\u00a0<\/span><\/p> <p><span data-contrast=\"auto\">A Master Good c\u00e9gcsoport \u00c9szak-kelet Magyarorsz\u00e1g ter\u00fclet\u00e9n m\u0171k\u00f6dik, integr\u00e1lt takarm\u00e1ny-termeltet\u00e9ssel, baromfiteny\u00e9szt\u00e9ssel, keltet\u00e9ssel, brojlerh\u00edzlal\u00e1ssal \u00e9s feldolgoz\u00e1ssal foglalkozik. A c\u00e9gcsoport 100 %-ban a B\u00e1r\u00e1ny csal\u00e1d tulajdon\u00e1ban van.<\/span><span data-ccp-props=\"{&quot;134233117&quot;:true,&quot;134233118&quot;:true,&quot;201341983&quot;:2,&quot;335551550&quot;:6,&quot;335551620&quot;:6,&quot;335559740&quot;:139}\">\u00a0<\/span><\/p> <p><span data-contrast=\"auto\">A B\u00e1r\u00e1ny csal\u00e1d 115 \u00e9ve, n\u00e9gy gener\u00e1ci\u00f3ra kiterjed\u0151en foglalkozik baromfiteny\u00e9szt\u00e9ssel, ez\u00e1ltal Magyarorsz\u00e1g legr\u00e9gibb baromfiteny\u00e9szt\u0151 dinaszti\u00e1ja. A trad\u00edci\u00f3t elind\u00edt\u00f3 els\u0151 gener\u00e1ci\u00f3 a Sz\u00e9chenyi gr\u00f3fok uradalmi baromfiteny\u00e9szt\u0151je volt. Az \u00e1ltala k\u00e9pviselt szakma ir\u00e1nti elk\u00f6telezetts\u00e9g, gener\u00e1ci\u00f3r\u00f3l gener\u00e1ci\u00f3ra sz\u00e1llt. A c\u00e9gcsoport jelenlegi sikereinek a kulcsa is ebb\u0151l az \u00f6r\u00f6ks\u00e9gb\u0151l ered.\u00a0<\/span><span data-ccp-props=\"{&quot;134233117&quot;:true,&quot;134233118&quot;:true,&quot;201341983&quot;:2,&quot;335551550&quot;:6,&quot;335551620&quot;:6,&quot;335559740&quot;:139}\">\u00a0<\/span><\/p> <p><span data-contrast=\"auto\">A v\u00e1llalkoz\u00e1s kezdetben 5 f\u0151vel indult (1994.), majd 1998-ban egy intenz\u00edv fejl\u0151d\u00e9se kezd\u0151d\u00f6tt, jelent\u0151s l\u00e9pt\u00e9k\u0171 \u00e9s \u00f6sszeg\u0171 beruh\u00e1z\u00e1sokkal, \u00e9s foglalkoztat\u00e1si l\u00e9tsz\u00e1mb\u0151v\u00fcl\u00e9ssel. Ebben az id\u0151ben l\u00e9tes\u00fclt t\u00f6bb baromfi teny\u00e9sz- \u00e9s brojlertelep, tov\u00e1bbi takarm\u00e1nykever\u0151 \u00fczem \u00e9s indult a mez\u0151gazdas\u00e1gi n\u00f6v\u00e9nytermeszt\u00e9si integr\u00e1ci\u00f3 is.\u00a0<\/span><span data-ccp-props=\"{&quot;134233117&quot;:true,&quot;134233118&quot;:false,&quot;201341983&quot;:2,&quot;335551550&quot;:6,&quot;335551620&quot;:6,&quot;335559739&quot;:240,&quot;335559740&quot;:139}\">\u00a0<\/span><\/p> <p><span data-contrast=\"auto\">A Master Good C\u00e9gcsoport \u2013 amely tev\u00e9kenys\u00e9g\u00e9nek meghat\u00e1roz\u00f3 r\u00e9sz\u00e9t Szabolcs \u2013 Szatm\u00e1r Bereg megy\u00e9ben v\u00e9gzi \u2013 <\/span><b><span data-contrast=\"auto\">Magyarorsz\u00e1g egyetlen 100 %-ban integr\u00e1lt baromfi profil\u00fa v\u00e1llalkoz\u00e1sa<\/span><\/b><span data-contrast=\"auto\">.<\/span><span data-ccp-props=\"{&quot;201341983&quot;:0,&quot;335551550&quot;:6,&quot;335551620&quot;:6,&quot;335559739&quot;:0,&quot;335559740&quot;:240}\">\u00a0<\/span><\/p> <p><span data-contrast=\"auto\">A takarm\u00e1nyn\u00f6v\u00e9nyek integr\u00e1ci\u00f3j\u00e1t, baromfiteny\u00e9szt\u00e9st, keltet\u00e9st, ipari brojler h\u00edzlal\u00e1st, valamint a Tanyasi csirke szabadtart\u00e1s\u00fa csirk\u00e9k nevel\u00e9s\u00e9t, \u00e9s a mez\u0151gazdas\u00e1gi alaptev\u00e9kenys\u00e9get a Baromfi- Coop Kft. v\u00e9gzi.<\/span><span data-ccp-props=\"{&quot;201341983&quot;:0,&quot;335551550&quot;:6,&quot;335551620&quot;:6,&quot;335559739&quot;:200,&quot;335559740&quot;:240}\">\u00a0<\/span><\/p> <p><span data-contrast=\"auto\">Az \u00e9l\u0151baromfi els\u0151dleges feldolgoz\u00e1s\u00e1t (v\u00e1g\u00e1s, darabol\u00e1s), az el\u0151k\u00e9sz\u00edtett \u00e9s tov\u00e1bb feldolgozott term\u00e9kek el\u0151\u00e1ll\u00edt\u00e1s\u00e1t, valamint az \u00e9rt\u00e9kes\u00edt\u00e9st a Master Good Kft. szervezi \u00e9s ir\u00e1ny\u00edtja.<\/span><span data-ccp-props=\"{&quot;201341983&quot;:0,&quot;335551550&quot;:6,&quot;335551620&quot;:6,&quot;335559739&quot;:200,&quot;335559740&quot;:240}\">\u00a0<\/span><\/p> <p><span data-contrast=\"auto\">A term\u00e9kek kisz\u00e1ll\u00edt\u00e1s\u00e1t saj\u00e1t aut\u00f3parkkal v\u00e9gezz\u00fck, biztos\u00edtva ezzel a term\u00e9k min\u0151s\u00e9g\u00e9nek meg\u0151rz\u00e9s\u00e9t \u00e9s a sz\u00e1ll\u00edt\u00e1s pontoss\u00e1g\u00e1t. A Master Good Kft. f\u0151 piacai a hazai \u00e9s a k\u00fclf\u00f6ldi tulajdon\u00fa \u00e1ruh\u00e1zak. C\u00e9g\u00fcnk b\u00fcszke arra, hogy az <\/span><b><span data-contrast=\"auto\">Eur\u00f3pai McDonald\u2019s<\/span><\/b><span data-contrast=\"auto\"> egyik legnagyobb alapanyag besz\u00e1ll\u00edt\u00f3ja.<\/span><span data-ccp-props=\"{&quot;201341983&quot;:0,&quot;335551550&quot;:6,&quot;335551620&quot;:6,&quot;335559739&quot;:0,&quot;335559740&quot;:240}\">\u00a0<\/span><\/p> <p><span data-contrast=\"auto\">Az elm\u00falt \u00e9vek sikeres beruh\u00e1z\u00e1sai, valamint a kedvez\u0151 piaci k\u00f6rnyezet lehet\u0151v\u00e9 tette, hogy a c\u00e9gcsoport fejleszt\u00e9si tervei a n\u00f6veked\u00e9sr\u0151l sz\u00f3ljanak.<\/span><span data-ccp-props=\"{&quot;201341983&quot;:0,&quot;335551550&quot;:6,&quot;335551620&quot;:6,&quot;335559739&quot;:0,&quot;335559740&quot;:240}\">\u00a0<\/span><\/p> <p><span data-contrast=\"auto\">C\u00e9gcsoportunk vil\u00e1gos j\u00f6v\u0151k\u00e9ppel rendelkezik, mely a fejleszt\u00e9s \u00e9s a n\u00f6veked\u00e9s \u00e9rdekeit szolg\u00e1lja.<\/span><span data-ccp-props=\"{&quot;201341983&quot;:0,&quot;335551550&quot;:6,&quot;335551620&quot;:6,&quot;335559739&quot;:200,&quot;335559740&quot;:276}\">\u00a0<\/span><\/p> <p>&nbsp;<\/p> <p><strong>Tov\u00e1bbi inform\u00e1ci\u00f3k:<\/strong>\u00a0<a href=\"https:\/\/mastergood.hu\/\">https:\/\/mastergood.hu\/<\/a><\/p> <p><span data-ccp-props=\"{&quot;201341983&quot;:0,&quot;335551550&quot;:2,&quot;335551620&quot;:2,&quot;335559739&quot;:0,&quot;335559740&quot;:240}\">\u00a0<\/span><\/p> <p><b>Trad\u00edci\u00f3t \u00e9s modern szeml\u00e9letet \u00f6tv\u00f6znek<\/b><\/p> <p><span data-contrast=\"auto\">A B\u00e1r\u00e1ny csal\u00e1d 117 \u00e9ve, n\u00e9gy gener\u00e1ci\u00f3ra kiterjed\u0151en foglalkozik baromfiteny\u00e9szt\u00e9ssel, ez\u00e1ltal Magyarorsz\u00e1g legr\u00e9gibb baromfiteny\u00e9szt\u0151 dinaszti\u00e1ja. A trad\u00edci\u00f3t elind\u00edt\u00f3 els\u0151 gener\u00e1ci\u00f3 a Sz\u00e9chenyi gr\u00f3fok uradalmi baromfiteny\u00e9szt\u0151je volt.\u00a0<\/span><span data-ccp-props=\"{&quot;134233117&quot;:true,&quot;134233118&quot;:true,&quot;201341983&quot;:2,&quot;335559685&quot;:426,&quot;335559740&quot;:139}\">\u00a0<\/span><\/p> <p><span data-contrast=\"auto\">A gener\u00e1ci\u00f3k egy\u00fcttm\u0171k\u00f6d\u00e9s\u00e9nek k\u00f6sz\u00f6nhet\u0151en a trad\u00edci\u00f3t \u00e9s a modern szeml\u00e9letet kit\u0171n\u0151en \u00f6tv\u00f6zi a v\u00e1llalkoz\u00e1s, amely vil\u00e1gszinten is versenyk\u00e9pes.\u00a0<\/span><span data-ccp-props=\"{&quot;134233117&quot;:true,&quot;134233118&quot;:true,&quot;201341983&quot;:2,&quot;335559685&quot;:426,&quot;335559740&quot;:139}\">\u00a0<\/span><span data-contrast=\"auto\">A v\u00e1llalkoz\u00e1s kezdetben 5 f\u0151vel indult (1994.), majd 1998-ban egy intenz\u00edv fejl\u0151d\u00e9se kezd\u0151d\u00f6tt, jelent\u0151s l\u00e9pt\u00e9k\u0171 \u00e9s \u00f6sszeg\u0171 beruh\u00e1z\u00e1sokkal, \u00e9s foglalkoztat\u00e1si l\u00e9tsz\u00e1mb\u0151v\u00fcl\u00e9ssel.\u00a0<\/span><span data-contrast=\"auto\">Tev\u00e9kenys\u00e9g\u00e9nek meghat\u00e1roz\u00f3 r\u00e9sz\u00e9t Szabolcs \u2013 Szatm\u00e1r Bereg megy\u00e9ben v\u00e9gzi , 100 %-ban integr\u00e1lt baromfi profil\u00fa v\u00e1llalkoz\u00e1s.<\/span><span data-ccp-props=\"{&quot;201341983&quot;:0,&quot;335559685&quot;:420,&quot;335559739&quot;:0,&quot;335559740&quot;:240}\">\u00a0<\/span><\/p> <p><span data-contrast=\"auto\">A Master Good c\u00e9gcsoport \u00c9szak-kelet Magyarorsz\u00e1g ter\u00fclet\u00e9n m\u0171k\u00f6dik, integr\u00e1lt takarm\u00e1ny-termeltet\u00e9ssel, baromfiteny\u00e9szt\u00e9ssel, keltet\u00e9ssel, brojlerh\u00edzlal\u00e1ssal \u00e9s feldolgoz\u00e1ssal foglalkozik.\u00a0<\/span><span data-contrast=\"auto\">Agr\u00e1rtev\u00e9kenys\u00e9g\u00e9t \u2013 amely mag\u00e1ban foglalja a takarm\u00e1nyn\u00f6v\u00e9nyek integr\u00e1ci\u00f3j\u00e1t, baromfiteny\u00e9szt\u00e9st, keltet\u00e9st, takarm\u00e1nygy\u00e1rt\u00e1st, Ipari brojler csirke h\u00edzlal\u00e1st valamint a Tanyasi csirke szabadtart\u00e1s\u00fa baromfinevel\u00e9s\u00e9t \u00e9s egy e<\/span><span data-contrast=\"none\">gyed\u00fcl \u00e1ll\u00f3 technol\u00f3gia kifejleszt\u00e9s\u00e9nek k\u00f6sz\u00f6nhet\u0151en a csirke tr\u00e1gya feldolgoz\u00e1s\u00e1t <\/span><span data-contrast=\"auto\">&#8211; a Baromfi Coop Kft. v\u00e9gzi.<\/span><span data-ccp-props=\"{&quot;134245418&quot;:true,&quot;134245529&quot;:true,&quot;201341983&quot;:0,&quot;335559685&quot;:420,&quot;335559738&quot;:0,&quot;335559739&quot;:0,&quot;335559740&quot;:276}\">\u00a0<\/span><\/p> <p><span data-contrast=\"auto\">Az \u00e9l\u0151baromfi els\u0151dleges feldolgoz\u00e1s\u00e1t (v\u00e1g\u00e1s, darabol\u00e1s), az el\u0151k\u00e9sz\u00edtett \u00e9s tov\u00e1bb feldolgozott term\u00e9kek el\u0151\u00e1ll\u00edt\u00e1s\u00e1t, valamint az \u00e9rt\u00e9kes\u00edt\u00e9st a Master Good Kft. szervezi \u00e9s ir\u00e1ny\u00edtja.<\/span><span data-ccp-props=\"{&quot;134245418&quot;:true,&quot;134245529&quot;:true,&quot;201341983&quot;:0,&quot;335559685&quot;:420,&quot;335559738&quot;:0,&quot;335559739&quot;:0,&quot;335559740&quot;:276}\">\u00a0<\/span><span data-contrast=\"auto\">A fokoz\u00f3d\u00f3 verseny \u00e9s a folyamatos piaci kih\u00edv\u00e1sok sz\u00fcks\u00e9gess\u00e9 tett\u00e9k a c\u00e9g tev\u00e9kenys\u00e9gi k\u00f6r\u00e9nek b\u0151v\u00edt\u00e9s\u00e9t megteremtve ezzel egy teljes k\u00f6r\u0171 baromfi integr\u00e1ci\u00f3 alapjait.\u00a0<\/span><span data-ccp-props=\"{&quot;134245418&quot;:true,&quot;134245529&quot;:true,&quot;201341983&quot;:0,&quot;335559685&quot;:420,&quot;335559738&quot;:0,&quot;335559739&quot;:0,&quot;335559740&quot;:276}\">\u00a0<\/span><\/p> <p><span data-contrast=\"none\">A petneh\u00e1zi tov\u00e1bb feldolgoz\u00f3 \u00fczem, ad otthont a f\u0171szerezett, k\u00e9nyelmi \u00e9teleink \u00e9s pan\u00edros term\u00e9keink gy\u00e1rt\u00e1s\u00e1nak. 2<\/span><span data-contrast=\"none\">020 ban a Master Good c\u00e9gcsoport megv\u00e1s\u00e1rolta a S\u00e1g\u00e1t , amely\u00a0 Magyarorsz\u00e1g vezet\u0151 baromfiipari h\u00fask\u00e9sz\u00edtm\u00e9nygy\u00e1rt\u00f3ja. Ezzel<\/span><span data-contrast=\"none\"> kib\u0151v\u00edtette a term\u00e9ksk\u00e1l\u00e1j\u00e1t a h\u00fask\u00e9sz\u00edtm\u00e9nyek kateg\u00f3ri\u00e1j\u00e1val, \u00e9s val\u00f3ban meg tudja val\u00f3s\u00edtani a sz\u00e1nt\u00f3f\u00f6ldt\u0151l a fogyaszt\u00f3 asztal\u00e1ig koncepci\u00f3t.<\/span><span data-ccp-props=\"{&quot;201341983&quot;:0,&quot;335559685&quot;:420,&quot;335559739&quot;:0,&quot;335559740&quot;:276}\">\u00a0<\/span><\/p> <p>&nbsp;<\/p>","protected":false},"excerpt":{"rendered":"<p>A Master Good C\u00e9gcsoport\u00a0bemutat\u00e1sa \u00a0 A Master Good c\u00e9gcsoport \u00c9szak-kelet Magyarorsz\u00e1g ter\u00fclet\u00e9n m\u0171k\u00f6dik, integr\u00e1lt takarm\u00e1ny-termeltet\u00e9ssel, baromfiteny\u00e9szt\u00e9ssel, keltet\u00e9ssel, brojlerh\u00edzlal\u00e1ssal \u00e9s feldolgoz\u00e1ssal foglalkozik. A c\u00e9gcsoport 100 %-ban a B\u00e1r\u00e1ny csal\u00e1d tulajdon\u00e1ban van.\u00a0 A B\u00e1r\u00e1ny csal\u00e1d 115 \u00e9ve, n\u00e9gy gener\u00e1ci\u00f3ra kiterjed\u0151en foglalkozik baromfiteny\u00e9szt\u00e9ssel, ez\u00e1ltal Magyarorsz\u00e1g legr\u00e9gibb baromfiteny\u00e9szt\u0151 dinaszti\u00e1ja. A trad\u00edci\u00f3t elind\u00edt\u00f3 els\u0151 gener\u00e1ci\u00f3 a Sz\u00e9chenyi gr\u00f3fok uradalmi baromfiteny\u00e9szt\u0151je<\/p>\n","protected":false},"author":2518,"featured_media":0,"parent":96306,"menu_order":0,"comment_status":"open","ping_status":"open","template":"","meta":{"_acf_changed":false,"footnotes":""},"categories":[],"tags":[],"class_list":["post-97647","page","type-page","status-publish","hentry"],"acf":[],"yoast_head":"<!-- This site is optimized with the Yoast SEO plugin v27.2 - https:\/\/yoast.com\/product\/yoast-seo-wordpress\/ -->\n<title>Master Good c\u00e9gcsoport - \u00c1ll\u00e1sb\u00f6rze<\/title>\n<meta name=\"robots\" content=\"index, follow, max-snippet:-1, max-image-preview:large, max-video-preview:-1\" \/>\n<link rel=\"canonical\" href=\"https:\/\/univet.hu\/allasborze\/allasborze-2024\/kiallitok\/master-good-cegcsoport\/\" \/>\n<meta property=\"og:locale\" content=\"hu_HU\" \/>\n<meta property=\"og:type\" content=\"article\" \/>\n<meta property=\"og:title\" content=\"Master Good c\u00e9gcsoport - \u00c1ll\u00e1sb\u00f6rze\" \/>\n<meta property=\"og:description\" content=\"A Master Good C\u00e9gcsoport\u00a0bemutat\u00e1sa \u00a0 A Master Good c\u00e9gcsoport \u00c9szak-kelet Magyarorsz\u00e1g ter\u00fclet\u00e9n m\u0171k\u00f6dik, integr\u00e1lt takarm\u00e1ny-termeltet\u00e9ssel, baromfiteny\u00e9szt\u00e9ssel, keltet\u00e9ssel, brojlerh\u00edzlal\u00e1ssal \u00e9s feldolgoz\u00e1ssal foglalkozik. A c\u00e9gcsoport 100 %-ban a B\u00e1r\u00e1ny csal\u00e1d tulajdon\u00e1ban van.\u00a0 A B\u00e1r\u00e1ny csal\u00e1d 115 \u00e9ve, n\u00e9gy gener\u00e1ci\u00f3ra kiterjed\u0151en foglalkozik baromfiteny\u00e9szt\u00e9ssel, ez\u00e1ltal Magyarorsz\u00e1g legr\u00e9gibb baromfiteny\u00e9szt\u0151 dinaszti\u00e1ja. A trad\u00edci\u00f3t elind\u00edt\u00f3 els\u0151 gener\u00e1ci\u00f3 a Sz\u00e9chenyi gr\u00f3fok uradalmi baromfiteny\u00e9szt\u0151je\" \/>\n<meta property=\"og:url\" content=\"https:\/\/univet.hu\/allasborze\/allasborze-2024\/kiallitok\/master-good-cegcsoport\/\" \/>\n<meta property=\"og:site_name\" content=\"\u00c1ll\u00e1sb\u00f6rze\" \/>\n<meta property=\"article:modified_time\" content=\"2025-01-10T12:55:08+00:00\" \/>\n<meta property=\"og:image\" content=\"https:\/\/univet.hu\/allasborze\/wp-content\/uploads\/sites\/2\/2023\/01\/UJ-master_good_logo_png-2-320x226.png\" \/>\n<meta name=\"twitter:card\" content=\"summary_large_image\" \/>\n<meta name=\"twitter:label1\" content=\"Becs\u00fclt olvas\u00e1si id\u0151\" \/>\n\t<meta name=\"twitter:data1\" content=\"4 perc\" \/>\n<script type=\"application\/ld+json\" class=\"yoast-schema-graph\">{\"@context\":\"https:\/\/schema.org\",\"@graph\":[{\"@type\":\"WebPage\",\"@id\":\"https:\/\/univet.hu\/allasborze\/allasborze-2024\/kiallitok\/master-good-cegcsoport\/\",\"url\":\"https:\/\/univet.hu\/allasborze\/allasborze-2024\/kiallitok\/master-good-cegcsoport\/\",\"name\":\"Master Good c\u00e9gcsoport - \u00c1ll\u00e1sb\u00f6rze\",\"isPartOf\":{\"@id\":\"https:\/\/univet.hu\/allasborze\/#website\"},\"primaryImageOfPage\":{\"@id\":\"https:\/\/univet.hu\/allasborze\/allasborze-2024\/kiallitok\/master-good-cegcsoport\/#primaryimage\"},\"image\":{\"@id\":\"https:\/\/univet.hu\/allasborze\/allasborze-2024\/kiallitok\/master-good-cegcsoport\/#primaryimage\"},\"thumbnailUrl\":\"https:\/\/univet.hu\/allasborze\/wp-content\/uploads\/sites\/2\/2023\/01\/UJ-master_good_logo_png-2-320x226.png\",\"datePublished\":\"2024-01-10T14:03:26+00:00\",\"dateModified\":\"2025-01-10T12:55:08+00:00\",\"breadcrumb\":{\"@id\":\"https:\/\/univet.hu\/allasborze\/allasborze-2024\/kiallitok\/master-good-cegcsoport\/#breadcrumb\"},\"inLanguage\":\"hu\",\"potentialAction\":[{\"@type\":\"ReadAction\",\"target\":[\"https:\/\/univet.hu\/allasborze\/allasborze-2024\/kiallitok\/master-good-cegcsoport\/\"]}]},{\"@type\":\"ImageObject\",\"inLanguage\":\"hu\",\"@id\":\"https:\/\/univet.hu\/allasborze\/allasborze-2024\/kiallitok\/master-good-cegcsoport\/#primaryimage\",\"url\":\"https:\/\/univet.hu\/allasborze\/wp-content\/uploads\/sites\/2\/2023\/01\/UJ-master_good_logo_png-2.png\",\"contentUrl\":\"https:\/\/univet.hu\/allasborze\/wp-content\/uploads\/sites\/2\/2023\/01\/UJ-master_good_logo_png-2.png\",\"width\":4960,\"height\":3496},{\"@type\":\"BreadcrumbList\",\"@id\":\"https:\/\/univet.hu\/allasborze\/allasborze-2024\/kiallitok\/master-good-cegcsoport\/#breadcrumb\",\"itemListElement\":[{\"@type\":\"ListItem\",\"position\":1,\"name\":\"Kezd\u0151lap\",\"item\":\"https:\/\/univet.hu\/allasborze\/\"},{\"@type\":\"ListItem\",\"position\":2,\"name\":\"\u00c1ll\u00e1sb\u00f6rze 2024\",\"item\":\"https:\/\/univet.hu\/allasborze\/allasborze-2024\/\"},{\"@type\":\"ListItem\",\"position\":3,\"name\":\"Ki\u00e1ll\u00edt\u00f3k\",\"item\":\"https:\/\/univet.hu\/allasborze\/allasborze-2024\/kiallitok\/\"},{\"@type\":\"ListItem\",\"position\":4,\"name\":\"Master Good c\u00e9gcsoport\"}]},{\"@type\":\"WebSite\",\"@id\":\"https:\/\/univet.hu\/allasborze\/#website\",\"url\":\"https:\/\/univet.hu\/allasborze\/\",\"name\":\"\u00c1ll\u00e1sb\u00f6rze\",\"description\":\"\",\"potentialAction\":[{\"@type\":\"SearchAction\",\"target\":{\"@type\":\"EntryPoint\",\"urlTemplate\":\"https:\/\/univet.hu\/allasborze\/?s={search_term_string}\"},\"query-input\":{\"@type\":\"PropertyValueSpecification\",\"valueRequired\":true,\"valueName\":\"search_term_string\"}}],\"inLanguage\":\"hu\"}]}<\/script>\n<!-- \/ Yoast SEO plugin. -->","yoast_head_json":{"title":"Master Good c\u00e9gcsoport - \u00c1ll\u00e1sb\u00f6rze","robots":{"index":"index","follow":"follow","max-snippet":"max-snippet:-1","max-image-preview":"max-image-preview:large","max-video-preview":"max-video-preview:-1"},"canonical":"https:\/\/univet.hu\/allasborze\/allasborze-2024\/kiallitok\/master-good-cegcsoport\/","og_locale":"hu_HU","og_type":"article","og_title":"Master Good c\u00e9gcsoport - \u00c1ll\u00e1sb\u00f6rze","og_description":"A Master Good C\u00e9gcsoport\u00a0bemutat\u00e1sa \u00a0 A Master Good c\u00e9gcsoport \u00c9szak-kelet Magyarorsz\u00e1g ter\u00fclet\u00e9n m\u0171k\u00f6dik, integr\u00e1lt takarm\u00e1ny-termeltet\u00e9ssel, baromfiteny\u00e9szt\u00e9ssel, keltet\u00e9ssel, brojlerh\u00edzlal\u00e1ssal \u00e9s feldolgoz\u00e1ssal foglalkozik. A c\u00e9gcsoport 100 %-ban a B\u00e1r\u00e1ny csal\u00e1d tulajdon\u00e1ban van.\u00a0 A B\u00e1r\u00e1ny csal\u00e1d 115 \u00e9ve, n\u00e9gy gener\u00e1ci\u00f3ra kiterjed\u0151en foglalkozik baromfiteny\u00e9szt\u00e9ssel, ez\u00e1ltal Magyarorsz\u00e1g legr\u00e9gibb baromfiteny\u00e9szt\u0151 dinaszti\u00e1ja. A trad\u00edci\u00f3t elind\u00edt\u00f3 els\u0151 gener\u00e1ci\u00f3 a Sz\u00e9chenyi gr\u00f3fok uradalmi baromfiteny\u00e9szt\u0151je","og_url":"https:\/\/univet.hu\/allasborze\/allasborze-2024\/kiallitok\/master-good-cegcsoport\/","og_site_name":"\u00c1ll\u00e1sb\u00f6rze","article_modified_time":"2025-01-10T12:55:08+00:00","og_image":[{"url":"https:\/\/univet.hu\/allasborze\/wp-content\/uploads\/sites\/2\/2023\/01\/UJ-master_good_logo_png-2-320x226.png","type":"","width":"","height":""}],"twitter_card":"summary_large_image","twitter_misc":{"Becs\u00fclt olvas\u00e1si id\u0151":"4 perc"},"schema":{"@context":"https:\/\/schema.org","@graph":[{"@type":"WebPage","@id":"https:\/\/univet.hu\/allasborze\/allasborze-2024\/kiallitok\/master-good-cegcsoport\/","url":"https:\/\/univet.hu\/allasborze\/allasborze-2024\/kiallitok\/master-good-cegcsoport\/","name":"Master Good c\u00e9gcsoport - \u00c1ll\u00e1sb\u00f6rze","isPartOf":{"@id":"https:\/\/univet.hu\/allasborze\/#website"},"primaryImageOfPage":{"@id":"https:\/\/univet.hu\/allasborze\/allasborze-2024\/kiallitok\/master-good-cegcsoport\/#primaryimage"},"image":{"@id":"https:\/\/univet.hu\/allasborze\/allasborze-2024\/kiallitok\/master-good-cegcsoport\/#primaryimage"},"thumbnailUrl":"https:\/\/univet.hu\/allasborze\/wp-content\/uploads\/sites\/2\/2023\/01\/UJ-master_good_logo_png-2-320x226.png","datePublished":"2024-01-10T14:03:26+00:00","dateModified":"2025-01-10T12:55:08+00:00","breadcrumb":{"@id":"https:\/\/univet.hu\/allasborze\/allasborze-2024\/kiallitok\/master-good-cegcsoport\/#breadcrumb"},"inLanguage":"hu","potentialAction":[{"@type":"ReadAction","target":["https:\/\/univet.hu\/allasborze\/allasborze-2024\/kiallitok\/master-good-cegcsoport\/"]}]},{"@type":"ImageObject","inLanguage":"hu","@id":"https:\/\/univet.hu\/allasborze\/allasborze-2024\/kiallitok\/master-good-cegcsoport\/#primaryimage","url":"https:\/\/univet.hu\/allasborze\/wp-content\/uploads\/sites\/2\/2023\/01\/UJ-master_good_logo_png-2.png","contentUrl":"https:\/\/univet.hu\/allasborze\/wp-content\/uploads\/sites\/2\/2023\/01\/UJ-master_good_logo_png-2.png","width":4960,"height":3496},{"@type":"BreadcrumbList","@id":"https:\/\/univet.hu\/allasborze\/allasborze-2024\/kiallitok\/master-good-cegcsoport\/#breadcrumb","itemListElement":[{"@type":"ListItem","position":1,"name":"Kezd\u0151lap","item":"https:\/\/univet.hu\/allasborze\/"},{"@type":"ListItem","position":2,"name":"\u00c1ll\u00e1sb\u00f6rze 2024","item":"https:\/\/univet.hu\/allasborze\/allasborze-2024\/"},{"@type":"ListItem","position":3,"name":"Ki\u00e1ll\u00edt\u00f3k","item":"https:\/\/univet.hu\/allasborze\/allasborze-2024\/kiallitok\/"},{"@type":"ListItem","position":4,"name":"Master Good c\u00e9gcsoport"}]},{"@type":"WebSite","@id":"https:\/\/univet.hu\/allasborze\/#website","url":"https:\/\/univet.hu\/allasborze\/","name":"\u00c1ll\u00e1sb\u00f6rze","description":"","potentialAction":[{"@type":"SearchAction","target":{"@type":"EntryPoint","urlTemplate":"https:\/\/univet.hu\/allasborze\/?s={search_term_string}"},"query-input":{"@type":"PropertyValueSpecification","valueRequired":true,"valueName":"search_term_string"}}],"inLanguage":"hu"}]}},"_links":{"self":[{"href":"https:\/\/univet.hu\/allasborze\/wp-json\/wp\/v2\/pages\/97647","targetHints":{"allow":["GET"]}}],"collection":[{"href":"https:\/\/univet.hu\/allasborze\/wp-json\/wp\/v2\/pages"}],"about":[{"href":"https:\/\/univet.hu\/allasborze\/wp-json\/wp\/v2\/types\/page"}],"author":[{"embeddable":true,"href":"https:\/\/univet.hu\/allasborze\/wp-json\/wp\/v2\/users\/2518"}],"replies":[{"embeddable":true,"href":"https:\/\/univet.hu\/allasborze\/wp-json\/wp\/v2\/comments?post=97647"}],"version-history":[{"count":1,"href":"https:\/\/univet.hu\/allasborze\/wp-json\/wp\/v2\/pages\/97647\/revisions"}],"predecessor-version":[{"id":172715,"href":"https:\/\/univet.hu\/allasborze\/wp-json\/wp\/v2\/pages\/97647\/revisions\/172715"}],"up":[{"embeddable":true,"href":"https:\/\/univet.hu\/allasborze\/wp-json\/wp\/v2\/pages\/96306"}],"wp:attachment":[{"href":"https:\/\/univet.hu\/allasborze\/wp-json\/wp\/v2\/media?parent=97647"}],"wp:term":[{"taxonomy":"category","embeddable":true,"href":"https:\/\/univet.hu\/allasborze\/wp-json\/wp\/v2\/categories?post=97647"},{"taxonomy":"post_tag","embeddable":true,"href":"https:\/\/univet.hu\/allasborze\/wp-json\/wp\/v2\/tags?post=97647"}],"curies":[{"name":"wp","href":"https:\/\/api.w.org\/{rel}","templated":true}]}}