{"id":97680,"date":"2024-01-11T15:21:59","date_gmt":"2024-01-11T14:21:59","guid":{"rendered":"https:\/\/univet.hu\/hu\/allasborze-2024\/kiallitok\/name\/"},"modified":"2025-01-10T13:55:07","modified_gmt":"2025-01-10T12:55:07","slug":"hunland-production-kft","status":"publish","type":"page","link":"https:\/\/univet.hu\/allasborze\/allasborze-2024\/kiallitok\/hunland-production-kft\/","title":{"rendered":"Hunland Production Kft."},"content":{"rendered":"<p><span data-contrast=\"auto\">A Hunland C\u00e9gcsoport Logisztikai div\u00edzi\u00f3ja t\u00f6bbsz\u00e1lon is k\u00f6t\u0151dik az \u00c1llatorvostudom\u00e1nyi Egyetemhez.\u00a0<\/span><span data-ccp-props=\"{&quot;201341983&quot;:0,&quot;335551550&quot;:6,&quot;335551620&quot;:6,&quot;335559739&quot;:160,&quot;335559740&quot;:259}\">\u00a0<\/span><\/p> <p><span data-contrast=\"auto\">\u00d3ri\u00e1si elismer\u00e9s sz\u00e1munkra, hogy az \u00c1llatv\u00e9delmi K\u00f6zpont megh\u00edv\u00e1s\u00e1nak k\u00f6sz\u00f6nhet\u0151en, egyed\u00fcli logisztikai szolg\u00e1ltat\u00f3 c\u00e9gk\u00e9nt tudtunk alap\u00edt\u00f3k\u00e9nt csatlakozni az \u00c1llatv\u00e9delmi k\u00f3dex tagjaihoz.<\/span><span data-ccp-props=\"{&quot;201341983&quot;:0,&quot;335551550&quot;:6,&quot;335551620&quot;:6,&quot;335559739&quot;:160,&quot;335559740&quot;:259}\">\u00a0<\/span><\/p> <p><span data-contrast=\"auto\">A posztgradu\u00e1lis szak \u00e1llatorvos k\u00e9pz\u00e9s \u00e1llatv\u00e9delmi szakir\u00e1nyon az elm\u00falt 1 \u00e9vben 250 \u00e1llatorvos gyakorlati k\u00e9pz\u00e9se zajlott, ebb\u0151l mind\u00f6sszesen 3 f\u0151 volt magyar. C\u00e9lunk, hogy a logisztikai ter\u00fcleten szerzett tapasztalatainkat a magyar hallgat\u00f3k is hallhass\u00e1k, \u00edgy szeretn\u00e9nk, ha id\u0151vel a gyakorlati mellett az elm\u00e9leti k\u00e9pz\u00e9sben is r\u00e9szt tudn\u00e1nk venni.\u00a0<\/span><span data-ccp-props=\"{&quot;201341983&quot;:0,&quot;335551550&quot;:6,&quot;335551620&quot;:6,&quot;335559739&quot;:160,&quot;335559740&quot;:259}\">\u00a0<\/span><\/p> <p><span data-contrast=\"auto\">Jelenleg a c\u00e9gcsoport k\u00f6zponti telephely\u00e9n, Bugyin gyakorlati k\u00e9pz\u00e9sen van lehet\u0151s\u00e9g\u00fck r\u00e9szt venni az \u00e1llatv\u00e9delmi szakos hallgat\u00f3knak.\u00a0 Ezen gyakorlat sor\u00e1n a r\u00e9sztvev\u0151k r\u00e9szletesen megismerhetik az \u00e9l\u0151\u00e1llat sz\u00e1ll\u00edt\u00f3 p\u00f3tkocsi m\u0171k\u00f6d\u00e9s\u00e9t, majd betekint\u00e9st nyerhetnek a szarvasmarha rakod\u00e1s folyamat\u00e1ba is.\u00a0<\/span><span data-ccp-props=\"{&quot;201341983&quot;:0,&quot;335551550&quot;:6,&quot;335551620&quot;:6,&quot;335559739&quot;:160,&quot;335559740&quot;:259}\">\u00a0<\/span><\/p> <p><span data-contrast=\"auto\">A k\u00e9pz\u00e9s aprop\u00f3j\u00e1t az a t\u00e9ny adta, miszerint az \u00e1llatok kezel\u00e9s\u00e9t az egyetemen oktatj\u00e1k, de az egyik legfontosabb t\u00e9nyez\u0151 ebben az ipar\u00e1gban az \u00e1llatok mozgat\u00e1sa. Az a szakemberek tapasztalata, hogy kev\u00e9s a kommunik\u00e1ci\u00f3 az ipar\u00e1gak k\u00f6z\u00f6tt, vagyis az \u00e1llatorvos a saj\u00e1t szakm\u00e1j\u00e1t v\u00e9gzi, a fuvaroz\u00f3n\u00e1l a c\u00e9l a term\u00e9k a pontb\u00f3l b pontba sz\u00e1ll\u00edt\u00e1sa maxim\u00e1lis el\u00e9gedetts\u00e9ggel \u00e9s a legmegfelel\u0151bb profittal. Azonban ennek a tevek\u00e9nys\u00e9gnek a fenntart\u00e1sa k\u00f6z\u00f6s \u00e9rdek, vagyis c\u00e9l, hogy nagy m\u00e9rt\u00e9kben v\u00e9dj\u00fck meg az \u00e1llatokat utaztat\u00e1suk sor\u00e1n is.\u00a0<\/span><span data-ccp-props=\"{&quot;201341983&quot;:0,&quot;335551550&quot;:6,&quot;335551620&quot;:6,&quot;335559739&quot;:160,&quot;335559740&quot;:259}\">\u00a0<\/span><\/p> <p><span data-contrast=\"auto\">A c\u00e9gcsoporton bel\u00fcl a logisztikai div\u00edzi\u00f3 mellett a kereskedelmi, valamint termel\u00e9si tev\u00e9kenys\u00e9g van f\u00f3kuszban. A kereskedelem \u00fczlet orient\u00e1lt, nem szeretn\u00e9 az \u00e1llatorvossal kapcsolatos terheket mag\u00e1ra venni. A termel\u00e9s megtan\u00edtja, \u00e1tadja neki a legalapvet\u0151bb tud\u00e1sanyagot, ilyen lehet a megterm\u00e9keny\u00edt\u00e9s, ell\u00e9s levezet\u00e9se, stb., azonban a logisztikai tev\u00e9kenys\u00e9g mostoha gyermek maradt- ezt a vonalat kezdte el k\u00e9pviselni a k\u00f6z\u00f6s egy\u00fcttm\u0171k\u00f6d\u00e9s.<\/span><span data-ccp-props=\"{&quot;201341983&quot;:0,&quot;335551550&quot;:6,&quot;335551620&quot;:6,&quot;335559739&quot;:160,&quot;335559740&quot;:259}\">\u00a0<\/span><\/p> <p><span data-contrast=\"auto\">K\u00fcl\u00f6n \u00f6r\u00f6m sz\u00e1munkra, hogy ezzel a gyakorlati oktat\u00e1ssal r\u00e9sze tudunk lenni a j\u00f6v\u0151 nemzed\u00e9k ezir\u00e1ny\u00fa t\u00f6rekv\u00e9seinek, \u00e9s a logisztikai igazgat\u00f3nk, Hencz P\u00e9ter \u00e1ltal a BTSF (Better Training for Safer Food) tr\u00e9ningeken \u00e1tadott tud\u00e1st az \u00e1llatorvostan hallgat\u00f3knak is van lehet\u0151s\u00e9g\u00fcnk tolm\u00e1csolni.\u00a0\u00a0<\/span><span data-ccp-props=\"{&quot;201341983&quot;:0,&quot;335551550&quot;:6,&quot;335551620&quot;:6,&quot;335559739&quot;:160,&quot;335559740&quot;:259}\">\u00a0<\/span><\/p> <p><span data-contrast=\"auto\">Sz\u00e1m\u00e1ra az egyik legnagyobb eredm\u00e9ny az, hogy a k\u00e9pz\u00e9sen r\u00e9sztvev\u0151 \u00e1llatorvosok r\u00e1\u00e9brednek arra, hogy a sz\u00e1ll\u00edt\u00e1sokat holisztikus szeml\u00e9lettel kell n\u00e9zni, ahol a f\u0151 f\u00f3kusz az \u00e1llatok j\u00f3ll\u00e9te \u00e9s sz\u00e1ll\u00edt\u00e1sok ut\u00e1ni kond\u00edci\u00f3ja kell legyen, nem pedig a jogszab\u00e1lyok bet\u0171r\u0151l-bet\u0171re t\u00f6rt\u00e9n\u0151 betartat\u00e1sa.<\/span><span data-ccp-props=\"{&quot;201341983&quot;:0,&quot;335551550&quot;:6,&quot;335551620&quot;:6,&quot;335559739&quot;:160,&quot;335559740&quot;:259}\">\u00a0<\/span><\/p> <p><b><span data-contrast=\"none\"><a href=\"https:\/\/univet.hu\/en\/allasborze-2023\/kiallitok\/hunland-production-kft\/hunland_logo_zold\/\" rel=\"attachment wp-att-82310\"><img loading=\"lazy\" decoding=\"async\" class=\"aligncenter size-medium wp-image-82310\" src=\"https:\/\/univet.hu\/allasborze\/wp-content\/uploads\/sites\/2\/2023\/01\/hunland_logo_zold-320x105.jpg\" alt=\"\" width=\"320\" height=\"105\" srcset=\"https:\/\/univet.hu\/allasborze\/wp-content\/uploads\/sites\/2\/2023\/01\/hunland_logo_zold-320x105.jpg 320w, https:\/\/univet.hu\/allasborze\/wp-content\/uploads\/sites\/2\/2023\/01\/hunland_logo_zold-2048x669.jpg 2048w, https:\/\/univet.hu\/allasborze\/wp-content\/uploads\/sites\/2\/2023\/01\/hunland_logo_zold-768x251.jpg 768w, https:\/\/univet.hu\/allasborze\/wp-content\/uploads\/sites\/2\/2023\/01\/hunland_logo_zold-1024x335.jpg 1024w, https:\/\/univet.hu\/allasborze\/wp-content\/uploads\/sites\/2\/2023\/01\/hunland_logo_zold-1536x502.jpg 1536w, https:\/\/univet.hu\/allasborze\/wp-content\/uploads\/sites\/2\/2023\/01\/hunland_logo_zold-300x98.jpg 300w\" sizes=\"auto, (max-width: 320px) 100vw, 320px\" \/><\/a><\/span><\/b><\/p> <p style=\"text-align: center\"><strong>HUNLAND C\u00c9GCSOPORT &#8211;<br \/> <\/strong><strong>CSAL\u00c1DIAS, BAR\u00c1TS\u00c1GOS K\u00d6RNYEZET <\/strong><br \/> <strong>STABIL NEMZETK\u00d6ZI C\u00c9GH\u00c1L\u00d3BAN<\/strong><\/p> <p>C\u00e9gcsoportunk imm\u00e1ron 30 \u00e9ves m\u00faltra visszatekint\u0151, m\u00e1ra t\u00f6bb, mint 700 f\u0151t sz\u00e1ml\u00e1l\u00f3, folyamatos fejl\u0151d\u00e9sben l\u00e9v\u0151 piacvezet\u0151 v\u00e1llalat, mely jelenleg is az \u00e9l\u0151\u00e1llat kereskedelem glob\u00e1lis piactere &#8211; kapocs az \u00e1llatteny\u00e9szt\u0151k \u00e9s keresked\u0151k k\u00f6z\u00f6tt.<\/p> <p>A Hunland azon t\u00e1mogat\u00f3 szervezeti kult\u00far\u00e1val b\u00edr\u00f3 munkahelyek k\u00f6z\u00e9 tartozik, ahol nagy hangs\u00falyt helyez\u00fcnk a munkav\u00e1llal\u00f3k ig\u00e9nyeire. Hisz\u00fcnk a nyitott ajt\u00f3k elv\u00e9ben, ennek \u00e9rdek\u00e9ben sz\u00e1mos olyan lehet\u0151s\u00e9get biztos\u00edtunk, ahol munkav\u00e1llal\u00f3ink elk\u00e9pzel\u00e9seiket, v\u00e9lem\u00e9nyeiket nem csak elmondhatj\u00e1k, de maxim\u00e1lisan sz\u00e1m\u00edthatnak a t\u00e1mogat\u00e1sra is. Folyamatosan azon dolgozunk, hogy a Hunland egy szerethet\u0151, csal\u00e1dias, de egyben professzion\u00e1lis \u00e9s eredm\u00e9nyes multinacion\u00e1lis v\u00e1llalat legyen.<\/p> <p>Minden v\u00e1llalkoz\u00e1s legf\u0151bb pill\u00e9re az ut\u00e1np\u00f3tl\u00e1s nevel\u00e9s \u00e9s az \u00faj gener\u00e1ci\u00f3 beilleszt\u00e9se a szervezetbe. A Hunlandn\u00e1l sincs ez m\u00e1sk\u00e9pp. M\u00e1r \u00e1ltal\u00e1nos iskol\u00e1s kort\u00f3l szervez\u00fcnk telepl\u00e1togat\u00e1sokat, a lehet\u0151 leghamarabb fel szeretn\u00e9nk kelteni az \u00e9rdekl\u0151d\u00e9st tev\u00e9kenys\u00e9g\u00fcnk, illetve az agr\u00e1r szektor ir\u00e1nt.<\/p> <p>Az egyetemist\u00e1k r\u00e9sz\u00e9re 5 \u00e9ve fut gyakornoki programunk, legyen az <strong>\u00e1llatorvosi, agr\u00e1rm\u00e9rn\u00f6ki, logisztikai vagy kereskedelmi<\/strong> szakir\u00e1ny. A hallgat\u00f3k v\u00e1laszthatnak telepeink k\u00f6z\u00f6tt, t\u00f6bbf\u00e9le tev\u00e9kenys\u00e9g megismer\u00e9se, kipr\u00f3b\u00e1l\u00e1sa ut\u00e1n lehet\u0151s\u00e9g\u00fck van tanulm\u00e1nyaik befejezt\u00e9vel munkav\u00e1llal\u00f3k\u00e9nt csatlakozni hozz\u00e1nk.<\/p> <p>C\u00e9gcsoportunk 30 \u00e9ves t\u00f6retlen fejl\u0151d\u00e9se, diverzifik\u00e1lts\u00e1ga, v\u00e1ls\u00e1g\u00e1ll\u00f3s\u00e1ga minden olyan koll\u00e9g\u00e1nak hossz\u00fa t\u00e1v\u00fa biztos meg\u00e9lhet\u00e9st biztos\u00edt, akik elk\u00f6telezettek a min\u0151s\u00e9gi, lend\u00fcletes \u00e9s kih\u00edv\u00e1sokkal teli munkav\u00e9gz\u00e9s ir\u00e1nt.<\/p> <p>&nbsp;<\/p> <p><strong>Tov\u00e1bbi inform\u00e1ci\u00f3k c\u00e9gcsoportunkr\u00f3l:<\/strong> <a href=\"https:\/\/www.hunland.com\/hu\">F\u0151oldal &#8211; Hunland<\/a><\/p> <p><strong>Telefonsz\u00e1m<\/strong>: +36 70\u00a0198 5151<\/p> <p><strong>E-mail:<\/strong> <a class=\"decrypt\" rel=\"lbssjfsAivomboe\/iv\" href=\"javascript:void(0);\">[Kattintson az emailc\u00edmhez]<\/a><\/p> <p>&nbsp;<\/p>","protected":false},"excerpt":{"rendered":"<p>A Hunland C\u00e9gcsoport Logisztikai div\u00edzi\u00f3ja t\u00f6bbsz\u00e1lon is k\u00f6t\u0151dik az \u00c1llatorvostudom\u00e1nyi Egyetemhez.\u00a0\u00a0 \u00d3ri\u00e1si elismer\u00e9s sz\u00e1munkra, hogy az \u00c1llatv\u00e9delmi K\u00f6zpont megh\u00edv\u00e1s\u00e1nak k\u00f6sz\u00f6nhet\u0151en, egyed\u00fcli logisztikai szolg\u00e1ltat\u00f3 c\u00e9gk\u00e9nt tudtunk alap\u00edt\u00f3k\u00e9nt csatlakozni az \u00c1llatv\u00e9delmi k\u00f3dex tagjaihoz.\u00a0 A posztgradu\u00e1lis szak \u00e1llatorvos k\u00e9pz\u00e9s \u00e1llatv\u00e9delmi szakir\u00e1nyon az elm\u00falt 1 \u00e9vben 250 \u00e1llatorvos gyakorlati k\u00e9pz\u00e9se zajlott, ebb\u0151l mind\u00f6sszesen 3 f\u0151 volt magyar. C\u00e9lunk, hogy<\/p>\n","protected":false},"author":2518,"featured_media":0,"parent":96306,"menu_order":0,"comment_status":"open","ping_status":"open","template":"","meta":{"_acf_changed":false,"footnotes":""},"categories":[],"tags":[],"class_list":["post-97680","page","type-page","status-publish","hentry"],"acf":[],"yoast_head":"<!-- This site is optimized with the Yoast SEO plugin v27.2 - https:\/\/yoast.com\/product\/yoast-seo-wordpress\/ -->\n<title>Hunland Production Kft. - \u00c1ll\u00e1sb\u00f6rze<\/title>\n<meta name=\"robots\" content=\"index, follow, max-snippet:-1, max-image-preview:large, max-video-preview:-1\" \/>\n<link rel=\"canonical\" href=\"https:\/\/univet.hu\/allasborze\/allasborze-2024\/kiallitok\/hunland-production-kft\/\" \/>\n<meta property=\"og:locale\" content=\"hu_HU\" \/>\n<meta property=\"og:type\" content=\"article\" \/>\n<meta property=\"og:title\" content=\"Hunland Production Kft. - \u00c1ll\u00e1sb\u00f6rze\" \/>\n<meta property=\"og:description\" content=\"A Hunland C\u00e9gcsoport Logisztikai div\u00edzi\u00f3ja t\u00f6bbsz\u00e1lon is k\u00f6t\u0151dik az \u00c1llatorvostudom\u00e1nyi Egyetemhez.\u00a0\u00a0 \u00d3ri\u00e1si elismer\u00e9s sz\u00e1munkra, hogy az \u00c1llatv\u00e9delmi K\u00f6zpont megh\u00edv\u00e1s\u00e1nak k\u00f6sz\u00f6nhet\u0151en, egyed\u00fcli logisztikai szolg\u00e1ltat\u00f3 c\u00e9gk\u00e9nt tudtunk alap\u00edt\u00f3k\u00e9nt csatlakozni az \u00c1llatv\u00e9delmi k\u00f3dex tagjaihoz.\u00a0 A posztgradu\u00e1lis szak \u00e1llatorvos k\u00e9pz\u00e9s \u00e1llatv\u00e9delmi szakir\u00e1nyon az elm\u00falt 1 \u00e9vben 250 \u00e1llatorvos gyakorlati k\u00e9pz\u00e9se zajlott, ebb\u0151l mind\u00f6sszesen 3 f\u0151 volt magyar. C\u00e9lunk, hogy\" \/>\n<meta property=\"og:url\" content=\"https:\/\/univet.hu\/allasborze\/allasborze-2024\/kiallitok\/hunland-production-kft\/\" \/>\n<meta property=\"og:site_name\" content=\"\u00c1ll\u00e1sb\u00f6rze\" \/>\n<meta property=\"article:modified_time\" content=\"2025-01-10T12:55:07+00:00\" \/>\n<meta property=\"og:image\" content=\"https:\/\/univet.hu\/allasborze\/wp-content\/uploads\/sites\/2\/2023\/01\/hunland_logo_zold-320x105.jpg\" \/>\n<meta name=\"twitter:card\" content=\"summary_large_image\" \/>\n<meta name=\"twitter:label1\" content=\"Becs\u00fclt olvas\u00e1si id\u0151\" \/>\n\t<meta name=\"twitter:data1\" content=\"4 perc\" \/>\n<script type=\"application\/ld+json\" class=\"yoast-schema-graph\">{\"@context\":\"https:\/\/schema.org\",\"@graph\":[{\"@type\":\"WebPage\",\"@id\":\"https:\/\/univet.hu\/allasborze\/allasborze-2024\/kiallitok\/hunland-production-kft\/\",\"url\":\"https:\/\/univet.hu\/allasborze\/allasborze-2024\/kiallitok\/hunland-production-kft\/\",\"name\":\"Hunland Production Kft. - \u00c1ll\u00e1sb\u00f6rze\",\"isPartOf\":{\"@id\":\"https:\/\/univet.hu\/allasborze\/#website\"},\"primaryImageOfPage\":{\"@id\":\"https:\/\/univet.hu\/allasborze\/allasborze-2024\/kiallitok\/hunland-production-kft\/#primaryimage\"},\"image\":{\"@id\":\"https:\/\/univet.hu\/allasborze\/allasborze-2024\/kiallitok\/hunland-production-kft\/#primaryimage\"},\"thumbnailUrl\":\"https:\/\/univet.hu\/allasborze\/wp-content\/uploads\/sites\/2\/2023\/01\/hunland_logo_zold-320x105.jpg\",\"datePublished\":\"2024-01-11T14:21:59+00:00\",\"dateModified\":\"2025-01-10T12:55:07+00:00\",\"breadcrumb\":{\"@id\":\"https:\/\/univet.hu\/allasborze\/allasborze-2024\/kiallitok\/hunland-production-kft\/#breadcrumb\"},\"inLanguage\":\"hu\",\"potentialAction\":[{\"@type\":\"ReadAction\",\"target\":[\"https:\/\/univet.hu\/allasborze\/allasborze-2024\/kiallitok\/hunland-production-kft\/\"]}]},{\"@type\":\"ImageObject\",\"inLanguage\":\"hu\",\"@id\":\"https:\/\/univet.hu\/allasborze\/allasborze-2024\/kiallitok\/hunland-production-kft\/#primaryimage\",\"url\":\"https:\/\/univet.hu\/allasborze\/wp-content\/uploads\/sites\/2\/2023\/01\/hunland_logo_zold-scaled.jpg\",\"contentUrl\":\"https:\/\/univet.hu\/allasborze\/wp-content\/uploads\/sites\/2\/2023\/01\/hunland_logo_zold-scaled.jpg\",\"width\":2560,\"height\":837},{\"@type\":\"BreadcrumbList\",\"@id\":\"https:\/\/univet.hu\/allasborze\/allasborze-2024\/kiallitok\/hunland-production-kft\/#breadcrumb\",\"itemListElement\":[{\"@type\":\"ListItem\",\"position\":1,\"name\":\"Kezd\u0151lap\",\"item\":\"https:\/\/univet.hu\/allasborze\/\"},{\"@type\":\"ListItem\",\"position\":2,\"name\":\"\u00c1ll\u00e1sb\u00f6rze 2024\",\"item\":\"https:\/\/univet.hu\/allasborze\/allasborze-2024\/\"},{\"@type\":\"ListItem\",\"position\":3,\"name\":\"Ki\u00e1ll\u00edt\u00f3k\",\"item\":\"https:\/\/univet.hu\/allasborze\/allasborze-2024\/kiallitok\/\"},{\"@type\":\"ListItem\",\"position\":4,\"name\":\"Hunland Production Kft.\"}]},{\"@type\":\"WebSite\",\"@id\":\"https:\/\/univet.hu\/allasborze\/#website\",\"url\":\"https:\/\/univet.hu\/allasborze\/\",\"name\":\"\u00c1ll\u00e1sb\u00f6rze\",\"description\":\"\",\"potentialAction\":[{\"@type\":\"SearchAction\",\"target\":{\"@type\":\"EntryPoint\",\"urlTemplate\":\"https:\/\/univet.hu\/allasborze\/?s={search_term_string}\"},\"query-input\":{\"@type\":\"PropertyValueSpecification\",\"valueRequired\":true,\"valueName\":\"search_term_string\"}}],\"inLanguage\":\"hu\"}]}<\/script>\n<!-- \/ Yoast SEO plugin. -->","yoast_head_json":{"title":"Hunland Production Kft. - \u00c1ll\u00e1sb\u00f6rze","robots":{"index":"index","follow":"follow","max-snippet":"max-snippet:-1","max-image-preview":"max-image-preview:large","max-video-preview":"max-video-preview:-1"},"canonical":"https:\/\/univet.hu\/allasborze\/allasborze-2024\/kiallitok\/hunland-production-kft\/","og_locale":"hu_HU","og_type":"article","og_title":"Hunland Production Kft. - \u00c1ll\u00e1sb\u00f6rze","og_description":"A Hunland C\u00e9gcsoport Logisztikai div\u00edzi\u00f3ja t\u00f6bbsz\u00e1lon is k\u00f6t\u0151dik az \u00c1llatorvostudom\u00e1nyi Egyetemhez.\u00a0\u00a0 \u00d3ri\u00e1si elismer\u00e9s sz\u00e1munkra, hogy az \u00c1llatv\u00e9delmi K\u00f6zpont megh\u00edv\u00e1s\u00e1nak k\u00f6sz\u00f6nhet\u0151en, egyed\u00fcli logisztikai szolg\u00e1ltat\u00f3 c\u00e9gk\u00e9nt tudtunk alap\u00edt\u00f3k\u00e9nt csatlakozni az \u00c1llatv\u00e9delmi k\u00f3dex tagjaihoz.\u00a0 A posztgradu\u00e1lis szak \u00e1llatorvos k\u00e9pz\u00e9s \u00e1llatv\u00e9delmi szakir\u00e1nyon az elm\u00falt 1 \u00e9vben 250 \u00e1llatorvos gyakorlati k\u00e9pz\u00e9se zajlott, ebb\u0151l mind\u00f6sszesen 3 f\u0151 volt magyar. C\u00e9lunk, hogy","og_url":"https:\/\/univet.hu\/allasborze\/allasborze-2024\/kiallitok\/hunland-production-kft\/","og_site_name":"\u00c1ll\u00e1sb\u00f6rze","article_modified_time":"2025-01-10T12:55:07+00:00","og_image":[{"url":"https:\/\/univet.hu\/allasborze\/wp-content\/uploads\/sites\/2\/2023\/01\/hunland_logo_zold-320x105.jpg","type":"","width":"","height":""}],"twitter_card":"summary_large_image","twitter_misc":{"Becs\u00fclt olvas\u00e1si id\u0151":"4 perc"},"schema":{"@context":"https:\/\/schema.org","@graph":[{"@type":"WebPage","@id":"https:\/\/univet.hu\/allasborze\/allasborze-2024\/kiallitok\/hunland-production-kft\/","url":"https:\/\/univet.hu\/allasborze\/allasborze-2024\/kiallitok\/hunland-production-kft\/","name":"Hunland Production Kft. - \u00c1ll\u00e1sb\u00f6rze","isPartOf":{"@id":"https:\/\/univet.hu\/allasborze\/#website"},"primaryImageOfPage":{"@id":"https:\/\/univet.hu\/allasborze\/allasborze-2024\/kiallitok\/hunland-production-kft\/#primaryimage"},"image":{"@id":"https:\/\/univet.hu\/allasborze\/allasborze-2024\/kiallitok\/hunland-production-kft\/#primaryimage"},"thumbnailUrl":"https:\/\/univet.hu\/allasborze\/wp-content\/uploads\/sites\/2\/2023\/01\/hunland_logo_zold-320x105.jpg","datePublished":"2024-01-11T14:21:59+00:00","dateModified":"2025-01-10T12:55:07+00:00","breadcrumb":{"@id":"https:\/\/univet.hu\/allasborze\/allasborze-2024\/kiallitok\/hunland-production-kft\/#breadcrumb"},"inLanguage":"hu","potentialAction":[{"@type":"ReadAction","target":["https:\/\/univet.hu\/allasborze\/allasborze-2024\/kiallitok\/hunland-production-kft\/"]}]},{"@type":"ImageObject","inLanguage":"hu","@id":"https:\/\/univet.hu\/allasborze\/allasborze-2024\/kiallitok\/hunland-production-kft\/#primaryimage","url":"https:\/\/univet.hu\/allasborze\/wp-content\/uploads\/sites\/2\/2023\/01\/hunland_logo_zold-scaled.jpg","contentUrl":"https:\/\/univet.hu\/allasborze\/wp-content\/uploads\/sites\/2\/2023\/01\/hunland_logo_zold-scaled.jpg","width":2560,"height":837},{"@type":"BreadcrumbList","@id":"https:\/\/univet.hu\/allasborze\/allasborze-2024\/kiallitok\/hunland-production-kft\/#breadcrumb","itemListElement":[{"@type":"ListItem","position":1,"name":"Kezd\u0151lap","item":"https:\/\/univet.hu\/allasborze\/"},{"@type":"ListItem","position":2,"name":"\u00c1ll\u00e1sb\u00f6rze 2024","item":"https:\/\/univet.hu\/allasborze\/allasborze-2024\/"},{"@type":"ListItem","position":3,"name":"Ki\u00e1ll\u00edt\u00f3k","item":"https:\/\/univet.hu\/allasborze\/allasborze-2024\/kiallitok\/"},{"@type":"ListItem","position":4,"name":"Hunland Production Kft."}]},{"@type":"WebSite","@id":"https:\/\/univet.hu\/allasborze\/#website","url":"https:\/\/univet.hu\/allasborze\/","name":"\u00c1ll\u00e1sb\u00f6rze","description":"","potentialAction":[{"@type":"SearchAction","target":{"@type":"EntryPoint","urlTemplate":"https:\/\/univet.hu\/allasborze\/?s={search_term_string}"},"query-input":{"@type":"PropertyValueSpecification","valueRequired":true,"valueName":"search_term_string"}}],"inLanguage":"hu"}]}},"_links":{"self":[{"href":"https:\/\/univet.hu\/allasborze\/wp-json\/wp\/v2\/pages\/97680","targetHints":{"allow":["GET"]}}],"collection":[{"href":"https:\/\/univet.hu\/allasborze\/wp-json\/wp\/v2\/pages"}],"about":[{"href":"https:\/\/univet.hu\/allasborze\/wp-json\/wp\/v2\/types\/page"}],"author":[{"embeddable":true,"href":"https:\/\/univet.hu\/allasborze\/wp-json\/wp\/v2\/users\/2518"}],"replies":[{"embeddable":true,"href":"https:\/\/univet.hu\/allasborze\/wp-json\/wp\/v2\/comments?post=97680"}],"version-history":[{"count":1,"href":"https:\/\/univet.hu\/allasborze\/wp-json\/wp\/v2\/pages\/97680\/revisions"}],"predecessor-version":[{"id":172710,"href":"https:\/\/univet.hu\/allasborze\/wp-json\/wp\/v2\/pages\/97680\/revisions\/172710"}],"up":[{"embeddable":true,"href":"https:\/\/univet.hu\/allasborze\/wp-json\/wp\/v2\/pages\/96306"}],"wp:attachment":[{"href":"https:\/\/univet.hu\/allasborze\/wp-json\/wp\/v2\/media?parent=97680"}],"wp:term":[{"taxonomy":"category","embeddable":true,"href":"https:\/\/univet.hu\/allasborze\/wp-json\/wp\/v2\/categories?post=97680"},{"taxonomy":"post_tag","embeddable":true,"href":"https:\/\/univet.hu\/allasborze\/wp-json\/wp\/v2\/tags?post=97680"}],"curies":[{"name":"wp","href":"https:\/\/api.w.org\/{rel}","templated":true}]}}