{"id":97700,"date":"2024-01-16T12:52:14","date_gmt":"2024-01-16T11:52:14","guid":{"rendered":"https:\/\/univet.hu\/hu\/allasborze-2024\/kiallitok\/name\/"},"modified":"2025-01-10T13:55:08","modified_gmt":"2025-01-10T12:55:08","slug":"talentis-agro","status":"publish","type":"page","link":"https:\/\/univet.hu\/allasborze\/allasborze-2024\/kiallitok\/talentis-agro\/","title":{"rendered":"Talentis Agro"},"content":{"rendered":"<p><a href=\"https:\/\/univet.hu\/allasborze\/wp-content\/uploads\/sites\/2\/2024\/01\/talentisagro.png\"><img loading=\"lazy\" decoding=\"async\" class=\"aligncenter size-full wp-image-97864\" src=\"https:\/\/univet.hu\/allasborze\/wp-content\/uploads\/sites\/2\/2024\/01\/talentisagro.png\" alt=\"\" width=\"1653\" height=\"2339\" srcset=\"https:\/\/univet.hu\/allasborze\/wp-content\/uploads\/sites\/2\/2024\/01\/talentisagro.png 1653w, https:\/\/univet.hu\/allasborze\/wp-content\/uploads\/sites\/2\/2024\/01\/talentisagro-226x320.png 226w, https:\/\/univet.hu\/allasborze\/wp-content\/uploads\/sites\/2\/2024\/01\/talentisagro-768x1087.png 768w, https:\/\/univet.hu\/allasborze\/wp-content\/uploads\/sites\/2\/2024\/01\/talentisagro-724x1024.png 724w, https:\/\/univet.hu\/allasborze\/wp-content\/uploads\/sites\/2\/2024\/01\/talentisagro-1086x1536.png 1086w, https:\/\/univet.hu\/allasborze\/wp-content\/uploads\/sites\/2\/2024\/01\/talentisagro-1447x2048.png 1447w, https:\/\/univet.hu\/allasborze\/wp-content\/uploads\/sites\/2\/2024\/01\/talentisagro-212x300.png 212w\" sizes=\"auto, (max-width: 1653px) 100vw, 1653px\" \/><\/a><\/p> <p>&nbsp;<\/p> <p><a href=\"https:\/\/univet.hu\/allasborze\/wp-content\/uploads\/sites\/2\/2024\/01\/talentisagro-bemutatkozo-anyag-angolul.png\"><img loading=\"lazy\" decoding=\"async\" class=\"aligncenter size-full wp-image-97865\" src=\"https:\/\/univet.hu\/allasborze\/wp-content\/uploads\/sites\/2\/2024\/01\/talentisagro-bemutatkozo-anyag-angolul.png\" alt=\"\" width=\"1653\" height=\"2339\" srcset=\"https:\/\/univet.hu\/allasborze\/wp-content\/uploads\/sites\/2\/2024\/01\/talentisagro-bemutatkozo-anyag-angolul.png 1653w, https:\/\/univet.hu\/allasborze\/wp-content\/uploads\/sites\/2\/2024\/01\/talentisagro-bemutatkozo-anyag-angolul-226x320.png 226w, https:\/\/univet.hu\/allasborze\/wp-content\/uploads\/sites\/2\/2024\/01\/talentisagro-bemutatkozo-anyag-angolul-768x1087.png 768w, https:\/\/univet.hu\/allasborze\/wp-content\/uploads\/sites\/2\/2024\/01\/talentisagro-bemutatkozo-anyag-angolul-724x1024.png 724w, https:\/\/univet.hu\/allasborze\/wp-content\/uploads\/sites\/2\/2024\/01\/talentisagro-bemutatkozo-anyag-angolul-1086x1536.png 1086w, https:\/\/univet.hu\/allasborze\/wp-content\/uploads\/sites\/2\/2024\/01\/talentisagro-bemutatkozo-anyag-angolul-1447x2048.png 1447w, https:\/\/univet.hu\/allasborze\/wp-content\/uploads\/sites\/2\/2024\/01\/talentisagro-bemutatkozo-anyag-angolul-212x300.png 212w\" sizes=\"auto, (max-width: 1653px) 100vw, 1653px\" \/><\/a><\/p> <p>&nbsp;<\/p> <p><strong>Tov\u00e1bbi inform\u00e1ci\u00f3k\/more information:<\/strong>\u00a0<a href=\"http:\/\/talentisagro.hu\/\">http:\/\/talentisagro.hu\/<\/a><\/p>","protected":false},"excerpt":{"rendered":"<p>&nbsp; &nbsp; Tov\u00e1bbi inform\u00e1ci\u00f3k\/more information:\u00a0http:\/\/talentisagro.hu\/<\/p>\n","protected":false},"author":2518,"featured_media":0,"parent":96306,"menu_order":0,"comment_status":"open","ping_status":"open","template":"","meta":{"_acf_changed":false,"footnotes":""},"categories":[],"tags":[],"class_list":["post-97700","page","type-page","status-publish","hentry"],"acf":[],"yoast_head":"<!-- This site is optimized with the Yoast SEO plugin v27.2 - https:\/\/yoast.com\/product\/yoast-seo-wordpress\/ -->\n<title>Talentis Agro - \u00c1ll\u00e1sb\u00f6rze<\/title>\n<meta name=\"robots\" content=\"index, follow, max-snippet:-1, max-image-preview:large, max-video-preview:-1\" \/>\n<link rel=\"canonical\" href=\"https:\/\/univet.hu\/allasborze\/allasborze-2024\/kiallitok\/talentis-agro\/\" \/>\n<meta property=\"og:locale\" content=\"hu_HU\" \/>\n<meta property=\"og:type\" content=\"article\" \/>\n<meta property=\"og:title\" content=\"Talentis Agro - \u00c1ll\u00e1sb\u00f6rze\" \/>\n<meta property=\"og:description\" content=\"&nbsp; &nbsp; Tov\u00e1bbi inform\u00e1ci\u00f3k\/more information:\u00a0http:\/\/talentisagro.hu\/\" \/>\n<meta property=\"og:url\" content=\"https:\/\/univet.hu\/allasborze\/allasborze-2024\/kiallitok\/talentis-agro\/\" \/>\n<meta property=\"og:site_name\" content=\"\u00c1ll\u00e1sb\u00f6rze\" \/>\n<meta property=\"article:modified_time\" content=\"2025-01-10T12:55:08+00:00\" \/>\n<meta property=\"og:image\" content=\"https:\/\/univet.hu\/allasborze\/wp-content\/uploads\/sites\/2\/2024\/01\/talentisagro.png\" \/>\n<meta name=\"twitter:card\" content=\"summary_large_image\" \/>\n<script type=\"application\/ld+json\" class=\"yoast-schema-graph\">{\"@context\":\"https:\/\/schema.org\",\"@graph\":[{\"@type\":\"WebPage\",\"@id\":\"https:\/\/univet.hu\/allasborze\/allasborze-2024\/kiallitok\/talentis-agro\/\",\"url\":\"https:\/\/univet.hu\/allasborze\/allasborze-2024\/kiallitok\/talentis-agro\/\",\"name\":\"Talentis Agro - \u00c1ll\u00e1sb\u00f6rze\",\"isPartOf\":{\"@id\":\"https:\/\/univet.hu\/allasborze\/#website\"},\"primaryImageOfPage\":{\"@id\":\"https:\/\/univet.hu\/allasborze\/allasborze-2024\/kiallitok\/talentis-agro\/#primaryimage\"},\"image\":{\"@id\":\"https:\/\/univet.hu\/allasborze\/allasborze-2024\/kiallitok\/talentis-agro\/#primaryimage\"},\"thumbnailUrl\":\"https:\/\/univet.hu\/allasborze\/wp-content\/uploads\/sites\/2\/2024\/01\/talentisagro.png\",\"datePublished\":\"2024-01-16T11:52:14+00:00\",\"dateModified\":\"2025-01-10T12:55:08+00:00\",\"breadcrumb\":{\"@id\":\"https:\/\/univet.hu\/allasborze\/allasborze-2024\/kiallitok\/talentis-agro\/#breadcrumb\"},\"inLanguage\":\"hu\",\"potentialAction\":[{\"@type\":\"ReadAction\",\"target\":[\"https:\/\/univet.hu\/allasborze\/allasborze-2024\/kiallitok\/talentis-agro\/\"]}]},{\"@type\":\"ImageObject\",\"inLanguage\":\"hu\",\"@id\":\"https:\/\/univet.hu\/allasborze\/allasborze-2024\/kiallitok\/talentis-agro\/#primaryimage\",\"url\":\"https:\/\/univet.hu\/allasborze\/wp-content\/uploads\/sites\/2\/2024\/01\/talentisagro.png\",\"contentUrl\":\"https:\/\/univet.hu\/allasborze\/wp-content\/uploads\/sites\/2\/2024\/01\/talentisagro.png\"},{\"@type\":\"BreadcrumbList\",\"@id\":\"https:\/\/univet.hu\/allasborze\/allasborze-2024\/kiallitok\/talentis-agro\/#breadcrumb\",\"itemListElement\":[{\"@type\":\"ListItem\",\"position\":1,\"name\":\"Kezd\u0151lap\",\"item\":\"https:\/\/univet.hu\/allasborze\/\"},{\"@type\":\"ListItem\",\"position\":2,\"name\":\"\u00c1ll\u00e1sb\u00f6rze 2024\",\"item\":\"https:\/\/univet.hu\/allasborze\/allasborze-2024\/\"},{\"@type\":\"ListItem\",\"position\":3,\"name\":\"Ki\u00e1ll\u00edt\u00f3k\",\"item\":\"https:\/\/univet.hu\/allasborze\/allasborze-2024\/kiallitok\/\"},{\"@type\":\"ListItem\",\"position\":4,\"name\":\"Talentis Agro\"}]},{\"@type\":\"WebSite\",\"@id\":\"https:\/\/univet.hu\/allasborze\/#website\",\"url\":\"https:\/\/univet.hu\/allasborze\/\",\"name\":\"\u00c1ll\u00e1sb\u00f6rze\",\"description\":\"\",\"potentialAction\":[{\"@type\":\"SearchAction\",\"target\":{\"@type\":\"EntryPoint\",\"urlTemplate\":\"https:\/\/univet.hu\/allasborze\/?s={search_term_string}\"},\"query-input\":{\"@type\":\"PropertyValueSpecification\",\"valueRequired\":true,\"valueName\":\"search_term_string\"}}],\"inLanguage\":\"hu\"}]}<\/script>\n<!-- \/ Yoast SEO plugin. -->","yoast_head_json":{"title":"Talentis Agro - \u00c1ll\u00e1sb\u00f6rze","robots":{"index":"index","follow":"follow","max-snippet":"max-snippet:-1","max-image-preview":"max-image-preview:large","max-video-preview":"max-video-preview:-1"},"canonical":"https:\/\/univet.hu\/allasborze\/allasborze-2024\/kiallitok\/talentis-agro\/","og_locale":"hu_HU","og_type":"article","og_title":"Talentis Agro - \u00c1ll\u00e1sb\u00f6rze","og_description":"&nbsp; &nbsp; Tov\u00e1bbi inform\u00e1ci\u00f3k\/more information:\u00a0http:\/\/talentisagro.hu\/","og_url":"https:\/\/univet.hu\/allasborze\/allasborze-2024\/kiallitok\/talentis-agro\/","og_site_name":"\u00c1ll\u00e1sb\u00f6rze","article_modified_time":"2025-01-10T12:55:08+00:00","og_image":[{"url":"https:\/\/univet.hu\/allasborze\/wp-content\/uploads\/sites\/2\/2024\/01\/talentisagro.png","type":"","width":"","height":""}],"twitter_card":"summary_large_image","schema":{"@context":"https:\/\/schema.org","@graph":[{"@type":"WebPage","@id":"https:\/\/univet.hu\/allasborze\/allasborze-2024\/kiallitok\/talentis-agro\/","url":"https:\/\/univet.hu\/allasborze\/allasborze-2024\/kiallitok\/talentis-agro\/","name":"Talentis Agro - \u00c1ll\u00e1sb\u00f6rze","isPartOf":{"@id":"https:\/\/univet.hu\/allasborze\/#website"},"primaryImageOfPage":{"@id":"https:\/\/univet.hu\/allasborze\/allasborze-2024\/kiallitok\/talentis-agro\/#primaryimage"},"image":{"@id":"https:\/\/univet.hu\/allasborze\/allasborze-2024\/kiallitok\/talentis-agro\/#primaryimage"},"thumbnailUrl":"https:\/\/univet.hu\/allasborze\/wp-content\/uploads\/sites\/2\/2024\/01\/talentisagro.png","datePublished":"2024-01-16T11:52:14+00:00","dateModified":"2025-01-10T12:55:08+00:00","breadcrumb":{"@id":"https:\/\/univet.hu\/allasborze\/allasborze-2024\/kiallitok\/talentis-agro\/#breadcrumb"},"inLanguage":"hu","potentialAction":[{"@type":"ReadAction","target":["https:\/\/univet.hu\/allasborze\/allasborze-2024\/kiallitok\/talentis-agro\/"]}]},{"@type":"ImageObject","inLanguage":"hu","@id":"https:\/\/univet.hu\/allasborze\/allasborze-2024\/kiallitok\/talentis-agro\/#primaryimage","url":"https:\/\/univet.hu\/allasborze\/wp-content\/uploads\/sites\/2\/2024\/01\/talentisagro.png","contentUrl":"https:\/\/univet.hu\/allasborze\/wp-content\/uploads\/sites\/2\/2024\/01\/talentisagro.png"},{"@type":"BreadcrumbList","@id":"https:\/\/univet.hu\/allasborze\/allasborze-2024\/kiallitok\/talentis-agro\/#breadcrumb","itemListElement":[{"@type":"ListItem","position":1,"name":"Kezd\u0151lap","item":"https:\/\/univet.hu\/allasborze\/"},{"@type":"ListItem","position":2,"name":"\u00c1ll\u00e1sb\u00f6rze 2024","item":"https:\/\/univet.hu\/allasborze\/allasborze-2024\/"},{"@type":"ListItem","position":3,"name":"Ki\u00e1ll\u00edt\u00f3k","item":"https:\/\/univet.hu\/allasborze\/allasborze-2024\/kiallitok\/"},{"@type":"ListItem","position":4,"name":"Talentis Agro"}]},{"@type":"WebSite","@id":"https:\/\/univet.hu\/allasborze\/#website","url":"https:\/\/univet.hu\/allasborze\/","name":"\u00c1ll\u00e1sb\u00f6rze","description":"","potentialAction":[{"@type":"SearchAction","target":{"@type":"EntryPoint","urlTemplate":"https:\/\/univet.hu\/allasborze\/?s={search_term_string}"},"query-input":{"@type":"PropertyValueSpecification","valueRequired":true,"valueName":"search_term_string"}}],"inLanguage":"hu"}]}},"_links":{"self":[{"href":"https:\/\/univet.hu\/allasborze\/wp-json\/wp\/v2\/pages\/97700","targetHints":{"allow":["GET"]}}],"collection":[{"href":"https:\/\/univet.hu\/allasborze\/wp-json\/wp\/v2\/pages"}],"about":[{"href":"https:\/\/univet.hu\/allasborze\/wp-json\/wp\/v2\/types\/page"}],"author":[{"embeddable":true,"href":"https:\/\/univet.hu\/allasborze\/wp-json\/wp\/v2\/users\/2518"}],"replies":[{"embeddable":true,"href":"https:\/\/univet.hu\/allasborze\/wp-json\/wp\/v2\/comments?post=97700"}],"version-history":[{"count":1,"href":"https:\/\/univet.hu\/allasborze\/wp-json\/wp\/v2\/pages\/97700\/revisions"}],"predecessor-version":[{"id":172719,"href":"https:\/\/univet.hu\/allasborze\/wp-json\/wp\/v2\/pages\/97700\/revisions\/172719"}],"up":[{"embeddable":true,"href":"https:\/\/univet.hu\/allasborze\/wp-json\/wp\/v2\/pages\/96306"}],"wp:attachment":[{"href":"https:\/\/univet.hu\/allasborze\/wp-json\/wp\/v2\/media?parent=97700"}],"wp:term":[{"taxonomy":"category","embeddable":true,"href":"https:\/\/univet.hu\/allasborze\/wp-json\/wp\/v2\/categories?post=97700"},{"taxonomy":"post_tag","embeddable":true,"href":"https:\/\/univet.hu\/allasborze\/wp-json\/wp\/v2\/tags?post=97700"}],"curies":[{"name":"wp","href":"https:\/\/api.w.org\/{rel}","templated":true}]}}