{"id":97703,"date":"2024-01-16T13:06:54","date_gmt":"2024-01-16T12:06:54","guid":{"rendered":"https:\/\/univet.hu\/hu\/allasborze-2024\/kiallitok\/name\/"},"modified":"2025-01-10T13:55:06","modified_gmt":"2025-01-10T12:55:06","slug":"anicura","status":"publish","type":"page","link":"https:\/\/univet.hu\/allasborze\/allasborze-2024\/kiallitok\/anicura\/","title":{"rendered":"AniCura"},"content":{"rendered":"<p><a href=\"https:\/\/univet.hu\/allasborze\/wp-content\/uploads\/sites\/2\/2024\/01\/AniCura_logo_vertical_rgb-4-002.png\"><img loading=\"lazy\" decoding=\"async\" class=\"aligncenter size-medium wp-image-98020\" src=\"https:\/\/univet.hu\/allasborze\/wp-content\/uploads\/sites\/2\/2024\/01\/AniCura_logo_vertical_rgb-4-002-320x232.png\" alt=\"\" width=\"320\" height=\"232\" srcset=\"https:\/\/univet.hu\/allasborze\/wp-content\/uploads\/sites\/2\/2024\/01\/AniCura_logo_vertical_rgb-4-002-320x232.png 320w, https:\/\/univet.hu\/allasborze\/wp-content\/uploads\/sites\/2\/2024\/01\/AniCura_logo_vertical_rgb-4-002-768x556.png 768w, https:\/\/univet.hu\/allasborze\/wp-content\/uploads\/sites\/2\/2024\/01\/AniCura_logo_vertical_rgb-4-002-300x217.png 300w, https:\/\/univet.hu\/allasborze\/wp-content\/uploads\/sites\/2\/2024\/01\/AniCura_logo_vertical_rgb-4-002.png 1016w\" sizes=\"auto, (max-width: 320px) 100vw, 320px\" \/><\/a><\/p> <p>&nbsp;<\/p> <p><strong>Join the AniCura workshops at our Job Fair:<\/strong><\/p> <p>AniCura &amp; Linnaeus warmly invites you to join our hands-on workshops. Elevate your veterinary skills at the 2024 Job Fair. Don&#8217;t miss out!<\/p> <p><a href=\"https:\/\/univet.hu\/allasborze\/wp-content\/uploads\/sites\/2\/2024\/01\/AniCura-Linnaeus-Workshops-in-Budapest-February-8th-002.png\"><img loading=\"lazy\" decoding=\"async\" class=\"aligncenter size-medium wp-image-98021\" src=\"https:\/\/univet.hu\/allasborze\/wp-content\/uploads\/sites\/2\/2024\/01\/AniCura-Linnaeus-Workshops-in-Budapest-February-8th-002-320x320.png\" alt=\"\" width=\"320\" height=\"320\" srcset=\"https:\/\/univet.hu\/allasborze\/wp-content\/uploads\/sites\/2\/2024\/01\/AniCura-Linnaeus-Workshops-in-Budapest-February-8th-002-320x320.png 320w, https:\/\/univet.hu\/allasborze\/wp-content\/uploads\/sites\/2\/2024\/01\/AniCura-Linnaeus-Workshops-in-Budapest-February-8th-002-150x150.png 150w, https:\/\/univet.hu\/allasborze\/wp-content\/uploads\/sites\/2\/2024\/01\/AniCura-Linnaeus-Workshops-in-Budapest-February-8th-002-300x300.png 300w, https:\/\/univet.hu\/allasborze\/wp-content\/uploads\/sites\/2\/2024\/01\/AniCura-Linnaeus-Workshops-in-Budapest-February-8th-002.png 500w\" sizes=\"auto, (max-width: 320px) 100vw, 320px\" \/><\/a><\/p> <p><strong>Let&#8217;s have a dinner together on the 7th of February:<\/strong><\/p> <p>Pre-Career Day Dinner in Budapest<\/p> <p>AniCura &amp; Linnaeus is excited to host a dinner for last-year veterinary students from the University of Veterinary Medicine in Budapest on February 7th at 6:00 PM. Join us for a purrfectly good time!<\/p> <p><a href=\"https:\/\/univet.hu\/allasborze\/wp-content\/uploads\/sites\/2\/2024\/01\/Pre-Career-Day-Dinner-in-Budapest-February-7th-002.png\"><img loading=\"lazy\" decoding=\"async\" class=\"aligncenter size-medium wp-image-98024\" src=\"https:\/\/univet.hu\/allasborze\/wp-content\/uploads\/sites\/2\/2024\/01\/Pre-Career-Day-Dinner-in-Budapest-February-7th-002-320x320.png\" alt=\"\" width=\"320\" height=\"320\" srcset=\"https:\/\/univet.hu\/allasborze\/wp-content\/uploads\/sites\/2\/2024\/01\/Pre-Career-Day-Dinner-in-Budapest-February-7th-002-320x320.png 320w, https:\/\/univet.hu\/allasborze\/wp-content\/uploads\/sites\/2\/2024\/01\/Pre-Career-Day-Dinner-in-Budapest-February-7th-002-150x150.png 150w, https:\/\/univet.hu\/allasborze\/wp-content\/uploads\/sites\/2\/2024\/01\/Pre-Career-Day-Dinner-in-Budapest-February-7th-002-300x300.png 300w, https:\/\/univet.hu\/allasborze\/wp-content\/uploads\/sites\/2\/2024\/01\/Pre-Career-Day-Dinner-in-Budapest-February-7th-002.png 500w\" sizes=\"auto, (max-width: 320px) 100vw, 320px\" \/><\/a><\/p> <p>&nbsp;<\/p> <p><b><span data-contrast=\"none\">Leading the Way in Veterinary Excellence &#8211; Mars Veterinary Health; AniCura and Linnaeus<\/span><\/b><span data-ccp-props=\"{&quot;201341983&quot;:0,&quot;335559739&quot;:0,&quot;335559740&quot;:240}\">\u00a0<\/span><\/p> <p><span data-contrast=\"none\">In the ever-evolving landscape of veterinary care, Mars Veterinary Health, AniCura, and Linnaeus shine as beacons of innovation and commitment.<\/span><span data-ccp-props=\"{&quot;201341983&quot;:0,&quot;335559739&quot;:0,&quot;335559740&quot;:240}\">\u00a0<\/span><\/p> <p><b><span data-contrast=\"none\">Mars Veterinary Health: A Global Force of Good<\/span><\/b><span data-ccp-props=\"{&quot;201341983&quot;:0,&quot;335559739&quot;:0,&quot;335559740&quot;:240}\">\u00a0<\/span><\/p> <p><span data-contrast=\"none\">Mars Veterinary Health, a family-owned company, has been at the forefront of advancing the veterinary profession worldwide. With a collective network of over 3,000 veterinary clinics, hospitals, and diagnostics labs across 20+ countries, Mars Veterinary Health is dedicated to the health and well-being of people, pets, and the planet.<\/span><span data-ccp-props=\"{&quot;201341983&quot;:0,&quot;335559739&quot;:0,&quot;335559740&quot;:240}\">\u00a0<\/span><\/p> <p><b><span data-contrast=\"none\">AniCura: Elevating Specialized Veterinary Care<\/span><\/b><span data-ccp-props=\"{&quot;201341983&quot;:0,&quot;335559739&quot;:0,&quot;335559740&quot;:240}\">\u00a0<\/span><\/p> <p><span data-contrast=\"none\">AniCura, a proud member of the Mars family since 2018, has emerged as a European leader in specialized veterinary care. Born from the idea that collaboration enhances veterinary excellence, AniCura comprises a family of well-known and carefully selected animal hospitals and clinics. Today, it serves as a role model, providing top-tier care across 15 countries in Europe.<\/span><span data-ccp-props=\"{&quot;201341983&quot;:0,&quot;335559739&quot;:0,&quot;335559740&quot;:240}\">\u00a0<\/span><\/p> <p><b><span data-contrast=\"none\">Linnaeus: Reshaping Veterinary Excellence in the UK and Ireland<\/span><\/b><span data-ccp-props=\"{&quot;201341983&quot;:0,&quot;335559739&quot;:0,&quot;335559740&quot;:240}\">\u00a0<\/span><\/p> <p><span data-contrast=\"none\">Founded in 2014, Linnaeus has grown into one of the most respected veterinary groups in the UK and Ireland. Offering specialist referral services and primary care across its family of practices, Linnaeus places the future of veterinary medicine at the heart of its mission. The commitment to investment in teams, facilities, and continuous professional development sets Linnaeus apart in delivering outstanding quality care.<\/span><span data-ccp-props=\"{&quot;201341983&quot;:0,&quot;335559739&quot;:0,&quot;335559740&quot;:240}\">\u00a0<\/span><\/p> <p><b><span data-contrast=\"none\">Together, For a Better World for Pets<\/span><\/b><span data-ccp-props=\"{&quot;201341983&quot;:0,&quot;335559739&quot;:0,&quot;335559740&quot;:240}\">\u00a0<\/span><\/p> <p><span data-contrast=\"none\">United under the Mars Veterinary Health umbrella, AniCura and Linnaeus collaborate to create a positive impact on pet health. Emphasizing their shared purpose of a Better World for Pets, these entities contribute to redefining veterinary excellence and enriching the lives of our animal companions.<\/span><span data-ccp-props=\"{&quot;201341983&quot;:0,&quot;335559739&quot;:0,&quot;335559740&quot;:240}\">\u00a0<\/span><\/p> <p><span data-contrast=\"none\">In summary, Mars Veterinary Health, AniCura, and Linnaeus exemplify a commitment to pushing the boundaries of veterinary care. Their collective mission underscores a dedication to advancing the field, enriching the lives of pets, and fostering a healthier, more compassionate world.<\/span><span data-ccp-props=\"{&quot;201341983&quot;:0,&quot;335559739&quot;:0,&quot;335559740&quot;:240}\">\u00a0<\/span><\/p> <p><strong>More information:<\/strong>\u00a0<a href=\"https:\/\/www.anicuragroup.com\/\">https:\/\/www.anicuragroup.com\/<\/a><\/p> <p><a href=\"https:\/\/univet.hu\/allasborze\/wp-content\/uploads\/sites\/2\/2024\/01\/6678.001-MVH-Conference-Support-Document-A5-AW-V3-Page-12-DIGITAL-1.png\"><img loading=\"lazy\" decoding=\"async\" class=\"aligncenter size-full wp-image-98018\" src=\"https:\/\/univet.hu\/allasborze\/wp-content\/uploads\/sites\/2\/2024\/01\/6678.001-MVH-Conference-Support-Document-A5-AW-V3-Page-12-DIGITAL-1.png\" alt=\"\" width=\"1166\" height=\"1654\" srcset=\"https:\/\/univet.hu\/allasborze\/wp-content\/uploads\/sites\/2\/2024\/01\/6678.001-MVH-Conference-Support-Document-A5-AW-V3-Page-12-DIGITAL-1.png 1166w, https:\/\/univet.hu\/allasborze\/wp-content\/uploads\/sites\/2\/2024\/01\/6678.001-MVH-Conference-Support-Document-A5-AW-V3-Page-12-DIGITAL-1-226x320.png 226w, https:\/\/univet.hu\/allasborze\/wp-content\/uploads\/sites\/2\/2024\/01\/6678.001-MVH-Conference-Support-Document-A5-AW-V3-Page-12-DIGITAL-1-768x1089.png 768w, https:\/\/univet.hu\/allasborze\/wp-content\/uploads\/sites\/2\/2024\/01\/6678.001-MVH-Conference-Support-Document-A5-AW-V3-Page-12-DIGITAL-1-722x1024.png 722w, https:\/\/univet.hu\/allasborze\/wp-content\/uploads\/sites\/2\/2024\/01\/6678.001-MVH-Conference-Support-Document-A5-AW-V3-Page-12-DIGITAL-1-1083x1536.png 1083w, https:\/\/univet.hu\/allasborze\/wp-content\/uploads\/sites\/2\/2024\/01\/6678.001-MVH-Conference-Support-Document-A5-AW-V3-Page-12-DIGITAL-1-211x300.png 211w\" sizes=\"auto, (max-width: 1166px) 100vw, 1166px\" \/><\/a> <a href=\"https:\/\/univet.hu\/allasborze\/wp-content\/uploads\/sites\/2\/2024\/01\/6678.001-MVH-Conference-Support-Document-A5-AW-V3-Page-12-DIGITAL-2.png\"><img loading=\"lazy\" decoding=\"async\" class=\"aligncenter size-full wp-image-98019\" src=\"https:\/\/univet.hu\/allasborze\/wp-content\/uploads\/sites\/2\/2024\/01\/6678.001-MVH-Conference-Support-Document-A5-AW-V3-Page-12-DIGITAL-2.png\" alt=\"\" width=\"1166\" height=\"1654\" srcset=\"https:\/\/univet.hu\/allasborze\/wp-content\/uploads\/sites\/2\/2024\/01\/6678.001-MVH-Conference-Support-Document-A5-AW-V3-Page-12-DIGITAL-2.png 1166w, https:\/\/univet.hu\/allasborze\/wp-content\/uploads\/sites\/2\/2024\/01\/6678.001-MVH-Conference-Support-Document-A5-AW-V3-Page-12-DIGITAL-2-226x320.png 226w, https:\/\/univet.hu\/allasborze\/wp-content\/uploads\/sites\/2\/2024\/01\/6678.001-MVH-Conference-Support-Document-A5-AW-V3-Page-12-DIGITAL-2-768x1089.png 768w, https:\/\/univet.hu\/allasborze\/wp-content\/uploads\/sites\/2\/2024\/01\/6678.001-MVH-Conference-Support-Document-A5-AW-V3-Page-12-DIGITAL-2-722x1024.png 722w, https:\/\/univet.hu\/allasborze\/wp-content\/uploads\/sites\/2\/2024\/01\/6678.001-MVH-Conference-Support-Document-A5-AW-V3-Page-12-DIGITAL-2-1083x1536.png 1083w, https:\/\/univet.hu\/allasborze\/wp-content\/uploads\/sites\/2\/2024\/01\/6678.001-MVH-Conference-Support-Document-A5-AW-V3-Page-12-DIGITAL-2-211x300.png 211w\" sizes=\"auto, (max-width: 1166px) 100vw, 1166px\" \/><\/a><\/p>","protected":false},"excerpt":{"rendered":"<p>&nbsp; Join the AniCura workshops at our Job Fair: AniCura &amp; Linnaeus warmly invites you to join our hands-on workshops. Elevate your veterinary skills at the 2024 Job Fair. Don&#8217;t miss out! Let&#8217;s have a dinner together on the 7th of February: Pre-Career Day Dinner in Budapest AniCura &amp; Linnaeus is excited to host a<\/p>\n","protected":false},"author":2518,"featured_media":0,"parent":96306,"menu_order":0,"comment_status":"open","ping_status":"open","template":"","meta":{"_acf_changed":false,"footnotes":""},"categories":[],"tags":[],"class_list":["post-97703","page","type-page","status-publish","hentry"],"acf":[],"yoast_head":"<!-- This site is optimized with the Yoast SEO plugin v27.2 - https:\/\/yoast.com\/product\/yoast-seo-wordpress\/ -->\n<title>AniCura - \u00c1ll\u00e1sb\u00f6rze<\/title>\n<meta name=\"robots\" content=\"index, follow, max-snippet:-1, max-image-preview:large, max-video-preview:-1\" \/>\n<link rel=\"canonical\" href=\"https:\/\/univet.hu\/allasborze\/allasborze-2024\/kiallitok\/anicura\/\" \/>\n<meta property=\"og:locale\" content=\"hu_HU\" \/>\n<meta property=\"og:type\" content=\"article\" \/>\n<meta property=\"og:title\" content=\"AniCura - \u00c1ll\u00e1sb\u00f6rze\" \/>\n<meta property=\"og:description\" content=\"&nbsp; Join the AniCura workshops at our Job Fair: AniCura &amp; Linnaeus warmly invites you to join our hands-on workshops. Elevate your veterinary skills at the 2024 Job Fair. Don&#8217;t miss out! Let&#8217;s have a dinner together on the 7th of February: Pre-Career Day Dinner in Budapest AniCura &amp; Linnaeus is excited to host a\" \/>\n<meta property=\"og:url\" content=\"https:\/\/univet.hu\/allasborze\/allasborze-2024\/kiallitok\/anicura\/\" \/>\n<meta property=\"og:site_name\" content=\"\u00c1ll\u00e1sb\u00f6rze\" \/>\n<meta property=\"article:modified_time\" content=\"2025-01-10T12:55:06+00:00\" \/>\n<meta property=\"og:image\" content=\"https:\/\/univet.hu\/allasborze\/wp-content\/uploads\/sites\/2\/2024\/01\/AniCura_logo_vertical_rgb-4-002-320x232.png\" \/>\n<meta name=\"twitter:card\" content=\"summary_large_image\" \/>\n<meta name=\"twitter:label1\" content=\"Becs\u00fclt olvas\u00e1si id\u0151\" \/>\n\t<meta name=\"twitter:data1\" content=\"2 perc\" \/>\n<script type=\"application\/ld+json\" class=\"yoast-schema-graph\">{\"@context\":\"https:\/\/schema.org\",\"@graph\":[{\"@type\":\"WebPage\",\"@id\":\"https:\/\/univet.hu\/allasborze\/allasborze-2024\/kiallitok\/anicura\/\",\"url\":\"https:\/\/univet.hu\/allasborze\/allasborze-2024\/kiallitok\/anicura\/\",\"name\":\"AniCura - \u00c1ll\u00e1sb\u00f6rze\",\"isPartOf\":{\"@id\":\"https:\/\/univet.hu\/allasborze\/#website\"},\"primaryImageOfPage\":{\"@id\":\"https:\/\/univet.hu\/allasborze\/allasborze-2024\/kiallitok\/anicura\/#primaryimage\"},\"image\":{\"@id\":\"https:\/\/univet.hu\/allasborze\/allasborze-2024\/kiallitok\/anicura\/#primaryimage\"},\"thumbnailUrl\":\"https:\/\/univet.hu\/allasborze\/wp-content\/uploads\/sites\/2\/2024\/01\/AniCura_logo_vertical_rgb-4-002-320x232.png\",\"datePublished\":\"2024-01-16T12:06:54+00:00\",\"dateModified\":\"2025-01-10T12:55:06+00:00\",\"breadcrumb\":{\"@id\":\"https:\/\/univet.hu\/allasborze\/allasborze-2024\/kiallitok\/anicura\/#breadcrumb\"},\"inLanguage\":\"hu\",\"potentialAction\":[{\"@type\":\"ReadAction\",\"target\":[\"https:\/\/univet.hu\/allasborze\/allasborze-2024\/kiallitok\/anicura\/\"]}]},{\"@type\":\"ImageObject\",\"inLanguage\":\"hu\",\"@id\":\"https:\/\/univet.hu\/allasborze\/allasborze-2024\/kiallitok\/anicura\/#primaryimage\",\"url\":\"https:\/\/univet.hu\/allasborze\/wp-content\/uploads\/sites\/2\/2024\/01\/AniCura_logo_vertical_rgb-4-002.png\",\"contentUrl\":\"https:\/\/univet.hu\/allasborze\/wp-content\/uploads\/sites\/2\/2024\/01\/AniCura_logo_vertical_rgb-4-002.png\",\"width\":1016,\"height\":736},{\"@type\":\"BreadcrumbList\",\"@id\":\"https:\/\/univet.hu\/allasborze\/allasborze-2024\/kiallitok\/anicura\/#breadcrumb\",\"itemListElement\":[{\"@type\":\"ListItem\",\"position\":1,\"name\":\"Kezd\u0151lap\",\"item\":\"https:\/\/univet.hu\/allasborze\/\"},{\"@type\":\"ListItem\",\"position\":2,\"name\":\"\u00c1ll\u00e1sb\u00f6rze 2024\",\"item\":\"https:\/\/univet.hu\/allasborze\/allasborze-2024\/\"},{\"@type\":\"ListItem\",\"position\":3,\"name\":\"Ki\u00e1ll\u00edt\u00f3k\",\"item\":\"https:\/\/univet.hu\/allasborze\/allasborze-2024\/kiallitok\/\"},{\"@type\":\"ListItem\",\"position\":4,\"name\":\"AniCura\"}]},{\"@type\":\"WebSite\",\"@id\":\"https:\/\/univet.hu\/allasborze\/#website\",\"url\":\"https:\/\/univet.hu\/allasborze\/\",\"name\":\"\u00c1ll\u00e1sb\u00f6rze\",\"description\":\"\",\"potentialAction\":[{\"@type\":\"SearchAction\",\"target\":{\"@type\":\"EntryPoint\",\"urlTemplate\":\"https:\/\/univet.hu\/allasborze\/?s={search_term_string}\"},\"query-input\":{\"@type\":\"PropertyValueSpecification\",\"valueRequired\":true,\"valueName\":\"search_term_string\"}}],\"inLanguage\":\"hu\"}]}<\/script>\n<!-- \/ Yoast SEO plugin. -->","yoast_head_json":{"title":"AniCura - \u00c1ll\u00e1sb\u00f6rze","robots":{"index":"index","follow":"follow","max-snippet":"max-snippet:-1","max-image-preview":"max-image-preview:large","max-video-preview":"max-video-preview:-1"},"canonical":"https:\/\/univet.hu\/allasborze\/allasborze-2024\/kiallitok\/anicura\/","og_locale":"hu_HU","og_type":"article","og_title":"AniCura - \u00c1ll\u00e1sb\u00f6rze","og_description":"&nbsp; Join the AniCura workshops at our Job Fair: AniCura &amp; Linnaeus warmly invites you to join our hands-on workshops. Elevate your veterinary skills at the 2024 Job Fair. Don&#8217;t miss out! Let&#8217;s have a dinner together on the 7th of February: Pre-Career Day Dinner in Budapest AniCura &amp; Linnaeus is excited to host a","og_url":"https:\/\/univet.hu\/allasborze\/allasborze-2024\/kiallitok\/anicura\/","og_site_name":"\u00c1ll\u00e1sb\u00f6rze","article_modified_time":"2025-01-10T12:55:06+00:00","og_image":[{"url":"https:\/\/univet.hu\/allasborze\/wp-content\/uploads\/sites\/2\/2024\/01\/AniCura_logo_vertical_rgb-4-002-320x232.png","type":"","width":"","height":""}],"twitter_card":"summary_large_image","twitter_misc":{"Becs\u00fclt olvas\u00e1si id\u0151":"2 perc"},"schema":{"@context":"https:\/\/schema.org","@graph":[{"@type":"WebPage","@id":"https:\/\/univet.hu\/allasborze\/allasborze-2024\/kiallitok\/anicura\/","url":"https:\/\/univet.hu\/allasborze\/allasborze-2024\/kiallitok\/anicura\/","name":"AniCura - \u00c1ll\u00e1sb\u00f6rze","isPartOf":{"@id":"https:\/\/univet.hu\/allasborze\/#website"},"primaryImageOfPage":{"@id":"https:\/\/univet.hu\/allasborze\/allasborze-2024\/kiallitok\/anicura\/#primaryimage"},"image":{"@id":"https:\/\/univet.hu\/allasborze\/allasborze-2024\/kiallitok\/anicura\/#primaryimage"},"thumbnailUrl":"https:\/\/univet.hu\/allasborze\/wp-content\/uploads\/sites\/2\/2024\/01\/AniCura_logo_vertical_rgb-4-002-320x232.png","datePublished":"2024-01-16T12:06:54+00:00","dateModified":"2025-01-10T12:55:06+00:00","breadcrumb":{"@id":"https:\/\/univet.hu\/allasborze\/allasborze-2024\/kiallitok\/anicura\/#breadcrumb"},"inLanguage":"hu","potentialAction":[{"@type":"ReadAction","target":["https:\/\/univet.hu\/allasborze\/allasborze-2024\/kiallitok\/anicura\/"]}]},{"@type":"ImageObject","inLanguage":"hu","@id":"https:\/\/univet.hu\/allasborze\/allasborze-2024\/kiallitok\/anicura\/#primaryimage","url":"https:\/\/univet.hu\/allasborze\/wp-content\/uploads\/sites\/2\/2024\/01\/AniCura_logo_vertical_rgb-4-002.png","contentUrl":"https:\/\/univet.hu\/allasborze\/wp-content\/uploads\/sites\/2\/2024\/01\/AniCura_logo_vertical_rgb-4-002.png","width":1016,"height":736},{"@type":"BreadcrumbList","@id":"https:\/\/univet.hu\/allasborze\/allasborze-2024\/kiallitok\/anicura\/#breadcrumb","itemListElement":[{"@type":"ListItem","position":1,"name":"Kezd\u0151lap","item":"https:\/\/univet.hu\/allasborze\/"},{"@type":"ListItem","position":2,"name":"\u00c1ll\u00e1sb\u00f6rze 2024","item":"https:\/\/univet.hu\/allasborze\/allasborze-2024\/"},{"@type":"ListItem","position":3,"name":"Ki\u00e1ll\u00edt\u00f3k","item":"https:\/\/univet.hu\/allasborze\/allasborze-2024\/kiallitok\/"},{"@type":"ListItem","position":4,"name":"AniCura"}]},{"@type":"WebSite","@id":"https:\/\/univet.hu\/allasborze\/#website","url":"https:\/\/univet.hu\/allasborze\/","name":"\u00c1ll\u00e1sb\u00f6rze","description":"","potentialAction":[{"@type":"SearchAction","target":{"@type":"EntryPoint","urlTemplate":"https:\/\/univet.hu\/allasborze\/?s={search_term_string}"},"query-input":{"@type":"PropertyValueSpecification","valueRequired":true,"valueName":"search_term_string"}}],"inLanguage":"hu"}]}},"_links":{"self":[{"href":"https:\/\/univet.hu\/allasborze\/wp-json\/wp\/v2\/pages\/97703","targetHints":{"allow":["GET"]}}],"collection":[{"href":"https:\/\/univet.hu\/allasborze\/wp-json\/wp\/v2\/pages"}],"about":[{"href":"https:\/\/univet.hu\/allasborze\/wp-json\/wp\/v2\/types\/page"}],"author":[{"embeddable":true,"href":"https:\/\/univet.hu\/allasborze\/wp-json\/wp\/v2\/users\/2518"}],"replies":[{"embeddable":true,"href":"https:\/\/univet.hu\/allasborze\/wp-json\/wp\/v2\/comments?post=97703"}],"version-history":[{"count":1,"href":"https:\/\/univet.hu\/allasborze\/wp-json\/wp\/v2\/pages\/97703\/revisions"}],"predecessor-version":[{"id":172698,"href":"https:\/\/univet.hu\/allasborze\/wp-json\/wp\/v2\/pages\/97703\/revisions\/172698"}],"up":[{"embeddable":true,"href":"https:\/\/univet.hu\/allasborze\/wp-json\/wp\/v2\/pages\/96306"}],"wp:attachment":[{"href":"https:\/\/univet.hu\/allasborze\/wp-json\/wp\/v2\/media?parent=97703"}],"wp:term":[{"taxonomy":"category","embeddable":true,"href":"https:\/\/univet.hu\/allasborze\/wp-json\/wp\/v2\/categories?post=97703"},{"taxonomy":"post_tag","embeddable":true,"href":"https:\/\/univet.hu\/allasborze\/wp-json\/wp\/v2\/tags?post=97703"}],"curies":[{"name":"wp","href":"https:\/\/api.w.org\/{rel}","templated":true}]}}