{"id":97876,"date":"2024-01-22T14:13:21","date_gmt":"2024-01-22T13:13:21","guid":{"rendered":"https:\/\/univet.hu\/hu\/allasborze-2024\/kiallitok\/name-2\/"},"modified":"2025-01-10T13:55:08","modified_gmt":"2025-01-10T12:55:08","slug":"turi-szolgaltato-kft","status":"publish","type":"page","link":"https:\/\/univet.hu\/allasborze\/allasborze-2024\/kiallitok\/turi-szolgaltato-kft\/","title":{"rendered":"T\u00fari Szolg\u00e1ltat\u00f3 Kft."},"content":{"rendered":"<p><a href=\"https:\/\/univet.hu\/allasborze\/wp-content\/uploads\/sites\/2\/2024\/01\/Turi-Logo-2006.-12-002.jpg\"><img loading=\"lazy\" decoding=\"async\" class=\"aligncenter size-medium wp-image-98062\" src=\"https:\/\/univet.hu\/allasborze\/wp-content\/uploads\/sites\/2\/2024\/01\/Turi-Logo-2006.-12-002-320x234.jpg\" alt=\"\" width=\"320\" height=\"234\" srcset=\"https:\/\/univet.hu\/allasborze\/wp-content\/uploads\/sites\/2\/2024\/01\/Turi-Logo-2006.-12-002-320x234.jpg 320w, https:\/\/univet.hu\/allasborze\/wp-content\/uploads\/sites\/2\/2024\/01\/Turi-Logo-2006.-12-002-768x560.jpg 768w, https:\/\/univet.hu\/allasborze\/wp-content\/uploads\/sites\/2\/2024\/01\/Turi-Logo-2006.-12-002-300x219.jpg 300w, https:\/\/univet.hu\/allasborze\/wp-content\/uploads\/sites\/2\/2024\/01\/Turi-Logo-2006.-12-002.jpg 1014w\" sizes=\"auto, (max-width: 320px) 100vw, 320px\" \/><\/a><\/p> <p><span data-contrast=\"auto\">A T\u00fari \u00c1llatk\u00f3rh\u00e1z kedvez\u0151 f\u00f6ldrajzi elhelyezked\u00e9s\u00e9re jellemz\u0151, hogy a M6-os aut\u00f3p\u00e1ly\u00e1n mind Budapest, mind P\u00e9cs, vagy ak\u00e1r a Balaton is mind\u00f6ssze egy-egy \u00f3ra t\u00e1vols\u00e1gra van.\u00a0<\/span><span data-ccp-props=\"{&quot;201341983&quot;:0,&quot;335559739&quot;:160,&quot;335559740&quot;:259}\">\u00a0<\/span><\/p> <p><span data-contrast=\"auto\">Szakmai tev\u00e9kenys\u00e9g\u00fcnk a kedvtel\u00e9sb\u0151l tartott h\u00e1zi kedvencek \u00e9s haszon\u00e1llatok ambul\u00e1ns kezel\u00e9s\u00e9t\u0151l az \u00e1llatk\u00f3rh\u00e1zi ell\u00e1t\u00e1sukig terjed. Kapacit\u00e1saink f\u00fcggv\u00e9ny\u00e9ben t\u00f6reksz\u00fcnk a 0-24 szolg\u00e1ltat\u00e1sra.\u00a0\u00a0<\/span><span data-ccp-props=\"{&quot;201341983&quot;:0,&quot;335559739&quot;:160,&quot;335559740&quot;:259}\">\u00a0<\/span><\/p> <p><span data-contrast=\"auto\">Diagnosztikai m\u0171szerezetts\u00e9g\u00fcnk CT vizsg\u00e1l\u00f3val b\u0151v\u00fclt egy 95 milli\u00f3 forintos GINOP p\u00e1ly\u00e1zat megval\u00f3s\u00edt\u00e1s\u00e1val. Kor\u00e1bban elnyert\u00fck az \u00c9V V\u00c1LLALKOZ\u00d3JA orsz\u00e1gos d\u00edjat.\u00a0<\/span><span data-ccp-props=\"{&quot;201341983&quot;:0,&quot;335559739&quot;:160,&quot;335559740&quot;:259}\">\u00a0<\/span><\/p> <p><span data-contrast=\"auto\">Szatellit rendszer\u0171 szervezeti fel\u00e9p\u00edt\u00e9st alak\u00edtottunk ki, \u00edgy Dunaf\u00f6ldv\u00e1ron k\u00edv\u00fcl Kecskem\u00e9ten, Duna\u00fajv\u00e1rosban \u00e9s Szentendr\u00e9n is tudunk munkalehet\u0151s\u00e9get biztos\u00edtani.<\/span><span data-ccp-props=\"{&quot;201341983&quot;:0,&quot;335559739&quot;:160,&quot;335559740&quot;:259}\">\u00a0<\/span><\/p> <p><span data-contrast=\"auto\">Ingyenes lakhat\u00e1si lehet\u0151s\u00e9get aj\u00e1nlunk ak\u00e1r p\u00e1lyakezd\u0151 \u00e1llatorvos p\u00e1roknak is.\u00a0<\/span><span data-ccp-props=\"{&quot;201341983&quot;:0,&quot;335559739&quot;:160,&quot;335559740&quot;:259}\">\u00a0<\/span><\/p> <p><span data-contrast=\"auto\">Egyedi motiv\u00e1ci\u00f3s m\u00f3dszereinkkel megval\u00f3s\u00edtottuk a szabadon alak\u00edthat\u00f3 pihen\u0151 id\u0151, a hat\u00e9kony szakmai fejl\u0151d\u00e9s, az \u00f6n\u00e1ll\u00f3 v\u00e1llalkoz\u00e1si lehet\u0151s\u00e9g \u00e9s a leg\u00e1lis, ig\u00e9ny szerint v\u00e1ltoztathat\u00f3 j\u00f6vedelem szerz\u00e9s egyens\u00faly\u00e1t.\u00a0<\/span><span data-ccp-props=\"{&quot;201341983&quot;:0,&quot;335559739&quot;:160,&quot;335559740&quot;:259}\">\u00a0<\/span><\/p> <p><span data-contrast=\"auto\">Praxis filoz\u00f3fi\u00e1nk: hisz\u00fcnk a k\u00f6lcs\u00f6n\u00f6s el\u0151ny\u00f6k\u00f6n alapul\u00f3 \u00f6sszefog\u00e1sban, a korrekt elsz\u00e1mol\u00e1son alapul\u00f3 egy\u00fcttm\u0171k\u00f6d\u00e9sben.\u00a0<\/span><span data-ccp-props=\"{&quot;201341983&quot;:0,&quot;335559739&quot;:160,&quot;335559740&quot;:259}\">\u00a0<\/span><\/p> <p><span data-contrast=\"auto\">Telefon: 06-30-2-063-096 V\u00e1rjuk az \u00f6szt\u00f6nd\u00edj ir\u00e1nt \u00e9rdekl\u0151d\u0151 hallgat\u00f3kat.<\/span><span data-ccp-props=\"{&quot;201341983&quot;:0,&quot;335559739&quot;:160,&quot;335559740&quot;:259}\">\u00a0<\/span><\/p> <p>&nbsp;<\/p> <p style=\"text-align: right\"><span data-contrast=\"auto\">Dr. T\u00fari \u00c1rp\u00e1d k\u00f3rh\u00e1zvezet\u0151, kis\u00e1llat-specialista szak\u00e1llatorvos, a M\u00c1OK l\u00f3gy\u00f3gy\u00e1sz specialist\u00e1ja<\/span><span data-ccp-props=\"{&quot;201341983&quot;:0,&quot;335559739&quot;:160,&quot;335559740&quot;:259}\">\u00a0<\/span><\/p> <p>&nbsp;<\/p> <p><strong>Tov\u00e1bbi inform\u00e1ci\u00f3k:<\/strong>\u00a0<a href=\"https:\/\/turiallatkorhaz.hu\/\">https:\/\/turiallatkorhaz.hu\/<\/a><\/p>","protected":false},"excerpt":{"rendered":"<p>A T\u00fari \u00c1llatk\u00f3rh\u00e1z kedvez\u0151 f\u00f6ldrajzi elhelyezked\u00e9s\u00e9re jellemz\u0151, hogy a M6-os aut\u00f3p\u00e1ly\u00e1n mind Budapest, mind P\u00e9cs, vagy ak\u00e1r a Balaton is mind\u00f6ssze egy-egy \u00f3ra t\u00e1vols\u00e1gra van.\u00a0\u00a0 Szakmai tev\u00e9kenys\u00e9g\u00fcnk a kedvtel\u00e9sb\u0151l tartott h\u00e1zi kedvencek \u00e9s haszon\u00e1llatok ambul\u00e1ns kezel\u00e9s\u00e9t\u0151l az \u00e1llatk\u00f3rh\u00e1zi ell\u00e1t\u00e1sukig terjed. Kapacit\u00e1saink f\u00fcggv\u00e9ny\u00e9ben t\u00f6reksz\u00fcnk a 0-24 szolg\u00e1ltat\u00e1sra.\u00a0\u00a0\u00a0 Diagnosztikai m\u0171szerezetts\u00e9g\u00fcnk CT vizsg\u00e1l\u00f3val b\u0151v\u00fclt egy 95 milli\u00f3 forintos<\/p>\n","protected":false},"author":2518,"featured_media":0,"parent":96306,"menu_order":0,"comment_status":"open","ping_status":"open","template":"","meta":{"_acf_changed":false,"footnotes":""},"categories":[],"tags":[],"class_list":["post-97876","page","type-page","status-publish","hentry"],"acf":[],"yoast_head":"<!-- This site is optimized with the Yoast SEO plugin v27.2 - https:\/\/yoast.com\/product\/yoast-seo-wordpress\/ -->\n<title>T\u00fari Szolg\u00e1ltat\u00f3 Kft. - \u00c1ll\u00e1sb\u00f6rze<\/title>\n<meta name=\"robots\" content=\"index, follow, max-snippet:-1, max-image-preview:large, max-video-preview:-1\" \/>\n<link rel=\"canonical\" href=\"https:\/\/univet.hu\/allasborze\/allasborze-2024\/kiallitok\/turi-szolgaltato-kft\/\" \/>\n<meta property=\"og:locale\" content=\"hu_HU\" \/>\n<meta property=\"og:type\" content=\"article\" \/>\n<meta property=\"og:title\" content=\"T\u00fari Szolg\u00e1ltat\u00f3 Kft. - \u00c1ll\u00e1sb\u00f6rze\" \/>\n<meta property=\"og:description\" content=\"A T\u00fari \u00c1llatk\u00f3rh\u00e1z kedvez\u0151 f\u00f6ldrajzi elhelyezked\u00e9s\u00e9re jellemz\u0151, hogy a M6-os aut\u00f3p\u00e1ly\u00e1n mind Budapest, mind P\u00e9cs, vagy ak\u00e1r a Balaton is mind\u00f6ssze egy-egy \u00f3ra t\u00e1vols\u00e1gra van.\u00a0\u00a0 Szakmai tev\u00e9kenys\u00e9g\u00fcnk a kedvtel\u00e9sb\u0151l tartott h\u00e1zi kedvencek \u00e9s haszon\u00e1llatok ambul\u00e1ns kezel\u00e9s\u00e9t\u0151l az \u00e1llatk\u00f3rh\u00e1zi ell\u00e1t\u00e1sukig terjed. Kapacit\u00e1saink f\u00fcggv\u00e9ny\u00e9ben t\u00f6reksz\u00fcnk a 0-24 szolg\u00e1ltat\u00e1sra.\u00a0\u00a0\u00a0 Diagnosztikai m\u0171szerezetts\u00e9g\u00fcnk CT vizsg\u00e1l\u00f3val b\u0151v\u00fclt egy 95 milli\u00f3 forintos\" \/>\n<meta property=\"og:url\" content=\"https:\/\/univet.hu\/allasborze\/allasborze-2024\/kiallitok\/turi-szolgaltato-kft\/\" \/>\n<meta property=\"og:site_name\" content=\"\u00c1ll\u00e1sb\u00f6rze\" \/>\n<meta property=\"article:modified_time\" content=\"2025-01-10T12:55:08+00:00\" \/>\n<meta property=\"og:image\" content=\"https:\/\/univet.hu\/allasborze\/wp-content\/uploads\/sites\/2\/2024\/01\/Turi-Logo-2006.-12-002-320x234.jpg\" \/>\n<meta name=\"twitter:card\" content=\"summary_large_image\" \/>\n<meta name=\"twitter:label1\" content=\"Becs\u00fclt olvas\u00e1si id\u0151\" \/>\n\t<meta name=\"twitter:data1\" content=\"1 perc\" \/>\n<script type=\"application\/ld+json\" class=\"yoast-schema-graph\">{\"@context\":\"https:\/\/schema.org\",\"@graph\":[{\"@type\":\"WebPage\",\"@id\":\"https:\/\/univet.hu\/allasborze\/allasborze-2024\/kiallitok\/turi-szolgaltato-kft\/\",\"url\":\"https:\/\/univet.hu\/allasborze\/allasborze-2024\/kiallitok\/turi-szolgaltato-kft\/\",\"name\":\"T\u00fari Szolg\u00e1ltat\u00f3 Kft. - \u00c1ll\u00e1sb\u00f6rze\",\"isPartOf\":{\"@id\":\"https:\/\/univet.hu\/allasborze\/#website\"},\"primaryImageOfPage\":{\"@id\":\"https:\/\/univet.hu\/allasborze\/allasborze-2024\/kiallitok\/turi-szolgaltato-kft\/#primaryimage\"},\"image\":{\"@id\":\"https:\/\/univet.hu\/allasborze\/allasborze-2024\/kiallitok\/turi-szolgaltato-kft\/#primaryimage\"},\"thumbnailUrl\":\"https:\/\/univet.hu\/allasborze\/wp-content\/uploads\/sites\/2\/2024\/01\/Turi-Logo-2006.-12-002-320x234.jpg\",\"datePublished\":\"2024-01-22T13:13:21+00:00\",\"dateModified\":\"2025-01-10T12:55:08+00:00\",\"breadcrumb\":{\"@id\":\"https:\/\/univet.hu\/allasborze\/allasborze-2024\/kiallitok\/turi-szolgaltato-kft\/#breadcrumb\"},\"inLanguage\":\"hu\",\"potentialAction\":[{\"@type\":\"ReadAction\",\"target\":[\"https:\/\/univet.hu\/allasborze\/allasborze-2024\/kiallitok\/turi-szolgaltato-kft\/\"]}]},{\"@type\":\"ImageObject\",\"inLanguage\":\"hu\",\"@id\":\"https:\/\/univet.hu\/allasborze\/allasborze-2024\/kiallitok\/turi-szolgaltato-kft\/#primaryimage\",\"url\":\"https:\/\/univet.hu\/allasborze\/wp-content\/uploads\/sites\/2\/2024\/01\/Turi-Logo-2006.-12-002.jpg\",\"contentUrl\":\"https:\/\/univet.hu\/allasborze\/wp-content\/uploads\/sites\/2\/2024\/01\/Turi-Logo-2006.-12-002.jpg\",\"width\":1014,\"height\":740},{\"@type\":\"BreadcrumbList\",\"@id\":\"https:\/\/univet.hu\/allasborze\/allasborze-2024\/kiallitok\/turi-szolgaltato-kft\/#breadcrumb\",\"itemListElement\":[{\"@type\":\"ListItem\",\"position\":1,\"name\":\"Kezd\u0151lap\",\"item\":\"https:\/\/univet.hu\/allasborze\/\"},{\"@type\":\"ListItem\",\"position\":2,\"name\":\"\u00c1ll\u00e1sb\u00f6rze 2024\",\"item\":\"https:\/\/univet.hu\/allasborze\/allasborze-2024\/\"},{\"@type\":\"ListItem\",\"position\":3,\"name\":\"Ki\u00e1ll\u00edt\u00f3k\",\"item\":\"https:\/\/univet.hu\/allasborze\/allasborze-2024\/kiallitok\/\"},{\"@type\":\"ListItem\",\"position\":4,\"name\":\"T\u00fari Szolg\u00e1ltat\u00f3 Kft.\"}]},{\"@type\":\"WebSite\",\"@id\":\"https:\/\/univet.hu\/allasborze\/#website\",\"url\":\"https:\/\/univet.hu\/allasborze\/\",\"name\":\"\u00c1ll\u00e1sb\u00f6rze\",\"description\":\"\",\"potentialAction\":[{\"@type\":\"SearchAction\",\"target\":{\"@type\":\"EntryPoint\",\"urlTemplate\":\"https:\/\/univet.hu\/allasborze\/?s={search_term_string}\"},\"query-input\":{\"@type\":\"PropertyValueSpecification\",\"valueRequired\":true,\"valueName\":\"search_term_string\"}}],\"inLanguage\":\"hu\"}]}<\/script>\n<!-- \/ Yoast SEO plugin. -->","yoast_head_json":{"title":"T\u00fari Szolg\u00e1ltat\u00f3 Kft. - \u00c1ll\u00e1sb\u00f6rze","robots":{"index":"index","follow":"follow","max-snippet":"max-snippet:-1","max-image-preview":"max-image-preview:large","max-video-preview":"max-video-preview:-1"},"canonical":"https:\/\/univet.hu\/allasborze\/allasborze-2024\/kiallitok\/turi-szolgaltato-kft\/","og_locale":"hu_HU","og_type":"article","og_title":"T\u00fari Szolg\u00e1ltat\u00f3 Kft. - \u00c1ll\u00e1sb\u00f6rze","og_description":"A T\u00fari \u00c1llatk\u00f3rh\u00e1z kedvez\u0151 f\u00f6ldrajzi elhelyezked\u00e9s\u00e9re jellemz\u0151, hogy a M6-os aut\u00f3p\u00e1ly\u00e1n mind Budapest, mind P\u00e9cs, vagy ak\u00e1r a Balaton is mind\u00f6ssze egy-egy \u00f3ra t\u00e1vols\u00e1gra van.\u00a0\u00a0 Szakmai tev\u00e9kenys\u00e9g\u00fcnk a kedvtel\u00e9sb\u0151l tartott h\u00e1zi kedvencek \u00e9s haszon\u00e1llatok ambul\u00e1ns kezel\u00e9s\u00e9t\u0151l az \u00e1llatk\u00f3rh\u00e1zi ell\u00e1t\u00e1sukig terjed. Kapacit\u00e1saink f\u00fcggv\u00e9ny\u00e9ben t\u00f6reksz\u00fcnk a 0-24 szolg\u00e1ltat\u00e1sra.\u00a0\u00a0\u00a0 Diagnosztikai m\u0171szerezetts\u00e9g\u00fcnk CT vizsg\u00e1l\u00f3val b\u0151v\u00fclt egy 95 milli\u00f3 forintos","og_url":"https:\/\/univet.hu\/allasborze\/allasborze-2024\/kiallitok\/turi-szolgaltato-kft\/","og_site_name":"\u00c1ll\u00e1sb\u00f6rze","article_modified_time":"2025-01-10T12:55:08+00:00","og_image":[{"url":"https:\/\/univet.hu\/allasborze\/wp-content\/uploads\/sites\/2\/2024\/01\/Turi-Logo-2006.-12-002-320x234.jpg","type":"","width":"","height":""}],"twitter_card":"summary_large_image","twitter_misc":{"Becs\u00fclt olvas\u00e1si id\u0151":"1 perc"},"schema":{"@context":"https:\/\/schema.org","@graph":[{"@type":"WebPage","@id":"https:\/\/univet.hu\/allasborze\/allasborze-2024\/kiallitok\/turi-szolgaltato-kft\/","url":"https:\/\/univet.hu\/allasborze\/allasborze-2024\/kiallitok\/turi-szolgaltato-kft\/","name":"T\u00fari Szolg\u00e1ltat\u00f3 Kft. - \u00c1ll\u00e1sb\u00f6rze","isPartOf":{"@id":"https:\/\/univet.hu\/allasborze\/#website"},"primaryImageOfPage":{"@id":"https:\/\/univet.hu\/allasborze\/allasborze-2024\/kiallitok\/turi-szolgaltato-kft\/#primaryimage"},"image":{"@id":"https:\/\/univet.hu\/allasborze\/allasborze-2024\/kiallitok\/turi-szolgaltato-kft\/#primaryimage"},"thumbnailUrl":"https:\/\/univet.hu\/allasborze\/wp-content\/uploads\/sites\/2\/2024\/01\/Turi-Logo-2006.-12-002-320x234.jpg","datePublished":"2024-01-22T13:13:21+00:00","dateModified":"2025-01-10T12:55:08+00:00","breadcrumb":{"@id":"https:\/\/univet.hu\/allasborze\/allasborze-2024\/kiallitok\/turi-szolgaltato-kft\/#breadcrumb"},"inLanguage":"hu","potentialAction":[{"@type":"ReadAction","target":["https:\/\/univet.hu\/allasborze\/allasborze-2024\/kiallitok\/turi-szolgaltato-kft\/"]}]},{"@type":"ImageObject","inLanguage":"hu","@id":"https:\/\/univet.hu\/allasborze\/allasborze-2024\/kiallitok\/turi-szolgaltato-kft\/#primaryimage","url":"https:\/\/univet.hu\/allasborze\/wp-content\/uploads\/sites\/2\/2024\/01\/Turi-Logo-2006.-12-002.jpg","contentUrl":"https:\/\/univet.hu\/allasborze\/wp-content\/uploads\/sites\/2\/2024\/01\/Turi-Logo-2006.-12-002.jpg","width":1014,"height":740},{"@type":"BreadcrumbList","@id":"https:\/\/univet.hu\/allasborze\/allasborze-2024\/kiallitok\/turi-szolgaltato-kft\/#breadcrumb","itemListElement":[{"@type":"ListItem","position":1,"name":"Kezd\u0151lap","item":"https:\/\/univet.hu\/allasborze\/"},{"@type":"ListItem","position":2,"name":"\u00c1ll\u00e1sb\u00f6rze 2024","item":"https:\/\/univet.hu\/allasborze\/allasborze-2024\/"},{"@type":"ListItem","position":3,"name":"Ki\u00e1ll\u00edt\u00f3k","item":"https:\/\/univet.hu\/allasborze\/allasborze-2024\/kiallitok\/"},{"@type":"ListItem","position":4,"name":"T\u00fari Szolg\u00e1ltat\u00f3 Kft."}]},{"@type":"WebSite","@id":"https:\/\/univet.hu\/allasborze\/#website","url":"https:\/\/univet.hu\/allasborze\/","name":"\u00c1ll\u00e1sb\u00f6rze","description":"","potentialAction":[{"@type":"SearchAction","target":{"@type":"EntryPoint","urlTemplate":"https:\/\/univet.hu\/allasborze\/?s={search_term_string}"},"query-input":{"@type":"PropertyValueSpecification","valueRequired":true,"valueName":"search_term_string"}}],"inLanguage":"hu"}]}},"_links":{"self":[{"href":"https:\/\/univet.hu\/allasborze\/wp-json\/wp\/v2\/pages\/97876","targetHints":{"allow":["GET"]}}],"collection":[{"href":"https:\/\/univet.hu\/allasborze\/wp-json\/wp\/v2\/pages"}],"about":[{"href":"https:\/\/univet.hu\/allasborze\/wp-json\/wp\/v2\/types\/page"}],"author":[{"embeddable":true,"href":"https:\/\/univet.hu\/allasborze\/wp-json\/wp\/v2\/users\/2518"}],"replies":[{"embeddable":true,"href":"https:\/\/univet.hu\/allasborze\/wp-json\/wp\/v2\/comments?post=97876"}],"version-history":[{"count":1,"href":"https:\/\/univet.hu\/allasborze\/wp-json\/wp\/v2\/pages\/97876\/revisions"}],"predecessor-version":[{"id":172722,"href":"https:\/\/univet.hu\/allasborze\/wp-json\/wp\/v2\/pages\/97876\/revisions\/172722"}],"up":[{"embeddable":true,"href":"https:\/\/univet.hu\/allasborze\/wp-json\/wp\/v2\/pages\/96306"}],"wp:attachment":[{"href":"https:\/\/univet.hu\/allasborze\/wp-json\/wp\/v2\/media?parent=97876"}],"wp:term":[{"taxonomy":"category","embeddable":true,"href":"https:\/\/univet.hu\/allasborze\/wp-json\/wp\/v2\/categories?post=97876"},{"taxonomy":"post_tag","embeddable":true,"href":"https:\/\/univet.hu\/allasborze\/wp-json\/wp\/v2\/tags?post=97876"}],"curies":[{"name":"wp","href":"https:\/\/api.w.org\/{rel}","templated":true}]}}