{"id":97879,"date":"2024-01-22T14:16:16","date_gmt":"2024-01-22T13:16:16","guid":{"rendered":"https:\/\/univet.hu\/hu\/allasborze-2024\/kiallitok\/name-2\/"},"modified":"2025-01-10T13:55:06","modified_gmt":"2025-01-10T12:55:06","slug":"dremax-kft","status":"publish","type":"page","link":"https:\/\/univet.hu\/allasborze\/allasborze-2024\/kiallitok\/dremax-kft\/","title":{"rendered":"Dremax Kft."},"content":{"rendered":"<p><span data-contrast=\"auto\">A Dremax Kft. 2008-ban j\u00f6tt l\u00e9tre azzal a c\u00e9llal, hogy teljesk\u00f6r\u0171 higi\u00e9niai megold\u00e1sokat ny\u00fajtson\u00a0<\/span><span data-contrast=\"auto\">baromfi-, ny\u00fal- \u00e9s sert\u00e9stelepek sz\u00e1m\u00e1ra. A Lanxess c\u00e9gcsoport tiszt\u00edt\u00f3- \u00e9s fert\u0151tlen\u00edt\u0151szereit, valamint a Pintaluba c\u00e9gcsoport takarm\u00e1nykieg\u00e9sz\u00edt\u0151it hozta forgalomba Magyarorsz\u00e1gon. 2016-t\u00f3l a HIPRA baromfi \u00e9s ny\u00fal vakcin\u00e1inak k\u00e9pviselet\u00e9t is megkezdte. Ugyanebben az \u00e9vben egy \u00faj, szabadalmazott technol\u00f3gi\u00e1t is Magyarorsz\u00e1gra hozott, a Silo-RoBoFox\u00ae-ot. A Silo-RoboFox\u00ae a takarm\u00e1nyt\u00e1rol\u00f3 sil\u00f3k mos\u00e1s\u00e1ra \u00e9s fert\u0151tlen\u00edt\u00e9s\u00e9re kifejlesztett robotiz\u00e1lt technol\u00f3gia, mely kieg\u00e9sz\u00edti a teljesk\u00f6r\u0171 j\u00e1rv\u00e1nyv\u00e9delmet. 2018-ban megalap\u00edt\u00e1sra ker\u00fclt Rom\u00e1ni\u00e1ban a Dremaxvet SRL., mely a HIPRA baromfi, ny\u00fal, sert\u00e9s \u00e9s szarvasmarha vakcin\u00e1it forgalmazza. C\u00e9lunk, hogy nemcsak min\u0151s\u00e9gi term\u00e9kekkel, de \u00e1llatorvosi szaktan\u00e1csad\u00e1ssal is seg\u00edts\u00fck partnereinket.<\/span><span data-ccp-props=\"{&quot;201341983&quot;:0,&quot;335551550&quot;:6,&quot;335551620&quot;:6,&quot;335559739&quot;:0,&quot;335559740&quot;:240}\">\u00a0<\/span><\/p> <p><strong>Tov\u00e1bbi inform\u00e1ci\u00f3:<\/strong> <a class=\"decrypt\" rel=\"pggjdf\/esfnbyAhnbjm\/dpn\" href=\"javascript:void(0);\">[Kattintson az emailc\u00edmhez]<\/a><\/p> <p><span data-ccp-props=\"{&quot;201341983&quot;:0,&quot;335559739&quot;:0,&quot;335559740&quot;:240}\">\u00a0<\/span><\/p>","protected":false},"excerpt":{"rendered":"<p>A Dremax Kft. 2008-ban j\u00f6tt l\u00e9tre azzal a c\u00e9llal, hogy teljesk\u00f6r\u0171 higi\u00e9niai megold\u00e1sokat ny\u00fajtson\u00a0baromfi-, ny\u00fal- \u00e9s sert\u00e9stelepek sz\u00e1m\u00e1ra. A Lanxess c\u00e9gcsoport tiszt\u00edt\u00f3- \u00e9s fert\u0151tlen\u00edt\u0151szereit, valamint a Pintaluba c\u00e9gcsoport takarm\u00e1nykieg\u00e9sz\u00edt\u0151it hozta forgalomba Magyarorsz\u00e1gon. 2016-t\u00f3l a HIPRA baromfi \u00e9s ny\u00fal vakcin\u00e1inak k\u00e9pviselet\u00e9t is megkezdte. Ugyanebben az \u00e9vben egy \u00faj, szabadalmazott technol\u00f3gi\u00e1t is Magyarorsz\u00e1gra hozott, a Silo-RoBoFox\u00ae-ot. A<\/p>\n","protected":false},"author":2518,"featured_media":0,"parent":96306,"menu_order":0,"comment_status":"open","ping_status":"open","template":"","meta":{"_acf_changed":false,"footnotes":""},"categories":[],"tags":[],"class_list":["post-97879","page","type-page","status-publish","hentry"],"acf":[],"yoast_head":"<!-- This site is optimized with the Yoast SEO plugin v27.2 - https:\/\/yoast.com\/product\/yoast-seo-wordpress\/ -->\n<title>Dremax Kft. - \u00c1ll\u00e1sb\u00f6rze<\/title>\n<meta name=\"robots\" content=\"index, follow, max-snippet:-1, max-image-preview:large, max-video-preview:-1\" \/>\n<link rel=\"canonical\" href=\"https:\/\/univet.hu\/allasborze\/allasborze-2024\/kiallitok\/dremax-kft\/\" \/>\n<meta property=\"og:locale\" content=\"hu_HU\" \/>\n<meta property=\"og:type\" content=\"article\" \/>\n<meta property=\"og:title\" content=\"Dremax Kft. - \u00c1ll\u00e1sb\u00f6rze\" \/>\n<meta property=\"og:description\" content=\"A Dremax Kft. 2008-ban j\u00f6tt l\u00e9tre azzal a c\u00e9llal, hogy teljesk\u00f6r\u0171 higi\u00e9niai megold\u00e1sokat ny\u00fajtson\u00a0baromfi-, ny\u00fal- \u00e9s sert\u00e9stelepek sz\u00e1m\u00e1ra. A Lanxess c\u00e9gcsoport tiszt\u00edt\u00f3- \u00e9s fert\u0151tlen\u00edt\u0151szereit, valamint a Pintaluba c\u00e9gcsoport takarm\u00e1nykieg\u00e9sz\u00edt\u0151it hozta forgalomba Magyarorsz\u00e1gon. 2016-t\u00f3l a HIPRA baromfi \u00e9s ny\u00fal vakcin\u00e1inak k\u00e9pviselet\u00e9t is megkezdte. Ugyanebben az \u00e9vben egy \u00faj, szabadalmazott technol\u00f3gi\u00e1t is Magyarorsz\u00e1gra hozott, a Silo-RoBoFox\u00ae-ot. A\" \/>\n<meta property=\"og:url\" content=\"https:\/\/univet.hu\/allasborze\/allasborze-2024\/kiallitok\/dremax-kft\/\" \/>\n<meta property=\"og:site_name\" content=\"\u00c1ll\u00e1sb\u00f6rze\" \/>\n<meta property=\"article:modified_time\" content=\"2025-01-10T12:55:06+00:00\" \/>\n<meta name=\"twitter:card\" content=\"summary_large_image\" \/>\n<meta name=\"twitter:label1\" content=\"Becs\u00fclt olvas\u00e1si id\u0151\" \/>\n\t<meta name=\"twitter:data1\" content=\"1 perc\" \/>\n<script type=\"application\/ld+json\" class=\"yoast-schema-graph\">{\"@context\":\"https:\/\/schema.org\",\"@graph\":[{\"@type\":\"WebPage\",\"@id\":\"https:\/\/univet.hu\/allasborze\/allasborze-2024\/kiallitok\/dremax-kft\/\",\"url\":\"https:\/\/univet.hu\/allasborze\/allasborze-2024\/kiallitok\/dremax-kft\/\",\"name\":\"Dremax Kft. - \u00c1ll\u00e1sb\u00f6rze\",\"isPartOf\":{\"@id\":\"https:\/\/univet.hu\/allasborze\/#website\"},\"datePublished\":\"2024-01-22T13:16:16+00:00\",\"dateModified\":\"2025-01-10T12:55:06+00:00\",\"breadcrumb\":{\"@id\":\"https:\/\/univet.hu\/allasborze\/allasborze-2024\/kiallitok\/dremax-kft\/#breadcrumb\"},\"inLanguage\":\"hu\",\"potentialAction\":[{\"@type\":\"ReadAction\",\"target\":[\"https:\/\/univet.hu\/allasborze\/allasborze-2024\/kiallitok\/dremax-kft\/\"]}]},{\"@type\":\"BreadcrumbList\",\"@id\":\"https:\/\/univet.hu\/allasborze\/allasborze-2024\/kiallitok\/dremax-kft\/#breadcrumb\",\"itemListElement\":[{\"@type\":\"ListItem\",\"position\":1,\"name\":\"Kezd\u0151lap\",\"item\":\"https:\/\/univet.hu\/allasborze\/\"},{\"@type\":\"ListItem\",\"position\":2,\"name\":\"\u00c1ll\u00e1sb\u00f6rze 2024\",\"item\":\"https:\/\/univet.hu\/allasborze\/allasborze-2024\/\"},{\"@type\":\"ListItem\",\"position\":3,\"name\":\"Ki\u00e1ll\u00edt\u00f3k\",\"item\":\"https:\/\/univet.hu\/allasborze\/allasborze-2024\/kiallitok\/\"},{\"@type\":\"ListItem\",\"position\":4,\"name\":\"Dremax Kft.\"}]},{\"@type\":\"WebSite\",\"@id\":\"https:\/\/univet.hu\/allasborze\/#website\",\"url\":\"https:\/\/univet.hu\/allasborze\/\",\"name\":\"\u00c1ll\u00e1sb\u00f6rze\",\"description\":\"\",\"potentialAction\":[{\"@type\":\"SearchAction\",\"target\":{\"@type\":\"EntryPoint\",\"urlTemplate\":\"https:\/\/univet.hu\/allasborze\/?s={search_term_string}\"},\"query-input\":{\"@type\":\"PropertyValueSpecification\",\"valueRequired\":true,\"valueName\":\"search_term_string\"}}],\"inLanguage\":\"hu\"}]}<\/script>\n<!-- \/ Yoast SEO plugin. -->","yoast_head_json":{"title":"Dremax Kft. - \u00c1ll\u00e1sb\u00f6rze","robots":{"index":"index","follow":"follow","max-snippet":"max-snippet:-1","max-image-preview":"max-image-preview:large","max-video-preview":"max-video-preview:-1"},"canonical":"https:\/\/univet.hu\/allasborze\/allasborze-2024\/kiallitok\/dremax-kft\/","og_locale":"hu_HU","og_type":"article","og_title":"Dremax Kft. - \u00c1ll\u00e1sb\u00f6rze","og_description":"A Dremax Kft. 2008-ban j\u00f6tt l\u00e9tre azzal a c\u00e9llal, hogy teljesk\u00f6r\u0171 higi\u00e9niai megold\u00e1sokat ny\u00fajtson\u00a0baromfi-, ny\u00fal- \u00e9s sert\u00e9stelepek sz\u00e1m\u00e1ra. A Lanxess c\u00e9gcsoport tiszt\u00edt\u00f3- \u00e9s fert\u0151tlen\u00edt\u0151szereit, valamint a Pintaluba c\u00e9gcsoport takarm\u00e1nykieg\u00e9sz\u00edt\u0151it hozta forgalomba Magyarorsz\u00e1gon. 2016-t\u00f3l a HIPRA baromfi \u00e9s ny\u00fal vakcin\u00e1inak k\u00e9pviselet\u00e9t is megkezdte. Ugyanebben az \u00e9vben egy \u00faj, szabadalmazott technol\u00f3gi\u00e1t is Magyarorsz\u00e1gra hozott, a Silo-RoBoFox\u00ae-ot. A","og_url":"https:\/\/univet.hu\/allasborze\/allasborze-2024\/kiallitok\/dremax-kft\/","og_site_name":"\u00c1ll\u00e1sb\u00f6rze","article_modified_time":"2025-01-10T12:55:06+00:00","twitter_card":"summary_large_image","twitter_misc":{"Becs\u00fclt olvas\u00e1si id\u0151":"1 perc"},"schema":{"@context":"https:\/\/schema.org","@graph":[{"@type":"WebPage","@id":"https:\/\/univet.hu\/allasborze\/allasborze-2024\/kiallitok\/dremax-kft\/","url":"https:\/\/univet.hu\/allasborze\/allasborze-2024\/kiallitok\/dremax-kft\/","name":"Dremax Kft. - \u00c1ll\u00e1sb\u00f6rze","isPartOf":{"@id":"https:\/\/univet.hu\/allasborze\/#website"},"datePublished":"2024-01-22T13:16:16+00:00","dateModified":"2025-01-10T12:55:06+00:00","breadcrumb":{"@id":"https:\/\/univet.hu\/allasborze\/allasborze-2024\/kiallitok\/dremax-kft\/#breadcrumb"},"inLanguage":"hu","potentialAction":[{"@type":"ReadAction","target":["https:\/\/univet.hu\/allasborze\/allasborze-2024\/kiallitok\/dremax-kft\/"]}]},{"@type":"BreadcrumbList","@id":"https:\/\/univet.hu\/allasborze\/allasborze-2024\/kiallitok\/dremax-kft\/#breadcrumb","itemListElement":[{"@type":"ListItem","position":1,"name":"Kezd\u0151lap","item":"https:\/\/univet.hu\/allasborze\/"},{"@type":"ListItem","position":2,"name":"\u00c1ll\u00e1sb\u00f6rze 2024","item":"https:\/\/univet.hu\/allasborze\/allasborze-2024\/"},{"@type":"ListItem","position":3,"name":"Ki\u00e1ll\u00edt\u00f3k","item":"https:\/\/univet.hu\/allasborze\/allasborze-2024\/kiallitok\/"},{"@type":"ListItem","position":4,"name":"Dremax Kft."}]},{"@type":"WebSite","@id":"https:\/\/univet.hu\/allasborze\/#website","url":"https:\/\/univet.hu\/allasborze\/","name":"\u00c1ll\u00e1sb\u00f6rze","description":"","potentialAction":[{"@type":"SearchAction","target":{"@type":"EntryPoint","urlTemplate":"https:\/\/univet.hu\/allasborze\/?s={search_term_string}"},"query-input":{"@type":"PropertyValueSpecification","valueRequired":true,"valueName":"search_term_string"}}],"inLanguage":"hu"}]}},"_links":{"self":[{"href":"https:\/\/univet.hu\/allasborze\/wp-json\/wp\/v2\/pages\/97879","targetHints":{"allow":["GET"]}}],"collection":[{"href":"https:\/\/univet.hu\/allasborze\/wp-json\/wp\/v2\/pages"}],"about":[{"href":"https:\/\/univet.hu\/allasborze\/wp-json\/wp\/v2\/types\/page"}],"author":[{"embeddable":true,"href":"https:\/\/univet.hu\/allasborze\/wp-json\/wp\/v2\/users\/2518"}],"replies":[{"embeddable":true,"href":"https:\/\/univet.hu\/allasborze\/wp-json\/wp\/v2\/comments?post=97879"}],"version-history":[{"count":1,"href":"https:\/\/univet.hu\/allasborze\/wp-json\/wp\/v2\/pages\/97879\/revisions"}],"predecessor-version":[{"id":172705,"href":"https:\/\/univet.hu\/allasborze\/wp-json\/wp\/v2\/pages\/97879\/revisions\/172705"}],"up":[{"embeddable":true,"href":"https:\/\/univet.hu\/allasborze\/wp-json\/wp\/v2\/pages\/96306"}],"wp:attachment":[{"href":"https:\/\/univet.hu\/allasborze\/wp-json\/wp\/v2\/media?parent=97879"}],"wp:term":[{"taxonomy":"category","embeddable":true,"href":"https:\/\/univet.hu\/allasborze\/wp-json\/wp\/v2\/categories?post=97879"},{"taxonomy":"post_tag","embeddable":true,"href":"https:\/\/univet.hu\/allasborze\/wp-json\/wp\/v2\/tags?post=97879"}],"curies":[{"name":"wp","href":"https:\/\/api.w.org\/{rel}","templated":true}]}}