{"id":97881,"date":"2024-01-22T14:22:35","date_gmt":"2024-01-22T13:22:35","guid":{"rendered":"https:\/\/univet.hu\/hu\/allasborze-2024\/kiallitok\/name-2\/"},"modified":"2025-01-10T13:55:07","modified_gmt":"2025-01-10T12:55:07","slug":"dunakeszi-allatkorhaz-veresvet-allatkorhaz","status":"publish","type":"page","link":"https:\/\/univet.hu\/allasborze\/allasborze-2024\/kiallitok\/dunakeszi-allatkorhaz-veresvet-allatkorhaz\/","title":{"rendered":"Dunakeszi \u00c1llatk\u00f3rh\u00e1z\/Veresvet \u00c1llatk\u00f3rh\u00e1z"},"content":{"rendered":"<p><strong>VeresVet \u00c1llatk\u00f3rh\u00e1z\u00a0<\/strong><\/p> <p>2112 Veresegyh\u00e1z, Erkel ferenc u. 3\/g<\/p> <p>Tel: 28\/387-142, <a href=\"http:\/\/veresvet.hu\/\">veresvet.hu<\/a><\/p> <p><a href=\"https:\/\/univet.hu\/allasborze\/wp-content\/uploads\/sites\/2\/2024\/01\/veresvet_logo.png\"><img loading=\"lazy\" decoding=\"async\" class=\"aligncenter wp-image-97904 size-medium\" src=\"https:\/\/univet.hu\/allasborze\/wp-content\/uploads\/sites\/2\/2024\/01\/veresvet_logo-320x76.png\" alt=\"\" width=\"320\" height=\"76\" srcset=\"https:\/\/univet.hu\/allasborze\/wp-content\/uploads\/sites\/2\/2024\/01\/veresvet_logo-320x76.png 320w, https:\/\/univet.hu\/allasborze\/wp-content\/uploads\/sites\/2\/2024\/01\/veresvet_logo-768x183.png 768w, https:\/\/univet.hu\/allasborze\/wp-content\/uploads\/sites\/2\/2024\/01\/veresvet_logo-1024x244.png 1024w, https:\/\/univet.hu\/allasborze\/wp-content\/uploads\/sites\/2\/2024\/01\/veresvet_logo-300x72.png 300w, https:\/\/univet.hu\/allasborze\/wp-content\/uploads\/sites\/2\/2024\/01\/veresvet_logo.png 1103w\" sizes=\"auto, (max-width: 320px) 100vw, 320px\" \/><\/a><\/p> <p><span data-contrast=\"none\">A\u202f<\/span><b><span data-contrast=\"none\">VeresVet \u00c1llatk\u00f3rh\u00e1z<\/span><\/b><span data-contrast=\"none\">\u202f2006 \u00e9vi alap\u00edt\u00e1sa \u00f3ta a magas sz\u00ednvonal\u00fa\u00a0\u00e1llatorvosi ell\u00e1t\u00e1s biztos\u00edt\u00e1sa helybeli, k\u00f6rny\u00e9ken \u00e9l\u0151 p\u00e1cienseink sz\u00e1m\u00e1ra. Szakell\u00e1t\u00e1sra eg\u00e9szen Egerb\u0151l \u00e9s Miskolcr\u00f3l is \u00e9rkeznek p\u00e1ciensek ell\u00e1t\u00e1sra. Veresegyh\u00e1z a budapesti agglomer\u00e1ci\u00f3 egyik legdinamikusabban fejl\u0151d\u0151 v\u00e1rosa, jelenleg 23 000 lakossal.\u202f<\/span><span data-ccp-props=\"{&quot;134233117&quot;:false,&quot;134233118&quot;:false,&quot;201341983&quot;:0,&quot;335551550&quot;:6,&quot;335551620&quot;:6,&quot;335559738&quot;:0,&quot;335559739&quot;:0,&quot;335559740&quot;:240}\">\u00a0<\/span><\/p> <p><span data-contrast=\"none\">Dr. B\u00f6lcskei Moln\u00e1r Antal \u00e9s Dr. Farkas Zolt\u00e1n olyan 20 \u00e1llatorvosb\u00f3l \u00e1ll\u00f3, professzion\u00e1lis szak\u00e1llatorvosi csapatot vezet, akik a belgy\u00f3gy\u00e1szat, ICU, sz\u00fcl\u00e9szet az onko-\u202f csont-, iz\u00fclet- gerinc seb\u00e9szet, endoszk\u00f3pia ter\u00e9n kimagasl\u00f3 ell\u00e1t\u00e1si sz\u00ednvonalat ny\u00fajt. Kiemelked\u0151 m\u0171k\u00f6d\u00e9si ter\u00fclet\u00fcnk, a versenyagarak \u00e9s sport kuty\u00e1k ell\u00e1t\u00e1sa, sz\u00edvf\u00e9rgess\u00e9g szakell\u00e1t\u00e1sa dr. Jacs\u00f3 Olga phD vezet\u00e9s\u00e9vel \u00e9s professzion\u00e1lis fog\u00e1szati ell\u00e1t\u00e1s modern fog\u00e1szati egys\u00e9g \u00e9s fog\u00e1szati RTG seg\u00edts\u00e9g\u00e9vel. \u00c1llatk\u00f3rh\u00e1zunkhoz k\u00f6t\u0151dik a Novatech szalagp\u00f3tl\u00f3 rendszerek hazai bevezet\u00e9se az els\u0151k k\u00f6z\u00f6tt \u00e9s a Vetweldig csontforraszt\u00e1sos technika bevezet\u00e9se. C\u00e9g\u00fcnk hivatalos \u00e1llatorvos ell\u00e1t\u00f3ja a Hunor Magyar Kuty\u00e1s Ment\u0151csapatnak.\u202f<\/span><span data-ccp-props=\"{&quot;134233117&quot;:false,&quot;134233118&quot;:false,&quot;201341983&quot;:0,&quot;335551550&quot;:6,&quot;335551620&quot;:6,&quot;335559738&quot;:0,&quot;335559739&quot;:0,&quot;335559740&quot;:240}\">\u00a0<\/span><\/p> <p><span data-contrast=\"none\">A Dunakeszi \u00c1llatk\u00f3rh\u00e1zzal k\u00f6z\u00f6sen saj\u00e1t labort, CT-t \u00fczemeltet.\u202f a VERESVET kett\u0151 m\u0171t\u0151asztallal, 3 kezel\u0151vel, k\u00f6zponti kezel\u0151vel, nappali \u00e9s \u00e9jszakai k\u00f3rh\u00e1zzal dolgozik.\u202f<\/span><span data-ccp-props=\"{&quot;134233117&quot;:false,&quot;134233118&quot;:false,&quot;201341983&quot;:0,&quot;335551550&quot;:6,&quot;335551620&quot;:6,&quot;335559738&quot;:0,&quot;335559739&quot;:0,&quot;335559740&quot;:240}\">\u00a0<\/span><\/p> <p><span data-contrast=\"none\">A VeresVet \u00c1llatk\u00f3rh\u00e1z\u202f\u00e9p\u00fclet\u00e9t c\u00e9lzottan \u00e1llatorvosi tev\u00e9kenys\u00e9gre tervezt\u00fck \u00e9s \u00e9p\u00edttett\u00fck, melyet 2023- ban imm\u00e1r 250 m2-re b\u0151v\u00edtett\u00fcnk \u00e9s teljes korszer\u0171s\u00edt\u00e9sen esett \u00e1t.\u202f<\/span><span data-ccp-props=\"{&quot;134233117&quot;:false,&quot;134233118&quot;:false,&quot;201341983&quot;:0,&quot;335551550&quot;:6,&quot;335551620&quot;:6,&quot;335559738&quot;:0,&quot;335559739&quot;:0,&quot;335559740&quot;:240}\">\u00a0<\/span><\/p> <p><span data-ccp-props=\"{&quot;134233117&quot;:false,&quot;134233118&quot;:false,&quot;201341983&quot;:0,&quot;335551550&quot;:6,&quot;335551620&quot;:6,&quot;335559738&quot;:0,&quot;335559739&quot;:0,&quot;335559740&quot;:240}\">\u00a0<\/span><\/p> <p><b><span data-contrast=\"none\">Dunakeszi \u00c1llatk\u00f3rh\u00e1z<\/span><\/b><\/p> <p>2120 Dunakeszi , Szent Istv\u00e1n u. 59\/a<\/p> <p>Tel: 27\/348-325, <a href=\"http:\/\/dunakesziallatorvos.hu\/\">dunakesziallatorvos.hu<\/a><\/p> <p><a href=\"https:\/\/univet.hu\/allasborze\/wp-content\/uploads\/sites\/2\/2024\/01\/DK_logo_hatter-nelkul-1.png\"><img loading=\"lazy\" decoding=\"async\" class=\"aligncenter size-medium wp-image-97905\" src=\"https:\/\/univet.hu\/allasborze\/wp-content\/uploads\/sites\/2\/2024\/01\/DK_logo_hatter-nelkul-1-320x80.png\" alt=\"\" width=\"320\" height=\"80\" srcset=\"https:\/\/univet.hu\/allasborze\/wp-content\/uploads\/sites\/2\/2024\/01\/DK_logo_hatter-nelkul-1-320x80.png 320w, https:\/\/univet.hu\/allasborze\/wp-content\/uploads\/sites\/2\/2024\/01\/DK_logo_hatter-nelkul-1-768x192.png 768w, https:\/\/univet.hu\/allasborze\/wp-content\/uploads\/sites\/2\/2024\/01\/DK_logo_hatter-nelkul-1-1024x256.png 1024w, https:\/\/univet.hu\/allasborze\/wp-content\/uploads\/sites\/2\/2024\/01\/DK_logo_hatter-nelkul-1-1536x384.png 1536w, https:\/\/univet.hu\/allasborze\/wp-content\/uploads\/sites\/2\/2024\/01\/DK_logo_hatter-nelkul-1-300x75.png 300w, https:\/\/univet.hu\/allasborze\/wp-content\/uploads\/sites\/2\/2024\/01\/DK_logo_hatter-nelkul-1.png 1818w\" sizes=\"auto, (max-width: 320px) 100vw, 320px\" \/><\/a><\/p> <p><span data-contrast=\"none\">A <\/span><b><span data-contrast=\"none\">Dunakeszi\u202f\u00c1llatk\u00f3rh\u00e1z<\/span><\/b><span data-contrast=\"none\">\u202f1996\u202f\u00e9vi alap\u00edt\u00e1sa \u00f3ta a magas sz\u00ednvonal\u00fa\u00a0\u00e1llatorvosi ell\u00e1t\u00e1s biztos\u00edt\u00e1sa helybeli, k\u00f6rny\u00e9ken \u00e9l\u0151 p\u00e1cienseink sz\u00e1m\u00e1ra. Szakell\u00e1t\u00e1sra eg\u00e9sz orsz\u00e1gb\u00f3l \u00e9rkeznek p\u00e1ciensek. Dunakeszi a budapesti agglomer\u00e1ci\u00f3 egyik legdinamikusabban fejl\u0151d\u0151 v\u00e1rosa, jelenleg 44 000 lakossal.\u202f<\/span><span data-ccp-props=\"{&quot;134233117&quot;:false,&quot;134233118&quot;:false,&quot;201341983&quot;:0,&quot;335551550&quot;:6,&quot;335551620&quot;:6,&quot;335559738&quot;:0,&quot;335559739&quot;:0,&quot;335559740&quot;:240}\">\u00a0<\/span><span data-ccp-props=\"{&quot;134233117&quot;:false,&quot;134233118&quot;:false,&quot;201341983&quot;:0,&quot;335551550&quot;:6,&quot;335551620&quot;:6,&quot;335559738&quot;:0,&quot;335559739&quot;:0,&quot;335559740&quot;:240}\">\u00a0<\/span><\/p> <p><span data-contrast=\"none\">Dr. B\u00f6lcskei Moln\u00e1r Antal \u00e9s Dr. Farkas Zolt\u00e1n olyan 20 \u00e1llatorvosb\u00f3l \u00e1ll\u00f3, professzion\u00e1lis szak\u00e1llatorvosi csapatot vezet, akik a belgy\u00f3gy\u00e1szat, ICU, sz\u00fcl\u00e9szet az onko-\u202f csont-, iz\u00fclet- gerinc seb\u00e9szet, endoszk\u00f3pia ter\u00e9n kimagasl\u00f3 ell\u00e1t\u00e1si sz\u00ednvonalat ny\u00fajt. Kiemelked\u0151 m\u0171k\u00f6d\u00e9si ter\u00fclet\u00fcnk, a versenyagarak \u00e9s sport kuty\u00e1k ell\u00e1t\u00e1sa, sz\u00edvf\u00e9rgess\u00e9g szakell\u00e1t\u00e1sa dr. Jacs\u00f3 Olga phD vezet\u00e9s\u00e9vel \u00e9s professzion\u00e1lis fog\u00e1szati ell\u00e1t\u00e1s modern fog\u00e1szati egys\u00e9g \u00e9s fog\u00e1szati RTG seg\u00edts\u00e9g\u00e9vel. \u00c1llatk\u00f3rh\u00e1zunkhoz k\u00f6t\u0151dik a Novatech szalagp\u00f3tl\u00f3 rendszerek hazai bevezet\u00e9se az els\u0151k k\u00f6z\u00f6tt \u00e9s a Vetweldig csontforraszt\u00e1sos technika bevezet\u00e9se. C\u00e9g\u00fcnk hivatalos \u00e1llatorvos ell\u00e1t\u00f3ja a Hunor Magyar Kuty\u00e1s Ment\u0151csapatnak.\u202f<\/span><span data-ccp-props=\"{&quot;134233117&quot;:false,&quot;134233118&quot;:false,&quot;201341983&quot;:0,&quot;335551550&quot;:6,&quot;335551620&quot;:6,&quot;335559738&quot;:0,&quot;335559739&quot;:0,&quot;335559740&quot;:240}\">\u00a0<\/span><\/p> <p><span data-contrast=\"none\">A Dunakeszi \u00c1llatk\u00f3rh\u00e1z\u202f\u00e9p\u00fclet\u00e9t c\u00e9lzottan \u00e1llatorvosi tev\u00e9kenys\u00e9gre tervezt\u00fck \u00e9s \u00e9p\u00edttett\u00fck, melyet 2023- ban imm\u00e1r 350 m2-re b\u0151v\u00edtett\u00fcnk \u00e9s teljes korszer\u0171s\u00edt\u00e9sen esett \u00e1t.\u202f<\/span><span data-ccp-props=\"{&quot;134233117&quot;:false,&quot;134233118&quot;:false,&quot;201341983&quot;:0,&quot;335551550&quot;:6,&quot;335551620&quot;:6,&quot;335559738&quot;:0,&quot;335559739&quot;:0,&quot;335559740&quot;:240}\">\u00a0<\/span><\/p>","protected":false},"excerpt":{"rendered":"<p>VeresVet \u00c1llatk\u00f3rh\u00e1z\u00a0 2112 Veresegyh\u00e1z, Erkel ferenc u. 3\/g Tel: 28\/387-142, veresvet.hu A\u202fVeresVet \u00c1llatk\u00f3rh\u00e1z\u202f2006 \u00e9vi alap\u00edt\u00e1sa \u00f3ta a magas sz\u00ednvonal\u00fa\u00a0\u00e1llatorvosi ell\u00e1t\u00e1s biztos\u00edt\u00e1sa helybeli, k\u00f6rny\u00e9ken \u00e9l\u0151 p\u00e1cienseink sz\u00e1m\u00e1ra. Szakell\u00e1t\u00e1sra eg\u00e9szen Egerb\u0151l \u00e9s Miskolcr\u00f3l is \u00e9rkeznek p\u00e1ciensek ell\u00e1t\u00e1sra. Veresegyh\u00e1z a budapesti agglomer\u00e1ci\u00f3 egyik legdinamikusabban fejl\u0151d\u0151 v\u00e1rosa, jelenleg 23 000 lakossal.\u202f\u00a0 Dr. B\u00f6lcskei Moln\u00e1r Antal \u00e9s Dr. Farkas Zolt\u00e1n<\/p>\n","protected":false},"author":2518,"featured_media":0,"parent":96306,"menu_order":0,"comment_status":"open","ping_status":"open","template":"","meta":{"_acf_changed":false,"footnotes":""},"categories":[],"tags":[],"class_list":["post-97881","page","type-page","status-publish","hentry"],"acf":[],"yoast_head":"<!-- This site is optimized with the Yoast SEO plugin v27.2 - https:\/\/yoast.com\/product\/yoast-seo-wordpress\/ -->\n<title>Dunakeszi \u00c1llatk\u00f3rh\u00e1z\/Veresvet \u00c1llatk\u00f3rh\u00e1z - \u00c1ll\u00e1sb\u00f6rze<\/title>\n<meta name=\"robots\" content=\"index, follow, max-snippet:-1, max-image-preview:large, max-video-preview:-1\" \/>\n<link rel=\"canonical\" href=\"https:\/\/univet.hu\/allasborze\/allasborze-2024\/kiallitok\/dunakeszi-allatkorhaz-veresvet-allatkorhaz\/\" \/>\n<meta property=\"og:locale\" content=\"hu_HU\" \/>\n<meta property=\"og:type\" content=\"article\" \/>\n<meta property=\"og:title\" content=\"Dunakeszi \u00c1llatk\u00f3rh\u00e1z\/Veresvet \u00c1llatk\u00f3rh\u00e1z - \u00c1ll\u00e1sb\u00f6rze\" \/>\n<meta property=\"og:description\" content=\"VeresVet \u00c1llatk\u00f3rh\u00e1z\u00a0 2112 Veresegyh\u00e1z, Erkel ferenc u. 3\/g Tel: 28\/387-142, veresvet.hu A\u202fVeresVet \u00c1llatk\u00f3rh\u00e1z\u202f2006 \u00e9vi alap\u00edt\u00e1sa \u00f3ta a magas sz\u00ednvonal\u00fa\u00a0\u00e1llatorvosi ell\u00e1t\u00e1s biztos\u00edt\u00e1sa helybeli, k\u00f6rny\u00e9ken \u00e9l\u0151 p\u00e1cienseink sz\u00e1m\u00e1ra. Szakell\u00e1t\u00e1sra eg\u00e9szen Egerb\u0151l \u00e9s Miskolcr\u00f3l is \u00e9rkeznek p\u00e1ciensek ell\u00e1t\u00e1sra. Veresegyh\u00e1z a budapesti agglomer\u00e1ci\u00f3 egyik legdinamikusabban fejl\u0151d\u0151 v\u00e1rosa, jelenleg 23 000 lakossal.\u202f\u00a0 Dr. B\u00f6lcskei Moln\u00e1r Antal \u00e9s Dr. Farkas Zolt\u00e1n\" \/>\n<meta property=\"og:url\" content=\"https:\/\/univet.hu\/allasborze\/allasborze-2024\/kiallitok\/dunakeszi-allatkorhaz-veresvet-allatkorhaz\/\" \/>\n<meta property=\"og:site_name\" content=\"\u00c1ll\u00e1sb\u00f6rze\" \/>\n<meta property=\"article:modified_time\" content=\"2025-01-10T12:55:07+00:00\" \/>\n<meta property=\"og:image\" content=\"https:\/\/univet.hu\/allasborze\/wp-content\/uploads\/sites\/2\/2024\/01\/veresvet_logo-320x76.png\" \/>\n<meta name=\"twitter:card\" content=\"summary_large_image\" \/>\n<meta name=\"twitter:label1\" content=\"Becs\u00fclt olvas\u00e1si id\u0151\" \/>\n\t<meta name=\"twitter:data1\" content=\"3 perc\" \/>\n<script type=\"application\/ld+json\" class=\"yoast-schema-graph\">{\"@context\":\"https:\/\/schema.org\",\"@graph\":[{\"@type\":\"WebPage\",\"@id\":\"https:\/\/univet.hu\/allasborze\/allasborze-2024\/kiallitok\/dunakeszi-allatkorhaz-veresvet-allatkorhaz\/\",\"url\":\"https:\/\/univet.hu\/allasborze\/allasborze-2024\/kiallitok\/dunakeszi-allatkorhaz-veresvet-allatkorhaz\/\",\"name\":\"Dunakeszi \u00c1llatk\u00f3rh\u00e1z\/Veresvet \u00c1llatk\u00f3rh\u00e1z - \u00c1ll\u00e1sb\u00f6rze\",\"isPartOf\":{\"@id\":\"https:\/\/univet.hu\/allasborze\/#website\"},\"primaryImageOfPage\":{\"@id\":\"https:\/\/univet.hu\/allasborze\/allasborze-2024\/kiallitok\/dunakeszi-allatkorhaz-veresvet-allatkorhaz\/#primaryimage\"},\"image\":{\"@id\":\"https:\/\/univet.hu\/allasborze\/allasborze-2024\/kiallitok\/dunakeszi-allatkorhaz-veresvet-allatkorhaz\/#primaryimage\"},\"thumbnailUrl\":\"https:\/\/univet.hu\/allasborze\/wp-content\/uploads\/sites\/2\/2024\/01\/veresvet_logo-320x76.png\",\"datePublished\":\"2024-01-22T13:22:35+00:00\",\"dateModified\":\"2025-01-10T12:55:07+00:00\",\"breadcrumb\":{\"@id\":\"https:\/\/univet.hu\/allasborze\/allasborze-2024\/kiallitok\/dunakeszi-allatkorhaz-veresvet-allatkorhaz\/#breadcrumb\"},\"inLanguage\":\"hu\",\"potentialAction\":[{\"@type\":\"ReadAction\",\"target\":[\"https:\/\/univet.hu\/allasborze\/allasborze-2024\/kiallitok\/dunakeszi-allatkorhaz-veresvet-allatkorhaz\/\"]}]},{\"@type\":\"ImageObject\",\"inLanguage\":\"hu\",\"@id\":\"https:\/\/univet.hu\/allasborze\/allasborze-2024\/kiallitok\/dunakeszi-allatkorhaz-veresvet-allatkorhaz\/#primaryimage\",\"url\":\"https:\/\/univet.hu\/allasborze\/wp-content\/uploads\/sites\/2\/2024\/01\/veresvet_logo.png\",\"contentUrl\":\"https:\/\/univet.hu\/allasborze\/wp-content\/uploads\/sites\/2\/2024\/01\/veresvet_logo.png\",\"width\":1103,\"height\":263},{\"@type\":\"BreadcrumbList\",\"@id\":\"https:\/\/univet.hu\/allasborze\/allasborze-2024\/kiallitok\/dunakeszi-allatkorhaz-veresvet-allatkorhaz\/#breadcrumb\",\"itemListElement\":[{\"@type\":\"ListItem\",\"position\":1,\"name\":\"Kezd\u0151lap\",\"item\":\"https:\/\/univet.hu\/allasborze\/\"},{\"@type\":\"ListItem\",\"position\":2,\"name\":\"\u00c1ll\u00e1sb\u00f6rze 2024\",\"item\":\"https:\/\/univet.hu\/allasborze\/allasborze-2024\/\"},{\"@type\":\"ListItem\",\"position\":3,\"name\":\"Ki\u00e1ll\u00edt\u00f3k\",\"item\":\"https:\/\/univet.hu\/allasborze\/allasborze-2024\/kiallitok\/\"},{\"@type\":\"ListItem\",\"position\":4,\"name\":\"Dunakeszi \u00c1llatk\u00f3rh\u00e1z\/Veresvet \u00c1llatk\u00f3rh\u00e1z\"}]},{\"@type\":\"WebSite\",\"@id\":\"https:\/\/univet.hu\/allasborze\/#website\",\"url\":\"https:\/\/univet.hu\/allasborze\/\",\"name\":\"\u00c1ll\u00e1sb\u00f6rze\",\"description\":\"\",\"potentialAction\":[{\"@type\":\"SearchAction\",\"target\":{\"@type\":\"EntryPoint\",\"urlTemplate\":\"https:\/\/univet.hu\/allasborze\/?s={search_term_string}\"},\"query-input\":{\"@type\":\"PropertyValueSpecification\",\"valueRequired\":true,\"valueName\":\"search_term_string\"}}],\"inLanguage\":\"hu\"}]}<\/script>\n<!-- \/ Yoast SEO plugin. -->","yoast_head_json":{"title":"Dunakeszi \u00c1llatk\u00f3rh\u00e1z\/Veresvet \u00c1llatk\u00f3rh\u00e1z - \u00c1ll\u00e1sb\u00f6rze","robots":{"index":"index","follow":"follow","max-snippet":"max-snippet:-1","max-image-preview":"max-image-preview:large","max-video-preview":"max-video-preview:-1"},"canonical":"https:\/\/univet.hu\/allasborze\/allasborze-2024\/kiallitok\/dunakeszi-allatkorhaz-veresvet-allatkorhaz\/","og_locale":"hu_HU","og_type":"article","og_title":"Dunakeszi \u00c1llatk\u00f3rh\u00e1z\/Veresvet \u00c1llatk\u00f3rh\u00e1z - \u00c1ll\u00e1sb\u00f6rze","og_description":"VeresVet \u00c1llatk\u00f3rh\u00e1z\u00a0 2112 Veresegyh\u00e1z, Erkel ferenc u. 3\/g Tel: 28\/387-142, veresvet.hu A\u202fVeresVet \u00c1llatk\u00f3rh\u00e1z\u202f2006 \u00e9vi alap\u00edt\u00e1sa \u00f3ta a magas sz\u00ednvonal\u00fa\u00a0\u00e1llatorvosi ell\u00e1t\u00e1s biztos\u00edt\u00e1sa helybeli, k\u00f6rny\u00e9ken \u00e9l\u0151 p\u00e1cienseink sz\u00e1m\u00e1ra. Szakell\u00e1t\u00e1sra eg\u00e9szen Egerb\u0151l \u00e9s Miskolcr\u00f3l is \u00e9rkeznek p\u00e1ciensek ell\u00e1t\u00e1sra. Veresegyh\u00e1z a budapesti agglomer\u00e1ci\u00f3 egyik legdinamikusabban fejl\u0151d\u0151 v\u00e1rosa, jelenleg 23 000 lakossal.\u202f\u00a0 Dr. B\u00f6lcskei Moln\u00e1r Antal \u00e9s Dr. Farkas Zolt\u00e1n","og_url":"https:\/\/univet.hu\/allasborze\/allasborze-2024\/kiallitok\/dunakeszi-allatkorhaz-veresvet-allatkorhaz\/","og_site_name":"\u00c1ll\u00e1sb\u00f6rze","article_modified_time":"2025-01-10T12:55:07+00:00","og_image":[{"url":"https:\/\/univet.hu\/allasborze\/wp-content\/uploads\/sites\/2\/2024\/01\/veresvet_logo-320x76.png","type":"","width":"","height":""}],"twitter_card":"summary_large_image","twitter_misc":{"Becs\u00fclt olvas\u00e1si id\u0151":"3 perc"},"schema":{"@context":"https:\/\/schema.org","@graph":[{"@type":"WebPage","@id":"https:\/\/univet.hu\/allasborze\/allasborze-2024\/kiallitok\/dunakeszi-allatkorhaz-veresvet-allatkorhaz\/","url":"https:\/\/univet.hu\/allasborze\/allasborze-2024\/kiallitok\/dunakeszi-allatkorhaz-veresvet-allatkorhaz\/","name":"Dunakeszi \u00c1llatk\u00f3rh\u00e1z\/Veresvet \u00c1llatk\u00f3rh\u00e1z - \u00c1ll\u00e1sb\u00f6rze","isPartOf":{"@id":"https:\/\/univet.hu\/allasborze\/#website"},"primaryImageOfPage":{"@id":"https:\/\/univet.hu\/allasborze\/allasborze-2024\/kiallitok\/dunakeszi-allatkorhaz-veresvet-allatkorhaz\/#primaryimage"},"image":{"@id":"https:\/\/univet.hu\/allasborze\/allasborze-2024\/kiallitok\/dunakeszi-allatkorhaz-veresvet-allatkorhaz\/#primaryimage"},"thumbnailUrl":"https:\/\/univet.hu\/allasborze\/wp-content\/uploads\/sites\/2\/2024\/01\/veresvet_logo-320x76.png","datePublished":"2024-01-22T13:22:35+00:00","dateModified":"2025-01-10T12:55:07+00:00","breadcrumb":{"@id":"https:\/\/univet.hu\/allasborze\/allasborze-2024\/kiallitok\/dunakeszi-allatkorhaz-veresvet-allatkorhaz\/#breadcrumb"},"inLanguage":"hu","potentialAction":[{"@type":"ReadAction","target":["https:\/\/univet.hu\/allasborze\/allasborze-2024\/kiallitok\/dunakeszi-allatkorhaz-veresvet-allatkorhaz\/"]}]},{"@type":"ImageObject","inLanguage":"hu","@id":"https:\/\/univet.hu\/allasborze\/allasborze-2024\/kiallitok\/dunakeszi-allatkorhaz-veresvet-allatkorhaz\/#primaryimage","url":"https:\/\/univet.hu\/allasborze\/wp-content\/uploads\/sites\/2\/2024\/01\/veresvet_logo.png","contentUrl":"https:\/\/univet.hu\/allasborze\/wp-content\/uploads\/sites\/2\/2024\/01\/veresvet_logo.png","width":1103,"height":263},{"@type":"BreadcrumbList","@id":"https:\/\/univet.hu\/allasborze\/allasborze-2024\/kiallitok\/dunakeszi-allatkorhaz-veresvet-allatkorhaz\/#breadcrumb","itemListElement":[{"@type":"ListItem","position":1,"name":"Kezd\u0151lap","item":"https:\/\/univet.hu\/allasborze\/"},{"@type":"ListItem","position":2,"name":"\u00c1ll\u00e1sb\u00f6rze 2024","item":"https:\/\/univet.hu\/allasborze\/allasborze-2024\/"},{"@type":"ListItem","position":3,"name":"Ki\u00e1ll\u00edt\u00f3k","item":"https:\/\/univet.hu\/allasborze\/allasborze-2024\/kiallitok\/"},{"@type":"ListItem","position":4,"name":"Dunakeszi \u00c1llatk\u00f3rh\u00e1z\/Veresvet \u00c1llatk\u00f3rh\u00e1z"}]},{"@type":"WebSite","@id":"https:\/\/univet.hu\/allasborze\/#website","url":"https:\/\/univet.hu\/allasborze\/","name":"\u00c1ll\u00e1sb\u00f6rze","description":"","potentialAction":[{"@type":"SearchAction","target":{"@type":"EntryPoint","urlTemplate":"https:\/\/univet.hu\/allasborze\/?s={search_term_string}"},"query-input":{"@type":"PropertyValueSpecification","valueRequired":true,"valueName":"search_term_string"}}],"inLanguage":"hu"}]}},"_links":{"self":[{"href":"https:\/\/univet.hu\/allasborze\/wp-json\/wp\/v2\/pages\/97881","targetHints":{"allow":["GET"]}}],"collection":[{"href":"https:\/\/univet.hu\/allasborze\/wp-json\/wp\/v2\/pages"}],"about":[{"href":"https:\/\/univet.hu\/allasborze\/wp-json\/wp\/v2\/types\/page"}],"author":[{"embeddable":true,"href":"https:\/\/univet.hu\/allasborze\/wp-json\/wp\/v2\/users\/2518"}],"replies":[{"embeddable":true,"href":"https:\/\/univet.hu\/allasborze\/wp-json\/wp\/v2\/comments?post=97881"}],"version-history":[{"count":1,"href":"https:\/\/univet.hu\/allasborze\/wp-json\/wp\/v2\/pages\/97881\/revisions"}],"predecessor-version":[{"id":172706,"href":"https:\/\/univet.hu\/allasborze\/wp-json\/wp\/v2\/pages\/97881\/revisions\/172706"}],"up":[{"embeddable":true,"href":"https:\/\/univet.hu\/allasborze\/wp-json\/wp\/v2\/pages\/96306"}],"wp:attachment":[{"href":"https:\/\/univet.hu\/allasborze\/wp-json\/wp\/v2\/media?parent=97881"}],"wp:term":[{"taxonomy":"category","embeddable":true,"href":"https:\/\/univet.hu\/allasborze\/wp-json\/wp\/v2\/categories?post=97881"},{"taxonomy":"post_tag","embeddable":true,"href":"https:\/\/univet.hu\/allasborze\/wp-json\/wp\/v2\/tags?post=97881"}],"curies":[{"name":"wp","href":"https:\/\/api.w.org\/{rel}","templated":true}]}}