{"id":97894,"date":"2024-01-23T10:27:59","date_gmt":"2024-01-23T09:27:59","guid":{"rendered":"https:\/\/univet.hu\/hu\/allasborze-2024\/kiallitok\/name-2\/"},"modified":"2025-01-10T13:55:06","modified_gmt":"2025-01-10T12:55:06","slug":"borsod-abauj-zemplen-varmegyei-kormanyhivatal","status":"publish","type":"page","link":"https:\/\/univet.hu\/allasborze\/allasborze-2024\/kiallitok\/borsod-abauj-zemplen-varmegyei-kormanyhivatal\/","title":{"rendered":"Borsod-Aba\u00faj-Zempl\u00e9n V\u00e1rmegyei Korm\u00e1nyhivatal"},"content":{"rendered":"<p><a href=\"https:\/\/univet.hu\/allasborze\/wp-content\/uploads\/sites\/2\/2024\/01\/Borsod-Abauj-Zemplen-Varmegyei-Kormanyhivatal_szines-002.png\"><img loading=\"lazy\" decoding=\"async\" class=\"aligncenter size-large wp-image-98042\" src=\"https:\/\/univet.hu\/allasborze\/wp-content\/uploads\/sites\/2\/2024\/01\/Borsod-Abauj-Zemplen-Varmegyei-Kormanyhivatal_szines-002-960x252.png\" alt=\"\" width=\"640\" height=\"168\" \/><\/a><\/p> <p>A Borsod-Aba\u00faj-Zempl\u00e9n V\u00e1rmegyei Korm\u00e1nyhivatal szolg\u00e1latra k\u00e9sz, a k\u00f6rnyezet\u00e9vel partners\u00e9gben egy\u00fctt gondolkod\u00f3, a fiatalok fel\u00e9 fordul\u00f3, \u00e9s az \u00fcgyfelek egy\u00e9ni probl\u00e9m\u00e1ira nyitott szervezet, ahol a folyamatos fejl\u0151d\u00e9s nem csup\u00e1n lehet\u0151s\u00e9g, hanem adotts\u00e1g.<\/p> <figure id=\"attachment_98044\" aria-describedby=\"caption-attachment-98044\" style=\"width: 213px\" class=\"wp-caption alignleft\"><a href=\"https:\/\/univet.hu\/allasborze\/wp-content\/uploads\/sites\/2\/2024\/01\/Alakszai-Zoltan.jpg\"><img loading=\"lazy\" decoding=\"async\" class=\"wp-image-98044 size-medium\" src=\"https:\/\/univet.hu\/allasborze\/wp-content\/uploads\/sites\/2\/2024\/01\/Alakszai-Zoltan-213x320.jpg\" alt=\"\" width=\"213\" height=\"320\" srcset=\"https:\/\/univet.hu\/allasborze\/wp-content\/uploads\/sites\/2\/2024\/01\/Alakszai-Zoltan-213x320.jpg 213w, https:\/\/univet.hu\/allasborze\/wp-content\/uploads\/sites\/2\/2024\/01\/Alakszai-Zoltan-1363x2048.jpg 1363w, https:\/\/univet.hu\/allasborze\/wp-content\/uploads\/sites\/2\/2024\/01\/Alakszai-Zoltan-768x1154.jpg 768w, https:\/\/univet.hu\/allasborze\/wp-content\/uploads\/sites\/2\/2024\/01\/Alakszai-Zoltan-681x1024.jpg 681w, https:\/\/univet.hu\/allasborze\/wp-content\/uploads\/sites\/2\/2024\/01\/Alakszai-Zoltan-1022x1536.jpg 1022w, https:\/\/univet.hu\/allasborze\/wp-content\/uploads\/sites\/2\/2024\/01\/Alakszai-Zoltan-200x300.jpg 200w, https:\/\/univet.hu\/allasborze\/wp-content\/uploads\/sites\/2\/2024\/01\/Alakszai-Zoltan-scaled.jpg 1703w\" sizes=\"auto, (max-width: 213px) 100vw, 213px\" \/><\/a><figcaption id=\"caption-attachment-98044\" class=\"wp-caption-text\">Dr. Alakszai Zolt\u00e1n<\/figcaption><\/figure> <p>A csaknem 2700 f\u0151s \u00e1llom\u00e1nyi l\u00e9tsz\u00e1mmal a v\u00e1rmegye egyik legnagyobb foglalkoztat\u00f3ik\u00e9nt tudjuk, mit jelent a munkahelyi k\u00f6z\u00f6ss\u00e9g, az egys\u00e9gben gondolkod\u00e1s. Erre sz\u00fcks\u00e9g\u00fcnk is van, hiszen \u00e9venk\u00e9nt t\u00f6bb mint 2 milli\u00f3 \u00fcgyf\u00e9l fordul meg szem\u00e9lyesen a j\u00e1r\u00e1si hivatalokban \u00e9s a korm\u00e1nyhivatali f\u0151oszt\u00e1lyokon, akiknek csaknem 2,2 milli\u00f3 \u00fcgy\u00e9t int\u00e9zik munkat\u00e1rsaim. Ennyi eset kapcs\u00e1n voltunk a h\u00edd, amely az \u00e1tkel\u00e9st seg\u00edti, \u00e9s nem a szab\u00e1lyok alkotta \u00fatveszt\u0151.<\/p> <p>A Borsod-Aba\u00faj-Zempl\u00e9n V\u00e1rmegyei Korm\u00e1nyhivatal hitvall\u00e1sa szerint, minden pillanatban arra kell t\u00f6rekedn\u00fcnk, hogy eredm\u00e9nyesebbek, hat\u00e9konyabbak legy\u00fcnk. Ezen gondolat ment\u00e9n felismert\u00fck, hogy a 21. sz\u00e1zadban, a digitaliz\u00e1ci\u00f3 kor\u00e1ban nek\u00fcnk is l\u00e9pn\u00fcnk kell, nyitni az elektronikus \u00fcgyint\u00e9z\u00e9s fel\u00e9. Az \u00dcgyf\u00e9lkapu, az \u00faj, mesters\u00e9ges intelligenci\u00e1val t\u00e1mogatott, \u00e9rint\u0151k\u00e9perny\u0151s \u00f6nkiszolg\u00e1l\u00f3 \u00fcgyint\u00e9z\u00e9si pontok, a mobiliz\u00e1lt korm\u00e1nyablak \u00fcgyf\u00e9lszolg\u00e1latok, vagy k\u00f6zismert nev\u00e9n a korm\u00e1nyablakbuszok megjelen\u00e9sei egyszer\u0171bb\u00e9, \u00e1tl\u00e1that\u00f3bb\u00e1 \u00e9s az \u00fcgyfeleink sz\u00e1m\u00e1ra el\u00e9rhet\u0151bb\u00e9 tett\u00e9k az \u00fcgyint\u00e9z\u00e9st.<\/p> <p>Szakmai feladatell\u00e1t\u00e1suk keret\u00e9ben a korm\u00e1nyhivatalok foglalkoznak t\u00f6bbek k\u00f6z\u00f6tt az \u00e9lelmiszerl\u00e1nc-biztons\u00e1gi \u00e9s \u00e1llateg\u00e9szs\u00e9g\u00fcgyi feladatokkal, \u00edgy p\u00e9ld\u00e1ul az \u00e1llatok azonos\u00edt\u00e1s\u00e1val \u00e9s nyilv\u00e1ntart\u00e1s\u00e1val kapcsolatos ellen\u0151rz\u00e9ssel, az \u00e1llatgy\u00f3gy\u00e1szati k\u00e9sz\u00edtm\u00e9nyek el\u0151\u00e1ll\u00edt\u00e1s\u00e1nak, forgalomba hozatal\u00e1nak, orsz\u00e1gba t\u00f6rt\u00e9n\u0151 behozatal\u00e1nak ellen\u0151rz\u00e9s\u00e9vel, valamint a j\u00e1rv\u00e1ny\u00fcgyi int\u00e9zked\u00e9sek elrendel\u00e9s\u00e9vel kapcsolatos hat\u00f3s\u00e1gi munk\u00e1val.<\/p> <p>Mint a v\u00e1rmegye egyik meghat\u00e1roz\u00f3 munk\u00e1ltat\u00f3ja, \u00e9s egyben a hat\u00f3s\u00e1gi feladatokat is ell\u00e1t\u00f3 k\u00f6zigazgat\u00e1si szerve folyamatos p\u00e1rbesz\u00e9det folytatunk a sz\u0171kebb \u00e9s t\u00e1gabb t\u00e1rsadalmi-gazdas\u00e1gi k\u00f6rnyezet\u00fcnkkel, mert tudjuk, a fiatalok helyben tart\u00e1s\u00e1hoz \u00f6sszefog\u00e1sra \u00e9s p\u00e1rbesz\u00e9dre van sz\u00fcks\u00e9g; csak \u00edgy adhat\u00f3 megfelel\u0151 perspekt\u00edva az \u00faj \u00e9s fiatalabb gener\u00e1ci\u00f3k sz\u00e1m\u00e1ra.<\/p> <p>Amennyiben munk\u00e1t keres, \u00e9s a Borsod-Aba\u00faj-Zempl\u00e9n V\u00e1rmegyei korm\u00e1nyhivatalban v\u00e1llalna munk\u00e1t, ismerkedjen meg a koll\u00e9g\u00e1immal a febru\u00e1r 8-ai \u00e1ll\u00e1sb\u00f6rz\u00e9n. Mi ott lesz\u00fcnk!<\/p> <p style=\"text-align: right\">Dr. Alakszai Zolt\u00e1n<\/p> <p style=\"text-align: right\">f\u0151isp\u00e1n<\/p> <p style=\"text-align: right\">Borsod-Aba\u00faj-Zempl\u00e9n V\u00e1rmegyei Korm\u00e1nyhivatal<\/p> <p>&nbsp;<\/p> <p><strong>Tov\u00e1bbi inform\u00e1ci\u00f3k:<\/strong>\u00a0<a href=\"https:\/\/kormanyhivatalok.hu\/kormanyhivatalok\/borsod-abauj-zemplen\">https:\/\/kormanyhivatalok.hu\/kormanyhivatalok\/borsod-abauj-zemplen<\/a><\/p>","protected":false},"excerpt":{"rendered":"<p>A Borsod-Aba\u00faj-Zempl\u00e9n V\u00e1rmegyei Korm\u00e1nyhivatal szolg\u00e1latra k\u00e9sz, a k\u00f6rnyezet\u00e9vel partners\u00e9gben egy\u00fctt gondolkod\u00f3, a fiatalok fel\u00e9 fordul\u00f3, \u00e9s az \u00fcgyfelek egy\u00e9ni probl\u00e9m\u00e1ira nyitott szervezet, ahol a folyamatos fejl\u0151d\u00e9s nem csup\u00e1n lehet\u0151s\u00e9g, hanem adotts\u00e1g. A csaknem 2700 f\u0151s \u00e1llom\u00e1nyi l\u00e9tsz\u00e1mmal a v\u00e1rmegye egyik legnagyobb foglalkoztat\u00f3ik\u00e9nt tudjuk, mit jelent a munkahelyi k\u00f6z\u00f6ss\u00e9g, az egys\u00e9gben gondolkod\u00e1s. Erre sz\u00fcks\u00e9g\u00fcnk is van,<\/p>\n","protected":false},"author":2518,"featured_media":0,"parent":96306,"menu_order":0,"comment_status":"open","ping_status":"open","template":"","meta":{"_acf_changed":false,"footnotes":""},"categories":[],"tags":[],"class_list":["post-97894","page","type-page","status-publish","hentry"],"acf":[],"yoast_head":"<!-- This site is optimized with the Yoast SEO plugin v27.2 - https:\/\/yoast.com\/product\/yoast-seo-wordpress\/ -->\n<title>Borsod-Aba\u00faj-Zempl\u00e9n V\u00e1rmegyei Korm\u00e1nyhivatal - \u00c1ll\u00e1sb\u00f6rze<\/title>\n<meta name=\"robots\" content=\"index, follow, max-snippet:-1, max-image-preview:large, max-video-preview:-1\" \/>\n<link rel=\"canonical\" href=\"https:\/\/univet.hu\/allasborze\/allasborze-2024\/kiallitok\/borsod-abauj-zemplen-varmegyei-kormanyhivatal\/\" \/>\n<meta property=\"og:locale\" content=\"hu_HU\" \/>\n<meta property=\"og:type\" content=\"article\" \/>\n<meta property=\"og:title\" content=\"Borsod-Aba\u00faj-Zempl\u00e9n V\u00e1rmegyei Korm\u00e1nyhivatal - \u00c1ll\u00e1sb\u00f6rze\" \/>\n<meta property=\"og:description\" content=\"A Borsod-Aba\u00faj-Zempl\u00e9n V\u00e1rmegyei Korm\u00e1nyhivatal szolg\u00e1latra k\u00e9sz, a k\u00f6rnyezet\u00e9vel partners\u00e9gben egy\u00fctt gondolkod\u00f3, a fiatalok fel\u00e9 fordul\u00f3, \u00e9s az \u00fcgyfelek egy\u00e9ni probl\u00e9m\u00e1ira nyitott szervezet, ahol a folyamatos fejl\u0151d\u00e9s nem csup\u00e1n lehet\u0151s\u00e9g, hanem adotts\u00e1g. A csaknem 2700 f\u0151s \u00e1llom\u00e1nyi l\u00e9tsz\u00e1mmal a v\u00e1rmegye egyik legnagyobb foglalkoztat\u00f3ik\u00e9nt tudjuk, mit jelent a munkahelyi k\u00f6z\u00f6ss\u00e9g, az egys\u00e9gben gondolkod\u00e1s. Erre sz\u00fcks\u00e9g\u00fcnk is van,\" \/>\n<meta property=\"og:url\" content=\"https:\/\/univet.hu\/allasborze\/allasborze-2024\/kiallitok\/borsod-abauj-zemplen-varmegyei-kormanyhivatal\/\" \/>\n<meta property=\"og:site_name\" content=\"\u00c1ll\u00e1sb\u00f6rze\" \/>\n<meta property=\"article:modified_time\" content=\"2025-01-10T12:55:06+00:00\" \/>\n<meta property=\"og:image\" content=\"https:\/\/univet.hu\/allasborze\/wp-content\/uploads\/sites\/2\/2024\/01\/Borsod-Abauj-Zemplen-Varmegyei-Kormanyhivatal_szines-002-960x252.png\" \/>\n<meta name=\"twitter:card\" content=\"summary_large_image\" \/>\n<meta name=\"twitter:label1\" content=\"Becs\u00fclt olvas\u00e1si id\u0151\" \/>\n\t<meta name=\"twitter:data1\" content=\"2 perc\" \/>\n<script type=\"application\/ld+json\" class=\"yoast-schema-graph\">{\"@context\":\"https:\/\/schema.org\",\"@graph\":[{\"@type\":\"WebPage\",\"@id\":\"https:\/\/univet.hu\/allasborze\/allasborze-2024\/kiallitok\/borsod-abauj-zemplen-varmegyei-kormanyhivatal\/\",\"url\":\"https:\/\/univet.hu\/allasborze\/allasborze-2024\/kiallitok\/borsod-abauj-zemplen-varmegyei-kormanyhivatal\/\",\"name\":\"Borsod-Aba\u00faj-Zempl\u00e9n V\u00e1rmegyei Korm\u00e1nyhivatal - \u00c1ll\u00e1sb\u00f6rze\",\"isPartOf\":{\"@id\":\"https:\/\/univet.hu\/allasborze\/#website\"},\"primaryImageOfPage\":{\"@id\":\"https:\/\/univet.hu\/allasborze\/allasborze-2024\/kiallitok\/borsod-abauj-zemplen-varmegyei-kormanyhivatal\/#primaryimage\"},\"image\":{\"@id\":\"https:\/\/univet.hu\/allasborze\/allasborze-2024\/kiallitok\/borsod-abauj-zemplen-varmegyei-kormanyhivatal\/#primaryimage\"},\"thumbnailUrl\":\"https:\/\/univet.hu\/allasborze\/wp-content\/uploads\/sites\/2\/2024\/01\/Borsod-Abauj-Zemplen-Varmegyei-Kormanyhivatal_szines-002-960x252.png\",\"datePublished\":\"2024-01-23T09:27:59+00:00\",\"dateModified\":\"2025-01-10T12:55:06+00:00\",\"breadcrumb\":{\"@id\":\"https:\/\/univet.hu\/allasborze\/allasborze-2024\/kiallitok\/borsod-abauj-zemplen-varmegyei-kormanyhivatal\/#breadcrumb\"},\"inLanguage\":\"hu\",\"potentialAction\":[{\"@type\":\"ReadAction\",\"target\":[\"https:\/\/univet.hu\/allasborze\/allasborze-2024\/kiallitok\/borsod-abauj-zemplen-varmegyei-kormanyhivatal\/\"]}]},{\"@type\":\"ImageObject\",\"inLanguage\":\"hu\",\"@id\":\"https:\/\/univet.hu\/allasborze\/allasborze-2024\/kiallitok\/borsod-abauj-zemplen-varmegyei-kormanyhivatal\/#primaryimage\",\"url\":\"https:\/\/univet.hu\/allasborze\/wp-content\/uploads\/sites\/2\/2024\/01\/Borsod-Abauj-Zemplen-Varmegyei-Kormanyhivatal_szines-002.png\",\"contentUrl\":\"https:\/\/univet.hu\/allasborze\/wp-content\/uploads\/sites\/2\/2024\/01\/Borsod-Abauj-Zemplen-Varmegyei-Kormanyhivatal_szines-002.png\",\"width\":2480,\"height\":650},{\"@type\":\"BreadcrumbList\",\"@id\":\"https:\/\/univet.hu\/allasborze\/allasborze-2024\/kiallitok\/borsod-abauj-zemplen-varmegyei-kormanyhivatal\/#breadcrumb\",\"itemListElement\":[{\"@type\":\"ListItem\",\"position\":1,\"name\":\"Kezd\u0151lap\",\"item\":\"https:\/\/univet.hu\/allasborze\/\"},{\"@type\":\"ListItem\",\"position\":2,\"name\":\"\u00c1ll\u00e1sb\u00f6rze 2024\",\"item\":\"https:\/\/univet.hu\/allasborze\/allasborze-2024\/\"},{\"@type\":\"ListItem\",\"position\":3,\"name\":\"Ki\u00e1ll\u00edt\u00f3k\",\"item\":\"https:\/\/univet.hu\/allasborze\/allasborze-2024\/kiallitok\/\"},{\"@type\":\"ListItem\",\"position\":4,\"name\":\"Borsod-Aba\u00faj-Zempl\u00e9n V\u00e1rmegyei Korm\u00e1nyhivatal\"}]},{\"@type\":\"WebSite\",\"@id\":\"https:\/\/univet.hu\/allasborze\/#website\",\"url\":\"https:\/\/univet.hu\/allasborze\/\",\"name\":\"\u00c1ll\u00e1sb\u00f6rze\",\"description\":\"\",\"potentialAction\":[{\"@type\":\"SearchAction\",\"target\":{\"@type\":\"EntryPoint\",\"urlTemplate\":\"https:\/\/univet.hu\/allasborze\/?s={search_term_string}\"},\"query-input\":{\"@type\":\"PropertyValueSpecification\",\"valueRequired\":true,\"valueName\":\"search_term_string\"}}],\"inLanguage\":\"hu\"}]}<\/script>\n<!-- \/ Yoast SEO plugin. -->","yoast_head_json":{"title":"Borsod-Aba\u00faj-Zempl\u00e9n V\u00e1rmegyei Korm\u00e1nyhivatal - \u00c1ll\u00e1sb\u00f6rze","robots":{"index":"index","follow":"follow","max-snippet":"max-snippet:-1","max-image-preview":"max-image-preview:large","max-video-preview":"max-video-preview:-1"},"canonical":"https:\/\/univet.hu\/allasborze\/allasborze-2024\/kiallitok\/borsod-abauj-zemplen-varmegyei-kormanyhivatal\/","og_locale":"hu_HU","og_type":"article","og_title":"Borsod-Aba\u00faj-Zempl\u00e9n V\u00e1rmegyei Korm\u00e1nyhivatal - \u00c1ll\u00e1sb\u00f6rze","og_description":"A Borsod-Aba\u00faj-Zempl\u00e9n V\u00e1rmegyei Korm\u00e1nyhivatal szolg\u00e1latra k\u00e9sz, a k\u00f6rnyezet\u00e9vel partners\u00e9gben egy\u00fctt gondolkod\u00f3, a fiatalok fel\u00e9 fordul\u00f3, \u00e9s az \u00fcgyfelek egy\u00e9ni probl\u00e9m\u00e1ira nyitott szervezet, ahol a folyamatos fejl\u0151d\u00e9s nem csup\u00e1n lehet\u0151s\u00e9g, hanem adotts\u00e1g. A csaknem 2700 f\u0151s \u00e1llom\u00e1nyi l\u00e9tsz\u00e1mmal a v\u00e1rmegye egyik legnagyobb foglalkoztat\u00f3ik\u00e9nt tudjuk, mit jelent a munkahelyi k\u00f6z\u00f6ss\u00e9g, az egys\u00e9gben gondolkod\u00e1s. Erre sz\u00fcks\u00e9g\u00fcnk is van,","og_url":"https:\/\/univet.hu\/allasborze\/allasborze-2024\/kiallitok\/borsod-abauj-zemplen-varmegyei-kormanyhivatal\/","og_site_name":"\u00c1ll\u00e1sb\u00f6rze","article_modified_time":"2025-01-10T12:55:06+00:00","og_image":[{"url":"https:\/\/univet.hu\/allasborze\/wp-content\/uploads\/sites\/2\/2024\/01\/Borsod-Abauj-Zemplen-Varmegyei-Kormanyhivatal_szines-002-960x252.png","type":"","width":"","height":""}],"twitter_card":"summary_large_image","twitter_misc":{"Becs\u00fclt olvas\u00e1si id\u0151":"2 perc"},"schema":{"@context":"https:\/\/schema.org","@graph":[{"@type":"WebPage","@id":"https:\/\/univet.hu\/allasborze\/allasborze-2024\/kiallitok\/borsod-abauj-zemplen-varmegyei-kormanyhivatal\/","url":"https:\/\/univet.hu\/allasborze\/allasborze-2024\/kiallitok\/borsod-abauj-zemplen-varmegyei-kormanyhivatal\/","name":"Borsod-Aba\u00faj-Zempl\u00e9n V\u00e1rmegyei Korm\u00e1nyhivatal - \u00c1ll\u00e1sb\u00f6rze","isPartOf":{"@id":"https:\/\/univet.hu\/allasborze\/#website"},"primaryImageOfPage":{"@id":"https:\/\/univet.hu\/allasborze\/allasborze-2024\/kiallitok\/borsod-abauj-zemplen-varmegyei-kormanyhivatal\/#primaryimage"},"image":{"@id":"https:\/\/univet.hu\/allasborze\/allasborze-2024\/kiallitok\/borsod-abauj-zemplen-varmegyei-kormanyhivatal\/#primaryimage"},"thumbnailUrl":"https:\/\/univet.hu\/allasborze\/wp-content\/uploads\/sites\/2\/2024\/01\/Borsod-Abauj-Zemplen-Varmegyei-Kormanyhivatal_szines-002-960x252.png","datePublished":"2024-01-23T09:27:59+00:00","dateModified":"2025-01-10T12:55:06+00:00","breadcrumb":{"@id":"https:\/\/univet.hu\/allasborze\/allasborze-2024\/kiallitok\/borsod-abauj-zemplen-varmegyei-kormanyhivatal\/#breadcrumb"},"inLanguage":"hu","potentialAction":[{"@type":"ReadAction","target":["https:\/\/univet.hu\/allasborze\/allasborze-2024\/kiallitok\/borsod-abauj-zemplen-varmegyei-kormanyhivatal\/"]}]},{"@type":"ImageObject","inLanguage":"hu","@id":"https:\/\/univet.hu\/allasborze\/allasborze-2024\/kiallitok\/borsod-abauj-zemplen-varmegyei-kormanyhivatal\/#primaryimage","url":"https:\/\/univet.hu\/allasborze\/wp-content\/uploads\/sites\/2\/2024\/01\/Borsod-Abauj-Zemplen-Varmegyei-Kormanyhivatal_szines-002.png","contentUrl":"https:\/\/univet.hu\/allasborze\/wp-content\/uploads\/sites\/2\/2024\/01\/Borsod-Abauj-Zemplen-Varmegyei-Kormanyhivatal_szines-002.png","width":2480,"height":650},{"@type":"BreadcrumbList","@id":"https:\/\/univet.hu\/allasborze\/allasborze-2024\/kiallitok\/borsod-abauj-zemplen-varmegyei-kormanyhivatal\/#breadcrumb","itemListElement":[{"@type":"ListItem","position":1,"name":"Kezd\u0151lap","item":"https:\/\/univet.hu\/allasborze\/"},{"@type":"ListItem","position":2,"name":"\u00c1ll\u00e1sb\u00f6rze 2024","item":"https:\/\/univet.hu\/allasborze\/allasborze-2024\/"},{"@type":"ListItem","position":3,"name":"Ki\u00e1ll\u00edt\u00f3k","item":"https:\/\/univet.hu\/allasborze\/allasborze-2024\/kiallitok\/"},{"@type":"ListItem","position":4,"name":"Borsod-Aba\u00faj-Zempl\u00e9n V\u00e1rmegyei Korm\u00e1nyhivatal"}]},{"@type":"WebSite","@id":"https:\/\/univet.hu\/allasborze\/#website","url":"https:\/\/univet.hu\/allasborze\/","name":"\u00c1ll\u00e1sb\u00f6rze","description":"","potentialAction":[{"@type":"SearchAction","target":{"@type":"EntryPoint","urlTemplate":"https:\/\/univet.hu\/allasborze\/?s={search_term_string}"},"query-input":{"@type":"PropertyValueSpecification","valueRequired":true,"valueName":"search_term_string"}}],"inLanguage":"hu"}]}},"_links":{"self":[{"href":"https:\/\/univet.hu\/allasborze\/wp-json\/wp\/v2\/pages\/97894","targetHints":{"allow":["GET"]}}],"collection":[{"href":"https:\/\/univet.hu\/allasborze\/wp-json\/wp\/v2\/pages"}],"about":[{"href":"https:\/\/univet.hu\/allasborze\/wp-json\/wp\/v2\/types\/page"}],"author":[{"embeddable":true,"href":"https:\/\/univet.hu\/allasborze\/wp-json\/wp\/v2\/users\/2518"}],"replies":[{"embeddable":true,"href":"https:\/\/univet.hu\/allasborze\/wp-json\/wp\/v2\/comments?post=97894"}],"version-history":[{"count":1,"href":"https:\/\/univet.hu\/allasborze\/wp-json\/wp\/v2\/pages\/97894\/revisions"}],"predecessor-version":[{"id":172704,"href":"https:\/\/univet.hu\/allasborze\/wp-json\/wp\/v2\/pages\/97894\/revisions\/172704"}],"up":[{"embeddable":true,"href":"https:\/\/univet.hu\/allasborze\/wp-json\/wp\/v2\/pages\/96306"}],"wp:attachment":[{"href":"https:\/\/univet.hu\/allasborze\/wp-json\/wp\/v2\/media?parent=97894"}],"wp:term":[{"taxonomy":"category","embeddable":true,"href":"https:\/\/univet.hu\/allasborze\/wp-json\/wp\/v2\/categories?post=97894"},{"taxonomy":"post_tag","embeddable":true,"href":"https:\/\/univet.hu\/allasborze\/wp-json\/wp\/v2\/tags?post=97894"}],"curies":[{"name":"wp","href":"https:\/\/api.w.org\/{rel}","templated":true}]}}