{"id":98032,"date":"2024-01-25T11:32:53","date_gmt":"2024-01-25T10:32:53","guid":{"rendered":"https:\/\/univet.hu\/hu\/allasborze-2024\/kiallitok\/name-2\/"},"modified":"2025-01-10T13:55:08","modified_gmt":"2025-01-10T12:55:08","slug":"tolnagro","status":"publish","type":"page","link":"https:\/\/univet.hu\/allasborze\/allasborze-2024\/kiallitok\/tolnagro\/","title":{"rendered":"Tolnagro"},"content":{"rendered":"<p><a href=\"https:\/\/univet.hu\/wp-content\/uploads\/2021\/12\/tolnagro.png\"><img loading=\"lazy\" decoding=\"async\" class=\"aligncenter size-full wp-image-70155\" src=\"https:\/\/univet.hu\/wp-content\/uploads\/2021\/12\/tolnagro.png\" alt=\"\" width=\"461\" height=\"161\" \/><\/a><\/p> <p><span data-contrast=\"auto\">A Tolnagro Kft. m\u00e1r k\u00f6zel 30 \u00e9ve foglalkozik k\u00fcl\u00f6nb\u00f6z\u0151 \u00e1llatgy\u00f3gy\u00e1szati k\u00e9sz\u00edtm\u00e9nyek, \u00e1llatgy\u00f3gyszerek forgalmaz\u00e1s\u00e1val. A t\u00f6bb mint negyed \u00e9vsz\u00e1zad sor\u00e1n c\u00e9gcsoportt\u00e1 alakult v\u00e1llalatunk term\u00e9kportf\u00f3li\u00f3ja \u00e9vr\u0151l \u00e9vre n\u00f6vekedett, \u00edgy akt\u00edv term\u00e9keink sz\u00e1ma m\u00e1ra meghaladja a 13.000-et. Szortiment\u00fcnk n\u00f6veked\u00e9se megk\u00f6vetelte rakt\u00e1ri kapacit\u00e1sunk folyamatosan b\u0151v\u00fcl\u00e9s\u00e9t is, amely most m\u00e1r 19.500 m2.\u00a0<\/span><span data-ccp-props=\"{&quot;201341983&quot;:0,&quot;335559739&quot;:0,&quot;335559740&quot;:240}\">\u00a0<\/span><\/p> <p><span data-contrast=\"auto\">C\u00e9g\u00fcnk hitvall\u00e1sa, hogy mi els\u0151 sorban szakemberek vagyunk, \u00e9s m\u00e1sodsorban keresked\u0151k, ez\u00e9rt is tartjuk kiemelten fontosnak, hogy rendszeresen szervezz\u00fcnk Partnereinknek, illetve \u00e1llatorvos Koll\u00e9g\u00e1inknak szakmai rendezv\u00e9nyeket, tov\u00e1bbk\u00e9pz\u00e9seket. 2022 \u00f3ta pedig az online t\u00e9rben is jelen vagyunk, rendszeresen gy\u00e1rtunk tartalmat k\u00fcl\u00f6nb\u00f6z\u0151 edukat\u00edv t\u00e9mak\u00f6r\u00f6kben YouTube-ra \u00e9s TikTokra is!\u00a0<\/span><span data-ccp-props=\"{&quot;201341983&quot;:0,&quot;335559739&quot;:0,&quot;335559740&quot;:240}\">\u00a0<\/span><\/p> <p><strong>Tolnagro Kft.\u00a0<\/strong><\/p> <p><span data-contrast=\"auto\">7100 Szeksz\u00e1rd, R\u00e1k\u00f3czi u. 142-146.<\/span><span data-ccp-props=\"{&quot;201341983&quot;:0,&quot;335559738&quot;:30,&quot;335559739&quot;:30,&quot;335559740&quot;:240}\">\u00a0<\/span><\/p> <p><strong>Tov\u00e1bbi inform\u00e1ci\u00f3k:<\/strong> <a href=\"http:\/\/www.tolnagro.hu\/\"><span data-contrast=\"none\">www.tolnagro.hu<\/span><\/a><span data-ccp-props=\"{&quot;201341983&quot;:0,&quot;335559738&quot;:30,&quot;335559739&quot;:30,&quot;335559740&quot;:240}\">\u00a0<\/span><\/p>","protected":false},"excerpt":{"rendered":"<p>A Tolnagro Kft. m\u00e1r k\u00f6zel 30 \u00e9ve foglalkozik k\u00fcl\u00f6nb\u00f6z\u0151 \u00e1llatgy\u00f3gy\u00e1szati k\u00e9sz\u00edtm\u00e9nyek, \u00e1llatgy\u00f3gyszerek forgalmaz\u00e1s\u00e1val. A t\u00f6bb mint negyed \u00e9vsz\u00e1zad sor\u00e1n c\u00e9gcsoportt\u00e1 alakult v\u00e1llalatunk term\u00e9kportf\u00f3li\u00f3ja \u00e9vr\u0151l \u00e9vre n\u00f6vekedett, \u00edgy akt\u00edv term\u00e9keink sz\u00e1ma m\u00e1ra meghaladja a 13.000-et. Szortiment\u00fcnk n\u00f6veked\u00e9se megk\u00f6vetelte rakt\u00e1ri kapacit\u00e1sunk folyamatosan b\u0151v\u00fcl\u00e9s\u00e9t is, amely most m\u00e1r 19.500 m2.\u00a0\u00a0 C\u00e9g\u00fcnk hitvall\u00e1sa, hogy mi els\u0151 sorban szakemberek vagyunk,<\/p>\n","protected":false},"author":2518,"featured_media":0,"parent":96306,"menu_order":0,"comment_status":"open","ping_status":"open","template":"","meta":{"_acf_changed":false,"footnotes":""},"categories":[],"tags":[],"class_list":["post-98032","page","type-page","status-publish","hentry"],"acf":[],"yoast_head":"<!-- This site is optimized with the Yoast SEO plugin v27.2 - https:\/\/yoast.com\/product\/yoast-seo-wordpress\/ -->\n<title>Tolnagro - \u00c1ll\u00e1sb\u00f6rze<\/title>\n<meta name=\"robots\" content=\"index, follow, max-snippet:-1, max-image-preview:large, max-video-preview:-1\" \/>\n<link rel=\"canonical\" href=\"https:\/\/univet.hu\/allasborze\/allasborze-2024\/kiallitok\/tolnagro\/\" \/>\n<meta property=\"og:locale\" content=\"hu_HU\" \/>\n<meta property=\"og:type\" content=\"article\" \/>\n<meta property=\"og:title\" content=\"Tolnagro - \u00c1ll\u00e1sb\u00f6rze\" \/>\n<meta property=\"og:description\" content=\"A Tolnagro Kft. m\u00e1r k\u00f6zel 30 \u00e9ve foglalkozik k\u00fcl\u00f6nb\u00f6z\u0151 \u00e1llatgy\u00f3gy\u00e1szati k\u00e9sz\u00edtm\u00e9nyek, \u00e1llatgy\u00f3gyszerek forgalmaz\u00e1s\u00e1val. A t\u00f6bb mint negyed \u00e9vsz\u00e1zad sor\u00e1n c\u00e9gcsoportt\u00e1 alakult v\u00e1llalatunk term\u00e9kportf\u00f3li\u00f3ja \u00e9vr\u0151l \u00e9vre n\u00f6vekedett, \u00edgy akt\u00edv term\u00e9keink sz\u00e1ma m\u00e1ra meghaladja a 13.000-et. Szortiment\u00fcnk n\u00f6veked\u00e9se megk\u00f6vetelte rakt\u00e1ri kapacit\u00e1sunk folyamatosan b\u0151v\u00fcl\u00e9s\u00e9t is, amely most m\u00e1r 19.500 m2.\u00a0\u00a0 C\u00e9g\u00fcnk hitvall\u00e1sa, hogy mi els\u0151 sorban szakemberek vagyunk,\" \/>\n<meta property=\"og:url\" content=\"https:\/\/univet.hu\/allasborze\/allasborze-2024\/kiallitok\/tolnagro\/\" \/>\n<meta property=\"og:site_name\" content=\"\u00c1ll\u00e1sb\u00f6rze\" \/>\n<meta property=\"article:modified_time\" content=\"2025-01-10T12:55:08+00:00\" \/>\n<meta property=\"og:image\" content=\"https:\/\/univet.hu\/wp-content\/uploads\/2021\/12\/tolnagro.png\" \/>\n<meta name=\"twitter:card\" content=\"summary_large_image\" \/>\n<meta name=\"twitter:label1\" content=\"Becs\u00fclt olvas\u00e1si id\u0151\" \/>\n\t<meta name=\"twitter:data1\" content=\"1 perc\" \/>\n<script type=\"application\/ld+json\" class=\"yoast-schema-graph\">{\"@context\":\"https:\/\/schema.org\",\"@graph\":[{\"@type\":\"WebPage\",\"@id\":\"https:\/\/univet.hu\/allasborze\/allasborze-2024\/kiallitok\/tolnagro\/\",\"url\":\"https:\/\/univet.hu\/allasborze\/allasborze-2024\/kiallitok\/tolnagro\/\",\"name\":\"Tolnagro - \u00c1ll\u00e1sb\u00f6rze\",\"isPartOf\":{\"@id\":\"https:\/\/univet.hu\/allasborze\/#website\"},\"primaryImageOfPage\":{\"@id\":\"https:\/\/univet.hu\/allasborze\/allasborze-2024\/kiallitok\/tolnagro\/#primaryimage\"},\"image\":{\"@id\":\"https:\/\/univet.hu\/allasborze\/allasborze-2024\/kiallitok\/tolnagro\/#primaryimage\"},\"thumbnailUrl\":\"https:\/\/univet.hu\/wp-content\/uploads\/2021\/12\/tolnagro.png\",\"datePublished\":\"2024-01-25T10:32:53+00:00\",\"dateModified\":\"2025-01-10T12:55:08+00:00\",\"breadcrumb\":{\"@id\":\"https:\/\/univet.hu\/allasborze\/allasborze-2024\/kiallitok\/tolnagro\/#breadcrumb\"},\"inLanguage\":\"hu\",\"potentialAction\":[{\"@type\":\"ReadAction\",\"target\":[\"https:\/\/univet.hu\/allasborze\/allasborze-2024\/kiallitok\/tolnagro\/\"]}]},{\"@type\":\"ImageObject\",\"inLanguage\":\"hu\",\"@id\":\"https:\/\/univet.hu\/allasborze\/allasborze-2024\/kiallitok\/tolnagro\/#primaryimage\",\"url\":\"https:\/\/univet.hu\/wp-content\/uploads\/2021\/12\/tolnagro.png\",\"contentUrl\":\"https:\/\/univet.hu\/wp-content\/uploads\/2021\/12\/tolnagro.png\"},{\"@type\":\"BreadcrumbList\",\"@id\":\"https:\/\/univet.hu\/allasborze\/allasborze-2024\/kiallitok\/tolnagro\/#breadcrumb\",\"itemListElement\":[{\"@type\":\"ListItem\",\"position\":1,\"name\":\"Kezd\u0151lap\",\"item\":\"https:\/\/univet.hu\/allasborze\/\"},{\"@type\":\"ListItem\",\"position\":2,\"name\":\"\u00c1ll\u00e1sb\u00f6rze 2024\",\"item\":\"https:\/\/univet.hu\/allasborze\/allasborze-2024\/\"},{\"@type\":\"ListItem\",\"position\":3,\"name\":\"Ki\u00e1ll\u00edt\u00f3k\",\"item\":\"https:\/\/univet.hu\/allasborze\/allasborze-2024\/kiallitok\/\"},{\"@type\":\"ListItem\",\"position\":4,\"name\":\"Tolnagro\"}]},{\"@type\":\"WebSite\",\"@id\":\"https:\/\/univet.hu\/allasborze\/#website\",\"url\":\"https:\/\/univet.hu\/allasborze\/\",\"name\":\"\u00c1ll\u00e1sb\u00f6rze\",\"description\":\"\",\"potentialAction\":[{\"@type\":\"SearchAction\",\"target\":{\"@type\":\"EntryPoint\",\"urlTemplate\":\"https:\/\/univet.hu\/allasborze\/?s={search_term_string}\"},\"query-input\":{\"@type\":\"PropertyValueSpecification\",\"valueRequired\":true,\"valueName\":\"search_term_string\"}}],\"inLanguage\":\"hu\"}]}<\/script>\n<!-- \/ Yoast SEO plugin. -->","yoast_head_json":{"title":"Tolnagro - \u00c1ll\u00e1sb\u00f6rze","robots":{"index":"index","follow":"follow","max-snippet":"max-snippet:-1","max-image-preview":"max-image-preview:large","max-video-preview":"max-video-preview:-1"},"canonical":"https:\/\/univet.hu\/allasborze\/allasborze-2024\/kiallitok\/tolnagro\/","og_locale":"hu_HU","og_type":"article","og_title":"Tolnagro - \u00c1ll\u00e1sb\u00f6rze","og_description":"A Tolnagro Kft. m\u00e1r k\u00f6zel 30 \u00e9ve foglalkozik k\u00fcl\u00f6nb\u00f6z\u0151 \u00e1llatgy\u00f3gy\u00e1szati k\u00e9sz\u00edtm\u00e9nyek, \u00e1llatgy\u00f3gyszerek forgalmaz\u00e1s\u00e1val. A t\u00f6bb mint negyed \u00e9vsz\u00e1zad sor\u00e1n c\u00e9gcsoportt\u00e1 alakult v\u00e1llalatunk term\u00e9kportf\u00f3li\u00f3ja \u00e9vr\u0151l \u00e9vre n\u00f6vekedett, \u00edgy akt\u00edv term\u00e9keink sz\u00e1ma m\u00e1ra meghaladja a 13.000-et. Szortiment\u00fcnk n\u00f6veked\u00e9se megk\u00f6vetelte rakt\u00e1ri kapacit\u00e1sunk folyamatosan b\u0151v\u00fcl\u00e9s\u00e9t is, amely most m\u00e1r 19.500 m2.\u00a0\u00a0 C\u00e9g\u00fcnk hitvall\u00e1sa, hogy mi els\u0151 sorban szakemberek vagyunk,","og_url":"https:\/\/univet.hu\/allasborze\/allasborze-2024\/kiallitok\/tolnagro\/","og_site_name":"\u00c1ll\u00e1sb\u00f6rze","article_modified_time":"2025-01-10T12:55:08+00:00","og_image":[{"url":"https:\/\/univet.hu\/wp-content\/uploads\/2021\/12\/tolnagro.png","type":"","width":"","height":""}],"twitter_card":"summary_large_image","twitter_misc":{"Becs\u00fclt olvas\u00e1si id\u0151":"1 perc"},"schema":{"@context":"https:\/\/schema.org","@graph":[{"@type":"WebPage","@id":"https:\/\/univet.hu\/allasborze\/allasborze-2024\/kiallitok\/tolnagro\/","url":"https:\/\/univet.hu\/allasborze\/allasborze-2024\/kiallitok\/tolnagro\/","name":"Tolnagro - \u00c1ll\u00e1sb\u00f6rze","isPartOf":{"@id":"https:\/\/univet.hu\/allasborze\/#website"},"primaryImageOfPage":{"@id":"https:\/\/univet.hu\/allasborze\/allasborze-2024\/kiallitok\/tolnagro\/#primaryimage"},"image":{"@id":"https:\/\/univet.hu\/allasborze\/allasborze-2024\/kiallitok\/tolnagro\/#primaryimage"},"thumbnailUrl":"https:\/\/univet.hu\/wp-content\/uploads\/2021\/12\/tolnagro.png","datePublished":"2024-01-25T10:32:53+00:00","dateModified":"2025-01-10T12:55:08+00:00","breadcrumb":{"@id":"https:\/\/univet.hu\/allasborze\/allasborze-2024\/kiallitok\/tolnagro\/#breadcrumb"},"inLanguage":"hu","potentialAction":[{"@type":"ReadAction","target":["https:\/\/univet.hu\/allasborze\/allasborze-2024\/kiallitok\/tolnagro\/"]}]},{"@type":"ImageObject","inLanguage":"hu","@id":"https:\/\/univet.hu\/allasborze\/allasborze-2024\/kiallitok\/tolnagro\/#primaryimage","url":"https:\/\/univet.hu\/wp-content\/uploads\/2021\/12\/tolnagro.png","contentUrl":"https:\/\/univet.hu\/wp-content\/uploads\/2021\/12\/tolnagro.png"},{"@type":"BreadcrumbList","@id":"https:\/\/univet.hu\/allasborze\/allasborze-2024\/kiallitok\/tolnagro\/#breadcrumb","itemListElement":[{"@type":"ListItem","position":1,"name":"Kezd\u0151lap","item":"https:\/\/univet.hu\/allasborze\/"},{"@type":"ListItem","position":2,"name":"\u00c1ll\u00e1sb\u00f6rze 2024","item":"https:\/\/univet.hu\/allasborze\/allasborze-2024\/"},{"@type":"ListItem","position":3,"name":"Ki\u00e1ll\u00edt\u00f3k","item":"https:\/\/univet.hu\/allasborze\/allasborze-2024\/kiallitok\/"},{"@type":"ListItem","position":4,"name":"Tolnagro"}]},{"@type":"WebSite","@id":"https:\/\/univet.hu\/allasborze\/#website","url":"https:\/\/univet.hu\/allasborze\/","name":"\u00c1ll\u00e1sb\u00f6rze","description":"","potentialAction":[{"@type":"SearchAction","target":{"@type":"EntryPoint","urlTemplate":"https:\/\/univet.hu\/allasborze\/?s={search_term_string}"},"query-input":{"@type":"PropertyValueSpecification","valueRequired":true,"valueName":"search_term_string"}}],"inLanguage":"hu"}]}},"_links":{"self":[{"href":"https:\/\/univet.hu\/allasborze\/wp-json\/wp\/v2\/pages\/98032","targetHints":{"allow":["GET"]}}],"collection":[{"href":"https:\/\/univet.hu\/allasborze\/wp-json\/wp\/v2\/pages"}],"about":[{"href":"https:\/\/univet.hu\/allasborze\/wp-json\/wp\/v2\/types\/page"}],"author":[{"embeddable":true,"href":"https:\/\/univet.hu\/allasborze\/wp-json\/wp\/v2\/users\/2518"}],"replies":[{"embeddable":true,"href":"https:\/\/univet.hu\/allasborze\/wp-json\/wp\/v2\/comments?post=98032"}],"version-history":[{"count":1,"href":"https:\/\/univet.hu\/allasborze\/wp-json\/wp\/v2\/pages\/98032\/revisions"}],"predecessor-version":[{"id":172721,"href":"https:\/\/univet.hu\/allasborze\/wp-json\/wp\/v2\/pages\/98032\/revisions\/172721"}],"up":[{"embeddable":true,"href":"https:\/\/univet.hu\/allasborze\/wp-json\/wp\/v2\/pages\/96306"}],"wp:attachment":[{"href":"https:\/\/univet.hu\/allasborze\/wp-json\/wp\/v2\/media?parent=98032"}],"wp:term":[{"taxonomy":"category","embeddable":true,"href":"https:\/\/univet.hu\/allasborze\/wp-json\/wp\/v2\/categories?post=98032"},{"taxonomy":"post_tag","embeddable":true,"href":"https:\/\/univet.hu\/allasborze\/wp-json\/wp\/v2\/tags?post=98032"}],"curies":[{"name":"wp","href":"https:\/\/api.w.org\/{rel}","templated":true}]}}