{"id":3303,"date":"2016-02-23T05:34:00","date_gmt":"2016-02-23T04:34:00","guid":{"rendered":"http:\/\/univet.hu\/universitaet\/organisationseinheiten\/lehrstuhl-fur-anatomie-und-histologie\/"},"modified":"2025-01-13T21:05:30","modified_gmt":"2025-01-13T20:05:30","slug":"lehrstuhl-fur-anatomie-und-histologie","status":"publish","type":"page","link":"https:\/\/univet.hu\/anatomia\/de\/","title":{"rendered":"Lehrstuhl f\u00fcr Anatomie und Histologie"},"content":{"rendered":"<h2>Geschichte<\/h2> <div> <p>Der Unterricht in Anatomie ist so alt wie unsere Einrichtung. Der Begr\u00fcnder des Lehrstuhls S\u00e1ndor TOLNAY und seine unmittelbaren Nachfolger unterrichteten die Anatomie nicht als selbst\u00e4ndiges Fach, sondern integrierten die anatomischen Grundkenntnisse in ihre Vortr\u00e4ge und informierten ihre Zuh\u00f6rer auf diese Weise. Professor J\u00f3zsef HOFFNER hielt schon separate Stunden in Anatomie. Eine echte Wende erfolgte 1851, als der erste selbst\u00e4ndige Lehrstuhl an unserer Schule, der Lehrstuhl f\u00fcr Anatomie unter der Leitung von Alajos SZAB\u00d3 eingerichtet wurde. Szab\u00f3 verband in seinen Vortr\u00e4gen die Elemente der darstellenden Anatomie und einfachere histologische Kenntnisse mit der Physiologie.<\/p> <p>Ein wirklicher Durchbruch gelang seinem Nachfolger B\u00e9la N\u00c1DASKAY im Unterricht der Anatomie. N\u00e1daskay legte in seinen Vorlesungen das Gewicht auf die Demonstration, durch seine k\u00fcnstlerische Begabung und Geschicklichkeit bei der Pr\u00e4paration vergr\u00f6\u00dferte er nicht nur die Zahl der Pr\u00e4parate des anatomischen Museums, sondern erleichterte durch seine in den Vorlesungen gezeigten Pr\u00e4parate und Wandbilder auch die Aneignung des Lehrstoffs. 1909 \u00fcbernahm \u00c1goston ZIMMERMANN die Leitung des Lehrstuhls, der ein Vertreter der vergleichenden und funktionalen Anatomie war. In seinen wissenschaftlichen Arbeiten und Vorlesungen hob er immer die komparativen Elemente hervor. Zimmermann folgte Gyula KOV\u00c1CS an der Spitze des Lehrstuhls. Sein Interessengebiet war die R\u00f6ntgenanatomie, er legte die Grundlagen dieses Fachgebiets durch seine T\u00e4tigkeit. Von seinen Nachfolgern besch\u00e4ftigte sich Gy\u00f6rgy FEH\u00c9R (1967-1987) mit der Anatomie und Entwicklungslehre der Hausv\u00f6gel und Ferenc HAJ\u00d3S (1987-2001) mit der Neuroanatomie und Neurohistologie. 2001 \u00fcbernahm P\u00e9ter S\u00d3TONYI die Leitung des Lehrstuhls. Er legte neue Grundlagen f\u00fcr den Unterricht der veterin\u00e4rmedizinischen Anatomie durch die Erstellung von auch international anerkannten Unterrichtsprogrammen, CDs und Videos<\/p> <p>Zwischen 1872 und 1948 versah der Lehrstuhl f\u00fcr Physiologie die Aufgabe des Unterrichts in Histologie. Nach 1948 gab es einen h\u00e4ufigen Wechsel der Dozenten (Gyula KOV\u00c1CS, G\u00e9za ZAL\u00c1N, J\u00e1nos GUOTH), ganz bis 1957, als Ern\u0151 GUZSAL mit dem Unterricht der Histologie betraut wurde. In seiner Person ehren wir den international anerkannten Forscher der Nierenhistologie und Vogelhistologie. Nach seinem Tod \u00fcbernahm Ern\u0151 TURY den Unterricht des Fachs, ihm folgte 1974 Istv\u00e1n K\u00d3TAI.<\/p> <p>Die Zahlen der Unterrichtsstunden am Lehrstuhl sind die h\u00f6chsten an unserer Fakult\u00e4t. Unsere Lehrer und Forscher wirken in der ungarisch-, deutsch- und englischsprachigen Ausbildung von Tier\u00e4rzten mit, des Weiteren in der BSC- und MSC-Ausbildung der Biologen. Die Vielfalt der am Lehrstuhl unterrichteten Lehrf\u00e4cher (Anatomie, topographische Anatomie, Histologie, Biologie) wird noch um 12 fakultative, vom Institut angebotene F\u00e4cher bereichert. Die angebotenen fakultativen F\u00e4cher umfassen folgende Themenkreise: deskriptive Anatomie, klinische Anatomie, vergleichende Anatomie, Entwicklungslehre, Histologie, Histotechnik und Geschichte der Veterin\u00e4rmedizin.<\/p> <p>Die wissenschaftliche T\u00e4tigkeit der Mitarbeiter des Lehrstuhls baut auf den Themenkreisen Neuroanatomie und Neurohistologie auf. Die Forschungen zielen in erster Linie auf die immunhistochemische Erfassung der einzelnen Bereiche des zentralen Nervensystems ab. Auch diejenigen Forschungen sind von gro\u00dfer Bedeutung, welche die anatomischen Aspekte der modernen medizinischen Bilddarstellungs-Verfahren (CT, MR) untersuchen. In den letzten Jahren wurden auch mehrere Publikationen \u00fcber die Geschichte der Veterin\u00e4rmedizin in unserem Institut geschrieben. Von der weitverzweigten wissenschaftlichen Arbeit zeugen auch die zahlreichen Diplomarbeiten und die Arbeit der Studentenkreise am Lehrstuhl.<\/p> <\/div>","protected":false},"excerpt":{"rendered":"<p>Geschichte Der Unterricht in Anatomie ist so alt wie unsere Einrichtung. Der Begr\u00fcnder des Lehrstuhls S\u00e1ndor TOLNAY und seine unmittelbaren Nachfolger unterrichteten die Anatomie nicht als selbst\u00e4ndiges Fach, sondern integrierten die anatomischen Grundkenntnisse in ihre Vortr\u00e4ge und informierten ihre Zuh\u00f6rer auf diese Weise. Professor J\u00f3zsef HOFFNER hielt schon separate Stunden in Anatomie. Eine echte Wende<\/p>\n","protected":false},"author":3837,"featured_media":0,"parent":0,"menu_order":135,"comment_status":"closed","ping_status":"closed","template":"","meta":{"_acf_changed":false,"footnotes":""},"categories":[25],"tags":[],"class_list":["post-3303","page","type-page","status-publish","hentry","category-abteilungen"],"acf":[],"yoast_head":"<!-- This site is optimized with the Yoast SEO plugin v27.2 - https:\/\/yoast.com\/product\/yoast-seo-wordpress\/ -->\n<title>Lehrstuhl f\u00fcr Anatomie und Histologie - Lehrstuhl f\u00fcr Anatomie und Histologie<\/title>\n<meta name=\"robots\" content=\"index, follow, max-snippet:-1, max-image-preview:large, max-video-preview:-1\" \/>\n<link rel=\"canonical\" href=\"https:\/\/univet.hu\/anatomia\/\" \/>\n<meta property=\"og:locale\" content=\"de_DE\" \/>\n<meta property=\"og:type\" content=\"article\" \/>\n<meta property=\"og:title\" content=\"Lehrstuhl f\u00fcr Anatomie und Histologie - Lehrstuhl f\u00fcr Anatomie und Histologie\" \/>\n<meta property=\"og:description\" content=\"Geschichte Der Unterricht in Anatomie ist so alt wie unsere Einrichtung. Der Begr\u00fcnder des Lehrstuhls S\u00e1ndor TOLNAY und seine unmittelbaren Nachfolger unterrichteten die Anatomie nicht als selbst\u00e4ndiges Fach, sondern integrierten die anatomischen Grundkenntnisse in ihre Vortr\u00e4ge und informierten ihre Zuh\u00f6rer auf diese Weise. Professor J\u00f3zsef HOFFNER hielt schon separate Stunden in Anatomie. Eine echte Wende\" \/>\n<meta property=\"og:url\" content=\"https:\/\/univet.hu\/anatomia\/\" \/>\n<meta property=\"og:site_name\" content=\"Lehrstuhl f\u00fcr Anatomie und Histologie\" \/>\n<meta property=\"article:modified_time\" content=\"2025-01-13T20:05:30+00:00\" \/>\n<meta name=\"twitter:card\" content=\"summary_large_image\" \/>\n<meta name=\"twitter:label1\" content=\"Gesch\u00e4tzte Lesezeit\" \/>\n\t<meta name=\"twitter:data1\" content=\"3\u00a0Minuten\" \/>\n<script type=\"application\/ld+json\" class=\"yoast-schema-graph\">{\"@context\":\"https:\/\/schema.org\",\"@graph\":[{\"@type\":\"WebPage\",\"@id\":\"https:\/\/univet.hu\/anatomia\/\",\"url\":\"https:\/\/univet.hu\/anatomia\/\",\"name\":\"Lehrstuhl f\u00fcr Anatomie und Histologie - Lehrstuhl f\u00fcr Anatomie und Histologie\",\"isPartOf\":{\"@id\":\"https:\/\/univet.hu\/anatomia\/en\/#website\"},\"datePublished\":\"2016-02-23T04:34:00+00:00\",\"dateModified\":\"2025-01-13T20:05:30+00:00\",\"breadcrumb\":{\"@id\":\"https:\/\/univet.hu\/anatomia\/#breadcrumb\"},\"inLanguage\":\"de\",\"potentialAction\":[{\"@type\":\"ReadAction\",\"target\":[\"https:\/\/univet.hu\/anatomia\/\"]}]},{\"@type\":\"BreadcrumbList\",\"@id\":\"https:\/\/univet.hu\/anatomia\/#breadcrumb\",\"itemListElement\":[{\"@type\":\"ListItem\",\"position\":1,\"name\":\"Kezd\u0151lap\",\"item\":\"https:\/\/univet.hu\/anatomia\/\"},{\"@type\":\"ListItem\",\"position\":2,\"name\":\"Lehrstuhl f\u00fcr Anatomie und Histologie\"}]},{\"@type\":\"WebSite\",\"@id\":\"https:\/\/univet.hu\/anatomia\/en\/#website\",\"url\":\"https:\/\/univet.hu\/anatomia\/en\/\",\"name\":\"Anat\u00f3miai \u00e9s Sz\u00f6vettani Tansz\u00e9k\",\"description\":\"\",\"potentialAction\":[{\"@type\":\"SearchAction\",\"target\":{\"@type\":\"EntryPoint\",\"urlTemplate\":\"https:\/\/univet.hu\/anatomia\/en\/?s={search_term_string}\"},\"query-input\":{\"@type\":\"PropertyValueSpecification\",\"valueRequired\":true,\"valueName\":\"search_term_string\"}}],\"inLanguage\":\"de\"}]}<\/script>\n<!-- \/ Yoast SEO plugin. -->","yoast_head_json":{"title":"Lehrstuhl f\u00fcr Anatomie und Histologie - Lehrstuhl f\u00fcr Anatomie und Histologie","robots":{"index":"index","follow":"follow","max-snippet":"max-snippet:-1","max-image-preview":"max-image-preview:large","max-video-preview":"max-video-preview:-1"},"canonical":"https:\/\/univet.hu\/anatomia\/","og_locale":"de_DE","og_type":"article","og_title":"Lehrstuhl f\u00fcr Anatomie und Histologie - Lehrstuhl f\u00fcr Anatomie und Histologie","og_description":"Geschichte Der Unterricht in Anatomie ist so alt wie unsere Einrichtung. Der Begr\u00fcnder des Lehrstuhls S\u00e1ndor TOLNAY und seine unmittelbaren Nachfolger unterrichteten die Anatomie nicht als selbst\u00e4ndiges Fach, sondern integrierten die anatomischen Grundkenntnisse in ihre Vortr\u00e4ge und informierten ihre Zuh\u00f6rer auf diese Weise. Professor J\u00f3zsef HOFFNER hielt schon separate Stunden in Anatomie. Eine echte Wende","og_url":"https:\/\/univet.hu\/anatomia\/","og_site_name":"Lehrstuhl f\u00fcr Anatomie und Histologie","article_modified_time":"2025-01-13T20:05:30+00:00","twitter_card":"summary_large_image","twitter_misc":{"Gesch\u00e4tzte Lesezeit":"3\u00a0Minuten"},"schema":{"@context":"https:\/\/schema.org","@graph":[{"@type":"WebPage","@id":"https:\/\/univet.hu\/anatomia\/","url":"https:\/\/univet.hu\/anatomia\/","name":"Lehrstuhl f\u00fcr Anatomie und Histologie - Lehrstuhl f\u00fcr Anatomie und Histologie","isPartOf":{"@id":"https:\/\/univet.hu\/anatomia\/en\/#website"},"datePublished":"2016-02-23T04:34:00+00:00","dateModified":"2025-01-13T20:05:30+00:00","breadcrumb":{"@id":"https:\/\/univet.hu\/anatomia\/#breadcrumb"},"inLanguage":"de","potentialAction":[{"@type":"ReadAction","target":["https:\/\/univet.hu\/anatomia\/"]}]},{"@type":"BreadcrumbList","@id":"https:\/\/univet.hu\/anatomia\/#breadcrumb","itemListElement":[{"@type":"ListItem","position":1,"name":"Kezd\u0151lap","item":"https:\/\/univet.hu\/anatomia\/"},{"@type":"ListItem","position":2,"name":"Lehrstuhl f\u00fcr Anatomie und Histologie"}]},{"@type":"WebSite","@id":"https:\/\/univet.hu\/anatomia\/en\/#website","url":"https:\/\/univet.hu\/anatomia\/en\/","name":"Anat\u00f3miai \u00e9s Sz\u00f6vettani Tansz\u00e9k","description":"","potentialAction":[{"@type":"SearchAction","target":{"@type":"EntryPoint","urlTemplate":"https:\/\/univet.hu\/anatomia\/en\/?s={search_term_string}"},"query-input":{"@type":"PropertyValueSpecification","valueRequired":true,"valueName":"search_term_string"}}],"inLanguage":"de"}]}},"_links":{"self":[{"href":"https:\/\/univet.hu\/anatomia\/de\/wp-json\/wp\/v2\/pages\/3303","targetHints":{"allow":["GET"]}}],"collection":[{"href":"https:\/\/univet.hu\/anatomia\/de\/wp-json\/wp\/v2\/pages"}],"about":[{"href":"https:\/\/univet.hu\/anatomia\/de\/wp-json\/wp\/v2\/types\/page"}],"author":[{"embeddable":true,"href":"https:\/\/univet.hu\/anatomia\/de\/wp-json\/wp\/v2\/users\/3837"}],"replies":[{"embeddable":true,"href":"https:\/\/univet.hu\/anatomia\/de\/wp-json\/wp\/v2\/comments?post=3303"}],"version-history":[{"count":1,"href":"https:\/\/univet.hu\/anatomia\/de\/wp-json\/wp\/v2\/pages\/3303\/revisions"}],"predecessor-version":[{"id":134045,"href":"https:\/\/univet.hu\/anatomia\/de\/wp-json\/wp\/v2\/pages\/3303\/revisions\/134045"}],"wp:attachment":[{"href":"https:\/\/univet.hu\/anatomia\/de\/wp-json\/wp\/v2\/media?parent=3303"}],"wp:term":[{"taxonomy":"category","embeddable":true,"href":"https:\/\/univet.hu\/anatomia\/de\/wp-json\/wp\/v2\/categories?post=3303"},{"taxonomy":"post_tag","embeddable":true,"href":"https:\/\/univet.hu\/anatomia\/de\/wp-json\/wp\/v2\/tags?post=3303"}],"curies":[{"name":"wp","href":"https:\/\/api.w.org\/{rel}","templated":true}]}}