{"id":3408,"date":"2016-01-11T17:46:00","date_gmt":"2016-01-11T16:46:00","guid":{"rendered":"http:\/\/univet.hu\/universitaet\/organisationseinheiten\/anatomischen-museum\/"},"modified":"2025-01-13T21:05:25","modified_gmt":"2025-01-13T20:05:25","slug":"anatomischen-museum","status":"publish","type":"page","link":"https:\/\/univet.hu\/anatomia\/de\/lehrstuhl-fur-anatomie-und-histologie\/anatomischen-museum\/","title":{"rendered":"Anatomischen Museum"},"content":{"rendered":"<p><strong>\u00d6ffnungszeiten<\/strong><\/p> <p>Montag und Donnerstag, 12:00-16:00<\/p> <h2>Geschichte<\/h2> <div> <p style=\"text-align: justify\">Der Lehrstuhl f\u00fcr Anatomie, Histologie und Entwicklungsbiologie an der veterin\u00e4rmedizinischen Fakult\u00e4t der Sankt-Stephan-Universit\u00e4t ist einer der \u00e4ltesten selbst\u00e4ndigen Werkst\u00e4tte der Fakult\u00e4t. Als f\u00fcr das Fach Biologie verantwortlicher Lehrstuhl ist diese Einheit verantwortlich f\u00fcr die Durchf\u00fchrung der offiziellen Vorbereitungskurse zur Aufnahmepr\u00fcfung f\u00fcr die Fakult\u00e4t. Durch diese Aufgabe pflegt der Lehrstuhl ein langj\u00e4hriges, gutes Verh\u00e4ltnis zu den Mittelschulen und deren Sch\u00fclern.<br \/> Dem Lehrstuhl steht eine im ganzen Land einzigartige Pr\u00e4paraten-Sammlung und Bibliothek zur Verf\u00fcgung, die nicht nur die Studenten, sondern auch die Sch\u00fcler zur Vorbereitung benutzen d\u00fcrfen.<br \/> Wir arbeiten eng mit zusammen mehreren Mittelschulen, in denen wir regelm\u00e4\u00dfig popul\u00e4rwissenschaftliche Vortr\u00e4ge halten bzw. f\u00fcr die wir Werkstattbesuche organisieren. Wegen seines bedeutenden Pr\u00e4parate-Bestands wird der Lehrstuhl regelm\u00e4\u00dfig aufgefordert, an von verschiedenen Museen und Stiftungen organisierten, nichtfachlichen Ausstellungen teilzunehmen bzw. nicht mit der Arbeit des Lehrstuhls direkt verbundene Vortr\u00e4ge zu halten. Der Lehrstuhl und dessen Museum werden von Sch\u00fclern (Fachzirkel, Klassen mit erh\u00f6hter Stundenzahl) mit w\u00f6chentlich besucht. Diese Besuche werden von einem der Universit\u00e4tslehrer begleitet.<\/p> <\/div>","protected":false},"excerpt":{"rendered":"<p>\u00d6ffnungszeiten Montag und Donnerstag, 12:00-16:00 Geschichte Der Lehrstuhl f\u00fcr Anatomie, Histologie und Entwicklungsbiologie an der veterin\u00e4rmedizinischen Fakult\u00e4t der Sankt-Stephan-Universit\u00e4t ist einer der \u00e4ltesten selbst\u00e4ndigen Werkst\u00e4tte der Fakult\u00e4t. Als f\u00fcr das Fach Biologie verantwortlicher Lehrstuhl ist diese Einheit verantwortlich f\u00fcr die Durchf\u00fchrung der offiziellen Vorbereitungskurse zur Aufnahmepr\u00fcfung f\u00fcr die Fakult\u00e4t. Durch diese Aufgabe pflegt der Lehrstuhl<\/p>\n","protected":false},"author":3837,"featured_media":0,"parent":3303,"menu_order":139,"comment_status":"closed","ping_status":"closed","template":"","meta":{"_acf_changed":false,"footnotes":""},"categories":[],"tags":[],"class_list":["post-3408","page","type-page","status-publish","hentry"],"acf":[],"yoast_head":"<!-- This site is optimized with the Yoast SEO plugin v27.2 - https:\/\/yoast.com\/product\/yoast-seo-wordpress\/ -->\n<title>Anatomischen Museum - Lehrstuhl f\u00fcr Anatomie und Histologie<\/title>\n<meta name=\"robots\" content=\"index, follow, max-snippet:-1, max-image-preview:large, max-video-preview:-1\" \/>\n<link rel=\"canonical\" href=\"https:\/\/univet.hu\/anatomia\/anatomiai-es-szovettani-tanszek\/anatomiai-muzeum\/\" \/>\n<meta property=\"og:locale\" content=\"de_DE\" \/>\n<meta property=\"og:type\" content=\"article\" \/>\n<meta property=\"og:title\" content=\"Anatomischen Museum - Lehrstuhl f\u00fcr Anatomie und Histologie\" \/>\n<meta property=\"og:description\" content=\"\u00d6ffnungszeiten Montag und Donnerstag, 12:00-16:00 Geschichte Der Lehrstuhl f\u00fcr Anatomie, Histologie und Entwicklungsbiologie an der veterin\u00e4rmedizinischen Fakult\u00e4t der Sankt-Stephan-Universit\u00e4t ist einer der \u00e4ltesten selbst\u00e4ndigen Werkst\u00e4tte der Fakult\u00e4t. Als f\u00fcr das Fach Biologie verantwortlicher Lehrstuhl ist diese Einheit verantwortlich f\u00fcr die Durchf\u00fchrung der offiziellen Vorbereitungskurse zur Aufnahmepr\u00fcfung f\u00fcr die Fakult\u00e4t. Durch diese Aufgabe pflegt der Lehrstuhl\" \/>\n<meta property=\"og:url\" content=\"https:\/\/univet.hu\/anatomia\/anatomiai-es-szovettani-tanszek\/anatomiai-muzeum\/\" \/>\n<meta property=\"og:site_name\" content=\"Lehrstuhl f\u00fcr Anatomie und Histologie\" \/>\n<meta property=\"article:modified_time\" content=\"2025-01-13T20:05:25+00:00\" \/>\n<meta name=\"twitter:card\" content=\"summary_large_image\" \/>\n<meta name=\"twitter:label1\" content=\"Gesch\u00e4tzte Lesezeit\" \/>\n\t<meta name=\"twitter:data1\" content=\"1\u00a0Minute\" \/>\n<script type=\"application\/ld+json\" class=\"yoast-schema-graph\">{\"@context\":\"https:\/\/schema.org\",\"@graph\":[{\"@type\":\"WebPage\",\"@id\":\"https:\/\/univet.hu\/anatomia\/anatomiai-es-szovettani-tanszek\/anatomiai-muzeum\/\",\"url\":\"https:\/\/univet.hu\/anatomia\/anatomiai-es-szovettani-tanszek\/anatomiai-muzeum\/\",\"name\":\"Anatomischen Museum - Lehrstuhl f\u00fcr Anatomie und Histologie\",\"isPartOf\":{\"@id\":\"https:\/\/univet.hu\/anatomia\/en\/#website\"},\"datePublished\":\"2016-01-11T16:46:00+00:00\",\"dateModified\":\"2025-01-13T20:05:25+00:00\",\"breadcrumb\":{\"@id\":\"https:\/\/univet.hu\/anatomia\/anatomiai-es-szovettani-tanszek\/anatomiai-muzeum\/#breadcrumb\"},\"inLanguage\":\"de\",\"potentialAction\":[{\"@type\":\"ReadAction\",\"target\":[\"https:\/\/univet.hu\/anatomia\/anatomiai-es-szovettani-tanszek\/anatomiai-muzeum\/\"]}]},{\"@type\":\"BreadcrumbList\",\"@id\":\"https:\/\/univet.hu\/anatomia\/anatomiai-es-szovettani-tanszek\/anatomiai-muzeum\/#breadcrumb\",\"itemListElement\":[{\"@type\":\"ListItem\",\"position\":1,\"name\":\"Kezd\u0151lap\",\"item\":\"https:\/\/univet.hu\/anatomia\/\"},{\"@type\":\"ListItem\",\"position\":2,\"name\":\"Lehrstuhl f\u00fcr Anatomie und Histologie\",\"item\":\"https:\/\/univet.hu\/anatomia\/\"},{\"@type\":\"ListItem\",\"position\":3,\"name\":\"Anatomischen Museum\"}]},{\"@type\":\"WebSite\",\"@id\":\"https:\/\/univet.hu\/anatomia\/en\/#website\",\"url\":\"https:\/\/univet.hu\/anatomia\/en\/\",\"name\":\"Anat\u00f3miai \u00e9s Sz\u00f6vettani Tansz\u00e9k\",\"description\":\"\",\"potentialAction\":[{\"@type\":\"SearchAction\",\"target\":{\"@type\":\"EntryPoint\",\"urlTemplate\":\"https:\/\/univet.hu\/anatomia\/en\/?s={search_term_string}\"},\"query-input\":{\"@type\":\"PropertyValueSpecification\",\"valueRequired\":true,\"valueName\":\"search_term_string\"}}],\"inLanguage\":\"de\"}]}<\/script>\n<!-- \/ Yoast SEO plugin. -->","yoast_head_json":{"title":"Anatomischen Museum - Lehrstuhl f\u00fcr Anatomie und Histologie","robots":{"index":"index","follow":"follow","max-snippet":"max-snippet:-1","max-image-preview":"max-image-preview:large","max-video-preview":"max-video-preview:-1"},"canonical":"https:\/\/univet.hu\/anatomia\/anatomiai-es-szovettani-tanszek\/anatomiai-muzeum\/","og_locale":"de_DE","og_type":"article","og_title":"Anatomischen Museum - Lehrstuhl f\u00fcr Anatomie und Histologie","og_description":"\u00d6ffnungszeiten Montag und Donnerstag, 12:00-16:00 Geschichte Der Lehrstuhl f\u00fcr Anatomie, Histologie und Entwicklungsbiologie an der veterin\u00e4rmedizinischen Fakult\u00e4t der Sankt-Stephan-Universit\u00e4t ist einer der \u00e4ltesten selbst\u00e4ndigen Werkst\u00e4tte der Fakult\u00e4t. Als f\u00fcr das Fach Biologie verantwortlicher Lehrstuhl ist diese Einheit verantwortlich f\u00fcr die Durchf\u00fchrung der offiziellen Vorbereitungskurse zur Aufnahmepr\u00fcfung f\u00fcr die Fakult\u00e4t. Durch diese Aufgabe pflegt der Lehrstuhl","og_url":"https:\/\/univet.hu\/anatomia\/anatomiai-es-szovettani-tanszek\/anatomiai-muzeum\/","og_site_name":"Lehrstuhl f\u00fcr Anatomie und Histologie","article_modified_time":"2025-01-13T20:05:25+00:00","twitter_card":"summary_large_image","twitter_misc":{"Gesch\u00e4tzte Lesezeit":"1\u00a0Minute"},"schema":{"@context":"https:\/\/schema.org","@graph":[{"@type":"WebPage","@id":"https:\/\/univet.hu\/anatomia\/anatomiai-es-szovettani-tanszek\/anatomiai-muzeum\/","url":"https:\/\/univet.hu\/anatomia\/anatomiai-es-szovettani-tanszek\/anatomiai-muzeum\/","name":"Anatomischen Museum - Lehrstuhl f\u00fcr Anatomie und Histologie","isPartOf":{"@id":"https:\/\/univet.hu\/anatomia\/en\/#website"},"datePublished":"2016-01-11T16:46:00+00:00","dateModified":"2025-01-13T20:05:25+00:00","breadcrumb":{"@id":"https:\/\/univet.hu\/anatomia\/anatomiai-es-szovettani-tanszek\/anatomiai-muzeum\/#breadcrumb"},"inLanguage":"de","potentialAction":[{"@type":"ReadAction","target":["https:\/\/univet.hu\/anatomia\/anatomiai-es-szovettani-tanszek\/anatomiai-muzeum\/"]}]},{"@type":"BreadcrumbList","@id":"https:\/\/univet.hu\/anatomia\/anatomiai-es-szovettani-tanszek\/anatomiai-muzeum\/#breadcrumb","itemListElement":[{"@type":"ListItem","position":1,"name":"Kezd\u0151lap","item":"https:\/\/univet.hu\/anatomia\/"},{"@type":"ListItem","position":2,"name":"Lehrstuhl f\u00fcr Anatomie und Histologie","item":"https:\/\/univet.hu\/anatomia\/"},{"@type":"ListItem","position":3,"name":"Anatomischen Museum"}]},{"@type":"WebSite","@id":"https:\/\/univet.hu\/anatomia\/en\/#website","url":"https:\/\/univet.hu\/anatomia\/en\/","name":"Anat\u00f3miai \u00e9s Sz\u00f6vettani Tansz\u00e9k","description":"","potentialAction":[{"@type":"SearchAction","target":{"@type":"EntryPoint","urlTemplate":"https:\/\/univet.hu\/anatomia\/en\/?s={search_term_string}"},"query-input":{"@type":"PropertyValueSpecification","valueRequired":true,"valueName":"search_term_string"}}],"inLanguage":"de"}]}},"_links":{"self":[{"href":"https:\/\/univet.hu\/anatomia\/de\/wp-json\/wp\/v2\/pages\/3408","targetHints":{"allow":["GET"]}}],"collection":[{"href":"https:\/\/univet.hu\/anatomia\/de\/wp-json\/wp\/v2\/pages"}],"about":[{"href":"https:\/\/univet.hu\/anatomia\/de\/wp-json\/wp\/v2\/types\/page"}],"author":[{"embeddable":true,"href":"https:\/\/univet.hu\/anatomia\/de\/wp-json\/wp\/v2\/users\/3837"}],"replies":[{"embeddable":true,"href":"https:\/\/univet.hu\/anatomia\/de\/wp-json\/wp\/v2\/comments?post=3408"}],"version-history":[{"count":1,"href":"https:\/\/univet.hu\/anatomia\/de\/wp-json\/wp\/v2\/pages\/3408\/revisions"}],"predecessor-version":[{"id":134053,"href":"https:\/\/univet.hu\/anatomia\/de\/wp-json\/wp\/v2\/pages\/3408\/revisions\/134053"}],"up":[{"embeddable":true,"href":"https:\/\/univet.hu\/anatomia\/de\/wp-json\/wp\/v2\/pages\/3303"}],"wp:attachment":[{"href":"https:\/\/univet.hu\/anatomia\/de\/wp-json\/wp\/v2\/media?parent=3408"}],"wp:term":[{"taxonomy":"category","embeddable":true,"href":"https:\/\/univet.hu\/anatomia\/de\/wp-json\/wp\/v2\/categories?post=3408"},{"taxonomy":"post_tag","embeddable":true,"href":"https:\/\/univet.hu\/anatomia\/de\/wp-json\/wp\/v2\/tags?post=3408"}],"curies":[{"name":"wp","href":"https:\/\/api.w.org\/{rel}","templated":true}]}}