{"id":42473,"date":"2019-08-28T11:31:25","date_gmt":"2019-08-28T09:31:25","guid":{"rendered":"https:\/\/univet.hu\/?page_id=42473"},"modified":"2025-01-13T21:02:44","modified_gmt":"2025-01-13T20:02:44","slug":"kontaktprofessoren-fuer-studenten","status":"publish","type":"page","link":"https:\/\/univet.hu\/anatomia\/de\/lehrstuhl-fur-anatomie-und-histologie\/kontaktprofessoren-fuer-studenten\/","title":{"rendered":"Kontaktprofessoren f\u00fcr Studenten"},"content":{"rendered":"<div class=\"tlid-input input\"> <div class=\"source-wrap\"> <div class=\"input-full-height-wrapper tlid-input-full-height-wrapper\"> <div class=\"source-input\"> <div class=\"source-footer-wrap source-or-target-footer\"> <div class=\"character-count tlid-character-count\"> <div class=\"cc-ctr normal\"> <p>In Bezug auf jede anatomiebezogene Anfrage sind die Ank\u00fcndigungen w\u00e4hrend der Vorlesungen und die offizielle Website der Abteilung die normativen Antworten. Bei weiteren Fragen lesen Sie bitte zuerst die <a href=\"https:\/\/univet.hu\/de\/universitaet\/organisationseinheiten\/lehrstuhl-fur-anatomie-und-histologie\/studenteninformation-und-prufungsregeln\/\">Pr\u00fcfungsregeln des Lehrstuhls<\/a> und der Universit\u00e4t genau durch!<\/p> <p>Bei Austauschen der Praktika und Abwesenheit-problems wenden Sie sich bitte immer per E-Mail an den Lehrer des entsprechenden Praktikas.<\/p> <p>F\u00fcr weitere Fragen wenden Sie sich bitte wie folgt an den zugewiesenen Lehrer der Klasse. <strong>Bitte wenden Sie sich nicht an das Sekretariat oder den Lehrstuhlsleiter<\/strong>.<\/p> <\/div> <\/div> <\/div> <\/div> <\/div> <\/div> <\/div> <div class=\"tlid-results-container results-container\"> <div class=\"tlid-result result-dict-wrapper\"> <div class=\"result tlid-copy-target\"> <div class=\"result-header\"> <div class=\"starbutton jfk-button-flat jfk-button unstarred\" role=\"button\" aria-label=\"Star translation\" data-tooltip=\"Star translation\" data-tooltip-align=\"t,c\"><\/div> <\/div> <\/div> <\/div> <\/div> <p>I. Jahrgang:\u00a0<a href=\"https:\/\/univet.hu\/de\/universitaet\/mitarbeiter\/kapiller-matyas\/\">dr. M\u00e1ty\u00e1s KAPILLER\u00a0<\/a><\/p> <p>II. year: <a href=\"https:\/\/univet.hu\/de\/universitaet\/mitarbeiter\/kapiller-matyas\/\">dr. M\u00e1ty\u00e1s KAPILLER\u00a0<\/a><\/p>","protected":false},"excerpt":{"rendered":"<p>In Bezug auf jede anatomiebezogene Anfrage sind die Ank\u00fcndigungen w\u00e4hrend der Vorlesungen und die offizielle Website der Abteilung die normativen Antworten. Bei weiteren Fragen lesen Sie bitte zuerst die Pr\u00fcfungsregeln des Lehrstuhls und der Universit\u00e4t genau durch! Bei Austauschen der Praktika und Abwesenheit-problems wenden Sie sich bitte immer per E-Mail an den Lehrer des entsprechenden<\/p>\n","protected":false},"author":3837,"featured_media":0,"parent":3303,"menu_order":139,"comment_status":"closed","ping_status":"closed","template":"","meta":{"_acf_changed":false,"footnotes":""},"categories":[],"tags":[],"class_list":["post-42473","page","type-page","status-publish","hentry"],"acf":[],"yoast_head":"<!-- This site is optimized with the Yoast SEO plugin v27.2 - https:\/\/yoast.com\/product\/yoast-seo-wordpress\/ -->\n<title>Kontaktprofessoren f\u00fcr Studenten - Lehrstuhl f\u00fcr Anatomie und Histologie<\/title>\n<meta name=\"robots\" content=\"index, follow, max-snippet:-1, max-image-preview:large, max-video-preview:-1\" \/>\n<link rel=\"canonical\" href=\"https:\/\/univet.hu\/anatomia\/anatomiai-es-szovettani-tanszek\/evfolyam-osszekoto-tanarok\/\" \/>\n<meta property=\"og:locale\" content=\"de_DE\" \/>\n<meta property=\"og:type\" content=\"article\" \/>\n<meta property=\"og:title\" content=\"Kontaktprofessoren f\u00fcr Studenten - Lehrstuhl f\u00fcr Anatomie und Histologie\" \/>\n<meta property=\"og:description\" content=\"In Bezug auf jede anatomiebezogene Anfrage sind die Ank\u00fcndigungen w\u00e4hrend der Vorlesungen und die offizielle Website der Abteilung die normativen Antworten. Bei weiteren Fragen lesen Sie bitte zuerst die Pr\u00fcfungsregeln des Lehrstuhls und der Universit\u00e4t genau durch! Bei Austauschen der Praktika und Abwesenheit-problems wenden Sie sich bitte immer per E-Mail an den Lehrer des entsprechenden\" \/>\n<meta property=\"og:url\" content=\"https:\/\/univet.hu\/anatomia\/anatomiai-es-szovettani-tanszek\/evfolyam-osszekoto-tanarok\/\" \/>\n<meta property=\"og:site_name\" content=\"Lehrstuhl f\u00fcr Anatomie und Histologie\" \/>\n<meta property=\"article:modified_time\" content=\"2025-01-13T20:02:44+00:00\" \/>\n<meta name=\"twitter:card\" content=\"summary_large_image\" \/>\n<meta name=\"twitter:label1\" content=\"Gesch\u00e4tzte Lesezeit\" \/>\n\t<meta name=\"twitter:data1\" content=\"1\u00a0Minute\" \/>\n<script type=\"application\/ld+json\" class=\"yoast-schema-graph\">{\"@context\":\"https:\/\/schema.org\",\"@graph\":[{\"@type\":\"WebPage\",\"@id\":\"https:\/\/univet.hu\/anatomia\/anatomiai-es-szovettani-tanszek\/evfolyam-osszekoto-tanarok\/\",\"url\":\"https:\/\/univet.hu\/anatomia\/anatomiai-es-szovettani-tanszek\/evfolyam-osszekoto-tanarok\/\",\"name\":\"Kontaktprofessoren f\u00fcr Studenten - Lehrstuhl f\u00fcr Anatomie und Histologie\",\"isPartOf\":{\"@id\":\"https:\/\/univet.hu\/anatomia\/en\/#website\"},\"datePublished\":\"2019-08-28T09:31:25+00:00\",\"dateModified\":\"2025-01-13T20:02:44+00:00\",\"breadcrumb\":{\"@id\":\"https:\/\/univet.hu\/anatomia\/anatomiai-es-szovettani-tanszek\/evfolyam-osszekoto-tanarok\/#breadcrumb\"},\"inLanguage\":\"de\",\"potentialAction\":[{\"@type\":\"ReadAction\",\"target\":[\"https:\/\/univet.hu\/anatomia\/anatomiai-es-szovettani-tanszek\/evfolyam-osszekoto-tanarok\/\"]}]},{\"@type\":\"BreadcrumbList\",\"@id\":\"https:\/\/univet.hu\/anatomia\/anatomiai-es-szovettani-tanszek\/evfolyam-osszekoto-tanarok\/#breadcrumb\",\"itemListElement\":[{\"@type\":\"ListItem\",\"position\":1,\"name\":\"Kezd\u0151lap\",\"item\":\"https:\/\/univet.hu\/anatomia\/\"},{\"@type\":\"ListItem\",\"position\":2,\"name\":\"Lehrstuhl f\u00fcr Anatomie und Histologie\",\"item\":\"https:\/\/univet.hu\/anatomia\/\"},{\"@type\":\"ListItem\",\"position\":3,\"name\":\"Kontaktprofessoren f\u00fcr Studenten\"}]},{\"@type\":\"WebSite\",\"@id\":\"https:\/\/univet.hu\/anatomia\/en\/#website\",\"url\":\"https:\/\/univet.hu\/anatomia\/en\/\",\"name\":\"Anat\u00f3miai \u00e9s Sz\u00f6vettani Tansz\u00e9k\",\"description\":\"\",\"potentialAction\":[{\"@type\":\"SearchAction\",\"target\":{\"@type\":\"EntryPoint\",\"urlTemplate\":\"https:\/\/univet.hu\/anatomia\/en\/?s={search_term_string}\"},\"query-input\":{\"@type\":\"PropertyValueSpecification\",\"valueRequired\":true,\"valueName\":\"search_term_string\"}}],\"inLanguage\":\"de\"}]}<\/script>\n<!-- \/ Yoast SEO plugin. -->","yoast_head_json":{"title":"Kontaktprofessoren f\u00fcr Studenten - Lehrstuhl f\u00fcr Anatomie und Histologie","robots":{"index":"index","follow":"follow","max-snippet":"max-snippet:-1","max-image-preview":"max-image-preview:large","max-video-preview":"max-video-preview:-1"},"canonical":"https:\/\/univet.hu\/anatomia\/anatomiai-es-szovettani-tanszek\/evfolyam-osszekoto-tanarok\/","og_locale":"de_DE","og_type":"article","og_title":"Kontaktprofessoren f\u00fcr Studenten - Lehrstuhl f\u00fcr Anatomie und Histologie","og_description":"In Bezug auf jede anatomiebezogene Anfrage sind die Ank\u00fcndigungen w\u00e4hrend der Vorlesungen und die offizielle Website der Abteilung die normativen Antworten. Bei weiteren Fragen lesen Sie bitte zuerst die Pr\u00fcfungsregeln des Lehrstuhls und der Universit\u00e4t genau durch! Bei Austauschen der Praktika und Abwesenheit-problems wenden Sie sich bitte immer per E-Mail an den Lehrer des entsprechenden","og_url":"https:\/\/univet.hu\/anatomia\/anatomiai-es-szovettani-tanszek\/evfolyam-osszekoto-tanarok\/","og_site_name":"Lehrstuhl f\u00fcr Anatomie und Histologie","article_modified_time":"2025-01-13T20:02:44+00:00","twitter_card":"summary_large_image","twitter_misc":{"Gesch\u00e4tzte Lesezeit":"1\u00a0Minute"},"schema":{"@context":"https:\/\/schema.org","@graph":[{"@type":"WebPage","@id":"https:\/\/univet.hu\/anatomia\/anatomiai-es-szovettani-tanszek\/evfolyam-osszekoto-tanarok\/","url":"https:\/\/univet.hu\/anatomia\/anatomiai-es-szovettani-tanszek\/evfolyam-osszekoto-tanarok\/","name":"Kontaktprofessoren f\u00fcr Studenten - Lehrstuhl f\u00fcr Anatomie und Histologie","isPartOf":{"@id":"https:\/\/univet.hu\/anatomia\/en\/#website"},"datePublished":"2019-08-28T09:31:25+00:00","dateModified":"2025-01-13T20:02:44+00:00","breadcrumb":{"@id":"https:\/\/univet.hu\/anatomia\/anatomiai-es-szovettani-tanszek\/evfolyam-osszekoto-tanarok\/#breadcrumb"},"inLanguage":"de","potentialAction":[{"@type":"ReadAction","target":["https:\/\/univet.hu\/anatomia\/anatomiai-es-szovettani-tanszek\/evfolyam-osszekoto-tanarok\/"]}]},{"@type":"BreadcrumbList","@id":"https:\/\/univet.hu\/anatomia\/anatomiai-es-szovettani-tanszek\/evfolyam-osszekoto-tanarok\/#breadcrumb","itemListElement":[{"@type":"ListItem","position":1,"name":"Kezd\u0151lap","item":"https:\/\/univet.hu\/anatomia\/"},{"@type":"ListItem","position":2,"name":"Lehrstuhl f\u00fcr Anatomie und Histologie","item":"https:\/\/univet.hu\/anatomia\/"},{"@type":"ListItem","position":3,"name":"Kontaktprofessoren f\u00fcr Studenten"}]},{"@type":"WebSite","@id":"https:\/\/univet.hu\/anatomia\/en\/#website","url":"https:\/\/univet.hu\/anatomia\/en\/","name":"Anat\u00f3miai \u00e9s Sz\u00f6vettani Tansz\u00e9k","description":"","potentialAction":[{"@type":"SearchAction","target":{"@type":"EntryPoint","urlTemplate":"https:\/\/univet.hu\/anatomia\/en\/?s={search_term_string}"},"query-input":{"@type":"PropertyValueSpecification","valueRequired":true,"valueName":"search_term_string"}}],"inLanguage":"de"}]}},"_links":{"self":[{"href":"https:\/\/univet.hu\/anatomia\/de\/wp-json\/wp\/v2\/pages\/42473","targetHints":{"allow":["GET"]}}],"collection":[{"href":"https:\/\/univet.hu\/anatomia\/de\/wp-json\/wp\/v2\/pages"}],"about":[{"href":"https:\/\/univet.hu\/anatomia\/de\/wp-json\/wp\/v2\/types\/page"}],"author":[{"embeddable":true,"href":"https:\/\/univet.hu\/anatomia\/de\/wp-json\/wp\/v2\/users\/3837"}],"replies":[{"embeddable":true,"href":"https:\/\/univet.hu\/anatomia\/de\/wp-json\/wp\/v2\/comments?post=42473"}],"version-history":[{"count":1,"href":"https:\/\/univet.hu\/anatomia\/de\/wp-json\/wp\/v2\/pages\/42473\/revisions"}],"predecessor-version":[{"id":134059,"href":"https:\/\/univet.hu\/anatomia\/de\/wp-json\/wp\/v2\/pages\/42473\/revisions\/134059"}],"up":[{"embeddable":true,"href":"https:\/\/univet.hu\/anatomia\/de\/wp-json\/wp\/v2\/pages\/3303"}],"wp:attachment":[{"href":"https:\/\/univet.hu\/anatomia\/de\/wp-json\/wp\/v2\/media?parent=42473"}],"wp:term":[{"taxonomy":"category","embeddable":true,"href":"https:\/\/univet.hu\/anatomia\/de\/wp-json\/wp\/v2\/categories?post=42473"},{"taxonomy":"post_tag","embeddable":true,"href":"https:\/\/univet.hu\/anatomia\/de\/wp-json\/wp\/v2\/tags?post=42473"}],"curies":[{"name":"wp","href":"https:\/\/api.w.org\/{rel}","templated":true}]}}