{"id":47549,"date":"2019-02-27T12:43:57","date_gmt":"2019-02-27T11:43:57","guid":{"rendered":"https:\/\/univet.hu\/?page_id=47549"},"modified":"2025-05-14T16:04:44","modified_gmt":"2025-05-14T14:04:44","slug":"uebungstermine-winterpruefungsperiode","status":"publish","type":"page","link":"https:\/\/univet.hu\/anatomia\/de\/lehrstuhl-fur-anatomie-und-histologie\/uebungstermine-winterpruefungsperiode\/","title":{"rendered":"\u00dcbungstermine &#8211; Winterpr\u00fcfungsperiode"},"content":{"rendered":"<div class=\"tlid-input input\"> <div class=\"source-wrap\"> <div class=\"input-full-height-wrapper tlid-input-full-height-wrapper\"> <div class=\"source-input\"> <div class=\"source-footer-wrap source-or-target-footer\"> <div class=\"source-footer\"> <div class=\"speech-wrap source-or-target-footer-button left-positioned\"> <div id=\"gt-speech\" class=\"speech-button goog-toolbar-button\" role=\"button\" aria-label=\"Turn on voice input\" data-tooltip-align=\"t,c\" data-tooltip=\"Turn on voice input\"><em>Aktualisiert: 09. Januar 2025<\/em><\/div> <\/div> <\/div> <\/div> <div role=\"button\" aria-label=\"Turn on voice input\" data-tooltip-align=\"t,c\" data-tooltip=\"Turn on voice input\"><\/div> <\/div> <\/div> <\/div> <\/div> <p>Der Lehrstuhl bietet eine begrenzte M\u00f6glichkeit, Knochen und formalisierte Pr\u00e4parat im Geb\u00e4ude &#8222;E1&#8220; zu untersuchen und die Dissektion zu \u00fcben w\u00e4hrend der Winterpr\u00fcfungsperiode des akademischen Jahres 2024\/2025. Die Sezierungsm\u00f6glichkeit ist aufgrund der Anzahl der verf\u00fcgbaren Karkassen begrenzt! Das k\u00f6nnen wir nicht versprechen oder garantieren.<\/p> <p>Gibt es keinen Lehrer od Demsotrator f\u00fcr diese \u00dcbungsterminen. Die allgemeinen Regeln m\u00fcssen bei \u00dcbungen beachtet werden, d. H. In angemessenen Laborkitteln und in angemessener Kleidung, unterlassen, zu essen, zu trinken, aufzuzeichnen usw.<\/p> <p>Knochen und Organe d\u00fcrfen unter keinen Umst\u00e4nden aus dem Dissektionstheater entnommen werden. Der Lehrstuhl hat keine M\u00f6glichkeit, besch\u00e4digte \/ verlorene Pr\u00e4paraten zu ersetzen. Daher werden die Studenten gebeten, mit den Pr\u00e4paraten, mit denen sie arbeiten, sehr vorsichtig umzugehen.<\/p> <p>Die Nichtbeachtung dieser Vorschriften, unangemessenes Verhalten oder das Entfernen von Pr\u00e4paraten hat die Aussetzung oder Beendigung von \u00dcbungen zur Folge.<\/p> <p><strong>die TERMINEN:<\/strong><\/p> <p>21. Mai, 2025. (Mittwoch) 10.00-13.00; Geb\u00e4ude &#8222;P&#8220;, (alle drei Sprachen)<\/p> <p>28. Mai, 2025. (Mittwoch) 10.00-13.00; Geb\u00e4ude &#8222;P&#8220;, (alle drei Sprachen)<\/p> <p>04. Juni, 2025. (Mittwoch) 10.00-13.00; Geb\u00e4ude &#8222;P&#8220;, (alle drei Sprachen)<\/p> <p>11. Juni, 2025. (Mittwoch) 10.00-13.00; Geb\u00e4ude &#8222;P&#8220;, (alle drei Sprachen)<\/p> <p>18. Juni, 2025. (Mittwoch) 10.00-13.00; Geb\u00e4ude &#8222;P&#8220;, (alle drei Sprachen)<\/p> <p>25. Juni, 2025. (Mittwoch) 10.00-13.00; Geb\u00e4ude &#8222;P&#8220;, (alle drei Sprachen)<\/p> <p>&nbsp;<\/p>","protected":false},"excerpt":{"rendered":"<p>Aktualisiert: 09. Januar 2025 Der Lehrstuhl bietet eine begrenzte M\u00f6glichkeit, Knochen und formalisierte Pr\u00e4parat im Geb\u00e4ude &#8222;E1&#8220; zu untersuchen und die Dissektion zu \u00fcben w\u00e4hrend der Winterpr\u00fcfungsperiode des akademischen Jahres 2024\/2025. Die Sezierungsm\u00f6glichkeit ist aufgrund der Anzahl der verf\u00fcgbaren Karkassen begrenzt! Das k\u00f6nnen wir nicht versprechen oder garantieren. Gibt es keinen Lehrer od Demsotrator f\u00fcr<\/p>\n","protected":false},"author":3837,"featured_media":0,"parent":3303,"menu_order":140,"comment_status":"closed","ping_status":"closed","template":"","meta":{"_acf_changed":false,"footnotes":""},"categories":[],"tags":[],"class_list":["post-47549","page","type-page","status-publish","hentry"],"acf":[],"yoast_head":"<!-- This site is optimized with the Yoast SEO plugin v27.2 - https:\/\/yoast.com\/product\/yoast-seo-wordpress\/ -->\n<title>\u00dcbungstermine - Winterpr\u00fcfungsperiode - Lehrstuhl f\u00fcr Anatomie und Histologie<\/title>\n<meta name=\"robots\" content=\"index, follow, max-snippet:-1, max-image-preview:large, max-video-preview:-1\" \/>\n<link rel=\"canonical\" href=\"https:\/\/univet.hu\/anatomia\/de\/lehrstuhl-fur-anatomie-und-histologie\/uebungstermine-winterpruefungsperiode\/\" \/>\n<meta property=\"og:locale\" content=\"de_DE\" \/>\n<meta property=\"og:type\" content=\"article\" \/>\n<meta property=\"og:title\" content=\"\u00dcbungstermine - Winterpr\u00fcfungsperiode - Lehrstuhl f\u00fcr Anatomie und Histologie\" \/>\n<meta property=\"og:description\" content=\"Aktualisiert: 09. Januar 2025 Der Lehrstuhl bietet eine begrenzte M\u00f6glichkeit, Knochen und formalisierte Pr\u00e4parat im Geb\u00e4ude &#8222;E1&#8220; zu untersuchen und die Dissektion zu \u00fcben w\u00e4hrend der Winterpr\u00fcfungsperiode des akademischen Jahres 2024\/2025. Die Sezierungsm\u00f6glichkeit ist aufgrund der Anzahl der verf\u00fcgbaren Karkassen begrenzt! Das k\u00f6nnen wir nicht versprechen oder garantieren. Gibt es keinen Lehrer od Demsotrator f\u00fcr\" \/>\n<meta property=\"og:url\" content=\"https:\/\/univet.hu\/anatomia\/de\/lehrstuhl-fur-anatomie-und-histologie\/uebungstermine-winterpruefungsperiode\/\" \/>\n<meta property=\"og:site_name\" content=\"Lehrstuhl f\u00fcr Anatomie und Histologie\" \/>\n<meta property=\"article:modified_time\" content=\"2025-05-14T14:04:44+00:00\" \/>\n<meta name=\"twitter:card\" content=\"summary_large_image\" \/>\n<meta name=\"twitter:label1\" content=\"Gesch\u00e4tzte Lesezeit\" \/>\n\t<meta name=\"twitter:data1\" content=\"2\u00a0Minuten\" \/>\n<script type=\"application\/ld+json\" class=\"yoast-schema-graph\">{\"@context\":\"https:\/\/schema.org\",\"@graph\":[{\"@type\":\"WebPage\",\"@id\":\"https:\/\/univet.hu\/anatomia\/de\/lehrstuhl-fur-anatomie-und-histologie\/uebungstermine-winterpruefungsperiode\/\",\"url\":\"https:\/\/univet.hu\/anatomia\/de\/lehrstuhl-fur-anatomie-und-histologie\/uebungstermine-winterpruefungsperiode\/\",\"name\":\"\u00dcbungstermine - Winterpr\u00fcfungsperiode - Lehrstuhl f\u00fcr Anatomie und Histologie\",\"isPartOf\":{\"@id\":\"https:\/\/univet.hu\/anatomia\/en\/#website\"},\"datePublished\":\"2019-02-27T11:43:57+00:00\",\"dateModified\":\"2025-05-14T14:04:44+00:00\",\"breadcrumb\":{\"@id\":\"https:\/\/univet.hu\/anatomia\/de\/lehrstuhl-fur-anatomie-und-histologie\/uebungstermine-winterpruefungsperiode\/#breadcrumb\"},\"inLanguage\":\"de\",\"potentialAction\":[{\"@type\":\"ReadAction\",\"target\":[\"https:\/\/univet.hu\/anatomia\/de\/lehrstuhl-fur-anatomie-und-histologie\/uebungstermine-winterpruefungsperiode\/\"]}]},{\"@type\":\"BreadcrumbList\",\"@id\":\"https:\/\/univet.hu\/anatomia\/de\/lehrstuhl-fur-anatomie-und-histologie\/uebungstermine-winterpruefungsperiode\/#breadcrumb\",\"itemListElement\":[{\"@type\":\"ListItem\",\"position\":1,\"name\":\"Kezd\u0151lap\",\"item\":\"https:\/\/univet.hu\/anatomia\/\"},{\"@type\":\"ListItem\",\"position\":2,\"name\":\"Lehrstuhl f\u00fcr Anatomie und Histologie\",\"item\":\"https:\/\/univet.hu\/anatomia\/\"},{\"@type\":\"ListItem\",\"position\":3,\"name\":\"\u00dcbungstermine &#8211; Winterpr\u00fcfungsperiode\"}]},{\"@type\":\"WebSite\",\"@id\":\"https:\/\/univet.hu\/anatomia\/en\/#website\",\"url\":\"https:\/\/univet.hu\/anatomia\/en\/\",\"name\":\"Anat\u00f3miai \u00e9s Sz\u00f6vettani Tansz\u00e9k\",\"description\":\"\",\"potentialAction\":[{\"@type\":\"SearchAction\",\"target\":{\"@type\":\"EntryPoint\",\"urlTemplate\":\"https:\/\/univet.hu\/anatomia\/en\/?s={search_term_string}\"},\"query-input\":{\"@type\":\"PropertyValueSpecification\",\"valueRequired\":true,\"valueName\":\"search_term_string\"}}],\"inLanguage\":\"de\"}]}<\/script>\n<!-- \/ Yoast SEO plugin. -->","yoast_head_json":{"title":"\u00dcbungstermine - Winterpr\u00fcfungsperiode - Lehrstuhl f\u00fcr Anatomie und Histologie","robots":{"index":"index","follow":"follow","max-snippet":"max-snippet:-1","max-image-preview":"max-image-preview:large","max-video-preview":"max-video-preview:-1"},"canonical":"https:\/\/univet.hu\/anatomia\/de\/lehrstuhl-fur-anatomie-und-histologie\/uebungstermine-winterpruefungsperiode\/","og_locale":"de_DE","og_type":"article","og_title":"\u00dcbungstermine - Winterpr\u00fcfungsperiode - Lehrstuhl f\u00fcr Anatomie und Histologie","og_description":"Aktualisiert: 09. Januar 2025 Der Lehrstuhl bietet eine begrenzte M\u00f6glichkeit, Knochen und formalisierte Pr\u00e4parat im Geb\u00e4ude &#8222;E1&#8220; zu untersuchen und die Dissektion zu \u00fcben w\u00e4hrend der Winterpr\u00fcfungsperiode des akademischen Jahres 2024\/2025. Die Sezierungsm\u00f6glichkeit ist aufgrund der Anzahl der verf\u00fcgbaren Karkassen begrenzt! Das k\u00f6nnen wir nicht versprechen oder garantieren. Gibt es keinen Lehrer od Demsotrator f\u00fcr","og_url":"https:\/\/univet.hu\/anatomia\/de\/lehrstuhl-fur-anatomie-und-histologie\/uebungstermine-winterpruefungsperiode\/","og_site_name":"Lehrstuhl f\u00fcr Anatomie und Histologie","article_modified_time":"2025-05-14T14:04:44+00:00","twitter_card":"summary_large_image","twitter_misc":{"Gesch\u00e4tzte Lesezeit":"2\u00a0Minuten"},"schema":{"@context":"https:\/\/schema.org","@graph":[{"@type":"WebPage","@id":"https:\/\/univet.hu\/anatomia\/de\/lehrstuhl-fur-anatomie-und-histologie\/uebungstermine-winterpruefungsperiode\/","url":"https:\/\/univet.hu\/anatomia\/de\/lehrstuhl-fur-anatomie-und-histologie\/uebungstermine-winterpruefungsperiode\/","name":"\u00dcbungstermine - Winterpr\u00fcfungsperiode - Lehrstuhl f\u00fcr Anatomie und Histologie","isPartOf":{"@id":"https:\/\/univet.hu\/anatomia\/en\/#website"},"datePublished":"2019-02-27T11:43:57+00:00","dateModified":"2025-05-14T14:04:44+00:00","breadcrumb":{"@id":"https:\/\/univet.hu\/anatomia\/de\/lehrstuhl-fur-anatomie-und-histologie\/uebungstermine-winterpruefungsperiode\/#breadcrumb"},"inLanguage":"de","potentialAction":[{"@type":"ReadAction","target":["https:\/\/univet.hu\/anatomia\/de\/lehrstuhl-fur-anatomie-und-histologie\/uebungstermine-winterpruefungsperiode\/"]}]},{"@type":"BreadcrumbList","@id":"https:\/\/univet.hu\/anatomia\/de\/lehrstuhl-fur-anatomie-und-histologie\/uebungstermine-winterpruefungsperiode\/#breadcrumb","itemListElement":[{"@type":"ListItem","position":1,"name":"Kezd\u0151lap","item":"https:\/\/univet.hu\/anatomia\/"},{"@type":"ListItem","position":2,"name":"Lehrstuhl f\u00fcr Anatomie und Histologie","item":"https:\/\/univet.hu\/anatomia\/"},{"@type":"ListItem","position":3,"name":"\u00dcbungstermine &#8211; Winterpr\u00fcfungsperiode"}]},{"@type":"WebSite","@id":"https:\/\/univet.hu\/anatomia\/en\/#website","url":"https:\/\/univet.hu\/anatomia\/en\/","name":"Anat\u00f3miai \u00e9s Sz\u00f6vettani Tansz\u00e9k","description":"","potentialAction":[{"@type":"SearchAction","target":{"@type":"EntryPoint","urlTemplate":"https:\/\/univet.hu\/anatomia\/en\/?s={search_term_string}"},"query-input":{"@type":"PropertyValueSpecification","valueRequired":true,"valueName":"search_term_string"}}],"inLanguage":"de"}]}},"_links":{"self":[{"href":"https:\/\/univet.hu\/anatomia\/de\/wp-json\/wp\/v2\/pages\/47549","targetHints":{"allow":["GET"]}}],"collection":[{"href":"https:\/\/univet.hu\/anatomia\/de\/wp-json\/wp\/v2\/pages"}],"about":[{"href":"https:\/\/univet.hu\/anatomia\/de\/wp-json\/wp\/v2\/types\/page"}],"author":[{"embeddable":true,"href":"https:\/\/univet.hu\/anatomia\/de\/wp-json\/wp\/v2\/users\/3837"}],"replies":[{"embeddable":true,"href":"https:\/\/univet.hu\/anatomia\/de\/wp-json\/wp\/v2\/comments?post=47549"}],"version-history":[{"count":3,"href":"https:\/\/univet.hu\/anatomia\/de\/wp-json\/wp\/v2\/pages\/47549\/revisions"}],"predecessor-version":[{"id":134196,"href":"https:\/\/univet.hu\/anatomia\/de\/wp-json\/wp\/v2\/pages\/47549\/revisions\/134196"}],"up":[{"embeddable":true,"href":"https:\/\/univet.hu\/anatomia\/de\/wp-json\/wp\/v2\/pages\/3303"}],"wp:attachment":[{"href":"https:\/\/univet.hu\/anatomia\/de\/wp-json\/wp\/v2\/media?parent=47549"}],"wp:term":[{"taxonomy":"category","embeddable":true,"href":"https:\/\/univet.hu\/anatomia\/de\/wp-json\/wp\/v2\/categories?post=47549"},{"taxonomy":"post_tag","embeddable":true,"href":"https:\/\/univet.hu\/anatomia\/de\/wp-json\/wp\/v2\/tags?post=47549"}],"curies":[{"name":"wp","href":"https:\/\/api.w.org\/{rel}","templated":true}]}}