{"id":56276,"date":"2020-07-15T22:31:40","date_gmt":"2020-07-15T20:31:40","guid":{"rendered":"https:\/\/univet.hu\/?page_id=56276"},"modified":"2026-03-10T12:12:00","modified_gmt":"2026-03-10T11:12:00","slug":"sezieruebung-2020-sommer","status":"publish","type":"page","link":"https:\/\/univet.hu\/anatomia\/de\/lehrstuhl-fur-anatomie-und-histologie\/sezieruebung-2020-sommer\/","title":{"rendered":"Konzultation"},"content":{"rendered":"<p><em>aktualisiert: 2025.11.10<\/em><\/p> <p>Der Lehrstuhl bietet den Studenten begrenzte M\u00f6glichkeiten die Dissektion zu \u00fcben, Knochen und Formalin-Prepar\u00e4t zu studieren um die Vorbereitung auf die praktischen Pr\u00fcfungen zu erleichtern.<\/p> <p>Um daran teilnehmen zu k\u00f6nnen, m\u00fcssen die Studenten die ver\u00f6ffentlichten epidemiologischen Vorschriften vom Studentensekret\u00e4r und \/ oder vom Rektor,\u00a0 gem\u00e4\u00df den geltenden ungarischen Regierungsma\u00dfnahmen einhalten. Wir erwarten von jedem, dass er diese Vorschriften genau \u00fcberwacht und strikt befolgt.\u00a0<strong>W\u00e4hrend der Vorlesung und allen \u00dcbungen ist ein Impfnachweis obligatorisch!<\/strong><\/p> <p>Es werden keine Professoren anwesend sein, aber Demonstranten werden als Aufsicht anwesend sein. Ihren Anweisungen und Aufforderungen ist stets Folge zu leisten.\u00a0<strong>Die allgemeinen Regeln m\u00fcssen bei Konsultationen beachtet werden<\/strong>, d. H. In angemessenen Laborkitteln, Handschuhe und in angemessener Kleidung, unterlassen, zu essen, zu trinken, aufzuzeichnen usw.\u00a0Die Nichteinhaltung der Regeln f\u00fchrt zur endg\u00fcltigen Schlie\u00dfung der Konsultationen.<\/p> <p>Es werden keine Anwesenheitskontrollen durchgef\u00fchrt, und die Studenten k\u00f6nnen nach Belieben zur Dissektion ein- und ausgehen.<\/p> <p>W\u00e4hrend des Semesters<\/p> <div dir=\"ltr\" data-setdir=\"false\"> <div dir=\"ltr\"> <div dir=\"ltr\"> <p><strong>Formalin und Knochen, Geb\u00e4ude E<br \/> <\/strong>Deutschunterricht Freitag 13-15 Uhr<br \/> 27. Februar<br \/> 10. April<br \/> 24. April<\/p> <p><strong>Sezieren, Geb\u00e4ude P<\/strong><br \/> Deutschkurs Freitag 13-15 Uhr<br \/> 6. M\u00e4rz<br \/> 13. M\u00e4rz<br \/> 17. April<br \/> 8. Mai<\/p> <\/div> <\/div> <\/div> <p>&nbsp;<\/p> <p>Mit fragen, problemen, schreiben Sie bitte <a href=\"https:\/\/univet.hu\/de\/universitaet\/mitarbeiter\/hazai-diana\/\" target=\"_blank\" rel=\"noopener\">Dr. Hazai<\/a>!<\/p> <div dir=\"ltr\" data-setdir=\"false\"> <p>&nbsp;<\/p> <\/div>","protected":false},"excerpt":{"rendered":"<p>aktualisiert: 2025.11.10 Der Lehrstuhl bietet den Studenten begrenzte M\u00f6glichkeiten die Dissektion zu \u00fcben, Knochen und Formalin-Prepar\u00e4t zu studieren um die Vorbereitung auf die praktischen Pr\u00fcfungen zu erleichtern. Um daran teilnehmen zu k\u00f6nnen, m\u00fcssen die Studenten die ver\u00f6ffentlichten epidemiologischen Vorschriften vom Studentensekret\u00e4r und \/ oder vom Rektor,\u00a0 gem\u00e4\u00df den geltenden ungarischen Regierungsma\u00dfnahmen einhalten. Wir erwarten von<\/p>\n","protected":false},"author":3837,"featured_media":0,"parent":3303,"menu_order":144,"comment_status":"closed","ping_status":"closed","template":"","meta":{"_acf_changed":false,"footnotes":""},"categories":[],"tags":[],"class_list":["post-56276","page","type-page","status-publish","hentry"],"acf":[],"yoast_head":"<!-- This site is optimized with the Yoast SEO plugin v27.2 - https:\/\/yoast.com\/product\/yoast-seo-wordpress\/ -->\n<title>Konzultation - Lehrstuhl f\u00fcr Anatomie und Histologie<\/title>\n<meta name=\"robots\" content=\"index, follow, max-snippet:-1, max-image-preview:large, max-video-preview:-1\" \/>\n<link rel=\"canonical\" href=\"https:\/\/univet.hu\/anatomia\/de\/lehrstuhl-fur-anatomie-und-histologie\/sezieruebung-2020-sommer\/\" \/>\n<meta property=\"og:locale\" content=\"de_DE\" \/>\n<meta property=\"og:type\" content=\"article\" \/>\n<meta property=\"og:title\" content=\"Konzultation - Lehrstuhl f\u00fcr Anatomie und Histologie\" \/>\n<meta property=\"og:description\" content=\"aktualisiert: 2025.11.10 Der Lehrstuhl bietet den Studenten begrenzte M\u00f6glichkeiten die Dissektion zu \u00fcben, Knochen und Formalin-Prepar\u00e4t zu studieren um die Vorbereitung auf die praktischen Pr\u00fcfungen zu erleichtern. Um daran teilnehmen zu k\u00f6nnen, m\u00fcssen die Studenten die ver\u00f6ffentlichten epidemiologischen Vorschriften vom Studentensekret\u00e4r und \/ oder vom Rektor,\u00a0 gem\u00e4\u00df den geltenden ungarischen Regierungsma\u00dfnahmen einhalten. Wir erwarten von\" \/>\n<meta property=\"og:url\" content=\"https:\/\/univet.hu\/anatomia\/de\/lehrstuhl-fur-anatomie-und-histologie\/sezieruebung-2020-sommer\/\" \/>\n<meta property=\"og:site_name\" content=\"Lehrstuhl f\u00fcr Anatomie und Histologie\" \/>\n<meta property=\"article:modified_time\" content=\"2026-03-10T11:12:00+00:00\" \/>\n<meta name=\"twitter:card\" content=\"summary_large_image\" \/>\n<meta name=\"twitter:label1\" content=\"Gesch\u00e4tzte Lesezeit\" \/>\n\t<meta name=\"twitter:data1\" content=\"2\u00a0Minuten\" \/>\n<script type=\"application\/ld+json\" class=\"yoast-schema-graph\">{\"@context\":\"https:\/\/schema.org\",\"@graph\":[{\"@type\":\"WebPage\",\"@id\":\"https:\/\/univet.hu\/anatomia\/de\/lehrstuhl-fur-anatomie-und-histologie\/sezieruebung-2020-sommer\/\",\"url\":\"https:\/\/univet.hu\/anatomia\/de\/lehrstuhl-fur-anatomie-und-histologie\/sezieruebung-2020-sommer\/\",\"name\":\"Konzultation - Lehrstuhl f\u00fcr Anatomie und Histologie\",\"isPartOf\":{\"@id\":\"https:\/\/univet.hu\/anatomia\/en\/#website\"},\"datePublished\":\"2020-07-15T20:31:40+00:00\",\"dateModified\":\"2026-03-10T11:12:00+00:00\",\"breadcrumb\":{\"@id\":\"https:\/\/univet.hu\/anatomia\/de\/lehrstuhl-fur-anatomie-und-histologie\/sezieruebung-2020-sommer\/#breadcrumb\"},\"inLanguage\":\"de\",\"potentialAction\":[{\"@type\":\"ReadAction\",\"target\":[\"https:\/\/univet.hu\/anatomia\/de\/lehrstuhl-fur-anatomie-und-histologie\/sezieruebung-2020-sommer\/\"]}]},{\"@type\":\"BreadcrumbList\",\"@id\":\"https:\/\/univet.hu\/anatomia\/de\/lehrstuhl-fur-anatomie-und-histologie\/sezieruebung-2020-sommer\/#breadcrumb\",\"itemListElement\":[{\"@type\":\"ListItem\",\"position\":1,\"name\":\"Kezd\u0151lap\",\"item\":\"https:\/\/univet.hu\/anatomia\/\"},{\"@type\":\"ListItem\",\"position\":2,\"name\":\"Lehrstuhl f\u00fcr Anatomie und Histologie\",\"item\":\"https:\/\/univet.hu\/anatomia\/\"},{\"@type\":\"ListItem\",\"position\":3,\"name\":\"Konzultation\"}]},{\"@type\":\"WebSite\",\"@id\":\"https:\/\/univet.hu\/anatomia\/en\/#website\",\"url\":\"https:\/\/univet.hu\/anatomia\/en\/\",\"name\":\"Anat\u00f3miai \u00e9s Sz\u00f6vettani Tansz\u00e9k\",\"description\":\"\",\"potentialAction\":[{\"@type\":\"SearchAction\",\"target\":{\"@type\":\"EntryPoint\",\"urlTemplate\":\"https:\/\/univet.hu\/anatomia\/en\/?s={search_term_string}\"},\"query-input\":{\"@type\":\"PropertyValueSpecification\",\"valueRequired\":true,\"valueName\":\"search_term_string\"}}],\"inLanguage\":\"de\"}]}<\/script>\n<!-- \/ Yoast SEO plugin. -->","yoast_head_json":{"title":"Konzultation - Lehrstuhl f\u00fcr Anatomie und Histologie","robots":{"index":"index","follow":"follow","max-snippet":"max-snippet:-1","max-image-preview":"max-image-preview:large","max-video-preview":"max-video-preview:-1"},"canonical":"https:\/\/univet.hu\/anatomia\/de\/lehrstuhl-fur-anatomie-und-histologie\/sezieruebung-2020-sommer\/","og_locale":"de_DE","og_type":"article","og_title":"Konzultation - Lehrstuhl f\u00fcr Anatomie und Histologie","og_description":"aktualisiert: 2025.11.10 Der Lehrstuhl bietet den Studenten begrenzte M\u00f6glichkeiten die Dissektion zu \u00fcben, Knochen und Formalin-Prepar\u00e4t zu studieren um die Vorbereitung auf die praktischen Pr\u00fcfungen zu erleichtern. Um daran teilnehmen zu k\u00f6nnen, m\u00fcssen die Studenten die ver\u00f6ffentlichten epidemiologischen Vorschriften vom Studentensekret\u00e4r und \/ oder vom Rektor,\u00a0 gem\u00e4\u00df den geltenden ungarischen Regierungsma\u00dfnahmen einhalten. Wir erwarten von","og_url":"https:\/\/univet.hu\/anatomia\/de\/lehrstuhl-fur-anatomie-und-histologie\/sezieruebung-2020-sommer\/","og_site_name":"Lehrstuhl f\u00fcr Anatomie und Histologie","article_modified_time":"2026-03-10T11:12:00+00:00","twitter_card":"summary_large_image","twitter_misc":{"Gesch\u00e4tzte Lesezeit":"2\u00a0Minuten"},"schema":{"@context":"https:\/\/schema.org","@graph":[{"@type":"WebPage","@id":"https:\/\/univet.hu\/anatomia\/de\/lehrstuhl-fur-anatomie-und-histologie\/sezieruebung-2020-sommer\/","url":"https:\/\/univet.hu\/anatomia\/de\/lehrstuhl-fur-anatomie-und-histologie\/sezieruebung-2020-sommer\/","name":"Konzultation - Lehrstuhl f\u00fcr Anatomie und Histologie","isPartOf":{"@id":"https:\/\/univet.hu\/anatomia\/en\/#website"},"datePublished":"2020-07-15T20:31:40+00:00","dateModified":"2026-03-10T11:12:00+00:00","breadcrumb":{"@id":"https:\/\/univet.hu\/anatomia\/de\/lehrstuhl-fur-anatomie-und-histologie\/sezieruebung-2020-sommer\/#breadcrumb"},"inLanguage":"de","potentialAction":[{"@type":"ReadAction","target":["https:\/\/univet.hu\/anatomia\/de\/lehrstuhl-fur-anatomie-und-histologie\/sezieruebung-2020-sommer\/"]}]},{"@type":"BreadcrumbList","@id":"https:\/\/univet.hu\/anatomia\/de\/lehrstuhl-fur-anatomie-und-histologie\/sezieruebung-2020-sommer\/#breadcrumb","itemListElement":[{"@type":"ListItem","position":1,"name":"Kezd\u0151lap","item":"https:\/\/univet.hu\/anatomia\/"},{"@type":"ListItem","position":2,"name":"Lehrstuhl f\u00fcr Anatomie und Histologie","item":"https:\/\/univet.hu\/anatomia\/"},{"@type":"ListItem","position":3,"name":"Konzultation"}]},{"@type":"WebSite","@id":"https:\/\/univet.hu\/anatomia\/en\/#website","url":"https:\/\/univet.hu\/anatomia\/en\/","name":"Anat\u00f3miai \u00e9s Sz\u00f6vettani Tansz\u00e9k","description":"","potentialAction":[{"@type":"SearchAction","target":{"@type":"EntryPoint","urlTemplate":"https:\/\/univet.hu\/anatomia\/en\/?s={search_term_string}"},"query-input":{"@type":"PropertyValueSpecification","valueRequired":true,"valueName":"search_term_string"}}],"inLanguage":"de"}]}},"_links":{"self":[{"href":"https:\/\/univet.hu\/anatomia\/de\/wp-json\/wp\/v2\/pages\/56276","targetHints":{"allow":["GET"]}}],"collection":[{"href":"https:\/\/univet.hu\/anatomia\/de\/wp-json\/wp\/v2\/pages"}],"about":[{"href":"https:\/\/univet.hu\/anatomia\/de\/wp-json\/wp\/v2\/types\/page"}],"author":[{"embeddable":true,"href":"https:\/\/univet.hu\/anatomia\/de\/wp-json\/wp\/v2\/users\/3837"}],"replies":[{"embeddable":true,"href":"https:\/\/univet.hu\/anatomia\/de\/wp-json\/wp\/v2\/comments?post=56276"}],"version-history":[{"count":13,"href":"https:\/\/univet.hu\/anatomia\/de\/wp-json\/wp\/v2\/pages\/56276\/revisions"}],"predecessor-version":[{"id":134327,"href":"https:\/\/univet.hu\/anatomia\/de\/wp-json\/wp\/v2\/pages\/56276\/revisions\/134327"}],"up":[{"embeddable":true,"href":"https:\/\/univet.hu\/anatomia\/de\/wp-json\/wp\/v2\/pages\/3303"}],"wp:attachment":[{"href":"https:\/\/univet.hu\/anatomia\/de\/wp-json\/wp\/v2\/media?parent=56276"}],"wp:term":[{"taxonomy":"category","embeddable":true,"href":"https:\/\/univet.hu\/anatomia\/de\/wp-json\/wp\/v2\/categories?post=56276"},{"taxonomy":"post_tag","embeddable":true,"href":"https:\/\/univet.hu\/anatomia\/de\/wp-json\/wp\/v2\/tags?post=56276"}],"curies":[{"name":"wp","href":"https:\/\/api.w.org\/{rel}","templated":true}]}}