{"id":63017,"date":"2021-03-04T14:41:54","date_gmt":"2021-03-04T13:41:54","guid":{"rendered":"https:\/\/univet.hu\/?page_id=63017"},"modified":"2025-01-13T21:02:42","modified_gmt":"2025-01-13T20:02:42","slug":"covid-szabalyok-2020nemet","status":"publish","type":"page","link":"https:\/\/univet.hu\/anatomia\/de\/lehrstuhl-fur-anatomie-und-histologie\/studenteninformation-und-prufungsregeln\/covid-szabalyok-2020nemet\/","title":{"rendered":"COVID Regeln 2020"},"content":{"rendered":"<p><em>\u00c4nderungen in der Pr\u00fcfungsordnung\u00a0 w\u00e4hrend des von der Behinderung des Coronavirus betroffenen Zeitraums in der Fr\u00fchlingsemester des Akademische Jahres 2019\/2020<\/em><\/p> <p>2020.04.01<\/p> <p>2020.08.11:\u00a0Erweiterung f\u00fcr 1.5 hinzugef\u00fcgt (f\u00fcr inaktive Studenten an A2 Pr. Pr\u00fcfung)<\/p> <p>aktualisiert: 2020.08.03 (1.5.2. Klarstellung der Organen); 2020.05.04 ( 2.2: 12 Min); 2020.04.28 (6.); 2020.04.21. (2.1.-2.7.; 3.1-3.8.)<\/p> <p style=\"padding-left: 30px\">1. Die praktische Pr\u00fcfungen f\u00fcr Anatomie 1, Anatomie 2, Anatomie 3 und Topografische Anatomie werden zeitweilig ausgesetzt. Diejenigen, die eine praktische Pr\u00fcfung haben, d\u00fcrfen die folgende theoretische Pr\u00fcfung ablegen.<\/p> <p style=\"padding-left: 60px\">1.1. Nach Abschluss der n\u00e4chsten theoretischen Pr\u00fcfung k\u00f6nnen die Studenten auch die n\u00e4chste praktische Pr\u00fcfung \u00fcberspringen und mit der folgenden theoretischen Pr\u00fcfung fortfahren, sofern ihnen zuvor die Unterschrift dieses Fachs vorgelegt wurde.<\/p> <p style=\"padding-left: 60px\">1.2. Alle \u00fcbersprungenen praktischen Pr\u00fcfungen m\u00fcssen in der Standardreihenfolge abgeschlossen sein, sobald die Behinderung \/ Quarant\u00e4ne beendet ist. Die abgeschlossenen theoretischen Pr\u00fcfungen bleiben g\u00fcltig, daher m\u00fcssen einige Studenten m\u00f6glicherweise mehr als eine praktische Pr\u00fcfung nacheinander bestehen.<\/p> <p style=\"padding-left: 60px\">1.3. Sobald sich die Situation wieder normalisiert hat, wird die Standardreihenfolge der Pr\u00fcfungen wieder zur\u00fcckgesetzt. Studenten, die eine praktische Pr\u00fcfung fehlt, verlieren daher ihre Chance, die theoretische Pr\u00fcfung abzulegen, selbst wenn sie w\u00e4hrend der Behinderung ablegen d\u00fcrften.<\/p> <p style=\"padding-left: 60px\">1.4. Studenten, die an 2-in-1-, Inaktive-, und Nachholkurse teilnehmen, erhalten die M\u00f6glichkeit, die fehlenden praktischen Pr\u00fcfungen f\u00fcr A1, A3 und Topografische Anatomie zwischen dem 31. August und dem 11. September abzulegen.<\/p> <p style=\"padding-left: 90px\">1.4.1. Sie k\u00f6nnen mit den praktischen Pr\u00fcfungen fortfahren, sie den entsprechenden theoretischen Teil abgeschlossen haben.<\/p> <p style=\"padding-left: 90px\">1.4.2. Es gibt zwei M\u00f6glichkeiten f\u00fcr Studenten, die die praktischen Pr\u00fcfungen f\u00fcr Anatomie II und III ebenfalls \u00fcbersprungen, aber die m\u00fcndliche Pr\u00fcfung f\u00fcr Anatomie III bestanden haben:<\/p> <p style=\"padding-left: 120px\">A: Sie k\u00f6nnen sich zwischen dem 31. August und dem 11. September f\u00fcr eine praktische Anatomie III-Pr\u00fcfung anmelden. Diese Pr\u00fcfung beginnt mit einem Vortest, wie in Abschnitten 1.5.1; 1.5.2; 1.5.4 beschrieben.<\/p> <p style=\"padding-left: 120px\">B: Sie k\u00f6nnen an den praktischen Pr\u00fcfungen f\u00fcr Anatomie II und Anatomie III inaktiv werden. In diesem Fall m\u00fcssen sie diese unabh\u00e4ngig nach der normalen Regelung (\u00a71.6.2) ausf\u00fcllen.<\/p> <p style=\"padding-left: 90px\">1.4.3. Weitere Informationen zu den Daten erhalten Sie so schnell wie m\u00f6glich \u00fcber diese Website und der Semestersprecherin.<\/p> <p style=\"padding-left: 60px\">1.5. F\u00fcr die regul\u00e4ren Anatomie II-Studenten, die die theoretische Anatomie II-Pr\u00fcfung w\u00e4hrend des Pr\u00fcfungszeitraums des laufenden Semesters (Sommerpr\u00fcfungszeitraum 2019\/2020) bestanden haben, wird die praktische Anatomie II-Pr\u00fcfung auf einen Pin-Test (an Knochen und an Formalin fixierten Pr\u00e4parates) reduziert.\u00a0Gleiches gilt f\u00fcr Wiederholung \/ Inaktive Studenten, die die A2-Praxispr\u00fcfung im Pr\u00fcfungszeitraum August \/ September bestehen m\u00fcssen, aber die A3 Theorie nicht bestanden haben.<\/p> <p style=\"padding-left: 90px\">1.5.1. Der Pin-Test wird auf 4 Tischen, 10 Strukturen \/ Tisch (40 Strukturen insgesamt), 6 Min\/Tisch durchgef\u00fchrt. \u00a0Zum Bestehen der Pr\u00fcfung muss man 60% (24 Punkt) erreichen.<\/p> <p style=\"padding-left: 90px\">1.5.2. Ein Tisch mit Knochen (auch der Sch\u00e4del) die andere drei Tischen mit Formalin fixierten Pr\u00e4parate an der Visceralis Organen (Darmkanal, Leber, Pankreas, alle Harnorganen), der Lunge, der Mundh\u00f6hle, den Schlund, den Kehlkopf und das Herz.<\/p> <p style=\"padding-left: 90px\">1.5.3. F\u00fcr dieses Studenten es wird eine fakultative (nicht obligatorische) Gelegenheit geben, dies im November und eine weitere im Dezember zu bestehen.<\/p> <p style=\"padding-left: 90px\">1.5.4. Diejenigen, die diese nicht bestehen, m\u00fcssen diese als Vortest vor ihrer praktischen Pr\u00fcfung f\u00fcr von Anatomie III w\u00e4hrend der Winterpr\u00fcfungsperiode 2020\/2021 absolvieren.<\/p> <p style=\"padding-left: 120px\">1.5.4.1. Da dient als Vortest, m\u00fcssen Studenten, die die Anatomie III-Sezierpr\u00fcfung danach nicht bestehen, diese (Vortest und Sezierpr\u00fcfung) bei ihrem n\u00e4chsten Versuch wiederholen.<\/p> <p style=\"padding-left: 120px\">1.5.4.2. Studenten, die diese Pr\u00fcfung (unabh\u00e4ngig im November \/ Dezember oder zusammen mit ihrer praktischen Pr\u00fcfung f\u00fcr Anatomie III w\u00e4hrend des Pr\u00fcfungszeitraums) bis 31. Januar 2021 nicht bestehen k\u00f6nnen, die normale Anatomie II praktische Pr\u00fcfung (Vortest + Sezierpr\u00fcfung) wird nach dem 1. Februar 2021 zur\u00fcckgesetzt (sie m\u00fcssen den Anatomie II. praktischen Kurs wiederholen).<\/p> <p style=\"padding-left: 60px\">1.6. Studenten, die die theoretische Pr\u00fcfung von Anatomie II bis Ende des Sommerpr\u00fcfungszeitraums 2020 nicht bestanden haben, m\u00fcssen inaktiv sein oder Anatomie II wiederholen.<\/p> <p style=\"padding-left: 90px\">1.6.1. Diese Studenten d\u00fcrfen zwischen dem 31. August und dem 11. September die praktische Pr\u00fcfung nicht ablegen. (Siehe 1.4.1.)<\/p> <p style=\"padding-left: 90px\">1.6.2 Inaktive Pr\u00fcfungen und Wiederholungspr\u00fcfungen werden wie normale Anatomie II. Pr\u00fcfungen behandeln, keine besonderen Regeln.<\/p> <p style=\"padding-left: 30px\">2. Alle m\u00fcndlichen Pr\u00fcfungen zur 2-in-1, Inaktive-, und Nachholkurse von Anatomie III w\u00fcrden mit einer Online-Vortest gestartet, \u00e4hnlich der normale Vortest.<\/p> <p style=\"padding-left: 60px\">2.1. Jeder Sch\u00fcler erh\u00e4lt einen randomisierten Test, der sich von den anderen unterscheidet.<\/p> <p style=\"padding-left: 60px\">2.2. Der elektronische Vortest dauert 12 Minuten.<\/p> <p style=\"padding-left: 60px\">2.3. Der Vortest besteht aus 15 Single-Choice-Fragen (jeweils mit 4 Antwortoptionen, 1 gute Antwort), die auf 3 Seiten (jeweils 5 Fragen) unterteilt sind.<\/p> <p style=\"padding-left: 60px\"><strong>2.4. Nach Abschluss (Verlassen) einer Seite ist keine R\u00fcckkehr mehr m\u00f6glich!<\/strong><\/p> <p style=\"padding-left: 60px\">2.5. Diejenigen, die dies bestehen, k\u00f6nnen mit dem m\u00fcndlichen Rigorosum von Anatomie III \u00fcber MS Teams fortfahren. Die Standard-Themenliste (A-F) ist g\u00fcltig, ein Online-Zufallsgenerator wird zur Auswahl der Themen verwendet. Genaue technische Details werden so schnell wie m\u00f6glich ver\u00f6ffentlicht.<\/p> <p style=\"padding-left: 60px\">2.6. Der Pr\u00fcfer wird gleichzeitig mit 4 Studenten in Verbindung stehen, von denen einer pr\u00fcft, die anderen sich vorbereiten. Der Rest der Studenten muss warten, bis sie an der Reihe sind, um das Thema auszuw\u00e4hlen.<\/p> <p style=\"padding-left: 60px\">2.7. Wenn die Themen ausgew\u00e4hlt wurden und Ihre Internetverbindung unterbrochen wurde, in diesem Fall ist die Pr\u00fcfung ung\u00fcltig, so man verliert nicht die Gelegenheit um die gesamte Pr\u00fcfung (einschlie\u00dflich Vortest) wiederzuholen. Wenn dies zweimal geschieht, geht auch die Pr\u00fcfungschance verloren.<\/p> <p style=\"padding-left: 30px\">3. Alle schriftlichen Pr\u00fcfungen werden Online \u00fcber Neptun aufsetzen.<\/p> <p style=\"padding-left: 60px\">3.1. Der Zeitrahmen in Neptun (z. B. 9: 00-9: 15) gibt an, wann der Sch\u00fcler die Pr\u00fcfung starten kann. Wenn Sie dies nicht tun, verliert der Sch\u00fcler die Pr\u00fcfungschance.<\/p> <p style=\"padding-left: 60px\">3.2. Studenten, die gleichzeitig gepr\u00fcft werden, bekommen verschiedene Pr\u00fcfungen.<\/p> <p style=\"padding-left: 60px\">3.3. Die Fragetypen \u00e4hneln denen der normalen schriftlichen Pr\u00fcfungen, daher aktive Beantwortung, Single-Choice-Fragen, Multiple-Choice-Fragen, Bilder usw. Bitte beachten Sie die Standard-Beispieltests.<\/p> <p style=\"padding-left: 60px\">3.4. Die Pr\u00fcfung ist in Seiten unterteilt, die jeweils mehrere Fragen zu einem bestimmten Teil des Lehrplans enthalten.<\/p> <p style=\"padding-left: 60px\"><strong>3.5. Nach Abschluss (Verlassen) einer Seite ist keine R\u00fcckkehr mehr m\u00f6glich!<\/strong><\/p> <p style=\"padding-left: 60px\">3.6 Dieselben Pr\u00fcfungen haben das gleiche Zeitlimit und Setup.<\/p> <p style=\"padding-left: 90px\">3.6.1. Die Pr\u00fcfungen f\u00fcr Anatomie 1 und Anatomie II dauern 60 Minuten.<\/p> <p style=\"padding-left: 90px\">3.6.2. Topografische Anatomiepr\u00fcfungen und Pr\u00fcfungen in Wahlf\u00e4chern dauern 30 Minuten<\/p> <p style=\"padding-left: 90px\">3.6.3. Die Abteilung informiert Sie bis zum 30. April \u00fcber den allgemeinen Aufbau jeder Pr\u00fcfung.<\/p> <p style=\"padding-left: 60px\">3.7. Die Korrektur erfolgt halbautomatisch und kann l\u00e4nger dauern als gew\u00f6hnlich.<\/p> <p style=\"padding-left: 60px\">3.8. Es ist keine Einsicht m\u00f6glich.<\/p> <p style=\"padding-left: 30px\">4. Die Geschlechtsorgane, die am Mai im Lehrplan aufgef\u00fchrt sind, werden w\u00e4hrend der theoretischen Anatomie-II. Pr\u00fcfungen des verl\u00e4ngerten Sommerpr\u00fcfungszeitraums 2019\/2020 nicht abgefragt.<\/p> <p style=\"padding-left: 30px\">5. Der Lehrstuhl\u00a0bietet die folgende Konsultation (durch MS Teams)) w\u00e4hrend des Sommerpr\u00fcfungszeitraums von 2019\/2020 :<\/p> <p style=\"padding-left: 60px\">Anatomie II: Dr. Heinzlmann &#8211; Mittwoch 12-14 Uhr<\/p> <p style=\"padding-left: 60px\">Topographischen Anatomie: Dr. Lor\u00e1szk\u00f3 &#8211; Mittwoch 10-12\u00a0Uhr<\/p> <p style=\"padding-left: 30px\">6. Die\u00a0<span style=\"font-size: 12pt\">technische Beschreibung f\u00fcr dem\u00a0<\/span>Prozess f\u00fcr das Online-Anatomie-Rigorosum findet man an<a href=\"https:\/\/univet.hu\/de\/universitaet\/organisationseinheiten\/lehrstuhl-fur-anatomie-und-histologie\/studenteninformation-und-prufungsregeln\/online-anatomie-rigorosum-regeln\/\" target=\"_blank\" rel=\"noopener\"> einer separierte Seite<\/a>.<\/p>","protected":false},"excerpt":{"rendered":"<p>\u00c4nderungen in der Pr\u00fcfungsordnung\u00a0 w\u00e4hrend des von der Behinderung des Coronavirus betroffenen Zeitraums in der Fr\u00fchlingsemester des Akademische Jahres 2019\/2020 2020.04.01 2020.08.11:\u00a0Erweiterung f\u00fcr 1.5 hinzugef\u00fcgt (f\u00fcr inaktive Studenten an A2 Pr. Pr\u00fcfung) aktualisiert: 2020.08.03 (1.5.2. Klarstellung der Organen); 2020.05.04 ( 2.2: 12 Min); 2020.04.28 (6.); 2020.04.21. (2.1.-2.7.; 3.1-3.8.) 1. Die praktische Pr\u00fcfungen f\u00fcr Anatomie 1,<\/p>\n","protected":false},"author":2530,"featured_media":0,"parent":13323,"menu_order":0,"comment_status":"closed","ping_status":"closed","template":"","meta":{"_acf_changed":false,"footnotes":""},"categories":[],"tags":[],"class_list":["post-63017","page","type-page","status-publish","hentry"],"acf":[],"yoast_head":"<!-- This site is optimized with the Yoast SEO plugin v27.2 - https:\/\/yoast.com\/product\/yoast-seo-wordpress\/ -->\n<title>COVID Regeln 2020 - Lehrstuhl f\u00fcr Anatomie und Histologie<\/title>\n<meta name=\"robots\" content=\"index, follow, max-snippet:-1, max-image-preview:large, max-video-preview:-1\" \/>\n<link rel=\"canonical\" href=\"https:\/\/univet.hu\/anatomia\/de\/lehrstuhl-fur-anatomie-und-histologie\/studenteninformation-und-prufungsregeln\/covid-szabalyok-2020nemet\/\" \/>\n<meta property=\"og:locale\" content=\"de_DE\" \/>\n<meta property=\"og:type\" content=\"article\" \/>\n<meta property=\"og:title\" content=\"COVID Regeln 2020 - Lehrstuhl f\u00fcr Anatomie und Histologie\" \/>\n<meta property=\"og:description\" content=\"\u00c4nderungen in der Pr\u00fcfungsordnung\u00a0 w\u00e4hrend des von der Behinderung des Coronavirus betroffenen Zeitraums in der Fr\u00fchlingsemester des Akademische Jahres 2019\/2020 2020.04.01 2020.08.11:\u00a0Erweiterung f\u00fcr 1.5 hinzugef\u00fcgt (f\u00fcr inaktive Studenten an A2 Pr. Pr\u00fcfung) aktualisiert: 2020.08.03 (1.5.2. Klarstellung der Organen); 2020.05.04 ( 2.2: 12 Min); 2020.04.28 (6.); 2020.04.21. (2.1.-2.7.; 3.1-3.8.) 1. Die praktische Pr\u00fcfungen f\u00fcr Anatomie 1,\" \/>\n<meta property=\"og:url\" content=\"https:\/\/univet.hu\/anatomia\/de\/lehrstuhl-fur-anatomie-und-histologie\/studenteninformation-und-prufungsregeln\/covid-szabalyok-2020nemet\/\" \/>\n<meta property=\"og:site_name\" content=\"Lehrstuhl f\u00fcr Anatomie und Histologie\" \/>\n<meta property=\"article:modified_time\" content=\"2025-01-13T20:02:42+00:00\" \/>\n<meta name=\"twitter:card\" content=\"summary_large_image\" \/>\n<meta name=\"twitter:label1\" content=\"Gesch\u00e4tzte Lesezeit\" \/>\n\t<meta name=\"twitter:data1\" content=\"6\u00a0Minuten\" \/>\n<script type=\"application\/ld+json\" class=\"yoast-schema-graph\">{\"@context\":\"https:\/\/schema.org\",\"@graph\":[{\"@type\":\"WebPage\",\"@id\":\"https:\/\/univet.hu\/anatomia\/de\/lehrstuhl-fur-anatomie-und-histologie\/studenteninformation-und-prufungsregeln\/covid-szabalyok-2020nemet\/\",\"url\":\"https:\/\/univet.hu\/anatomia\/de\/lehrstuhl-fur-anatomie-und-histologie\/studenteninformation-und-prufungsregeln\/covid-szabalyok-2020nemet\/\",\"name\":\"COVID Regeln 2020 - Lehrstuhl f\u00fcr Anatomie und Histologie\",\"isPartOf\":{\"@id\":\"https:\/\/univet.hu\/anatomia\/en\/#website\"},\"datePublished\":\"2021-03-04T13:41:54+00:00\",\"dateModified\":\"2025-01-13T20:02:42+00:00\",\"breadcrumb\":{\"@id\":\"https:\/\/univet.hu\/anatomia\/de\/lehrstuhl-fur-anatomie-und-histologie\/studenteninformation-und-prufungsregeln\/covid-szabalyok-2020nemet\/#breadcrumb\"},\"inLanguage\":\"de\",\"potentialAction\":[{\"@type\":\"ReadAction\",\"target\":[\"https:\/\/univet.hu\/anatomia\/de\/lehrstuhl-fur-anatomie-und-histologie\/studenteninformation-und-prufungsregeln\/covid-szabalyok-2020nemet\/\"]}]},{\"@type\":\"BreadcrumbList\",\"@id\":\"https:\/\/univet.hu\/anatomia\/de\/lehrstuhl-fur-anatomie-und-histologie\/studenteninformation-und-prufungsregeln\/covid-szabalyok-2020nemet\/#breadcrumb\",\"itemListElement\":[{\"@type\":\"ListItem\",\"position\":1,\"name\":\"Kezd\u0151lap\",\"item\":\"https:\/\/univet.hu\/anatomia\/\"},{\"@type\":\"ListItem\",\"position\":2,\"name\":\"Lehrstuhl f\u00fcr Anatomie und Histologie\",\"item\":\"https:\/\/univet.hu\/anatomia\/\"},{\"@type\":\"ListItem\",\"position\":3,\"name\":\"Studenteninformation und Pr\u00fcfungsregeln\",\"item\":\"https:\/\/univet.hu\/anatomia\/de\/lehrstuhl-fur-anatomie-und-histologie\/studenteninformation-und-prufungsregeln\/\"},{\"@type\":\"ListItem\",\"position\":4,\"name\":\"COVID Regeln 2020\"}]},{\"@type\":\"WebSite\",\"@id\":\"https:\/\/univet.hu\/anatomia\/en\/#website\",\"url\":\"https:\/\/univet.hu\/anatomia\/en\/\",\"name\":\"Anat\u00f3miai \u00e9s Sz\u00f6vettani Tansz\u00e9k\",\"description\":\"\",\"potentialAction\":[{\"@type\":\"SearchAction\",\"target\":{\"@type\":\"EntryPoint\",\"urlTemplate\":\"https:\/\/univet.hu\/anatomia\/en\/?s={search_term_string}\"},\"query-input\":{\"@type\":\"PropertyValueSpecification\",\"valueRequired\":true,\"valueName\":\"search_term_string\"}}],\"inLanguage\":\"de\"}]}<\/script>\n<!-- \/ Yoast SEO plugin. -->","yoast_head_json":{"title":"COVID Regeln 2020 - Lehrstuhl f\u00fcr Anatomie und Histologie","robots":{"index":"index","follow":"follow","max-snippet":"max-snippet:-1","max-image-preview":"max-image-preview:large","max-video-preview":"max-video-preview:-1"},"canonical":"https:\/\/univet.hu\/anatomia\/de\/lehrstuhl-fur-anatomie-und-histologie\/studenteninformation-und-prufungsregeln\/covid-szabalyok-2020nemet\/","og_locale":"de_DE","og_type":"article","og_title":"COVID Regeln 2020 - Lehrstuhl f\u00fcr Anatomie und Histologie","og_description":"\u00c4nderungen in der Pr\u00fcfungsordnung\u00a0 w\u00e4hrend des von der Behinderung des Coronavirus betroffenen Zeitraums in der Fr\u00fchlingsemester des Akademische Jahres 2019\/2020 2020.04.01 2020.08.11:\u00a0Erweiterung f\u00fcr 1.5 hinzugef\u00fcgt (f\u00fcr inaktive Studenten an A2 Pr. Pr\u00fcfung) aktualisiert: 2020.08.03 (1.5.2. Klarstellung der Organen); 2020.05.04 ( 2.2: 12 Min); 2020.04.28 (6.); 2020.04.21. (2.1.-2.7.; 3.1-3.8.) 1. Die praktische Pr\u00fcfungen f\u00fcr Anatomie 1,","og_url":"https:\/\/univet.hu\/anatomia\/de\/lehrstuhl-fur-anatomie-und-histologie\/studenteninformation-und-prufungsregeln\/covid-szabalyok-2020nemet\/","og_site_name":"Lehrstuhl f\u00fcr Anatomie und Histologie","article_modified_time":"2025-01-13T20:02:42+00:00","twitter_card":"summary_large_image","twitter_misc":{"Gesch\u00e4tzte Lesezeit":"6\u00a0Minuten"},"schema":{"@context":"https:\/\/schema.org","@graph":[{"@type":"WebPage","@id":"https:\/\/univet.hu\/anatomia\/de\/lehrstuhl-fur-anatomie-und-histologie\/studenteninformation-und-prufungsregeln\/covid-szabalyok-2020nemet\/","url":"https:\/\/univet.hu\/anatomia\/de\/lehrstuhl-fur-anatomie-und-histologie\/studenteninformation-und-prufungsregeln\/covid-szabalyok-2020nemet\/","name":"COVID Regeln 2020 - Lehrstuhl f\u00fcr Anatomie und Histologie","isPartOf":{"@id":"https:\/\/univet.hu\/anatomia\/en\/#website"},"datePublished":"2021-03-04T13:41:54+00:00","dateModified":"2025-01-13T20:02:42+00:00","breadcrumb":{"@id":"https:\/\/univet.hu\/anatomia\/de\/lehrstuhl-fur-anatomie-und-histologie\/studenteninformation-und-prufungsregeln\/covid-szabalyok-2020nemet\/#breadcrumb"},"inLanguage":"de","potentialAction":[{"@type":"ReadAction","target":["https:\/\/univet.hu\/anatomia\/de\/lehrstuhl-fur-anatomie-und-histologie\/studenteninformation-und-prufungsregeln\/covid-szabalyok-2020nemet\/"]}]},{"@type":"BreadcrumbList","@id":"https:\/\/univet.hu\/anatomia\/de\/lehrstuhl-fur-anatomie-und-histologie\/studenteninformation-und-prufungsregeln\/covid-szabalyok-2020nemet\/#breadcrumb","itemListElement":[{"@type":"ListItem","position":1,"name":"Kezd\u0151lap","item":"https:\/\/univet.hu\/anatomia\/"},{"@type":"ListItem","position":2,"name":"Lehrstuhl f\u00fcr Anatomie und Histologie","item":"https:\/\/univet.hu\/anatomia\/"},{"@type":"ListItem","position":3,"name":"Studenteninformation und Pr\u00fcfungsregeln","item":"https:\/\/univet.hu\/anatomia\/de\/lehrstuhl-fur-anatomie-und-histologie\/studenteninformation-und-prufungsregeln\/"},{"@type":"ListItem","position":4,"name":"COVID Regeln 2020"}]},{"@type":"WebSite","@id":"https:\/\/univet.hu\/anatomia\/en\/#website","url":"https:\/\/univet.hu\/anatomia\/en\/","name":"Anat\u00f3miai \u00e9s Sz\u00f6vettani Tansz\u00e9k","description":"","potentialAction":[{"@type":"SearchAction","target":{"@type":"EntryPoint","urlTemplate":"https:\/\/univet.hu\/anatomia\/en\/?s={search_term_string}"},"query-input":{"@type":"PropertyValueSpecification","valueRequired":true,"valueName":"search_term_string"}}],"inLanguage":"de"}]}},"_links":{"self":[{"href":"https:\/\/univet.hu\/anatomia\/de\/wp-json\/wp\/v2\/pages\/63017","targetHints":{"allow":["GET"]}}],"collection":[{"href":"https:\/\/univet.hu\/anatomia\/de\/wp-json\/wp\/v2\/pages"}],"about":[{"href":"https:\/\/univet.hu\/anatomia\/de\/wp-json\/wp\/v2\/types\/page"}],"author":[{"embeddable":true,"href":"https:\/\/univet.hu\/anatomia\/de\/wp-json\/wp\/v2\/users\/2530"}],"replies":[{"embeddable":true,"href":"https:\/\/univet.hu\/anatomia\/de\/wp-json\/wp\/v2\/comments?post=63017"}],"version-history":[{"count":1,"href":"https:\/\/univet.hu\/anatomia\/de\/wp-json\/wp\/v2\/pages\/63017\/revisions"}],"predecessor-version":[{"id":134049,"href":"https:\/\/univet.hu\/anatomia\/de\/wp-json\/wp\/v2\/pages\/63017\/revisions\/134049"}],"up":[{"embeddable":true,"href":"https:\/\/univet.hu\/anatomia\/de\/wp-json\/wp\/v2\/pages\/13323"}],"wp:attachment":[{"href":"https:\/\/univet.hu\/anatomia\/de\/wp-json\/wp\/v2\/media?parent=63017"}],"wp:term":[{"taxonomy":"category","embeddable":true,"href":"https:\/\/univet.hu\/anatomia\/de\/wp-json\/wp\/v2\/categories?post=63017"},{"taxonomy":"post_tag","embeddable":true,"href":"https:\/\/univet.hu\/anatomia\/de\/wp-json\/wp\/v2\/tags?post=63017"}],"curies":[{"name":"wp","href":"https:\/\/api.w.org\/{rel}","templated":true}]}}