{"id":63023,"date":"2021-03-04T14:49:20","date_gmt":"2021-03-04T13:49:20","guid":{"rendered":"https:\/\/univet.hu\/?page_id=63023"},"modified":"2025-01-13T21:02:42","modified_gmt":"2025-01-13T20:02:42","slug":"covid-regeln-2021","status":"publish","type":"page","link":"https:\/\/univet.hu\/anatomia\/de\/lehrstuhl-fur-anatomie-und-histologie\/studenteninformation-und-prufungsregeln\/covid-regeln-2021\/","title":{"rendered":"COVID Regeln 2021"},"content":{"rendered":"<p><strong>Gem\u00e4\u00df den Anweisungen des Rektors an 4. M\u00e4rz 2021 und infolgedessen werden die folgenden \u00c4nderungen f\u00fcr Anatomie f\u00fcr das Fr\u00fchjahrssemester des akademischen Jahres 2020\/2021 durchgesetzt:<\/strong><\/p> <p><em>(ver\u00f6ffentlich: 2021. 4. M\u00e4rz)<\/em><\/p> <p><em>(Aktualisiert \u00fcber der Wieder-schlie\u00dfung an 2021. 15. April)<\/em><\/p> <p>(14. Mai 2021: Verl\u00e4ngerung des Zeitrahmens in 3.3 und 4.3)<\/p> <ol> <li>) <strong>Alle anatomiebezogenen Kurse und Pr\u00fcfungen werden online durchgef\u00fchrt.<\/strong><\/li> <li>Theoretische Pr\u00fcfungen: Die schriftlichen Pr\u00fcfungen und der Vortest des Rigorosums finden auf Neptun-Unipoll statt, das m\u00fcndliche Finale in MS. TEAMS.<\/li> <li><strong>Anatomie I. praktische Pr\u00fcfung<\/strong>: ONLINE Pin-test auf Fotos. <ol> <li>) 1. Seite: 10 Knochenstrukturen, 2. Seite: 10 Sch\u00e4del + A1-Formalinstrukturen, 3. Seite: 10 sezierte Kadaverstrukturen, Ans\u00e4tzen, Urspr\u00fcngen und Funktionen, 4. Seite: 10 sezierte Muskelnahmen.<\/li> <li>) Wir werden Tierarten und Seiten \u00fcber den Knochen auch fragen.<\/li> <li>) 24 Minuten Total.<\/li> <li>) Alle Fragen erfordern AKTIVE Antworten!<\/li> <li><strong>) Sie k\u00f6nnen auf die vorhergehenden Seiten nicht mehr zur\u00fcckgreifen<\/strong>!<\/li> <li>) Die Studenten m\u00fcssen auf den ersten zwei Seiten insgesamt 11 Punkte und auf der dritten-vierten Seiten insgesamt 11 Punkte erhalten, um zu bestehen.<\/li> <li>) Dies gilt auch f\u00fcr alle Wiederholungs- und inaktiven Pr\u00fcfungen.<\/li> <li>) Pr\u00fcfungsvoraussetzungen werden nicht ge\u00e4ndert.<\/li> <\/ol> <\/li> <li><strong>Anatomie II. praktische Pr\u00fcfung<\/strong>: ONLINE Pin-test auf Fotos, ohne manuelles Teil <ol> <li>) 1. Seite: 10 Knochen + Sch\u00e4del-Strukturen, 2. Seite: 10 A2-Formalin-Strukturen, 3. Seite: 10 sezierte Visceral Organs Strukturen an frisch Kadaver, 4. Seite: 10 sezierte Angiologie Strukturen an frisch Kadaver.<\/li> <li>) Wir werden einigen Tierarten und Seiten an dem Knochen und Organe sowie einige Insertionen, Urspr\u00fcnge und Funktionen der Muskeln und B\u00e4nder (z. B.: Larynx) und einige Versorgungsregionen f\u00fcr die Gef\u00e4\u00dfe fragen.<\/li> <li>) 24 Minuten Total.<\/li> <li>) Alle Fragen erfordern AKTIVE Antworten!<\/li> <li><strong>) Sie k\u00f6nnen auf die vorhergehenden Seiten nicht mehr zur\u00fcckgreifen<\/strong>!<\/li> <li>) Die Studenten m\u00fcssen auf den ersten zwei Seiten insgesamt 12 Punkte und auf der dritten-vierten Seiten insgesamt 12 Punkte erhalten, um zu bestehen.<\/li> <li>) Dies gilt auch f\u00fcr alle Wiederholungs- und inaktiven Pr\u00fcfungen.<\/li> <li>) Pr\u00fcfungsvoraussetzungen werden nicht ge\u00e4ndert.<\/li> <\/ol> <\/li> <li>Ein Beispieltest wird sp\u00e4testens am 23. April in Neptun-Unipoll ver\u00f6ffentlicht.<\/li> <li><strong>Anatomie III, Sezierspr\u00fcfung<\/strong>: <ol> <li>Die Studenten d\u00fcrfen die m\u00fcndliche Pr\u00fcfung im April \/ Mai \/ Juni ablegen, ohne die Dissektion abzuschlie\u00dfen.<\/li> <li>Diejenigen, die den m\u00fcndlichen Teil bestehen, erhalten Ende August \/ September Pr\u00fcfungsterminen f\u00fcr die praktische Pr\u00fcfung.<\/li> <li>\u00dcbung m\u00f6glichkeiten werden ihnen im Voraus zur Verf\u00fcgung gestellt.<\/li> <li>Dies gilt auch f\u00fcr alle Wiederholungs- und inaktiven Pr\u00fcfungen.<\/li> <\/ol> <\/li> <li>Topographische Anatomie Praktische Pr\u00fcfungen werden abgesagt.<\/li> <li>Topographische Anatomie Theoretische Pr\u00fcfungstermine werden ebenfalls im September verf\u00fcgbar sein.<\/li> <\/ol> <p><strong>HINWEIS<\/strong>: Im September (zwischen dem 6. und 17. September) gibt es Termine f\u00fcr praktische Pr\u00fcfungen und theoretische Pr\u00fcfungen zur Topografischen Anatomie f\u00fcr diejenigen, die diese im Juni wegen fehlender praktischer Pr\u00fcfungen nicht ablegen konnten. Es gibt keine theoretischen A1-2-3-Pr\u00fcfungen oder regul\u00e4ren Topo. Theorien!<\/p> <p>Diese Regeln k\u00f6nnen sich nach nationalen \u00c4nderungen und Rektoratsma\u00dfnahmen \u00e4ndern. Wir werden die betroffenen Studenten immer so schnell wie m\u00f6glich \u00fcber den Semestersprechern und die Website informieren.<\/p> <p>&nbsp;<\/p> <p><img loading=\"lazy\" decoding=\"async\" class=\"alignnone wp-image-65255\" src=\"https:\/\/univet.hu\/anatomia\/wp-content\/uploads\/sites\/4\/2021\/06\/Dr-Szalay-online-ora-320x175.jpg\" alt=\"\" width=\"1200\" height=\"656\" \/><\/p> <div>Eine Online-Anatomie-Vorlesung w\u00e4hrend der Covid-Zeit. Hinter dem Dozenten befindet sich eine Tafel mit Zeichnung, die in Echtzeit aufgezeichnet wird.<br \/> Copyright &#8211; Foto von Lili Nagy<\/div>","protected":false},"excerpt":{"rendered":"<p>Gem\u00e4\u00df den Anweisungen des Rektors an 4. M\u00e4rz 2021 und infolgedessen werden die folgenden \u00c4nderungen f\u00fcr Anatomie f\u00fcr das Fr\u00fchjahrssemester des akademischen Jahres 2020\/2021 durchgesetzt: (ver\u00f6ffentlich: 2021. 4. M\u00e4rz) (Aktualisiert \u00fcber der Wieder-schlie\u00dfung an 2021. 15. April) (14. Mai 2021: Verl\u00e4ngerung des Zeitrahmens in 3.3 und 4.3) ) Alle anatomiebezogenen Kurse und Pr\u00fcfungen werden online<\/p>\n","protected":false},"author":2530,"featured_media":0,"parent":13323,"menu_order":0,"comment_status":"closed","ping_status":"closed","template":"","meta":{"_acf_changed":false,"footnotes":""},"categories":[],"tags":[],"class_list":["post-63023","page","type-page","status-publish","hentry"],"acf":[],"yoast_head":"<!-- This site is optimized with the Yoast SEO plugin v27.2 - https:\/\/yoast.com\/product\/yoast-seo-wordpress\/ -->\n<title>COVID Regeln 2021 - Lehrstuhl f\u00fcr Anatomie und Histologie<\/title>\n<meta name=\"robots\" content=\"index, follow, max-snippet:-1, max-image-preview:large, max-video-preview:-1\" \/>\n<link rel=\"canonical\" href=\"https:\/\/univet.hu\/anatomia\/de\/lehrstuhl-fur-anatomie-und-histologie\/studenteninformation-und-prufungsregeln\/covid-regeln-2021\/\" \/>\n<meta property=\"og:locale\" content=\"de_DE\" \/>\n<meta property=\"og:type\" content=\"article\" \/>\n<meta property=\"og:title\" content=\"COVID Regeln 2021 - Lehrstuhl f\u00fcr Anatomie und Histologie\" \/>\n<meta property=\"og:description\" content=\"Gem\u00e4\u00df den Anweisungen des Rektors an 4. M\u00e4rz 2021 und infolgedessen werden die folgenden \u00c4nderungen f\u00fcr Anatomie f\u00fcr das Fr\u00fchjahrssemester des akademischen Jahres 2020\/2021 durchgesetzt: (ver\u00f6ffentlich: 2021. 4. M\u00e4rz) (Aktualisiert \u00fcber der Wieder-schlie\u00dfung an 2021. 15. April) (14. Mai 2021: Verl\u00e4ngerung des Zeitrahmens in 3.3 und 4.3) ) Alle anatomiebezogenen Kurse und Pr\u00fcfungen werden online\" \/>\n<meta property=\"og:url\" content=\"https:\/\/univet.hu\/anatomia\/de\/lehrstuhl-fur-anatomie-und-histologie\/studenteninformation-und-prufungsregeln\/covid-regeln-2021\/\" \/>\n<meta property=\"og:site_name\" content=\"Lehrstuhl f\u00fcr Anatomie und Histologie\" \/>\n<meta property=\"article:modified_time\" content=\"2025-01-13T20:02:42+00:00\" \/>\n<meta property=\"og:image\" content=\"https:\/\/univet.hu\/anatomia\/wp-content\/uploads\/sites\/4\/2021\/06\/Dr-Szalay-online-ora-320x175.jpg\" \/>\n<meta name=\"twitter:card\" content=\"summary_large_image\" \/>\n<meta name=\"twitter:label1\" content=\"Gesch\u00e4tzte Lesezeit\" \/>\n\t<meta name=\"twitter:data1\" content=\"3\u00a0Minuten\" \/>\n<script type=\"application\/ld+json\" class=\"yoast-schema-graph\">{\"@context\":\"https:\/\/schema.org\",\"@graph\":[{\"@type\":\"WebPage\",\"@id\":\"https:\/\/univet.hu\/anatomia\/de\/lehrstuhl-fur-anatomie-und-histologie\/studenteninformation-und-prufungsregeln\/covid-regeln-2021\/\",\"url\":\"https:\/\/univet.hu\/anatomia\/de\/lehrstuhl-fur-anatomie-und-histologie\/studenteninformation-und-prufungsregeln\/covid-regeln-2021\/\",\"name\":\"COVID Regeln 2021 - Lehrstuhl f\u00fcr Anatomie und Histologie\",\"isPartOf\":{\"@id\":\"https:\/\/univet.hu\/anatomia\/en\/#website\"},\"primaryImageOfPage\":{\"@id\":\"https:\/\/univet.hu\/anatomia\/de\/lehrstuhl-fur-anatomie-und-histologie\/studenteninformation-und-prufungsregeln\/covid-regeln-2021\/#primaryimage\"},\"image\":{\"@id\":\"https:\/\/univet.hu\/anatomia\/de\/lehrstuhl-fur-anatomie-und-histologie\/studenteninformation-und-prufungsregeln\/covid-regeln-2021\/#primaryimage\"},\"thumbnailUrl\":\"https:\/\/univet.hu\/anatomia\/wp-content\/uploads\/sites\/4\/2021\/06\/Dr-Szalay-online-ora-320x175.jpg\",\"datePublished\":\"2021-03-04T13:49:20+00:00\",\"dateModified\":\"2025-01-13T20:02:42+00:00\",\"breadcrumb\":{\"@id\":\"https:\/\/univet.hu\/anatomia\/de\/lehrstuhl-fur-anatomie-und-histologie\/studenteninformation-und-prufungsregeln\/covid-regeln-2021\/#breadcrumb\"},\"inLanguage\":\"de\",\"potentialAction\":[{\"@type\":\"ReadAction\",\"target\":[\"https:\/\/univet.hu\/anatomia\/de\/lehrstuhl-fur-anatomie-und-histologie\/studenteninformation-und-prufungsregeln\/covid-regeln-2021\/\"]}]},{\"@type\":\"ImageObject\",\"inLanguage\":\"de\",\"@id\":\"https:\/\/univet.hu\/anatomia\/de\/lehrstuhl-fur-anatomie-und-histologie\/studenteninformation-und-prufungsregeln\/covid-regeln-2021\/#primaryimage\",\"url\":\"https:\/\/univet.hu\/anatomia\/wp-content\/uploads\/sites\/4\/2021\/06\/Dr-Szalay-online-ora-320x175.jpg\",\"contentUrl\":\"https:\/\/univet.hu\/anatomia\/wp-content\/uploads\/sites\/4\/2021\/06\/Dr-Szalay-online-ora-320x175.jpg\"},{\"@type\":\"BreadcrumbList\",\"@id\":\"https:\/\/univet.hu\/anatomia\/de\/lehrstuhl-fur-anatomie-und-histologie\/studenteninformation-und-prufungsregeln\/covid-regeln-2021\/#breadcrumb\",\"itemListElement\":[{\"@type\":\"ListItem\",\"position\":1,\"name\":\"Kezd\u0151lap\",\"item\":\"https:\/\/univet.hu\/anatomia\/\"},{\"@type\":\"ListItem\",\"position\":2,\"name\":\"Lehrstuhl f\u00fcr Anatomie und Histologie\",\"item\":\"https:\/\/univet.hu\/anatomia\/\"},{\"@type\":\"ListItem\",\"position\":3,\"name\":\"Studenteninformation und Pr\u00fcfungsregeln\",\"item\":\"https:\/\/univet.hu\/anatomia\/de\/lehrstuhl-fur-anatomie-und-histologie\/studenteninformation-und-prufungsregeln\/\"},{\"@type\":\"ListItem\",\"position\":4,\"name\":\"COVID Regeln 2021\"}]},{\"@type\":\"WebSite\",\"@id\":\"https:\/\/univet.hu\/anatomia\/en\/#website\",\"url\":\"https:\/\/univet.hu\/anatomia\/en\/\",\"name\":\"Anat\u00f3miai \u00e9s Sz\u00f6vettani Tansz\u00e9k\",\"description\":\"\",\"potentialAction\":[{\"@type\":\"SearchAction\",\"target\":{\"@type\":\"EntryPoint\",\"urlTemplate\":\"https:\/\/univet.hu\/anatomia\/en\/?s={search_term_string}\"},\"query-input\":{\"@type\":\"PropertyValueSpecification\",\"valueRequired\":true,\"valueName\":\"search_term_string\"}}],\"inLanguage\":\"de\"}]}<\/script>\n<!-- \/ Yoast SEO plugin. -->","yoast_head_json":{"title":"COVID Regeln 2021 - Lehrstuhl f\u00fcr Anatomie und Histologie","robots":{"index":"index","follow":"follow","max-snippet":"max-snippet:-1","max-image-preview":"max-image-preview:large","max-video-preview":"max-video-preview:-1"},"canonical":"https:\/\/univet.hu\/anatomia\/de\/lehrstuhl-fur-anatomie-und-histologie\/studenteninformation-und-prufungsregeln\/covid-regeln-2021\/","og_locale":"de_DE","og_type":"article","og_title":"COVID Regeln 2021 - Lehrstuhl f\u00fcr Anatomie und Histologie","og_description":"Gem\u00e4\u00df den Anweisungen des Rektors an 4. M\u00e4rz 2021 und infolgedessen werden die folgenden \u00c4nderungen f\u00fcr Anatomie f\u00fcr das Fr\u00fchjahrssemester des akademischen Jahres 2020\/2021 durchgesetzt: (ver\u00f6ffentlich: 2021. 4. M\u00e4rz) (Aktualisiert \u00fcber der Wieder-schlie\u00dfung an 2021. 15. April) (14. Mai 2021: Verl\u00e4ngerung des Zeitrahmens in 3.3 und 4.3) ) Alle anatomiebezogenen Kurse und Pr\u00fcfungen werden online","og_url":"https:\/\/univet.hu\/anatomia\/de\/lehrstuhl-fur-anatomie-und-histologie\/studenteninformation-und-prufungsregeln\/covid-regeln-2021\/","og_site_name":"Lehrstuhl f\u00fcr Anatomie und Histologie","article_modified_time":"2025-01-13T20:02:42+00:00","og_image":[{"url":"https:\/\/univet.hu\/anatomia\/wp-content\/uploads\/sites\/4\/2021\/06\/Dr-Szalay-online-ora-320x175.jpg","type":"","width":"","height":""}],"twitter_card":"summary_large_image","twitter_misc":{"Gesch\u00e4tzte Lesezeit":"3\u00a0Minuten"},"schema":{"@context":"https:\/\/schema.org","@graph":[{"@type":"WebPage","@id":"https:\/\/univet.hu\/anatomia\/de\/lehrstuhl-fur-anatomie-und-histologie\/studenteninformation-und-prufungsregeln\/covid-regeln-2021\/","url":"https:\/\/univet.hu\/anatomia\/de\/lehrstuhl-fur-anatomie-und-histologie\/studenteninformation-und-prufungsregeln\/covid-regeln-2021\/","name":"COVID Regeln 2021 - Lehrstuhl f\u00fcr Anatomie und Histologie","isPartOf":{"@id":"https:\/\/univet.hu\/anatomia\/en\/#website"},"primaryImageOfPage":{"@id":"https:\/\/univet.hu\/anatomia\/de\/lehrstuhl-fur-anatomie-und-histologie\/studenteninformation-und-prufungsregeln\/covid-regeln-2021\/#primaryimage"},"image":{"@id":"https:\/\/univet.hu\/anatomia\/de\/lehrstuhl-fur-anatomie-und-histologie\/studenteninformation-und-prufungsregeln\/covid-regeln-2021\/#primaryimage"},"thumbnailUrl":"https:\/\/univet.hu\/anatomia\/wp-content\/uploads\/sites\/4\/2021\/06\/Dr-Szalay-online-ora-320x175.jpg","datePublished":"2021-03-04T13:49:20+00:00","dateModified":"2025-01-13T20:02:42+00:00","breadcrumb":{"@id":"https:\/\/univet.hu\/anatomia\/de\/lehrstuhl-fur-anatomie-und-histologie\/studenteninformation-und-prufungsregeln\/covid-regeln-2021\/#breadcrumb"},"inLanguage":"de","potentialAction":[{"@type":"ReadAction","target":["https:\/\/univet.hu\/anatomia\/de\/lehrstuhl-fur-anatomie-und-histologie\/studenteninformation-und-prufungsregeln\/covid-regeln-2021\/"]}]},{"@type":"ImageObject","inLanguage":"de","@id":"https:\/\/univet.hu\/anatomia\/de\/lehrstuhl-fur-anatomie-und-histologie\/studenteninformation-und-prufungsregeln\/covid-regeln-2021\/#primaryimage","url":"https:\/\/univet.hu\/anatomia\/wp-content\/uploads\/sites\/4\/2021\/06\/Dr-Szalay-online-ora-320x175.jpg","contentUrl":"https:\/\/univet.hu\/anatomia\/wp-content\/uploads\/sites\/4\/2021\/06\/Dr-Szalay-online-ora-320x175.jpg"},{"@type":"BreadcrumbList","@id":"https:\/\/univet.hu\/anatomia\/de\/lehrstuhl-fur-anatomie-und-histologie\/studenteninformation-und-prufungsregeln\/covid-regeln-2021\/#breadcrumb","itemListElement":[{"@type":"ListItem","position":1,"name":"Kezd\u0151lap","item":"https:\/\/univet.hu\/anatomia\/"},{"@type":"ListItem","position":2,"name":"Lehrstuhl f\u00fcr Anatomie und Histologie","item":"https:\/\/univet.hu\/anatomia\/"},{"@type":"ListItem","position":3,"name":"Studenteninformation und Pr\u00fcfungsregeln","item":"https:\/\/univet.hu\/anatomia\/de\/lehrstuhl-fur-anatomie-und-histologie\/studenteninformation-und-prufungsregeln\/"},{"@type":"ListItem","position":4,"name":"COVID Regeln 2021"}]},{"@type":"WebSite","@id":"https:\/\/univet.hu\/anatomia\/en\/#website","url":"https:\/\/univet.hu\/anatomia\/en\/","name":"Anat\u00f3miai \u00e9s Sz\u00f6vettani Tansz\u00e9k","description":"","potentialAction":[{"@type":"SearchAction","target":{"@type":"EntryPoint","urlTemplate":"https:\/\/univet.hu\/anatomia\/en\/?s={search_term_string}"},"query-input":{"@type":"PropertyValueSpecification","valueRequired":true,"valueName":"search_term_string"}}],"inLanguage":"de"}]}},"_links":{"self":[{"href":"https:\/\/univet.hu\/anatomia\/de\/wp-json\/wp\/v2\/pages\/63023","targetHints":{"allow":["GET"]}}],"collection":[{"href":"https:\/\/univet.hu\/anatomia\/de\/wp-json\/wp\/v2\/pages"}],"about":[{"href":"https:\/\/univet.hu\/anatomia\/de\/wp-json\/wp\/v2\/types\/page"}],"author":[{"embeddable":true,"href":"https:\/\/univet.hu\/anatomia\/de\/wp-json\/wp\/v2\/users\/2530"}],"replies":[{"embeddable":true,"href":"https:\/\/univet.hu\/anatomia\/de\/wp-json\/wp\/v2\/comments?post=63023"}],"version-history":[{"count":1,"href":"https:\/\/univet.hu\/anatomia\/de\/wp-json\/wp\/v2\/pages\/63023\/revisions"}],"predecessor-version":[{"id":134051,"href":"https:\/\/univet.hu\/anatomia\/de\/wp-json\/wp\/v2\/pages\/63023\/revisions\/134051"}],"up":[{"embeddable":true,"href":"https:\/\/univet.hu\/anatomia\/de\/wp-json\/wp\/v2\/pages\/13323"}],"wp:attachment":[{"href":"https:\/\/univet.hu\/anatomia\/de\/wp-json\/wp\/v2\/media?parent=63023"}],"wp:term":[{"taxonomy":"category","embeddable":true,"href":"https:\/\/univet.hu\/anatomia\/de\/wp-json\/wp\/v2\/categories?post=63023"},{"taxonomy":"post_tag","embeddable":true,"href":"https:\/\/univet.hu\/anatomia\/de\/wp-json\/wp\/v2\/tags?post=63023"}],"curies":[{"name":"wp","href":"https:\/\/api.w.org\/{rel}","templated":true}]}}