{"id":78112,"date":"2022-09-05T13:39:17","date_gmt":"2022-09-05T11:39:17","guid":{"rendered":"https:\/\/univet.hu\/?page_id=78112"},"modified":"2025-10-07T15:34:55","modified_gmt":"2025-10-07T13:34:55","slug":"zwischenpruefungen","status":"publish","type":"page","link":"https:\/\/univet.hu\/anatomia\/de\/lehrstuhl-fur-anatomie-und-histologie\/zwischenpruefungen\/","title":{"rendered":"Zwischenpr\u00fcfungen"},"content":{"rendered":"<p>Die detaillierte Regelung der Zwischenpr\u00fcfungen sind im 3. Abschnitt <a href=\"https:\/\/univet.hu\/de\/universitaet\/organisationseinheiten\/lehrstuhl-fur-anatomie-und-histologie\/studenteninformation-und-prufungsregeln\/\" target=\"_blank\" rel=\"noopener\">den\u00a0Pr\u00fcfungsregeln<\/a> beschrieben.<\/p> <p>2025\/2026 &#8211; Herbstsemester<\/p> <p style=\"padding-left: 40px\"><strong>Theoretische Zwischenpr\u00fcfung:<\/strong><\/p> <p style=\"padding-left: 70px\">2025.10.09;\u00a0 &#8211; 15:15-15:45; Aula (Ausnahme: Gr. 6, und diejenigen die gleichzeitig Latein haben)<br \/> Gruppe 6: 16:00; Aula<br \/> diejenigen die um 15:15 Latein haben: 16:45-17:15 (Aula)<\/p> <p>&nbsp;<\/p> <p style=\"padding-left: 40px\"><strong>Praktische Zwischenpr\u00fcfung:<\/strong><\/p> <p style=\"padding-left: 70px\">gr. 1, 2, 7, 8: 8:15-9:30<\/p> <p style=\"padding-left: 70px\">gr. 3, 4: 11:15-12:30<\/p> <p style=\"padding-left: 70px\">gr. 5, 6: 12:45-14:00<\/p> <p>2024\/2025 &#8211; Fr\u00fchlingssemester<\/p> <p style=\"padding-left: 40px\">Information im Februar<\/p> <p>&nbsp;<\/p>","protected":false},"excerpt":{"rendered":"<p>Die detaillierte Regelung der Zwischenpr\u00fcfungen sind im 3. Abschnitt den\u00a0Pr\u00fcfungsregeln beschrieben. 2025\/2026 &#8211; Herbstsemester Theoretische Zwischenpr\u00fcfung: 2025.10.09;\u00a0 &#8211; 15:15-15:45; Aula (Ausnahme: Gr. 6, und diejenigen die gleichzeitig Latein haben) Gruppe 6: 16:00; Aula diejenigen die um 15:15 Latein haben: 16:45-17:15 (Aula) &nbsp; Praktische Zwischenpr\u00fcfung: gr. 1, 2, 7, 8: 8:15-9:30 gr. 3, 4: 11:15-12:30 gr.<\/p>\n","protected":false},"author":3837,"featured_media":0,"parent":3303,"menu_order":145,"comment_status":"closed","ping_status":"closed","template":"","meta":{"_acf_changed":false,"footnotes":""},"categories":[],"tags":[],"class_list":["post-78112","page","type-page","status-publish","hentry"],"acf":[],"yoast_head":"<!-- This site is optimized with the Yoast SEO plugin v27.2 - https:\/\/yoast.com\/product\/yoast-seo-wordpress\/ -->\n<title>Zwischenpr\u00fcfungen - Lehrstuhl f\u00fcr Anatomie und Histologie<\/title>\n<meta name=\"robots\" content=\"index, follow, max-snippet:-1, max-image-preview:large, max-video-preview:-1\" \/>\n<link rel=\"canonical\" href=\"https:\/\/univet.hu\/anatomia\/de\/lehrstuhl-fur-anatomie-und-histologie\/zwischenpruefungen\/\" \/>\n<meta property=\"og:locale\" content=\"de_DE\" \/>\n<meta property=\"og:type\" content=\"article\" \/>\n<meta property=\"og:title\" content=\"Zwischenpr\u00fcfungen - Lehrstuhl f\u00fcr Anatomie und Histologie\" \/>\n<meta property=\"og:description\" content=\"Die detaillierte Regelung der Zwischenpr\u00fcfungen sind im 3. Abschnitt den\u00a0Pr\u00fcfungsregeln beschrieben. 2025\/2026 &#8211; Herbstsemester Theoretische Zwischenpr\u00fcfung: 2025.10.09;\u00a0 &#8211; 15:15-15:45; Aula (Ausnahme: Gr. 6, und diejenigen die gleichzeitig Latein haben) Gruppe 6: 16:00; Aula diejenigen die um 15:15 Latein haben: 16:45-17:15 (Aula) &nbsp; Praktische Zwischenpr\u00fcfung: gr. 1, 2, 7, 8: 8:15-9:30 gr. 3, 4: 11:15-12:30 gr.\" \/>\n<meta property=\"og:url\" content=\"https:\/\/univet.hu\/anatomia\/de\/lehrstuhl-fur-anatomie-und-histologie\/zwischenpruefungen\/\" \/>\n<meta property=\"og:site_name\" content=\"Lehrstuhl f\u00fcr Anatomie und Histologie\" \/>\n<meta property=\"article:modified_time\" content=\"2025-10-07T13:34:55+00:00\" \/>\n<meta name=\"twitter:card\" content=\"summary_large_image\" \/>\n<meta name=\"twitter:label1\" content=\"Gesch\u00e4tzte Lesezeit\" \/>\n\t<meta name=\"twitter:data1\" content=\"1\u00a0Minute\" \/>\n<script type=\"application\/ld+json\" class=\"yoast-schema-graph\">{\"@context\":\"https:\/\/schema.org\",\"@graph\":[{\"@type\":\"WebPage\",\"@id\":\"https:\/\/univet.hu\/anatomia\/de\/lehrstuhl-fur-anatomie-und-histologie\/zwischenpruefungen\/\",\"url\":\"https:\/\/univet.hu\/anatomia\/de\/lehrstuhl-fur-anatomie-und-histologie\/zwischenpruefungen\/\",\"name\":\"Zwischenpr\u00fcfungen - Lehrstuhl f\u00fcr Anatomie und Histologie\",\"isPartOf\":{\"@id\":\"https:\/\/univet.hu\/anatomia\/en\/#website\"},\"datePublished\":\"2022-09-05T11:39:17+00:00\",\"dateModified\":\"2025-10-07T13:34:55+00:00\",\"breadcrumb\":{\"@id\":\"https:\/\/univet.hu\/anatomia\/de\/lehrstuhl-fur-anatomie-und-histologie\/zwischenpruefungen\/#breadcrumb\"},\"inLanguage\":\"de\",\"potentialAction\":[{\"@type\":\"ReadAction\",\"target\":[\"https:\/\/univet.hu\/anatomia\/de\/lehrstuhl-fur-anatomie-und-histologie\/zwischenpruefungen\/\"]}]},{\"@type\":\"BreadcrumbList\",\"@id\":\"https:\/\/univet.hu\/anatomia\/de\/lehrstuhl-fur-anatomie-und-histologie\/zwischenpruefungen\/#breadcrumb\",\"itemListElement\":[{\"@type\":\"ListItem\",\"position\":1,\"name\":\"Kezd\u0151lap\",\"item\":\"https:\/\/univet.hu\/anatomia\/\"},{\"@type\":\"ListItem\",\"position\":2,\"name\":\"Lehrstuhl f\u00fcr Anatomie und Histologie\",\"item\":\"https:\/\/univet.hu\/anatomia\/\"},{\"@type\":\"ListItem\",\"position\":3,\"name\":\"Zwischenpr\u00fcfungen\"}]},{\"@type\":\"WebSite\",\"@id\":\"https:\/\/univet.hu\/anatomia\/en\/#website\",\"url\":\"https:\/\/univet.hu\/anatomia\/en\/\",\"name\":\"Anat\u00f3miai \u00e9s Sz\u00f6vettani Tansz\u00e9k\",\"description\":\"\",\"potentialAction\":[{\"@type\":\"SearchAction\",\"target\":{\"@type\":\"EntryPoint\",\"urlTemplate\":\"https:\/\/univet.hu\/anatomia\/en\/?s={search_term_string}\"},\"query-input\":{\"@type\":\"PropertyValueSpecification\",\"valueRequired\":true,\"valueName\":\"search_term_string\"}}],\"inLanguage\":\"de\"}]}<\/script>\n<!-- \/ Yoast SEO plugin. -->","yoast_head_json":{"title":"Zwischenpr\u00fcfungen - Lehrstuhl f\u00fcr Anatomie und Histologie","robots":{"index":"index","follow":"follow","max-snippet":"max-snippet:-1","max-image-preview":"max-image-preview:large","max-video-preview":"max-video-preview:-1"},"canonical":"https:\/\/univet.hu\/anatomia\/de\/lehrstuhl-fur-anatomie-und-histologie\/zwischenpruefungen\/","og_locale":"de_DE","og_type":"article","og_title":"Zwischenpr\u00fcfungen - Lehrstuhl f\u00fcr Anatomie und Histologie","og_description":"Die detaillierte Regelung der Zwischenpr\u00fcfungen sind im 3. Abschnitt den\u00a0Pr\u00fcfungsregeln beschrieben. 2025\/2026 &#8211; Herbstsemester Theoretische Zwischenpr\u00fcfung: 2025.10.09;\u00a0 &#8211; 15:15-15:45; Aula (Ausnahme: Gr. 6, und diejenigen die gleichzeitig Latein haben) Gruppe 6: 16:00; Aula diejenigen die um 15:15 Latein haben: 16:45-17:15 (Aula) &nbsp; Praktische Zwischenpr\u00fcfung: gr. 1, 2, 7, 8: 8:15-9:30 gr. 3, 4: 11:15-12:30 gr.","og_url":"https:\/\/univet.hu\/anatomia\/de\/lehrstuhl-fur-anatomie-und-histologie\/zwischenpruefungen\/","og_site_name":"Lehrstuhl f\u00fcr Anatomie und Histologie","article_modified_time":"2025-10-07T13:34:55+00:00","twitter_card":"summary_large_image","twitter_misc":{"Gesch\u00e4tzte Lesezeit":"1\u00a0Minute"},"schema":{"@context":"https:\/\/schema.org","@graph":[{"@type":"WebPage","@id":"https:\/\/univet.hu\/anatomia\/de\/lehrstuhl-fur-anatomie-und-histologie\/zwischenpruefungen\/","url":"https:\/\/univet.hu\/anatomia\/de\/lehrstuhl-fur-anatomie-und-histologie\/zwischenpruefungen\/","name":"Zwischenpr\u00fcfungen - Lehrstuhl f\u00fcr Anatomie und Histologie","isPartOf":{"@id":"https:\/\/univet.hu\/anatomia\/en\/#website"},"datePublished":"2022-09-05T11:39:17+00:00","dateModified":"2025-10-07T13:34:55+00:00","breadcrumb":{"@id":"https:\/\/univet.hu\/anatomia\/de\/lehrstuhl-fur-anatomie-und-histologie\/zwischenpruefungen\/#breadcrumb"},"inLanguage":"de","potentialAction":[{"@type":"ReadAction","target":["https:\/\/univet.hu\/anatomia\/de\/lehrstuhl-fur-anatomie-und-histologie\/zwischenpruefungen\/"]}]},{"@type":"BreadcrumbList","@id":"https:\/\/univet.hu\/anatomia\/de\/lehrstuhl-fur-anatomie-und-histologie\/zwischenpruefungen\/#breadcrumb","itemListElement":[{"@type":"ListItem","position":1,"name":"Kezd\u0151lap","item":"https:\/\/univet.hu\/anatomia\/"},{"@type":"ListItem","position":2,"name":"Lehrstuhl f\u00fcr Anatomie und Histologie","item":"https:\/\/univet.hu\/anatomia\/"},{"@type":"ListItem","position":3,"name":"Zwischenpr\u00fcfungen"}]},{"@type":"WebSite","@id":"https:\/\/univet.hu\/anatomia\/en\/#website","url":"https:\/\/univet.hu\/anatomia\/en\/","name":"Anat\u00f3miai \u00e9s Sz\u00f6vettani Tansz\u00e9k","description":"","potentialAction":[{"@type":"SearchAction","target":{"@type":"EntryPoint","urlTemplate":"https:\/\/univet.hu\/anatomia\/en\/?s={search_term_string}"},"query-input":{"@type":"PropertyValueSpecification","valueRequired":true,"valueName":"search_term_string"}}],"inLanguage":"de"}]}},"_links":{"self":[{"href":"https:\/\/univet.hu\/anatomia\/de\/wp-json\/wp\/v2\/pages\/78112","targetHints":{"allow":["GET"]}}],"collection":[{"href":"https:\/\/univet.hu\/anatomia\/de\/wp-json\/wp\/v2\/pages"}],"about":[{"href":"https:\/\/univet.hu\/anatomia\/de\/wp-json\/wp\/v2\/types\/page"}],"author":[{"embeddable":true,"href":"https:\/\/univet.hu\/anatomia\/de\/wp-json\/wp\/v2\/users\/3837"}],"replies":[{"embeddable":true,"href":"https:\/\/univet.hu\/anatomia\/de\/wp-json\/wp\/v2\/comments?post=78112"}],"version-history":[{"count":5,"href":"https:\/\/univet.hu\/anatomia\/de\/wp-json\/wp\/v2\/pages\/78112\/revisions"}],"predecessor-version":[{"id":134304,"href":"https:\/\/univet.hu\/anatomia\/de\/wp-json\/wp\/v2\/pages\/78112\/revisions\/134304"}],"up":[{"embeddable":true,"href":"https:\/\/univet.hu\/anatomia\/de\/wp-json\/wp\/v2\/pages\/3303"}],"wp:attachment":[{"href":"https:\/\/univet.hu\/anatomia\/de\/wp-json\/wp\/v2\/media?parent=78112"}],"wp:term":[{"taxonomy":"category","embeddable":true,"href":"https:\/\/univet.hu\/anatomia\/de\/wp-json\/wp\/v2\/categories?post=78112"},{"taxonomy":"post_tag","embeddable":true,"href":"https:\/\/univet.hu\/anatomia\/de\/wp-json\/wp\/v2\/tags?post=78112"}],"curies":[{"name":"wp","href":"https:\/\/api.w.org\/{rel}","templated":true}]}}