{"id":82106,"date":"2023-01-22T18:43:55","date_gmt":"2023-01-22T17:43:55","guid":{"rendered":"https:\/\/univet.hu\/?page_id=82106"},"modified":"2025-01-13T21:02:45","modified_gmt":"2025-01-13T20:02:45","slug":"thesis","status":"publish","type":"page","link":"https:\/\/univet.hu\/anatomia\/de\/lehrstuhl-fur-anatomie-und-histologie\/thesis\/","title":{"rendered":"Thesis"},"content":{"rendered":"<p>Der Lehrstuhl hat derzeit kein freies Abschlussarbeits-\/TDK-Thema. Wir sind offen f\u00fcr studentische Initiativen, wenn Sie also eine Idee\/Vorstellung f\u00fcr eine Abschlussarbeit mit Bezug zu Anatomie oder Histologie haben, wenden Sie sich per E-Mail an die Professoren des Lehrstuhls. Wir empfehlen Ihnen, sich vor einer Anfrage im Einf\u00fchrungsteil der Mitarbeiterseite \u00fcber die Forschungsgebiete zu informieren.<\/p>","protected":false},"excerpt":{"rendered":"<p>Der Lehrstuhl hat derzeit kein freies Abschlussarbeits-\/TDK-Thema. Wir sind offen f\u00fcr studentische Initiativen, wenn Sie also eine Idee\/Vorstellung f\u00fcr eine Abschlussarbeit mit Bezug zu Anatomie oder Histologie haben, wenden Sie sich per E-Mail an die Professoren des Lehrstuhls. Wir empfehlen Ihnen, sich vor einer Anfrage im Einf\u00fchrungsteil der Mitarbeiterseite \u00fcber die Forschungsgebiete zu informieren.<\/p>\n","protected":false},"author":3837,"featured_media":0,"parent":3303,"menu_order":146,"comment_status":"closed","ping_status":"closed","template":"","meta":{"_acf_changed":false,"footnotes":""},"categories":[],"tags":[],"class_list":["post-82106","page","type-page","status-publish","hentry"],"acf":[],"yoast_head":"<!-- This site is optimized with the Yoast SEO plugin v27.2 - https:\/\/yoast.com\/product\/yoast-seo-wordpress\/ -->\n<title>Thesis - Lehrstuhl f\u00fcr Anatomie und Histologie<\/title>\n<meta name=\"robots\" content=\"index, follow, max-snippet:-1, max-image-preview:large, max-video-preview:-1\" \/>\n<link rel=\"canonical\" href=\"https:\/\/univet.hu\/anatomia\/de\/lehrstuhl-fur-anatomie-und-histologie\/thesis\/\" \/>\n<meta property=\"og:locale\" content=\"de_DE\" \/>\n<meta property=\"og:type\" content=\"article\" \/>\n<meta property=\"og:title\" content=\"Thesis - Lehrstuhl f\u00fcr Anatomie und Histologie\" \/>\n<meta property=\"og:description\" content=\"Der Lehrstuhl hat derzeit kein freies Abschlussarbeits-\/TDK-Thema. Wir sind offen f\u00fcr studentische Initiativen, wenn Sie also eine Idee\/Vorstellung f\u00fcr eine Abschlussarbeit mit Bezug zu Anatomie oder Histologie haben, wenden Sie sich per E-Mail an die Professoren des Lehrstuhls. Wir empfehlen Ihnen, sich vor einer Anfrage im Einf\u00fchrungsteil der Mitarbeiterseite \u00fcber die Forschungsgebiete zu informieren.\" \/>\n<meta property=\"og:url\" content=\"https:\/\/univet.hu\/anatomia\/de\/lehrstuhl-fur-anatomie-und-histologie\/thesis\/\" \/>\n<meta property=\"og:site_name\" content=\"Lehrstuhl f\u00fcr Anatomie und Histologie\" \/>\n<meta property=\"article:modified_time\" content=\"2025-01-13T20:02:45+00:00\" \/>\n<meta name=\"twitter:card\" content=\"summary_large_image\" \/>\n<script type=\"application\/ld+json\" class=\"yoast-schema-graph\">{\"@context\":\"https:\/\/schema.org\",\"@graph\":[{\"@type\":\"WebPage\",\"@id\":\"https:\/\/univet.hu\/anatomia\/de\/lehrstuhl-fur-anatomie-und-histologie\/thesis\/\",\"url\":\"https:\/\/univet.hu\/anatomia\/de\/lehrstuhl-fur-anatomie-und-histologie\/thesis\/\",\"name\":\"Thesis - Lehrstuhl f\u00fcr Anatomie und Histologie\",\"isPartOf\":{\"@id\":\"https:\/\/univet.hu\/anatomia\/en\/#website\"},\"datePublished\":\"2023-01-22T17:43:55+00:00\",\"dateModified\":\"2025-01-13T20:02:45+00:00\",\"breadcrumb\":{\"@id\":\"https:\/\/univet.hu\/anatomia\/de\/lehrstuhl-fur-anatomie-und-histologie\/thesis\/#breadcrumb\"},\"inLanguage\":\"de\",\"potentialAction\":[{\"@type\":\"ReadAction\",\"target\":[\"https:\/\/univet.hu\/anatomia\/de\/lehrstuhl-fur-anatomie-und-histologie\/thesis\/\"]}]},{\"@type\":\"BreadcrumbList\",\"@id\":\"https:\/\/univet.hu\/anatomia\/de\/lehrstuhl-fur-anatomie-und-histologie\/thesis\/#breadcrumb\",\"itemListElement\":[{\"@type\":\"ListItem\",\"position\":1,\"name\":\"Kezd\u0151lap\",\"item\":\"https:\/\/univet.hu\/anatomia\/\"},{\"@type\":\"ListItem\",\"position\":2,\"name\":\"Lehrstuhl f\u00fcr Anatomie und Histologie\",\"item\":\"https:\/\/univet.hu\/anatomia\/\"},{\"@type\":\"ListItem\",\"position\":3,\"name\":\"Thesis\"}]},{\"@type\":\"WebSite\",\"@id\":\"https:\/\/univet.hu\/anatomia\/en\/#website\",\"url\":\"https:\/\/univet.hu\/anatomia\/en\/\",\"name\":\"Anat\u00f3miai \u00e9s Sz\u00f6vettani Tansz\u00e9k\",\"description\":\"\",\"potentialAction\":[{\"@type\":\"SearchAction\",\"target\":{\"@type\":\"EntryPoint\",\"urlTemplate\":\"https:\/\/univet.hu\/anatomia\/en\/?s={search_term_string}\"},\"query-input\":{\"@type\":\"PropertyValueSpecification\",\"valueRequired\":true,\"valueName\":\"search_term_string\"}}],\"inLanguage\":\"de\"}]}<\/script>\n<!-- \/ Yoast SEO plugin. -->","yoast_head_json":{"title":"Thesis - Lehrstuhl f\u00fcr Anatomie und Histologie","robots":{"index":"index","follow":"follow","max-snippet":"max-snippet:-1","max-image-preview":"max-image-preview:large","max-video-preview":"max-video-preview:-1"},"canonical":"https:\/\/univet.hu\/anatomia\/de\/lehrstuhl-fur-anatomie-und-histologie\/thesis\/","og_locale":"de_DE","og_type":"article","og_title":"Thesis - Lehrstuhl f\u00fcr Anatomie und Histologie","og_description":"Der Lehrstuhl hat derzeit kein freies Abschlussarbeits-\/TDK-Thema. Wir sind offen f\u00fcr studentische Initiativen, wenn Sie also eine Idee\/Vorstellung f\u00fcr eine Abschlussarbeit mit Bezug zu Anatomie oder Histologie haben, wenden Sie sich per E-Mail an die Professoren des Lehrstuhls. Wir empfehlen Ihnen, sich vor einer Anfrage im Einf\u00fchrungsteil der Mitarbeiterseite \u00fcber die Forschungsgebiete zu informieren.","og_url":"https:\/\/univet.hu\/anatomia\/de\/lehrstuhl-fur-anatomie-und-histologie\/thesis\/","og_site_name":"Lehrstuhl f\u00fcr Anatomie und Histologie","article_modified_time":"2025-01-13T20:02:45+00:00","twitter_card":"summary_large_image","schema":{"@context":"https:\/\/schema.org","@graph":[{"@type":"WebPage","@id":"https:\/\/univet.hu\/anatomia\/de\/lehrstuhl-fur-anatomie-und-histologie\/thesis\/","url":"https:\/\/univet.hu\/anatomia\/de\/lehrstuhl-fur-anatomie-und-histologie\/thesis\/","name":"Thesis - Lehrstuhl f\u00fcr Anatomie und Histologie","isPartOf":{"@id":"https:\/\/univet.hu\/anatomia\/en\/#website"},"datePublished":"2023-01-22T17:43:55+00:00","dateModified":"2025-01-13T20:02:45+00:00","breadcrumb":{"@id":"https:\/\/univet.hu\/anatomia\/de\/lehrstuhl-fur-anatomie-und-histologie\/thesis\/#breadcrumb"},"inLanguage":"de","potentialAction":[{"@type":"ReadAction","target":["https:\/\/univet.hu\/anatomia\/de\/lehrstuhl-fur-anatomie-und-histologie\/thesis\/"]}]},{"@type":"BreadcrumbList","@id":"https:\/\/univet.hu\/anatomia\/de\/lehrstuhl-fur-anatomie-und-histologie\/thesis\/#breadcrumb","itemListElement":[{"@type":"ListItem","position":1,"name":"Kezd\u0151lap","item":"https:\/\/univet.hu\/anatomia\/"},{"@type":"ListItem","position":2,"name":"Lehrstuhl f\u00fcr Anatomie und Histologie","item":"https:\/\/univet.hu\/anatomia\/"},{"@type":"ListItem","position":3,"name":"Thesis"}]},{"@type":"WebSite","@id":"https:\/\/univet.hu\/anatomia\/en\/#website","url":"https:\/\/univet.hu\/anatomia\/en\/","name":"Anat\u00f3miai \u00e9s Sz\u00f6vettani Tansz\u00e9k","description":"","potentialAction":[{"@type":"SearchAction","target":{"@type":"EntryPoint","urlTemplate":"https:\/\/univet.hu\/anatomia\/en\/?s={search_term_string}"},"query-input":{"@type":"PropertyValueSpecification","valueRequired":true,"valueName":"search_term_string"}}],"inLanguage":"de"}]}},"_links":{"self":[{"href":"https:\/\/univet.hu\/anatomia\/de\/wp-json\/wp\/v2\/pages\/82106","targetHints":{"allow":["GET"]}}],"collection":[{"href":"https:\/\/univet.hu\/anatomia\/de\/wp-json\/wp\/v2\/pages"}],"about":[{"href":"https:\/\/univet.hu\/anatomia\/de\/wp-json\/wp\/v2\/types\/page"}],"author":[{"embeddable":true,"href":"https:\/\/univet.hu\/anatomia\/de\/wp-json\/wp\/v2\/users\/3837"}],"replies":[{"embeddable":true,"href":"https:\/\/univet.hu\/anatomia\/de\/wp-json\/wp\/v2\/comments?post=82106"}],"version-history":[{"count":1,"href":"https:\/\/univet.hu\/anatomia\/de\/wp-json\/wp\/v2\/pages\/82106\/revisions"}],"predecessor-version":[{"id":134063,"href":"https:\/\/univet.hu\/anatomia\/de\/wp-json\/wp\/v2\/pages\/82106\/revisions\/134063"}],"up":[{"embeddable":true,"href":"https:\/\/univet.hu\/anatomia\/de\/wp-json\/wp\/v2\/pages\/3303"}],"wp:attachment":[{"href":"https:\/\/univet.hu\/anatomia\/de\/wp-json\/wp\/v2\/media?parent=82106"}],"wp:term":[{"taxonomy":"category","embeddable":true,"href":"https:\/\/univet.hu\/anatomia\/de\/wp-json\/wp\/v2\/categories?post=82106"},{"taxonomy":"post_tag","embeddable":true,"href":"https:\/\/univet.hu\/anatomia\/de\/wp-json\/wp\/v2\/tags?post=82106"}],"curies":[{"name":"wp","href":"https:\/\/api.w.org\/{rel}","templated":true}]}}