{"id":13322,"date":"1970-01-01T01:00:00","date_gmt":"1970-01-01T00:00:00","guid":{"rendered":"http:\/\/univet.hu\/egyetem\/szervezeti-egysegek\/anatomiai-es-szovettani-tanszek\/hivatas-es-rontgen\/"},"modified":"2025-09-18T14:16:23","modified_gmt":"2025-09-18T12:16:23","slug":"veterinary-profession","status":"publish","type":"page","link":"https:\/\/univet.hu\/anatomia\/en\/department-of-anatomy-and-histology\/veterinary-profession\/","title":{"rendered":"Veterinary profession"},"content":{"rendered":"<p><strong>Veterinary Profession\u00a0<\/strong><\/p> <p>Lectures (on Wednesdays, from <strong>12.15<\/strong>-13.45 in the Assembly Hall)<\/p> <p>24th of September: Prof. Dr. Tam\u00e1s <strong>Abonyi<\/strong> (Director, National Office of Foodchain Security, Directorate of Veterinary Diagnostics)<\/p> <p>1st of October: dr. Mark <strong>Hedberg<\/strong> (Scientific Sales Manager, MDE Technologies GmbH )<\/p> <p>8th of October: dr. Zsolt <strong>Pint\u00e9r<\/strong> (President, Hungarian Veterinary Chamber)<\/p> <p>15th of October: dr. L\u00e1szl\u00f3 <strong>B\u00faza<\/strong> (Regional Marketing Manager for the Swine Industry)<\/p> <p>22nd of October: dr. L\u00e1szl\u00f3 <strong>Reinitz <\/strong>(anatomist)<\/p> <p>29th of October: Prof. Dr. Slaven <strong>Grbic<\/strong> (microbiologist, honorary consul of Bosnia and Herzegovina)<\/p> <p>12th of November: dr. Zs\u00f3fia <strong>Demj\u00e9n<\/strong> (small animal veterinarian)<\/p> <p>26th of November:G\u00e1bor <strong>Lor\u00e1szk\u00f3 <\/strong>(forensic expert, small-animal veterinarian, animal-wellfare expert)<\/p> <p>&nbsp;<\/p> <p>&nbsp;<\/p> <p>further, possibble lecturers:\u00a0dr. L\u00e1szl\u00f3 <strong>Krajcsovics<\/strong> (field veterinarian, Szeged)<\/p> <p>&nbsp;<\/p> <p>&nbsp;<\/p> <p>EXAM: \u00a0Simple-choice test, 15-20 mins long. Probably Online on the week after the last lecture.<\/p> <p>Due to the positions of the invited lecturers, attendance will be checked on every lecture and this will affect the exam result.<\/p> <p>&nbsp;<\/p> <p>Any change in the schedule will be announced here.<\/p> <p>last update: 2025.09.17.<\/p>","protected":false},"excerpt":{"rendered":"<p>Veterinary Profession\u00a0 Lectures (on Wednesdays, from 12.15-13.45 in the Assembly Hall) 24th of September: Prof. Dr. Tam\u00e1s Abonyi (Director, National Office of Foodchain Security, Directorate of Veterinary Diagnostics) 1st of October: dr. Mark Hedberg (Scientific Sales Manager, MDE Technologies GmbH ) 8th of October: dr. Zsolt Pint\u00e9r (President, Hungarian Veterinary Chamber) 15th of October: dr.<\/p>\n","protected":false},"author":3837,"featured_media":0,"parent":3302,"menu_order":137,"comment_status":"closed","ping_status":"closed","template":"","meta":{"_acf_changed":false,"footnotes":""},"categories":[],"tags":[],"class_list":["post-13322","page","type-page","status-publish","hentry"],"acf":[],"yoast_head":"<!-- This site is optimized with the Yoast SEO plugin v27.2 - https:\/\/yoast.com\/product\/yoast-seo-wordpress\/ -->\n<title>Veterinary profession - Department of Anatomy and Histology<\/title>\n<meta name=\"robots\" content=\"index, follow, max-snippet:-1, max-image-preview:large, max-video-preview:-1\" \/>\n<link rel=\"canonical\" href=\"https:\/\/univet.hu\/anatomia\/en\/department-of-anatomy-and-histology\/veterinary-profession\/\" \/>\n<meta property=\"og:locale\" content=\"en_US\" \/>\n<meta property=\"og:type\" content=\"article\" \/>\n<meta property=\"og:title\" content=\"Veterinary profession - Department of Anatomy and Histology\" \/>\n<meta property=\"og:description\" content=\"Veterinary Profession\u00a0 Lectures (on Wednesdays, from 12.15-13.45 in the Assembly Hall) 24th of September: Prof. Dr. Tam\u00e1s Abonyi (Director, National Office of Foodchain Security, Directorate of Veterinary Diagnostics) 1st of October: dr. Mark Hedberg (Scientific Sales Manager, MDE Technologies GmbH ) 8th of October: dr. Zsolt Pint\u00e9r (President, Hungarian Veterinary Chamber) 15th of October: dr.\" \/>\n<meta property=\"og:url\" content=\"https:\/\/univet.hu\/anatomia\/en\/department-of-anatomy-and-histology\/veterinary-profession\/\" \/>\n<meta property=\"og:site_name\" content=\"Department of Anatomy and Histology\" \/>\n<meta property=\"article:modified_time\" content=\"2025-09-18T12:16:23+00:00\" \/>\n<meta name=\"twitter:card\" content=\"summary_large_image\" \/>\n<meta name=\"twitter:label1\" content=\"Est. reading time\" \/>\n\t<meta name=\"twitter:data1\" content=\"1 minute\" \/>\n<script type=\"application\/ld+json\" class=\"yoast-schema-graph\">{\"@context\":\"https:\/\/schema.org\",\"@graph\":[{\"@type\":\"WebPage\",\"@id\":\"https:\/\/univet.hu\/anatomia\/en\/department-of-anatomy-and-histology\/veterinary-profession\/\",\"url\":\"https:\/\/univet.hu\/anatomia\/en\/department-of-anatomy-and-histology\/veterinary-profession\/\",\"name\":\"Veterinary profession - Department of Anatomy and Histology\",\"isPartOf\":{\"@id\":\"https:\/\/univet.hu\/anatomia\/en\/#website\"},\"datePublished\":\"1970-01-01T00:00:00+00:00\",\"dateModified\":\"2025-09-18T12:16:23+00:00\",\"breadcrumb\":{\"@id\":\"https:\/\/univet.hu\/anatomia\/en\/department-of-anatomy-and-histology\/veterinary-profession\/#breadcrumb\"},\"inLanguage\":\"en-US\",\"potentialAction\":[{\"@type\":\"ReadAction\",\"target\":[\"https:\/\/univet.hu\/anatomia\/en\/department-of-anatomy-and-histology\/veterinary-profession\/\"]}]},{\"@type\":\"BreadcrumbList\",\"@id\":\"https:\/\/univet.hu\/anatomia\/en\/department-of-anatomy-and-histology\/veterinary-profession\/#breadcrumb\",\"itemListElement\":[{\"@type\":\"ListItem\",\"position\":1,\"name\":\"Kezd\u0151lap\",\"item\":\"https:\/\/univet.hu\/anatomia\/en\/\"},{\"@type\":\"ListItem\",\"position\":2,\"name\":\"Department of Anatomy and Histology\",\"item\":\"https:\/\/univet.hu\/anatomia\/en\/\"},{\"@type\":\"ListItem\",\"position\":3,\"name\":\"Veterinary profession\"}]},{\"@type\":\"WebSite\",\"@id\":\"https:\/\/univet.hu\/anatomia\/en\/#website\",\"url\":\"https:\/\/univet.hu\/anatomia\/en\/\",\"name\":\"Anat\u00f3miai \u00e9s Sz\u00f6vettani Tansz\u00e9k\",\"description\":\"\",\"potentialAction\":[{\"@type\":\"SearchAction\",\"target\":{\"@type\":\"EntryPoint\",\"urlTemplate\":\"https:\/\/univet.hu\/anatomia\/en\/?s={search_term_string}\"},\"query-input\":{\"@type\":\"PropertyValueSpecification\",\"valueRequired\":true,\"valueName\":\"search_term_string\"}}],\"inLanguage\":\"en-US\"}]}<\/script>\n<!-- \/ Yoast SEO plugin. -->","yoast_head_json":{"title":"Veterinary profession - Department of Anatomy and Histology","robots":{"index":"index","follow":"follow","max-snippet":"max-snippet:-1","max-image-preview":"max-image-preview:large","max-video-preview":"max-video-preview:-1"},"canonical":"https:\/\/univet.hu\/anatomia\/en\/department-of-anatomy-and-histology\/veterinary-profession\/","og_locale":"en_US","og_type":"article","og_title":"Veterinary profession - Department of Anatomy and Histology","og_description":"Veterinary Profession\u00a0 Lectures (on Wednesdays, from 12.15-13.45 in the Assembly Hall) 24th of September: Prof. Dr. Tam\u00e1s Abonyi (Director, National Office of Foodchain Security, Directorate of Veterinary Diagnostics) 1st of October: dr. Mark Hedberg (Scientific Sales Manager, MDE Technologies GmbH ) 8th of October: dr. Zsolt Pint\u00e9r (President, Hungarian Veterinary Chamber) 15th of October: dr.","og_url":"https:\/\/univet.hu\/anatomia\/en\/department-of-anatomy-and-histology\/veterinary-profession\/","og_site_name":"Department of Anatomy and Histology","article_modified_time":"2025-09-18T12:16:23+00:00","twitter_card":"summary_large_image","twitter_misc":{"Est. reading time":"1 minute"},"schema":{"@context":"https:\/\/schema.org","@graph":[{"@type":"WebPage","@id":"https:\/\/univet.hu\/anatomia\/en\/department-of-anatomy-and-histology\/veterinary-profession\/","url":"https:\/\/univet.hu\/anatomia\/en\/department-of-anatomy-and-histology\/veterinary-profession\/","name":"Veterinary profession - Department of Anatomy and Histology","isPartOf":{"@id":"https:\/\/univet.hu\/anatomia\/en\/#website"},"datePublished":"1970-01-01T00:00:00+00:00","dateModified":"2025-09-18T12:16:23+00:00","breadcrumb":{"@id":"https:\/\/univet.hu\/anatomia\/en\/department-of-anatomy-and-histology\/veterinary-profession\/#breadcrumb"},"inLanguage":"en-US","potentialAction":[{"@type":"ReadAction","target":["https:\/\/univet.hu\/anatomia\/en\/department-of-anatomy-and-histology\/veterinary-profession\/"]}]},{"@type":"BreadcrumbList","@id":"https:\/\/univet.hu\/anatomia\/en\/department-of-anatomy-and-histology\/veterinary-profession\/#breadcrumb","itemListElement":[{"@type":"ListItem","position":1,"name":"Kezd\u0151lap","item":"https:\/\/univet.hu\/anatomia\/en\/"},{"@type":"ListItem","position":2,"name":"Department of Anatomy and Histology","item":"https:\/\/univet.hu\/anatomia\/en\/"},{"@type":"ListItem","position":3,"name":"Veterinary profession"}]},{"@type":"WebSite","@id":"https:\/\/univet.hu\/anatomia\/en\/#website","url":"https:\/\/univet.hu\/anatomia\/en\/","name":"Anat\u00f3miai \u00e9s Sz\u00f6vettani Tansz\u00e9k","description":"","potentialAction":[{"@type":"SearchAction","target":{"@type":"EntryPoint","urlTemplate":"https:\/\/univet.hu\/anatomia\/en\/?s={search_term_string}"},"query-input":{"@type":"PropertyValueSpecification","valueRequired":true,"valueName":"search_term_string"}}],"inLanguage":"en-US"}]}},"_links":{"self":[{"href":"https:\/\/univet.hu\/anatomia\/en\/wp-json\/wp\/v2\/pages\/13322","targetHints":{"allow":["GET"]}}],"collection":[{"href":"https:\/\/univet.hu\/anatomia\/en\/wp-json\/wp\/v2\/pages"}],"about":[{"href":"https:\/\/univet.hu\/anatomia\/en\/wp-json\/wp\/v2\/types\/page"}],"author":[{"embeddable":true,"href":"https:\/\/univet.hu\/anatomia\/en\/wp-json\/wp\/v2\/users\/3837"}],"replies":[{"embeddable":true,"href":"https:\/\/univet.hu\/anatomia\/en\/wp-json\/wp\/v2\/comments?post=13322"}],"version-history":[{"count":5,"href":"https:\/\/univet.hu\/anatomia\/en\/wp-json\/wp\/v2\/pages\/13322\/revisions"}],"predecessor-version":[{"id":134266,"href":"https:\/\/univet.hu\/anatomia\/en\/wp-json\/wp\/v2\/pages\/13322\/revisions\/134266"}],"up":[{"embeddable":true,"href":"https:\/\/univet.hu\/anatomia\/en\/wp-json\/wp\/v2\/pages\/3302"}],"wp:attachment":[{"href":"https:\/\/univet.hu\/anatomia\/en\/wp-json\/wp\/v2\/media?parent=13322"}],"wp:term":[{"taxonomy":"category","embeddable":true,"href":"https:\/\/univet.hu\/anatomia\/en\/wp-json\/wp\/v2\/categories?post=13322"},{"taxonomy":"post_tag","embeddable":true,"href":"https:\/\/univet.hu\/anatomia\/en\/wp-json\/wp\/v2\/tags?post=13322"}],"curies":[{"name":"wp","href":"https:\/\/api.w.org\/{rel}","templated":true}]}}