{"id":3302,"date":"2016-02-23T05:34:00","date_gmt":"2016-02-23T04:34:00","guid":{"rendered":"http:\/\/univet.hu\/about\/units\/department-of-anatomy-and-histology\/"},"modified":"2025-10-18T11:24:56","modified_gmt":"2025-10-18T09:24:56","slug":"department-of-anatomy-and-histology","status":"publish","type":"page","link":"https:\/\/univet.hu\/anatomia\/en\/","title":{"rendered":"Department of Anatomy and Histology"},"content":{"rendered":"<h2>History of the Department<\/h2> <div> <p>&nbsp;<\/p> <p>&nbsp;<\/p> <p>Since 1787, the first academic year of Hungarian veterinary education, anatomy has been a major subject within the curriculum. At the beginnings, professors had to teach in more than one of field therefore, it was not until after the appointment in 1845 of Alajos Szab\u00f3, a medical doctor and trained anatomist, that a department was instituted for veterinary anatomy and physiology. Due to the rapid expansion of knowledge, the two subjects were separated in 1887. A Department of Anatomy was organized and led by B\u00e9la N\u00e1daskay who, as a medical and veterinary doctor, founded the reputation of veterinary anatomy among the recognized fields of science. This standing has further been strengthened by his successor, \u00c1goston Zimmermann who during his long carreer held several high academic and public positions, and as a prolific author of textbooks became a leading figure of his field. In the meanwhile, the teaching of histology and embryology has also been incorporated into the curriculum. Zimmermann&#8217;s successors in the chair of the department were Gyula Kov\u00e1cs (1947), Gy\u00f6rgy Feh\u00e9r (1967) and Ferenc Haj\u00f3s (1987). Since 2001 P\u00e9ter S\u00f3tonyi is the head of the department which is now called Department of Anatomy and Histology.<\/p> <\/div>","protected":false},"excerpt":{"rendered":"<p>History of the Department &nbsp; &nbsp; Since 1787, the first academic year of Hungarian veterinary education, anatomy has been a major subject within the curriculum. At the beginnings, professors had to teach in more than one of field therefore, it was not until after the appointment in 1845 of Alajos Szab\u00f3, a medical doctor and<\/p>\n","protected":false},"author":3837,"featured_media":0,"parent":0,"menu_order":135,"comment_status":"closed","ping_status":"closed","template":"","meta":{"_acf_changed":false,"footnotes":""},"categories":[24],"tags":[],"class_list":["post-3302","page","type-page","status-publish","hentry","category-departments"],"acf":[],"yoast_head":"<!-- This site is optimized with the Yoast SEO plugin v27.2 - https:\/\/yoast.com\/product\/yoast-seo-wordpress\/ -->\n<title>Department of Anatomy and Histology - Department of Anatomy and Histology<\/title>\n<meta name=\"robots\" content=\"index, follow, max-snippet:-1, max-image-preview:large, max-video-preview:-1\" \/>\n<link rel=\"canonical\" href=\"https:\/\/univet.hu\/anatomia\/en\/\" \/>\n<meta property=\"og:locale\" content=\"en_US\" \/>\n<meta property=\"og:type\" content=\"article\" \/>\n<meta property=\"og:title\" content=\"Department of Anatomy and Histology - Department of Anatomy and Histology\" \/>\n<meta property=\"og:description\" content=\"History of the Department &nbsp; &nbsp; Since 1787, the first academic year of Hungarian veterinary education, anatomy has been a major subject within the curriculum. At the beginnings, professors had to teach in more than one of field therefore, it was not until after the appointment in 1845 of Alajos Szab\u00f3, a medical doctor and\" \/>\n<meta property=\"og:url\" content=\"https:\/\/univet.hu\/anatomia\/en\/\" \/>\n<meta property=\"og:site_name\" content=\"Department of Anatomy and Histology\" \/>\n<meta property=\"article:modified_time\" content=\"2025-10-18T09:24:56+00:00\" \/>\n<meta name=\"twitter:card\" content=\"summary_large_image\" \/>\n<meta name=\"twitter:label1\" content=\"Est. reading time\" \/>\n\t<meta name=\"twitter:data1\" content=\"2 minutes\" \/>\n<script type=\"application\/ld+json\" class=\"yoast-schema-graph\">{\"@context\":\"https:\/\/schema.org\",\"@graph\":[{\"@type\":\"WebPage\",\"@id\":\"https:\/\/univet.hu\/anatomia\/en\/\",\"url\":\"https:\/\/univet.hu\/anatomia\/en\/\",\"name\":\"Department of Anatomy and Histology - Department of Anatomy and Histology\",\"isPartOf\":{\"@id\":\"https:\/\/univet.hu\/anatomia\/en\/#website\"},\"datePublished\":\"2016-02-23T04:34:00+00:00\",\"dateModified\":\"2025-10-18T09:24:56+00:00\",\"breadcrumb\":{\"@id\":\"https:\/\/univet.hu\/anatomia\/en\/#breadcrumb\"},\"inLanguage\":\"en-US\",\"potentialAction\":[{\"@type\":\"ReadAction\",\"target\":[\"https:\/\/univet.hu\/anatomia\/en\/\"]}]},{\"@type\":\"BreadcrumbList\",\"@id\":\"https:\/\/univet.hu\/anatomia\/en\/#breadcrumb\",\"itemListElement\":[{\"@type\":\"ListItem\",\"position\":1,\"name\":\"Kezd\u0151lap\",\"item\":\"https:\/\/univet.hu\/anatomia\/en\/\"},{\"@type\":\"ListItem\",\"position\":2,\"name\":\"Department of Anatomy and Histology\"}]},{\"@type\":\"WebSite\",\"@id\":\"https:\/\/univet.hu\/anatomia\/en\/#website\",\"url\":\"https:\/\/univet.hu\/anatomia\/en\/\",\"name\":\"Anat\u00f3miai \u00e9s Sz\u00f6vettani Tansz\u00e9k\",\"description\":\"\",\"potentialAction\":[{\"@type\":\"SearchAction\",\"target\":{\"@type\":\"EntryPoint\",\"urlTemplate\":\"https:\/\/univet.hu\/anatomia\/en\/?s={search_term_string}\"},\"query-input\":{\"@type\":\"PropertyValueSpecification\",\"valueRequired\":true,\"valueName\":\"search_term_string\"}}],\"inLanguage\":\"en-US\"}]}<\/script>\n<!-- \/ Yoast SEO plugin. -->","yoast_head_json":{"title":"Department of Anatomy and Histology - Department of Anatomy and Histology","robots":{"index":"index","follow":"follow","max-snippet":"max-snippet:-1","max-image-preview":"max-image-preview:large","max-video-preview":"max-video-preview:-1"},"canonical":"https:\/\/univet.hu\/anatomia\/en\/","og_locale":"en_US","og_type":"article","og_title":"Department of Anatomy and Histology - Department of Anatomy and Histology","og_description":"History of the Department &nbsp; &nbsp; Since 1787, the first academic year of Hungarian veterinary education, anatomy has been a major subject within the curriculum. At the beginnings, professors had to teach in more than one of field therefore, it was not until after the appointment in 1845 of Alajos Szab\u00f3, a medical doctor and","og_url":"https:\/\/univet.hu\/anatomia\/en\/","og_site_name":"Department of Anatomy and Histology","article_modified_time":"2025-10-18T09:24:56+00:00","twitter_card":"summary_large_image","twitter_misc":{"Est. reading time":"2 minutes"},"schema":{"@context":"https:\/\/schema.org","@graph":[{"@type":"WebPage","@id":"https:\/\/univet.hu\/anatomia\/en\/","url":"https:\/\/univet.hu\/anatomia\/en\/","name":"Department of Anatomy and Histology - Department of Anatomy and Histology","isPartOf":{"@id":"https:\/\/univet.hu\/anatomia\/en\/#website"},"datePublished":"2016-02-23T04:34:00+00:00","dateModified":"2025-10-18T09:24:56+00:00","breadcrumb":{"@id":"https:\/\/univet.hu\/anatomia\/en\/#breadcrumb"},"inLanguage":"en-US","potentialAction":[{"@type":"ReadAction","target":["https:\/\/univet.hu\/anatomia\/en\/"]}]},{"@type":"BreadcrumbList","@id":"https:\/\/univet.hu\/anatomia\/en\/#breadcrumb","itemListElement":[{"@type":"ListItem","position":1,"name":"Kezd\u0151lap","item":"https:\/\/univet.hu\/anatomia\/en\/"},{"@type":"ListItem","position":2,"name":"Department of Anatomy and Histology"}]},{"@type":"WebSite","@id":"https:\/\/univet.hu\/anatomia\/en\/#website","url":"https:\/\/univet.hu\/anatomia\/en\/","name":"Anat\u00f3miai \u00e9s Sz\u00f6vettani Tansz\u00e9k","description":"","potentialAction":[{"@type":"SearchAction","target":{"@type":"EntryPoint","urlTemplate":"https:\/\/univet.hu\/anatomia\/en\/?s={search_term_string}"},"query-input":{"@type":"PropertyValueSpecification","valueRequired":true,"valueName":"search_term_string"}}],"inLanguage":"en-US"}]}},"_links":{"self":[{"href":"https:\/\/univet.hu\/anatomia\/en\/wp-json\/wp\/v2\/pages\/3302","targetHints":{"allow":["GET"]}}],"collection":[{"href":"https:\/\/univet.hu\/anatomia\/en\/wp-json\/wp\/v2\/pages"}],"about":[{"href":"https:\/\/univet.hu\/anatomia\/en\/wp-json\/wp\/v2\/types\/page"}],"author":[{"embeddable":true,"href":"https:\/\/univet.hu\/anatomia\/en\/wp-json\/wp\/v2\/users\/3837"}],"replies":[{"embeddable":true,"href":"https:\/\/univet.hu\/anatomia\/en\/wp-json\/wp\/v2\/comments?post=3302"}],"version-history":[{"count":3,"href":"https:\/\/univet.hu\/anatomia\/en\/wp-json\/wp\/v2\/pages\/3302\/revisions"}],"predecessor-version":[{"id":134310,"href":"https:\/\/univet.hu\/anatomia\/en\/wp-json\/wp\/v2\/pages\/3302\/revisions\/134310"}],"wp:attachment":[{"href":"https:\/\/univet.hu\/anatomia\/en\/wp-json\/wp\/v2\/media?parent=3302"}],"wp:term":[{"taxonomy":"category","embeddable":true,"href":"https:\/\/univet.hu\/anatomia\/en\/wp-json\/wp\/v2\/categories?post=3302"},{"taxonomy":"post_tag","embeddable":true,"href":"https:\/\/univet.hu\/anatomia\/en\/wp-json\/wp\/v2\/tags?post=3302"}],"curies":[{"name":"wp","href":"https:\/\/api.w.org\/{rel}","templated":true}]}}