{"id":3407,"date":"2016-01-11T17:46:00","date_gmt":"2016-01-11T16:46:00","guid":{"rendered":"http:\/\/univet.hu\/about\/units\/museum-of-anatomy\/"},"modified":"2025-01-13T21:02:40","modified_gmt":"2025-01-13T20:02:40","slug":"museum-of-anatomy","status":"publish","type":"page","link":"https:\/\/univet.hu\/anatomia\/en\/department-of-anatomy-and-histology\/museum-of-anatomy\/","title":{"rendered":"Museum of Anatomy"},"content":{"rendered":"<p><strong>opening Hours<\/strong><\/p> <p>Monday and Thursday, 12:00-16:00<\/p> <h2>Introduction<\/h2> <div> <p>&nbsp;<\/p> <\/div> <h2>History of the Department<\/h2> <div> <p>Szent Istv\u00e1n Egyetem \u00c1llatorvos-tudom\u00e1nyi Kar\u00e1nak Anat\u00f3miai, Sz\u00f6vettani \u00e9s Fejl\u0151d\u00e9sbiol\u00f3giai Tansz\u00e9ke a Kar egyik legr\u00e9gebbi \u00f6n\u00e1ll\u00f3 tudom\u00e1nyos m\u0171helye. Mint a Biol\u00f3gia tant\u00e1rgy\u00e9rt felel\u0151s Tansz\u00e9k, ez az egys\u00e9g felel\u0151s a felel\u0151s a Kar hivatalos felv\u00e9teli el\u0151k\u00e9sz\u00edt\u0151 tanfolyamainak lebonyol\u00edt\u00e1s\u00e1\u00e9rt, \u00e9s ezen kereszt\u00fcl a k\u00f6z\u00e9piskol\u00e1kkal \u00e9s k\u00f6z\u00e9piskolai hallgat\u00f3kkal \u00e9s r\u00e9gi, j\u00f3l m\u0171k\u00f6d\u0151 kapcsolatot \u00e1pol.<br \/> A tansz\u00e9knek az eg\u00e9sz orsz\u00e1gban egyed\u00fcl\u00e1ll\u00f3nak tekinthet\u0151 prepar\u00e1tumgy\u0171jtem\u00e9ny \u00e9s k\u00f6nyvt\u00e1r \u00e1ll a rendelkez\u00e9s\u00e9re, melyet nem csak az egyetemi hallgat\u00f3k, hanem k\u00f6z\u00e9piskol\u00e1s di\u00e1kok is haszn\u00e1lhatnak a felk\u00e9sz\u00fcl\u00e9sre.<br \/> Szorosan egy\u00fcttm\u0171k\u00f6d\u00fcnk t\u00f6bb k\u00f6z\u00e9piskol\u00e1val, melyekben rendszeresen tartunk ismeretterjeszt\u0151 el\u0151ad\u00e1sokat, illetve melyek sz\u00e1m\u00e1ra m\u0171helyl\u00e1togat\u00e1sokat szervez\u00fcnk. Jelent\u0151s prepar\u00e1tum k\u00e9szlet\u00e9nek k\u00f6sz\u00f6nhet\u0151en a Tansz\u00e9k rendszeresen kap felk\u00e9r\u00e9st k\u00fcl\u00f6nf\u00e9le m\u00fazeumok \u00e9s alap\u00edtv\u00e1nyok \u00e1ltal szervezett nem szakmai ki\u00e1ll\u00edt\u00e1sokon val\u00f3 r\u00e9szv\u00e9telre illetve a tansz\u00e9k munk\u00e1j\u00e1hoz szorosan nem k\u00f6t\u0151d\u0151 el\u0151ad\u00e1s megtart\u00e1s\u00e1ra. A tansz\u00e9ket \u00e9s annak m\u00fazeum\u00e1t heti rendszeress\u00e9ggel l\u00e1togatj\u00e1k. k\u00f6z\u00e9piskolai di\u00e1kcsoportok (szakk\u00f6r\u00f6k, tagozatos oszt\u00e1lyok), akiket valamelyik egyetemi oktat\u00f3 kalauzol k\u00f6rbe.<\/p> <\/div>","protected":false},"excerpt":{"rendered":"<p>opening Hours Monday and Thursday, 12:00-16:00 Introduction &nbsp; History of the Department Szent Istv\u00e1n Egyetem \u00c1llatorvos-tudom\u00e1nyi Kar\u00e1nak Anat\u00f3miai, Sz\u00f6vettani \u00e9s Fejl\u0151d\u00e9sbiol\u00f3giai Tansz\u00e9ke a Kar egyik legr\u00e9gebbi \u00f6n\u00e1ll\u00f3 tudom\u00e1nyos m\u0171helye. Mint a Biol\u00f3gia tant\u00e1rgy\u00e9rt felel\u0151s Tansz\u00e9k, ez az egys\u00e9g felel\u0151s a felel\u0151s a Kar hivatalos felv\u00e9teli el\u0151k\u00e9sz\u00edt\u0151 tanfolyamainak lebonyol\u00edt\u00e1s\u00e1\u00e9rt, \u00e9s ezen kereszt\u00fcl a k\u00f6z\u00e9piskol\u00e1kkal \u00e9s k\u00f6z\u00e9piskolai<\/p>\n","protected":false},"author":3837,"featured_media":0,"parent":3302,"menu_order":139,"comment_status":"closed","ping_status":"closed","template":"","meta":{"_acf_changed":false,"footnotes":""},"categories":[24],"tags":[],"class_list":["post-3407","page","type-page","status-publish","hentry","category-departments"],"acf":[],"yoast_head":"<!-- This site is optimized with the Yoast SEO plugin v27.2 - https:\/\/yoast.com\/product\/yoast-seo-wordpress\/ -->\n<title>Museum of Anatomy - Department of Anatomy and Histology<\/title>\n<meta name=\"robots\" content=\"index, follow, max-snippet:-1, max-image-preview:large, max-video-preview:-1\" \/>\n<link rel=\"canonical\" href=\"https:\/\/univet.hu\/anatomia\/en\/department-of-anatomy-and-histology\/museum-of-anatomy\/\" \/>\n<meta property=\"og:locale\" content=\"en_US\" \/>\n<meta property=\"og:type\" content=\"article\" \/>\n<meta property=\"og:title\" content=\"Museum of Anatomy - Department of Anatomy and Histology\" \/>\n<meta property=\"og:description\" content=\"opening Hours Monday and Thursday, 12:00-16:00 Introduction &nbsp; History of the Department Szent Istv\u00e1n Egyetem \u00c1llatorvos-tudom\u00e1nyi Kar\u00e1nak Anat\u00f3miai, Sz\u00f6vettani \u00e9s Fejl\u0151d\u00e9sbiol\u00f3giai Tansz\u00e9ke a Kar egyik legr\u00e9gebbi \u00f6n\u00e1ll\u00f3 tudom\u00e1nyos m\u0171helye. Mint a Biol\u00f3gia tant\u00e1rgy\u00e9rt felel\u0151s Tansz\u00e9k, ez az egys\u00e9g felel\u0151s a felel\u0151s a Kar hivatalos felv\u00e9teli el\u0151k\u00e9sz\u00edt\u0151 tanfolyamainak lebonyol\u00edt\u00e1s\u00e1\u00e9rt, \u00e9s ezen kereszt\u00fcl a k\u00f6z\u00e9piskol\u00e1kkal \u00e9s k\u00f6z\u00e9piskolai\" \/>\n<meta property=\"og:url\" content=\"https:\/\/univet.hu\/anatomia\/en\/department-of-anatomy-and-histology\/museum-of-anatomy\/\" \/>\n<meta property=\"og:site_name\" content=\"Department of Anatomy and Histology\" \/>\n<meta property=\"article:modified_time\" content=\"2025-01-13T20:02:40+00:00\" \/>\n<meta name=\"twitter:card\" content=\"summary_large_image\" \/>\n<meta name=\"twitter:label1\" content=\"Est. reading time\" \/>\n\t<meta name=\"twitter:data1\" content=\"1 minute\" \/>\n<script type=\"application\/ld+json\" class=\"yoast-schema-graph\">{\"@context\":\"https:\/\/schema.org\",\"@graph\":[{\"@type\":\"WebPage\",\"@id\":\"https:\/\/univet.hu\/anatomia\/en\/department-of-anatomy-and-histology\/museum-of-anatomy\/\",\"url\":\"https:\/\/univet.hu\/anatomia\/en\/department-of-anatomy-and-histology\/museum-of-anatomy\/\",\"name\":\"Museum of Anatomy - Department of Anatomy and Histology\",\"isPartOf\":{\"@id\":\"https:\/\/univet.hu\/anatomia\/en\/#website\"},\"datePublished\":\"2016-01-11T16:46:00+00:00\",\"dateModified\":\"2025-01-13T20:02:40+00:00\",\"breadcrumb\":{\"@id\":\"https:\/\/univet.hu\/anatomia\/en\/department-of-anatomy-and-histology\/museum-of-anatomy\/#breadcrumb\"},\"inLanguage\":\"en-US\",\"potentialAction\":[{\"@type\":\"ReadAction\",\"target\":[\"https:\/\/univet.hu\/anatomia\/en\/department-of-anatomy-and-histology\/museum-of-anatomy\/\"]}]},{\"@type\":\"BreadcrumbList\",\"@id\":\"https:\/\/univet.hu\/anatomia\/en\/department-of-anatomy-and-histology\/museum-of-anatomy\/#breadcrumb\",\"itemListElement\":[{\"@type\":\"ListItem\",\"position\":1,\"name\":\"Kezd\u0151lap\",\"item\":\"https:\/\/univet.hu\/anatomia\/en\/\"},{\"@type\":\"ListItem\",\"position\":2,\"name\":\"Department of Anatomy and Histology\",\"item\":\"https:\/\/univet.hu\/anatomia\/en\/\"},{\"@type\":\"ListItem\",\"position\":3,\"name\":\"Museum of Anatomy\"}]},{\"@type\":\"WebSite\",\"@id\":\"https:\/\/univet.hu\/anatomia\/en\/#website\",\"url\":\"https:\/\/univet.hu\/anatomia\/en\/\",\"name\":\"Anat\u00f3miai \u00e9s Sz\u00f6vettani Tansz\u00e9k\",\"description\":\"\",\"potentialAction\":[{\"@type\":\"SearchAction\",\"target\":{\"@type\":\"EntryPoint\",\"urlTemplate\":\"https:\/\/univet.hu\/anatomia\/en\/?s={search_term_string}\"},\"query-input\":{\"@type\":\"PropertyValueSpecification\",\"valueRequired\":true,\"valueName\":\"search_term_string\"}}],\"inLanguage\":\"en-US\"}]}<\/script>\n<!-- \/ Yoast SEO plugin. -->","yoast_head_json":{"title":"Museum of Anatomy - Department of Anatomy and Histology","robots":{"index":"index","follow":"follow","max-snippet":"max-snippet:-1","max-image-preview":"max-image-preview:large","max-video-preview":"max-video-preview:-1"},"canonical":"https:\/\/univet.hu\/anatomia\/en\/department-of-anatomy-and-histology\/museum-of-anatomy\/","og_locale":"en_US","og_type":"article","og_title":"Museum of Anatomy - Department of Anatomy and Histology","og_description":"opening Hours Monday and Thursday, 12:00-16:00 Introduction &nbsp; History of the Department Szent Istv\u00e1n Egyetem \u00c1llatorvos-tudom\u00e1nyi Kar\u00e1nak Anat\u00f3miai, Sz\u00f6vettani \u00e9s Fejl\u0151d\u00e9sbiol\u00f3giai Tansz\u00e9ke a Kar egyik legr\u00e9gebbi \u00f6n\u00e1ll\u00f3 tudom\u00e1nyos m\u0171helye. Mint a Biol\u00f3gia tant\u00e1rgy\u00e9rt felel\u0151s Tansz\u00e9k, ez az egys\u00e9g felel\u0151s a felel\u0151s a Kar hivatalos felv\u00e9teli el\u0151k\u00e9sz\u00edt\u0151 tanfolyamainak lebonyol\u00edt\u00e1s\u00e1\u00e9rt, \u00e9s ezen kereszt\u00fcl a k\u00f6z\u00e9piskol\u00e1kkal \u00e9s k\u00f6z\u00e9piskolai","og_url":"https:\/\/univet.hu\/anatomia\/en\/department-of-anatomy-and-histology\/museum-of-anatomy\/","og_site_name":"Department of Anatomy and Histology","article_modified_time":"2025-01-13T20:02:40+00:00","twitter_card":"summary_large_image","twitter_misc":{"Est. reading time":"1 minute"},"schema":{"@context":"https:\/\/schema.org","@graph":[{"@type":"WebPage","@id":"https:\/\/univet.hu\/anatomia\/en\/department-of-anatomy-and-histology\/museum-of-anatomy\/","url":"https:\/\/univet.hu\/anatomia\/en\/department-of-anatomy-and-histology\/museum-of-anatomy\/","name":"Museum of Anatomy - Department of Anatomy and Histology","isPartOf":{"@id":"https:\/\/univet.hu\/anatomia\/en\/#website"},"datePublished":"2016-01-11T16:46:00+00:00","dateModified":"2025-01-13T20:02:40+00:00","breadcrumb":{"@id":"https:\/\/univet.hu\/anatomia\/en\/department-of-anatomy-and-histology\/museum-of-anatomy\/#breadcrumb"},"inLanguage":"en-US","potentialAction":[{"@type":"ReadAction","target":["https:\/\/univet.hu\/anatomia\/en\/department-of-anatomy-and-histology\/museum-of-anatomy\/"]}]},{"@type":"BreadcrumbList","@id":"https:\/\/univet.hu\/anatomia\/en\/department-of-anatomy-and-histology\/museum-of-anatomy\/#breadcrumb","itemListElement":[{"@type":"ListItem","position":1,"name":"Kezd\u0151lap","item":"https:\/\/univet.hu\/anatomia\/en\/"},{"@type":"ListItem","position":2,"name":"Department of Anatomy and Histology","item":"https:\/\/univet.hu\/anatomia\/en\/"},{"@type":"ListItem","position":3,"name":"Museum of Anatomy"}]},{"@type":"WebSite","@id":"https:\/\/univet.hu\/anatomia\/en\/#website","url":"https:\/\/univet.hu\/anatomia\/en\/","name":"Anat\u00f3miai \u00e9s Sz\u00f6vettani Tansz\u00e9k","description":"","potentialAction":[{"@type":"SearchAction","target":{"@type":"EntryPoint","urlTemplate":"https:\/\/univet.hu\/anatomia\/en\/?s={search_term_string}"},"query-input":{"@type":"PropertyValueSpecification","valueRequired":true,"valueName":"search_term_string"}}],"inLanguage":"en-US"}]}},"_links":{"self":[{"href":"https:\/\/univet.hu\/anatomia\/en\/wp-json\/wp\/v2\/pages\/3407","targetHints":{"allow":["GET"]}}],"collection":[{"href":"https:\/\/univet.hu\/anatomia\/en\/wp-json\/wp\/v2\/pages"}],"about":[{"href":"https:\/\/univet.hu\/anatomia\/en\/wp-json\/wp\/v2\/types\/page"}],"author":[{"embeddable":true,"href":"https:\/\/univet.hu\/anatomia\/en\/wp-json\/wp\/v2\/users\/3837"}],"replies":[{"embeddable":true,"href":"https:\/\/univet.hu\/anatomia\/en\/wp-json\/wp\/v2\/comments?post=3407"}],"version-history":[{"count":1,"href":"https:\/\/univet.hu\/anatomia\/en\/wp-json\/wp\/v2\/pages\/3407\/revisions"}],"predecessor-version":[{"id":134036,"href":"https:\/\/univet.hu\/anatomia\/en\/wp-json\/wp\/v2\/pages\/3407\/revisions\/134036"}],"up":[{"embeddable":true,"href":"https:\/\/univet.hu\/anatomia\/en\/wp-json\/wp\/v2\/pages\/3302"}],"wp:attachment":[{"href":"https:\/\/univet.hu\/anatomia\/en\/wp-json\/wp\/v2\/media?parent=3407"}],"wp:term":[{"taxonomy":"category","embeddable":true,"href":"https:\/\/univet.hu\/anatomia\/en\/wp-json\/wp\/v2\/categories?post=3407"},{"taxonomy":"post_tag","embeddable":true,"href":"https:\/\/univet.hu\/anatomia\/en\/wp-json\/wp\/v2\/tags?post=3407"}],"curies":[{"name":"wp","href":"https:\/\/api.w.org\/{rel}","templated":true}]}}