{"id":35573,"date":"2019-02-27T12:43:57","date_gmt":"2019-02-27T11:43:57","guid":{"rendered":"https:\/\/univet.hu\/?page_id=35573"},"modified":"2025-05-14T16:00:45","modified_gmt":"2025-05-14T14:00:45","slug":"practice-dates-winter-exam-period","status":"publish","type":"page","link":"https:\/\/univet.hu\/anatomia\/en\/department-of-anatomy-and-histology\/practice-dates-winter-exam-period\/","title":{"rendered":"Practice dates &#8211; spring exam period"},"content":{"rendered":"<p><em>update: 14th of May, 2025<\/em><\/p> <p>The Department offers a limited opportunity to study bones, formalined specimen in building &#8220;E1&#8221;, and to practice dissection\u00a0 during the winter exam period of the academic year 2024\/2025. <strong>Dissection opportunity is limited based on the amount of carcasses available! We cannot promise or guarantee that.\u00a0<\/strong><\/p> <p>Instructor is not present during these occasions. The general rules and regulation\u00a0apply (e.g. wearing white coats, prohibition of food +\u00a0drink\u00a0and image recording, etc.)\u00a0Preparates must not be taken out of the dissection hall. The Department has no possibility to replace damage\/lost specimen.\u00a0Bypassing these regulations, inappropriate behaviour or disappearing\/damaging bones\/specimen will result in the permanent suspension of such opportunities.<\/p> <p><strong>DATES:<\/strong><\/p> <p>2025. May 21. (<span dir=\"ltr\">Wednesday<\/span>) 10.00-13.00; building &#8220;P&#8221;, bones+formalined specimen+dissection (all three languages)<\/p> <p>2025. May 28. (<span dir=\"ltr\">Wednesday<\/span>) 10.00-13.00;building &#8220;P&#8221;, bones+formalined specimen+dissection (all three languages)<\/p> <p>2025. June 4. (<span dir=\"ltr\">Wednesday<\/span>) 10.00-13.00; building &#8220;P&#8221;, bones+formalined specimen+dissection (all three languages)<\/p> <p>2025. June 11. (<span dir=\"ltr\">Wednesday<\/span>) 10.00-13.00; building &#8220;P&#8221;, bones+formalined specimen+dissection (all three languages)<\/p> <p>2025. June 18. (<span dir=\"ltr\">Wednesday<\/span>) 10.00-13.00; building &#8220;P&#8221;, bones+formalined specimen+dissection (all three languages)<\/p> <p>&nbsp;<\/p> <p>&nbsp;<\/p>","protected":false},"excerpt":{"rendered":"<p>update: 14th of May, 2025 The Department offers a limited opportunity to study bones, formalined specimen in building &#8220;E1&#8221;, and to practice dissection\u00a0 during the winter exam period of the academic year 2024\/2025. Dissection opportunity is limited based on the amount of carcasses available! We cannot promise or guarantee that.\u00a0 Instructor is not present during<\/p>\n","protected":false},"author":3837,"featured_media":0,"parent":3302,"menu_order":140,"comment_status":"closed","ping_status":"closed","template":"","meta":{"_acf_changed":false,"footnotes":""},"categories":[],"tags":[],"class_list":["post-35573","page","type-page","status-publish","hentry"],"acf":[],"yoast_head":"<!-- This site is optimized with the Yoast SEO plugin v27.2 - https:\/\/yoast.com\/product\/yoast-seo-wordpress\/ -->\n<title>Practice dates - spring exam period - Department of Anatomy and Histology<\/title>\n<meta name=\"robots\" content=\"index, follow, max-snippet:-1, max-image-preview:large, max-video-preview:-1\" \/>\n<link rel=\"canonical\" href=\"https:\/\/univet.hu\/anatomia\/en\/department-of-anatomy-and-histology\/practice-dates-winter-exam-period\/\" \/>\n<meta property=\"og:locale\" content=\"en_US\" \/>\n<meta property=\"og:type\" content=\"article\" \/>\n<meta property=\"og:title\" content=\"Practice dates - spring exam period - Department of Anatomy and Histology\" \/>\n<meta property=\"og:description\" content=\"update: 14th of May, 2025 The Department offers a limited opportunity to study bones, formalined specimen in building &#8220;E1&#8221;, and to practice dissection\u00a0 during the winter exam period of the academic year 2024\/2025. Dissection opportunity is limited based on the amount of carcasses available! We cannot promise or guarantee that.\u00a0 Instructor is not present during\" \/>\n<meta property=\"og:url\" content=\"https:\/\/univet.hu\/anatomia\/en\/department-of-anatomy-and-histology\/practice-dates-winter-exam-period\/\" \/>\n<meta property=\"og:site_name\" content=\"Department of Anatomy and Histology\" \/>\n<meta property=\"article:modified_time\" content=\"2025-05-14T14:00:45+00:00\" \/>\n<meta name=\"twitter:card\" content=\"summary_large_image\" \/>\n<meta name=\"twitter:label1\" content=\"Est. reading time\" \/>\n\t<meta name=\"twitter:data1\" content=\"1 minute\" \/>\n<script type=\"application\/ld+json\" class=\"yoast-schema-graph\">{\"@context\":\"https:\/\/schema.org\",\"@graph\":[{\"@type\":\"WebPage\",\"@id\":\"https:\/\/univet.hu\/anatomia\/en\/department-of-anatomy-and-histology\/practice-dates-winter-exam-period\/\",\"url\":\"https:\/\/univet.hu\/anatomia\/en\/department-of-anatomy-and-histology\/practice-dates-winter-exam-period\/\",\"name\":\"Practice dates - spring exam period - Department of Anatomy and Histology\",\"isPartOf\":{\"@id\":\"https:\/\/univet.hu\/anatomia\/en\/#website\"},\"datePublished\":\"2019-02-27T11:43:57+00:00\",\"dateModified\":\"2025-05-14T14:00:45+00:00\",\"breadcrumb\":{\"@id\":\"https:\/\/univet.hu\/anatomia\/en\/department-of-anatomy-and-histology\/practice-dates-winter-exam-period\/#breadcrumb\"},\"inLanguage\":\"en-US\",\"potentialAction\":[{\"@type\":\"ReadAction\",\"target\":[\"https:\/\/univet.hu\/anatomia\/en\/department-of-anatomy-and-histology\/practice-dates-winter-exam-period\/\"]}]},{\"@type\":\"BreadcrumbList\",\"@id\":\"https:\/\/univet.hu\/anatomia\/en\/department-of-anatomy-and-histology\/practice-dates-winter-exam-period\/#breadcrumb\",\"itemListElement\":[{\"@type\":\"ListItem\",\"position\":1,\"name\":\"Kezd\u0151lap\",\"item\":\"https:\/\/univet.hu\/anatomia\/en\/\"},{\"@type\":\"ListItem\",\"position\":2,\"name\":\"Department of Anatomy and Histology\",\"item\":\"https:\/\/univet.hu\/anatomia\/en\/\"},{\"@type\":\"ListItem\",\"position\":3,\"name\":\"Practice dates &#8211; spring exam period\"}]},{\"@type\":\"WebSite\",\"@id\":\"https:\/\/univet.hu\/anatomia\/en\/#website\",\"url\":\"https:\/\/univet.hu\/anatomia\/en\/\",\"name\":\"Anat\u00f3miai \u00e9s Sz\u00f6vettani Tansz\u00e9k\",\"description\":\"\",\"potentialAction\":[{\"@type\":\"SearchAction\",\"target\":{\"@type\":\"EntryPoint\",\"urlTemplate\":\"https:\/\/univet.hu\/anatomia\/en\/?s={search_term_string}\"},\"query-input\":{\"@type\":\"PropertyValueSpecification\",\"valueRequired\":true,\"valueName\":\"search_term_string\"}}],\"inLanguage\":\"en-US\"}]}<\/script>\n<!-- \/ Yoast SEO plugin. -->","yoast_head_json":{"title":"Practice dates - spring exam period - Department of Anatomy and Histology","robots":{"index":"index","follow":"follow","max-snippet":"max-snippet:-1","max-image-preview":"max-image-preview:large","max-video-preview":"max-video-preview:-1"},"canonical":"https:\/\/univet.hu\/anatomia\/en\/department-of-anatomy-and-histology\/practice-dates-winter-exam-period\/","og_locale":"en_US","og_type":"article","og_title":"Practice dates - spring exam period - Department of Anatomy and Histology","og_description":"update: 14th of May, 2025 The Department offers a limited opportunity to study bones, formalined specimen in building &#8220;E1&#8221;, and to practice dissection\u00a0 during the winter exam period of the academic year 2024\/2025. Dissection opportunity is limited based on the amount of carcasses available! We cannot promise or guarantee that.\u00a0 Instructor is not present during","og_url":"https:\/\/univet.hu\/anatomia\/en\/department-of-anatomy-and-histology\/practice-dates-winter-exam-period\/","og_site_name":"Department of Anatomy and Histology","article_modified_time":"2025-05-14T14:00:45+00:00","twitter_card":"summary_large_image","twitter_misc":{"Est. reading time":"1 minute"},"schema":{"@context":"https:\/\/schema.org","@graph":[{"@type":"WebPage","@id":"https:\/\/univet.hu\/anatomia\/en\/department-of-anatomy-and-histology\/practice-dates-winter-exam-period\/","url":"https:\/\/univet.hu\/anatomia\/en\/department-of-anatomy-and-histology\/practice-dates-winter-exam-period\/","name":"Practice dates - spring exam period - Department of Anatomy and Histology","isPartOf":{"@id":"https:\/\/univet.hu\/anatomia\/en\/#website"},"datePublished":"2019-02-27T11:43:57+00:00","dateModified":"2025-05-14T14:00:45+00:00","breadcrumb":{"@id":"https:\/\/univet.hu\/anatomia\/en\/department-of-anatomy-and-histology\/practice-dates-winter-exam-period\/#breadcrumb"},"inLanguage":"en-US","potentialAction":[{"@type":"ReadAction","target":["https:\/\/univet.hu\/anatomia\/en\/department-of-anatomy-and-histology\/practice-dates-winter-exam-period\/"]}]},{"@type":"BreadcrumbList","@id":"https:\/\/univet.hu\/anatomia\/en\/department-of-anatomy-and-histology\/practice-dates-winter-exam-period\/#breadcrumb","itemListElement":[{"@type":"ListItem","position":1,"name":"Kezd\u0151lap","item":"https:\/\/univet.hu\/anatomia\/en\/"},{"@type":"ListItem","position":2,"name":"Department of Anatomy and Histology","item":"https:\/\/univet.hu\/anatomia\/en\/"},{"@type":"ListItem","position":3,"name":"Practice dates &#8211; spring exam period"}]},{"@type":"WebSite","@id":"https:\/\/univet.hu\/anatomia\/en\/#website","url":"https:\/\/univet.hu\/anatomia\/en\/","name":"Anat\u00f3miai \u00e9s Sz\u00f6vettani Tansz\u00e9k","description":"","potentialAction":[{"@type":"SearchAction","target":{"@type":"EntryPoint","urlTemplate":"https:\/\/univet.hu\/anatomia\/en\/?s={search_term_string}"},"query-input":{"@type":"PropertyValueSpecification","valueRequired":true,"valueName":"search_term_string"}}],"inLanguage":"en-US"}]}},"_links":{"self":[{"href":"https:\/\/univet.hu\/anatomia\/en\/wp-json\/wp\/v2\/pages\/35573","targetHints":{"allow":["GET"]}}],"collection":[{"href":"https:\/\/univet.hu\/anatomia\/en\/wp-json\/wp\/v2\/pages"}],"about":[{"href":"https:\/\/univet.hu\/anatomia\/en\/wp-json\/wp\/v2\/types\/page"}],"author":[{"embeddable":true,"href":"https:\/\/univet.hu\/anatomia\/en\/wp-json\/wp\/v2\/users\/3837"}],"replies":[{"embeddable":true,"href":"https:\/\/univet.hu\/anatomia\/en\/wp-json\/wp\/v2\/comments?post=35573"}],"version-history":[{"count":3,"href":"https:\/\/univet.hu\/anatomia\/en\/wp-json\/wp\/v2\/pages\/35573\/revisions"}],"predecessor-version":[{"id":134194,"href":"https:\/\/univet.hu\/anatomia\/en\/wp-json\/wp\/v2\/pages\/35573\/revisions\/134194"}],"up":[{"embeddable":true,"href":"https:\/\/univet.hu\/anatomia\/en\/wp-json\/wp\/v2\/pages\/3302"}],"wp:attachment":[{"href":"https:\/\/univet.hu\/anatomia\/en\/wp-json\/wp\/v2\/media?parent=35573"}],"wp:term":[{"taxonomy":"category","embeddable":true,"href":"https:\/\/univet.hu\/anatomia\/en\/wp-json\/wp\/v2\/categories?post=35573"},{"taxonomy":"post_tag","embeddable":true,"href":"https:\/\/univet.hu\/anatomia\/en\/wp-json\/wp\/v2\/tags?post=35573"}],"curies":[{"name":"wp","href":"https:\/\/api.w.org\/{rel}","templated":true}]}}