{"id":42318,"date":"2019-08-28T11:31:25","date_gmt":"2019-08-28T09:31:25","guid":{"rendered":"https:\/\/univet.hu\/?page_id=42318"},"modified":"2025-01-13T21:41:23","modified_gmt":"2025-01-13T20:41:23","slug":"contact-professors-for-students","status":"publish","type":"page","link":"https:\/\/univet.hu\/anatomia\/en\/department-of-anatomy-and-histology\/contact-professors-for-students\/","title":{"rendered":"Contact professors for students"},"content":{"rendered":"<p>Regarding every anatomy-related inquery, the <strong>announcements during lectures<\/strong> and the <strong>offical website of the Department<\/strong> are the normative answers. In case of further questions, please first carefully read the <a href=\"https:\/\/univet.hu\/anatomia\/en\/students-guide-to-anatomy\/\">exam regulation of the Department<\/a> and <a href=\"https:\/\/univet.hu\/files\/subpages\/144\/files\/FAQ2016.pdf\">that of the University as well<\/a>!<\/p> <p>Regarding lab-changes and missed attendences, please always contact <a href=\"https:\/\/univet.hu\/en\/about\/units\/department-of-anatomy-and-histology\/staff\/\">the teacher<\/a> of the corresponding lab via email.<\/p> <p>For any other inquery, please contact the assigned teacher of the class as follows. <strong>Please do not contact the Secretary of the Department or the Head of the Department with student-related issues.\u00a0<\/strong><\/p> <p>&nbsp;<\/p> <p>I. year:\u00a0<a href=\"https:\/\/univet.hu\/en\/about\/staff\/reinitz-laszlo-zoltan\/\">dr. L\u00e1szl\u00f3 Z. REINITZ assistant professor<\/a><\/p> <p>II. year:\u00a0<a href=\"https:\/\/univet.hu\/en\/about\/staff\/szalay-ferenc\/\">dr. Ferenc SZALAY associate professor<\/a><\/p> <p>consultations:\u00a0<a href=\"https:\/\/univet.hu\/en\/about\/staff\/hazai-diana\/\" target=\"_blank\" rel=\"noopener\">dr. Diana HAZAI assistant professor<\/a><\/p>","protected":false},"excerpt":{"rendered":"<p>Regarding every anatomy-related inquery, the announcements during lectures and the offical website of the Department are the normative answers. In case of further questions, please first carefully read the exam regulation of the Department and that of the University as well! Regarding lab-changes and missed attendences, please always contact the teacher of the corresponding lab<\/p>\n","protected":false},"author":3837,"featured_media":0,"parent":3302,"menu_order":139,"comment_status":"closed","ping_status":"closed","template":"","meta":{"_acf_changed":false,"footnotes":""},"categories":[],"tags":[],"class_list":["post-42318","page","type-page","status-publish","hentry"],"acf":[],"yoast_head":"<!-- This site is optimized with the Yoast SEO plugin v27.2 - https:\/\/yoast.com\/product\/yoast-seo-wordpress\/ -->\n<title>Contact professors for students - Department of Anatomy and Histology<\/title>\n<meta name=\"robots\" content=\"index, follow, max-snippet:-1, max-image-preview:large, max-video-preview:-1\" \/>\n<link rel=\"canonical\" href=\"https:\/\/univet.hu\/anatomia\/en\/department-of-anatomy-and-histology\/contact-professors-for-students\/\" \/>\n<meta property=\"og:locale\" content=\"en_US\" \/>\n<meta property=\"og:type\" content=\"article\" \/>\n<meta property=\"og:title\" content=\"Contact professors for students - Department of Anatomy and Histology\" \/>\n<meta property=\"og:description\" content=\"Regarding every anatomy-related inquery, the announcements during lectures and the offical website of the Department are the normative answers. In case of further questions, please first carefully read the exam regulation of the Department and that of the University as well! Regarding lab-changes and missed attendences, please always contact the teacher of the corresponding lab\" \/>\n<meta property=\"og:url\" content=\"https:\/\/univet.hu\/anatomia\/en\/department-of-anatomy-and-histology\/contact-professors-for-students\/\" \/>\n<meta property=\"og:site_name\" content=\"Department of Anatomy and Histology\" \/>\n<meta property=\"article:modified_time\" content=\"2025-01-13T20:41:23+00:00\" \/>\n<meta name=\"twitter:card\" content=\"summary_large_image\" \/>\n<meta name=\"twitter:label1\" content=\"Est. reading time\" \/>\n\t<meta name=\"twitter:data1\" content=\"1 minute\" \/>\n<script type=\"application\/ld+json\" class=\"yoast-schema-graph\">{\"@context\":\"https:\/\/schema.org\",\"@graph\":[{\"@type\":\"WebPage\",\"@id\":\"https:\/\/univet.hu\/anatomia\/en\/department-of-anatomy-and-histology\/contact-professors-for-students\/\",\"url\":\"https:\/\/univet.hu\/anatomia\/en\/department-of-anatomy-and-histology\/contact-professors-for-students\/\",\"name\":\"Contact professors for students - Department of Anatomy and Histology\",\"isPartOf\":{\"@id\":\"https:\/\/univet.hu\/anatomia\/en\/#website\"},\"datePublished\":\"2019-08-28T09:31:25+00:00\",\"dateModified\":\"2025-01-13T20:41:23+00:00\",\"breadcrumb\":{\"@id\":\"https:\/\/univet.hu\/anatomia\/en\/department-of-anatomy-and-histology\/contact-professors-for-students\/#breadcrumb\"},\"inLanguage\":\"en-US\",\"potentialAction\":[{\"@type\":\"ReadAction\",\"target\":[\"https:\/\/univet.hu\/anatomia\/en\/department-of-anatomy-and-histology\/contact-professors-for-students\/\"]}]},{\"@type\":\"BreadcrumbList\",\"@id\":\"https:\/\/univet.hu\/anatomia\/en\/department-of-anatomy-and-histology\/contact-professors-for-students\/#breadcrumb\",\"itemListElement\":[{\"@type\":\"ListItem\",\"position\":1,\"name\":\"Kezd\u0151lap\",\"item\":\"https:\/\/univet.hu\/anatomia\/en\/\"},{\"@type\":\"ListItem\",\"position\":2,\"name\":\"Department of Anatomy and Histology\",\"item\":\"https:\/\/univet.hu\/anatomia\/en\/\"},{\"@type\":\"ListItem\",\"position\":3,\"name\":\"Contact professors for students\"}]},{\"@type\":\"WebSite\",\"@id\":\"https:\/\/univet.hu\/anatomia\/en\/#website\",\"url\":\"https:\/\/univet.hu\/anatomia\/en\/\",\"name\":\"Anat\u00f3miai \u00e9s Sz\u00f6vettani Tansz\u00e9k\",\"description\":\"\",\"potentialAction\":[{\"@type\":\"SearchAction\",\"target\":{\"@type\":\"EntryPoint\",\"urlTemplate\":\"https:\/\/univet.hu\/anatomia\/en\/?s={search_term_string}\"},\"query-input\":{\"@type\":\"PropertyValueSpecification\",\"valueRequired\":true,\"valueName\":\"search_term_string\"}}],\"inLanguage\":\"en-US\"}]}<\/script>\n<!-- \/ Yoast SEO plugin. -->","yoast_head_json":{"title":"Contact professors for students - Department of Anatomy and Histology","robots":{"index":"index","follow":"follow","max-snippet":"max-snippet:-1","max-image-preview":"max-image-preview:large","max-video-preview":"max-video-preview:-1"},"canonical":"https:\/\/univet.hu\/anatomia\/en\/department-of-anatomy-and-histology\/contact-professors-for-students\/","og_locale":"en_US","og_type":"article","og_title":"Contact professors for students - Department of Anatomy and Histology","og_description":"Regarding every anatomy-related inquery, the announcements during lectures and the offical website of the Department are the normative answers. In case of further questions, please first carefully read the exam regulation of the Department and that of the University as well! Regarding lab-changes and missed attendences, please always contact the teacher of the corresponding lab","og_url":"https:\/\/univet.hu\/anatomia\/en\/department-of-anatomy-and-histology\/contact-professors-for-students\/","og_site_name":"Department of Anatomy and Histology","article_modified_time":"2025-01-13T20:41:23+00:00","twitter_card":"summary_large_image","twitter_misc":{"Est. reading time":"1 minute"},"schema":{"@context":"https:\/\/schema.org","@graph":[{"@type":"WebPage","@id":"https:\/\/univet.hu\/anatomia\/en\/department-of-anatomy-and-histology\/contact-professors-for-students\/","url":"https:\/\/univet.hu\/anatomia\/en\/department-of-anatomy-and-histology\/contact-professors-for-students\/","name":"Contact professors for students - Department of Anatomy and Histology","isPartOf":{"@id":"https:\/\/univet.hu\/anatomia\/en\/#website"},"datePublished":"2019-08-28T09:31:25+00:00","dateModified":"2025-01-13T20:41:23+00:00","breadcrumb":{"@id":"https:\/\/univet.hu\/anatomia\/en\/department-of-anatomy-and-histology\/contact-professors-for-students\/#breadcrumb"},"inLanguage":"en-US","potentialAction":[{"@type":"ReadAction","target":["https:\/\/univet.hu\/anatomia\/en\/department-of-anatomy-and-histology\/contact-professors-for-students\/"]}]},{"@type":"BreadcrumbList","@id":"https:\/\/univet.hu\/anatomia\/en\/department-of-anatomy-and-histology\/contact-professors-for-students\/#breadcrumb","itemListElement":[{"@type":"ListItem","position":1,"name":"Kezd\u0151lap","item":"https:\/\/univet.hu\/anatomia\/en\/"},{"@type":"ListItem","position":2,"name":"Department of Anatomy and Histology","item":"https:\/\/univet.hu\/anatomia\/en\/"},{"@type":"ListItem","position":3,"name":"Contact professors for students"}]},{"@type":"WebSite","@id":"https:\/\/univet.hu\/anatomia\/en\/#website","url":"https:\/\/univet.hu\/anatomia\/en\/","name":"Anat\u00f3miai \u00e9s Sz\u00f6vettani Tansz\u00e9k","description":"","potentialAction":[{"@type":"SearchAction","target":{"@type":"EntryPoint","urlTemplate":"https:\/\/univet.hu\/anatomia\/en\/?s={search_term_string}"},"query-input":{"@type":"PropertyValueSpecification","valueRequired":true,"valueName":"search_term_string"}}],"inLanguage":"en-US"}]}},"_links":{"self":[{"href":"https:\/\/univet.hu\/anatomia\/en\/wp-json\/wp\/v2\/pages\/42318","targetHints":{"allow":["GET"]}}],"collection":[{"href":"https:\/\/univet.hu\/anatomia\/en\/wp-json\/wp\/v2\/pages"}],"about":[{"href":"https:\/\/univet.hu\/anatomia\/en\/wp-json\/wp\/v2\/types\/page"}],"author":[{"embeddable":true,"href":"https:\/\/univet.hu\/anatomia\/en\/wp-json\/wp\/v2\/users\/3837"}],"replies":[{"embeddable":true,"href":"https:\/\/univet.hu\/anatomia\/en\/wp-json\/wp\/v2\/comments?post=42318"}],"version-history":[{"count":2,"href":"https:\/\/univet.hu\/anatomia\/en\/wp-json\/wp\/v2\/pages\/42318\/revisions"}],"predecessor-version":[{"id":134155,"href":"https:\/\/univet.hu\/anatomia\/en\/wp-json\/wp\/v2\/pages\/42318\/revisions\/134155"}],"up":[{"embeddable":true,"href":"https:\/\/univet.hu\/anatomia\/en\/wp-json\/wp\/v2\/pages\/3302"}],"wp:attachment":[{"href":"https:\/\/univet.hu\/anatomia\/en\/wp-json\/wp\/v2\/media?parent=42318"}],"wp:term":[{"taxonomy":"category","embeddable":true,"href":"https:\/\/univet.hu\/anatomia\/en\/wp-json\/wp\/v2\/categories?post=42318"},{"taxonomy":"post_tag","embeddable":true,"href":"https:\/\/univet.hu\/anatomia\/en\/wp-json\/wp\/v2\/tags?post=42318"}],"curies":[{"name":"wp","href":"https:\/\/api.w.org\/{rel}","templated":true}]}}