{"id":56275,"date":"2020-07-15T22:31:40","date_gmt":"2020-07-15T20:31:40","guid":{"rendered":"https:\/\/univet.hu\/?page_id=56275"},"modified":"2026-03-10T12:10:58","modified_gmt":"2026-03-10T11:10:58","slug":"dissection-practice-2022-exam-period","status":"publish","type":"page","link":"https:\/\/univet.hu\/anatomia\/en\/department-of-anatomy-and-histology\/dissection-practice-2022-exam-period\/","title":{"rendered":"Consultation"},"content":{"rendered":"<p><em>updated: 2025.11.10<\/em><\/p> <p>The Department offers some limited\u00a0opportunity for\u00a0students to <strong>practise dissection<\/strong>\u00a0and study bones+formaline specimen.<\/p> <p>In order to participate on these, students must always obey the\u00a0epidemiological regulations published by the Students Secretary and\/or the Rector in accordance with the\u00a0prevailing Hungarian governmental measures. We expect everybody to closely monitor and strictly follow these regulations. <strong>Having a proof of vaccination is obligatory!<\/strong><\/p> <p>There will be no professors present during the dissection practices but we will provide supervision through the demonstrations. Following the instructions of these demonstrators is obligatory. <strong>The general rules must be obeyed<\/strong> during these practices, i.e. wearing appropriate lab coats, shoe cover, gloves, and attire, refraining from eating, drinking, recording etc.\u00a0Failure to comply with the rules will result in the permanent closure of the consultations.<\/p> <p>There will be no attendance checks, and students shall arrive and leave as they prefer.<\/p> <div dir=\"ltr\" data-setdir=\"false\"> <p><strong>DURING THE SEMESTER:<\/strong><\/p> <\/div> <p><strong>Formaline and bone, building E<br \/> <\/strong>English class Wednesday 12-15<br \/> 25 Feb.<br \/> 08 April<br \/> 22. April<br \/> Zoology students Wednesday 16-18<br \/> 25 Feb.<br \/> 08 April<br \/> 22. April<\/p> <p><strong>Dissection, building E<\/strong><br \/> English class Wednesday 12-15<br \/> 04 March.<br \/> 11 March<br \/> 15. April<br \/> 06 May<br \/> Zoology students Wednesday 16-18<br \/> 04 March.<br \/> 11 March<br \/> 15. April<br \/> 06 May<\/p> <p>&nbsp;<\/p> <p>Please contact <a href=\"https:\/\/univet.hu\/en\/about\/staff\/hazai-diana\/\" target=\"_blank\" rel=\"noopener\">dr. Hazai<\/a> with related questions.<\/p> <p>&nbsp;<\/p>","protected":false},"excerpt":{"rendered":"<p>updated: 2025.11.10 The Department offers some limited\u00a0opportunity for\u00a0students to practise dissection\u00a0and study bones+formaline specimen. In order to participate on these, students must always obey the\u00a0epidemiological regulations published by the Students Secretary and\/or the Rector in accordance with the\u00a0prevailing Hungarian governmental measures. We expect everybody to closely monitor and strictly follow these regulations. Having a proof<\/p>\n","protected":false},"author":3837,"featured_media":0,"parent":3302,"menu_order":144,"comment_status":"closed","ping_status":"closed","template":"","meta":{"_acf_changed":false,"footnotes":""},"categories":[],"tags":[],"class_list":["post-56275","page","type-page","status-publish","hentry"],"acf":[],"yoast_head":"<!-- This site is optimized with the Yoast SEO plugin v27.2 - https:\/\/yoast.com\/product\/yoast-seo-wordpress\/ -->\n<title>Consultation - Department of Anatomy and Histology<\/title>\n<meta name=\"robots\" content=\"index, follow, max-snippet:-1, max-image-preview:large, max-video-preview:-1\" \/>\n<link rel=\"canonical\" href=\"https:\/\/univet.hu\/anatomia\/en\/department-of-anatomy-and-histology\/dissection-practice-2022-exam-period\/\" \/>\n<meta property=\"og:locale\" content=\"en_US\" \/>\n<meta property=\"og:type\" content=\"article\" \/>\n<meta property=\"og:title\" content=\"Consultation - Department of Anatomy and Histology\" \/>\n<meta property=\"og:description\" content=\"updated: 2025.11.10 The Department offers some limited\u00a0opportunity for\u00a0students to practise dissection\u00a0and study bones+formaline specimen. In order to participate on these, students must always obey the\u00a0epidemiological regulations published by the Students Secretary and\/or the Rector in accordance with the\u00a0prevailing Hungarian governmental measures. We expect everybody to closely monitor and strictly follow these regulations. Having a proof\" \/>\n<meta property=\"og:url\" content=\"https:\/\/univet.hu\/anatomia\/en\/department-of-anatomy-and-histology\/dissection-practice-2022-exam-period\/\" \/>\n<meta property=\"og:site_name\" content=\"Department of Anatomy and Histology\" \/>\n<meta property=\"article:modified_time\" content=\"2026-03-10T11:10:58+00:00\" \/>\n<meta name=\"twitter:card\" content=\"summary_large_image\" \/>\n<meta name=\"twitter:label1\" content=\"Est. reading time\" \/>\n\t<meta name=\"twitter:data1\" content=\"2 minutes\" \/>\n<script type=\"application\/ld+json\" class=\"yoast-schema-graph\">{\"@context\":\"https:\/\/schema.org\",\"@graph\":[{\"@type\":\"WebPage\",\"@id\":\"https:\/\/univet.hu\/anatomia\/en\/department-of-anatomy-and-histology\/dissection-practice-2022-exam-period\/\",\"url\":\"https:\/\/univet.hu\/anatomia\/en\/department-of-anatomy-and-histology\/dissection-practice-2022-exam-period\/\",\"name\":\"Consultation - Department of Anatomy and Histology\",\"isPartOf\":{\"@id\":\"https:\/\/univet.hu\/anatomia\/en\/#website\"},\"datePublished\":\"2020-07-15T20:31:40+00:00\",\"dateModified\":\"2026-03-10T11:10:58+00:00\",\"breadcrumb\":{\"@id\":\"https:\/\/univet.hu\/anatomia\/en\/department-of-anatomy-and-histology\/dissection-practice-2022-exam-period\/#breadcrumb\"},\"inLanguage\":\"en-US\",\"potentialAction\":[{\"@type\":\"ReadAction\",\"target\":[\"https:\/\/univet.hu\/anatomia\/en\/department-of-anatomy-and-histology\/dissection-practice-2022-exam-period\/\"]}]},{\"@type\":\"BreadcrumbList\",\"@id\":\"https:\/\/univet.hu\/anatomia\/en\/department-of-anatomy-and-histology\/dissection-practice-2022-exam-period\/#breadcrumb\",\"itemListElement\":[{\"@type\":\"ListItem\",\"position\":1,\"name\":\"Kezd\u0151lap\",\"item\":\"https:\/\/univet.hu\/anatomia\/en\/\"},{\"@type\":\"ListItem\",\"position\":2,\"name\":\"Department of Anatomy and Histology\",\"item\":\"https:\/\/univet.hu\/anatomia\/en\/\"},{\"@type\":\"ListItem\",\"position\":3,\"name\":\"Consultation\"}]},{\"@type\":\"WebSite\",\"@id\":\"https:\/\/univet.hu\/anatomia\/en\/#website\",\"url\":\"https:\/\/univet.hu\/anatomia\/en\/\",\"name\":\"Anat\u00f3miai \u00e9s Sz\u00f6vettani Tansz\u00e9k\",\"description\":\"\",\"potentialAction\":[{\"@type\":\"SearchAction\",\"target\":{\"@type\":\"EntryPoint\",\"urlTemplate\":\"https:\/\/univet.hu\/anatomia\/en\/?s={search_term_string}\"},\"query-input\":{\"@type\":\"PropertyValueSpecification\",\"valueRequired\":true,\"valueName\":\"search_term_string\"}}],\"inLanguage\":\"en-US\"}]}<\/script>\n<!-- \/ Yoast SEO plugin. -->","yoast_head_json":{"title":"Consultation - Department of Anatomy and Histology","robots":{"index":"index","follow":"follow","max-snippet":"max-snippet:-1","max-image-preview":"max-image-preview:large","max-video-preview":"max-video-preview:-1"},"canonical":"https:\/\/univet.hu\/anatomia\/en\/department-of-anatomy-and-histology\/dissection-practice-2022-exam-period\/","og_locale":"en_US","og_type":"article","og_title":"Consultation - Department of Anatomy and Histology","og_description":"updated: 2025.11.10 The Department offers some limited\u00a0opportunity for\u00a0students to practise dissection\u00a0and study bones+formaline specimen. In order to participate on these, students must always obey the\u00a0epidemiological regulations published by the Students Secretary and\/or the Rector in accordance with the\u00a0prevailing Hungarian governmental measures. We expect everybody to closely monitor and strictly follow these regulations. Having a proof","og_url":"https:\/\/univet.hu\/anatomia\/en\/department-of-anatomy-and-histology\/dissection-practice-2022-exam-period\/","og_site_name":"Department of Anatomy and Histology","article_modified_time":"2026-03-10T11:10:58+00:00","twitter_card":"summary_large_image","twitter_misc":{"Est. reading time":"2 minutes"},"schema":{"@context":"https:\/\/schema.org","@graph":[{"@type":"WebPage","@id":"https:\/\/univet.hu\/anatomia\/en\/department-of-anatomy-and-histology\/dissection-practice-2022-exam-period\/","url":"https:\/\/univet.hu\/anatomia\/en\/department-of-anatomy-and-histology\/dissection-practice-2022-exam-period\/","name":"Consultation - Department of Anatomy and Histology","isPartOf":{"@id":"https:\/\/univet.hu\/anatomia\/en\/#website"},"datePublished":"2020-07-15T20:31:40+00:00","dateModified":"2026-03-10T11:10:58+00:00","breadcrumb":{"@id":"https:\/\/univet.hu\/anatomia\/en\/department-of-anatomy-and-histology\/dissection-practice-2022-exam-period\/#breadcrumb"},"inLanguage":"en-US","potentialAction":[{"@type":"ReadAction","target":["https:\/\/univet.hu\/anatomia\/en\/department-of-anatomy-and-histology\/dissection-practice-2022-exam-period\/"]}]},{"@type":"BreadcrumbList","@id":"https:\/\/univet.hu\/anatomia\/en\/department-of-anatomy-and-histology\/dissection-practice-2022-exam-period\/#breadcrumb","itemListElement":[{"@type":"ListItem","position":1,"name":"Kezd\u0151lap","item":"https:\/\/univet.hu\/anatomia\/en\/"},{"@type":"ListItem","position":2,"name":"Department of Anatomy and Histology","item":"https:\/\/univet.hu\/anatomia\/en\/"},{"@type":"ListItem","position":3,"name":"Consultation"}]},{"@type":"WebSite","@id":"https:\/\/univet.hu\/anatomia\/en\/#website","url":"https:\/\/univet.hu\/anatomia\/en\/","name":"Anat\u00f3miai \u00e9s Sz\u00f6vettani Tansz\u00e9k","description":"","potentialAction":[{"@type":"SearchAction","target":{"@type":"EntryPoint","urlTemplate":"https:\/\/univet.hu\/anatomia\/en\/?s={search_term_string}"},"query-input":{"@type":"PropertyValueSpecification","valueRequired":true,"valueName":"search_term_string"}}],"inLanguage":"en-US"}]}},"_links":{"self":[{"href":"https:\/\/univet.hu\/anatomia\/en\/wp-json\/wp\/v2\/pages\/56275","targetHints":{"allow":["GET"]}}],"collection":[{"href":"https:\/\/univet.hu\/anatomia\/en\/wp-json\/wp\/v2\/pages"}],"about":[{"href":"https:\/\/univet.hu\/anatomia\/en\/wp-json\/wp\/v2\/types\/page"}],"author":[{"embeddable":true,"href":"https:\/\/univet.hu\/anatomia\/en\/wp-json\/wp\/v2\/users\/3837"}],"replies":[{"embeddable":true,"href":"https:\/\/univet.hu\/anatomia\/en\/wp-json\/wp\/v2\/comments?post=56275"}],"version-history":[{"count":16,"href":"https:\/\/univet.hu\/anatomia\/en\/wp-json\/wp\/v2\/pages\/56275\/revisions"}],"predecessor-version":[{"id":134326,"href":"https:\/\/univet.hu\/anatomia\/en\/wp-json\/wp\/v2\/pages\/56275\/revisions\/134326"}],"up":[{"embeddable":true,"href":"https:\/\/univet.hu\/anatomia\/en\/wp-json\/wp\/v2\/pages\/3302"}],"wp:attachment":[{"href":"https:\/\/univet.hu\/anatomia\/en\/wp-json\/wp\/v2\/media?parent=56275"}],"wp:term":[{"taxonomy":"category","embeddable":true,"href":"https:\/\/univet.hu\/anatomia\/en\/wp-json\/wp\/v2\/categories?post=56275"},{"taxonomy":"post_tag","embeddable":true,"href":"https:\/\/univet.hu\/anatomia\/en\/wp-json\/wp\/v2\/tags?post=56275"}],"curies":[{"name":"wp","href":"https:\/\/api.w.org\/{rel}","templated":true}]}}