{"id":78110,"date":"2022-09-05T13:39:17","date_gmt":"2022-09-05T11:39:17","guid":{"rendered":"https:\/\/univet.hu\/?page_id=78110"},"modified":"2025-10-14T22:06:34","modified_gmt":"2025-10-14T20:06:34","slug":"midterms","status":"publish","type":"page","link":"https:\/\/univet.hu\/anatomia\/en\/department-of-anatomy-and-histology\/midterms\/","title":{"rendered":"Midterms"},"content":{"rendered":"<p>The detailed regulation of the midterms are described in the 3rd section of the <a href=\"https:\/\/univet.hu\/en\/about\/units\/department-of-anatomy-and-histology\/students-guide-to-anatomy\/\" target=\"_blank\" rel=\"noopener\">Student&#8217;s Guide to Anatomy<\/a>.<\/p> <p>2025\/26 &#8211; autumn semester:<\/p> <p style=\"padding-left: 40px\"><strong>Theoretical midterm:<\/strong><\/p> <p style=\"padding-left: 70px\">2025.10.09;\u00a0 &#8211; Auditory Hall 17:15-17:45<\/p> <p style=\"padding-left: 40px\"><strong>Practical midterm:<\/strong><\/p> <p style=\"padding-left: 80px\"><strong>gr. 3, 4, 7:<\/strong> 2025.10.20 15:15-16:30 (building E1)<\/p> <p style=\"padding-left: 80px\"><strong>gr. 2, 10:<\/strong> 2025.10.20 16:45-18:00 (building E1)<\/p> <p style=\"padding-left: 80px\"><strong>gr. 1, 6, 8:<\/strong> 2025.10.22 14:15-15:30 (building E1)<\/p> <p style=\"padding-left: 80px\"><strong>gr. 5, 9:<\/strong> 2025.10.22 15:45-17:00 (building E1)<\/p> <p>&nbsp;<\/p> <p>2025\/26 &#8211; spring semester:<\/p> <p style=\"padding-left: 40px\">to be announced in February<\/p>","protected":false},"excerpt":{"rendered":"<p>The detailed regulation of the midterms are described in the 3rd section of the Student&#8217;s Guide to Anatomy. 2025\/26 &#8211; autumn semester: Theoretical midterm: 2025.10.09;\u00a0 &#8211; Auditory Hall 17:15-17:45 Practical midterm: gr. 3, 4, 7: 2025.10.20 15:15-16:30 (building E1) gr. 2, 10: 2025.10.20 16:45-18:00 (building E1) gr. 1, 6, 8: 2025.10.22 14:15-15:30 (building E1) gr.<\/p>\n","protected":false},"author":3837,"featured_media":0,"parent":3302,"menu_order":145,"comment_status":"closed","ping_status":"closed","template":"","meta":{"_acf_changed":false,"footnotes":""},"categories":[],"tags":[],"class_list":["post-78110","page","type-page","status-publish","hentry"],"acf":[],"yoast_head":"<!-- This site is optimized with the Yoast SEO plugin v27.2 - https:\/\/yoast.com\/product\/yoast-seo-wordpress\/ -->\n<title>Midterms - Department of Anatomy and Histology<\/title>\n<meta name=\"robots\" content=\"index, follow, max-snippet:-1, max-image-preview:large, max-video-preview:-1\" \/>\n<link rel=\"canonical\" href=\"https:\/\/univet.hu\/anatomia\/en\/department-of-anatomy-and-histology\/midterms\/\" \/>\n<meta property=\"og:locale\" content=\"en_US\" \/>\n<meta property=\"og:type\" content=\"article\" \/>\n<meta property=\"og:title\" content=\"Midterms - Department of Anatomy and Histology\" \/>\n<meta property=\"og:description\" content=\"The detailed regulation of the midterms are described in the 3rd section of the Student&#8217;s Guide to Anatomy. 2025\/26 &#8211; autumn semester: Theoretical midterm: 2025.10.09;\u00a0 &#8211; Auditory Hall 17:15-17:45 Practical midterm: gr. 3, 4, 7: 2025.10.20 15:15-16:30 (building E1) gr. 2, 10: 2025.10.20 16:45-18:00 (building E1) gr. 1, 6, 8: 2025.10.22 14:15-15:30 (building E1) gr.\" \/>\n<meta property=\"og:url\" content=\"https:\/\/univet.hu\/anatomia\/en\/department-of-anatomy-and-histology\/midterms\/\" \/>\n<meta property=\"og:site_name\" content=\"Department of Anatomy and Histology\" \/>\n<meta property=\"article:modified_time\" content=\"2025-10-14T20:06:34+00:00\" \/>\n<meta name=\"twitter:card\" content=\"summary_large_image\" \/>\n<meta name=\"twitter:label1\" content=\"Est. reading time\" \/>\n\t<meta name=\"twitter:data1\" content=\"1 minute\" \/>\n<script type=\"application\/ld+json\" class=\"yoast-schema-graph\">{\"@context\":\"https:\/\/schema.org\",\"@graph\":[{\"@type\":\"WebPage\",\"@id\":\"https:\/\/univet.hu\/anatomia\/en\/department-of-anatomy-and-histology\/midterms\/\",\"url\":\"https:\/\/univet.hu\/anatomia\/en\/department-of-anatomy-and-histology\/midterms\/\",\"name\":\"Midterms - Department of Anatomy and Histology\",\"isPartOf\":{\"@id\":\"https:\/\/univet.hu\/anatomia\/en\/#website\"},\"datePublished\":\"2022-09-05T11:39:17+00:00\",\"dateModified\":\"2025-10-14T20:06:34+00:00\",\"breadcrumb\":{\"@id\":\"https:\/\/univet.hu\/anatomia\/en\/department-of-anatomy-and-histology\/midterms\/#breadcrumb\"},\"inLanguage\":\"en-US\",\"potentialAction\":[{\"@type\":\"ReadAction\",\"target\":[\"https:\/\/univet.hu\/anatomia\/en\/department-of-anatomy-and-histology\/midterms\/\"]}]},{\"@type\":\"BreadcrumbList\",\"@id\":\"https:\/\/univet.hu\/anatomia\/en\/department-of-anatomy-and-histology\/midterms\/#breadcrumb\",\"itemListElement\":[{\"@type\":\"ListItem\",\"position\":1,\"name\":\"Kezd\u0151lap\",\"item\":\"https:\/\/univet.hu\/anatomia\/en\/\"},{\"@type\":\"ListItem\",\"position\":2,\"name\":\"Department of Anatomy and Histology\",\"item\":\"https:\/\/univet.hu\/anatomia\/en\/\"},{\"@type\":\"ListItem\",\"position\":3,\"name\":\"Midterms\"}]},{\"@type\":\"WebSite\",\"@id\":\"https:\/\/univet.hu\/anatomia\/en\/#website\",\"url\":\"https:\/\/univet.hu\/anatomia\/en\/\",\"name\":\"Anat\u00f3miai \u00e9s Sz\u00f6vettani Tansz\u00e9k\",\"description\":\"\",\"potentialAction\":[{\"@type\":\"SearchAction\",\"target\":{\"@type\":\"EntryPoint\",\"urlTemplate\":\"https:\/\/univet.hu\/anatomia\/en\/?s={search_term_string}\"},\"query-input\":{\"@type\":\"PropertyValueSpecification\",\"valueRequired\":true,\"valueName\":\"search_term_string\"}}],\"inLanguage\":\"en-US\"}]}<\/script>\n<!-- \/ Yoast SEO plugin. -->","yoast_head_json":{"title":"Midterms - Department of Anatomy and Histology","robots":{"index":"index","follow":"follow","max-snippet":"max-snippet:-1","max-image-preview":"max-image-preview:large","max-video-preview":"max-video-preview:-1"},"canonical":"https:\/\/univet.hu\/anatomia\/en\/department-of-anatomy-and-histology\/midterms\/","og_locale":"en_US","og_type":"article","og_title":"Midterms - Department of Anatomy and Histology","og_description":"The detailed regulation of the midterms are described in the 3rd section of the Student&#8217;s Guide to Anatomy. 2025\/26 &#8211; autumn semester: Theoretical midterm: 2025.10.09;\u00a0 &#8211; Auditory Hall 17:15-17:45 Practical midterm: gr. 3, 4, 7: 2025.10.20 15:15-16:30 (building E1) gr. 2, 10: 2025.10.20 16:45-18:00 (building E1) gr. 1, 6, 8: 2025.10.22 14:15-15:30 (building E1) gr.","og_url":"https:\/\/univet.hu\/anatomia\/en\/department-of-anatomy-and-histology\/midterms\/","og_site_name":"Department of Anatomy and Histology","article_modified_time":"2025-10-14T20:06:34+00:00","twitter_card":"summary_large_image","twitter_misc":{"Est. reading time":"1 minute"},"schema":{"@context":"https:\/\/schema.org","@graph":[{"@type":"WebPage","@id":"https:\/\/univet.hu\/anatomia\/en\/department-of-anatomy-and-histology\/midterms\/","url":"https:\/\/univet.hu\/anatomia\/en\/department-of-anatomy-and-histology\/midterms\/","name":"Midterms - Department of Anatomy and Histology","isPartOf":{"@id":"https:\/\/univet.hu\/anatomia\/en\/#website"},"datePublished":"2022-09-05T11:39:17+00:00","dateModified":"2025-10-14T20:06:34+00:00","breadcrumb":{"@id":"https:\/\/univet.hu\/anatomia\/en\/department-of-anatomy-and-histology\/midterms\/#breadcrumb"},"inLanguage":"en-US","potentialAction":[{"@type":"ReadAction","target":["https:\/\/univet.hu\/anatomia\/en\/department-of-anatomy-and-histology\/midterms\/"]}]},{"@type":"BreadcrumbList","@id":"https:\/\/univet.hu\/anatomia\/en\/department-of-anatomy-and-histology\/midterms\/#breadcrumb","itemListElement":[{"@type":"ListItem","position":1,"name":"Kezd\u0151lap","item":"https:\/\/univet.hu\/anatomia\/en\/"},{"@type":"ListItem","position":2,"name":"Department of Anatomy and Histology","item":"https:\/\/univet.hu\/anatomia\/en\/"},{"@type":"ListItem","position":3,"name":"Midterms"}]},{"@type":"WebSite","@id":"https:\/\/univet.hu\/anatomia\/en\/#website","url":"https:\/\/univet.hu\/anatomia\/en\/","name":"Anat\u00f3miai \u00e9s Sz\u00f6vettani Tansz\u00e9k","description":"","potentialAction":[{"@type":"SearchAction","target":{"@type":"EntryPoint","urlTemplate":"https:\/\/univet.hu\/anatomia\/en\/?s={search_term_string}"},"query-input":{"@type":"PropertyValueSpecification","valueRequired":true,"valueName":"search_term_string"}}],"inLanguage":"en-US"}]}},"_links":{"self":[{"href":"https:\/\/univet.hu\/anatomia\/en\/wp-json\/wp\/v2\/pages\/78110","targetHints":{"allow":["GET"]}}],"collection":[{"href":"https:\/\/univet.hu\/anatomia\/en\/wp-json\/wp\/v2\/pages"}],"about":[{"href":"https:\/\/univet.hu\/anatomia\/en\/wp-json\/wp\/v2\/types\/page"}],"author":[{"embeddable":true,"href":"https:\/\/univet.hu\/anatomia\/en\/wp-json\/wp\/v2\/users\/3837"}],"replies":[{"embeddable":true,"href":"https:\/\/univet.hu\/anatomia\/en\/wp-json\/wp\/v2\/comments?post=78110"}],"version-history":[{"count":5,"href":"https:\/\/univet.hu\/anatomia\/en\/wp-json\/wp\/v2\/pages\/78110\/revisions"}],"predecessor-version":[{"id":134307,"href":"https:\/\/univet.hu\/anatomia\/en\/wp-json\/wp\/v2\/pages\/78110\/revisions\/134307"}],"up":[{"embeddable":true,"href":"https:\/\/univet.hu\/anatomia\/en\/wp-json\/wp\/v2\/pages\/3302"}],"wp:attachment":[{"href":"https:\/\/univet.hu\/anatomia\/en\/wp-json\/wp\/v2\/media?parent=78110"}],"wp:term":[{"taxonomy":"category","embeddable":true,"href":"https:\/\/univet.hu\/anatomia\/en\/wp-json\/wp\/v2\/categories?post=78110"},{"taxonomy":"post_tag","embeddable":true,"href":"https:\/\/univet.hu\/anatomia\/en\/wp-json\/wp\/v2\/tags?post=78110"}],"curies":[{"name":"wp","href":"https:\/\/api.w.org\/{rel}","templated":true}]}}