{"id":82104,"date":"2023-01-22T18:43:55","date_gmt":"2023-01-22T17:43:55","guid":{"rendered":"https:\/\/univet.hu\/?page_id=82104"},"modified":"2025-01-13T21:02:41","modified_gmt":"2025-01-13T20:02:41","slug":"thesis","status":"publish","type":"page","link":"https:\/\/univet.hu\/anatomia\/en\/department-of-anatomy-and-histology\/thesis\/","title":{"rendered":"Thesis"},"content":{"rendered":"<p>The Department currently does not have an available thesis\/TDK topic. We are open to student initiatives, so if you have an idea\/conception about a thesis research related to anatomy or histology, contact the professors of the Department by email. We recommend that you find out about the research areas in the introduction part of the staff member&#8217;s page before making an inquiry.<\/p>","protected":false},"excerpt":{"rendered":"<p>The Department currently does not have an available thesis\/TDK topic. We are open to student initiatives, so if you have an idea\/conception about a thesis research related to anatomy or histology, contact the professors of the Department by email. We recommend that you find out about the research areas in the introduction part of the<\/p>\n","protected":false},"author":3837,"featured_media":0,"parent":3302,"menu_order":146,"comment_status":"closed","ping_status":"closed","template":"","meta":{"_acf_changed":false,"footnotes":""},"categories":[],"tags":[],"class_list":["post-82104","page","type-page","status-publish","hentry"],"acf":[],"yoast_head":"<!-- This site is optimized with the Yoast SEO plugin v27.2 - https:\/\/yoast.com\/product\/yoast-seo-wordpress\/ -->\n<title>Thesis - Department of Anatomy and Histology<\/title>\n<meta name=\"robots\" content=\"index, follow, max-snippet:-1, max-image-preview:large, max-video-preview:-1\" \/>\n<link rel=\"canonical\" href=\"https:\/\/univet.hu\/anatomia\/en\/department-of-anatomy-and-histology\/thesis\/\" \/>\n<meta property=\"og:locale\" content=\"en_US\" \/>\n<meta property=\"og:type\" content=\"article\" \/>\n<meta property=\"og:title\" content=\"Thesis - Department of Anatomy and Histology\" \/>\n<meta property=\"og:description\" content=\"The Department currently does not have an available thesis\/TDK topic. We are open to student initiatives, so if you have an idea\/conception about a thesis research related to anatomy or histology, contact the professors of the Department by email. We recommend that you find out about the research areas in the introduction part of the\" \/>\n<meta property=\"og:url\" content=\"https:\/\/univet.hu\/anatomia\/en\/department-of-anatomy-and-histology\/thesis\/\" \/>\n<meta property=\"og:site_name\" content=\"Department of Anatomy and Histology\" \/>\n<meta property=\"article:modified_time\" content=\"2025-01-13T20:02:41+00:00\" \/>\n<meta name=\"twitter:card\" content=\"summary_large_image\" \/>\n<script type=\"application\/ld+json\" class=\"yoast-schema-graph\">{\"@context\":\"https:\/\/schema.org\",\"@graph\":[{\"@type\":\"WebPage\",\"@id\":\"https:\/\/univet.hu\/anatomia\/en\/department-of-anatomy-and-histology\/thesis\/\",\"url\":\"https:\/\/univet.hu\/anatomia\/en\/department-of-anatomy-and-histology\/thesis\/\",\"name\":\"Thesis - Department of Anatomy and Histology\",\"isPartOf\":{\"@id\":\"https:\/\/univet.hu\/anatomia\/en\/#website\"},\"datePublished\":\"2023-01-22T17:43:55+00:00\",\"dateModified\":\"2025-01-13T20:02:41+00:00\",\"breadcrumb\":{\"@id\":\"https:\/\/univet.hu\/anatomia\/en\/department-of-anatomy-and-histology\/thesis\/#breadcrumb\"},\"inLanguage\":\"en-US\",\"potentialAction\":[{\"@type\":\"ReadAction\",\"target\":[\"https:\/\/univet.hu\/anatomia\/en\/department-of-anatomy-and-histology\/thesis\/\"]}]},{\"@type\":\"BreadcrumbList\",\"@id\":\"https:\/\/univet.hu\/anatomia\/en\/department-of-anatomy-and-histology\/thesis\/#breadcrumb\",\"itemListElement\":[{\"@type\":\"ListItem\",\"position\":1,\"name\":\"Kezd\u0151lap\",\"item\":\"https:\/\/univet.hu\/anatomia\/en\/\"},{\"@type\":\"ListItem\",\"position\":2,\"name\":\"Department of Anatomy and Histology\",\"item\":\"https:\/\/univet.hu\/anatomia\/en\/\"},{\"@type\":\"ListItem\",\"position\":3,\"name\":\"Thesis\"}]},{\"@type\":\"WebSite\",\"@id\":\"https:\/\/univet.hu\/anatomia\/en\/#website\",\"url\":\"https:\/\/univet.hu\/anatomia\/en\/\",\"name\":\"Anat\u00f3miai \u00e9s Sz\u00f6vettani Tansz\u00e9k\",\"description\":\"\",\"potentialAction\":[{\"@type\":\"SearchAction\",\"target\":{\"@type\":\"EntryPoint\",\"urlTemplate\":\"https:\/\/univet.hu\/anatomia\/en\/?s={search_term_string}\"},\"query-input\":{\"@type\":\"PropertyValueSpecification\",\"valueRequired\":true,\"valueName\":\"search_term_string\"}}],\"inLanguage\":\"en-US\"}]}<\/script>\n<!-- \/ Yoast SEO plugin. -->","yoast_head_json":{"title":"Thesis - Department of Anatomy and Histology","robots":{"index":"index","follow":"follow","max-snippet":"max-snippet:-1","max-image-preview":"max-image-preview:large","max-video-preview":"max-video-preview:-1"},"canonical":"https:\/\/univet.hu\/anatomia\/en\/department-of-anatomy-and-histology\/thesis\/","og_locale":"en_US","og_type":"article","og_title":"Thesis - Department of Anatomy and Histology","og_description":"The Department currently does not have an available thesis\/TDK topic. We are open to student initiatives, so if you have an idea\/conception about a thesis research related to anatomy or histology, contact the professors of the Department by email. We recommend that you find out about the research areas in the introduction part of the","og_url":"https:\/\/univet.hu\/anatomia\/en\/department-of-anatomy-and-histology\/thesis\/","og_site_name":"Department of Anatomy and Histology","article_modified_time":"2025-01-13T20:02:41+00:00","twitter_card":"summary_large_image","schema":{"@context":"https:\/\/schema.org","@graph":[{"@type":"WebPage","@id":"https:\/\/univet.hu\/anatomia\/en\/department-of-anatomy-and-histology\/thesis\/","url":"https:\/\/univet.hu\/anatomia\/en\/department-of-anatomy-and-histology\/thesis\/","name":"Thesis - Department of Anatomy and Histology","isPartOf":{"@id":"https:\/\/univet.hu\/anatomia\/en\/#website"},"datePublished":"2023-01-22T17:43:55+00:00","dateModified":"2025-01-13T20:02:41+00:00","breadcrumb":{"@id":"https:\/\/univet.hu\/anatomia\/en\/department-of-anatomy-and-histology\/thesis\/#breadcrumb"},"inLanguage":"en-US","potentialAction":[{"@type":"ReadAction","target":["https:\/\/univet.hu\/anatomia\/en\/department-of-anatomy-and-histology\/thesis\/"]}]},{"@type":"BreadcrumbList","@id":"https:\/\/univet.hu\/anatomia\/en\/department-of-anatomy-and-histology\/thesis\/#breadcrumb","itemListElement":[{"@type":"ListItem","position":1,"name":"Kezd\u0151lap","item":"https:\/\/univet.hu\/anatomia\/en\/"},{"@type":"ListItem","position":2,"name":"Department of Anatomy and Histology","item":"https:\/\/univet.hu\/anatomia\/en\/"},{"@type":"ListItem","position":3,"name":"Thesis"}]},{"@type":"WebSite","@id":"https:\/\/univet.hu\/anatomia\/en\/#website","url":"https:\/\/univet.hu\/anatomia\/en\/","name":"Anat\u00f3miai \u00e9s Sz\u00f6vettani Tansz\u00e9k","description":"","potentialAction":[{"@type":"SearchAction","target":{"@type":"EntryPoint","urlTemplate":"https:\/\/univet.hu\/anatomia\/en\/?s={search_term_string}"},"query-input":{"@type":"PropertyValueSpecification","valueRequired":true,"valueName":"search_term_string"}}],"inLanguage":"en-US"}]}},"_links":{"self":[{"href":"https:\/\/univet.hu\/anatomia\/en\/wp-json\/wp\/v2\/pages\/82104","targetHints":{"allow":["GET"]}}],"collection":[{"href":"https:\/\/univet.hu\/anatomia\/en\/wp-json\/wp\/v2\/pages"}],"about":[{"href":"https:\/\/univet.hu\/anatomia\/en\/wp-json\/wp\/v2\/types\/page"}],"author":[{"embeddable":true,"href":"https:\/\/univet.hu\/anatomia\/en\/wp-json\/wp\/v2\/users\/3837"}],"replies":[{"embeddable":true,"href":"https:\/\/univet.hu\/anatomia\/en\/wp-json\/wp\/v2\/comments?post=82104"}],"version-history":[{"count":1,"href":"https:\/\/univet.hu\/anatomia\/en\/wp-json\/wp\/v2\/pages\/82104\/revisions"}],"predecessor-version":[{"id":134044,"href":"https:\/\/univet.hu\/anatomia\/en\/wp-json\/wp\/v2\/pages\/82104\/revisions\/134044"}],"up":[{"embeddable":true,"href":"https:\/\/univet.hu\/anatomia\/en\/wp-json\/wp\/v2\/pages\/3302"}],"wp:attachment":[{"href":"https:\/\/univet.hu\/anatomia\/en\/wp-json\/wp\/v2\/media?parent=82104"}],"wp:term":[{"taxonomy":"category","embeddable":true,"href":"https:\/\/univet.hu\/anatomia\/en\/wp-json\/wp\/v2\/categories?post=82104"},{"taxonomy":"post_tag","embeddable":true,"href":"https:\/\/univet.hu\/anatomia\/en\/wp-json\/wp\/v2\/tags?post=82104"}],"curies":[{"name":"wp","href":"https:\/\/api.w.org\/{rel}","templated":true}]}}