{"id":134212,"date":"2025-07-03T18:24:49","date_gmt":"2025-07-03T16:24:49","guid":{"rendered":"https:\/\/univet.hu\/anatomia\/anatomiai-es-szovettani-tanszek\/tanszeki-tajekoztato\/new_child_page\/"},"modified":"2025-07-07T21:07:56","modified_gmt":"2025-07-07T19:07:56","slug":"felzarkoztato-kurzusok-szabalyai","status":"publish","type":"page","link":"https:\/\/univet.hu\/anatomia\/anatomiai-es-szovettani-tanszek\/tanszeki-tajekoztato\/felzarkoztato-kurzusok-szabalyai\/","title":{"rendered":"Felz\u00e1rk\u00f3ztat\u00f3 kurzusok szab\u00e1lyai"},"content":{"rendered":"<p>l\u00e9trehozva: 2025.07.02<\/p> <p>Az Anat\u00f3mia 1, Anat\u00f3mia 2, Anat\u00f3mia 3 kurzusok els\u0151 t\u00e1rgyfelv\u00e9tele sor\u00e1n a t\u00e1rgyat nem teljes\u00edt\u0151 hallgat\u00f3knak a k\u00f6vetkez\u0151 f\u00e9l\u00e9vben k\u00f6telez\u0151 a vonatkoz\u00f3 &#8222;Felz\u00e1rk\u00f3ztat\u00f3&#8221; kurzus felv\u00e9tele. \u00cdgy az \u0151szi f\u00e9l\u00e9vben a &#8222;Felz\u00e1rk\u00f3ztat\u00f3 Anat\u00f3mia 2&#8221;, a tavaszi f\u00e9l\u00e9vben a &#8222;Felz\u00e1rk\u00f3ztat\u00f3 Anat\u00f3mia 1&#8221; \u00e9s &#8222;Felz\u00e1rk\u00f3ztat\u00f3 Anat\u00f3mia 3&#8221; kurzusok el\u00e9rhet\u0151ek. A kurzust nem veheti fel, olyan, aki a vonatkoz\u00f3 &#8222;A&#8221; t\u00e1rgyat m\u00e1r teljes\u00edtette, teljes\u00edt\u00e9se folyamatban van, vagy m\u00e9g egy\u00e1ltal\u00e1n nem vette fel.<\/p> <p>Id\u0151tartama heti 1&#215;45 perc, pontos hely\u00e9r\u0151l \u00e9s idej\u00e9r\u0151l a Tansz\u00e9k a r\u00e9sztvev\u0151kkel val\u00f3 egyeztet\u00e9s ut\u00e1n ad t\u00e1j\u00e9koztat\u00e1st, a r\u00e9szv\u00e9tel k\u00f6telez\u0151, az oktat\u00e1st a Tansz\u00e9k oktat\u00f3 \u00e9s demonstr\u00e1torai v\u00e9gzik. A Felz\u00e1rk\u00f3ztat\u00f3 \u00e9s a vonatkoz\u00f3 k\u00f6telez\u0151 tant\u00e1rgy k\u00f6z\u00f6tt nincs k\u00f6vetelm\u00e9nyrendszerbeli kapcsolat, a Felz\u00e1rk\u00f3ztat\u00f3 nem teljes\u00edt\u00e9se eset\u00e9n a k\u00f6telez\u0151 t\u00e1rgy teljes\u00edthet\u0151 \u00e9s sikeres teljes\u00edt\u00e9se eset\u00e9n a hallgat\u00f3 folytathatja a tanulm\u00e1nyait. A kiesett Felz\u00e1rk\u00f3ztat\u00f3 t\u00e1rgy miatt viszont a hallgat\u00f3 kreditelmarad\u00e1sba ker\u00fcl az alaptantervhez k\u00e9pest.<\/p> <p>A kurzusjegy a jelenl\u00e9tb\u0151l, az \u00f3rai munk\u00e1b\u00f3l \u00e9s \u00e9vk\u00f6zi besz\u00e1mol\u00f3kb\u00f3l tev\u0151dik \u00f6ssze.<\/p> <p>A vizsgaid\u0151szakban a jegy k\u00f6zvetlen jav\u00edt\u00e1s\u00e1ra nincs m\u00f3d. Az adott f\u00e9l\u00e9vben az adott k\u00f6telez\u0151 t\u00e1rgy Vizsgakurzus\u00e1n a felz\u00e1rk\u00f3ztat\u00f3n el\u00e9rtn\u00e9l jobb oszt\u00e1lyzat eset\u00e9n a felz\u00e1rk\u00f3ztat\u00f3s jegye ezzel az oszt\u00e1lyzattal friss\u00fcl. (P\u00e9lda: ha valaki 3-ast kapott a Felz\u00e1rk\u00f3ztat\u00f3 Anat\u00f3mia 1\u00a0 kurzuson, de az Anat\u00f3ma 1 Vizsgakurzuson az adott f\u00e9l\u00e9vben 4est szeret, akkor mindk\u00e9t t\u00e1rgyb\u00f3l ez lesz a v\u00e9gleges jegye. Amennyiben kettest kap a VK-n, \u00fagy a Felz\u00e1rk\u00f3ztat\u00f3s 3-asa nem v\u00e1ltozik).<\/p> <p>A fennti szab\u00e1lyok a zool\u00f3gus hallgat\u00f3kra is \u00e9rv\u00e9nyesek!<\/p> <p>Tov\u00e1bbi t\u00e1j\u00e9koztat\u00e1s:<\/p> <p>\u00e1llatorvostan hallgat\u00f3knak: <a href=\"https:\/\/univet.hu\/hu\/egyetem\/munkatarsak\/reinitz-laszlo-zoltan\/\" target=\"_blank\" rel=\"noopener\">Reinitz L\u00e1szl\u00f3 Z.<\/a><\/p> <p>zool\u00f3gus hallgat\u00f3knak: <a href=\"https:\/\/univet.hu\/hu\/egyetem\/munkatarsak\/hazai-diana\/\" target=\"_blank\" rel=\"noopener\">Hazai Diana<\/a><\/p>","protected":false},"excerpt":{"rendered":"<p>l\u00e9trehozva: 2025.07.02 Az Anat\u00f3mia 1, Anat\u00f3mia 2, Anat\u00f3mia 3 kurzusok els\u0151 t\u00e1rgyfelv\u00e9tele sor\u00e1n a t\u00e1rgyat nem teljes\u00edt\u0151 hallgat\u00f3knak a k\u00f6vetkez\u0151 f\u00e9l\u00e9vben k\u00f6telez\u0151 a vonatkoz\u00f3 &#8222;Felz\u00e1rk\u00f3ztat\u00f3&#8221; kurzus felv\u00e9tele. \u00cdgy az \u0151szi f\u00e9l\u00e9vben a &#8222;Felz\u00e1rk\u00f3ztat\u00f3 Anat\u00f3mia 2&#8221;, a tavaszi f\u00e9l\u00e9vben a &#8222;Felz\u00e1rk\u00f3ztat\u00f3 Anat\u00f3mia 1&#8221; \u00e9s &#8222;Felz\u00e1rk\u00f3ztat\u00f3 Anat\u00f3mia 3&#8221; kurzusok el\u00e9rhet\u0151ek. A kurzust nem veheti fel, olyan, aki<\/p>\n","protected":false},"author":18,"featured_media":0,"parent":16107,"menu_order":0,"comment_status":"open","ping_status":"open","template":"","meta":{"_acf_changed":false,"footnotes":""},"categories":[],"tags":[],"class_list":["post-134212","page","type-page","status-publish","hentry"],"acf":[],"yoast_head":"<!-- This site is optimized with the Yoast SEO plugin v27.2 - https:\/\/yoast.com\/product\/yoast-seo-wordpress\/ -->\n<title>Felz\u00e1rk\u00f3ztat\u00f3 kurzusok szab\u00e1lyai - Anat\u00f3miai \u00e9s Sz\u00f6vettani Tansz\u00e9k<\/title>\n<meta name=\"robots\" content=\"index, follow, max-snippet:-1, max-image-preview:large, max-video-preview:-1\" \/>\n<link rel=\"canonical\" href=\"https:\/\/univet.hu\/anatomia\/anatomiai-es-szovettani-tanszek\/tanszeki-tajekoztato\/felzarkoztato-kurzusok-szabalyai\/\" \/>\n<meta property=\"og:locale\" content=\"hu_HU\" \/>\n<meta property=\"og:type\" content=\"article\" \/>\n<meta property=\"og:title\" content=\"Felz\u00e1rk\u00f3ztat\u00f3 kurzusok szab\u00e1lyai - Anat\u00f3miai \u00e9s Sz\u00f6vettani Tansz\u00e9k\" \/>\n<meta property=\"og:description\" content=\"l\u00e9trehozva: 2025.07.02 Az Anat\u00f3mia 1, Anat\u00f3mia 2, Anat\u00f3mia 3 kurzusok els\u0151 t\u00e1rgyfelv\u00e9tele sor\u00e1n a t\u00e1rgyat nem teljes\u00edt\u0151 hallgat\u00f3knak a k\u00f6vetkez\u0151 f\u00e9l\u00e9vben k\u00f6telez\u0151 a vonatkoz\u00f3 &#8222;Felz\u00e1rk\u00f3ztat\u00f3&#8221; kurzus felv\u00e9tele. \u00cdgy az \u0151szi f\u00e9l\u00e9vben a &#8222;Felz\u00e1rk\u00f3ztat\u00f3 Anat\u00f3mia 2&#8221;, a tavaszi f\u00e9l\u00e9vben a &#8222;Felz\u00e1rk\u00f3ztat\u00f3 Anat\u00f3mia 1&#8221; \u00e9s &#8222;Felz\u00e1rk\u00f3ztat\u00f3 Anat\u00f3mia 3&#8221; kurzusok el\u00e9rhet\u0151ek. A kurzust nem veheti fel, olyan, aki\" \/>\n<meta property=\"og:url\" content=\"https:\/\/univet.hu\/anatomia\/anatomiai-es-szovettani-tanszek\/tanszeki-tajekoztato\/felzarkoztato-kurzusok-szabalyai\/\" \/>\n<meta property=\"og:site_name\" content=\"Anat\u00f3miai \u00e9s Sz\u00f6vettani Tansz\u00e9k\" \/>\n<meta property=\"article:modified_time\" content=\"2025-07-07T19:07:56+00:00\" \/>\n<meta name=\"twitter:card\" content=\"summary_large_image\" \/>\n<meta name=\"twitter:label1\" content=\"Becs\u00fclt olvas\u00e1si id\u0151\" \/>\n\t<meta name=\"twitter:data1\" content=\"2 perc\" \/>\n<script type=\"application\/ld+json\" class=\"yoast-schema-graph\">{\"@context\":\"https:\/\/schema.org\",\"@graph\":[{\"@type\":\"WebPage\",\"@id\":\"https:\/\/univet.hu\/anatomia\/anatomiai-es-szovettani-tanszek\/tanszeki-tajekoztato\/felzarkoztato-kurzusok-szabalyai\/\",\"url\":\"https:\/\/univet.hu\/anatomia\/anatomiai-es-szovettani-tanszek\/tanszeki-tajekoztato\/felzarkoztato-kurzusok-szabalyai\/\",\"name\":\"Felz\u00e1rk\u00f3ztat\u00f3 kurzusok szab\u00e1lyai - Anat\u00f3miai \u00e9s Sz\u00f6vettani Tansz\u00e9k\",\"isPartOf\":{\"@id\":\"https:\/\/univet.hu\/anatomia\/en\/#website\"},\"datePublished\":\"2025-07-03T16:24:49+00:00\",\"dateModified\":\"2025-07-07T19:07:56+00:00\",\"breadcrumb\":{\"@id\":\"https:\/\/univet.hu\/anatomia\/anatomiai-es-szovettani-tanszek\/tanszeki-tajekoztato\/felzarkoztato-kurzusok-szabalyai\/#breadcrumb\"},\"inLanguage\":\"hu\",\"potentialAction\":[{\"@type\":\"ReadAction\",\"target\":[\"https:\/\/univet.hu\/anatomia\/anatomiai-es-szovettani-tanszek\/tanszeki-tajekoztato\/felzarkoztato-kurzusok-szabalyai\/\"]}]},{\"@type\":\"BreadcrumbList\",\"@id\":\"https:\/\/univet.hu\/anatomia\/anatomiai-es-szovettani-tanszek\/tanszeki-tajekoztato\/felzarkoztato-kurzusok-szabalyai\/#breadcrumb\",\"itemListElement\":[{\"@type\":\"ListItem\",\"position\":1,\"name\":\"Kezd\u0151lap\",\"item\":\"https:\/\/univet.hu\/anatomia\/\"},{\"@type\":\"ListItem\",\"position\":2,\"name\":\"Anat\u00f3miai \u00e9s Sz\u00f6vettani Tansz\u00e9k\",\"item\":\"https:\/\/univet.hu\/anatomia\/\"},{\"@type\":\"ListItem\",\"position\":3,\"name\":\"Tansz\u00e9ki t\u00e1j\u00e9koztat\u00f3\",\"item\":\"https:\/\/univet.hu\/anatomia\/anatomiai-es-szovettani-tanszek\/tanszeki-tajekoztato\/\"},{\"@type\":\"ListItem\",\"position\":4,\"name\":\"Felz\u00e1rk\u00f3ztat\u00f3 kurzusok szab\u00e1lyai\"}]},{\"@type\":\"WebSite\",\"@id\":\"https:\/\/univet.hu\/anatomia\/en\/#website\",\"url\":\"https:\/\/univet.hu\/anatomia\/en\/\",\"name\":\"Anat\u00f3miai \u00e9s Sz\u00f6vettani Tansz\u00e9k\",\"description\":\"\",\"potentialAction\":[{\"@type\":\"SearchAction\",\"target\":{\"@type\":\"EntryPoint\",\"urlTemplate\":\"https:\/\/univet.hu\/anatomia\/en\/?s={search_term_string}\"},\"query-input\":{\"@type\":\"PropertyValueSpecification\",\"valueRequired\":true,\"valueName\":\"search_term_string\"}}],\"inLanguage\":\"hu\"}]}<\/script>\n<!-- \/ Yoast SEO plugin. -->","yoast_head_json":{"title":"Felz\u00e1rk\u00f3ztat\u00f3 kurzusok szab\u00e1lyai - Anat\u00f3miai \u00e9s Sz\u00f6vettani Tansz\u00e9k","robots":{"index":"index","follow":"follow","max-snippet":"max-snippet:-1","max-image-preview":"max-image-preview:large","max-video-preview":"max-video-preview:-1"},"canonical":"https:\/\/univet.hu\/anatomia\/anatomiai-es-szovettani-tanszek\/tanszeki-tajekoztato\/felzarkoztato-kurzusok-szabalyai\/","og_locale":"hu_HU","og_type":"article","og_title":"Felz\u00e1rk\u00f3ztat\u00f3 kurzusok szab\u00e1lyai - Anat\u00f3miai \u00e9s Sz\u00f6vettani Tansz\u00e9k","og_description":"l\u00e9trehozva: 2025.07.02 Az Anat\u00f3mia 1, Anat\u00f3mia 2, Anat\u00f3mia 3 kurzusok els\u0151 t\u00e1rgyfelv\u00e9tele sor\u00e1n a t\u00e1rgyat nem teljes\u00edt\u0151 hallgat\u00f3knak a k\u00f6vetkez\u0151 f\u00e9l\u00e9vben k\u00f6telez\u0151 a vonatkoz\u00f3 &#8222;Felz\u00e1rk\u00f3ztat\u00f3&#8221; kurzus felv\u00e9tele. \u00cdgy az \u0151szi f\u00e9l\u00e9vben a &#8222;Felz\u00e1rk\u00f3ztat\u00f3 Anat\u00f3mia 2&#8221;, a tavaszi f\u00e9l\u00e9vben a &#8222;Felz\u00e1rk\u00f3ztat\u00f3 Anat\u00f3mia 1&#8221; \u00e9s &#8222;Felz\u00e1rk\u00f3ztat\u00f3 Anat\u00f3mia 3&#8221; kurzusok el\u00e9rhet\u0151ek. A kurzust nem veheti fel, olyan, aki","og_url":"https:\/\/univet.hu\/anatomia\/anatomiai-es-szovettani-tanszek\/tanszeki-tajekoztato\/felzarkoztato-kurzusok-szabalyai\/","og_site_name":"Anat\u00f3miai \u00e9s Sz\u00f6vettani Tansz\u00e9k","article_modified_time":"2025-07-07T19:07:56+00:00","twitter_card":"summary_large_image","twitter_misc":{"Becs\u00fclt olvas\u00e1si id\u0151":"2 perc"},"schema":{"@context":"https:\/\/schema.org","@graph":[{"@type":"WebPage","@id":"https:\/\/univet.hu\/anatomia\/anatomiai-es-szovettani-tanszek\/tanszeki-tajekoztato\/felzarkoztato-kurzusok-szabalyai\/","url":"https:\/\/univet.hu\/anatomia\/anatomiai-es-szovettani-tanszek\/tanszeki-tajekoztato\/felzarkoztato-kurzusok-szabalyai\/","name":"Felz\u00e1rk\u00f3ztat\u00f3 kurzusok szab\u00e1lyai - Anat\u00f3miai \u00e9s Sz\u00f6vettani Tansz\u00e9k","isPartOf":{"@id":"https:\/\/univet.hu\/anatomia\/en\/#website"},"datePublished":"2025-07-03T16:24:49+00:00","dateModified":"2025-07-07T19:07:56+00:00","breadcrumb":{"@id":"https:\/\/univet.hu\/anatomia\/anatomiai-es-szovettani-tanszek\/tanszeki-tajekoztato\/felzarkoztato-kurzusok-szabalyai\/#breadcrumb"},"inLanguage":"hu","potentialAction":[{"@type":"ReadAction","target":["https:\/\/univet.hu\/anatomia\/anatomiai-es-szovettani-tanszek\/tanszeki-tajekoztato\/felzarkoztato-kurzusok-szabalyai\/"]}]},{"@type":"BreadcrumbList","@id":"https:\/\/univet.hu\/anatomia\/anatomiai-es-szovettani-tanszek\/tanszeki-tajekoztato\/felzarkoztato-kurzusok-szabalyai\/#breadcrumb","itemListElement":[{"@type":"ListItem","position":1,"name":"Kezd\u0151lap","item":"https:\/\/univet.hu\/anatomia\/"},{"@type":"ListItem","position":2,"name":"Anat\u00f3miai \u00e9s Sz\u00f6vettani Tansz\u00e9k","item":"https:\/\/univet.hu\/anatomia\/"},{"@type":"ListItem","position":3,"name":"Tansz\u00e9ki t\u00e1j\u00e9koztat\u00f3","item":"https:\/\/univet.hu\/anatomia\/anatomiai-es-szovettani-tanszek\/tanszeki-tajekoztato\/"},{"@type":"ListItem","position":4,"name":"Felz\u00e1rk\u00f3ztat\u00f3 kurzusok szab\u00e1lyai"}]},{"@type":"WebSite","@id":"https:\/\/univet.hu\/anatomia\/en\/#website","url":"https:\/\/univet.hu\/anatomia\/en\/","name":"Anat\u00f3miai \u00e9s Sz\u00f6vettani Tansz\u00e9k","description":"","potentialAction":[{"@type":"SearchAction","target":{"@type":"EntryPoint","urlTemplate":"https:\/\/univet.hu\/anatomia\/en\/?s={search_term_string}"},"query-input":{"@type":"PropertyValueSpecification","valueRequired":true,"valueName":"search_term_string"}}],"inLanguage":"hu"}]}},"_links":{"self":[{"href":"https:\/\/univet.hu\/anatomia\/wp-json\/wp\/v2\/pages\/134212","targetHints":{"allow":["GET"]}}],"collection":[{"href":"https:\/\/univet.hu\/anatomia\/wp-json\/wp\/v2\/pages"}],"about":[{"href":"https:\/\/univet.hu\/anatomia\/wp-json\/wp\/v2\/types\/page"}],"author":[{"embeddable":true,"href":"https:\/\/univet.hu\/anatomia\/wp-json\/wp\/v2\/users\/18"}],"replies":[{"embeddable":true,"href":"https:\/\/univet.hu\/anatomia\/wp-json\/wp\/v2\/comments?post=134212"}],"version-history":[{"count":3,"href":"https:\/\/univet.hu\/anatomia\/wp-json\/wp\/v2\/pages\/134212\/revisions"}],"predecessor-version":[{"id":134215,"href":"https:\/\/univet.hu\/anatomia\/wp-json\/wp\/v2\/pages\/134212\/revisions\/134215"}],"up":[{"embeddable":true,"href":"https:\/\/univet.hu\/anatomia\/wp-json\/wp\/v2\/pages\/16107"}],"wp:attachment":[{"href":"https:\/\/univet.hu\/anatomia\/wp-json\/wp\/v2\/media?parent=134212"}],"wp:term":[{"taxonomy":"category","embeddable":true,"href":"https:\/\/univet.hu\/anatomia\/wp-json\/wp\/v2\/categories?post=134212"},{"taxonomy":"post_tag","embeddable":true,"href":"https:\/\/univet.hu\/anatomia\/wp-json\/wp\/v2\/tags?post=134212"}],"curies":[{"name":"wp","href":"https:\/\/api.w.org\/{rel}","templated":true}]}}