{"id":3301,"date":"2016-02-23T05:34:00","date_gmt":"2016-02-23T04:34:00","guid":{"rendered":"http:\/\/univet.hu\/egyetem\/szervezeti-egysegek\/anatomiai-es-szovettani-tanszek\/"},"modified":"2026-04-01T23:05:45","modified_gmt":"2026-04-01T21:05:45","slug":"anatomiai-es-szovettani-tanszek","status":"publish","type":"page","link":"https:\/\/univet.hu\/anatomia\/","title":{"rendered":"Anat\u00f3miai \u00e9s Sz\u00f6vettani Tansz\u00e9k"},"content":{"rendered":"<h2>Az egys\u00e9g t\u00f6rt\u00e9nete<\/h2> <div> <p>Az anat\u00f3mia oktat\u00e1sa egyid\u0151s int\u00e9zm\u00e9ny\u00fcnkkel. Az alap\u00edt\u00f3 TOLNAY S\u00e1ndor \u00e9s k\u00f6zvetlen ut\u00f3dai nem \u00f6n\u00e1ll\u00f3 tant\u00e1rgyk\u00e9nt oktatt\u00e1k a bonctant, hanem el\u0151ad\u00e1saikba belesz\u0151ve inform\u00e1lt\u00e1k hallgat\u00f3s\u00e1gukat az alapszint\u0171 anat\u00f3miai ismeretekr\u0151l. HOFFNER J\u00f3zsef tan\u00e1runk el\u0151ad\u00e1sainak sor\u00e1ban m\u00e1r k\u00fcl\u00f6n \u00f3r\u00e1kon szerepelt a bonctan. Az igazi fordulat 1851-ben k\u00f6vetkezett be, amikor l\u00e9trehozt\u00e1k iskol\u00e1nk els\u0151 \u00f6n\u00e1ll\u00f3 tansz\u00e9k\u00e9t, a Boncztani Tansz\u00e9ket SZAB\u00d3 Alajos ir\u00e1ny\u00edt\u00e1sa alatt. Szab\u00f3 el\u0151ad\u00e1saiban a le\u00edr\u00f3 anat\u00f3mia, az egyszer\u0171bb sz\u00f6vettani ismeretek \u00e9s az \u00e9lettan elemei keveredtek.<\/p> <p>Az igazi \u00e1tt\u00f6r\u00e9st a bonctan oktat\u00e1s\u00e1ban ut\u00f3da, N\u00c1DASKAY B\u00e9la jelentette. N\u00e1daskay demonstrat\u00edv el\u0151ad\u00e1sokat tartott, m\u0171v\u00e9szi tehets\u00e9ge \u00e9s prepar\u00e1tori \u00fcgyess\u00e9ge r\u00e9v\u00e9n nemcsak az anat\u00f3miai m\u00fazeum k\u00e9sz\u00edtm\u00e9nyeinek a sz\u00e1m\u00e1t gyarap\u00edtotta, hanem az el\u0151ad\u00e1sokon, illetve a gyakorlatokon bemutatott prepar\u00e1tumai \u00e9s falik\u00e9pei r\u00e9v\u00e9n a tananyag elsaj\u00e1t\u00edt\u00e1s\u00e1t is megk\u00f6nny\u00edtette. 1909-ben ZIMMERMANN \u00c1goston vette \u00e1t a tansz\u00e9k vezet\u00e9s\u00e9t, aki az \u00f6sszehasonl\u00edt\u00f3 \u00e9s a funkcion\u00e1lis anat\u00f3mia m\u0171vel\u0151je volt. Tudom\u00e1nyos munk\u00e1iban \u00e9s el\u0151ad\u00e1sai sor\u00e1n mindig hangs\u00falyosan kiemelte a komparat\u00edv elemeket. Zimmermannt KOV\u00c1CS Gyula k\u00f6vette a tansz\u00e9k \u00e9l\u00e9n. \u00c9rdekl\u0151d\u00e9si ter\u00fclete a r\u00f6ntgenanat\u00f3mia volt, munk\u00e1ss\u00e1g\u00e1val ennek a szakter\u00fcletnek az alapjait vetette meg. Ut\u00f3dai k\u00f6z\u00fcl FEH\u00c9R Gy\u00f6rgy (1967-1987) a h\u00e1zimadarak anat\u00f3mi\u00e1j\u00e1val \u00e9s fejl\u0151d\u00e9stan\u00e1val, <a href=\"https:\/\/univet.hu\/hu\/2022\/02\/21\/gyaszhir-elhunyt-dr-hajos-ferenc\/https:\/\/univet.hu\/hu\/2022\/02\/21\/gyaszhir-elhunyt-dr-hajos-ferenc\/\">HAJ\u00d3S Ferenc (1987-2001)<\/a> pedig a neuroanat\u00f3mi\u00e1val \u00e9s a neurohisztol\u00f3gi\u00e1val foglalkozott. 2001-ben S\u00d3TONYI P\u00e9ter vette \u00e1t a tansz\u00e9k ir\u00e1ny\u00edt\u00e1s\u00e1t, aki nemzetk\u00f6zileg is elismert oktat\u00f3 programok, CD-k \u00e9s vide\u00f3k k\u00e9sz\u00edt\u00e9s\u00e9vel \u00faj alapokra helyezte az \u00e1llatorvosi anat\u00f3mia oktat\u00e1s\u00e1t.<\/p> <p>A sz\u00f6vettan oktat\u00e1s\u00e1nak feladat\u00e1t 1872 \u00e9s 1948 k\u00f6z\u00f6tt az \u00c9lettani Tansz\u00e9k l\u00e1tta el. 1948 ut\u00e1n a tant\u00e1rgy el\u0151ad\u00f3i gyakran cser\u00e9l\u0151dtek (KOV\u00c1CS Gyula, ZAL\u00c1N G\u00e9za GUOTH J\u00e1nos), eg\u00e9szen 1957-ig, amikor GUZSAL Ern\u0151 kapott megb\u00edz\u00e1st a sz\u00f6vettan oktat\u00e1s\u00e1ra. Szem\u00e9ly\u00e9ben a nephrohistologia \u00e9s a mad\u00e1rsz\u00f6vettan nemzetk\u00f6zileg elismert kutat\u00f3j\u00e1t tisztelhetj\u00fck. Hal\u00e1la ut\u00e1n TURY Ern\u0151 vette \u00e1t a tant\u00e1rgy oktat\u00e1s\u00e1t, \u0151t 1974-t\u0151l K\u00d3TAI Istv\u00e1n k\u00f6vette.<\/p> <p>A tansz\u00e9k oktat\u00e1si \u00f3r\u00e1inak sz\u00e1ma a legmagasabb karunkon. Oktat\u00f3ink \u00e9s kutat\u00f3ink r\u00e9szt vesznek a magyar, a n\u00e9met \u00e9s az angol nyelv\u0171 \u00e1llatorvos-k\u00e9pz\u00e9sben, valamint a biol\u00f3gusok BSC \u00e9s MSC k\u00e9pz\u00e9s\u00e9ben is. A tansz\u00e9k \u00e1ltal oktatott tant\u00e1rgyak sz\u00e9les sk\u00e1l\u00e1j\u00e1t (anat\u00f3mia, t\u00e1janat\u00f3mia, sz\u00f6vettan, biol\u00f3gia) az int\u00e9zet \u00e1ltal meghirdetett 12 fakultat\u00edv t\u00e1rgy is gazdag\u00edtja, sz\u00ednes\u00edti. A meghirdetett fakult\u00e1ci\u00f3k le\u00edr\u00f3 anat\u00f3miai, klinikai anat\u00f3miai, \u00f6sszehasonl\u00edt\u00f3 anat\u00f3miai, fejl\u0151d\u00e9stani, sz\u00f6vettani, hisztotechnikai \u00e9s \u00e1llatorvos-t\u00f6rt\u00e9neti t\u00e9mak\u00f6r\u00f6ket \u00f6lelnek fel.<\/p> <p>A tansz\u00e9k munkat\u00e1rsainak tudom\u00e1nyos tev\u00e9kenys\u00e9ge a neuroanat\u00f3mia \u00e9s a neurohisztol\u00f3gia t\u00e9mak\u00f6reire \u00e9p\u00fcl, kutat\u00f3munk\u00e1juk sor\u00e1n els\u0151sorban a k\u00f6zponti idegrendszer egyes ter\u00fcleteinek immunhisztok\u00e9miai felt\u00e9rk\u00e9pez\u00e9s\u00e9vel foglalkoznak. Jelent\u0151sek azok a kutat\u00e1sok is, amelyek a modern orvosi k\u00e9palkot\u00f3 elj\u00e1r\u00e1sok (CT, MR) anat\u00f3miai aspektusait vizsg\u00e1lj\u00e1k. Az ut\u00f3bbi \u00e9vekben t\u00f6bb \u00e1llatorvos-t\u00f6rt\u00e9neti publik\u00e1ci\u00f3 is sz\u00fcletetett int\u00e9zet\u00fcnkben. A szerte\u00e1gaz\u00f3 tudom\u00e1nyos tev\u00e9kenys\u00e9get a tansz\u00e9kr\u0151l kiker\u00fcl\u0151 nagysz\u00e1m\u00fa szakdolgozat \u00e9s di\u00e1kk\u00f6ri munka is tan\u00fas\u00edtja.<\/p> <p><a href=\"https:\/\/univet.hu\/anatomia\/wp-content\/uploads\/sites\/4\/2026\/04\/2026-ATE-Tanszeki-Ugyrend_Anatomia_clean.pdf\">A tansz\u00e9k \u00fcgyrendje<\/a><\/p> <\/div> <p><a href=\"https:\/\/univet.hu\/hu\/2022\/02\/21\/gyaszhir-elhunyt-dr-hajos-ferenc\/\">HAJ\u00d3S Ferenc (1936 &#8211; 2022)<\/a><\/p> <p>&nbsp;<\/p>","protected":false},"excerpt":{"rendered":"<p>Az egys\u00e9g t\u00f6rt\u00e9nete Az anat\u00f3mia oktat\u00e1sa egyid\u0151s int\u00e9zm\u00e9ny\u00fcnkkel. Az alap\u00edt\u00f3 TOLNAY S\u00e1ndor \u00e9s k\u00f6zvetlen ut\u00f3dai nem \u00f6n\u00e1ll\u00f3 tant\u00e1rgyk\u00e9nt oktatt\u00e1k a bonctant, hanem el\u0151ad\u00e1saikba belesz\u0151ve inform\u00e1lt\u00e1k hallgat\u00f3s\u00e1gukat az alapszint\u0171 anat\u00f3miai ismeretekr\u0151l. HOFFNER J\u00f3zsef tan\u00e1runk el\u0151ad\u00e1sainak sor\u00e1ban m\u00e1r k\u00fcl\u00f6n \u00f3r\u00e1kon szerepelt a bonctan. Az igazi fordulat 1851-ben k\u00f6vetkezett be, amikor l\u00e9trehozt\u00e1k iskol\u00e1nk els\u0151 \u00f6n\u00e1ll\u00f3 tansz\u00e9k\u00e9t, a Boncztani<\/p>\n","protected":false},"author":3837,"featured_media":0,"parent":0,"menu_order":135,"comment_status":"closed","ping_status":"closed","template":"","meta":{"_acf_changed":false,"footnotes":""},"categories":[23],"tags":[],"class_list":["post-3301","page","type-page","status-publish","hentry","category-szervezeti-egysegek"],"acf":[],"yoast_head":"<!-- This site is optimized with the Yoast SEO plugin v27.2 - https:\/\/yoast.com\/product\/yoast-seo-wordpress\/ -->\n<title>Anat\u00f3miai \u00e9s Sz\u00f6vettani Tansz\u00e9k - Anat\u00f3miai \u00e9s Sz\u00f6vettani Tansz\u00e9k<\/title>\n<meta name=\"robots\" content=\"index, follow, max-snippet:-1, max-image-preview:large, max-video-preview:-1\" \/>\n<link rel=\"canonical\" href=\"https:\/\/univet.hu\/anatomia\/\" \/>\n<meta property=\"og:locale\" content=\"hu_HU\" \/>\n<meta property=\"og:type\" content=\"article\" \/>\n<meta property=\"og:title\" content=\"Anat\u00f3miai \u00e9s Sz\u00f6vettani Tansz\u00e9k - Anat\u00f3miai \u00e9s Sz\u00f6vettani Tansz\u00e9k\" \/>\n<meta property=\"og:description\" content=\"Az egys\u00e9g t\u00f6rt\u00e9nete Az anat\u00f3mia oktat\u00e1sa egyid\u0151s int\u00e9zm\u00e9ny\u00fcnkkel. Az alap\u00edt\u00f3 TOLNAY S\u00e1ndor \u00e9s k\u00f6zvetlen ut\u00f3dai nem \u00f6n\u00e1ll\u00f3 tant\u00e1rgyk\u00e9nt oktatt\u00e1k a bonctant, hanem el\u0151ad\u00e1saikba belesz\u0151ve inform\u00e1lt\u00e1k hallgat\u00f3s\u00e1gukat az alapszint\u0171 anat\u00f3miai ismeretekr\u0151l. HOFFNER J\u00f3zsef tan\u00e1runk el\u0151ad\u00e1sainak sor\u00e1ban m\u00e1r k\u00fcl\u00f6n \u00f3r\u00e1kon szerepelt a bonctan. Az igazi fordulat 1851-ben k\u00f6vetkezett be, amikor l\u00e9trehozt\u00e1k iskol\u00e1nk els\u0151 \u00f6n\u00e1ll\u00f3 tansz\u00e9k\u00e9t, a Boncztani\" \/>\n<meta property=\"og:url\" content=\"https:\/\/univet.hu\/anatomia\/\" \/>\n<meta property=\"og:site_name\" content=\"Anat\u00f3miai \u00e9s Sz\u00f6vettani Tansz\u00e9k\" \/>\n<meta property=\"article:modified_time\" content=\"2026-04-01T21:05:45+00:00\" \/>\n<meta name=\"twitter:card\" content=\"summary_large_image\" \/>\n<meta name=\"twitter:label1\" content=\"Becs\u00fclt olvas\u00e1si id\u0151\" \/>\n\t<meta name=\"twitter:data1\" content=\"3 perc\" \/>\n<script type=\"application\/ld+json\" class=\"yoast-schema-graph\">{\"@context\":\"https:\/\/schema.org\",\"@graph\":[{\"@type\":\"WebPage\",\"@id\":\"https:\/\/univet.hu\/anatomia\/\",\"url\":\"https:\/\/univet.hu\/anatomia\/\",\"name\":\"Anat\u00f3miai \u00e9s Sz\u00f6vettani Tansz\u00e9k - Anat\u00f3miai \u00e9s Sz\u00f6vettani Tansz\u00e9k\",\"isPartOf\":{\"@id\":\"https:\/\/univet.hu\/anatomia\/en\/#website\"},\"datePublished\":\"2016-02-23T04:34:00+00:00\",\"dateModified\":\"2026-04-01T21:05:45+00:00\",\"breadcrumb\":{\"@id\":\"https:\/\/univet.hu\/anatomia\/#breadcrumb\"},\"inLanguage\":\"hu\",\"potentialAction\":[{\"@type\":\"ReadAction\",\"target\":[\"https:\/\/univet.hu\/anatomia\/\"]}]},{\"@type\":\"BreadcrumbList\",\"@id\":\"https:\/\/univet.hu\/anatomia\/#breadcrumb\",\"itemListElement\":[{\"@type\":\"ListItem\",\"position\":1,\"name\":\"Kezd\u0151lap\",\"item\":\"https:\/\/univet.hu\/anatomia\/\"},{\"@type\":\"ListItem\",\"position\":2,\"name\":\"Anat\u00f3miai \u00e9s Sz\u00f6vettani Tansz\u00e9k\"}]},{\"@type\":\"WebSite\",\"@id\":\"https:\/\/univet.hu\/anatomia\/en\/#website\",\"url\":\"https:\/\/univet.hu\/anatomia\/en\/\",\"name\":\"Anat\u00f3miai \u00e9s Sz\u00f6vettani Tansz\u00e9k\",\"description\":\"\",\"potentialAction\":[{\"@type\":\"SearchAction\",\"target\":{\"@type\":\"EntryPoint\",\"urlTemplate\":\"https:\/\/univet.hu\/anatomia\/en\/?s={search_term_string}\"},\"query-input\":{\"@type\":\"PropertyValueSpecification\",\"valueRequired\":true,\"valueName\":\"search_term_string\"}}],\"inLanguage\":\"hu\"}]}<\/script>\n<!-- \/ Yoast SEO plugin. -->","yoast_head_json":{"title":"Anat\u00f3miai \u00e9s Sz\u00f6vettani Tansz\u00e9k - Anat\u00f3miai \u00e9s Sz\u00f6vettani Tansz\u00e9k","robots":{"index":"index","follow":"follow","max-snippet":"max-snippet:-1","max-image-preview":"max-image-preview:large","max-video-preview":"max-video-preview:-1"},"canonical":"https:\/\/univet.hu\/anatomia\/","og_locale":"hu_HU","og_type":"article","og_title":"Anat\u00f3miai \u00e9s Sz\u00f6vettani Tansz\u00e9k - Anat\u00f3miai \u00e9s Sz\u00f6vettani Tansz\u00e9k","og_description":"Az egys\u00e9g t\u00f6rt\u00e9nete Az anat\u00f3mia oktat\u00e1sa egyid\u0151s int\u00e9zm\u00e9ny\u00fcnkkel. Az alap\u00edt\u00f3 TOLNAY S\u00e1ndor \u00e9s k\u00f6zvetlen ut\u00f3dai nem \u00f6n\u00e1ll\u00f3 tant\u00e1rgyk\u00e9nt oktatt\u00e1k a bonctant, hanem el\u0151ad\u00e1saikba belesz\u0151ve inform\u00e1lt\u00e1k hallgat\u00f3s\u00e1gukat az alapszint\u0171 anat\u00f3miai ismeretekr\u0151l. HOFFNER J\u00f3zsef tan\u00e1runk el\u0151ad\u00e1sainak sor\u00e1ban m\u00e1r k\u00fcl\u00f6n \u00f3r\u00e1kon szerepelt a bonctan. Az igazi fordulat 1851-ben k\u00f6vetkezett be, amikor l\u00e9trehozt\u00e1k iskol\u00e1nk els\u0151 \u00f6n\u00e1ll\u00f3 tansz\u00e9k\u00e9t, a Boncztani","og_url":"https:\/\/univet.hu\/anatomia\/","og_site_name":"Anat\u00f3miai \u00e9s Sz\u00f6vettani Tansz\u00e9k","article_modified_time":"2026-04-01T21:05:45+00:00","twitter_card":"summary_large_image","twitter_misc":{"Becs\u00fclt olvas\u00e1si id\u0151":"3 perc"},"schema":{"@context":"https:\/\/schema.org","@graph":[{"@type":"WebPage","@id":"https:\/\/univet.hu\/anatomia\/","url":"https:\/\/univet.hu\/anatomia\/","name":"Anat\u00f3miai \u00e9s Sz\u00f6vettani Tansz\u00e9k - Anat\u00f3miai \u00e9s Sz\u00f6vettani Tansz\u00e9k","isPartOf":{"@id":"https:\/\/univet.hu\/anatomia\/en\/#website"},"datePublished":"2016-02-23T04:34:00+00:00","dateModified":"2026-04-01T21:05:45+00:00","breadcrumb":{"@id":"https:\/\/univet.hu\/anatomia\/#breadcrumb"},"inLanguage":"hu","potentialAction":[{"@type":"ReadAction","target":["https:\/\/univet.hu\/anatomia\/"]}]},{"@type":"BreadcrumbList","@id":"https:\/\/univet.hu\/anatomia\/#breadcrumb","itemListElement":[{"@type":"ListItem","position":1,"name":"Kezd\u0151lap","item":"https:\/\/univet.hu\/anatomia\/"},{"@type":"ListItem","position":2,"name":"Anat\u00f3miai \u00e9s Sz\u00f6vettani Tansz\u00e9k"}]},{"@type":"WebSite","@id":"https:\/\/univet.hu\/anatomia\/en\/#website","url":"https:\/\/univet.hu\/anatomia\/en\/","name":"Anat\u00f3miai \u00e9s Sz\u00f6vettani Tansz\u00e9k","description":"","potentialAction":[{"@type":"SearchAction","target":{"@type":"EntryPoint","urlTemplate":"https:\/\/univet.hu\/anatomia\/en\/?s={search_term_string}"},"query-input":{"@type":"PropertyValueSpecification","valueRequired":true,"valueName":"search_term_string"}}],"inLanguage":"hu"}]}},"_links":{"self":[{"href":"https:\/\/univet.hu\/anatomia\/wp-json\/wp\/v2\/pages\/3301","targetHints":{"allow":["GET"]}}],"collection":[{"href":"https:\/\/univet.hu\/anatomia\/wp-json\/wp\/v2\/pages"}],"about":[{"href":"https:\/\/univet.hu\/anatomia\/wp-json\/wp\/v2\/types\/page"}],"author":[{"embeddable":true,"href":"https:\/\/univet.hu\/anatomia\/wp-json\/wp\/v2\/users\/3837"}],"replies":[{"embeddable":true,"href":"https:\/\/univet.hu\/anatomia\/wp-json\/wp\/v2\/comments?post=3301"}],"version-history":[{"count":3,"href":"https:\/\/univet.hu\/anatomia\/wp-json\/wp\/v2\/pages\/3301\/revisions"}],"predecessor-version":[{"id":134334,"href":"https:\/\/univet.hu\/anatomia\/wp-json\/wp\/v2\/pages\/3301\/revisions\/134334"}],"wp:attachment":[{"href":"https:\/\/univet.hu\/anatomia\/wp-json\/wp\/v2\/media?parent=3301"}],"wp:term":[{"taxonomy":"category","embeddable":true,"href":"https:\/\/univet.hu\/anatomia\/wp-json\/wp\/v2\/categories?post=3301"},{"taxonomy":"post_tag","embeddable":true,"href":"https:\/\/univet.hu\/anatomia\/wp-json\/wp\/v2\/tags?post=3301"}],"curies":[{"name":"wp","href":"https:\/\/api.w.org\/{rel}","templated":true}]}}