{"id":35569,"date":"2019-02-27T12:43:57","date_gmt":"2019-02-27T11:43:57","guid":{"rendered":"https:\/\/univet.hu\/?page_id=35569"},"modified":"2025-05-14T15:59:17","modified_gmt":"2025-05-14T13:59:17","slug":"gyakorlas-vizsgaidoszak","status":"publish","type":"page","link":"https:\/\/univet.hu\/anatomia\/anatomiai-es-szovettani-tanszek\/gyakorlas-vizsgaidoszak\/","title":{"rendered":"Gyakorl\u00e1s &#8211; vizsgaid\u0151szak"},"content":{"rendered":"<p><strong>Gyakorl\u00e1s<\/strong> (<em>friss\u00edtve: 25.05.14<\/em>)<\/p> <p>A Tansz\u00e9k a 2024\/2025-es tan\u00e9v ny\u00e1ri vizsgaid\u0151szak\u00e1ban lehet\u0151s\u00e9get biztos\u00edt a &#8222;P&#8221;-\u00e9p\u00fclet boncterm\u00e9ben a csontok \u00e9s a formalinos k\u00e9sz\u00edtm\u00e9nyek \u00f6n\u00e1ll\u00f3 tanulm\u00e1nyoz\u00e1s\u00e1ra, illetve korl\u00e1tozott m\u00e9rt\u00e9k\u0171 szabad boncol\u00e1sra. A bonclehet\u0151s\u00e9g sor\u00e1n felk\u00edn\u00e1lt anyag a ki\u00edrt id\u0151pontban a Tansz\u00e9k rendelkez\u00e9s\u00e9re \u00e1ll\u00f3 tetem\u00e1llom\u00e1nyt\u00f3l f\u00fcgg, meg\u00edg\u00e9rni, garant\u00e1lni nem tudjuk.<\/p> <p>Ezen gyakorl\u00e1sok idej\u00e9n gyakorlatvezet\u0151 vagy demonstr\u00e1tor nincsen jelen.\u00a0A bonctermi szab\u00e1lyok (pl. feh\u00e9r k\u00f6peny k\u00f6telez\u0151, \u00e9tel-ital bevitele, valamint k\u00e9pr\u00f6gz\u00edt\u00e9s\u00a0tilt\u00e1sa)\u00a0betart\u00e1sa ezen alkalmakkor is k\u00f6telez\u0151.<\/p> <p>K\u00e9rj\u00fck, prepar\u00e1tumokat, tetem darabokat\u00a0ne vigyenek ki a boncteremb\u0151l. Nem tudjuk az elt\u0171nt \/ megrong\u00e1l\u00f3dott k\u00e9sz\u00edtm\u00e9nyeket p\u00f3tolni.<br \/> A szab\u00e1lyok be nem tart\u00e1sa vagy a prepar\u00e1tumk\u00e9szlet k\u00e1rosod\u00e1sa eset\u00e9n a Tansz\u00e9k a gyakorl\u00e1si lehet\u0151s\u00e9get besz\u00fcnteti!<\/p> <p><strong>Id\u0151pontok:<\/strong><\/p> <p>2025. m\u00e1jus 21. (szerda) 10.00-13.00; &#8222;P&#8221; \u00e9p\u00fclet, csont+formalin+boncol\u00e1s (a h\u00e1rom nyelvnek k\u00f6z\u00f6sen)<\/p> <p>2025. m\u00e1jus 28. (szerda) 10.00-13.00; &#8222;P&#8221; \u00e9p\u00fclet, csont+formalin+boncol\u00e1s (a h\u00e1rom nyelvnek k\u00f6z\u00f6sen)<\/p> <p>2025. j\u00fanius 4. (szerda) 10.00-13.00; &#8222;P&#8221; \u00e9p\u00fclet, csont+formalin+boncol\u00e1s (a h\u00e1rom nyelvnek k\u00f6z\u00f6sen)<\/p> <p>2025. j\u00fanius 11. (szerda) 10.00-13.00; &#8222;P&#8221; \u00e9p\u00fclet, csont+formalin+boncol\u00e1s (a h\u00e1rom nyelvnek k\u00f6z\u00f6sen)<\/p> <p>2025. j\u00fanius 18. (szerda) 10.00-13.00; &#8222;P&#8221; \u00e9p\u00fclet, csont+formalin+boncol\u00e1s (a h\u00e1rom nyelvnek k\u00f6z\u00f6sen)<\/p> <p>&nbsp;<\/p>","protected":false},"excerpt":{"rendered":"<p>Gyakorl\u00e1s (friss\u00edtve: 25.05.14) A Tansz\u00e9k a 2024\/2025-es tan\u00e9v ny\u00e1ri vizsgaid\u0151szak\u00e1ban lehet\u0151s\u00e9get biztos\u00edt a &#8222;P&#8221;-\u00e9p\u00fclet boncterm\u00e9ben a csontok \u00e9s a formalinos k\u00e9sz\u00edtm\u00e9nyek \u00f6n\u00e1ll\u00f3 tanulm\u00e1nyoz\u00e1s\u00e1ra, illetve korl\u00e1tozott m\u00e9rt\u00e9k\u0171 szabad boncol\u00e1sra. A bonclehet\u0151s\u00e9g sor\u00e1n felk\u00edn\u00e1lt anyag a ki\u00edrt id\u0151pontban a Tansz\u00e9k rendelkez\u00e9s\u00e9re \u00e1ll\u00f3 tetem\u00e1llom\u00e1nyt\u00f3l f\u00fcgg, meg\u00edg\u00e9rni, garant\u00e1lni nem tudjuk. Ezen gyakorl\u00e1sok idej\u00e9n gyakorlatvezet\u0151 vagy demonstr\u00e1tor nincsen jelen.\u00a0A bonctermi<\/p>\n","protected":false},"author":3837,"featured_media":0,"parent":3301,"menu_order":140,"comment_status":"closed","ping_status":"closed","template":"","meta":{"_acf_changed":false,"footnotes":""},"categories":[],"tags":[],"class_list":["post-35569","page","type-page","status-publish","hentry"],"acf":[],"yoast_head":"<!-- This site is optimized with the Yoast SEO plugin v27.2 - https:\/\/yoast.com\/product\/yoast-seo-wordpress\/ -->\n<title>Gyakorl\u00e1s - vizsgaid\u0151szak - Anat\u00f3miai \u00e9s Sz\u00f6vettani Tansz\u00e9k<\/title>\n<meta name=\"robots\" content=\"index, follow, max-snippet:-1, max-image-preview:large, max-video-preview:-1\" \/>\n<link rel=\"canonical\" href=\"https:\/\/univet.hu\/anatomia\/anatomiai-es-szovettani-tanszek\/gyakorlas-vizsgaidoszak\/\" \/>\n<meta property=\"og:locale\" content=\"hu_HU\" \/>\n<meta property=\"og:type\" content=\"article\" \/>\n<meta property=\"og:title\" content=\"Gyakorl\u00e1s - vizsgaid\u0151szak - Anat\u00f3miai \u00e9s Sz\u00f6vettani Tansz\u00e9k\" \/>\n<meta property=\"og:description\" content=\"Gyakorl\u00e1s (friss\u00edtve: 25.05.14) A Tansz\u00e9k a 2024\/2025-es tan\u00e9v ny\u00e1ri vizsgaid\u0151szak\u00e1ban lehet\u0151s\u00e9get biztos\u00edt a &#8222;P&#8221;-\u00e9p\u00fclet boncterm\u00e9ben a csontok \u00e9s a formalinos k\u00e9sz\u00edtm\u00e9nyek \u00f6n\u00e1ll\u00f3 tanulm\u00e1nyoz\u00e1s\u00e1ra, illetve korl\u00e1tozott m\u00e9rt\u00e9k\u0171 szabad boncol\u00e1sra. A bonclehet\u0151s\u00e9g sor\u00e1n felk\u00edn\u00e1lt anyag a ki\u00edrt id\u0151pontban a Tansz\u00e9k rendelkez\u00e9s\u00e9re \u00e1ll\u00f3 tetem\u00e1llom\u00e1nyt\u00f3l f\u00fcgg, meg\u00edg\u00e9rni, garant\u00e1lni nem tudjuk. Ezen gyakorl\u00e1sok idej\u00e9n gyakorlatvezet\u0151 vagy demonstr\u00e1tor nincsen jelen.\u00a0A bonctermi\" \/>\n<meta property=\"og:url\" content=\"https:\/\/univet.hu\/anatomia\/anatomiai-es-szovettani-tanszek\/gyakorlas-vizsgaidoszak\/\" \/>\n<meta property=\"og:site_name\" content=\"Anat\u00f3miai \u00e9s Sz\u00f6vettani Tansz\u00e9k\" \/>\n<meta property=\"article:modified_time\" content=\"2025-05-14T13:59:17+00:00\" \/>\n<meta name=\"twitter:card\" content=\"summary_large_image\" \/>\n<meta name=\"twitter:label1\" content=\"Becs\u00fclt olvas\u00e1si id\u0151\" \/>\n\t<meta name=\"twitter:data1\" content=\"1 perc\" \/>\n<script type=\"application\/ld+json\" class=\"yoast-schema-graph\">{\"@context\":\"https:\/\/schema.org\",\"@graph\":[{\"@type\":\"WebPage\",\"@id\":\"https:\/\/univet.hu\/anatomia\/anatomiai-es-szovettani-tanszek\/gyakorlas-vizsgaidoszak\/\",\"url\":\"https:\/\/univet.hu\/anatomia\/anatomiai-es-szovettani-tanszek\/gyakorlas-vizsgaidoszak\/\",\"name\":\"Gyakorl\u00e1s - vizsgaid\u0151szak - Anat\u00f3miai \u00e9s Sz\u00f6vettani Tansz\u00e9k\",\"isPartOf\":{\"@id\":\"https:\/\/univet.hu\/anatomia\/en\/#website\"},\"datePublished\":\"2019-02-27T11:43:57+00:00\",\"dateModified\":\"2025-05-14T13:59:17+00:00\",\"breadcrumb\":{\"@id\":\"https:\/\/univet.hu\/anatomia\/anatomiai-es-szovettani-tanszek\/gyakorlas-vizsgaidoszak\/#breadcrumb\"},\"inLanguage\":\"hu\",\"potentialAction\":[{\"@type\":\"ReadAction\",\"target\":[\"https:\/\/univet.hu\/anatomia\/anatomiai-es-szovettani-tanszek\/gyakorlas-vizsgaidoszak\/\"]}]},{\"@type\":\"BreadcrumbList\",\"@id\":\"https:\/\/univet.hu\/anatomia\/anatomiai-es-szovettani-tanszek\/gyakorlas-vizsgaidoszak\/#breadcrumb\",\"itemListElement\":[{\"@type\":\"ListItem\",\"position\":1,\"name\":\"Kezd\u0151lap\",\"item\":\"https:\/\/univet.hu\/anatomia\/\"},{\"@type\":\"ListItem\",\"position\":2,\"name\":\"Anat\u00f3miai \u00e9s Sz\u00f6vettani Tansz\u00e9k\",\"item\":\"https:\/\/univet.hu\/anatomia\/\"},{\"@type\":\"ListItem\",\"position\":3,\"name\":\"Gyakorl\u00e1s &#8211; vizsgaid\u0151szak\"}]},{\"@type\":\"WebSite\",\"@id\":\"https:\/\/univet.hu\/anatomia\/en\/#website\",\"url\":\"https:\/\/univet.hu\/anatomia\/en\/\",\"name\":\"Anat\u00f3miai \u00e9s Sz\u00f6vettani Tansz\u00e9k\",\"description\":\"\",\"potentialAction\":[{\"@type\":\"SearchAction\",\"target\":{\"@type\":\"EntryPoint\",\"urlTemplate\":\"https:\/\/univet.hu\/anatomia\/en\/?s={search_term_string}\"},\"query-input\":{\"@type\":\"PropertyValueSpecification\",\"valueRequired\":true,\"valueName\":\"search_term_string\"}}],\"inLanguage\":\"hu\"}]}<\/script>\n<!-- \/ Yoast SEO plugin. -->","yoast_head_json":{"title":"Gyakorl\u00e1s - vizsgaid\u0151szak - Anat\u00f3miai \u00e9s Sz\u00f6vettani Tansz\u00e9k","robots":{"index":"index","follow":"follow","max-snippet":"max-snippet:-1","max-image-preview":"max-image-preview:large","max-video-preview":"max-video-preview:-1"},"canonical":"https:\/\/univet.hu\/anatomia\/anatomiai-es-szovettani-tanszek\/gyakorlas-vizsgaidoszak\/","og_locale":"hu_HU","og_type":"article","og_title":"Gyakorl\u00e1s - vizsgaid\u0151szak - Anat\u00f3miai \u00e9s Sz\u00f6vettani Tansz\u00e9k","og_description":"Gyakorl\u00e1s (friss\u00edtve: 25.05.14) A Tansz\u00e9k a 2024\/2025-es tan\u00e9v ny\u00e1ri vizsgaid\u0151szak\u00e1ban lehet\u0151s\u00e9get biztos\u00edt a &#8222;P&#8221;-\u00e9p\u00fclet boncterm\u00e9ben a csontok \u00e9s a formalinos k\u00e9sz\u00edtm\u00e9nyek \u00f6n\u00e1ll\u00f3 tanulm\u00e1nyoz\u00e1s\u00e1ra, illetve korl\u00e1tozott m\u00e9rt\u00e9k\u0171 szabad boncol\u00e1sra. A bonclehet\u0151s\u00e9g sor\u00e1n felk\u00edn\u00e1lt anyag a ki\u00edrt id\u0151pontban a Tansz\u00e9k rendelkez\u00e9s\u00e9re \u00e1ll\u00f3 tetem\u00e1llom\u00e1nyt\u00f3l f\u00fcgg, meg\u00edg\u00e9rni, garant\u00e1lni nem tudjuk. Ezen gyakorl\u00e1sok idej\u00e9n gyakorlatvezet\u0151 vagy demonstr\u00e1tor nincsen jelen.\u00a0A bonctermi","og_url":"https:\/\/univet.hu\/anatomia\/anatomiai-es-szovettani-tanszek\/gyakorlas-vizsgaidoszak\/","og_site_name":"Anat\u00f3miai \u00e9s Sz\u00f6vettani Tansz\u00e9k","article_modified_time":"2025-05-14T13:59:17+00:00","twitter_card":"summary_large_image","twitter_misc":{"Becs\u00fclt olvas\u00e1si id\u0151":"1 perc"},"schema":{"@context":"https:\/\/schema.org","@graph":[{"@type":"WebPage","@id":"https:\/\/univet.hu\/anatomia\/anatomiai-es-szovettani-tanszek\/gyakorlas-vizsgaidoszak\/","url":"https:\/\/univet.hu\/anatomia\/anatomiai-es-szovettani-tanszek\/gyakorlas-vizsgaidoszak\/","name":"Gyakorl\u00e1s - vizsgaid\u0151szak - Anat\u00f3miai \u00e9s Sz\u00f6vettani Tansz\u00e9k","isPartOf":{"@id":"https:\/\/univet.hu\/anatomia\/en\/#website"},"datePublished":"2019-02-27T11:43:57+00:00","dateModified":"2025-05-14T13:59:17+00:00","breadcrumb":{"@id":"https:\/\/univet.hu\/anatomia\/anatomiai-es-szovettani-tanszek\/gyakorlas-vizsgaidoszak\/#breadcrumb"},"inLanguage":"hu","potentialAction":[{"@type":"ReadAction","target":["https:\/\/univet.hu\/anatomia\/anatomiai-es-szovettani-tanszek\/gyakorlas-vizsgaidoszak\/"]}]},{"@type":"BreadcrumbList","@id":"https:\/\/univet.hu\/anatomia\/anatomiai-es-szovettani-tanszek\/gyakorlas-vizsgaidoszak\/#breadcrumb","itemListElement":[{"@type":"ListItem","position":1,"name":"Kezd\u0151lap","item":"https:\/\/univet.hu\/anatomia\/"},{"@type":"ListItem","position":2,"name":"Anat\u00f3miai \u00e9s Sz\u00f6vettani Tansz\u00e9k","item":"https:\/\/univet.hu\/anatomia\/"},{"@type":"ListItem","position":3,"name":"Gyakorl\u00e1s &#8211; vizsgaid\u0151szak"}]},{"@type":"WebSite","@id":"https:\/\/univet.hu\/anatomia\/en\/#website","url":"https:\/\/univet.hu\/anatomia\/en\/","name":"Anat\u00f3miai \u00e9s Sz\u00f6vettani Tansz\u00e9k","description":"","potentialAction":[{"@type":"SearchAction","target":{"@type":"EntryPoint","urlTemplate":"https:\/\/univet.hu\/anatomia\/en\/?s={search_term_string}"},"query-input":{"@type":"PropertyValueSpecification","valueRequired":true,"valueName":"search_term_string"}}],"inLanguage":"hu"}]}},"_links":{"self":[{"href":"https:\/\/univet.hu\/anatomia\/wp-json\/wp\/v2\/pages\/35569","targetHints":{"allow":["GET"]}}],"collection":[{"href":"https:\/\/univet.hu\/anatomia\/wp-json\/wp\/v2\/pages"}],"about":[{"href":"https:\/\/univet.hu\/anatomia\/wp-json\/wp\/v2\/types\/page"}],"author":[{"embeddable":true,"href":"https:\/\/univet.hu\/anatomia\/wp-json\/wp\/v2\/users\/3837"}],"replies":[{"embeddable":true,"href":"https:\/\/univet.hu\/anatomia\/wp-json\/wp\/v2\/comments?post=35569"}],"version-history":[{"count":3,"href":"https:\/\/univet.hu\/anatomia\/wp-json\/wp\/v2\/pages\/35569\/revisions"}],"predecessor-version":[{"id":134192,"href":"https:\/\/univet.hu\/anatomia\/wp-json\/wp\/v2\/pages\/35569\/revisions\/134192"}],"up":[{"embeddable":true,"href":"https:\/\/univet.hu\/anatomia\/wp-json\/wp\/v2\/pages\/3301"}],"wp:attachment":[{"href":"https:\/\/univet.hu\/anatomia\/wp-json\/wp\/v2\/media?parent=35569"}],"wp:term":[{"taxonomy":"category","embeddable":true,"href":"https:\/\/univet.hu\/anatomia\/wp-json\/wp\/v2\/categories?post=35569"},{"taxonomy":"post_tag","embeddable":true,"href":"https:\/\/univet.hu\/anatomia\/wp-json\/wp\/v2\/tags?post=35569"}],"curies":[{"name":"wp","href":"https:\/\/api.w.org\/{rel}","templated":true}]}}