{"id":42267,"date":"2019-08-28T11:31:25","date_gmt":"2019-08-28T09:31:25","guid":{"rendered":"https:\/\/univet.hu\/?page_id=42267"},"modified":"2025-01-13T21:40:02","modified_gmt":"2025-01-13T20:40:02","slug":"evfolyam-osszekoto-tanarok","status":"publish","type":"page","link":"https:\/\/univet.hu\/anatomia\/anatomiai-es-szovettani-tanszek\/evfolyam-osszekoto-tanarok\/","title":{"rendered":"\u00c9vfolyam \u00f6sszek\u00f6t\u0151 tan\u00e1rok"},"content":{"rendered":"<p>Az anat\u00f3mia tant\u00e1rggyal kapcsolatos \u00f6sszes k\u00e9rd\u00e9s kapcs\u00e1n az anat\u00f3mia <strong>el\u0151ad\u00e1sokon elhangzottak<\/strong>, \u00e9s az Anat\u00f3miai \u00e9s Sz\u00f6vettani Tansz\u00e9k\u00a0\u00a0<a href=\"https:\/\/univet.hu\/hu\/anatomia\"><strong>hivatalos honlapj\u00e1n<\/strong><\/a>\u00a0\u00a0<strong>tal\u00e1lhat\u00f3 inform\u00e1ci\u00f3k az ir\u00e1nyad\u00f3ak<\/strong>. B\u00e1rmilyen felmer\u00fcl\u0151 k\u00e9rd\u00e9s eset\u00e9n, k\u00e9rj\u00fck, el\u0151sz\u00f6r r\u00e9szletesen tanulm\u00e1nyozz\u00e1k \u00e1t a <a href=\"https:\/\/univet.hu\/hu\/egyetem\/szervezeti-egysegek\/anatomiai-es-szovettani-tanszek\/tanszeki-tajekoztato\/\">Tansz\u00e9k bels\u0151 szab\u00e1lyzat\u00e1t<\/a>\u00a0\u00e9s az <a href=\"https:\/\/univet.hu\/wp-content\/uploads\/2019\/06\/ATE_TVSZ_20190326.pdf\">Egyetem Tanulm\u00e1nyi \u00e9s Vizsgaszab\u00e1lyzat\u00e1t<\/a>!<\/p> <p>Gyakorlati hi\u00e1nyz\u00e1sok, cser\u00e9k kapcs\u00e1n a gyakorlatvezet\u0151j\u00fcket keress\u00e9k <a href=\"https:\/\/univet.hu\/hu\/egyetem\/szervezeti-egysegek\/anatomiai-es-szovettani-tanszek\/munkatarsak\/\">emailben<\/a>.<\/p> <p>Tov\u00e1bbi k\u00e9rd\u00e9s eset\u00e9n emailben forduljanak az \u00e9vfolyam \u00f6sszek\u00f6t\u0151 tan\u00e1r\u00e1hoz. <strong>K\u00e9rj\u00fck a tansz\u00e9ki titk\u00e1rn\u0151t illetve a Tansz\u00e9kvezet\u0151t csak rendk\u00edv\u00fcli esetekben keress\u00e9k.<\/strong><\/p> <p>I. \u00e9vfolyam: <a href=\"https:\/\/univet.hu\/hu\/egyetem\/munkatarsak\/kondor-milan\/\">dr. Kondor Mil\u00e1n tansz\u00e9ki \u00e1llatorvos<\/a><\/p> <p>II. \u00e9vfolyam: <a href=\"https:\/\/univet.hu\/hu\/egyetem\/munkatarsak\/szalay-ferenc\/\">dr. Szalay Ferenc egyetemi docens<\/a><\/p> <p>konzult\u00e1ci\u00f3k: <a href=\"https:\/\/univet.hu\/hu\/egyetem\/munkatarsak\/hazai-diana\/\" target=\"_blank\" rel=\"noopener\">dr. Hazai Diana, egy. adjunktus<\/a><\/p>","protected":false},"excerpt":{"rendered":"<p>Az anat\u00f3mia tant\u00e1rggyal kapcsolatos \u00f6sszes k\u00e9rd\u00e9s kapcs\u00e1n az anat\u00f3mia el\u0151ad\u00e1sokon elhangzottak, \u00e9s az Anat\u00f3miai \u00e9s Sz\u00f6vettani Tansz\u00e9k\u00a0\u00a0hivatalos honlapj\u00e1n\u00a0\u00a0tal\u00e1lhat\u00f3 inform\u00e1ci\u00f3k az ir\u00e1nyad\u00f3ak. B\u00e1rmilyen felmer\u00fcl\u0151 k\u00e9rd\u00e9s eset\u00e9n, k\u00e9rj\u00fck, el\u0151sz\u00f6r r\u00e9szletesen tanulm\u00e1nyozz\u00e1k \u00e1t a Tansz\u00e9k bels\u0151 szab\u00e1lyzat\u00e1t\u00a0\u00e9s az Egyetem Tanulm\u00e1nyi \u00e9s Vizsgaszab\u00e1lyzat\u00e1t! Gyakorlati hi\u00e1nyz\u00e1sok, cser\u00e9k kapcs\u00e1n a gyakorlatvezet\u0151j\u00fcket keress\u00e9k emailben. Tov\u00e1bbi k\u00e9rd\u00e9s eset\u00e9n emailben forduljanak az \u00e9vfolyam \u00f6sszek\u00f6t\u0151<\/p>\n","protected":false},"author":3837,"featured_media":0,"parent":3301,"menu_order":139,"comment_status":"closed","ping_status":"closed","template":"","meta":{"_acf_changed":false,"footnotes":""},"categories":[],"tags":[],"class_list":["post-42267","page","type-page","status-publish","hentry"],"acf":[],"yoast_head":"<!-- This site is optimized with the Yoast SEO plugin v27.2 - https:\/\/yoast.com\/product\/yoast-seo-wordpress\/ -->\n<title>\u00c9vfolyam \u00f6sszek\u00f6t\u0151 tan\u00e1rok - Anat\u00f3miai \u00e9s Sz\u00f6vettani Tansz\u00e9k<\/title>\n<meta name=\"robots\" content=\"index, follow, max-snippet:-1, max-image-preview:large, max-video-preview:-1\" \/>\n<link rel=\"canonical\" href=\"https:\/\/univet.hu\/anatomia\/anatomiai-es-szovettani-tanszek\/evfolyam-osszekoto-tanarok\/\" \/>\n<meta property=\"og:locale\" content=\"hu_HU\" \/>\n<meta property=\"og:type\" content=\"article\" \/>\n<meta property=\"og:title\" content=\"\u00c9vfolyam \u00f6sszek\u00f6t\u0151 tan\u00e1rok - Anat\u00f3miai \u00e9s Sz\u00f6vettani Tansz\u00e9k\" \/>\n<meta property=\"og:description\" content=\"Az anat\u00f3mia tant\u00e1rggyal kapcsolatos \u00f6sszes k\u00e9rd\u00e9s kapcs\u00e1n az anat\u00f3mia el\u0151ad\u00e1sokon elhangzottak, \u00e9s az Anat\u00f3miai \u00e9s Sz\u00f6vettani Tansz\u00e9k\u00a0\u00a0hivatalos honlapj\u00e1n\u00a0\u00a0tal\u00e1lhat\u00f3 inform\u00e1ci\u00f3k az ir\u00e1nyad\u00f3ak. B\u00e1rmilyen felmer\u00fcl\u0151 k\u00e9rd\u00e9s eset\u00e9n, k\u00e9rj\u00fck, el\u0151sz\u00f6r r\u00e9szletesen tanulm\u00e1nyozz\u00e1k \u00e1t a Tansz\u00e9k bels\u0151 szab\u00e1lyzat\u00e1t\u00a0\u00e9s az Egyetem Tanulm\u00e1nyi \u00e9s Vizsgaszab\u00e1lyzat\u00e1t! Gyakorlati hi\u00e1nyz\u00e1sok, cser\u00e9k kapcs\u00e1n a gyakorlatvezet\u0151j\u00fcket keress\u00e9k emailben. Tov\u00e1bbi k\u00e9rd\u00e9s eset\u00e9n emailben forduljanak az \u00e9vfolyam \u00f6sszek\u00f6t\u0151\" \/>\n<meta property=\"og:url\" content=\"https:\/\/univet.hu\/anatomia\/anatomiai-es-szovettani-tanszek\/evfolyam-osszekoto-tanarok\/\" \/>\n<meta property=\"og:site_name\" content=\"Anat\u00f3miai \u00e9s Sz\u00f6vettani Tansz\u00e9k\" \/>\n<meta property=\"article:modified_time\" content=\"2025-01-13T20:40:02+00:00\" \/>\n<meta name=\"twitter:card\" content=\"summary_large_image\" \/>\n<meta name=\"twitter:label1\" content=\"Becs\u00fclt olvas\u00e1si id\u0151\" \/>\n\t<meta name=\"twitter:data1\" content=\"1 perc\" \/>\n<script type=\"application\/ld+json\" class=\"yoast-schema-graph\">{\"@context\":\"https:\/\/schema.org\",\"@graph\":[{\"@type\":\"WebPage\",\"@id\":\"https:\/\/univet.hu\/anatomia\/anatomiai-es-szovettani-tanszek\/evfolyam-osszekoto-tanarok\/\",\"url\":\"https:\/\/univet.hu\/anatomia\/anatomiai-es-szovettani-tanszek\/evfolyam-osszekoto-tanarok\/\",\"name\":\"\u00c9vfolyam \u00f6sszek\u00f6t\u0151 tan\u00e1rok - Anat\u00f3miai \u00e9s Sz\u00f6vettani Tansz\u00e9k\",\"isPartOf\":{\"@id\":\"https:\/\/univet.hu\/anatomia\/en\/#website\"},\"datePublished\":\"2019-08-28T09:31:25+00:00\",\"dateModified\":\"2025-01-13T20:40:02+00:00\",\"breadcrumb\":{\"@id\":\"https:\/\/univet.hu\/anatomia\/anatomiai-es-szovettani-tanszek\/evfolyam-osszekoto-tanarok\/#breadcrumb\"},\"inLanguage\":\"hu\",\"potentialAction\":[{\"@type\":\"ReadAction\",\"target\":[\"https:\/\/univet.hu\/anatomia\/anatomiai-es-szovettani-tanszek\/evfolyam-osszekoto-tanarok\/\"]}]},{\"@type\":\"BreadcrumbList\",\"@id\":\"https:\/\/univet.hu\/anatomia\/anatomiai-es-szovettani-tanszek\/evfolyam-osszekoto-tanarok\/#breadcrumb\",\"itemListElement\":[{\"@type\":\"ListItem\",\"position\":1,\"name\":\"Kezd\u0151lap\",\"item\":\"https:\/\/univet.hu\/anatomia\/\"},{\"@type\":\"ListItem\",\"position\":2,\"name\":\"Anat\u00f3miai \u00e9s Sz\u00f6vettani Tansz\u00e9k\",\"item\":\"https:\/\/univet.hu\/anatomia\/\"},{\"@type\":\"ListItem\",\"position\":3,\"name\":\"\u00c9vfolyam \u00f6sszek\u00f6t\u0151 tan\u00e1rok\"}]},{\"@type\":\"WebSite\",\"@id\":\"https:\/\/univet.hu\/anatomia\/en\/#website\",\"url\":\"https:\/\/univet.hu\/anatomia\/en\/\",\"name\":\"Anat\u00f3miai \u00e9s Sz\u00f6vettani Tansz\u00e9k\",\"description\":\"\",\"potentialAction\":[{\"@type\":\"SearchAction\",\"target\":{\"@type\":\"EntryPoint\",\"urlTemplate\":\"https:\/\/univet.hu\/anatomia\/en\/?s={search_term_string}\"},\"query-input\":{\"@type\":\"PropertyValueSpecification\",\"valueRequired\":true,\"valueName\":\"search_term_string\"}}],\"inLanguage\":\"hu\"}]}<\/script>\n<!-- \/ Yoast SEO plugin. -->","yoast_head_json":{"title":"\u00c9vfolyam \u00f6sszek\u00f6t\u0151 tan\u00e1rok - Anat\u00f3miai \u00e9s Sz\u00f6vettani Tansz\u00e9k","robots":{"index":"index","follow":"follow","max-snippet":"max-snippet:-1","max-image-preview":"max-image-preview:large","max-video-preview":"max-video-preview:-1"},"canonical":"https:\/\/univet.hu\/anatomia\/anatomiai-es-szovettani-tanszek\/evfolyam-osszekoto-tanarok\/","og_locale":"hu_HU","og_type":"article","og_title":"\u00c9vfolyam \u00f6sszek\u00f6t\u0151 tan\u00e1rok - Anat\u00f3miai \u00e9s Sz\u00f6vettani Tansz\u00e9k","og_description":"Az anat\u00f3mia tant\u00e1rggyal kapcsolatos \u00f6sszes k\u00e9rd\u00e9s kapcs\u00e1n az anat\u00f3mia el\u0151ad\u00e1sokon elhangzottak, \u00e9s az Anat\u00f3miai \u00e9s Sz\u00f6vettani Tansz\u00e9k\u00a0\u00a0hivatalos honlapj\u00e1n\u00a0\u00a0tal\u00e1lhat\u00f3 inform\u00e1ci\u00f3k az ir\u00e1nyad\u00f3ak. B\u00e1rmilyen felmer\u00fcl\u0151 k\u00e9rd\u00e9s eset\u00e9n, k\u00e9rj\u00fck, el\u0151sz\u00f6r r\u00e9szletesen tanulm\u00e1nyozz\u00e1k \u00e1t a Tansz\u00e9k bels\u0151 szab\u00e1lyzat\u00e1t\u00a0\u00e9s az Egyetem Tanulm\u00e1nyi \u00e9s Vizsgaszab\u00e1lyzat\u00e1t! Gyakorlati hi\u00e1nyz\u00e1sok, cser\u00e9k kapcs\u00e1n a gyakorlatvezet\u0151j\u00fcket keress\u00e9k emailben. Tov\u00e1bbi k\u00e9rd\u00e9s eset\u00e9n emailben forduljanak az \u00e9vfolyam \u00f6sszek\u00f6t\u0151","og_url":"https:\/\/univet.hu\/anatomia\/anatomiai-es-szovettani-tanszek\/evfolyam-osszekoto-tanarok\/","og_site_name":"Anat\u00f3miai \u00e9s Sz\u00f6vettani Tansz\u00e9k","article_modified_time":"2025-01-13T20:40:02+00:00","twitter_card":"summary_large_image","twitter_misc":{"Becs\u00fclt olvas\u00e1si id\u0151":"1 perc"},"schema":{"@context":"https:\/\/schema.org","@graph":[{"@type":"WebPage","@id":"https:\/\/univet.hu\/anatomia\/anatomiai-es-szovettani-tanszek\/evfolyam-osszekoto-tanarok\/","url":"https:\/\/univet.hu\/anatomia\/anatomiai-es-szovettani-tanszek\/evfolyam-osszekoto-tanarok\/","name":"\u00c9vfolyam \u00f6sszek\u00f6t\u0151 tan\u00e1rok - Anat\u00f3miai \u00e9s Sz\u00f6vettani Tansz\u00e9k","isPartOf":{"@id":"https:\/\/univet.hu\/anatomia\/en\/#website"},"datePublished":"2019-08-28T09:31:25+00:00","dateModified":"2025-01-13T20:40:02+00:00","breadcrumb":{"@id":"https:\/\/univet.hu\/anatomia\/anatomiai-es-szovettani-tanszek\/evfolyam-osszekoto-tanarok\/#breadcrumb"},"inLanguage":"hu","potentialAction":[{"@type":"ReadAction","target":["https:\/\/univet.hu\/anatomia\/anatomiai-es-szovettani-tanszek\/evfolyam-osszekoto-tanarok\/"]}]},{"@type":"BreadcrumbList","@id":"https:\/\/univet.hu\/anatomia\/anatomiai-es-szovettani-tanszek\/evfolyam-osszekoto-tanarok\/#breadcrumb","itemListElement":[{"@type":"ListItem","position":1,"name":"Kezd\u0151lap","item":"https:\/\/univet.hu\/anatomia\/"},{"@type":"ListItem","position":2,"name":"Anat\u00f3miai \u00e9s Sz\u00f6vettani Tansz\u00e9k","item":"https:\/\/univet.hu\/anatomia\/"},{"@type":"ListItem","position":3,"name":"\u00c9vfolyam \u00f6sszek\u00f6t\u0151 tan\u00e1rok"}]},{"@type":"WebSite","@id":"https:\/\/univet.hu\/anatomia\/en\/#website","url":"https:\/\/univet.hu\/anatomia\/en\/","name":"Anat\u00f3miai \u00e9s Sz\u00f6vettani Tansz\u00e9k","description":"","potentialAction":[{"@type":"SearchAction","target":{"@type":"EntryPoint","urlTemplate":"https:\/\/univet.hu\/anatomia\/en\/?s={search_term_string}"},"query-input":{"@type":"PropertyValueSpecification","valueRequired":true,"valueName":"search_term_string"}}],"inLanguage":"hu"}]}},"_links":{"self":[{"href":"https:\/\/univet.hu\/anatomia\/wp-json\/wp\/v2\/pages\/42267","targetHints":{"allow":["GET"]}}],"collection":[{"href":"https:\/\/univet.hu\/anatomia\/wp-json\/wp\/v2\/pages"}],"about":[{"href":"https:\/\/univet.hu\/anatomia\/wp-json\/wp\/v2\/types\/page"}],"author":[{"embeddable":true,"href":"https:\/\/univet.hu\/anatomia\/wp-json\/wp\/v2\/users\/3837"}],"replies":[{"embeddable":true,"href":"https:\/\/univet.hu\/anatomia\/wp-json\/wp\/v2\/comments?post=42267"}],"version-history":[{"count":2,"href":"https:\/\/univet.hu\/anatomia\/wp-json\/wp\/v2\/pages\/42267\/revisions"}],"predecessor-version":[{"id":134154,"href":"https:\/\/univet.hu\/anatomia\/wp-json\/wp\/v2\/pages\/42267\/revisions\/134154"}],"up":[{"embeddable":true,"href":"https:\/\/univet.hu\/anatomia\/wp-json\/wp\/v2\/pages\/3301"}],"wp:attachment":[{"href":"https:\/\/univet.hu\/anatomia\/wp-json\/wp\/v2\/media?parent=42267"}],"wp:term":[{"taxonomy":"category","embeddable":true,"href":"https:\/\/univet.hu\/anatomia\/wp-json\/wp\/v2\/categories?post=42267"},{"taxonomy":"post_tag","embeddable":true,"href":"https:\/\/univet.hu\/anatomia\/wp-json\/wp\/v2\/tags?post=42267"}],"curies":[{"name":"wp","href":"https:\/\/api.w.org\/{rel}","templated":true}]}}