{"id":56273,"date":"2020-07-15T22:31:40","date_gmt":"2020-07-15T20:31:40","guid":{"rendered":"https:\/\/univet.hu\/?page_id=56273"},"modified":"2026-03-10T12:09:17","modified_gmt":"2026-03-10T11:09:17","slug":"gyakorlas-2022-nyari-vizsgaidoszak","status":"publish","type":"page","link":"https:\/\/univet.hu\/anatomia\/anatomiai-es-szovettani-tanszek\/gyakorlas-2022-nyari-vizsgaidoszak\/","title":{"rendered":"Konzult\u00e1ci\u00f3"},"content":{"rendered":"<p><strong>KONZULT\u00c1CI\u00d3<\/strong>\u00a0(<em>friss\u00edtve: 25.11.10<\/em>)<\/p> <p>Tansz\u00e9k\u00fcnk lehet\u0151s\u00e9get biztos\u00edt\u00a0 a csontok \u00e9s a formalinos k\u00e9sz\u00edtm\u00e9nyek tanulm\u00e1nyoz\u00e1s\u00e1ra, tov\u00e1bb\u00e1 szabad boncol\u00e1sra. Ut\u00f3bbi minden esetben a rendelkez\u00e9sre \u00e1ll\u00f3 tetemsz\u00e1mt\u00f3l f\u00fcgg, sajnos sem a mennyis\u00e9get, sem a min\u0151s\u00e9get nem tudjuk garant\u00e1lni! A formalinos \u00e9s csontos k\u00e9sz\u00edtm\u00e9nyek p\u00f3tl\u00e1s\u00e1ra nincs lehet\u0151s\u00e9g\u00fcnk.<\/p> <p>Ezeken az alkalmakon csak a Tanulm\u00e1nyi oszt\u00e1ly, az Egyetem Biztons\u00e1gi Igazgat\u00f3s\u00e1ga, \u00e9s a Rektor \u00e1ltal kiadott j\u00e1rv\u00e1nyv\u00e9delmi el\u0151\u00edr\u00e1sok figyelembe v\u00e9tel\u00e9vel lehet r\u00e9szt venni, a mindenkori korm\u00e1nyzati int\u00e9zked\u00e9sekkel \u00f6sszhangban! K\u00e9r\u00fcnk mindenkit ezek szigor\u00fa, pontos betart\u00e1s\u00e1ra.<\/p> <p>Ezen gyakorl\u00e1sok alatt gyakorlatvezet\u0151 NEM lesz jelen, csup\u00e1n demonstr\u00e1tori fel\u00fcgyelet biztos\u00edtunk, a demonstr\u00e1torok utas\u00edt\u00e1sait, k\u00e9r\u00e9seit minden esetben k\u00f6vetni kell.\u00a0<strong>A bonctermi szab\u00e1lyok<\/strong> (pl. feh\u00e9r k\u00f6peny, l\u00e1bzs\u00e1k, keszty\u0171 k\u00f6telez\u0151, \u00e9tel-ital bevitele, valamint k\u00e9pr\u00f6gz\u00edt\u00e9s\u00a0tilt\u00e1sa)\u00a0<strong>betart\u00e1sa ugyan\u00fagy\u00a0 k\u00f6telez\u0151, mint b\u00e1rmikor m\u00e1skor<\/strong>. Ha ez nem t\u00f6rt\u00e9nik meg a Tansz\u00e9k a konzult\u00e1ci\u00f3s lehet\u0151s\u00e9get az eg\u00e9sz f\u00e9l\u00e9vre berekeszti.<\/p> <p>N\u00e9vsor nincs, a hallgat\u00f3k tetsz\u00e9s\u00fck szerinti \u00e9rkezhetnek \u00e9s t\u00e1vozhatnak a megadott id\u0151korl\u00e1tok k\u00f6z\u00f6tt.<\/p> <p><strong>SZORGALMI ID\u0150SZAK<\/strong><\/p> <p>Formalin \u00e9s csont, E \u00e9p\u00fclet<br \/> Magyar \u00e9vfolyam, p\u00e9ntek 10-12.<br \/> febru\u00e1r 27.<br \/> \u00e1prilis 10.<br \/> \u00e1prilis 24.<\/p> <p>Boncol\u00e1s, P \u00e9p\u00fclet<br \/> Magyar \u00e9vfolyam, p\u00e9ntek 10-12.<br \/> m\u00e1rcius 6.<br \/> m\u00e1rcius 13.<br \/> \u00e1prilis 17.<br \/> m\u00e1jus 8.<\/p> <div dir=\"ltr\"><\/div> <p>Probl\u00e9ma, k\u00e9rd\u00e9s eset\u00e9n:<a href=\"https:\/\/univet.hu\/hu\/egyetem\/munkatarsak\/hazai-diana\/\" target=\"_blank\" rel=\"noopener\"> dr. Hazai Diana<\/a><\/p> <p>&nbsp;<\/p>","protected":false},"excerpt":{"rendered":"<p>KONZULT\u00c1CI\u00d3\u00a0(friss\u00edtve: 25.11.10) Tansz\u00e9k\u00fcnk lehet\u0151s\u00e9get biztos\u00edt\u00a0 a csontok \u00e9s a formalinos k\u00e9sz\u00edtm\u00e9nyek tanulm\u00e1nyoz\u00e1s\u00e1ra, tov\u00e1bb\u00e1 szabad boncol\u00e1sra. Ut\u00f3bbi minden esetben a rendelkez\u00e9sre \u00e1ll\u00f3 tetemsz\u00e1mt\u00f3l f\u00fcgg, sajnos sem a mennyis\u00e9get, sem a min\u0151s\u00e9get nem tudjuk garant\u00e1lni! A formalinos \u00e9s csontos k\u00e9sz\u00edtm\u00e9nyek p\u00f3tl\u00e1s\u00e1ra nincs lehet\u0151s\u00e9g\u00fcnk. Ezeken az alkalmakon csak a Tanulm\u00e1nyi oszt\u00e1ly, az Egyetem Biztons\u00e1gi Igazgat\u00f3s\u00e1ga, \u00e9s a Rektor<\/p>\n","protected":false},"author":3837,"featured_media":0,"parent":3301,"menu_order":144,"comment_status":"closed","ping_status":"closed","template":"","meta":{"_acf_changed":false,"footnotes":""},"categories":[],"tags":[],"class_list":["post-56273","page","type-page","status-publish","hentry"],"acf":[],"yoast_head":"<!-- This site is optimized with the Yoast SEO plugin v27.2 - https:\/\/yoast.com\/product\/yoast-seo-wordpress\/ -->\n<title>Konzult\u00e1ci\u00f3 - Anat\u00f3miai \u00e9s Sz\u00f6vettani Tansz\u00e9k<\/title>\n<meta name=\"robots\" content=\"index, follow, max-snippet:-1, max-image-preview:large, max-video-preview:-1\" \/>\n<link rel=\"canonical\" href=\"https:\/\/univet.hu\/anatomia\/anatomiai-es-szovettani-tanszek\/gyakorlas-2022-nyari-vizsgaidoszak\/\" \/>\n<meta property=\"og:locale\" content=\"hu_HU\" \/>\n<meta property=\"og:type\" content=\"article\" \/>\n<meta property=\"og:title\" content=\"Konzult\u00e1ci\u00f3 - Anat\u00f3miai \u00e9s Sz\u00f6vettani Tansz\u00e9k\" \/>\n<meta property=\"og:description\" content=\"KONZULT\u00c1CI\u00d3\u00a0(friss\u00edtve: 25.11.10) Tansz\u00e9k\u00fcnk lehet\u0151s\u00e9get biztos\u00edt\u00a0 a csontok \u00e9s a formalinos k\u00e9sz\u00edtm\u00e9nyek tanulm\u00e1nyoz\u00e1s\u00e1ra, tov\u00e1bb\u00e1 szabad boncol\u00e1sra. Ut\u00f3bbi minden esetben a rendelkez\u00e9sre \u00e1ll\u00f3 tetemsz\u00e1mt\u00f3l f\u00fcgg, sajnos sem a mennyis\u00e9get, sem a min\u0151s\u00e9get nem tudjuk garant\u00e1lni! A formalinos \u00e9s csontos k\u00e9sz\u00edtm\u00e9nyek p\u00f3tl\u00e1s\u00e1ra nincs lehet\u0151s\u00e9g\u00fcnk. Ezeken az alkalmakon csak a Tanulm\u00e1nyi oszt\u00e1ly, az Egyetem Biztons\u00e1gi Igazgat\u00f3s\u00e1ga, \u00e9s a Rektor\" \/>\n<meta property=\"og:url\" content=\"https:\/\/univet.hu\/anatomia\/anatomiai-es-szovettani-tanszek\/gyakorlas-2022-nyari-vizsgaidoszak\/\" \/>\n<meta property=\"og:site_name\" content=\"Anat\u00f3miai \u00e9s Sz\u00f6vettani Tansz\u00e9k\" \/>\n<meta property=\"article:modified_time\" content=\"2026-03-10T11:09:17+00:00\" \/>\n<meta name=\"twitter:card\" content=\"summary_large_image\" \/>\n<meta name=\"twitter:label1\" content=\"Becs\u00fclt olvas\u00e1si id\u0151\" \/>\n\t<meta name=\"twitter:data1\" content=\"1 perc\" \/>\n<script type=\"application\/ld+json\" class=\"yoast-schema-graph\">{\"@context\":\"https:\/\/schema.org\",\"@graph\":[{\"@type\":\"WebPage\",\"@id\":\"https:\/\/univet.hu\/anatomia\/anatomiai-es-szovettani-tanszek\/gyakorlas-2022-nyari-vizsgaidoszak\/\",\"url\":\"https:\/\/univet.hu\/anatomia\/anatomiai-es-szovettani-tanszek\/gyakorlas-2022-nyari-vizsgaidoszak\/\",\"name\":\"Konzult\u00e1ci\u00f3 - Anat\u00f3miai \u00e9s Sz\u00f6vettani Tansz\u00e9k\",\"isPartOf\":{\"@id\":\"https:\/\/univet.hu\/anatomia\/en\/#website\"},\"datePublished\":\"2020-07-15T20:31:40+00:00\",\"dateModified\":\"2026-03-10T11:09:17+00:00\",\"breadcrumb\":{\"@id\":\"https:\/\/univet.hu\/anatomia\/anatomiai-es-szovettani-tanszek\/gyakorlas-2022-nyari-vizsgaidoszak\/#breadcrumb\"},\"inLanguage\":\"hu\",\"potentialAction\":[{\"@type\":\"ReadAction\",\"target\":[\"https:\/\/univet.hu\/anatomia\/anatomiai-es-szovettani-tanszek\/gyakorlas-2022-nyari-vizsgaidoszak\/\"]}]},{\"@type\":\"BreadcrumbList\",\"@id\":\"https:\/\/univet.hu\/anatomia\/anatomiai-es-szovettani-tanszek\/gyakorlas-2022-nyari-vizsgaidoszak\/#breadcrumb\",\"itemListElement\":[{\"@type\":\"ListItem\",\"position\":1,\"name\":\"Kezd\u0151lap\",\"item\":\"https:\/\/univet.hu\/anatomia\/\"},{\"@type\":\"ListItem\",\"position\":2,\"name\":\"Anat\u00f3miai \u00e9s Sz\u00f6vettani Tansz\u00e9k\",\"item\":\"https:\/\/univet.hu\/anatomia\/\"},{\"@type\":\"ListItem\",\"position\":3,\"name\":\"Konzult\u00e1ci\u00f3\"}]},{\"@type\":\"WebSite\",\"@id\":\"https:\/\/univet.hu\/anatomia\/en\/#website\",\"url\":\"https:\/\/univet.hu\/anatomia\/en\/\",\"name\":\"Anat\u00f3miai \u00e9s Sz\u00f6vettani Tansz\u00e9k\",\"description\":\"\",\"potentialAction\":[{\"@type\":\"SearchAction\",\"target\":{\"@type\":\"EntryPoint\",\"urlTemplate\":\"https:\/\/univet.hu\/anatomia\/en\/?s={search_term_string}\"},\"query-input\":{\"@type\":\"PropertyValueSpecification\",\"valueRequired\":true,\"valueName\":\"search_term_string\"}}],\"inLanguage\":\"hu\"}]}<\/script>\n<!-- \/ Yoast SEO plugin. -->","yoast_head_json":{"title":"Konzult\u00e1ci\u00f3 - Anat\u00f3miai \u00e9s Sz\u00f6vettani Tansz\u00e9k","robots":{"index":"index","follow":"follow","max-snippet":"max-snippet:-1","max-image-preview":"max-image-preview:large","max-video-preview":"max-video-preview:-1"},"canonical":"https:\/\/univet.hu\/anatomia\/anatomiai-es-szovettani-tanszek\/gyakorlas-2022-nyari-vizsgaidoszak\/","og_locale":"hu_HU","og_type":"article","og_title":"Konzult\u00e1ci\u00f3 - Anat\u00f3miai \u00e9s Sz\u00f6vettani Tansz\u00e9k","og_description":"KONZULT\u00c1CI\u00d3\u00a0(friss\u00edtve: 25.11.10) Tansz\u00e9k\u00fcnk lehet\u0151s\u00e9get biztos\u00edt\u00a0 a csontok \u00e9s a formalinos k\u00e9sz\u00edtm\u00e9nyek tanulm\u00e1nyoz\u00e1s\u00e1ra, tov\u00e1bb\u00e1 szabad boncol\u00e1sra. Ut\u00f3bbi minden esetben a rendelkez\u00e9sre \u00e1ll\u00f3 tetemsz\u00e1mt\u00f3l f\u00fcgg, sajnos sem a mennyis\u00e9get, sem a min\u0151s\u00e9get nem tudjuk garant\u00e1lni! A formalinos \u00e9s csontos k\u00e9sz\u00edtm\u00e9nyek p\u00f3tl\u00e1s\u00e1ra nincs lehet\u0151s\u00e9g\u00fcnk. Ezeken az alkalmakon csak a Tanulm\u00e1nyi oszt\u00e1ly, az Egyetem Biztons\u00e1gi Igazgat\u00f3s\u00e1ga, \u00e9s a Rektor","og_url":"https:\/\/univet.hu\/anatomia\/anatomiai-es-szovettani-tanszek\/gyakorlas-2022-nyari-vizsgaidoszak\/","og_site_name":"Anat\u00f3miai \u00e9s Sz\u00f6vettani Tansz\u00e9k","article_modified_time":"2026-03-10T11:09:17+00:00","twitter_card":"summary_large_image","twitter_misc":{"Becs\u00fclt olvas\u00e1si id\u0151":"1 perc"},"schema":{"@context":"https:\/\/schema.org","@graph":[{"@type":"WebPage","@id":"https:\/\/univet.hu\/anatomia\/anatomiai-es-szovettani-tanszek\/gyakorlas-2022-nyari-vizsgaidoszak\/","url":"https:\/\/univet.hu\/anatomia\/anatomiai-es-szovettani-tanszek\/gyakorlas-2022-nyari-vizsgaidoszak\/","name":"Konzult\u00e1ci\u00f3 - Anat\u00f3miai \u00e9s Sz\u00f6vettani Tansz\u00e9k","isPartOf":{"@id":"https:\/\/univet.hu\/anatomia\/en\/#website"},"datePublished":"2020-07-15T20:31:40+00:00","dateModified":"2026-03-10T11:09:17+00:00","breadcrumb":{"@id":"https:\/\/univet.hu\/anatomia\/anatomiai-es-szovettani-tanszek\/gyakorlas-2022-nyari-vizsgaidoszak\/#breadcrumb"},"inLanguage":"hu","potentialAction":[{"@type":"ReadAction","target":["https:\/\/univet.hu\/anatomia\/anatomiai-es-szovettani-tanszek\/gyakorlas-2022-nyari-vizsgaidoszak\/"]}]},{"@type":"BreadcrumbList","@id":"https:\/\/univet.hu\/anatomia\/anatomiai-es-szovettani-tanszek\/gyakorlas-2022-nyari-vizsgaidoszak\/#breadcrumb","itemListElement":[{"@type":"ListItem","position":1,"name":"Kezd\u0151lap","item":"https:\/\/univet.hu\/anatomia\/"},{"@type":"ListItem","position":2,"name":"Anat\u00f3miai \u00e9s Sz\u00f6vettani Tansz\u00e9k","item":"https:\/\/univet.hu\/anatomia\/"},{"@type":"ListItem","position":3,"name":"Konzult\u00e1ci\u00f3"}]},{"@type":"WebSite","@id":"https:\/\/univet.hu\/anatomia\/en\/#website","url":"https:\/\/univet.hu\/anatomia\/en\/","name":"Anat\u00f3miai \u00e9s Sz\u00f6vettani Tansz\u00e9k","description":"","potentialAction":[{"@type":"SearchAction","target":{"@type":"EntryPoint","urlTemplate":"https:\/\/univet.hu\/anatomia\/en\/?s={search_term_string}"},"query-input":{"@type":"PropertyValueSpecification","valueRequired":true,"valueName":"search_term_string"}}],"inLanguage":"hu"}]}},"_links":{"self":[{"href":"https:\/\/univet.hu\/anatomia\/wp-json\/wp\/v2\/pages\/56273","targetHints":{"allow":["GET"]}}],"collection":[{"href":"https:\/\/univet.hu\/anatomia\/wp-json\/wp\/v2\/pages"}],"about":[{"href":"https:\/\/univet.hu\/anatomia\/wp-json\/wp\/v2\/types\/page"}],"author":[{"embeddable":true,"href":"https:\/\/univet.hu\/anatomia\/wp-json\/wp\/v2\/users\/3837"}],"replies":[{"embeddable":true,"href":"https:\/\/univet.hu\/anatomia\/wp-json\/wp\/v2\/comments?post=56273"}],"version-history":[{"count":8,"href":"https:\/\/univet.hu\/anatomia\/wp-json\/wp\/v2\/pages\/56273\/revisions"}],"predecessor-version":[{"id":134324,"href":"https:\/\/univet.hu\/anatomia\/wp-json\/wp\/v2\/pages\/56273\/revisions\/134324"}],"up":[{"embeddable":true,"href":"https:\/\/univet.hu\/anatomia\/wp-json\/wp\/v2\/pages\/3301"}],"wp:attachment":[{"href":"https:\/\/univet.hu\/anatomia\/wp-json\/wp\/v2\/media?parent=56273"}],"wp:term":[{"taxonomy":"category","embeddable":true,"href":"https:\/\/univet.hu\/anatomia\/wp-json\/wp\/v2\/categories?post=56273"},{"taxonomy":"post_tag","embeddable":true,"href":"https:\/\/univet.hu\/anatomia\/wp-json\/wp\/v2\/tags?post=56273"}],"curies":[{"name":"wp","href":"https:\/\/api.w.org\/{rel}","templated":true}]}}