{"id":63019,"date":"2021-03-04T14:49:20","date_gmt":"2021-03-04T13:49:20","guid":{"rendered":"https:\/\/univet.hu\/?page_id=63019"},"modified":"2025-01-13T21:02:36","modified_gmt":"2025-01-13T20:02:36","slug":"covid-szabalyok-2021","status":"publish","type":"page","link":"https:\/\/univet.hu\/anatomia\/anatomiai-es-szovettani-tanszek\/tanszeki-tajekoztato\/covid-szabalyok-2021\/","title":{"rendered":"COVID szab\u00e1lyok 2021"},"content":{"rendered":"<p><strong>Rektor \u00dar 2021. m\u00e1rcius 4-\u00e9n hozott utas\u00edt\u00e1sa \u00e9rtelm\u00e9ben, illetve annak k\u00f6vetkezm\u00e9nyek\u00e9nt a 2020\/2021-es tan\u00e9v tavaszi szemeszter\u00e9t \u00e9rint\u0151 v\u00e1ltoz\u00e1sok:<\/strong><\/p> <p>(eredeti publik\u00e1lva: 2021. m\u00e1rcius 4.)<\/p> <p>(Friss\u00edt\u00e9s 2021.04.15, a visszaz\u00e1r\u00e1ssal kapcsolatos inform\u00e1ci\u00f3k)<\/p> <p>(2021.05.14 &#8211; id\u0151keret n\u00f6vel\u00e9se 3.3 \u00e9s 4.3 pontokban)<\/p> <ol> <li><strong>Valamennyi Anat\u00f3mi\u00e1val kapcsolatos vizsga \u00e9s \u00f3ra online ker\u00fcl megtart\u00e1sra.\u00a0<\/strong><\/li> <li>Az elm\u00e9leti vizsg\u00e1k: az \u00edr\u00e1sbelik \u00e9s a szigorlat beugr\u00f3 r\u00e9sze Neptun-Unipollban, a sz\u00f3beli szigorlat MS-TEAMS-ben.<\/li> <li><strong>Anat\u00f3mia 1. gyakorlati vizsga<\/strong>: ONLINE pin-teszt. <ol> <li>) 1. oldal: 10 csontk\u00e9plet; 2. oldal: 10 A1 formalin+koponyak\u00e9plet; 3. oldal: 10 strukt\u00fara, ered\u00e9s, tapad\u00e1s, funkci\u00f3 friss prepar\u00e1lt tetemen, 4. oldal: 10 izom megnevez\u00e9s friss, prepar\u00e1lt tetemen.<\/li> <li>) \u00c1llatfajt, oldalis\u00e1got is fogunk k\u00e9rdezni a csontokon.<\/li> <li>) 24 perc<\/li> <li>) Valamennyi k\u00e9rd\u00e9s AKT\u00cdV v\u00e1laszos.<\/li> <li><strong>) Az oldalak k\u00f6z\u00f6tt NEM lehet visszal\u00e9pni!<\/strong><\/li> <li>) Az els\u0151 k\u00e9t els\u0151 oldalon \u00f6sszesen \u00e9s a harmadik-negyedik oldalon \u00f6sszesen l\u00e9v\u0151 20-20 k\u00e9rd\u00e9sb\u0151l k\u00fcl\u00f6n-k\u00fcl\u00f6n kell minimum 11-11 pontot el\u00e9rni a megfelelthez, \u00f6sszesen 36 pontot a kiv\u00e1l\u00f3an megfelelthez.<\/li> <\/ol> <\/li> <li><strong>Anat\u00f3mia 2. gyakorlati vizsga<\/strong>: ONLINE pin-teszt, nincs manu\u00e1lis r\u00e9sz. <ol> <li>) 1. oldal: 10 csont+koponyak\u00e9plet; 2. oldal: 10 A2 formalink\u00e9plet; 3. oldal: 10 zsigertani k\u00e9plet friss, prepar\u00e1lt tetemen, 4. oldal: 10 \u00e9rtani k\u00e9plet friss, prepar\u00e1lt tetemen<\/li> <li>) \u00c1llatfajt, oldalis\u00e1got is fogunk k\u00e9rdezni a csontokon \u00e9s a formalinos szerveken; izomered\u00e9st, tapad\u00e1st, az izmokon (pl. larynx), szalagokon, ell\u00e1t\u00e1si r\u00e9gi\u00f3t az ereken.<\/li> <li>) 24 perc<\/li> <li>) Valamennyi k\u00e9rd\u00e9s AKT\u00cdV v\u00e1laszos.<\/li> <li><strong>) Az oldalak k\u00f6z\u00f6tt NEM lehet visszal\u00e9pni!<\/strong><\/li> <li>) Az els\u0151 k\u00e9t els\u0151 oldalon \u00f6sszesen \u00e9s a harmadik-negyedik oldalon \u00f6sszesen l\u00e9v\u0151 20-20 k\u00e9rd\u00e9sb\u0151l k\u00fcl\u00f6n-k\u00fcl\u00f6n kell minimum 12-12 pontot el\u00e9rni a megfelelthez, \u00f6sszesen 36 pontot a kiv\u00e1l\u00f3an megfelelthez.<\/li> <\/ol> <\/li> <li>Gyakorl\u00f3 vizsga el\u00e9rhet\u0151 lesz az Unipollban legk\u00e9s\u0151bb \u00e1prilis 23-t\u00f3l.<\/li> <li><strong>Anat\u00f3mia 3\u00a0gyakorlati szigorlat<\/strong>: <ol> <li>A m\u00e1jus-j\u00faniusi vizsgaid\u0151szakban a hallgat\u00f3k a gyakorlati vizsga teljes\u00edt\u00e9se n\u00e9lk\u00fcl le\u00fclhetnek az elm\u00e9leti r\u00e9szre.<\/li> <li>Azok sz\u00e1m\u00e1ra, akinek megvan az elm\u00e9let, augusztus v\u00e9g\u00e9n \u00e9s szeptemberben gyakorlati szigorlati id\u0151pontokat hirdet\u00fcnk.<\/li> <li>Augusztusban boncgyakorl\u00e1si lehet\u0151s\u00e9get biztos\u00edtunk.<\/li> <\/ol> <\/li> <li>T\u00e1janat\u00f3mia gyakorlati vizsga elmarad.<\/li> <li>T\u00e1janat\u00f3mia elm\u00e9leti id\u0151pontokat szeptemberben is el\u00e9rhet\u0151ek lesznek, kiz\u00e1r\u00f3lag azoknak, akik a gyakorlati szigorlatot akkor teszik le!<\/li> <li>A mad\u00e1ranat\u00f3mia gyakorlati boncol\u00e1s elmarad.<\/li> <\/ol> <p><strong>Megjegyz\u00e9s<\/strong>: a szeptemberi vizsgaid\u0151szakban (szept. 6-17) kiz\u00e1r\u00f3lag gyakorlati vizsg\u00e1k \u00e9s az ezek hi\u00e1nya miatt j\u00faniusban nem teljes\u00edthet\u0151 T\u00e1janat\u00f3mia elm\u00e9leti vizsg\u00e1k let\u00e9tel\u00e9re lesz lehet\u0151s\u00e9g! A1-2-3 elm\u00e9leti vizsga \u00e9s t\u00e1janat\u00f3mia p\u00f3tvizsga nem lesz!<\/p> <p>Ezek a szab\u00e1lyok az esetleges orsz\u00e1gos v\u00e1ltoz\u00e1sokat \u00e9s rektori int\u00e9zked\u00e9seket k\u00f6vetve m\u00f3dosulhatnak, err\u0151l mindig a lehet\u0151 legr\u00f6videbb id\u0151n bel\u00fcl, az \u00e9vfolyamk\u00e9pvisel\u0151k\u00f6n \u00e9s a honlapon kereszt\u00fcl t\u00e1j\u00e9koztatjuk az \u00e9rintett hallgat\u00f3kat.<\/p> <p><img loading=\"lazy\" decoding=\"async\" class=\"alignnone wp-image-65255\" src=\"https:\/\/univet.hu\/anatomia\/wp-content\/uploads\/sites\/4\/2021\/06\/Dr-Szalay-online-ora-320x175.jpg\" alt=\"\" width=\"1200\" height=\"656\" \/><\/p> <div>Online anat\u00f3mia el\u0151ad\u00e1s a covid id\u0151szak alatt. Az el\u0151ad\u00f3 m\u00f6g\u00f6tt t\u00e1bla rajzokkal, az el\u0151ad\u00e1st kamera k\u00f6zvet\u00edti \u00e9l\u0151ben.<\/div> <div>Copyright &#8211; Photo by Lili Nagy<\/div>","protected":false},"excerpt":{"rendered":"<p>Rektor \u00dar 2021. m\u00e1rcius 4-\u00e9n hozott utas\u00edt\u00e1sa \u00e9rtelm\u00e9ben, illetve annak k\u00f6vetkezm\u00e9nyek\u00e9nt a 2020\/2021-es tan\u00e9v tavaszi szemeszter\u00e9t \u00e9rint\u0151 v\u00e1ltoz\u00e1sok: (eredeti publik\u00e1lva: 2021. m\u00e1rcius 4.) (Friss\u00edt\u00e9s 2021.04.15, a visszaz\u00e1r\u00e1ssal kapcsolatos inform\u00e1ci\u00f3k) (2021.05.14 &#8211; id\u0151keret n\u00f6vel\u00e9se 3.3 \u00e9s 4.3 pontokban) Valamennyi Anat\u00f3mi\u00e1val kapcsolatos vizsga \u00e9s \u00f3ra online ker\u00fcl megtart\u00e1sra.\u00a0 Az elm\u00e9leti vizsg\u00e1k: az \u00edr\u00e1sbelik \u00e9s a szigorlat beugr\u00f3<\/p>\n","protected":false},"author":3837,"featured_media":0,"parent":16107,"menu_order":0,"comment_status":"closed","ping_status":"closed","template":"","meta":{"_acf_changed":false,"footnotes":""},"categories":[],"tags":[],"class_list":["post-63019","page","type-page","status-publish","hentry"],"acf":[],"yoast_head":"<!-- This site is optimized with the Yoast SEO plugin v27.2 - https:\/\/yoast.com\/product\/yoast-seo-wordpress\/ -->\n<title>COVID szab\u00e1lyok 2021 - Anat\u00f3miai \u00e9s Sz\u00f6vettani Tansz\u00e9k<\/title>\n<meta name=\"robots\" content=\"index, follow, max-snippet:-1, max-image-preview:large, max-video-preview:-1\" \/>\n<link rel=\"canonical\" href=\"https:\/\/univet.hu\/anatomia\/anatomiai-es-szovettani-tanszek\/tanszeki-tajekoztato\/covid-szabalyok-2021\/\" \/>\n<meta property=\"og:locale\" content=\"hu_HU\" \/>\n<meta property=\"og:type\" content=\"article\" \/>\n<meta property=\"og:title\" content=\"COVID szab\u00e1lyok 2021 - Anat\u00f3miai \u00e9s Sz\u00f6vettani Tansz\u00e9k\" \/>\n<meta property=\"og:description\" content=\"Rektor \u00dar 2021. m\u00e1rcius 4-\u00e9n hozott utas\u00edt\u00e1sa \u00e9rtelm\u00e9ben, illetve annak k\u00f6vetkezm\u00e9nyek\u00e9nt a 2020\/2021-es tan\u00e9v tavaszi szemeszter\u00e9t \u00e9rint\u0151 v\u00e1ltoz\u00e1sok: (eredeti publik\u00e1lva: 2021. m\u00e1rcius 4.) (Friss\u00edt\u00e9s 2021.04.15, a visszaz\u00e1r\u00e1ssal kapcsolatos inform\u00e1ci\u00f3k) (2021.05.14 &#8211; id\u0151keret n\u00f6vel\u00e9se 3.3 \u00e9s 4.3 pontokban) Valamennyi Anat\u00f3mi\u00e1val kapcsolatos vizsga \u00e9s \u00f3ra online ker\u00fcl megtart\u00e1sra.\u00a0 Az elm\u00e9leti vizsg\u00e1k: az \u00edr\u00e1sbelik \u00e9s a szigorlat beugr\u00f3\" \/>\n<meta property=\"og:url\" content=\"https:\/\/univet.hu\/anatomia\/anatomiai-es-szovettani-tanszek\/tanszeki-tajekoztato\/covid-szabalyok-2021\/\" \/>\n<meta property=\"og:site_name\" content=\"Anat\u00f3miai \u00e9s Sz\u00f6vettani Tansz\u00e9k\" \/>\n<meta property=\"article:modified_time\" content=\"2025-01-13T20:02:36+00:00\" \/>\n<meta property=\"og:image\" content=\"https:\/\/univet.hu\/anatomia\/wp-content\/uploads\/sites\/4\/2021\/06\/Dr-Szalay-online-ora-320x175.jpg\" \/>\n<meta name=\"twitter:card\" content=\"summary_large_image\" \/>\n<meta name=\"twitter:label1\" content=\"Becs\u00fclt olvas\u00e1si id\u0151\" \/>\n\t<meta name=\"twitter:data1\" content=\"3 perc\" \/>\n<script type=\"application\/ld+json\" class=\"yoast-schema-graph\">{\"@context\":\"https:\/\/schema.org\",\"@graph\":[{\"@type\":\"WebPage\",\"@id\":\"https:\/\/univet.hu\/anatomia\/anatomiai-es-szovettani-tanszek\/tanszeki-tajekoztato\/covid-szabalyok-2021\/\",\"url\":\"https:\/\/univet.hu\/anatomia\/anatomiai-es-szovettani-tanszek\/tanszeki-tajekoztato\/covid-szabalyok-2021\/\",\"name\":\"COVID szab\u00e1lyok 2021 - Anat\u00f3miai \u00e9s Sz\u00f6vettani Tansz\u00e9k\",\"isPartOf\":{\"@id\":\"https:\/\/univet.hu\/anatomia\/en\/#website\"},\"primaryImageOfPage\":{\"@id\":\"https:\/\/univet.hu\/anatomia\/anatomiai-es-szovettani-tanszek\/tanszeki-tajekoztato\/covid-szabalyok-2021\/#primaryimage\"},\"image\":{\"@id\":\"https:\/\/univet.hu\/anatomia\/anatomiai-es-szovettani-tanszek\/tanszeki-tajekoztato\/covid-szabalyok-2021\/#primaryimage\"},\"thumbnailUrl\":\"https:\/\/univet.hu\/anatomia\/wp-content\/uploads\/sites\/4\/2021\/06\/Dr-Szalay-online-ora-320x175.jpg\",\"datePublished\":\"2021-03-04T13:49:20+00:00\",\"dateModified\":\"2025-01-13T20:02:36+00:00\",\"breadcrumb\":{\"@id\":\"https:\/\/univet.hu\/anatomia\/anatomiai-es-szovettani-tanszek\/tanszeki-tajekoztato\/covid-szabalyok-2021\/#breadcrumb\"},\"inLanguage\":\"hu\",\"potentialAction\":[{\"@type\":\"ReadAction\",\"target\":[\"https:\/\/univet.hu\/anatomia\/anatomiai-es-szovettani-tanszek\/tanszeki-tajekoztato\/covid-szabalyok-2021\/\"]}]},{\"@type\":\"ImageObject\",\"inLanguage\":\"hu\",\"@id\":\"https:\/\/univet.hu\/anatomia\/anatomiai-es-szovettani-tanszek\/tanszeki-tajekoztato\/covid-szabalyok-2021\/#primaryimage\",\"url\":\"https:\/\/univet.hu\/anatomia\/wp-content\/uploads\/sites\/4\/2021\/06\/Dr-Szalay-online-ora-scaled.jpg\",\"contentUrl\":\"https:\/\/univet.hu\/anatomia\/wp-content\/uploads\/sites\/4\/2021\/06\/Dr-Szalay-online-ora-scaled.jpg\",\"width\":2560,\"height\":1400},{\"@type\":\"BreadcrumbList\",\"@id\":\"https:\/\/univet.hu\/anatomia\/anatomiai-es-szovettani-tanszek\/tanszeki-tajekoztato\/covid-szabalyok-2021\/#breadcrumb\",\"itemListElement\":[{\"@type\":\"ListItem\",\"position\":1,\"name\":\"Kezd\u0151lap\",\"item\":\"https:\/\/univet.hu\/anatomia\/\"},{\"@type\":\"ListItem\",\"position\":2,\"name\":\"Anat\u00f3miai \u00e9s Sz\u00f6vettani Tansz\u00e9k\",\"item\":\"https:\/\/univet.hu\/anatomia\/\"},{\"@type\":\"ListItem\",\"position\":3,\"name\":\"Tansz\u00e9ki t\u00e1j\u00e9koztat\u00f3\",\"item\":\"https:\/\/univet.hu\/anatomia\/anatomiai-es-szovettani-tanszek\/tanszeki-tajekoztato\/\"},{\"@type\":\"ListItem\",\"position\":4,\"name\":\"COVID szab\u00e1lyok 2021\"}]},{\"@type\":\"WebSite\",\"@id\":\"https:\/\/univet.hu\/anatomia\/en\/#website\",\"url\":\"https:\/\/univet.hu\/anatomia\/en\/\",\"name\":\"Anat\u00f3miai \u00e9s Sz\u00f6vettani Tansz\u00e9k\",\"description\":\"\",\"potentialAction\":[{\"@type\":\"SearchAction\",\"target\":{\"@type\":\"EntryPoint\",\"urlTemplate\":\"https:\/\/univet.hu\/anatomia\/en\/?s={search_term_string}\"},\"query-input\":{\"@type\":\"PropertyValueSpecification\",\"valueRequired\":true,\"valueName\":\"search_term_string\"}}],\"inLanguage\":\"hu\"}]}<\/script>\n<!-- \/ Yoast SEO plugin. -->","yoast_head_json":{"title":"COVID szab\u00e1lyok 2021 - Anat\u00f3miai \u00e9s Sz\u00f6vettani Tansz\u00e9k","robots":{"index":"index","follow":"follow","max-snippet":"max-snippet:-1","max-image-preview":"max-image-preview:large","max-video-preview":"max-video-preview:-1"},"canonical":"https:\/\/univet.hu\/anatomia\/anatomiai-es-szovettani-tanszek\/tanszeki-tajekoztato\/covid-szabalyok-2021\/","og_locale":"hu_HU","og_type":"article","og_title":"COVID szab\u00e1lyok 2021 - Anat\u00f3miai \u00e9s Sz\u00f6vettani Tansz\u00e9k","og_description":"Rektor \u00dar 2021. m\u00e1rcius 4-\u00e9n hozott utas\u00edt\u00e1sa \u00e9rtelm\u00e9ben, illetve annak k\u00f6vetkezm\u00e9nyek\u00e9nt a 2020\/2021-es tan\u00e9v tavaszi szemeszter\u00e9t \u00e9rint\u0151 v\u00e1ltoz\u00e1sok: (eredeti publik\u00e1lva: 2021. m\u00e1rcius 4.) (Friss\u00edt\u00e9s 2021.04.15, a visszaz\u00e1r\u00e1ssal kapcsolatos inform\u00e1ci\u00f3k) (2021.05.14 &#8211; id\u0151keret n\u00f6vel\u00e9se 3.3 \u00e9s 4.3 pontokban) Valamennyi Anat\u00f3mi\u00e1val kapcsolatos vizsga \u00e9s \u00f3ra online ker\u00fcl megtart\u00e1sra.\u00a0 Az elm\u00e9leti vizsg\u00e1k: az \u00edr\u00e1sbelik \u00e9s a szigorlat beugr\u00f3","og_url":"https:\/\/univet.hu\/anatomia\/anatomiai-es-szovettani-tanszek\/tanszeki-tajekoztato\/covid-szabalyok-2021\/","og_site_name":"Anat\u00f3miai \u00e9s Sz\u00f6vettani Tansz\u00e9k","article_modified_time":"2025-01-13T20:02:36+00:00","og_image":[{"url":"https:\/\/univet.hu\/anatomia\/wp-content\/uploads\/sites\/4\/2021\/06\/Dr-Szalay-online-ora-320x175.jpg","type":"","width":"","height":""}],"twitter_card":"summary_large_image","twitter_misc":{"Becs\u00fclt olvas\u00e1si id\u0151":"3 perc"},"schema":{"@context":"https:\/\/schema.org","@graph":[{"@type":"WebPage","@id":"https:\/\/univet.hu\/anatomia\/anatomiai-es-szovettani-tanszek\/tanszeki-tajekoztato\/covid-szabalyok-2021\/","url":"https:\/\/univet.hu\/anatomia\/anatomiai-es-szovettani-tanszek\/tanszeki-tajekoztato\/covid-szabalyok-2021\/","name":"COVID szab\u00e1lyok 2021 - Anat\u00f3miai \u00e9s Sz\u00f6vettani Tansz\u00e9k","isPartOf":{"@id":"https:\/\/univet.hu\/anatomia\/en\/#website"},"primaryImageOfPage":{"@id":"https:\/\/univet.hu\/anatomia\/anatomiai-es-szovettani-tanszek\/tanszeki-tajekoztato\/covid-szabalyok-2021\/#primaryimage"},"image":{"@id":"https:\/\/univet.hu\/anatomia\/anatomiai-es-szovettani-tanszek\/tanszeki-tajekoztato\/covid-szabalyok-2021\/#primaryimage"},"thumbnailUrl":"https:\/\/univet.hu\/anatomia\/wp-content\/uploads\/sites\/4\/2021\/06\/Dr-Szalay-online-ora-320x175.jpg","datePublished":"2021-03-04T13:49:20+00:00","dateModified":"2025-01-13T20:02:36+00:00","breadcrumb":{"@id":"https:\/\/univet.hu\/anatomia\/anatomiai-es-szovettani-tanszek\/tanszeki-tajekoztato\/covid-szabalyok-2021\/#breadcrumb"},"inLanguage":"hu","potentialAction":[{"@type":"ReadAction","target":["https:\/\/univet.hu\/anatomia\/anatomiai-es-szovettani-tanszek\/tanszeki-tajekoztato\/covid-szabalyok-2021\/"]}]},{"@type":"ImageObject","inLanguage":"hu","@id":"https:\/\/univet.hu\/anatomia\/anatomiai-es-szovettani-tanszek\/tanszeki-tajekoztato\/covid-szabalyok-2021\/#primaryimage","url":"https:\/\/univet.hu\/anatomia\/wp-content\/uploads\/sites\/4\/2021\/06\/Dr-Szalay-online-ora-scaled.jpg","contentUrl":"https:\/\/univet.hu\/anatomia\/wp-content\/uploads\/sites\/4\/2021\/06\/Dr-Szalay-online-ora-scaled.jpg","width":2560,"height":1400},{"@type":"BreadcrumbList","@id":"https:\/\/univet.hu\/anatomia\/anatomiai-es-szovettani-tanszek\/tanszeki-tajekoztato\/covid-szabalyok-2021\/#breadcrumb","itemListElement":[{"@type":"ListItem","position":1,"name":"Kezd\u0151lap","item":"https:\/\/univet.hu\/anatomia\/"},{"@type":"ListItem","position":2,"name":"Anat\u00f3miai \u00e9s Sz\u00f6vettani Tansz\u00e9k","item":"https:\/\/univet.hu\/anatomia\/"},{"@type":"ListItem","position":3,"name":"Tansz\u00e9ki t\u00e1j\u00e9koztat\u00f3","item":"https:\/\/univet.hu\/anatomia\/anatomiai-es-szovettani-tanszek\/tanszeki-tajekoztato\/"},{"@type":"ListItem","position":4,"name":"COVID szab\u00e1lyok 2021"}]},{"@type":"WebSite","@id":"https:\/\/univet.hu\/anatomia\/en\/#website","url":"https:\/\/univet.hu\/anatomia\/en\/","name":"Anat\u00f3miai \u00e9s Sz\u00f6vettani Tansz\u00e9k","description":"","potentialAction":[{"@type":"SearchAction","target":{"@type":"EntryPoint","urlTemplate":"https:\/\/univet.hu\/anatomia\/en\/?s={search_term_string}"},"query-input":{"@type":"PropertyValueSpecification","valueRequired":true,"valueName":"search_term_string"}}],"inLanguage":"hu"}]}},"_links":{"self":[{"href":"https:\/\/univet.hu\/anatomia\/wp-json\/wp\/v2\/pages\/63019","targetHints":{"allow":["GET"]}}],"collection":[{"href":"https:\/\/univet.hu\/anatomia\/wp-json\/wp\/v2\/pages"}],"about":[{"href":"https:\/\/univet.hu\/anatomia\/wp-json\/wp\/v2\/types\/page"}],"author":[{"embeddable":true,"href":"https:\/\/univet.hu\/anatomia\/wp-json\/wp\/v2\/users\/3837"}],"replies":[{"embeddable":true,"href":"https:\/\/univet.hu\/anatomia\/wp-json\/wp\/v2\/comments?post=63019"}],"version-history":[{"count":1,"href":"https:\/\/univet.hu\/anatomia\/wp-json\/wp\/v2\/pages\/63019\/revisions"}],"predecessor-version":[{"id":134009,"href":"https:\/\/univet.hu\/anatomia\/wp-json\/wp\/v2\/pages\/63019\/revisions\/134009"}],"up":[{"embeddable":true,"href":"https:\/\/univet.hu\/anatomia\/wp-json\/wp\/v2\/pages\/16107"}],"wp:attachment":[{"href":"https:\/\/univet.hu\/anatomia\/wp-json\/wp\/v2\/media?parent=63019"}],"wp:term":[{"taxonomy":"category","embeddable":true,"href":"https:\/\/univet.hu\/anatomia\/wp-json\/wp\/v2\/categories?post=63019"},{"taxonomy":"post_tag","embeddable":true,"href":"https:\/\/univet.hu\/anatomia\/wp-json\/wp\/v2\/tags?post=63019"}],"curies":[{"name":"wp","href":"https:\/\/api.w.org\/{rel}","templated":true}]}}