{"id":78108,"date":"2022-09-05T13:39:17","date_gmt":"2022-09-05T11:39:17","guid":{"rendered":"https:\/\/univet.hu\/?page_id=78108"},"modified":"2025-10-07T15:05:58","modified_gmt":"2025-10-07T13:05:58","slug":"evkozi-beszamolok","status":"publish","type":"page","link":"https:\/\/univet.hu\/anatomia\/anatomiai-es-szovettani-tanszek\/evkozi-beszamolok\/","title":{"rendered":"\u00c9vk\u00f6zi besz\u00e1mol\u00f3k"},"content":{"rendered":"<p>A besz\u00e1mol\u00f3kra vonatkoz\u00f3 r\u00e9szletes szab\u00e1lyok a <a href=\"https:\/\/univet.hu\/hu\/egyetem\/szervezeti-egysegek\/anatomiai-es-szovettani-tanszek\/tanszeki-tajekoztato\/\" target=\"_blank\" rel=\"noopener\">Tansz\u00e9ki T\u00e1j\u00e9koztat\u00f3<\/a> 3. pontj\u00e1ban tal\u00e1lhat\u00f3ak.<\/p> <p>A 2025\/2026-es tan\u00e9v I. f\u00e9l\u00e9v\u00e9ben:<\/p> <p style=\"padding-left: 40px\"><strong>Elm\u00e9leti besz\u00e1mol\u00f3:<\/strong><\/p> <p style=\"padding-left: 70px\">2025.10.09; &#8211; Aula 16:00-16:30<\/p> <p style=\"padding-left: 40px\"><strong>Gyakorlati besz\u00e1mol\u00f3<\/strong><\/p> <p style=\"padding-left: 70px\">1-2-3. csoport: 2025.10.22 09:45-11:00 (E1 \u00e9p\u00fclet)<\/p> <p style=\"padding-left: 70px\">4. csoport: 2025.10.20 16:45-17:15 (E1 \u00e9p\u00fclet)<\/p> <p style=\"padding-left: 70px\">5-6-7. csoport: 2025.10.20 12:45-14:00 (E1 \u00e9p\u00fclet)<\/p> <p style=\"padding-left: 70px\">8-9-10. csoport: 2025.10.20 12:15-13:30 (E1 \u00e9p\u00fclet)<\/p> <p style=\"padding-left: 70px\"> <p>A 2025\/2026-es tan\u00e9v II. f\u00e9l\u00e9v\u00e9ben:<\/p>","protected":false},"excerpt":{"rendered":"<p>A besz\u00e1mol\u00f3kra vonatkoz\u00f3 r\u00e9szletes szab\u00e1lyok a Tansz\u00e9ki T\u00e1j\u00e9koztat\u00f3 3. pontj\u00e1ban tal\u00e1lhat\u00f3ak. A 2025\/2026-es tan\u00e9v I. f\u00e9l\u00e9v\u00e9ben: Elm\u00e9leti besz\u00e1mol\u00f3: 2025.10.09; &#8211; Aula 16:00-16:30 Gyakorlati besz\u00e1mol\u00f3 1-2-3. csoport: 2025.10.22 09:45-11:00 (E1 \u00e9p\u00fclet) 4. csoport: 2025.10.20 16:45-17:15 (E1 \u00e9p\u00fclet) 5-6-7. csoport: 2025.10.20 12:45-14:00 (E1 \u00e9p\u00fclet) 8-9-10. csoport: 2025.10.20 12:15-13:30 (E1 \u00e9p\u00fclet) A 2025\/2026-es tan\u00e9v II. f\u00e9l\u00e9v\u00e9ben:<\/p>\n","protected":false},"author":3837,"featured_media":0,"parent":3301,"menu_order":145,"comment_status":"closed","ping_status":"closed","template":"","meta":{"_acf_changed":false,"footnotes":""},"categories":[],"tags":[],"class_list":["post-78108","page","type-page","status-publish","hentry"],"acf":[],"yoast_head":"<!-- This site is optimized with the Yoast SEO plugin v27.2 - https:\/\/yoast.com\/product\/yoast-seo-wordpress\/ -->\n<title>\u00c9vk\u00f6zi besz\u00e1mol\u00f3k - Anat\u00f3miai \u00e9s Sz\u00f6vettani Tansz\u00e9k<\/title>\n<meta name=\"robots\" content=\"index, follow, max-snippet:-1, max-image-preview:large, max-video-preview:-1\" \/>\n<link rel=\"canonical\" href=\"https:\/\/univet.hu\/anatomia\/anatomiai-es-szovettani-tanszek\/evkozi-beszamolok\/\" \/>\n<meta property=\"og:locale\" content=\"hu_HU\" \/>\n<meta property=\"og:type\" content=\"article\" \/>\n<meta property=\"og:title\" content=\"\u00c9vk\u00f6zi besz\u00e1mol\u00f3k - Anat\u00f3miai \u00e9s Sz\u00f6vettani Tansz\u00e9k\" \/>\n<meta property=\"og:description\" content=\"A besz\u00e1mol\u00f3kra vonatkoz\u00f3 r\u00e9szletes szab\u00e1lyok a Tansz\u00e9ki T\u00e1j\u00e9koztat\u00f3 3. pontj\u00e1ban tal\u00e1lhat\u00f3ak. A 2025\/2026-es tan\u00e9v I. f\u00e9l\u00e9v\u00e9ben: Elm\u00e9leti besz\u00e1mol\u00f3: 2025.10.09; &#8211; Aula 16:00-16:30 Gyakorlati besz\u00e1mol\u00f3 1-2-3. csoport: 2025.10.22 09:45-11:00 (E1 \u00e9p\u00fclet) 4. csoport: 2025.10.20 16:45-17:15 (E1 \u00e9p\u00fclet) 5-6-7. csoport: 2025.10.20 12:45-14:00 (E1 \u00e9p\u00fclet) 8-9-10. csoport: 2025.10.20 12:15-13:30 (E1 \u00e9p\u00fclet) A 2025\/2026-es tan\u00e9v II. f\u00e9l\u00e9v\u00e9ben:\" \/>\n<meta property=\"og:url\" content=\"https:\/\/univet.hu\/anatomia\/anatomiai-es-szovettani-tanszek\/evkozi-beszamolok\/\" \/>\n<meta property=\"og:site_name\" content=\"Anat\u00f3miai \u00e9s Sz\u00f6vettani Tansz\u00e9k\" \/>\n<meta property=\"article:modified_time\" content=\"2025-10-07T13:05:58+00:00\" \/>\n<meta name=\"twitter:card\" content=\"summary_large_image\" \/>\n<meta name=\"twitter:label1\" content=\"Becs\u00fclt olvas\u00e1si id\u0151\" \/>\n\t<meta name=\"twitter:data1\" content=\"1 perc\" \/>\n<script type=\"application\/ld+json\" class=\"yoast-schema-graph\">{\"@context\":\"https:\/\/schema.org\",\"@graph\":[{\"@type\":\"WebPage\",\"@id\":\"https:\/\/univet.hu\/anatomia\/anatomiai-es-szovettani-tanszek\/evkozi-beszamolok\/\",\"url\":\"https:\/\/univet.hu\/anatomia\/anatomiai-es-szovettani-tanszek\/evkozi-beszamolok\/\",\"name\":\"\u00c9vk\u00f6zi besz\u00e1mol\u00f3k - Anat\u00f3miai \u00e9s Sz\u00f6vettani Tansz\u00e9k\",\"isPartOf\":{\"@id\":\"https:\/\/univet.hu\/anatomia\/en\/#website\"},\"datePublished\":\"2022-09-05T11:39:17+00:00\",\"dateModified\":\"2025-10-07T13:05:58+00:00\",\"breadcrumb\":{\"@id\":\"https:\/\/univet.hu\/anatomia\/anatomiai-es-szovettani-tanszek\/evkozi-beszamolok\/#breadcrumb\"},\"inLanguage\":\"hu\",\"potentialAction\":[{\"@type\":\"ReadAction\",\"target\":[\"https:\/\/univet.hu\/anatomia\/anatomiai-es-szovettani-tanszek\/evkozi-beszamolok\/\"]}]},{\"@type\":\"BreadcrumbList\",\"@id\":\"https:\/\/univet.hu\/anatomia\/anatomiai-es-szovettani-tanszek\/evkozi-beszamolok\/#breadcrumb\",\"itemListElement\":[{\"@type\":\"ListItem\",\"position\":1,\"name\":\"Kezd\u0151lap\",\"item\":\"https:\/\/univet.hu\/anatomia\/\"},{\"@type\":\"ListItem\",\"position\":2,\"name\":\"Anat\u00f3miai \u00e9s Sz\u00f6vettani Tansz\u00e9k\",\"item\":\"https:\/\/univet.hu\/anatomia\/\"},{\"@type\":\"ListItem\",\"position\":3,\"name\":\"\u00c9vk\u00f6zi besz\u00e1mol\u00f3k\"}]},{\"@type\":\"WebSite\",\"@id\":\"https:\/\/univet.hu\/anatomia\/en\/#website\",\"url\":\"https:\/\/univet.hu\/anatomia\/en\/\",\"name\":\"Anat\u00f3miai \u00e9s Sz\u00f6vettani Tansz\u00e9k\",\"description\":\"\",\"potentialAction\":[{\"@type\":\"SearchAction\",\"target\":{\"@type\":\"EntryPoint\",\"urlTemplate\":\"https:\/\/univet.hu\/anatomia\/en\/?s={search_term_string}\"},\"query-input\":{\"@type\":\"PropertyValueSpecification\",\"valueRequired\":true,\"valueName\":\"search_term_string\"}}],\"inLanguage\":\"hu\"}]}<\/script>\n<!-- \/ Yoast SEO plugin. -->","yoast_head_json":{"title":"\u00c9vk\u00f6zi besz\u00e1mol\u00f3k - Anat\u00f3miai \u00e9s Sz\u00f6vettani Tansz\u00e9k","robots":{"index":"index","follow":"follow","max-snippet":"max-snippet:-1","max-image-preview":"max-image-preview:large","max-video-preview":"max-video-preview:-1"},"canonical":"https:\/\/univet.hu\/anatomia\/anatomiai-es-szovettani-tanszek\/evkozi-beszamolok\/","og_locale":"hu_HU","og_type":"article","og_title":"\u00c9vk\u00f6zi besz\u00e1mol\u00f3k - Anat\u00f3miai \u00e9s Sz\u00f6vettani Tansz\u00e9k","og_description":"A besz\u00e1mol\u00f3kra vonatkoz\u00f3 r\u00e9szletes szab\u00e1lyok a Tansz\u00e9ki T\u00e1j\u00e9koztat\u00f3 3. pontj\u00e1ban tal\u00e1lhat\u00f3ak. A 2025\/2026-es tan\u00e9v I. f\u00e9l\u00e9v\u00e9ben: Elm\u00e9leti besz\u00e1mol\u00f3: 2025.10.09; &#8211; Aula 16:00-16:30 Gyakorlati besz\u00e1mol\u00f3 1-2-3. csoport: 2025.10.22 09:45-11:00 (E1 \u00e9p\u00fclet) 4. csoport: 2025.10.20 16:45-17:15 (E1 \u00e9p\u00fclet) 5-6-7. csoport: 2025.10.20 12:45-14:00 (E1 \u00e9p\u00fclet) 8-9-10. csoport: 2025.10.20 12:15-13:30 (E1 \u00e9p\u00fclet) A 2025\/2026-es tan\u00e9v II. f\u00e9l\u00e9v\u00e9ben:","og_url":"https:\/\/univet.hu\/anatomia\/anatomiai-es-szovettani-tanszek\/evkozi-beszamolok\/","og_site_name":"Anat\u00f3miai \u00e9s Sz\u00f6vettani Tansz\u00e9k","article_modified_time":"2025-10-07T13:05:58+00:00","twitter_card":"summary_large_image","twitter_misc":{"Becs\u00fclt olvas\u00e1si id\u0151":"1 perc"},"schema":{"@context":"https:\/\/schema.org","@graph":[{"@type":"WebPage","@id":"https:\/\/univet.hu\/anatomia\/anatomiai-es-szovettani-tanszek\/evkozi-beszamolok\/","url":"https:\/\/univet.hu\/anatomia\/anatomiai-es-szovettani-tanszek\/evkozi-beszamolok\/","name":"\u00c9vk\u00f6zi besz\u00e1mol\u00f3k - Anat\u00f3miai \u00e9s Sz\u00f6vettani Tansz\u00e9k","isPartOf":{"@id":"https:\/\/univet.hu\/anatomia\/en\/#website"},"datePublished":"2022-09-05T11:39:17+00:00","dateModified":"2025-10-07T13:05:58+00:00","breadcrumb":{"@id":"https:\/\/univet.hu\/anatomia\/anatomiai-es-szovettani-tanszek\/evkozi-beszamolok\/#breadcrumb"},"inLanguage":"hu","potentialAction":[{"@type":"ReadAction","target":["https:\/\/univet.hu\/anatomia\/anatomiai-es-szovettani-tanszek\/evkozi-beszamolok\/"]}]},{"@type":"BreadcrumbList","@id":"https:\/\/univet.hu\/anatomia\/anatomiai-es-szovettani-tanszek\/evkozi-beszamolok\/#breadcrumb","itemListElement":[{"@type":"ListItem","position":1,"name":"Kezd\u0151lap","item":"https:\/\/univet.hu\/anatomia\/"},{"@type":"ListItem","position":2,"name":"Anat\u00f3miai \u00e9s Sz\u00f6vettani Tansz\u00e9k","item":"https:\/\/univet.hu\/anatomia\/"},{"@type":"ListItem","position":3,"name":"\u00c9vk\u00f6zi besz\u00e1mol\u00f3k"}]},{"@type":"WebSite","@id":"https:\/\/univet.hu\/anatomia\/en\/#website","url":"https:\/\/univet.hu\/anatomia\/en\/","name":"Anat\u00f3miai \u00e9s Sz\u00f6vettani Tansz\u00e9k","description":"","potentialAction":[{"@type":"SearchAction","target":{"@type":"EntryPoint","urlTemplate":"https:\/\/univet.hu\/anatomia\/en\/?s={search_term_string}"},"query-input":{"@type":"PropertyValueSpecification","valueRequired":true,"valueName":"search_term_string"}}],"inLanguage":"hu"}]}},"_links":{"self":[{"href":"https:\/\/univet.hu\/anatomia\/wp-json\/wp\/v2\/pages\/78108","targetHints":{"allow":["GET"]}}],"collection":[{"href":"https:\/\/univet.hu\/anatomia\/wp-json\/wp\/v2\/pages"}],"about":[{"href":"https:\/\/univet.hu\/anatomia\/wp-json\/wp\/v2\/types\/page"}],"author":[{"embeddable":true,"href":"https:\/\/univet.hu\/anatomia\/wp-json\/wp\/v2\/users\/3837"}],"replies":[{"embeddable":true,"href":"https:\/\/univet.hu\/anatomia\/wp-json\/wp\/v2\/comments?post=78108"}],"version-history":[{"count":5,"href":"https:\/\/univet.hu\/anatomia\/wp-json\/wp\/v2\/pages\/78108\/revisions"}],"predecessor-version":[{"id":134302,"href":"https:\/\/univet.hu\/anatomia\/wp-json\/wp\/v2\/pages\/78108\/revisions\/134302"}],"up":[{"embeddable":true,"href":"https:\/\/univet.hu\/anatomia\/wp-json\/wp\/v2\/pages\/3301"}],"wp:attachment":[{"href":"https:\/\/univet.hu\/anatomia\/wp-json\/wp\/v2\/media?parent=78108"}],"wp:term":[{"taxonomy":"category","embeddable":true,"href":"https:\/\/univet.hu\/anatomia\/wp-json\/wp\/v2\/categories?post=78108"},{"taxonomy":"post_tag","embeddable":true,"href":"https:\/\/univet.hu\/anatomia\/wp-json\/wp\/v2\/tags?post=78108"}],"curies":[{"name":"wp","href":"https:\/\/api.w.org\/{rel}","templated":true}]}}