{"id":82102,"date":"2023-01-22T18:43:55","date_gmt":"2023-01-22T17:43:55","guid":{"rendered":"https:\/\/univet.hu\/?page_id=82102"},"modified":"2025-01-13T21:02:38","modified_gmt":"2025-01-13T20:02:38","slug":"szakdolgozat","status":"publish","type":"page","link":"https:\/\/univet.hu\/anatomia\/anatomiai-es-szovettani-tanszek\/szakdolgozat\/","title":{"rendered":"Szakdolgozat\/TDK"},"content":{"rendered":"<p>A Tansz\u00e9k munkat\u00e1rsai &#8211; a hagyom\u00e1nyoknak megfelel\u0151en &#8211; sz\u00e1mos\u00a0 TDK \u00e9s szakdolgoz\u00f3 hallgat\u00f3 munk\u00e1j\u00e1t ir\u00e1ny\u00edtj\u00e1k. Jelenleg (2023) nincs el\u00e9rhet\u0151, szabad szakdolgozat\/TDK kapacit\u00e1sa a koll\u00e9g\u00e1knak, azonban nyitottak vagyunk a hallgat\u00f3i kezdem\u00e9nyez\u00e9sekre. \u00cdgy ha van \u00f6tlete\/elk\u00e9pzel\u00e9se egy anat\u00f3mia vagy sz\u00f6vettan vonatkoz\u00e1s\u00fa szakdolgozati kutat\u00e1sr\u00f3l, keresse meg a Tansz\u00e9k munkat\u00e1rsait emailben. Javasoljuk, hogy a megkeres\u00e9s el\u0151tt a munkat\u00e1rsak bemutatkoz\u00e1s\u00e1n\u00e1l t\u00e1j\u00e9koz\u00f3djon a kutat\u00e1si ter\u00fcletekr\u0151l.<\/p> <p>A tansz\u00e9k \u00fcgyrendje \u00e9s szab\u00e1lyzata alapj\u00e1n TDK ill. kutat\u00e1si tev\u00e9kenys\u00e9get hallgat\u00f3 csak a t\u00e9mavezet\u0151 fel\u00fcgyelet\u00e9vel \u00e9s enged\u00e9ly\u00e9vel v\u00e9gezhet, valamint az Egyetem aktu\u00e1lis t\u0171z-, munka-, \u00e9s balesetv\u00e9delmi oktat\u00e1s\u00e1n r\u00e9szt vett \u00e9s ezen ismereteir\u0151l sikeresen besz\u00e1molt.<\/p> <p><strong>Jelenlegi TDK ill. szakdolgoz\u00f3 hallgat\u00f3ink:\u00a0<\/strong><\/p> <ul> <li><strong>Kov\u00e1cs D\u00f3ra<\/strong> &#8211; A hypothalamicus t\u00e1pl\u00e1l\u00e9k-felv\u00e9tel szab\u00e1lyoz\u00f3 rendszer hat\u00e1sa a r\u00e1gcs\u00e1l\u00f3k tanul\u00e1si viselked\u00e9s\u00e9re<\/li> <li><strong>Lale W\u00fcrfele<\/strong>\u00a0&#8211; The role of corticomedullary arcades in the development of the Bursal Secretory Dendritic Cells<\/li> <\/ul> <p><strong>TDKs ill. szakdolgoz\u00f3 hallgat\u00f3ink az ut\u00f3bbi 5 \u00e9vben:<\/strong><\/p> <ul> <li><strong>Balk\u00f3 Eszter<\/strong> &#8211; Az \u00e9hs\u00e9g hat\u00e1sa az \u00f6reged\u00e9sre<\/li> <li><strong>Franka Lenzing<\/strong> &#8211; 3D reconstruction and anatomical analyses of the elephant\u2019s hindfoot using CT<\/li> <li><strong>Neal Azzopardi <\/strong>&#8211;\u00a0Anatomical Mapping of a Rothschild Giraffe Hindlimb<\/li> <li><strong>Adeline Helaudais<\/strong>\u00a0Anatomical atlas of the chinchilla\/ A csincsilla anat\u00f3miai atlasza<\/li> <li><strong>Wolnerman Barak<\/strong>\u00a0 Anat\u00f3mai atlasz a Rothschild-zsir\u00e1f el\u00fcls\u0151 l\u00e1bv\u00e9g\u00e9r\u0151l<\/li> <li><strong>Cerny Claudia<\/strong> Az orrszarv\u00fa l\u00e1bv\u00e9g v\u00e9rell\u00e1t\u00e1s\u00e1nak CT alap\u00fa 3D rekonstrukci\u00f3s vizsg\u00e1lata<\/li> <li><strong>Bakarecz Fanni<\/strong> CT-alap\u00fa sz\u00edvteljes\u00edtm\u00e9ny m\u00e9r\u00e9s k\u00fcl\u00f6nb\u00f6z\u0151 testt\u00f6meg\u0171 kuty\u00e1kon<\/li> <li><strong>R\u00fcck, Shannon<\/strong> 3D reconstruction and analyses of the anatomy of an elephant\u2019s foot using CT and MRI<\/li> <li><strong>Szilassy Veronika<\/strong> A mellkasalakul\u00e1s \u00e9s a sz\u00edv morfol\u00f3gi\u00e1j\u00e1nak \u00f6sszevet\u00e9se kuty\u00e1kban CT alap\u00fa 3D rekonstrukci\u00f3s technik\u00e1val<\/li> <li><strong>Alf\u00f6ldi Roz\u00e1lia<\/strong> K\u00fcl\u00f6nb\u00f6z\u0151 testalak\u00fa kuty\u00e1k sz\u00edv\u00e9nek CT alap\u00fa, \u00f6sszehasonl\u00edt\u00f3 anat\u00f3mi\u00e1ja<\/li> <li><strong>Bozsik Anett<\/strong> A statisztikai tanul\u00e1s szerep\u00e9nek vizsg\u00e1lata a kuty\u00e1k sz\u00f3tanul\u00e1s\u00e1ban \u00e9ber fMRI seg\u00edts\u00e9g\u00e9vel<\/li> <li><strong>Kondor Mil\u00e1n<\/strong> A strucc (Struthio camelus) t\u00e1janat\u00f3mi\u00e1j\u00e1nak \u00e9rdekess\u00e9gei<\/li> <li><b>Sal Gergely\u00a0<\/b>A szoci\u00e1lis agy morfol\u00f3giai elt\u00e9r\u00e9sei autizmus spektrum zavarban<\/li> <li><b>Laboda Edit\u00a0<\/b>Endokrin param\u00e9terek v\u00e1ltoz\u00e1sa VPA autizmus induk\u00e1lt modellj\u00e9ben patk\u00e1nyban<\/li> <li><b>Kuffa Szilvia\u00a0<\/b>\u00a0A<b>\u00a0<\/b>biszfenol (BPA) kezel\u00e9s hat\u00e1sa hypophysis hormonon szintekre 2 \u00e9s 4 hetes h\u00edm \u00e9s n\u0151st\u00e9ny ut\u00f3dokban radioimmunassay vizsg\u00e1lat seg\u00edts\u00e9g\u00e9vel<\/li> <li><b>Cservid Bettina\u00a0<\/b>A striatum \u00e9s kisagy szinapszisainak elektronmikroszk\u00f3pos vizsg\u00e1lata VPA induk\u00e1lt autisztikus patk\u00e1ny modellben<b>\u00a0<\/b><\/li> <li><b>Jan &#8211; Philipp Schweizer\u00a0<\/b>Patk\u00e1ny modellek alkalmaz\u00e1sa Autizmus Spektrum Zavarban (ASD)<\/li> <li><b>Mathias Rosanka\u00a0<\/b>Az agy \u00e9s a sz\u00edv \u00f6sszehasonl\u00edt\u00f3 anat\u00f3mi\u00e1ja emberben \u00e9s \u00e1llatokban<\/li> <li><b>Sebastian Paus\u00a0<\/b>Beagle kutya modell alkalmaz\u00e1sa Autismus Spektrum Zavarban<\/li> <li><strong>Tarissa Trunk\u00a0<\/strong>A kutya \u00e9s az ember szagl\u00f3rendszer\u00e9nek \u00f6sszehasonl\u00edt\u00f3 anat\u00f3mi\u00e1ja.<\/li> <li><strong>Szab\u00f3 E. Lilla<\/strong>\u00a0Az aktin-szab\u00e1lyoz\u00f3 cortactin feh\u00e9rje molekul\u00e1ris szervez\u0151d\u00e9se kisagyi szinapszisokban<\/li> <li><strong>Kov\u00e1cs \u00c1kos<\/strong>\u00a0A protein kin\u00e1z D (PKD) mut\u00e1ci\u00f3j\u00e1nak hat\u00e1sa a hippokamp\u00e1lis szinapszisok szerkezet\u00e9re<\/li> <li><strong>N\u00e9ma Judit<\/strong>\u00a0Metabolikus v\u00e1ltoz\u00e1sok hat\u00e1sa a hypothalamicus proopiomelanocortin (POMC) tartalm\u00fa sejtek mitochondrium-szerkezet\u00e9re<\/li> <li><strong>Babits R\u00e9ka<\/strong>\u00a0R\u00f6vid idej\u0171 t\u00e1pl\u00e1l\u00e9kmegvon\u00e1s induk\u00e1lta ultrastruktur\u00e1lis v\u00e1ltoz\u00e1sok patk\u00e1ny hippokampuszban<\/li> <li><strong>Vytautas Edgaras Markevicius<\/strong>\u00a0The effect of different carbohydrate feeding on the synaptic organization of the rat hippocampus<\/li> <li><strong>Giuseppe Mark Marcello<\/strong>\u00a0Quantitative electron microscopic analysis of the brain in the CNTNAP2 mouse model of autism<\/li> <li><strong>Juh\u00e1sz P\u00e9ter<\/strong>\u00a0A spermidin hat\u00e1sa az \u00f6reged\u0151 hippocampusra<\/li> <li><strong>Caitlin Hanrahan<\/strong>\u00a0Electron microscopy of hippocampal and cerebellar mouse brain tissue slices and image quantitative and\u00a0qualitative data analysis<\/li> <\/ul>","protected":false},"excerpt":{"rendered":"<p>A Tansz\u00e9k munkat\u00e1rsai &#8211; a hagyom\u00e1nyoknak megfelel\u0151en &#8211; sz\u00e1mos\u00a0 TDK \u00e9s szakdolgoz\u00f3 hallgat\u00f3 munk\u00e1j\u00e1t ir\u00e1ny\u00edtj\u00e1k. Jelenleg (2023) nincs el\u00e9rhet\u0151, szabad szakdolgozat\/TDK kapacit\u00e1sa a koll\u00e9g\u00e1knak, azonban nyitottak vagyunk a hallgat\u00f3i kezdem\u00e9nyez\u00e9sekre. \u00cdgy ha van \u00f6tlete\/elk\u00e9pzel\u00e9se egy anat\u00f3mia vagy sz\u00f6vettan vonatkoz\u00e1s\u00fa szakdolgozati kutat\u00e1sr\u00f3l, keresse meg a Tansz\u00e9k munkat\u00e1rsait emailben. Javasoljuk, hogy a megkeres\u00e9s el\u0151tt a munkat\u00e1rsak bemutatkoz\u00e1s\u00e1n\u00e1l<\/p>\n","protected":false},"author":3837,"featured_media":0,"parent":3301,"menu_order":146,"comment_status":"closed","ping_status":"closed","template":"","meta":{"_acf_changed":false,"footnotes":""},"categories":[],"tags":[],"class_list":["post-82102","page","type-page","status-publish","hentry"],"acf":[],"yoast_head":"<!-- This site is optimized with the Yoast SEO plugin v27.2 - https:\/\/yoast.com\/product\/yoast-seo-wordpress\/ -->\n<title>Szakdolgozat\/TDK - Anat\u00f3miai \u00e9s Sz\u00f6vettani Tansz\u00e9k<\/title>\n<meta name=\"robots\" content=\"index, follow, max-snippet:-1, max-image-preview:large, max-video-preview:-1\" \/>\n<link rel=\"canonical\" href=\"https:\/\/univet.hu\/anatomia\/anatomiai-es-szovettani-tanszek\/szakdolgozat\/\" \/>\n<meta property=\"og:locale\" content=\"hu_HU\" \/>\n<meta property=\"og:type\" content=\"article\" \/>\n<meta property=\"og:title\" content=\"Szakdolgozat\/TDK - Anat\u00f3miai \u00e9s Sz\u00f6vettani Tansz\u00e9k\" \/>\n<meta property=\"og:description\" content=\"A Tansz\u00e9k munkat\u00e1rsai &#8211; a hagyom\u00e1nyoknak megfelel\u0151en &#8211; sz\u00e1mos\u00a0 TDK \u00e9s szakdolgoz\u00f3 hallgat\u00f3 munk\u00e1j\u00e1t ir\u00e1ny\u00edtj\u00e1k. Jelenleg (2023) nincs el\u00e9rhet\u0151, szabad szakdolgozat\/TDK kapacit\u00e1sa a koll\u00e9g\u00e1knak, azonban nyitottak vagyunk a hallgat\u00f3i kezdem\u00e9nyez\u00e9sekre. \u00cdgy ha van \u00f6tlete\/elk\u00e9pzel\u00e9se egy anat\u00f3mia vagy sz\u00f6vettan vonatkoz\u00e1s\u00fa szakdolgozati kutat\u00e1sr\u00f3l, keresse meg a Tansz\u00e9k munkat\u00e1rsait emailben. Javasoljuk, hogy a megkeres\u00e9s el\u0151tt a munkat\u00e1rsak bemutatkoz\u00e1s\u00e1n\u00e1l\" \/>\n<meta property=\"og:url\" content=\"https:\/\/univet.hu\/anatomia\/anatomiai-es-szovettani-tanszek\/szakdolgozat\/\" \/>\n<meta property=\"og:site_name\" content=\"Anat\u00f3miai \u00e9s Sz\u00f6vettani Tansz\u00e9k\" \/>\n<meta property=\"article:modified_time\" content=\"2025-01-13T20:02:38+00:00\" \/>\n<meta name=\"twitter:card\" content=\"summary_large_image\" \/>\n<meta name=\"twitter:label1\" content=\"Becs\u00fclt olvas\u00e1si id\u0151\" \/>\n\t<meta name=\"twitter:data1\" content=\"3 perc\" \/>\n<script type=\"application\/ld+json\" class=\"yoast-schema-graph\">{\"@context\":\"https:\/\/schema.org\",\"@graph\":[{\"@type\":\"WebPage\",\"@id\":\"https:\/\/univet.hu\/anatomia\/anatomiai-es-szovettani-tanszek\/szakdolgozat\/\",\"url\":\"https:\/\/univet.hu\/anatomia\/anatomiai-es-szovettani-tanszek\/szakdolgozat\/\",\"name\":\"Szakdolgozat\/TDK - Anat\u00f3miai \u00e9s Sz\u00f6vettani Tansz\u00e9k\",\"isPartOf\":{\"@id\":\"https:\/\/univet.hu\/anatomia\/en\/#website\"},\"datePublished\":\"2023-01-22T17:43:55+00:00\",\"dateModified\":\"2025-01-13T20:02:38+00:00\",\"breadcrumb\":{\"@id\":\"https:\/\/univet.hu\/anatomia\/anatomiai-es-szovettani-tanszek\/szakdolgozat\/#breadcrumb\"},\"inLanguage\":\"hu\",\"potentialAction\":[{\"@type\":\"ReadAction\",\"target\":[\"https:\/\/univet.hu\/anatomia\/anatomiai-es-szovettani-tanszek\/szakdolgozat\/\"]}]},{\"@type\":\"BreadcrumbList\",\"@id\":\"https:\/\/univet.hu\/anatomia\/anatomiai-es-szovettani-tanszek\/szakdolgozat\/#breadcrumb\",\"itemListElement\":[{\"@type\":\"ListItem\",\"position\":1,\"name\":\"Kezd\u0151lap\",\"item\":\"https:\/\/univet.hu\/anatomia\/\"},{\"@type\":\"ListItem\",\"position\":2,\"name\":\"Anat\u00f3miai \u00e9s Sz\u00f6vettani Tansz\u00e9k\",\"item\":\"https:\/\/univet.hu\/anatomia\/\"},{\"@type\":\"ListItem\",\"position\":3,\"name\":\"Szakdolgozat\/TDK\"}]},{\"@type\":\"WebSite\",\"@id\":\"https:\/\/univet.hu\/anatomia\/en\/#website\",\"url\":\"https:\/\/univet.hu\/anatomia\/en\/\",\"name\":\"Anat\u00f3miai \u00e9s Sz\u00f6vettani Tansz\u00e9k\",\"description\":\"\",\"potentialAction\":[{\"@type\":\"SearchAction\",\"target\":{\"@type\":\"EntryPoint\",\"urlTemplate\":\"https:\/\/univet.hu\/anatomia\/en\/?s={search_term_string}\"},\"query-input\":{\"@type\":\"PropertyValueSpecification\",\"valueRequired\":true,\"valueName\":\"search_term_string\"}}],\"inLanguage\":\"hu\"}]}<\/script>\n<!-- \/ Yoast SEO plugin. -->","yoast_head_json":{"title":"Szakdolgozat\/TDK - Anat\u00f3miai \u00e9s Sz\u00f6vettani Tansz\u00e9k","robots":{"index":"index","follow":"follow","max-snippet":"max-snippet:-1","max-image-preview":"max-image-preview:large","max-video-preview":"max-video-preview:-1"},"canonical":"https:\/\/univet.hu\/anatomia\/anatomiai-es-szovettani-tanszek\/szakdolgozat\/","og_locale":"hu_HU","og_type":"article","og_title":"Szakdolgozat\/TDK - Anat\u00f3miai \u00e9s Sz\u00f6vettani Tansz\u00e9k","og_description":"A Tansz\u00e9k munkat\u00e1rsai &#8211; a hagyom\u00e1nyoknak megfelel\u0151en &#8211; sz\u00e1mos\u00a0 TDK \u00e9s szakdolgoz\u00f3 hallgat\u00f3 munk\u00e1j\u00e1t ir\u00e1ny\u00edtj\u00e1k. Jelenleg (2023) nincs el\u00e9rhet\u0151, szabad szakdolgozat\/TDK kapacit\u00e1sa a koll\u00e9g\u00e1knak, azonban nyitottak vagyunk a hallgat\u00f3i kezdem\u00e9nyez\u00e9sekre. \u00cdgy ha van \u00f6tlete\/elk\u00e9pzel\u00e9se egy anat\u00f3mia vagy sz\u00f6vettan vonatkoz\u00e1s\u00fa szakdolgozati kutat\u00e1sr\u00f3l, keresse meg a Tansz\u00e9k munkat\u00e1rsait emailben. Javasoljuk, hogy a megkeres\u00e9s el\u0151tt a munkat\u00e1rsak bemutatkoz\u00e1s\u00e1n\u00e1l","og_url":"https:\/\/univet.hu\/anatomia\/anatomiai-es-szovettani-tanszek\/szakdolgozat\/","og_site_name":"Anat\u00f3miai \u00e9s Sz\u00f6vettani Tansz\u00e9k","article_modified_time":"2025-01-13T20:02:38+00:00","twitter_card":"summary_large_image","twitter_misc":{"Becs\u00fclt olvas\u00e1si id\u0151":"3 perc"},"schema":{"@context":"https:\/\/schema.org","@graph":[{"@type":"WebPage","@id":"https:\/\/univet.hu\/anatomia\/anatomiai-es-szovettani-tanszek\/szakdolgozat\/","url":"https:\/\/univet.hu\/anatomia\/anatomiai-es-szovettani-tanszek\/szakdolgozat\/","name":"Szakdolgozat\/TDK - Anat\u00f3miai \u00e9s Sz\u00f6vettani Tansz\u00e9k","isPartOf":{"@id":"https:\/\/univet.hu\/anatomia\/en\/#website"},"datePublished":"2023-01-22T17:43:55+00:00","dateModified":"2025-01-13T20:02:38+00:00","breadcrumb":{"@id":"https:\/\/univet.hu\/anatomia\/anatomiai-es-szovettani-tanszek\/szakdolgozat\/#breadcrumb"},"inLanguage":"hu","potentialAction":[{"@type":"ReadAction","target":["https:\/\/univet.hu\/anatomia\/anatomiai-es-szovettani-tanszek\/szakdolgozat\/"]}]},{"@type":"BreadcrumbList","@id":"https:\/\/univet.hu\/anatomia\/anatomiai-es-szovettani-tanszek\/szakdolgozat\/#breadcrumb","itemListElement":[{"@type":"ListItem","position":1,"name":"Kezd\u0151lap","item":"https:\/\/univet.hu\/anatomia\/"},{"@type":"ListItem","position":2,"name":"Anat\u00f3miai \u00e9s Sz\u00f6vettani Tansz\u00e9k","item":"https:\/\/univet.hu\/anatomia\/"},{"@type":"ListItem","position":3,"name":"Szakdolgozat\/TDK"}]},{"@type":"WebSite","@id":"https:\/\/univet.hu\/anatomia\/en\/#website","url":"https:\/\/univet.hu\/anatomia\/en\/","name":"Anat\u00f3miai \u00e9s Sz\u00f6vettani Tansz\u00e9k","description":"","potentialAction":[{"@type":"SearchAction","target":{"@type":"EntryPoint","urlTemplate":"https:\/\/univet.hu\/anatomia\/en\/?s={search_term_string}"},"query-input":{"@type":"PropertyValueSpecification","valueRequired":true,"valueName":"search_term_string"}}],"inLanguage":"hu"}]}},"_links":{"self":[{"href":"https:\/\/univet.hu\/anatomia\/wp-json\/wp\/v2\/pages\/82102","targetHints":{"allow":["GET"]}}],"collection":[{"href":"https:\/\/univet.hu\/anatomia\/wp-json\/wp\/v2\/pages"}],"about":[{"href":"https:\/\/univet.hu\/anatomia\/wp-json\/wp\/v2\/types\/page"}],"author":[{"embeddable":true,"href":"https:\/\/univet.hu\/anatomia\/wp-json\/wp\/v2\/users\/3837"}],"replies":[{"embeddable":true,"href":"https:\/\/univet.hu\/anatomia\/wp-json\/wp\/v2\/comments?post=82102"}],"version-history":[{"count":1,"href":"https:\/\/univet.hu\/anatomia\/wp-json\/wp\/v2\/pages\/82102\/revisions"}],"predecessor-version":[{"id":134023,"href":"https:\/\/univet.hu\/anatomia\/wp-json\/wp\/v2\/pages\/82102\/revisions\/134023"}],"up":[{"embeddable":true,"href":"https:\/\/univet.hu\/anatomia\/wp-json\/wp\/v2\/pages\/3301"}],"wp:attachment":[{"href":"https:\/\/univet.hu\/anatomia\/wp-json\/wp\/v2\/media?parent=82102"}],"wp:term":[{"taxonomy":"category","embeddable":true,"href":"https:\/\/univet.hu\/anatomia\/wp-json\/wp\/v2\/categories?post=82102"},{"taxonomy":"post_tag","embeddable":true,"href":"https:\/\/univet.hu\/anatomia\/wp-json\/wp\/v2\/tags?post=82102"}],"curies":[{"name":"wp","href":"https:\/\/api.w.org\/{rel}","templated":true}]}}