{"id":10296,"date":"1970-01-01T00:00:00","date_gmt":"1969-12-31T23:00:00","guid":{"rendered":"http:\/\/univet.hu\/studenten\/kurse\/anatomie-i\/"},"modified":"2026-02-10T00:05:45","modified_gmt":"2026-02-09T23:05:45","slug":"anatomie-i","status":"publish","type":"page","link":"https:\/\/univet.hu\/de\/studenten\/kurse\/anatomie-i\/","title":{"rendered":"Anatomie I."},"content":{"rendered":"<p>Praktische Pr\u00fcfung: Die Region muss sauber und ordentlich mit den richtigen Instrumenten und der richtigen Pr\u00e4parationstechnik seziert werden. Der Student soll den Ursprung und Ansatz der Muskeln beschreiben, die Blut-, Lymph- und Nervenversorgung der Region durch die entsprechenden Strukturen erkennen und demonstrieren. Der Student sollte in der Lage sein, den K\u00f6rper zu orientieren, die Serosusmembranen, B\u00e4nder, Hohlr\u00e4ume, Teile von Organen und Lappen zu kennen.<br \/> Aufnahmepr\u00fcfung: mindestens 9 gute Antworten (60%).<br \/> M\u00fcndliche Pr\u00fcfung: mindestens ein zufriedenstellendes Note in jedem Thema. Um ein befriedigendes Note zu erreichen, muss der Student mindestens 60 % der konstituierenden Strukturen kennen, ihre Merkmale, ihren Verlauf, ihre Nebenorgane, ihre Beschreibung, die wichtigsten Tierartliche Unterschiede, die korrekte Verwendung der Nomenklatur und der Rechtschreibung. Mittleres Note: mindestens 70 % der Strukturen, alle relevanten Tierartliche Unterschiede, Kenntnis der grundlegenden Beziehungen, Zusammenh\u00e4nge. F\u00fcr das gute Note: Kenntnis von 80 % der Strukturen, ihre korrekte Darstellung, Kenntnis der wesentlichen klinischen Zusammenh\u00e4nge. F\u00fcr das ausgezeichnete Note: sichere und genaue Kenntnis von 90 % der Strukturen, gr\u00fcndliche und genaue Kenntnis der Zusammenh\u00e4nge, einschlie\u00dflich der klinischen Zusammenh\u00e4nge.<\/p>","protected":false},"excerpt":{"rendered":"<p>Praktische Pr\u00fcfung: Die Region muss sauber und ordentlich mit den richtigen Instrumenten und der richtigen Pr\u00e4parationstechnik seziert werden. Der Student soll den Ursprung und Ansatz der Muskeln beschreiben, die Blut-, Lymph- und Nervenversorgung der Region durch die entsprechenden Strukturen erkennen und demonstrieren. Der Student sollte in der Lage sein, den K\u00f6rper zu orientieren, die Serosusmembranen,<\/p>\n","protected":false},"author":3837,"featured_media":0,"parent":678,"menu_order":164,"comment_status":"closed","ping_status":"closed","template":"","meta":{"_acf_changed":false,"footnotes":""},"categories":[65],"tags":[],"class_list":["post-10296","page","type-page","status-publish","hentry","category-kurse"],"acf":[],"_links":{"self":[{"href":"https:\/\/univet.hu\/de\/wp-json\/wp\/v2\/pages\/10296","targetHints":{"allow":["GET"]}}],"collection":[{"href":"https:\/\/univet.hu\/de\/wp-json\/wp\/v2\/pages"}],"about":[{"href":"https:\/\/univet.hu\/de\/wp-json\/wp\/v2\/types\/page"}],"author":[{"embeddable":true,"href":"https:\/\/univet.hu\/de\/wp-json\/wp\/v2\/users\/3837"}],"replies":[{"embeddable":true,"href":"https:\/\/univet.hu\/de\/wp-json\/wp\/v2\/comments?post=10296"}],"version-history":[{"count":2,"href":"https:\/\/univet.hu\/de\/wp-json\/wp\/v2\/pages\/10296\/revisions"}],"predecessor-version":[{"id":198836,"href":"https:\/\/univet.hu\/de\/wp-json\/wp\/v2\/pages\/10296\/revisions\/198836"}],"up":[{"embeddable":true,"href":"https:\/\/univet.hu\/de\/wp-json\/wp\/v2\/pages\/678"}],"wp:attachment":[{"href":"https:\/\/univet.hu\/de\/wp-json\/wp\/v2\/media?parent=10296"}],"wp:term":[{"taxonomy":"category","embeddable":true,"href":"https:\/\/univet.hu\/de\/wp-json\/wp\/v2\/categories?post=10296"},{"taxonomy":"post_tag","embeddable":true,"href":"https:\/\/univet.hu\/de\/wp-json\/wp\/v2\/tags?post=10296"}],"curies":[{"name":"wp","href":"https:\/\/api.w.org\/{rel}","templated":true}]}}