{"id":10299,"date":"1970-01-01T00:00:00","date_gmt":"1969-12-31T23:00:00","guid":{"rendered":"http:\/\/univet.hu\/studenten\/kurse\/anatomie-und-physiologie-der-fische\/"},"modified":"2026-02-10T00:05:32","modified_gmt":"2026-02-09T23:05:32","slug":"anatomie-und-physiologie-der-fische","status":"publish","type":"page","link":"https:\/\/univet.hu\/de\/studenten\/kurse\/anatomie-und-physiologie-der-fische\/","title":{"rendered":"Anatomie und Physiologie der Fische"},"content":{"rendered":"<p>Das Erlernen der Benutzung des Mikroskops und der histologischen Pr\u00e4parate; der Grundlagen der licht- und elektronenmikroskopischen histologischen Verfahren (Histotechniken); der Orientierung in 2D-Histopr\u00e4paraten. Die Erkennung der Grundgewebe und ihre Anteile (Zellen und Matrix) in den lichtmikroskopischen Histopr\u00e4paraten, sowie Erwerben der Kenntnisse \u00fcber ihren Aufbau und Funktion; Erkennung der verschiedenen F\u00e4rbemethoden und ihre Bedeutung.<\/p> <p>&nbsp;<\/p> <p>Lehrstuhl: Lehrstuhl f\u00fcr die Medizin der exotischen Tiere<\/p> <p>Verantwortlicher (e-mail): Dr. Ferenc BASKA DVM, CSc., <a class=\"decrypt\" rel=\"cbtlb\/gfsfodAvojwfu\/iv\" href=\"javascript:void(0);\">[Click to see email]<\/a><\/p> <p>&nbsp;<\/p> <p>Lehrmaterial des Kurses: https:\/\/univet.hu\/de\/universitaet\/organisationseinheiten\/lehrstuhl-fur-anatomie-und-histologie\/handout<\/p> <p>Liebich, H.G.: Funktionelle Histologie der Hauss\u00e4ugetiere und V\u00f6gel, Schattauer, 2009<\/p> <p>Weyrauch, K.D., Smollich, A., Plendl, J. Histologie-Kurs f\u00fcr Veterin\u00e4rmediziner, Enke, 2009<\/p> <p>Roberts: Fishpathology, 2001.<\/p>","protected":false},"excerpt":{"rendered":"<p>Das Erlernen der Benutzung des Mikroskops und der histologischen Pr\u00e4parate; der Grundlagen der licht- und elektronenmikroskopischen histologischen Verfahren (Histotechniken); der Orientierung in 2D-Histopr\u00e4paraten. Die Erkennung der Grundgewebe und ihre Anteile (Zellen und Matrix) in den lichtmikroskopischen Histopr\u00e4paraten, sowie Erwerben der Kenntnisse \u00fcber ihren Aufbau und Funktion; Erkennung der verschiedenen F\u00e4rbemethoden und ihre Bedeutung. &nbsp; Lehrstuhl:<\/p>\n","protected":false},"author":3837,"featured_media":0,"parent":678,"menu_order":154,"comment_status":"closed","ping_status":"closed","template":"","meta":{"_acf_changed":false,"footnotes":""},"categories":[65],"tags":[],"class_list":["post-10299","page","type-page","status-publish","hentry","category-kurse"],"acf":[],"_links":{"self":[{"href":"https:\/\/univet.hu\/de\/wp-json\/wp\/v2\/pages\/10299","targetHints":{"allow":["GET"]}}],"collection":[{"href":"https:\/\/univet.hu\/de\/wp-json\/wp\/v2\/pages"}],"about":[{"href":"https:\/\/univet.hu\/de\/wp-json\/wp\/v2\/types\/page"}],"author":[{"embeddable":true,"href":"https:\/\/univet.hu\/de\/wp-json\/wp\/v2\/users\/3837"}],"replies":[{"embeddable":true,"href":"https:\/\/univet.hu\/de\/wp-json\/wp\/v2\/comments?post=10299"}],"version-history":[{"count":2,"href":"https:\/\/univet.hu\/de\/wp-json\/wp\/v2\/pages\/10299\/revisions"}],"predecessor-version":[{"id":198804,"href":"https:\/\/univet.hu\/de\/wp-json\/wp\/v2\/pages\/10299\/revisions\/198804"}],"up":[{"embeddable":true,"href":"https:\/\/univet.hu\/de\/wp-json\/wp\/v2\/pages\/678"}],"wp:attachment":[{"href":"https:\/\/univet.hu\/de\/wp-json\/wp\/v2\/media?parent=10299"}],"wp:term":[{"taxonomy":"category","embeddable":true,"href":"https:\/\/univet.hu\/de\/wp-json\/wp\/v2\/categories?post=10299"},{"taxonomy":"post_tag","embeddable":true,"href":"https:\/\/univet.hu\/de\/wp-json\/wp\/v2\/tags?post=10299"}],"curies":[{"name":"wp","href":"https:\/\/api.w.org\/{rel}","templated":true}]}}