{"id":10301,"date":"1970-01-01T00:00:00","date_gmt":"1969-12-31T23:00:00","guid":{"rendered":"http:\/\/univet.hu\/studenten\/kurse\/basiswissen-der-naturwissenschaften\/"},"modified":"2026-02-10T00:05:33","modified_gmt":"2026-02-09T23:05:33","slug":"basiswissen-der-naturwissenschaften","status":"publish","type":"page","link":"https:\/\/univet.hu\/de\/studenten\/kurse\/basiswissen-der-naturwissenschaften\/","title":{"rendered":"Basiswissen der Naturwissenschaften"},"content":{"rendered":"<p>Hier k\u00f6nnen Studienanf\u00e4nger den f\u00fcr ihr Fachstudium vorausgesetzten Grundlagenstoff in Chemie auffrischen und vertiefen sowie Wissensl\u00fccken schlie\u00dfen. Durch \u00dcbungen in Gruppen wenden Sie das erworbene Wissen an und trainieren es.W\u00e4hrend der Vorlesungen erwerben die Studierenden durch \u00dcbungsaufgaben, die \u00e4hnlich wie Unterrichtsstunden in der Oberstufe sind, die notwendigen mathematischen, physikalischen und chemischen Grundlagen, die f\u00fcr ihr weiteres Universit\u00e4tsstudium unerl\u00e4sslich sind. Die im Laufe des Kurses erlangten Kenntnisse aus der Sekundarschule sind nicht nur wesentlich, um Physik- und Chemie-F\u00e4cher zu verstehen, sondern auch unverzichtbar, um spezialisierte F\u00e4cher erfolgreich abzuschlie\u00dfen, die darauf aufbauen (wie Tier\u00e4rztliche Biochemie, Pharmakologie, Klinische Diagnostik usw.). Neben der Bereitstellung von F\u00f6rderunterricht bietet der Kurs auch Beratungsm\u00f6glichkeiten.<\/p>","protected":false},"excerpt":{"rendered":"<p>Hier k\u00f6nnen Studienanf\u00e4nger den f\u00fcr ihr Fachstudium vorausgesetzten Grundlagenstoff in Chemie auffrischen und vertiefen sowie Wissensl\u00fccken schlie\u00dfen. Durch \u00dcbungen in Gruppen wenden Sie das erworbene Wissen an und trainieren es.W\u00e4hrend der Vorlesungen erwerben die Studierenden durch \u00dcbungsaufgaben, die \u00e4hnlich wie Unterrichtsstunden in der Oberstufe sind, die notwendigen mathematischen, physikalischen und chemischen Grundlagen, die f\u00fcr ihr<\/p>\n","protected":false},"author":3837,"featured_media":0,"parent":678,"menu_order":154,"comment_status":"closed","ping_status":"closed","template":"","meta":{"_acf_changed":false,"footnotes":""},"categories":[65],"tags":[],"class_list":["post-10301","page","type-page","status-publish","hentry","category-kurse"],"acf":[],"_links":{"self":[{"href":"https:\/\/univet.hu\/de\/wp-json\/wp\/v2\/pages\/10301","targetHints":{"allow":["GET"]}}],"collection":[{"href":"https:\/\/univet.hu\/de\/wp-json\/wp\/v2\/pages"}],"about":[{"href":"https:\/\/univet.hu\/de\/wp-json\/wp\/v2\/types\/page"}],"author":[{"embeddable":true,"href":"https:\/\/univet.hu\/de\/wp-json\/wp\/v2\/users\/3837"}],"replies":[{"embeddable":true,"href":"https:\/\/univet.hu\/de\/wp-json\/wp\/v2\/comments?post=10301"}],"version-history":[{"count":2,"href":"https:\/\/univet.hu\/de\/wp-json\/wp\/v2\/pages\/10301\/revisions"}],"predecessor-version":[{"id":198806,"href":"https:\/\/univet.hu\/de\/wp-json\/wp\/v2\/pages\/10301\/revisions\/198806"}],"up":[{"embeddable":true,"href":"https:\/\/univet.hu\/de\/wp-json\/wp\/v2\/pages\/678"}],"wp:attachment":[{"href":"https:\/\/univet.hu\/de\/wp-json\/wp\/v2\/media?parent=10301"}],"wp:term":[{"taxonomy":"category","embeddable":true,"href":"https:\/\/univet.hu\/de\/wp-json\/wp\/v2\/categories?post=10301"},{"taxonomy":"post_tag","embeddable":true,"href":"https:\/\/univet.hu\/de\/wp-json\/wp\/v2\/tags?post=10301"}],"curies":[{"name":"wp","href":"https:\/\/api.w.org\/{rel}","templated":true}]}}